{"id":339508,"date":"2024-06-13T10:52:51","date_gmt":"2024-06-13T08:52:52","guid":{"rendered":"https:\/\/watchbandit.com\/?post_type=product&#038;p=339508"},"modified":"2024-06-13T12:39:51","modified_gmt":"2024-06-13T10:39:51","slug":"gruppo-gamma-peacemaker-pn-07","status":"publish","type":"product","link":"https:\/\/watch-bandit.com\/de\/produkt\/gruppo-gamma-peacemaker-pn-07\/","title":{"rendered":"Gruppo Gamma &#8211; Peacemaker &#8211; PN-07"},"content":{"rendered":"<h3><img loading=\"lazy\" decoding=\"async\" class=\"alignnone size-full wp-image-233614\" src=\"https:\/\/watchbandit.de\/wp-content\/uploads\/2019\/01\/header_gruppo_gamma_watchbandit_de_2.jpg\" alt=\"header_gruppo_gamma_watchbandit_de_2\" width=\"2186\" height=\"506\" srcset=\"https:\/\/watch-bandit.com\/wp-content\/uploads\/2019\/01\/header_gruppo_gamma_watchbandit_de_2.jpg 2186w, https:\/\/watch-bandit.com\/wp-content\/uploads\/2019\/01\/header_gruppo_gamma_watchbandit_de_2-280x65.jpg 280w, https:\/\/watch-bandit.com\/wp-content\/uploads\/2019\/01\/header_gruppo_gamma_watchbandit_de_2-768x178.jpg 768w, https:\/\/watch-bandit.com\/wp-content\/uploads\/2019\/01\/header_gruppo_gamma_watchbandit_de_2-1024x237.jpg 1024w, https:\/\/watch-bandit.com\/wp-content\/uploads\/2019\/01\/header_gruppo_gamma_watchbandit_de_2-1400x324.jpg 1400w\" sizes=\"(max-width: 2186px) 100vw, 2186px\" \/><\/h3>\n<h3>Gruppo Gamma &#8211; Eine sehr spezielle Microbrand aus Singapur<\/h3>\n<p>Gruppo Gamma ist 2013 gegr\u00fcndet worden und wird von Sammlern und Microbrand-Liebhabern hoch gesch\u00e4tzt. Gruppo Gamma produziert lediglich zwischen 1.000 und 2.000 St\u00fcck pro Jahr. Da Gruppo Gamma ein kleiner und effizienter Uhrenhersteller ist, kann er sich voll und ganz auf die Produktentwicklung und den Kundendienst fokussieren. Kein Wunder, dass die Uhren von Gruppo Gamma im Laufe der Zeit ihren Wert behalten.<\/p>\n<p>&nbsp;<\/p>\n<h3>Maritimes retro Design mit Schweizer Uhrwerk<\/h3>\n<p>Das Retrodesign von Gruppo Gamma vermittelt milit\u00e4rische und maritime Elemente. Schlie\u00dflich ist der Hauptsitz in Singapur, einem Land, das von Wasser umgeben ist und wo viele Landsleute im Milit\u00e4r dienen. Dennoch werden beste Schweizer Uhrwerke wie das <a href=\"https:\/\/www.eta.ch\/de\" target=\"_blank\" rel=\"noopener\">ETA<\/a> und <a href=\"https:\/\/www.swisstp.com\/de\/home\" target=\"_blank\" rel=\"noopener\">STP<\/a> Kaliber verbaut. Die Modelle Vanguard, Peacemaker und Chrononaut sind zwischen 200 und 300 Meter wasserdicht und \u00e4u\u00dferst hochwertig verarbeitet.<\/p>\n","protected":false},"excerpt":{"rendered":"<p>Der Peacemaker von Gruppo Gamma will das ber\u00fchmte italienische Design der Milit\u00e4r-Taucheruhren Taucheruhren wieder aufleben lassen.\u00a0Die Uhr kommt am italienischen Premium-Lederarmband von Simona Di Stefano, handgefertigt in Florenz und kann auch mit WatchBandit Original Uhrenarmb\u00e4nder kombiniert werden. Schweizer Super-LumiNova auf Stunden-, Minutenzeigern und Stundenindexen sorgt f\u00fcr eine gute Ablesbarkeit bei Dunkelheit.<\/p>\n<p><strong>Uhrwerk:<\/strong> Automatik Swiss ETA 2824-2 mit 38 Stunden Gangreserve<br \/>\n<strong>Geh\u00e4use:<\/strong> CuSn8 Bronze geb\u00fcrstet, Durchmesser 43 mm, H\u00f6he 13 mm<br \/>\n<strong>Wasserdichtigkeit:<\/strong>\u00a020 bar \/ 200 Meter<br \/>\n<strong>Armband:<\/strong> Akkordeonkautschuk, gr\u00fcn, L\u00e4nge 130\/80mm, Breite 24\/22mm, mit Schnalle<\/p>\n","protected":false},"featured_media":339550,"comment_status":"open","ping_status":"closed","template":"","meta":[],"product_cat":[3263,37],"product_tag":[],"yoast_head":"<!-- This site is optimized with the Yoast SEO plugin v21.9 - https:\/\/yoast.com\/wordpress\/plugins\/seo\/ -->\n<title>Gruppo Gamma - Peacemaker - PN-07 - WATCHBANDIT<\/title>\n<meta name=\"description\" content=\"Gruppo Gamma Uhren bei WatchBandit \u2713 Swiss-made ETA Uhrwerk \u2713 H\u00f6chste Fertigungsqualit\u00e4t \u2713 Schnelle kostenlose Lieferung \u2713 Hohe Kundenzufriedenheit \u2713\" \/>\n<meta name=\"robots\" content=\"noindex, follow, max-snippet:-1, max-image-preview:large, max-video-preview:-1\" \/>\n<meta property=\"og:locale\" content=\"de_DE\" \/>\n<meta property=\"og:type\" content=\"article\" \/>\n<meta property=\"og:title\" content=\"Gruppo Gamma - Peacemaker - PN-07 - WATCHBANDIT\" \/>\n<meta property=\"og:description\" content=\"Gruppo Gamma Uhren bei WatchBandit \u2713 Swiss-made ETA Uhrwerk \u2713 H\u00f6chste Fertigungsqualit\u00e4t \u2713 Schnelle kostenlose Lieferung \u2713 Hohe Kundenzufriedenheit \u2713\" \/>\n<meta property=\"og:url\" content=\"https:\/\/watch-bandit.com\/de\/produkt\/gruppo-gamma-peacemaker-pn-07\/\" \/>\n<meta property=\"og:site_name\" content=\"WATCHBANDIT\" \/>\n<meta property=\"article:modified_time\" content=\"2024-06-13T10:39:51+00:00\" \/>\n<meta property=\"og:image\" content=\"https:\/\/watch-bandit.com\/wp-content\/uploads\/2024\/06\/Peacemaker-PN-07-min.jpg\" \/>\n\t<meta property=\"og:image:width\" content=\"1400\" \/>\n\t<meta property=\"og:image:height\" content=\"1700\" \/>\n\t<meta property=\"og:image:type\" content=\"image\/jpeg\" \/>\n<meta name=\"twitter:label1\" content=\"Gesch\u00e4tzte Lesezeit\" \/>\n\t<meta name=\"twitter:data1\" content=\"1 Minute\" \/>\n<script type=\"application\/ld+json\" class=\"yoast-schema-graph\">{\"@context\":\"https:\/\/schema.org\",\"@graph\":[{\"@type\":\"WebPage\",\"@id\":\"https:\/\/watch-bandit.com\/de\/produkt\/gruppo-gamma-peacemaker-pn-07\/\",\"url\":\"https:\/\/watch-bandit.com\/de\/produkt\/gruppo-gamma-peacemaker-pn-07\/\",\"name\":\"Gruppo Gamma - Peacemaker - PN-07 - WATCHBANDIT\",\"isPartOf\":{\"@id\":\"https:\/\/watch-bandit.com\/#website\"},\"datePublished\":\"2024-06-13T08:52:52+00:00\",\"dateModified\":\"2024-06-13T10:39:51+00:00\",\"description\":\"Gruppo Gamma Uhren bei WatchBandit \u2713 Swiss-made ETA Uhrwerk \u2713 H\u00f6chste Fertigungsqualit\u00e4t \u2713 Schnelle kostenlose Lieferung \u2713 Hohe Kundenzufriedenheit \u2713\",\"breadcrumb\":{\"@id\":\"https:\/\/watch-bandit.com\/de\/produkt\/gruppo-gamma-peacemaker-pn-07\/#breadcrumb\"},\"inLanguage\":\"de-DE\",\"potentialAction\":[{\"@type\":\"ReadAction\",\"target\":[\"https:\/\/watch-bandit.com\/de\/produkt\/gruppo-gamma-peacemaker-pn-07\/\"]}]},{\"@type\":\"BreadcrumbList\",\"@id\":\"https:\/\/watch-bandit.com\/de\/produkt\/gruppo-gamma-peacemaker-pn-07\/#breadcrumb\",\"itemListElement\":[{\"@type\":\"ListItem\",\"position\":1,\"name\":\"Home\",\"item\":\"https:\/\/watchbandit.de\/\"},{\"@type\":\"ListItem\",\"position\":2,\"name\":\"Shop\",\"item\":\"https:\/\/watchbandit.de\/shop\/\"},{\"@type\":\"ListItem\",\"position\":3,\"name\":\"Watches\",\"item\":\"https:\/\/watch-bandit.com\/products\/watches\/\"},{\"@type\":\"ListItem\",\"position\":4,\"name\":\"Gruppo Gamma &#8211; Peacemaker &#8211; PN-07\"}]},{\"@type\":\"WebSite\",\"@id\":\"https:\/\/watch-bandit.com\/#website\",\"url\":\"https:\/\/watch-bandit.com\/\",\"name\":\"WATCHBANDIT\",\"description\":\"Contemporary Wrist Accessories\",\"publisher\":{\"@id\":\"https:\/\/watch-bandit.com\/#organization\"},\"potentialAction\":[{\"@type\":\"SearchAction\",\"target\":{\"@type\":\"EntryPoint\",\"urlTemplate\":\"https:\/\/watch-bandit.com\/?s={search_term_string}\"},\"query-input\":\"required name=search_term_string\"}],\"inLanguage\":\"de-DE\"},{\"@type\":\"Organization\",\"@id\":\"https:\/\/watch-bandit.com\/#organization\",\"name\":\"WatchBandit\",\"url\":\"https:\/\/watch-bandit.com\/\",\"logo\":{\"@type\":\"ImageObject\",\"inLanguage\":\"de-DE\",\"@id\":\"https:\/\/watch-bandit.com\/#\/schema\/logo\/image\/\",\"url\":\"https:\/\/watchbandit.de\/wp-content\/uploads\/2017\/11\/WB_Logo_557x124.png\",\"contentUrl\":\"https:\/\/watchbandit.de\/wp-content\/uploads\/2017\/11\/WB_Logo_557x124.png\",\"width\":557,\"height\":124,\"caption\":\"WatchBandit\"},\"image\":{\"@id\":\"https:\/\/watch-bandit.com\/#\/schema\/logo\/image\/\"}}]}<\/script>\n<!-- \/ Yoast SEO plugin. -->","yoast_head_json":{"title":"Gruppo Gamma - Peacemaker - PN-07 - WATCHBANDIT","description":"Gruppo Gamma Uhren bei WatchBandit \u2713 Swiss-made ETA Uhrwerk \u2713 H\u00f6chste Fertigungsqualit\u00e4t \u2713 Schnelle kostenlose Lieferung \u2713 Hohe Kundenzufriedenheit \u2713","robots":{"index":"noindex","follow":"follow","max-snippet":"max-snippet:-1","max-image-preview":"max-image-preview:large","max-video-preview":"max-video-preview:-1"},"og_locale":"de_DE","og_type":"article","og_title":"Gruppo Gamma - Peacemaker - PN-07 - WATCHBANDIT","og_description":"Gruppo Gamma Uhren bei WatchBandit \u2713 Swiss-made ETA Uhrwerk \u2713 H\u00f6chste Fertigungsqualit\u00e4t \u2713 Schnelle kostenlose Lieferung \u2713 Hohe Kundenzufriedenheit \u2713","og_url":"https:\/\/watch-bandit.com\/de\/produkt\/gruppo-gamma-peacemaker-pn-07\/","og_site_name":"WATCHBANDIT","article_modified_time":"2024-06-13T10:39:51+00:00","og_image":[{"width":1400,"height":1700,"url":"https:\/\/watch-bandit.com\/wp-content\/uploads\/2024\/06\/Peacemaker-PN-07-min.jpg","type":"image\/jpeg"}],"twitter_misc":{"Gesch\u00e4tzte Lesezeit":"1 Minute"},"schema":{"@context":"https:\/\/schema.org","@graph":[{"@type":"WebPage","@id":"https:\/\/watch-bandit.com\/de\/produkt\/gruppo-gamma-peacemaker-pn-07\/","url":"https:\/\/watch-bandit.com\/de\/produkt\/gruppo-gamma-peacemaker-pn-07\/","name":"Gruppo Gamma - Peacemaker - PN-07 - WATCHBANDIT","isPartOf":{"@id":"https:\/\/watch-bandit.com\/#website"},"datePublished":"2024-06-13T08:52:52+00:00","dateModified":"2024-06-13T10:39:51+00:00","description":"Gruppo Gamma Uhren bei WatchBandit \u2713 Swiss-made ETA Uhrwerk \u2713 H\u00f6chste Fertigungsqualit\u00e4t \u2713 Schnelle kostenlose Lieferung \u2713 Hohe Kundenzufriedenheit \u2713","breadcrumb":{"@id":"https:\/\/watch-bandit.com\/de\/produkt\/gruppo-gamma-peacemaker-pn-07\/#breadcrumb"},"inLanguage":"de-DE","potentialAction":[{"@type":"ReadAction","target":["https:\/\/watch-bandit.com\/de\/produkt\/gruppo-gamma-peacemaker-pn-07\/"]}]},{"@type":"BreadcrumbList","@id":"https:\/\/watch-bandit.com\/de\/produkt\/gruppo-gamma-peacemaker-pn-07\/#breadcrumb","itemListElement":[{"@type":"ListItem","position":1,"name":"Home","item":"https:\/\/watchbandit.de\/"},{"@type":"ListItem","position":2,"name":"Shop","item":"https:\/\/watchbandit.de\/shop\/"},{"@type":"ListItem","position":3,"name":"Watches","item":"https:\/\/watch-bandit.com\/products\/watches\/"},{"@type":"ListItem","position":4,"name":"Gruppo Gamma &#8211; Peacemaker &#8211; PN-07"}]},{"@type":"WebSite","@id":"https:\/\/watch-bandit.com\/#website","url":"https:\/\/watch-bandit.com\/","name":"WATCHBANDIT","description":"Contemporary Wrist Accessories","publisher":{"@id":"https:\/\/watch-bandit.com\/#organization"},"potentialAction":[{"@type":"SearchAction","target":{"@type":"EntryPoint","urlTemplate":"https:\/\/watch-bandit.com\/?s={search_term_string}"},"query-input":"required name=search_term_string"}],"inLanguage":"de-DE"},{"@type":"Organization","@id":"https:\/\/watch-bandit.com\/#organization","name":"WatchBandit","url":"https:\/\/watch-bandit.com\/","logo":{"@type":"ImageObject","inLanguage":"de-DE","@id":"https:\/\/watch-bandit.com\/#\/schema\/logo\/image\/","url":"https:\/\/watchbandit.de\/wp-content\/uploads\/2017\/11\/WB_Logo_557x124.png","contentUrl":"https:\/\/watchbandit.de\/wp-content\/uploads\/2017\/11\/WB_Logo_557x124.png","width":557,"height":124,"caption":"WatchBandit"},"image":{"@id":"https:\/\/watch-bandit.com\/#\/schema\/logo\/image\/"}}]}},"_links":{"self":[{"href":"https:\/\/watch-bandit.com\/de\/wp-json\/wp\/v2\/product\/339508"}],"collection":[{"href":"https:\/\/watch-bandit.com\/de\/wp-json\/wp\/v2\/product"}],"about":[{"href":"https:\/\/watch-bandit.com\/de\/wp-json\/wp\/v2\/types\/product"}],"replies":[{"embeddable":true,"href":"https:\/\/watch-bandit.com\/de\/wp-json\/wp\/v2\/comments?post=339508"}],"wp:featuredmedia":[{"embeddable":true,"href":"https:\/\/watch-bandit.com\/de\/wp-json\/wp\/v2\/media\/339550"}],"wp:attachment":[{"href":"https:\/\/watch-bandit.com\/de\/wp-json\/wp\/v2\/media?parent=339508"}],"wp:term":[{"taxonomy":"product_cat","embeddable":true,"href":"https:\/\/watch-bandit.com\/de\/wp-json\/wp\/v2\/product_cat?post=339508"},{"taxonomy":"product_tag","embeddable":true,"href":"https:\/\/watch-bandit.com\/de\/wp-json\/wp\/v2\/product_tag?post=339508"}],"curies":[{"name":"wp","href":"https:\/\/api.w.org\/{rel}","templated":true}]}}