{"id":340030,"date":"2024-06-20T15:26:57","date_gmt":"2024-06-20T13:26:58","guid":{"rendered":"https:\/\/watchbandit.com\/?post_type=product&#038;p=340030"},"modified":"2024-06-20T15:37:53","modified_gmt":"2024-06-20T13:37:53","slug":"bruno-soehnle-pesaro-automatik-ii-17-12150-261","status":"publish","type":"product","link":"https:\/\/watch-bandit.com\/de\/produkt\/bruno-soehnle-pesaro-automatik-ii-17-12150-261\/","title":{"rendered":"Bruno S\u00f6hnle &#8211; Pesaro Automatik II &#8211; 17-12150-261"},"content":{"rendered":"","protected":false},"excerpt":{"rendered":"<p>Wir pr\u00e4sentieren die Bruno S\u00f6hnle Glash\u00fctte Pesaro Automatik II mit dem automatischen Atelier-Kaliber BS212 (basierend auf Sellita SW260). Diese Uhr verf\u00fcgt \u00fcber ein wundersch\u00f6n gestreiftes Zifferblatt und eine faszinierende Datumsfunktion. Eingebettet in ein dominantes 44-mm-Edelstahlgeh\u00e4use mit einer schlanken H\u00f6he von 11,7 mm und einer Wasserdichtigkeit von 10 bar strahlt sie Eleganz und Haltbarkeit aus. Das Saphirglas mit Antireflexbeschichtung sorgt f\u00fcr klare Sicht, w\u00e4hrend das braune Kalbslederarmband mit Faltschlie\u00dfe einen Hauch von Raffinesse verleiht.<\/p>\n<p><strong>Uhrwerk:<\/strong> Automatisches Atelier-Kaliber BS212, basierend auf dem Schweizer Automatikwerk Sellita SW260<br \/>\n<strong>Geh\u00e4use:<\/strong> Edelstahl, 44 mm Durchmesser, 11,7 mm Dicke<br \/>\n<strong>Wasserdichtigkeit:<\/strong> 10 atm \/ 100 Meter<br \/>\n<strong>Armband:<\/strong> Kalbslederarmband mit Kontrastn\u00e4hten, dunkelbraun, 22 mm<\/p>\n","protected":false},"featured_media":340032,"comment_status":"open","ping_status":"closed","template":"","meta":[],"product_cat":[4447,37],"product_tag":[],"yoast_head":"<!-- This site is optimized with the Yoast SEO plugin v21.9 - https:\/\/yoast.com\/wordpress\/plugins\/seo\/ -->\n<title>Bruno S\u00f6hnle - Pesaro Automatik II - 17-12150-261 - WATCHBANDIT<\/title>\n<meta name=\"description\" content=\"Bruno-S\u00f6hnle Glash\u00fctte Uhren bei WatchBandit kaufen \ud83c\udde9\ud83c\uddea Made in Germany \ud83c\udde9\ud83c\uddea TrustedShops zertifiziert \u2705 Kostenlose und schnelle Lieferung \u2705 Seit 2014 \u2705\" \/>\n<meta name=\"robots\" content=\"noindex, follow, max-snippet:-1, max-image-preview:large, max-video-preview:-1\" \/>\n<meta property=\"og:locale\" content=\"de_DE\" \/>\n<meta property=\"og:type\" content=\"article\" \/>\n<meta property=\"og:title\" content=\"Bruno S\u00f6hnle - Pesaro Automatik II - 17-12150-261 - WATCHBANDIT\" \/>\n<meta property=\"og:description\" content=\"Bruno-S\u00f6hnle Glash\u00fctte Uhren bei WatchBandit kaufen \ud83c\udde9\ud83c\uddea Made in Germany \ud83c\udde9\ud83c\uddea TrustedShops zertifiziert \u2705 Kostenlose und schnelle Lieferung \u2705 Seit 2014 \u2705\" \/>\n<meta property=\"og:url\" content=\"https:\/\/watch-bandit.com\/de\/produkt\/bruno-soehnle-pesaro-automatik-ii-17-12150-261\/\" \/>\n<meta property=\"og:site_name\" content=\"WATCHBANDIT\" \/>\n<meta property=\"article:modified_time\" content=\"2024-06-20T13:37:53+00:00\" \/>\n<meta property=\"og:image\" content=\"https:\/\/watch-bandit.com\/wp-content\/uploads\/2024\/06\/Bruno-Sohnle-Pesaro-Automatik-II-17-12150-261-min.jpg\" \/>\n\t<meta property=\"og:image:width\" content=\"1400\" \/>\n\t<meta property=\"og:image:height\" content=\"1700\" \/>\n\t<meta property=\"og:image:type\" content=\"image\/jpeg\" \/>\n<meta name=\"twitter:label1\" content=\"Gesch\u00e4tzte Lesezeit\" \/>\n\t<meta name=\"twitter:data1\" content=\"1 Minute\" \/>\n<script type=\"application\/ld+json\" class=\"yoast-schema-graph\">{\"@context\":\"https:\/\/schema.org\",\"@graph\":[{\"@type\":\"WebPage\",\"@id\":\"https:\/\/watch-bandit.com\/de\/produkt\/bruno-soehnle-pesaro-automatik-ii-17-12150-261\/\",\"url\":\"https:\/\/watch-bandit.com\/de\/produkt\/bruno-soehnle-pesaro-automatik-ii-17-12150-261\/\",\"name\":\"Bruno S\u00f6hnle - Pesaro Automatik II - 17-12150-261 - WATCHBANDIT\",\"isPartOf\":{\"@id\":\"https:\/\/watch-bandit.com\/#website\"},\"datePublished\":\"2024-06-20T13:26:58+00:00\",\"dateModified\":\"2024-06-20T13:37:53+00:00\",\"description\":\"Bruno-S\u00f6hnle Glash\u00fctte Uhren bei WatchBandit kaufen \ud83c\udde9\ud83c\uddea Made in Germany \ud83c\udde9\ud83c\uddea TrustedShops zertifiziert \u2705 Kostenlose und schnelle Lieferung \u2705 Seit 2014 \u2705\",\"breadcrumb\":{\"@id\":\"https:\/\/watch-bandit.com\/de\/produkt\/bruno-soehnle-pesaro-automatik-ii-17-12150-261\/#breadcrumb\"},\"inLanguage\":\"de-DE\",\"potentialAction\":[{\"@type\":\"ReadAction\",\"target\":[\"https:\/\/watch-bandit.com\/de\/produkt\/bruno-soehnle-pesaro-automatik-ii-17-12150-261\/\"]}]},{\"@type\":\"BreadcrumbList\",\"@id\":\"https:\/\/watch-bandit.com\/de\/produkt\/bruno-soehnle-pesaro-automatik-ii-17-12150-261\/#breadcrumb\",\"itemListElement\":[{\"@type\":\"ListItem\",\"position\":1,\"name\":\"Home\",\"item\":\"https:\/\/watchbandit.de\/\"},{\"@type\":\"ListItem\",\"position\":2,\"name\":\"Shop\",\"item\":\"https:\/\/watchbandit.de\/shop\/\"},{\"@type\":\"ListItem\",\"position\":3,\"name\":\"Watches\",\"item\":\"https:\/\/watch-bandit.com\/products\/watches\/\"},{\"@type\":\"ListItem\",\"position\":4,\"name\":\"Bruno S\u00f6hnle Glash\u00fctte\",\"item\":\"https:\/\/watch-bandit.com\/products\/watches\/bruno-sohnle-glashuette\/\"},{\"@type\":\"ListItem\",\"position\":5,\"name\":\"Bruno S\u00f6hnle &#8211; Pesaro Automatik II &#8211; 17-12150-261\"}]},{\"@type\":\"WebSite\",\"@id\":\"https:\/\/watch-bandit.com\/#website\",\"url\":\"https:\/\/watch-bandit.com\/\",\"name\":\"WATCHBANDIT\",\"description\":\"Contemporary Wrist Accessories\",\"publisher\":{\"@id\":\"https:\/\/watch-bandit.com\/#organization\"},\"potentialAction\":[{\"@type\":\"SearchAction\",\"target\":{\"@type\":\"EntryPoint\",\"urlTemplate\":\"https:\/\/watch-bandit.com\/?s={search_term_string}\"},\"query-input\":\"required name=search_term_string\"}],\"inLanguage\":\"de-DE\"},{\"@type\":\"Organization\",\"@id\":\"https:\/\/watch-bandit.com\/#organization\",\"name\":\"WatchBandit\",\"url\":\"https:\/\/watch-bandit.com\/\",\"logo\":{\"@type\":\"ImageObject\",\"inLanguage\":\"de-DE\",\"@id\":\"https:\/\/watch-bandit.com\/#\/schema\/logo\/image\/\",\"url\":\"https:\/\/watchbandit.de\/wp-content\/uploads\/2017\/11\/WB_Logo_557x124.png\",\"contentUrl\":\"https:\/\/watchbandit.de\/wp-content\/uploads\/2017\/11\/WB_Logo_557x124.png\",\"width\":557,\"height\":124,\"caption\":\"WatchBandit\"},\"image\":{\"@id\":\"https:\/\/watch-bandit.com\/#\/schema\/logo\/image\/\"}}]}<\/script>\n<!-- \/ Yoast SEO plugin. -->","yoast_head_json":{"title":"Bruno S\u00f6hnle - Pesaro Automatik II - 17-12150-261 - WATCHBANDIT","description":"Bruno-S\u00f6hnle Glash\u00fctte Uhren bei WatchBandit kaufen \ud83c\udde9\ud83c\uddea Made in Germany \ud83c\udde9\ud83c\uddea TrustedShops zertifiziert \u2705 Kostenlose und schnelle Lieferung \u2705 Seit 2014 \u2705","robots":{"index":"noindex","follow":"follow","max-snippet":"max-snippet:-1","max-image-preview":"max-image-preview:large","max-video-preview":"max-video-preview:-1"},"og_locale":"de_DE","og_type":"article","og_title":"Bruno S\u00f6hnle - Pesaro Automatik II - 17-12150-261 - WATCHBANDIT","og_description":"Bruno-S\u00f6hnle Glash\u00fctte Uhren bei WatchBandit kaufen \ud83c\udde9\ud83c\uddea Made in Germany \ud83c\udde9\ud83c\uddea TrustedShops zertifiziert \u2705 Kostenlose und schnelle Lieferung \u2705 Seit 2014 \u2705","og_url":"https:\/\/watch-bandit.com\/de\/produkt\/bruno-soehnle-pesaro-automatik-ii-17-12150-261\/","og_site_name":"WATCHBANDIT","article_modified_time":"2024-06-20T13:37:53+00:00","og_image":[{"width":1400,"height":1700,"url":"https:\/\/watch-bandit.com\/wp-content\/uploads\/2024\/06\/Bruno-Sohnle-Pesaro-Automatik-II-17-12150-261-min.jpg","type":"image\/jpeg"}],"twitter_misc":{"Gesch\u00e4tzte Lesezeit":"1 Minute"},"schema":{"@context":"https:\/\/schema.org","@graph":[{"@type":"WebPage","@id":"https:\/\/watch-bandit.com\/de\/produkt\/bruno-soehnle-pesaro-automatik-ii-17-12150-261\/","url":"https:\/\/watch-bandit.com\/de\/produkt\/bruno-soehnle-pesaro-automatik-ii-17-12150-261\/","name":"Bruno S\u00f6hnle - Pesaro Automatik II - 17-12150-261 - WATCHBANDIT","isPartOf":{"@id":"https:\/\/watch-bandit.com\/#website"},"datePublished":"2024-06-20T13:26:58+00:00","dateModified":"2024-06-20T13:37:53+00:00","description":"Bruno-S\u00f6hnle Glash\u00fctte Uhren bei WatchBandit kaufen \ud83c\udde9\ud83c\uddea Made in Germany \ud83c\udde9\ud83c\uddea TrustedShops zertifiziert \u2705 Kostenlose und schnelle Lieferung \u2705 Seit 2014 \u2705","breadcrumb":{"@id":"https:\/\/watch-bandit.com\/de\/produkt\/bruno-soehnle-pesaro-automatik-ii-17-12150-261\/#breadcrumb"},"inLanguage":"de-DE","potentialAction":[{"@type":"ReadAction","target":["https:\/\/watch-bandit.com\/de\/produkt\/bruno-soehnle-pesaro-automatik-ii-17-12150-261\/"]}]},{"@type":"BreadcrumbList","@id":"https:\/\/watch-bandit.com\/de\/produkt\/bruno-soehnle-pesaro-automatik-ii-17-12150-261\/#breadcrumb","itemListElement":[{"@type":"ListItem","position":1,"name":"Home","item":"https:\/\/watchbandit.de\/"},{"@type":"ListItem","position":2,"name":"Shop","item":"https:\/\/watchbandit.de\/shop\/"},{"@type":"ListItem","position":3,"name":"Watches","item":"https:\/\/watch-bandit.com\/products\/watches\/"},{"@type":"ListItem","position":4,"name":"Bruno S\u00f6hnle Glash\u00fctte","item":"https:\/\/watch-bandit.com\/products\/watches\/bruno-sohnle-glashuette\/"},{"@type":"ListItem","position":5,"name":"Bruno S\u00f6hnle &#8211; Pesaro Automatik II &#8211; 17-12150-261"}]},{"@type":"WebSite","@id":"https:\/\/watch-bandit.com\/#website","url":"https:\/\/watch-bandit.com\/","name":"WATCHBANDIT","description":"Contemporary Wrist Accessories","publisher":{"@id":"https:\/\/watch-bandit.com\/#organization"},"potentialAction":[{"@type":"SearchAction","target":{"@type":"EntryPoint","urlTemplate":"https:\/\/watch-bandit.com\/?s={search_term_string}"},"query-input":"required name=search_term_string"}],"inLanguage":"de-DE"},{"@type":"Organization","@id":"https:\/\/watch-bandit.com\/#organization","name":"WatchBandit","url":"https:\/\/watch-bandit.com\/","logo":{"@type":"ImageObject","inLanguage":"de-DE","@id":"https:\/\/watch-bandit.com\/#\/schema\/logo\/image\/","url":"https:\/\/watchbandit.de\/wp-content\/uploads\/2017\/11\/WB_Logo_557x124.png","contentUrl":"https:\/\/watchbandit.de\/wp-content\/uploads\/2017\/11\/WB_Logo_557x124.png","width":557,"height":124,"caption":"WatchBandit"},"image":{"@id":"https:\/\/watch-bandit.com\/#\/schema\/logo\/image\/"}}]}},"_links":{"self":[{"href":"https:\/\/watch-bandit.com\/de\/wp-json\/wp\/v2\/product\/340030"}],"collection":[{"href":"https:\/\/watch-bandit.com\/de\/wp-json\/wp\/v2\/product"}],"about":[{"href":"https:\/\/watch-bandit.com\/de\/wp-json\/wp\/v2\/types\/product"}],"replies":[{"embeddable":true,"href":"https:\/\/watch-bandit.com\/de\/wp-json\/wp\/v2\/comments?post=340030"}],"wp:featuredmedia":[{"embeddable":true,"href":"https:\/\/watch-bandit.com\/de\/wp-json\/wp\/v2\/media\/340032"}],"wp:attachment":[{"href":"https:\/\/watch-bandit.com\/de\/wp-json\/wp\/v2\/media?parent=340030"}],"wp:term":[{"taxonomy":"product_cat","embeddable":true,"href":"https:\/\/watch-bandit.com\/de\/wp-json\/wp\/v2\/product_cat?post=340030"},{"taxonomy":"product_tag","embeddable":true,"href":"https:\/\/watch-bandit.com\/de\/wp-json\/wp\/v2\/product_tag?post=340030"}],"curies":[{"name":"wp","href":"https:\/\/api.w.org\/{rel}","templated":true}]}}