{"id":340224,"date":"2024-06-21T20:44:33","date_gmt":"2024-06-21T18:44:34","guid":{"rendered":"https:\/\/watchbandit.com\/?post_type=product&#038;p=340224"},"modified":"2024-06-21T20:50:42","modified_gmt":"2024-06-21T18:50:42","slug":"bruno-soehnle-stuttgart-automatik-ii-big-17-12173-662","status":"publish","type":"product","link":"https:\/\/watch-bandit.com\/de\/produkt\/bruno-soehnle-stuttgart-automatik-ii-big-17-12173-662\/","title":{"rendered":"Bruno S\u00f6hnle &#8211; Stuttgart Automatik II Big &#8211; 17-12173-662"},"content":{"rendered":"","protected":false},"excerpt":{"rendered":"<p>Die Bruno S\u00f6hnle Glash\u00fctte Stuttgart Automatik II Big steht mit ihrem speziellen Fum\u00e9-Zifferblatt, das von einer helleren Mitte zu einem dunkleren Rand \u00fcbergeht, f\u00fcr zeitlose Eleganz. Das Zifferblatt verf\u00fcgt \u00fcber ein faszinierendes Guilloch\u00e9-Strahlenmuster, das ein Wechselspiel aus Licht und Schatten erzeugt, das seine visuelle Tiefe verst\u00e4rkt. Klassische dreieckige, hochglanzpolierte Indizes verleihen einen Hauch von Vintage-Eleganz. Angetrieben vom automatischen Atelier-Kaliber BS175 (basierend auf Sellita SW200) verf\u00fcgt diese Uhr \u00fcber ein sportliches 42,5-mm-Edelstahlgeh\u00e4use und ein schlankes 10,9-mm-Profil. Mit 5 bar Wasserdichtigkeit, Saphirglas mit Antireflexbeschichtung und einem sportlichen Edelstahlarmband mit Faltschlie\u00dfe ist die Stuttgart Automatik II Big ein Meisterwerk Glash\u00fctter Handwerkskunst.<\/p>\n<p><strong>Uhrwerk:<\/strong> Automatisches Atelier-Kaliber BS175, basierend auf Schweizer Sellita SW200 Automatik<br \/>\n<strong>Geh\u00e4use:<\/strong> Edelstahl, 42,5 mm Durchmesser, 10,9 mm H\u00f6he<br \/>\n<strong>Wasserresistenz:<\/strong> 5 atm \/ 50 Meter<br \/>\n<strong>Armband:<\/strong> Edelstahlarmband mit Faltschlie\u00dfe, 22 mm<\/p>\n","protected":false},"featured_media":340234,"comment_status":"open","ping_status":"closed","template":"","meta":[],"product_cat":[4447,37],"product_tag":[],"yoast_head":"<!-- This site is optimized with the Yoast SEO plugin v21.9 - https:\/\/yoast.com\/wordpress\/plugins\/seo\/ -->\n<title>Bruno S\u00f6hnle - Stuttgart Automatik II Big - 17-12173-662 - WATCHBANDIT<\/title>\n<meta name=\"description\" content=\"Bruno-S\u00f6hnle Glash\u00fctte Uhren bei WatchBandit kaufen \ud83c\udde9\ud83c\uddea Made in Germany \ud83c\udde9\ud83c\uddea TrustedShops zertifiziert \u2705 Kostenlose und schnelle Lieferung \u2705 Seit 2014 \u2705\" \/>\n<meta name=\"robots\" content=\"noindex, follow, max-snippet:-1, max-image-preview:large, max-video-preview:-1\" \/>\n<meta property=\"og:locale\" content=\"de_DE\" \/>\n<meta property=\"og:type\" content=\"article\" \/>\n<meta property=\"og:title\" content=\"Bruno S\u00f6hnle - Stuttgart Automatik II Big - 17-12173-662 - WATCHBANDIT\" \/>\n<meta property=\"og:description\" content=\"Bruno-S\u00f6hnle Glash\u00fctte Uhren bei WatchBandit kaufen \ud83c\udde9\ud83c\uddea Made in Germany \ud83c\udde9\ud83c\uddea TrustedShops zertifiziert \u2705 Kostenlose und schnelle Lieferung \u2705 Seit 2014 \u2705\" \/>\n<meta property=\"og:url\" content=\"https:\/\/watch-bandit.com\/de\/produkt\/bruno-soehnle-stuttgart-automatik-ii-big-17-12173-662\/\" \/>\n<meta property=\"og:site_name\" content=\"WATCHBANDIT\" \/>\n<meta property=\"article:modified_time\" content=\"2024-06-21T18:50:42+00:00\" \/>\n<meta property=\"og:image\" content=\"https:\/\/watch-bandit.com\/wp-content\/uploads\/2024\/06\/Bruno-Sohnle-Stuttgart-Automatik-Big-17-12173-662-min.jpg\" \/>\n\t<meta property=\"og:image:width\" content=\"1400\" \/>\n\t<meta property=\"og:image:height\" content=\"1700\" \/>\n\t<meta property=\"og:image:type\" content=\"image\/jpeg\" \/>\n<meta name=\"twitter:label1\" content=\"Gesch\u00e4tzte Lesezeit\" \/>\n\t<meta name=\"twitter:data1\" content=\"1 Minute\" \/>\n<script type=\"application\/ld+json\" class=\"yoast-schema-graph\">{\"@context\":\"https:\/\/schema.org\",\"@graph\":[{\"@type\":\"WebPage\",\"@id\":\"https:\/\/watch-bandit.com\/de\/produkt\/bruno-soehnle-stuttgart-automatik-ii-big-17-12173-662\/\",\"url\":\"https:\/\/watch-bandit.com\/de\/produkt\/bruno-soehnle-stuttgart-automatik-ii-big-17-12173-662\/\",\"name\":\"Bruno S\u00f6hnle - Stuttgart Automatik II Big - 17-12173-662 - WATCHBANDIT\",\"isPartOf\":{\"@id\":\"https:\/\/watch-bandit.com\/#website\"},\"datePublished\":\"2024-06-21T18:44:34+00:00\",\"dateModified\":\"2024-06-21T18:50:42+00:00\",\"description\":\"Bruno-S\u00f6hnle Glash\u00fctte Uhren bei WatchBandit kaufen \ud83c\udde9\ud83c\uddea Made in Germany \ud83c\udde9\ud83c\uddea TrustedShops zertifiziert \u2705 Kostenlose und schnelle Lieferung \u2705 Seit 2014 \u2705\",\"breadcrumb\":{\"@id\":\"https:\/\/watch-bandit.com\/de\/produkt\/bruno-soehnle-stuttgart-automatik-ii-big-17-12173-662\/#breadcrumb\"},\"inLanguage\":\"de-DE\",\"potentialAction\":[{\"@type\":\"ReadAction\",\"target\":[\"https:\/\/watch-bandit.com\/de\/produkt\/bruno-soehnle-stuttgart-automatik-ii-big-17-12173-662\/\"]}]},{\"@type\":\"BreadcrumbList\",\"@id\":\"https:\/\/watch-bandit.com\/de\/produkt\/bruno-soehnle-stuttgart-automatik-ii-big-17-12173-662\/#breadcrumb\",\"itemListElement\":[{\"@type\":\"ListItem\",\"position\":1,\"name\":\"Home\",\"item\":\"https:\/\/watchbandit.de\/\"},{\"@type\":\"ListItem\",\"position\":2,\"name\":\"Shop\",\"item\":\"https:\/\/watchbandit.de\/shop\/\"},{\"@type\":\"ListItem\",\"position\":3,\"name\":\"Watches\",\"item\":\"https:\/\/watch-bandit.com\/products\/watches\/\"},{\"@type\":\"ListItem\",\"position\":4,\"name\":\"Bruno S\u00f6hnle Glash\u00fctte\",\"item\":\"https:\/\/watch-bandit.com\/products\/watches\/bruno-sohnle-glashuette\/\"},{\"@type\":\"ListItem\",\"position\":5,\"name\":\"Bruno S\u00f6hnle &#8211; Stuttgart Automatik II Big &#8211; 17-12173-662\"}]},{\"@type\":\"WebSite\",\"@id\":\"https:\/\/watch-bandit.com\/#website\",\"url\":\"https:\/\/watch-bandit.com\/\",\"name\":\"WATCHBANDIT\",\"description\":\"Contemporary Wrist Accessories\",\"publisher\":{\"@id\":\"https:\/\/watch-bandit.com\/#organization\"},\"potentialAction\":[{\"@type\":\"SearchAction\",\"target\":{\"@type\":\"EntryPoint\",\"urlTemplate\":\"https:\/\/watch-bandit.com\/?s={search_term_string}\"},\"query-input\":\"required name=search_term_string\"}],\"inLanguage\":\"de-DE\"},{\"@type\":\"Organization\",\"@id\":\"https:\/\/watch-bandit.com\/#organization\",\"name\":\"WatchBandit\",\"url\":\"https:\/\/watch-bandit.com\/\",\"logo\":{\"@type\":\"ImageObject\",\"inLanguage\":\"de-DE\",\"@id\":\"https:\/\/watch-bandit.com\/#\/schema\/logo\/image\/\",\"url\":\"https:\/\/watchbandit.de\/wp-content\/uploads\/2017\/11\/WB_Logo_557x124.png\",\"contentUrl\":\"https:\/\/watchbandit.de\/wp-content\/uploads\/2017\/11\/WB_Logo_557x124.png\",\"width\":557,\"height\":124,\"caption\":\"WatchBandit\"},\"image\":{\"@id\":\"https:\/\/watch-bandit.com\/#\/schema\/logo\/image\/\"}}]}<\/script>\n<!-- \/ Yoast SEO plugin. -->","yoast_head_json":{"title":"Bruno S\u00f6hnle - Stuttgart Automatik II Big - 17-12173-662 - WATCHBANDIT","description":"Bruno-S\u00f6hnle Glash\u00fctte Uhren bei WatchBandit kaufen \ud83c\udde9\ud83c\uddea Made in Germany \ud83c\udde9\ud83c\uddea TrustedShops zertifiziert \u2705 Kostenlose und schnelle Lieferung \u2705 Seit 2014 \u2705","robots":{"index":"noindex","follow":"follow","max-snippet":"max-snippet:-1","max-image-preview":"max-image-preview:large","max-video-preview":"max-video-preview:-1"},"og_locale":"de_DE","og_type":"article","og_title":"Bruno S\u00f6hnle - Stuttgart Automatik II Big - 17-12173-662 - WATCHBANDIT","og_description":"Bruno-S\u00f6hnle Glash\u00fctte Uhren bei WatchBandit kaufen \ud83c\udde9\ud83c\uddea Made in Germany \ud83c\udde9\ud83c\uddea TrustedShops zertifiziert \u2705 Kostenlose und schnelle Lieferung \u2705 Seit 2014 \u2705","og_url":"https:\/\/watch-bandit.com\/de\/produkt\/bruno-soehnle-stuttgart-automatik-ii-big-17-12173-662\/","og_site_name":"WATCHBANDIT","article_modified_time":"2024-06-21T18:50:42+00:00","og_image":[{"width":1400,"height":1700,"url":"https:\/\/watch-bandit.com\/wp-content\/uploads\/2024\/06\/Bruno-Sohnle-Stuttgart-Automatik-Big-17-12173-662-min.jpg","type":"image\/jpeg"}],"twitter_misc":{"Gesch\u00e4tzte Lesezeit":"1 Minute"},"schema":{"@context":"https:\/\/schema.org","@graph":[{"@type":"WebPage","@id":"https:\/\/watch-bandit.com\/de\/produkt\/bruno-soehnle-stuttgart-automatik-ii-big-17-12173-662\/","url":"https:\/\/watch-bandit.com\/de\/produkt\/bruno-soehnle-stuttgart-automatik-ii-big-17-12173-662\/","name":"Bruno S\u00f6hnle - Stuttgart Automatik II Big - 17-12173-662 - WATCHBANDIT","isPartOf":{"@id":"https:\/\/watch-bandit.com\/#website"},"datePublished":"2024-06-21T18:44:34+00:00","dateModified":"2024-06-21T18:50:42+00:00","description":"Bruno-S\u00f6hnle Glash\u00fctte Uhren bei WatchBandit kaufen \ud83c\udde9\ud83c\uddea Made in Germany \ud83c\udde9\ud83c\uddea TrustedShops zertifiziert \u2705 Kostenlose und schnelle Lieferung \u2705 Seit 2014 \u2705","breadcrumb":{"@id":"https:\/\/watch-bandit.com\/de\/produkt\/bruno-soehnle-stuttgart-automatik-ii-big-17-12173-662\/#breadcrumb"},"inLanguage":"de-DE","potentialAction":[{"@type":"ReadAction","target":["https:\/\/watch-bandit.com\/de\/produkt\/bruno-soehnle-stuttgart-automatik-ii-big-17-12173-662\/"]}]},{"@type":"BreadcrumbList","@id":"https:\/\/watch-bandit.com\/de\/produkt\/bruno-soehnle-stuttgart-automatik-ii-big-17-12173-662\/#breadcrumb","itemListElement":[{"@type":"ListItem","position":1,"name":"Home","item":"https:\/\/watchbandit.de\/"},{"@type":"ListItem","position":2,"name":"Shop","item":"https:\/\/watchbandit.de\/shop\/"},{"@type":"ListItem","position":3,"name":"Watches","item":"https:\/\/watch-bandit.com\/products\/watches\/"},{"@type":"ListItem","position":4,"name":"Bruno S\u00f6hnle Glash\u00fctte","item":"https:\/\/watch-bandit.com\/products\/watches\/bruno-sohnle-glashuette\/"},{"@type":"ListItem","position":5,"name":"Bruno S\u00f6hnle &#8211; Stuttgart Automatik II Big &#8211; 17-12173-662"}]},{"@type":"WebSite","@id":"https:\/\/watch-bandit.com\/#website","url":"https:\/\/watch-bandit.com\/","name":"WATCHBANDIT","description":"Contemporary Wrist Accessories","publisher":{"@id":"https:\/\/watch-bandit.com\/#organization"},"potentialAction":[{"@type":"SearchAction","target":{"@type":"EntryPoint","urlTemplate":"https:\/\/watch-bandit.com\/?s={search_term_string}"},"query-input":"required name=search_term_string"}],"inLanguage":"de-DE"},{"@type":"Organization","@id":"https:\/\/watch-bandit.com\/#organization","name":"WatchBandit","url":"https:\/\/watch-bandit.com\/","logo":{"@type":"ImageObject","inLanguage":"de-DE","@id":"https:\/\/watch-bandit.com\/#\/schema\/logo\/image\/","url":"https:\/\/watchbandit.de\/wp-content\/uploads\/2017\/11\/WB_Logo_557x124.png","contentUrl":"https:\/\/watchbandit.de\/wp-content\/uploads\/2017\/11\/WB_Logo_557x124.png","width":557,"height":124,"caption":"WatchBandit"},"image":{"@id":"https:\/\/watch-bandit.com\/#\/schema\/logo\/image\/"}}]}},"_links":{"self":[{"href":"https:\/\/watch-bandit.com\/de\/wp-json\/wp\/v2\/product\/340224"}],"collection":[{"href":"https:\/\/watch-bandit.com\/de\/wp-json\/wp\/v2\/product"}],"about":[{"href":"https:\/\/watch-bandit.com\/de\/wp-json\/wp\/v2\/types\/product"}],"replies":[{"embeddable":true,"href":"https:\/\/watch-bandit.com\/de\/wp-json\/wp\/v2\/comments?post=340224"}],"wp:featuredmedia":[{"embeddable":true,"href":"https:\/\/watch-bandit.com\/de\/wp-json\/wp\/v2\/media\/340234"}],"wp:attachment":[{"href":"https:\/\/watch-bandit.com\/de\/wp-json\/wp\/v2\/media?parent=340224"}],"wp:term":[{"taxonomy":"product_cat","embeddable":true,"href":"https:\/\/watch-bandit.com\/de\/wp-json\/wp\/v2\/product_cat?post=340224"},{"taxonomy":"product_tag","embeddable":true,"href":"https:\/\/watch-bandit.com\/de\/wp-json\/wp\/v2\/product_tag?post=340224"}],"curies":[{"name":"wp","href":"https:\/\/api.w.org\/{rel}","templated":true}]}}