{"id":340847,"date":"2024-07-02T13:18:25","date_gmt":"2024-07-02T11:18:26","guid":{"rendered":"https:\/\/watchbandit.com\/?post_type=product&#038;p=340847"},"modified":"2024-07-02T19:30:59","modified_gmt":"2024-07-02T17:30:59","slug":"zelos-spearfish-dual-time-ti-sky-blue","status":"publish","type":"product","link":"https:\/\/watch-bandit.com\/de\/produkt\/zelos-spearfish-dual-time-ti-sky-blue\/","title":{"rendered":"Zelos &#8211; Spearfish Dual Time &#8211; Ti Sky Blue"},"content":{"rendered":"<h4>Einzigartige Taucheruhren<\/h4>\n<p>Zelos wurde gegr\u00fcndet, um Uhren mit hochmodernen Designs und Materialien wie Bronze oder Kohlefaser anzubieten. Zelos entwickelt Uhren von Grund auf selbst um sicherzustellen, dass Ihr eine Uhr bekommt, die nirgendwo sonst zu finden ist. Mit Meteorit-Zifferbl\u00e4ttern, Bronzegeh\u00e4usen und sogar einer leuchtenden Krone sind sie wirklich etwas Besonderes.<\/p>\n<h4>Zelos Uhren &#8211; Ein Kickstarter Erfolg<\/h4>\n<p>Seit ihrem Start im Jahr 2014 hat Zelos 3 Modelle auf Kickstarter auf den Markt gebracht, mit zunehmendem Erfolg. Das erste Modell &#8220;Helmsman&#8221; erzielte 273% der gezielten Finanzierung. Die &#8220;Chroma&#8221; folgte als n\u00e4chstes mit 350% und schlie\u00dflich der &#8220;Abyss&#8221; mit \u00fcberw\u00e4ltigenden 650% der Finanzierung.<\/p>\n<p>Zelos hat seinen Sitz in Singapur und wurde von Elshan Tang gegr\u00fcndet. Seit vielen Jahren ist er fasziniert von mechanischen Zeitmessern; Eine eigene Uhr war sein gro\u00dfer Traum, den er sich erf\u00fcllt hat. Er ist davon \u00fcberzeugt, dass gro\u00dfartige Uhren-Designs nicht auf Luxusmarken beschr\u00e4nkt sein sollten.<\/p>\n","protected":false},"excerpt":{"rendered":"<p>Die Spearfish Dual Time ist eine Sportuhr, die darauf ausgelegt ist, im Mittelpunkt der Aufmerksamkeit zu stehen. Wir wollten Schweizer Uhrwerke und Komplikationen mit dem gleichen Wert anbieten, f\u00fcr den Zelos bekannt ist. Ein gro\u00dfes Saphirglas-Zifferblatt bringt seine Komplikationen und Perlage-Veredelung voll zur Geltung. Trotz dieser Komplikationen ist das Geh\u00e4use schlanke 10 mm flach, was es ideal f\u00fcr Ihre t\u00e4glichen Abenteuer macht.<\/p>\n<p>Das gesamte Saphirglas-Zifferblatt hebt zahlreiche Leuchtkomponenten hervor, die mit C3 und BGW9 h\u00f6chster Qualit\u00e4t von Superluminova gef\u00fcllt sind. Jeder Index ist fein poliert und mit einer Dual-Lume-Mischung gef\u00fcllt, w\u00e4hrend die Datumsr\u00e4der mit Leuchtmasse bedruckt sind. Die Globusdarstellung auf dem Hilfszifferblatt ist ebenfalls vollst\u00e4ndig beleuchtet.<\/p>\n<p><strong>Uhrwerk<\/strong>: Schweizer Sellita SW300 mit TT651-Modul. Grande Date, GMT und 24-Stunden-Hilfszifferblatt, kundenspezifischer Rotor<br \/>\n<strong>Geh\u00e4use<\/strong>: Titan mit 1200HV geh\u00e4rteter Beschichtung, 40 mm Durchmesser, 20 mm Bandansto\u00dfbreite, 47 mm Bandansto\u00dfl\u00e4nge, 13 mm H\u00f6he ohne Glas.<br \/>\n<strong>Wasserresistenz<\/strong>: 10 ATM \/ 100 Meter<br \/>\n<strong>Armband<\/strong>: Titan 1200HV geh\u00e4rtet mit aktualisierter Schnellverstellschlie\u00dfe<\/p>\n","protected":false},"featured_media":340860,"comment_status":"open","ping_status":"closed","template":"","meta":[],"product_cat":[37,3107],"product_tag":[],"yoast_head":"<!-- This site is optimized with the Yoast SEO plugin v21.9 - https:\/\/yoast.com\/wordpress\/plugins\/seo\/ -->\n<title>Zelos - Spearfish Dual Time - Ti Sky Blue - WATCHBANDIT<\/title>\n<meta name=\"description\" content=\"Zelos Uhren bei WatchBandit kaufen \u2713 Trusted Shops Zertifiziert \u2713 Schweizer Automatik \u2713 Schnelle kostenlose Lieferung \u2713\" \/>\n<meta name=\"robots\" content=\"noindex, follow, max-snippet:-1, max-image-preview:large, max-video-preview:-1\" \/>\n<meta property=\"og:locale\" content=\"de_DE\" \/>\n<meta property=\"og:type\" content=\"article\" \/>\n<meta property=\"og:title\" content=\"Zelos - Spearfish Dual Time - Ti Sky Blue - WATCHBANDIT\" \/>\n<meta property=\"og:description\" content=\"Zelos Uhren bei WatchBandit kaufen \u2713 Trusted Shops Zertifiziert \u2713 Schweizer Automatik \u2713 Schnelle kostenlose Lieferung \u2713\" \/>\n<meta property=\"og:url\" content=\"https:\/\/watch-bandit.com\/de\/produkt\/zelos-spearfish-dual-time-ti-sky-blue\/\" \/>\n<meta property=\"og:site_name\" content=\"WATCHBANDIT\" \/>\n<meta property=\"article:modified_time\" content=\"2024-07-02T17:30:59+00:00\" \/>\n<meta property=\"og:image\" content=\"https:\/\/watch-bandit.com\/wp-content\/uploads\/2024\/07\/Zelos-Spearfish-Dual-Time-Sky-Blue.jpg\" \/>\n\t<meta property=\"og:image:width\" content=\"1400\" \/>\n\t<meta property=\"og:image:height\" content=\"1700\" \/>\n\t<meta property=\"og:image:type\" content=\"image\/jpeg\" \/>\n<meta name=\"twitter:label1\" content=\"Gesch\u00e4tzte Lesezeit\" \/>\n\t<meta name=\"twitter:data1\" content=\"1 Minute\" \/>\n<script type=\"application\/ld+json\" class=\"yoast-schema-graph\">{\"@context\":\"https:\/\/schema.org\",\"@graph\":[{\"@type\":\"WebPage\",\"@id\":\"https:\/\/watch-bandit.com\/de\/produkt\/zelos-spearfish-dual-time-ti-sky-blue\/\",\"url\":\"https:\/\/watch-bandit.com\/de\/produkt\/zelos-spearfish-dual-time-ti-sky-blue\/\",\"name\":\"Zelos - Spearfish Dual Time - Ti Sky Blue - WATCHBANDIT\",\"isPartOf\":{\"@id\":\"https:\/\/watch-bandit.com\/#website\"},\"datePublished\":\"2024-07-02T11:18:26+00:00\",\"dateModified\":\"2024-07-02T17:30:59+00:00\",\"description\":\"Zelos Uhren bei WatchBandit kaufen \u2713 Trusted Shops Zertifiziert \u2713 Schweizer Automatik \u2713 Schnelle kostenlose Lieferung \u2713\",\"breadcrumb\":{\"@id\":\"https:\/\/watch-bandit.com\/de\/produkt\/zelos-spearfish-dual-time-ti-sky-blue\/#breadcrumb\"},\"inLanguage\":\"de-DE\",\"potentialAction\":[{\"@type\":\"ReadAction\",\"target\":[\"https:\/\/watch-bandit.com\/de\/produkt\/zelos-spearfish-dual-time-ti-sky-blue\/\"]}]},{\"@type\":\"BreadcrumbList\",\"@id\":\"https:\/\/watch-bandit.com\/de\/produkt\/zelos-spearfish-dual-time-ti-sky-blue\/#breadcrumb\",\"itemListElement\":[{\"@type\":\"ListItem\",\"position\":1,\"name\":\"Home\",\"item\":\"https:\/\/watchbandit.de\/\"},{\"@type\":\"ListItem\",\"position\":2,\"name\":\"Shop\",\"item\":\"https:\/\/watchbandit.de\/shop\/\"},{\"@type\":\"ListItem\",\"position\":3,\"name\":\"Watches\",\"item\":\"https:\/\/watch-bandit.com\/products\/watches\/\"},{\"@type\":\"ListItem\",\"position\":4,\"name\":\"Zelos &#8211; Spearfish Dual Time &#8211; Ti Sky Blue\"}]},{\"@type\":\"WebSite\",\"@id\":\"https:\/\/watch-bandit.com\/#website\",\"url\":\"https:\/\/watch-bandit.com\/\",\"name\":\"WATCHBANDIT\",\"description\":\"Contemporary Wrist Accessories\",\"publisher\":{\"@id\":\"https:\/\/watch-bandit.com\/#organization\"},\"potentialAction\":[{\"@type\":\"SearchAction\",\"target\":{\"@type\":\"EntryPoint\",\"urlTemplate\":\"https:\/\/watch-bandit.com\/?s={search_term_string}\"},\"query-input\":\"required name=search_term_string\"}],\"inLanguage\":\"de-DE\"},{\"@type\":\"Organization\",\"@id\":\"https:\/\/watch-bandit.com\/#organization\",\"name\":\"WatchBandit\",\"url\":\"https:\/\/watch-bandit.com\/\",\"logo\":{\"@type\":\"ImageObject\",\"inLanguage\":\"de-DE\",\"@id\":\"https:\/\/watch-bandit.com\/#\/schema\/logo\/image\/\",\"url\":\"https:\/\/watchbandit.de\/wp-content\/uploads\/2017\/11\/WB_Logo_557x124.png\",\"contentUrl\":\"https:\/\/watchbandit.de\/wp-content\/uploads\/2017\/11\/WB_Logo_557x124.png\",\"width\":557,\"height\":124,\"caption\":\"WatchBandit\"},\"image\":{\"@id\":\"https:\/\/watch-bandit.com\/#\/schema\/logo\/image\/\"}}]}<\/script>\n<!-- \/ Yoast SEO plugin. -->","yoast_head_json":{"title":"Zelos - Spearfish Dual Time - Ti Sky Blue - WATCHBANDIT","description":"Zelos Uhren bei WatchBandit kaufen \u2713 Trusted Shops Zertifiziert \u2713 Schweizer Automatik \u2713 Schnelle kostenlose Lieferung \u2713","robots":{"index":"noindex","follow":"follow","max-snippet":"max-snippet:-1","max-image-preview":"max-image-preview:large","max-video-preview":"max-video-preview:-1"},"og_locale":"de_DE","og_type":"article","og_title":"Zelos - Spearfish Dual Time - Ti Sky Blue - WATCHBANDIT","og_description":"Zelos Uhren bei WatchBandit kaufen \u2713 Trusted Shops Zertifiziert \u2713 Schweizer Automatik \u2713 Schnelle kostenlose Lieferung \u2713","og_url":"https:\/\/watch-bandit.com\/de\/produkt\/zelos-spearfish-dual-time-ti-sky-blue\/","og_site_name":"WATCHBANDIT","article_modified_time":"2024-07-02T17:30:59+00:00","og_image":[{"width":1400,"height":1700,"url":"https:\/\/watch-bandit.com\/wp-content\/uploads\/2024\/07\/Zelos-Spearfish-Dual-Time-Sky-Blue.jpg","type":"image\/jpeg"}],"twitter_misc":{"Gesch\u00e4tzte Lesezeit":"1 Minute"},"schema":{"@context":"https:\/\/schema.org","@graph":[{"@type":"WebPage","@id":"https:\/\/watch-bandit.com\/de\/produkt\/zelos-spearfish-dual-time-ti-sky-blue\/","url":"https:\/\/watch-bandit.com\/de\/produkt\/zelos-spearfish-dual-time-ti-sky-blue\/","name":"Zelos - Spearfish Dual Time - Ti Sky Blue - WATCHBANDIT","isPartOf":{"@id":"https:\/\/watch-bandit.com\/#website"},"datePublished":"2024-07-02T11:18:26+00:00","dateModified":"2024-07-02T17:30:59+00:00","description":"Zelos Uhren bei WatchBandit kaufen \u2713 Trusted Shops Zertifiziert \u2713 Schweizer Automatik \u2713 Schnelle kostenlose Lieferung \u2713","breadcrumb":{"@id":"https:\/\/watch-bandit.com\/de\/produkt\/zelos-spearfish-dual-time-ti-sky-blue\/#breadcrumb"},"inLanguage":"de-DE","potentialAction":[{"@type":"ReadAction","target":["https:\/\/watch-bandit.com\/de\/produkt\/zelos-spearfish-dual-time-ti-sky-blue\/"]}]},{"@type":"BreadcrumbList","@id":"https:\/\/watch-bandit.com\/de\/produkt\/zelos-spearfish-dual-time-ti-sky-blue\/#breadcrumb","itemListElement":[{"@type":"ListItem","position":1,"name":"Home","item":"https:\/\/watchbandit.de\/"},{"@type":"ListItem","position":2,"name":"Shop","item":"https:\/\/watchbandit.de\/shop\/"},{"@type":"ListItem","position":3,"name":"Watches","item":"https:\/\/watch-bandit.com\/products\/watches\/"},{"@type":"ListItem","position":4,"name":"Zelos &#8211; Spearfish Dual Time &#8211; Ti Sky Blue"}]},{"@type":"WebSite","@id":"https:\/\/watch-bandit.com\/#website","url":"https:\/\/watch-bandit.com\/","name":"WATCHBANDIT","description":"Contemporary Wrist Accessories","publisher":{"@id":"https:\/\/watch-bandit.com\/#organization"},"potentialAction":[{"@type":"SearchAction","target":{"@type":"EntryPoint","urlTemplate":"https:\/\/watch-bandit.com\/?s={search_term_string}"},"query-input":"required name=search_term_string"}],"inLanguage":"de-DE"},{"@type":"Organization","@id":"https:\/\/watch-bandit.com\/#organization","name":"WatchBandit","url":"https:\/\/watch-bandit.com\/","logo":{"@type":"ImageObject","inLanguage":"de-DE","@id":"https:\/\/watch-bandit.com\/#\/schema\/logo\/image\/","url":"https:\/\/watchbandit.de\/wp-content\/uploads\/2017\/11\/WB_Logo_557x124.png","contentUrl":"https:\/\/watchbandit.de\/wp-content\/uploads\/2017\/11\/WB_Logo_557x124.png","width":557,"height":124,"caption":"WatchBandit"},"image":{"@id":"https:\/\/watch-bandit.com\/#\/schema\/logo\/image\/"}}]}},"_links":{"self":[{"href":"https:\/\/watch-bandit.com\/de\/wp-json\/wp\/v2\/product\/340847"}],"collection":[{"href":"https:\/\/watch-bandit.com\/de\/wp-json\/wp\/v2\/product"}],"about":[{"href":"https:\/\/watch-bandit.com\/de\/wp-json\/wp\/v2\/types\/product"}],"replies":[{"embeddable":true,"href":"https:\/\/watch-bandit.com\/de\/wp-json\/wp\/v2\/comments?post=340847"}],"wp:featuredmedia":[{"embeddable":true,"href":"https:\/\/watch-bandit.com\/de\/wp-json\/wp\/v2\/media\/340860"}],"wp:attachment":[{"href":"https:\/\/watch-bandit.com\/de\/wp-json\/wp\/v2\/media?parent=340847"}],"wp:term":[{"taxonomy":"product_cat","embeddable":true,"href":"https:\/\/watch-bandit.com\/de\/wp-json\/wp\/v2\/product_cat?post=340847"},{"taxonomy":"product_tag","embeddable":true,"href":"https:\/\/watch-bandit.com\/de\/wp-json\/wp\/v2\/product_tag?post=340847"}],"curies":[{"name":"wp","href":"https:\/\/api.w.org\/{rel}","templated":true}]}}