{"id":344053,"date":"2024-08-16T10:32:32","date_gmt":"2024-08-16T08:32:33","guid":{"rendered":"https:\/\/watchbandit.com\/?post_type=product&#038;p=344053"},"modified":"2024-08-26T18:11:40","modified_gmt":"2024-08-26T16:11:40","slug":"hemel-eylandt-the-helmsman","status":"publish","type":"product","link":"https:\/\/watch-bandit.com\/de\/produkt\/hemel-eylandt-the-helmsman\/","title":{"rendered":"Hemel &#8211; Eylandt &#8211; The Helmsman"},"content":{"rendered":"<p>Eylandt by Hemel ist eine Kollektion robuster, speziell angefertigter Uhren mit Saphirglas, 200 Metern Wasserdichtigkeit und beweglichen Stahlarmb\u00e4ndern mit Schiebeverschluss. Dies sind schlichte Uhren zu schlichten Preisen, die sowohl in puncto \u00c4sthetik als auch in puncto Spezifikationen konkurrenzf\u00e4hig sind.<\/p>\n","protected":false},"excerpt":{"rendered":"<p>Die brandneue Eylandt von Hemel Watches besticht durch einen starken Charakter mit robusten Proportionen, doppelter Oberfl\u00e4che und gewagt minimalistischen Zifferblattdetails. Die kontrastreiche Oberfl\u00e4che bietet ein modernes Aussehen und ein offenes Gef\u00fchl, wobei Benutzerfreundlichkeit und zielgerichtete Interaktion im Vordergrund stehen.<\/p>\n<p><strong>Uhrwerk<\/strong>: Seiko NH38A (automatischer und manueller Aufzug, Sekundenzeiger mit Stoppfunktion, 21.600 Halbschwingungen pro Stunde, 24 Steine, 41 Stunden <strong>Gangreserve<\/strong>, bidirektionaler Rotor)<br \/>\n<strong>Geh\u00e4use<\/strong>: 40-mm-Geh\u00e4use aus 316L-Edelstahl<br \/>\n<strong>Wasserdichtigkeit<\/strong>: 200 Meter \/ 20 ATM<br \/>\n<strong>Armband<\/strong>: 316L-Edelstahl, Glieder, signiert, verstellbarer Schiebeverschluss, solide und gebogene weibliche Endglieder<\/p>\n","protected":false},"featured_media":344361,"comment_status":"open","ping_status":"closed","template":"","meta":[],"product_cat":[3727,4304,4433,37],"product_tag":[],"yoast_head":"<!-- This site is optimized with the Yoast SEO plugin v21.9 - https:\/\/yoast.com\/wordpress\/plugins\/seo\/ -->\n<title>Hemel Uhren bei WatchBandit kaufen \u2713 Authorizierter H\u00e4ndler \u2713 Kostenloser &amp; schneller Versand \u2713 Trusted Shops certified \u2713 Seit 2014 \u2713<\/title>\n<meta name=\"description\" content=\"Hemel Uhren bei WatchBandit kaufen \u2713 Authorizierter H\u00e4ndler \u2713 Kostenloser &amp; schneller Versand \u2713 Trusted Shops certified \u2713 Seit 2014 \u2713\" \/>\n<meta name=\"robots\" content=\"noindex, follow, max-snippet:-1, max-image-preview:large, max-video-preview:-1\" \/>\n<meta property=\"og:locale\" content=\"de_DE\" \/>\n<meta property=\"og:type\" content=\"article\" \/>\n<meta property=\"og:title\" content=\"Hemel Uhren bei WatchBandit kaufen \u2713 Authorizierter H\u00e4ndler \u2713 Kostenloser &amp; schneller Versand \u2713 Trusted Shops certified \u2713 Seit 2014 \u2713\" \/>\n<meta property=\"og:description\" content=\"Hemel Uhren bei WatchBandit kaufen \u2713 Authorizierter H\u00e4ndler \u2713 Kostenloser &amp; schneller Versand \u2713 Trusted Shops certified \u2713 Seit 2014 \u2713\" \/>\n<meta property=\"og:url\" content=\"https:\/\/watch-bandit.com\/de\/produkt\/hemel-eylandt-the-helmsman\/\" \/>\n<meta property=\"og:site_name\" content=\"WATCHBANDIT\" \/>\n<meta property=\"article:modified_time\" content=\"2024-08-26T16:11:40+00:00\" \/>\n<meta property=\"og:image\" content=\"https:\/\/watch-bandit.com\/wp-content\/uploads\/2024\/08\/hemel-eylandt-the-helmsman-.webp\" \/>\n\t<meta property=\"og:image:width\" content=\"900\" \/>\n\t<meta property=\"og:image:height\" content=\"900\" \/>\n\t<meta property=\"og:image:type\" content=\"image\/webp\" \/>\n<meta name=\"twitter:label1\" content=\"Gesch\u00e4tzte Lesezeit\" \/>\n\t<meta name=\"twitter:data1\" content=\"1 Minute\" \/>\n<script type=\"application\/ld+json\" class=\"yoast-schema-graph\">{\"@context\":\"https:\/\/schema.org\",\"@graph\":[{\"@type\":\"WebPage\",\"@id\":\"https:\/\/watch-bandit.com\/de\/produkt\/hemel-eylandt-the-helmsman\/\",\"url\":\"https:\/\/watch-bandit.com\/de\/produkt\/hemel-eylandt-the-helmsman\/\",\"name\":\"Hemel Uhren bei WatchBandit kaufen \u2713 Authorizierter H\u00e4ndler \u2713 Kostenloser & schneller Versand \u2713 Trusted Shops certified \u2713 Seit 2014 \u2713\",\"isPartOf\":{\"@id\":\"https:\/\/watch-bandit.com\/#website\"},\"datePublished\":\"2024-08-16T08:32:33+00:00\",\"dateModified\":\"2024-08-26T16:11:40+00:00\",\"description\":\"Hemel Uhren bei WatchBandit kaufen \u2713 Authorizierter H\u00e4ndler \u2713 Kostenloser & schneller Versand \u2713 Trusted Shops certified \u2713 Seit 2014 \u2713\",\"breadcrumb\":{\"@id\":\"https:\/\/watch-bandit.com\/de\/produkt\/hemel-eylandt-the-helmsman\/#breadcrumb\"},\"inLanguage\":\"de-DE\",\"potentialAction\":[{\"@type\":\"ReadAction\",\"target\":[\"https:\/\/watch-bandit.com\/de\/produkt\/hemel-eylandt-the-helmsman\/\"]}]},{\"@type\":\"BreadcrumbList\",\"@id\":\"https:\/\/watch-bandit.com\/de\/produkt\/hemel-eylandt-the-helmsman\/#breadcrumb\",\"itemListElement\":[{\"@type\":\"ListItem\",\"position\":1,\"name\":\"Home\",\"item\":\"https:\/\/watchbandit.de\/\"},{\"@type\":\"ListItem\",\"position\":2,\"name\":\"Shop\",\"item\":\"https:\/\/watchbandit.de\/shop\/\"},{\"@type\":\"ListItem\",\"position\":3,\"name\":\"Watches\",\"item\":\"https:\/\/watch-bandit.com\/products\/watches\/\"},{\"@type\":\"ListItem\",\"position\":4,\"name\":\"Hemel\",\"item\":\"https:\/\/watch-bandit.com\/products\/watches\/hemel\/\"},{\"@type\":\"ListItem\",\"position\":5,\"name\":\"Hemel &#8211; Eylandt &#8211; The Helmsman\"}]},{\"@type\":\"WebSite\",\"@id\":\"https:\/\/watch-bandit.com\/#website\",\"url\":\"https:\/\/watch-bandit.com\/\",\"name\":\"WATCHBANDIT\",\"description\":\"Contemporary Wrist Accessories\",\"publisher\":{\"@id\":\"https:\/\/watch-bandit.com\/#organization\"},\"potentialAction\":[{\"@type\":\"SearchAction\",\"target\":{\"@type\":\"EntryPoint\",\"urlTemplate\":\"https:\/\/watch-bandit.com\/?s={search_term_string}\"},\"query-input\":\"required name=search_term_string\"}],\"inLanguage\":\"de-DE\"},{\"@type\":\"Organization\",\"@id\":\"https:\/\/watch-bandit.com\/#organization\",\"name\":\"WatchBandit\",\"url\":\"https:\/\/watch-bandit.com\/\",\"logo\":{\"@type\":\"ImageObject\",\"inLanguage\":\"de-DE\",\"@id\":\"https:\/\/watch-bandit.com\/#\/schema\/logo\/image\/\",\"url\":\"https:\/\/watchbandit.de\/wp-content\/uploads\/2017\/11\/WB_Logo_557x124.png\",\"contentUrl\":\"https:\/\/watchbandit.de\/wp-content\/uploads\/2017\/11\/WB_Logo_557x124.png\",\"width\":557,\"height\":124,\"caption\":\"WatchBandit\"},\"image\":{\"@id\":\"https:\/\/watch-bandit.com\/#\/schema\/logo\/image\/\"}}]}<\/script>\n<!-- \/ Yoast SEO plugin. -->","yoast_head_json":{"title":"Hemel Uhren bei WatchBandit kaufen \u2713 Authorizierter H\u00e4ndler \u2713 Kostenloser & schneller Versand \u2713 Trusted Shops certified \u2713 Seit 2014 \u2713","description":"Hemel Uhren bei WatchBandit kaufen \u2713 Authorizierter H\u00e4ndler \u2713 Kostenloser & schneller Versand \u2713 Trusted Shops certified \u2713 Seit 2014 \u2713","robots":{"index":"noindex","follow":"follow","max-snippet":"max-snippet:-1","max-image-preview":"max-image-preview:large","max-video-preview":"max-video-preview:-1"},"og_locale":"de_DE","og_type":"article","og_title":"Hemel Uhren bei WatchBandit kaufen \u2713 Authorizierter H\u00e4ndler \u2713 Kostenloser & schneller Versand \u2713 Trusted Shops certified \u2713 Seit 2014 \u2713","og_description":"Hemel Uhren bei WatchBandit kaufen \u2713 Authorizierter H\u00e4ndler \u2713 Kostenloser & schneller Versand \u2713 Trusted Shops certified \u2713 Seit 2014 \u2713","og_url":"https:\/\/watch-bandit.com\/de\/produkt\/hemel-eylandt-the-helmsman\/","og_site_name":"WATCHBANDIT","article_modified_time":"2024-08-26T16:11:40+00:00","og_image":[{"width":900,"height":900,"url":"https:\/\/watch-bandit.com\/wp-content\/uploads\/2024\/08\/hemel-eylandt-the-helmsman-.webp","type":"image\/webp"}],"twitter_misc":{"Gesch\u00e4tzte Lesezeit":"1 Minute"},"schema":{"@context":"https:\/\/schema.org","@graph":[{"@type":"WebPage","@id":"https:\/\/watch-bandit.com\/de\/produkt\/hemel-eylandt-the-helmsman\/","url":"https:\/\/watch-bandit.com\/de\/produkt\/hemel-eylandt-the-helmsman\/","name":"Hemel Uhren bei WatchBandit kaufen \u2713 Authorizierter H\u00e4ndler \u2713 Kostenloser & schneller Versand \u2713 Trusted Shops certified \u2713 Seit 2014 \u2713","isPartOf":{"@id":"https:\/\/watch-bandit.com\/#website"},"datePublished":"2024-08-16T08:32:33+00:00","dateModified":"2024-08-26T16:11:40+00:00","description":"Hemel Uhren bei WatchBandit kaufen \u2713 Authorizierter H\u00e4ndler \u2713 Kostenloser & schneller Versand \u2713 Trusted Shops certified \u2713 Seit 2014 \u2713","breadcrumb":{"@id":"https:\/\/watch-bandit.com\/de\/produkt\/hemel-eylandt-the-helmsman\/#breadcrumb"},"inLanguage":"de-DE","potentialAction":[{"@type":"ReadAction","target":["https:\/\/watch-bandit.com\/de\/produkt\/hemel-eylandt-the-helmsman\/"]}]},{"@type":"BreadcrumbList","@id":"https:\/\/watch-bandit.com\/de\/produkt\/hemel-eylandt-the-helmsman\/#breadcrumb","itemListElement":[{"@type":"ListItem","position":1,"name":"Home","item":"https:\/\/watchbandit.de\/"},{"@type":"ListItem","position":2,"name":"Shop","item":"https:\/\/watchbandit.de\/shop\/"},{"@type":"ListItem","position":3,"name":"Watches","item":"https:\/\/watch-bandit.com\/products\/watches\/"},{"@type":"ListItem","position":4,"name":"Hemel","item":"https:\/\/watch-bandit.com\/products\/watches\/hemel\/"},{"@type":"ListItem","position":5,"name":"Hemel &#8211; Eylandt &#8211; The Helmsman"}]},{"@type":"WebSite","@id":"https:\/\/watch-bandit.com\/#website","url":"https:\/\/watch-bandit.com\/","name":"WATCHBANDIT","description":"Contemporary Wrist Accessories","publisher":{"@id":"https:\/\/watch-bandit.com\/#organization"},"potentialAction":[{"@type":"SearchAction","target":{"@type":"EntryPoint","urlTemplate":"https:\/\/watch-bandit.com\/?s={search_term_string}"},"query-input":"required name=search_term_string"}],"inLanguage":"de-DE"},{"@type":"Organization","@id":"https:\/\/watch-bandit.com\/#organization","name":"WatchBandit","url":"https:\/\/watch-bandit.com\/","logo":{"@type":"ImageObject","inLanguage":"de-DE","@id":"https:\/\/watch-bandit.com\/#\/schema\/logo\/image\/","url":"https:\/\/watchbandit.de\/wp-content\/uploads\/2017\/11\/WB_Logo_557x124.png","contentUrl":"https:\/\/watchbandit.de\/wp-content\/uploads\/2017\/11\/WB_Logo_557x124.png","width":557,"height":124,"caption":"WatchBandit"},"image":{"@id":"https:\/\/watch-bandit.com\/#\/schema\/logo\/image\/"}}]}},"_links":{"self":[{"href":"https:\/\/watch-bandit.com\/de\/wp-json\/wp\/v2\/product\/344053"}],"collection":[{"href":"https:\/\/watch-bandit.com\/de\/wp-json\/wp\/v2\/product"}],"about":[{"href":"https:\/\/watch-bandit.com\/de\/wp-json\/wp\/v2\/types\/product"}],"replies":[{"embeddable":true,"href":"https:\/\/watch-bandit.com\/de\/wp-json\/wp\/v2\/comments?post=344053"}],"wp:featuredmedia":[{"embeddable":true,"href":"https:\/\/watch-bandit.com\/de\/wp-json\/wp\/v2\/media\/344361"}],"wp:attachment":[{"href":"https:\/\/watch-bandit.com\/de\/wp-json\/wp\/v2\/media?parent=344053"}],"wp:term":[{"taxonomy":"product_cat","embeddable":true,"href":"https:\/\/watch-bandit.com\/de\/wp-json\/wp\/v2\/product_cat?post=344053"},{"taxonomy":"product_tag","embeddable":true,"href":"https:\/\/watch-bandit.com\/de\/wp-json\/wp\/v2\/product_tag?post=344053"}],"curies":[{"name":"wp","href":"https:\/\/api.w.org\/{rel}","templated":true}]}}