{"id":344669,"date":"2024-09-04T10:25:46","date_gmt":"2024-09-04T08:25:47","guid":{"rendered":"https:\/\/watchbandit.com\/?post_type=product&#038;p=344669"},"modified":"2024-09-04T19:02:58","modified_gmt":"2024-09-04T17:02:58","slug":"trematic-archivio-uno-ref-502-nero","status":"publish","type":"product","link":"https:\/\/watch-bandit.com\/de\/produkt\/trematic-archivio-uno-ref-502-nero\/","title":{"rendered":"Trematic &#8211; Archivio Uno &#8211; Ref. 502 &#8211; Nero"},"content":{"rendered":"","protected":false},"excerpt":{"rendered":"<p>Die 502 ist ein historischer Zeitmesser von Trematic, das durch das Projekt \u201eArchivio Uno\u201c wieder zum Leben erweckt wurde. Diese klassische und elegante Uhr ist zeitlos in ihrem Design. Mit nur 9 mm Dicke ist die 502 eine der d\u00fcnnsten Schweizer Automatikuhren ihrer Klasse. Ihr gut verarbeitetes Geh\u00e4use und ihre Oberfl\u00e4chen machen sie noch attraktiver. Das zweifarbige Pie-Pan-Zifferblatt mit einer Mischung aus keilf\u00f6rmigen und originalen arabischen Stundenmarkierungen von Trematic verleiht der 502 ein unverwechselbares und zeitloses Aussehen.<\/p>\n<p><strong>Uhrwerk<\/strong>: Sellita SW 200-1 elabor\u00e9 Swiss Automatic, 28.800 Schwingungen pro Stunde (4 Hz), 26 Steine, 41 Stunden Gangreserve<br \/>\n<strong>Geh\u00e4use<\/strong>: 38 mm polierter 316L-Stahl mit geb\u00fcrsteten Details, 9 mm Dicke<br \/>\n<strong>Wasserdichtigkeit<\/strong>: 5 atm \/ 50 Meter<br \/>\n<strong>Armband<\/strong>: In Italien hergestelltes veganes Uhrenarmband<\/p>\n","protected":false},"featured_media":344801,"comment_status":"open","ping_status":"closed","template":"","meta":[],"product_cat":[4502,37],"product_tag":[],"yoast_head":"<!-- This site is optimized with the Yoast SEO plugin v21.9 - https:\/\/yoast.com\/wordpress\/plugins\/seo\/ -->\n<title>Trematic - Archivio Uno - Ref. 502 - Nero - WATCHBANDIT<\/title>\n<meta name=\"description\" content=\"Squale Uhren bei WatchBandit kaufen\ud83c\uddee\ud83c\uddf9 Swiss Sellita SW200\ud83c\udde8\ud83c\udded Kostenlose &amp; schnelle Lieferung \u2705 TrustedShops zertifiziert\u2705 Seit 2014\u2705\" \/>\n<meta name=\"robots\" content=\"noindex, follow, max-snippet:-1, max-image-preview:large, max-video-preview:-1\" \/>\n<meta property=\"og:locale\" content=\"de_DE\" \/>\n<meta property=\"og:type\" content=\"article\" \/>\n<meta property=\"og:title\" content=\"Trematic - Archivio Uno - Ref. 502 - Nero - WATCHBANDIT\" \/>\n<meta property=\"og:description\" content=\"Squale Uhren bei WatchBandit kaufen\ud83c\uddee\ud83c\uddf9 Swiss Sellita SW200\ud83c\udde8\ud83c\udded Kostenlose &amp; schnelle Lieferung \u2705 TrustedShops zertifiziert\u2705 Seit 2014\u2705\" \/>\n<meta property=\"og:url\" content=\"https:\/\/watch-bandit.com\/de\/produkt\/trematic-archivio-uno-ref-502-nero\/\" \/>\n<meta property=\"og:site_name\" content=\"WATCHBANDIT\" \/>\n<meta property=\"article:modified_time\" content=\"2024-09-04T17:02:58+00:00\" \/>\n<meta property=\"og:image\" content=\"https:\/\/watch-bandit.com\/wp-content\/uploads\/2024\/09\/archivio-uno-ref-502-nero-.webp\" \/>\n\t<meta property=\"og:image:width\" content=\"1800\" \/>\n\t<meta property=\"og:image:height\" content=\"1799\" \/>\n\t<meta property=\"og:image:type\" content=\"image\/webp\" \/>\n<meta name=\"twitter:label1\" content=\"Gesch\u00e4tzte Lesezeit\" \/>\n\t<meta name=\"twitter:data1\" content=\"1 Minute\" \/>\n<script type=\"application\/ld+json\" class=\"yoast-schema-graph\">{\"@context\":\"https:\/\/schema.org\",\"@graph\":[{\"@type\":\"WebPage\",\"@id\":\"https:\/\/watch-bandit.com\/de\/produkt\/trematic-archivio-uno-ref-502-nero\/\",\"url\":\"https:\/\/watch-bandit.com\/de\/produkt\/trematic-archivio-uno-ref-502-nero\/\",\"name\":\"Trematic - Archivio Uno - Ref. 502 - Nero - WATCHBANDIT\",\"isPartOf\":{\"@id\":\"https:\/\/watch-bandit.com\/#website\"},\"datePublished\":\"2024-09-04T08:25:47+00:00\",\"dateModified\":\"2024-09-04T17:02:58+00:00\",\"description\":\"Squale Uhren bei WatchBandit kaufen\ud83c\uddee\ud83c\uddf9 Swiss Sellita SW200\ud83c\udde8\ud83c\udded Kostenlose & schnelle Lieferung \u2705 TrustedShops zertifiziert\u2705 Seit 2014\u2705\",\"breadcrumb\":{\"@id\":\"https:\/\/watch-bandit.com\/de\/produkt\/trematic-archivio-uno-ref-502-nero\/#breadcrumb\"},\"inLanguage\":\"de-DE\",\"potentialAction\":[{\"@type\":\"ReadAction\",\"target\":[\"https:\/\/watch-bandit.com\/de\/produkt\/trematic-archivio-uno-ref-502-nero\/\"]}]},{\"@type\":\"BreadcrumbList\",\"@id\":\"https:\/\/watch-bandit.com\/de\/produkt\/trematic-archivio-uno-ref-502-nero\/#breadcrumb\",\"itemListElement\":[{\"@type\":\"ListItem\",\"position\":1,\"name\":\"Home\",\"item\":\"https:\/\/watchbandit.de\/\"},{\"@type\":\"ListItem\",\"position\":2,\"name\":\"Shop\",\"item\":\"https:\/\/watchbandit.de\/shop\/\"},{\"@type\":\"ListItem\",\"position\":3,\"name\":\"Watches\",\"item\":\"https:\/\/watch-bandit.com\/products\/watches\/\"},{\"@type\":\"ListItem\",\"position\":4,\"name\":\"Trematic\",\"item\":\"https:\/\/watch-bandit.com\/products\/watches\/trematic\/\"},{\"@type\":\"ListItem\",\"position\":5,\"name\":\"Trematic &#8211; Archivio Uno &#8211; Ref. 502 &#8211; Nero\"}]},{\"@type\":\"WebSite\",\"@id\":\"https:\/\/watch-bandit.com\/#website\",\"url\":\"https:\/\/watch-bandit.com\/\",\"name\":\"WATCHBANDIT\",\"description\":\"Contemporary Wrist Accessories\",\"publisher\":{\"@id\":\"https:\/\/watch-bandit.com\/#organization\"},\"potentialAction\":[{\"@type\":\"SearchAction\",\"target\":{\"@type\":\"EntryPoint\",\"urlTemplate\":\"https:\/\/watch-bandit.com\/?s={search_term_string}\"},\"query-input\":\"required name=search_term_string\"}],\"inLanguage\":\"de-DE\"},{\"@type\":\"Organization\",\"@id\":\"https:\/\/watch-bandit.com\/#organization\",\"name\":\"WatchBandit\",\"url\":\"https:\/\/watch-bandit.com\/\",\"logo\":{\"@type\":\"ImageObject\",\"inLanguage\":\"de-DE\",\"@id\":\"https:\/\/watch-bandit.com\/#\/schema\/logo\/image\/\",\"url\":\"https:\/\/watchbandit.de\/wp-content\/uploads\/2017\/11\/WB_Logo_557x124.png\",\"contentUrl\":\"https:\/\/watchbandit.de\/wp-content\/uploads\/2017\/11\/WB_Logo_557x124.png\",\"width\":557,\"height\":124,\"caption\":\"WatchBandit\"},\"image\":{\"@id\":\"https:\/\/watch-bandit.com\/#\/schema\/logo\/image\/\"}}]}<\/script>\n<!-- \/ Yoast SEO plugin. -->","yoast_head_json":{"title":"Trematic - Archivio Uno - Ref. 502 - Nero - WATCHBANDIT","description":"Squale Uhren bei WatchBandit kaufen\ud83c\uddee\ud83c\uddf9 Swiss Sellita SW200\ud83c\udde8\ud83c\udded Kostenlose & schnelle Lieferung \u2705 TrustedShops zertifiziert\u2705 Seit 2014\u2705","robots":{"index":"noindex","follow":"follow","max-snippet":"max-snippet:-1","max-image-preview":"max-image-preview:large","max-video-preview":"max-video-preview:-1"},"og_locale":"de_DE","og_type":"article","og_title":"Trematic - Archivio Uno - Ref. 502 - Nero - WATCHBANDIT","og_description":"Squale Uhren bei WatchBandit kaufen\ud83c\uddee\ud83c\uddf9 Swiss Sellita SW200\ud83c\udde8\ud83c\udded Kostenlose & schnelle Lieferung \u2705 TrustedShops zertifiziert\u2705 Seit 2014\u2705","og_url":"https:\/\/watch-bandit.com\/de\/produkt\/trematic-archivio-uno-ref-502-nero\/","og_site_name":"WATCHBANDIT","article_modified_time":"2024-09-04T17:02:58+00:00","og_image":[{"width":1800,"height":1799,"url":"https:\/\/watch-bandit.com\/wp-content\/uploads\/2024\/09\/archivio-uno-ref-502-nero-.webp","type":"image\/webp"}],"twitter_misc":{"Gesch\u00e4tzte Lesezeit":"1 Minute"},"schema":{"@context":"https:\/\/schema.org","@graph":[{"@type":"WebPage","@id":"https:\/\/watch-bandit.com\/de\/produkt\/trematic-archivio-uno-ref-502-nero\/","url":"https:\/\/watch-bandit.com\/de\/produkt\/trematic-archivio-uno-ref-502-nero\/","name":"Trematic - Archivio Uno - Ref. 502 - Nero - WATCHBANDIT","isPartOf":{"@id":"https:\/\/watch-bandit.com\/#website"},"datePublished":"2024-09-04T08:25:47+00:00","dateModified":"2024-09-04T17:02:58+00:00","description":"Squale Uhren bei WatchBandit kaufen\ud83c\uddee\ud83c\uddf9 Swiss Sellita SW200\ud83c\udde8\ud83c\udded Kostenlose & schnelle Lieferung \u2705 TrustedShops zertifiziert\u2705 Seit 2014\u2705","breadcrumb":{"@id":"https:\/\/watch-bandit.com\/de\/produkt\/trematic-archivio-uno-ref-502-nero\/#breadcrumb"},"inLanguage":"de-DE","potentialAction":[{"@type":"ReadAction","target":["https:\/\/watch-bandit.com\/de\/produkt\/trematic-archivio-uno-ref-502-nero\/"]}]},{"@type":"BreadcrumbList","@id":"https:\/\/watch-bandit.com\/de\/produkt\/trematic-archivio-uno-ref-502-nero\/#breadcrumb","itemListElement":[{"@type":"ListItem","position":1,"name":"Home","item":"https:\/\/watchbandit.de\/"},{"@type":"ListItem","position":2,"name":"Shop","item":"https:\/\/watchbandit.de\/shop\/"},{"@type":"ListItem","position":3,"name":"Watches","item":"https:\/\/watch-bandit.com\/products\/watches\/"},{"@type":"ListItem","position":4,"name":"Trematic","item":"https:\/\/watch-bandit.com\/products\/watches\/trematic\/"},{"@type":"ListItem","position":5,"name":"Trematic &#8211; Archivio Uno &#8211; Ref. 502 &#8211; Nero"}]},{"@type":"WebSite","@id":"https:\/\/watch-bandit.com\/#website","url":"https:\/\/watch-bandit.com\/","name":"WATCHBANDIT","description":"Contemporary Wrist Accessories","publisher":{"@id":"https:\/\/watch-bandit.com\/#organization"},"potentialAction":[{"@type":"SearchAction","target":{"@type":"EntryPoint","urlTemplate":"https:\/\/watch-bandit.com\/?s={search_term_string}"},"query-input":"required name=search_term_string"}],"inLanguage":"de-DE"},{"@type":"Organization","@id":"https:\/\/watch-bandit.com\/#organization","name":"WatchBandit","url":"https:\/\/watch-bandit.com\/","logo":{"@type":"ImageObject","inLanguage":"de-DE","@id":"https:\/\/watch-bandit.com\/#\/schema\/logo\/image\/","url":"https:\/\/watchbandit.de\/wp-content\/uploads\/2017\/11\/WB_Logo_557x124.png","contentUrl":"https:\/\/watchbandit.de\/wp-content\/uploads\/2017\/11\/WB_Logo_557x124.png","width":557,"height":124,"caption":"WatchBandit"},"image":{"@id":"https:\/\/watch-bandit.com\/#\/schema\/logo\/image\/"}}]}},"_links":{"self":[{"href":"https:\/\/watch-bandit.com\/de\/wp-json\/wp\/v2\/product\/344669"}],"collection":[{"href":"https:\/\/watch-bandit.com\/de\/wp-json\/wp\/v2\/product"}],"about":[{"href":"https:\/\/watch-bandit.com\/de\/wp-json\/wp\/v2\/types\/product"}],"replies":[{"embeddable":true,"href":"https:\/\/watch-bandit.com\/de\/wp-json\/wp\/v2\/comments?post=344669"}],"wp:featuredmedia":[{"embeddable":true,"href":"https:\/\/watch-bandit.com\/de\/wp-json\/wp\/v2\/media\/344801"}],"wp:attachment":[{"href":"https:\/\/watch-bandit.com\/de\/wp-json\/wp\/v2\/media?parent=344669"}],"wp:term":[{"taxonomy":"product_cat","embeddable":true,"href":"https:\/\/watch-bandit.com\/de\/wp-json\/wp\/v2\/product_cat?post=344669"},{"taxonomy":"product_tag","embeddable":true,"href":"https:\/\/watch-bandit.com\/de\/wp-json\/wp\/v2\/product_tag?post=344669"}],"curies":[{"name":"wp","href":"https:\/\/api.w.org\/{rel}","templated":true}]}}