{"id":344676,"date":"2024-09-04T10:42:41","date_gmt":"2024-09-04T08:42:41","guid":{"rendered":"https:\/\/watchbandit.com\/?post_type=product&#038;p=344676"},"modified":"2024-09-05T11:36:30","modified_gmt":"2024-09-05T09:36:30","slug":"trematic-zy6-sacramento-38-mm","status":"publish","type":"product","link":"https:\/\/watch-bandit.com\/de\/produkt\/trematic-zy6-sacramento-38-mm\/","title":{"rendered":"Trematic &#8211; ZY6 Sacramento 38 mm"},"content":{"rendered":"","protected":false},"excerpt":{"rendered":"<p>Die Uhren ZY6 von Trematic vereinen modernes Design mit einer Anspielung auf die Vergangenheit und vereinen so die perfekte Mischung aus Texturen, Formen und Stil. Sie wurden mit erstklassiger Handwerkskunst gefertigt und sind auf Langlebigkeit ausgelegt. Mit einem Durchmesser von 38 mm und einer Dicke von 11 mm ist die ZY6 kompakt und dennoch robust und bietet sowohl ein sportliches als auch elegantes Aussehen. Sie ist die perfekte Uhr f\u00fcr jedes Abenteuer und wurde entwickelt, um den Test der Zeit zu bestehen, sodass Sie sie an zuk\u00fcnftige Generationen weitergeben k\u00f6nnen. Eine wahrhaft zeitlose Uhr.<\/p>\n<p><strong>Uhrwerk<\/strong>: Sellita SW 200-1 Swiss Automatic, 28.800 Schwingungen pro Stunde (4 Hz), 26 Steine, 41 Stunden Gangreserve<br \/>\n<strong>Geh\u00e4use<\/strong>: 38 mm geb\u00fcrsteter 316L-Stahl mit polierten Details, 11,1 mm dick, kreisf\u00f6rmig geb\u00fcrstete verschraubte Krone<br \/>\n<strong>Wasserdichtigkeit<\/strong>: 10 atm \/ 100 Meter<br \/>\n<strong>Armband<\/strong>: Veganes Uhrenarmband, handgefertigt in Italien<\/p>\n","protected":false},"featured_media":344765,"comment_status":"open","ping_status":"closed","template":"","meta":[],"product_cat":[4502,37],"product_tag":[],"yoast_head":"<!-- This site is optimized with the Yoast SEO plugin v21.9 - https:\/\/yoast.com\/wordpress\/plugins\/seo\/ -->\n<title>Trematic - ZY6 Sacramento 38 mm - WATCHBANDIT<\/title>\n<meta name=\"description\" content=\"Trematic Uhren bei WatchBandit kaufen\u2705 Swiss Sellita SW200\ud83c\udde8\ud83c\udded Kostenlose &amp; schnelle Lieferung \u2705 TrustedShops zertifiziert\u2705 Seit 2014\u2705\" \/>\n<meta name=\"robots\" content=\"noindex, follow, max-snippet:-1, max-image-preview:large, max-video-preview:-1\" \/>\n<meta property=\"og:locale\" content=\"de_DE\" \/>\n<meta property=\"og:type\" content=\"article\" \/>\n<meta property=\"og:title\" content=\"Trematic - ZY6 Sacramento 38 mm - WATCHBANDIT\" \/>\n<meta property=\"og:description\" content=\"Trematic Uhren bei WatchBandit kaufen\u2705 Swiss Sellita SW200\ud83c\udde8\ud83c\udded Kostenlose &amp; schnelle Lieferung \u2705 TrustedShops zertifiziert\u2705 Seit 2014\u2705\" \/>\n<meta property=\"og:url\" content=\"https:\/\/watch-bandit.com\/de\/produkt\/trematic-zy6-sacramento-38-mm\/\" \/>\n<meta property=\"og:site_name\" content=\"WATCHBANDIT\" \/>\n<meta property=\"article:modified_time\" content=\"2024-09-05T09:36:30+00:00\" \/>\n<meta property=\"og:image\" content=\"https:\/\/watch-bandit.com\/wp-content\/uploads\/2024\/09\/trematic-zy6-sacramento-38-mm-.webp\" \/>\n\t<meta property=\"og:image:width\" content=\"1800\" \/>\n\t<meta property=\"og:image:height\" content=\"1799\" \/>\n\t<meta property=\"og:image:type\" content=\"image\/webp\" \/>\n<meta name=\"twitter:label1\" content=\"Gesch\u00e4tzte Lesezeit\" \/>\n\t<meta name=\"twitter:data1\" content=\"1 Minute\" \/>\n<script type=\"application\/ld+json\" class=\"yoast-schema-graph\">{\"@context\":\"https:\/\/schema.org\",\"@graph\":[{\"@type\":\"WebPage\",\"@id\":\"https:\/\/watch-bandit.com\/de\/produkt\/trematic-zy6-sacramento-38-mm\/\",\"url\":\"https:\/\/watch-bandit.com\/de\/produkt\/trematic-zy6-sacramento-38-mm\/\",\"name\":\"Trematic - ZY6 Sacramento 38 mm - WATCHBANDIT\",\"isPartOf\":{\"@id\":\"https:\/\/watch-bandit.com\/#website\"},\"datePublished\":\"2024-09-04T08:42:41+00:00\",\"dateModified\":\"2024-09-05T09:36:30+00:00\",\"description\":\"Trematic Uhren bei WatchBandit kaufen\u2705 Swiss Sellita SW200\ud83c\udde8\ud83c\udded Kostenlose & schnelle Lieferung \u2705 TrustedShops zertifiziert\u2705 Seit 2014\u2705\",\"breadcrumb\":{\"@id\":\"https:\/\/watch-bandit.com\/de\/produkt\/trematic-zy6-sacramento-38-mm\/#breadcrumb\"},\"inLanguage\":\"de-DE\",\"potentialAction\":[{\"@type\":\"ReadAction\",\"target\":[\"https:\/\/watch-bandit.com\/de\/produkt\/trematic-zy6-sacramento-38-mm\/\"]}]},{\"@type\":\"BreadcrumbList\",\"@id\":\"https:\/\/watch-bandit.com\/de\/produkt\/trematic-zy6-sacramento-38-mm\/#breadcrumb\",\"itemListElement\":[{\"@type\":\"ListItem\",\"position\":1,\"name\":\"Home\",\"item\":\"https:\/\/watchbandit.de\/\"},{\"@type\":\"ListItem\",\"position\":2,\"name\":\"Shop\",\"item\":\"https:\/\/watchbandit.de\/shop\/\"},{\"@type\":\"ListItem\",\"position\":3,\"name\":\"Watches\",\"item\":\"https:\/\/watch-bandit.com\/products\/watches\/\"},{\"@type\":\"ListItem\",\"position\":4,\"name\":\"Trematic\",\"item\":\"https:\/\/watch-bandit.com\/products\/watches\/trematic\/\"},{\"@type\":\"ListItem\",\"position\":5,\"name\":\"Trematic &#8211; ZY6 Sacramento 38 mm\"}]},{\"@type\":\"WebSite\",\"@id\":\"https:\/\/watch-bandit.com\/#website\",\"url\":\"https:\/\/watch-bandit.com\/\",\"name\":\"WATCHBANDIT\",\"description\":\"Contemporary Wrist Accessories\",\"publisher\":{\"@id\":\"https:\/\/watch-bandit.com\/#organization\"},\"potentialAction\":[{\"@type\":\"SearchAction\",\"target\":{\"@type\":\"EntryPoint\",\"urlTemplate\":\"https:\/\/watch-bandit.com\/?s={search_term_string}\"},\"query-input\":\"required name=search_term_string\"}],\"inLanguage\":\"de-DE\"},{\"@type\":\"Organization\",\"@id\":\"https:\/\/watch-bandit.com\/#organization\",\"name\":\"WatchBandit\",\"url\":\"https:\/\/watch-bandit.com\/\",\"logo\":{\"@type\":\"ImageObject\",\"inLanguage\":\"de-DE\",\"@id\":\"https:\/\/watch-bandit.com\/#\/schema\/logo\/image\/\",\"url\":\"https:\/\/watchbandit.de\/wp-content\/uploads\/2017\/11\/WB_Logo_557x124.png\",\"contentUrl\":\"https:\/\/watchbandit.de\/wp-content\/uploads\/2017\/11\/WB_Logo_557x124.png\",\"width\":557,\"height\":124,\"caption\":\"WatchBandit\"},\"image\":{\"@id\":\"https:\/\/watch-bandit.com\/#\/schema\/logo\/image\/\"}}]}<\/script>\n<!-- \/ Yoast SEO plugin. -->","yoast_head_json":{"title":"Trematic - ZY6 Sacramento 38 mm - WATCHBANDIT","description":"Trematic Uhren bei WatchBandit kaufen\u2705 Swiss Sellita SW200\ud83c\udde8\ud83c\udded Kostenlose & schnelle Lieferung \u2705 TrustedShops zertifiziert\u2705 Seit 2014\u2705","robots":{"index":"noindex","follow":"follow","max-snippet":"max-snippet:-1","max-image-preview":"max-image-preview:large","max-video-preview":"max-video-preview:-1"},"og_locale":"de_DE","og_type":"article","og_title":"Trematic - ZY6 Sacramento 38 mm - WATCHBANDIT","og_description":"Trematic Uhren bei WatchBandit kaufen\u2705 Swiss Sellita SW200\ud83c\udde8\ud83c\udded Kostenlose & schnelle Lieferung \u2705 TrustedShops zertifiziert\u2705 Seit 2014\u2705","og_url":"https:\/\/watch-bandit.com\/de\/produkt\/trematic-zy6-sacramento-38-mm\/","og_site_name":"WATCHBANDIT","article_modified_time":"2024-09-05T09:36:30+00:00","og_image":[{"width":1800,"height":1799,"url":"https:\/\/watch-bandit.com\/wp-content\/uploads\/2024\/09\/trematic-zy6-sacramento-38-mm-.webp","type":"image\/webp"}],"twitter_misc":{"Gesch\u00e4tzte Lesezeit":"1 Minute"},"schema":{"@context":"https:\/\/schema.org","@graph":[{"@type":"WebPage","@id":"https:\/\/watch-bandit.com\/de\/produkt\/trematic-zy6-sacramento-38-mm\/","url":"https:\/\/watch-bandit.com\/de\/produkt\/trematic-zy6-sacramento-38-mm\/","name":"Trematic - ZY6 Sacramento 38 mm - WATCHBANDIT","isPartOf":{"@id":"https:\/\/watch-bandit.com\/#website"},"datePublished":"2024-09-04T08:42:41+00:00","dateModified":"2024-09-05T09:36:30+00:00","description":"Trematic Uhren bei WatchBandit kaufen\u2705 Swiss Sellita SW200\ud83c\udde8\ud83c\udded Kostenlose & schnelle Lieferung \u2705 TrustedShops zertifiziert\u2705 Seit 2014\u2705","breadcrumb":{"@id":"https:\/\/watch-bandit.com\/de\/produkt\/trematic-zy6-sacramento-38-mm\/#breadcrumb"},"inLanguage":"de-DE","potentialAction":[{"@type":"ReadAction","target":["https:\/\/watch-bandit.com\/de\/produkt\/trematic-zy6-sacramento-38-mm\/"]}]},{"@type":"BreadcrumbList","@id":"https:\/\/watch-bandit.com\/de\/produkt\/trematic-zy6-sacramento-38-mm\/#breadcrumb","itemListElement":[{"@type":"ListItem","position":1,"name":"Home","item":"https:\/\/watchbandit.de\/"},{"@type":"ListItem","position":2,"name":"Shop","item":"https:\/\/watchbandit.de\/shop\/"},{"@type":"ListItem","position":3,"name":"Watches","item":"https:\/\/watch-bandit.com\/products\/watches\/"},{"@type":"ListItem","position":4,"name":"Trematic","item":"https:\/\/watch-bandit.com\/products\/watches\/trematic\/"},{"@type":"ListItem","position":5,"name":"Trematic &#8211; ZY6 Sacramento 38 mm"}]},{"@type":"WebSite","@id":"https:\/\/watch-bandit.com\/#website","url":"https:\/\/watch-bandit.com\/","name":"WATCHBANDIT","description":"Contemporary Wrist Accessories","publisher":{"@id":"https:\/\/watch-bandit.com\/#organization"},"potentialAction":[{"@type":"SearchAction","target":{"@type":"EntryPoint","urlTemplate":"https:\/\/watch-bandit.com\/?s={search_term_string}"},"query-input":"required name=search_term_string"}],"inLanguage":"de-DE"},{"@type":"Organization","@id":"https:\/\/watch-bandit.com\/#organization","name":"WatchBandit","url":"https:\/\/watch-bandit.com\/","logo":{"@type":"ImageObject","inLanguage":"de-DE","@id":"https:\/\/watch-bandit.com\/#\/schema\/logo\/image\/","url":"https:\/\/watchbandit.de\/wp-content\/uploads\/2017\/11\/WB_Logo_557x124.png","contentUrl":"https:\/\/watchbandit.de\/wp-content\/uploads\/2017\/11\/WB_Logo_557x124.png","width":557,"height":124,"caption":"WatchBandit"},"image":{"@id":"https:\/\/watch-bandit.com\/#\/schema\/logo\/image\/"}}]}},"_links":{"self":[{"href":"https:\/\/watch-bandit.com\/de\/wp-json\/wp\/v2\/product\/344676"}],"collection":[{"href":"https:\/\/watch-bandit.com\/de\/wp-json\/wp\/v2\/product"}],"about":[{"href":"https:\/\/watch-bandit.com\/de\/wp-json\/wp\/v2\/types\/product"}],"replies":[{"embeddable":true,"href":"https:\/\/watch-bandit.com\/de\/wp-json\/wp\/v2\/comments?post=344676"}],"wp:featuredmedia":[{"embeddable":true,"href":"https:\/\/watch-bandit.com\/de\/wp-json\/wp\/v2\/media\/344765"}],"wp:attachment":[{"href":"https:\/\/watch-bandit.com\/de\/wp-json\/wp\/v2\/media?parent=344676"}],"wp:term":[{"taxonomy":"product_cat","embeddable":true,"href":"https:\/\/watch-bandit.com\/de\/wp-json\/wp\/v2\/product_cat?post=344676"},{"taxonomy":"product_tag","embeddable":true,"href":"https:\/\/watch-bandit.com\/de\/wp-json\/wp\/v2\/product_tag?post=344676"}],"curies":[{"name":"wp","href":"https:\/\/api.w.org\/{rel}","templated":true}]}}