{"id":344844,"date":"2024-09-05T10:18:43","date_gmt":"2024-09-05T08:18:43","guid":{"rendered":"https:\/\/watchbandit.com\/?post_type=product&#038;p=344844"},"modified":"2024-09-09T12:53:54","modified_gmt":"2024-09-09T10:53:54","slug":"second-hour-the-sattelberg-mk2-blue","status":"publish","type":"product","link":"https:\/\/watch-bandit.com\/de\/produkt\/second-hour-the-sattelberg-mk2-blue\/","title":{"rendered":"Second Hour &#8211; The Sattelberg Mk2 &#8211; Blue"},"content":{"rendered":"","protected":false},"excerpt":{"rendered":"<p>Die Sattelberg ist nach Sattelberg auf der Halbinsel Huon, Neuguinea, benannt. Sattelberg war mit 896 Metern nicht viel mehr als ein gro\u00dfer H\u00fcgel und ein entscheidender Feldzug, bei dem australische Truppen eine entscheidende Rolle spielten und dazu beitrugen, das Blatt im pazifischen Raum zu wenden. Es ist jedoch eher die historische Erinnerung als die Feier des Krieges, die Sattelberg f\u00fcr Second Hour so wichtig macht. Durch Recherchen hat Second Hour diese Erinnerung genutzt, um stattdessen den australischen Geist der Hartn\u00e4ckigkeit und des Mutes angesichts gro\u00dfer Widrigkeiten zu ehren, der f\u00fcr diejenigen charakteristisch war, die diese Zeit miterlebten. Eine Anspielung auf diesen rauen Ort sind die L\u00e4ngen- und Breitengradkoordinaten f\u00fcr Sattelberg, die in den schlichten Geh\u00e4useboden eingraviert sind. Glatte, schlanke Linien verbinden sich mit umwerfend gutem Aussehen und hervorragendem Schutz vor der Abnutzung des t\u00e4glichen Lebens. Robust, vielseitig mit Haltbarkeit, die in der Designsprache, Komponentenauswahl und Verarbeitungsqualit\u00e4t fest verdrahtet ist. Mit seinem klassisch guten Aussehen und dem hervorragenden Materialeinsatz wird der Sattelberg zu einem unverzichtbaren Bestandteil Ihres aktiven Lebensstils. Entdecken Sie die Zuverl\u00e4ssigkeit des in Japan hergestellten Miyota 9015 und die robuste Kratzfestigkeit, die durch unsere erstklassige Oberfl\u00e4chenh\u00e4rtung erreicht wird. Durch die Kombination eines \u00e4u\u00dferst vielseitigen Geh\u00e4usedurchmessers von 40 mm mit 47 mm Bandansto\u00df und einem \u00e4u\u00dferst d\u00fcnnen Profil von nur 9,8 mm ist die Sattelberg die ultimative Uhr um t\u00e4glich getragen zu werden.<\/p>\n<p><strong>Uhrwerk:<\/strong> Japanisches Miyota 9015 Hochschlag-Automatikwerk mit 24 Steinen<br \/>\n<strong>Geh\u00e4use:<\/strong> Edelstahl 316L mit 1200 Vickers-Oberfl\u00e4chenh\u00e4rtung, 40 mm Durchmesser, 10 mm Dicke, flaches Saphirglas mit Antireflexbeschichtung<br \/>\n<strong>Wasserdichtigkeit:<\/strong> 10 ATM \/ 100 Meter \/ 330 Fu\u00df<br \/>\n<strong>Armband:<\/strong> Edelstahlarmband mit verschraubten Gliedern und Schnellwechsel-Federstegen<\/p>\n","protected":false},"featured_media":344976,"comment_status":"open","ping_status":"closed","template":"","meta":[],"product_cat":[4256,37],"product_tag":[],"yoast_head":"<!-- This site is optimized with the Yoast SEO plugin v21.9 - https:\/\/yoast.com\/wordpress\/plugins\/seo\/ -->\n<title>Second Hour - The Sattelberg Mk2 - Blue - WATCHBANDIT<\/title>\n<meta name=\"description\" content=\"Second Hour Watches bei WatchBandit kaufen\u2714\ufe0fAutorisierter H\u00e4ndler\u2714\ufe0fMechanisch\u2714\ufe0fkostenlose &amp; schnelle Lieferung\u2714\ufe0fTrusted Shops\u2714\ufe0f\" \/>\n<meta name=\"robots\" content=\"noindex, follow, max-snippet:-1, max-image-preview:large, max-video-preview:-1\" \/>\n<meta property=\"og:locale\" content=\"de_DE\" \/>\n<meta property=\"og:type\" content=\"article\" \/>\n<meta property=\"og:title\" content=\"Second Hour - The Sattelberg Mk2 - Blue - WATCHBANDIT\" \/>\n<meta property=\"og:description\" content=\"Second Hour Watches bei WatchBandit kaufen\u2714\ufe0fAutorisierter H\u00e4ndler\u2714\ufe0fMechanisch\u2714\ufe0fkostenlose &amp; schnelle Lieferung\u2714\ufe0fTrusted Shops\u2714\ufe0f\" \/>\n<meta property=\"og:url\" content=\"https:\/\/watch-bandit.com\/de\/produkt\/second-hour-the-sattelberg-mk2-blue\/\" \/>\n<meta property=\"og:site_name\" content=\"WATCHBANDIT\" \/>\n<meta property=\"article:modified_time\" content=\"2024-09-09T10:53:54+00:00\" \/>\n<meta property=\"og:image\" content=\"https:\/\/watch-bandit.com\/wp-content\/uploads\/2024\/09\/second-hour-the-sattelberg-mk2-blue-.webp\" \/>\n\t<meta property=\"og:image:width\" content=\"1417\" \/>\n\t<meta property=\"og:image:height\" content=\"1417\" \/>\n\t<meta property=\"og:image:type\" content=\"image\/webp\" \/>\n<meta name=\"twitter:label1\" content=\"Gesch\u00e4tzte Lesezeit\" \/>\n\t<meta name=\"twitter:data1\" content=\"1 Minute\" \/>\n<script type=\"application\/ld+json\" class=\"yoast-schema-graph\">{\"@context\":\"https:\/\/schema.org\",\"@graph\":[{\"@type\":\"WebPage\",\"@id\":\"https:\/\/watch-bandit.com\/de\/produkt\/second-hour-the-sattelberg-mk2-blue\/\",\"url\":\"https:\/\/watch-bandit.com\/de\/produkt\/second-hour-the-sattelberg-mk2-blue\/\",\"name\":\"Second Hour - The Sattelberg Mk2 - Blue - WATCHBANDIT\",\"isPartOf\":{\"@id\":\"https:\/\/watch-bandit.com\/#website\"},\"datePublished\":\"2024-09-05T08:18:43+00:00\",\"dateModified\":\"2024-09-09T10:53:54+00:00\",\"description\":\"Second Hour Watches bei WatchBandit kaufen\u2714\ufe0fAutorisierter H\u00e4ndler\u2714\ufe0fMechanisch\u2714\ufe0fkostenlose & schnelle Lieferung\u2714\ufe0fTrusted Shops\u2714\ufe0f\",\"breadcrumb\":{\"@id\":\"https:\/\/watch-bandit.com\/de\/produkt\/second-hour-the-sattelberg-mk2-blue\/#breadcrumb\"},\"inLanguage\":\"de-DE\",\"potentialAction\":[{\"@type\":\"ReadAction\",\"target\":[\"https:\/\/watch-bandit.com\/de\/produkt\/second-hour-the-sattelberg-mk2-blue\/\"]}]},{\"@type\":\"BreadcrumbList\",\"@id\":\"https:\/\/watch-bandit.com\/de\/produkt\/second-hour-the-sattelberg-mk2-blue\/#breadcrumb\",\"itemListElement\":[{\"@type\":\"ListItem\",\"position\":1,\"name\":\"Home\",\"item\":\"https:\/\/watchbandit.de\/\"},{\"@type\":\"ListItem\",\"position\":2,\"name\":\"Shop\",\"item\":\"https:\/\/watchbandit.de\/shop\/\"},{\"@type\":\"ListItem\",\"position\":3,\"name\":\"Watches\",\"item\":\"https:\/\/watch-bandit.com\/products\/watches\/\"},{\"@type\":\"ListItem\",\"position\":4,\"name\":\"Second Hour &#8211; The Sattelberg Mk2 &#8211; Blue\"}]},{\"@type\":\"WebSite\",\"@id\":\"https:\/\/watch-bandit.com\/#website\",\"url\":\"https:\/\/watch-bandit.com\/\",\"name\":\"WATCHBANDIT\",\"description\":\"Contemporary Wrist Accessories\",\"publisher\":{\"@id\":\"https:\/\/watch-bandit.com\/#organization\"},\"potentialAction\":[{\"@type\":\"SearchAction\",\"target\":{\"@type\":\"EntryPoint\",\"urlTemplate\":\"https:\/\/watch-bandit.com\/?s={search_term_string}\"},\"query-input\":\"required name=search_term_string\"}],\"inLanguage\":\"de-DE\"},{\"@type\":\"Organization\",\"@id\":\"https:\/\/watch-bandit.com\/#organization\",\"name\":\"WatchBandit\",\"url\":\"https:\/\/watch-bandit.com\/\",\"logo\":{\"@type\":\"ImageObject\",\"inLanguage\":\"de-DE\",\"@id\":\"https:\/\/watch-bandit.com\/#\/schema\/logo\/image\/\",\"url\":\"https:\/\/watchbandit.de\/wp-content\/uploads\/2017\/11\/WB_Logo_557x124.png\",\"contentUrl\":\"https:\/\/watchbandit.de\/wp-content\/uploads\/2017\/11\/WB_Logo_557x124.png\",\"width\":557,\"height\":124,\"caption\":\"WatchBandit\"},\"image\":{\"@id\":\"https:\/\/watch-bandit.com\/#\/schema\/logo\/image\/\"}}]}<\/script>\n<!-- \/ Yoast SEO plugin. -->","yoast_head_json":{"title":"Second Hour - The Sattelberg Mk2 - Blue - WATCHBANDIT","description":"Second Hour Watches bei WatchBandit kaufen\u2714\ufe0fAutorisierter H\u00e4ndler\u2714\ufe0fMechanisch\u2714\ufe0fkostenlose & schnelle Lieferung\u2714\ufe0fTrusted Shops\u2714\ufe0f","robots":{"index":"noindex","follow":"follow","max-snippet":"max-snippet:-1","max-image-preview":"max-image-preview:large","max-video-preview":"max-video-preview:-1"},"og_locale":"de_DE","og_type":"article","og_title":"Second Hour - The Sattelberg Mk2 - Blue - WATCHBANDIT","og_description":"Second Hour Watches bei WatchBandit kaufen\u2714\ufe0fAutorisierter H\u00e4ndler\u2714\ufe0fMechanisch\u2714\ufe0fkostenlose & schnelle Lieferung\u2714\ufe0fTrusted Shops\u2714\ufe0f","og_url":"https:\/\/watch-bandit.com\/de\/produkt\/second-hour-the-sattelberg-mk2-blue\/","og_site_name":"WATCHBANDIT","article_modified_time":"2024-09-09T10:53:54+00:00","og_image":[{"width":1417,"height":1417,"url":"https:\/\/watch-bandit.com\/wp-content\/uploads\/2024\/09\/second-hour-the-sattelberg-mk2-blue-.webp","type":"image\/webp"}],"twitter_misc":{"Gesch\u00e4tzte Lesezeit":"1 Minute"},"schema":{"@context":"https:\/\/schema.org","@graph":[{"@type":"WebPage","@id":"https:\/\/watch-bandit.com\/de\/produkt\/second-hour-the-sattelberg-mk2-blue\/","url":"https:\/\/watch-bandit.com\/de\/produkt\/second-hour-the-sattelberg-mk2-blue\/","name":"Second Hour - The Sattelberg Mk2 - Blue - WATCHBANDIT","isPartOf":{"@id":"https:\/\/watch-bandit.com\/#website"},"datePublished":"2024-09-05T08:18:43+00:00","dateModified":"2024-09-09T10:53:54+00:00","description":"Second Hour Watches bei WatchBandit kaufen\u2714\ufe0fAutorisierter H\u00e4ndler\u2714\ufe0fMechanisch\u2714\ufe0fkostenlose & schnelle Lieferung\u2714\ufe0fTrusted Shops\u2714\ufe0f","breadcrumb":{"@id":"https:\/\/watch-bandit.com\/de\/produkt\/second-hour-the-sattelberg-mk2-blue\/#breadcrumb"},"inLanguage":"de-DE","potentialAction":[{"@type":"ReadAction","target":["https:\/\/watch-bandit.com\/de\/produkt\/second-hour-the-sattelberg-mk2-blue\/"]}]},{"@type":"BreadcrumbList","@id":"https:\/\/watch-bandit.com\/de\/produkt\/second-hour-the-sattelberg-mk2-blue\/#breadcrumb","itemListElement":[{"@type":"ListItem","position":1,"name":"Home","item":"https:\/\/watchbandit.de\/"},{"@type":"ListItem","position":2,"name":"Shop","item":"https:\/\/watchbandit.de\/shop\/"},{"@type":"ListItem","position":3,"name":"Watches","item":"https:\/\/watch-bandit.com\/products\/watches\/"},{"@type":"ListItem","position":4,"name":"Second Hour &#8211; The Sattelberg Mk2 &#8211; Blue"}]},{"@type":"WebSite","@id":"https:\/\/watch-bandit.com\/#website","url":"https:\/\/watch-bandit.com\/","name":"WATCHBANDIT","description":"Contemporary Wrist Accessories","publisher":{"@id":"https:\/\/watch-bandit.com\/#organization"},"potentialAction":[{"@type":"SearchAction","target":{"@type":"EntryPoint","urlTemplate":"https:\/\/watch-bandit.com\/?s={search_term_string}"},"query-input":"required name=search_term_string"}],"inLanguage":"de-DE"},{"@type":"Organization","@id":"https:\/\/watch-bandit.com\/#organization","name":"WatchBandit","url":"https:\/\/watch-bandit.com\/","logo":{"@type":"ImageObject","inLanguage":"de-DE","@id":"https:\/\/watch-bandit.com\/#\/schema\/logo\/image\/","url":"https:\/\/watchbandit.de\/wp-content\/uploads\/2017\/11\/WB_Logo_557x124.png","contentUrl":"https:\/\/watchbandit.de\/wp-content\/uploads\/2017\/11\/WB_Logo_557x124.png","width":557,"height":124,"caption":"WatchBandit"},"image":{"@id":"https:\/\/watch-bandit.com\/#\/schema\/logo\/image\/"}}]}},"_links":{"self":[{"href":"https:\/\/watch-bandit.com\/de\/wp-json\/wp\/v2\/product\/344844"}],"collection":[{"href":"https:\/\/watch-bandit.com\/de\/wp-json\/wp\/v2\/product"}],"about":[{"href":"https:\/\/watch-bandit.com\/de\/wp-json\/wp\/v2\/types\/product"}],"replies":[{"embeddable":true,"href":"https:\/\/watch-bandit.com\/de\/wp-json\/wp\/v2\/comments?post=344844"}],"wp:featuredmedia":[{"embeddable":true,"href":"https:\/\/watch-bandit.com\/de\/wp-json\/wp\/v2\/media\/344976"}],"wp:attachment":[{"href":"https:\/\/watch-bandit.com\/de\/wp-json\/wp\/v2\/media?parent=344844"}],"wp:term":[{"taxonomy":"product_cat","embeddable":true,"href":"https:\/\/watch-bandit.com\/de\/wp-json\/wp\/v2\/product_cat?post=344844"},{"taxonomy":"product_tag","embeddable":true,"href":"https:\/\/watch-bandit.com\/de\/wp-json\/wp\/v2\/product_tag?post=344844"}],"curies":[{"name":"wp","href":"https:\/\/api.w.org\/{rel}","templated":true}]}}