{"id":345415,"date":"2024-09-24T10:20:42","date_gmt":"2024-09-24T08:20:43","guid":{"rendered":"https:\/\/watchbandit.com\/?post_type=product&#038;p=345415"},"modified":"2025-10-04T16:17:08","modified_gmt":"2025-10-04T14:17:08","slug":"nordic-marine-instruments-oestersoeen-aventurine","status":"publish","type":"product","link":"https:\/\/watch-bandit.com\/de\/produkt\/nordic-marine-instruments-oestersoeen-aventurine\/","title":{"rendered":"Nordic Marine Instruments &#8211; \u00d8sters\u00f8en &#8211; Aventurine"},"content":{"rendered":"","protected":false},"excerpt":{"rendered":"<p>Betreten Sie den Nachthimmel der nordischen Hemisph\u00e4re mit der \u00d8STERS\u00d8EN Aventurine. Dieses bezaubernde Aventurin-Zifferblatt f\u00e4ngt die atemberaubende Sch\u00f6nheit einer klaren, sternenklaren Nacht ein. Das tiefblaue Zifferblatt ist mit glitzernden Flecken gesprenkelt und \u00e4hnelt einem lebendigen Sternenhimmel \u00fcber ruhigen nordischen Meeren. Jede Uhr f\u00fchlt sich wie eine pers\u00f6nliche Verbindung zum Universum an, perfekt f\u00fcr Tr\u00e4umer und Sterngucker gleicherma\u00dfen.<\/p>\n<p>Die aus geb\u00fcrstetem und speziell speziell mit Diamantpaste poliertem Edelstahl gefertigten Uhren verstr\u00f6men einen raffinierten Charme und f\u00fchlen sich gleichzeitig ausgewogen am Handgelenk an. Durch die Verwendung von Swiss Super-LumiNova gew\u00e4hrleistet die \u00d8STERS\u00d8EN eine hervorragende Lesbarkeit bei allen Lichtverh\u00e4ltnissen. Dank der On-the-Fly-Verstellschlie\u00dfe und der Schnellverschluss-Federstege ist das Wechseln und Anpassen des Armbands schnell und einfach. Das klare und aufger\u00e4umte Design verk\u00f6rpert Einfachheit mit einer Funktion ohne Datum, gepaart mit elegant unkomplizierten Zeigern und Indizes. Die L\u00fcnette aus geb\u00fcrstetem Stahl verleiht einen Hauch von Raffinesse und gleicht die \u00c4sthetik der Uhr perfekt aus.<\/p>\n<p>Mit der \u00d8STERS\u00d8EN Aventurine tragen Sie die Sterne an Ihrem Handgelenk \u2013 ein St\u00fcck Nachthimmel, das Sie \u00fcberallhin begleitet.<\/p>\n<p><strong>Uhrwerk<\/strong>: Miyota 90S5 (ultrad\u00fcnnes Premium-Automatikwerk), 42 Stunden Gangreserve, Sekundenstopp, 28.800 BPH (= 4 Hz)<br \/>\n<strong>Geh\u00e4use<\/strong>: Marine Grade 316L Edelstahl, 40 mm Durchmesser, 11,9 mm Dicke, 48 mm von Bandansto\u00df zu Bandansto\u00df, flaches Saphirglas mit innerem Super AR<br \/>\n<strong>Wasserdichtigkeit<\/strong>: 20 ATM \/ 200 Meter<br \/>\n<strong>Armband<\/strong>: Edelstahlarmband mit Schnalle zum schnellen Verstellen und Schnellverschluss-Federstegen<br \/>\n<strong>Im Lieferumfang enthalten<\/strong>: Kork-Uhrenrolle, Schraubendreher f\u00fcr das Armband, Poliertuch<\/p>\n","protected":false},"featured_media":345463,"comment_status":"open","ping_status":"closed","template":"","meta":[],"product_cat":[4196,37],"product_tag":[],"yoast_head":"<!-- This site is optimized with the Yoast SEO plugin v21.9 - https:\/\/yoast.com\/wordpress\/plugins\/seo\/ -->\n<title>Nordic Marine Instruments - \u00d8sters\u00f8en - Aventurine - WATCHBANDIT<\/title>\n<meta name=\"description\" content=\"Nordic Marine Instruments Uhren bei WatchBandit kaufen \u2705 Swiss-SuperLuminova\ud83c\udde8\ud83c\udded Flaches Premium Miyota\u2705 TrustedShops zertifiziert \u2705 Kostenlose Lieferung \u2705\" \/>\n<meta name=\"robots\" content=\"noindex, follow, max-snippet:-1, max-image-preview:large, max-video-preview:-1\" \/>\n<meta property=\"og:locale\" content=\"de_DE\" \/>\n<meta property=\"og:type\" content=\"article\" \/>\n<meta property=\"og:title\" content=\"Nordic Marine Instruments - \u00d8sters\u00f8en - Aventurine - WATCHBANDIT\" \/>\n<meta property=\"og:description\" content=\"Nordic Marine Instruments Uhren bei WatchBandit kaufen \u2705 Swiss-SuperLuminova\ud83c\udde8\ud83c\udded Flaches Premium Miyota\u2705 TrustedShops zertifiziert \u2705 Kostenlose Lieferung \u2705\" \/>\n<meta property=\"og:url\" content=\"https:\/\/watch-bandit.com\/de\/produkt\/nordic-marine-instruments-oestersoeen-aventurine\/\" \/>\n<meta property=\"og:site_name\" content=\"WATCHBANDIT\" \/>\n<meta property=\"article:modified_time\" content=\"2025-10-04T14:17:08+00:00\" \/>\n<meta property=\"og:image\" content=\"https:\/\/watch-bandit.com\/wp-content\/uploads\/2024\/09\/nordic-marine-instruments-osterson-aventurine-dial-.webp\" \/>\n\t<meta property=\"og:image:width\" content=\"1600\" \/>\n\t<meta property=\"og:image:height\" content=\"1600\" \/>\n\t<meta property=\"og:image:type\" content=\"image\/webp\" \/>\n<meta name=\"twitter:label1\" content=\"Gesch\u00e4tzte Lesezeit\" \/>\n\t<meta name=\"twitter:data1\" content=\"1 Minute\" \/>\n<script type=\"application\/ld+json\" class=\"yoast-schema-graph\">{\"@context\":\"https:\/\/schema.org\",\"@graph\":[{\"@type\":\"WebPage\",\"@id\":\"https:\/\/watch-bandit.com\/de\/produkt\/nordic-marine-instruments-oestersoeen-aventurine\/\",\"url\":\"https:\/\/watch-bandit.com\/de\/produkt\/nordic-marine-instruments-oestersoeen-aventurine\/\",\"name\":\"Nordic Marine Instruments - \u00d8sters\u00f8en - Aventurine - WATCHBANDIT\",\"isPartOf\":{\"@id\":\"https:\/\/watch-bandit.com\/#website\"},\"datePublished\":\"2024-09-24T08:20:43+00:00\",\"dateModified\":\"2025-10-04T14:17:08+00:00\",\"description\":\"Nordic Marine Instruments Uhren bei WatchBandit kaufen \u2705 Swiss-SuperLuminova\ud83c\udde8\ud83c\udded Flaches Premium Miyota\u2705 TrustedShops zertifiziert \u2705 Kostenlose Lieferung \u2705\",\"breadcrumb\":{\"@id\":\"https:\/\/watch-bandit.com\/de\/produkt\/nordic-marine-instruments-oestersoeen-aventurine\/#breadcrumb\"},\"inLanguage\":\"de-DE\",\"potentialAction\":[{\"@type\":\"ReadAction\",\"target\":[\"https:\/\/watch-bandit.com\/de\/produkt\/nordic-marine-instruments-oestersoeen-aventurine\/\"]}]},{\"@type\":\"BreadcrumbList\",\"@id\":\"https:\/\/watch-bandit.com\/de\/produkt\/nordic-marine-instruments-oestersoeen-aventurine\/#breadcrumb\",\"itemListElement\":[{\"@type\":\"ListItem\",\"position\":1,\"name\":\"Home\",\"item\":\"https:\/\/watchbandit.de\/\"},{\"@type\":\"ListItem\",\"position\":2,\"name\":\"Shop\",\"item\":\"https:\/\/watchbandit.de\/shop\/\"},{\"@type\":\"ListItem\",\"position\":3,\"name\":\"Watches\",\"item\":\"https:\/\/watch-bandit.com\/products\/watches\/\"},{\"@type\":\"ListItem\",\"position\":4,\"name\":\"Nordic Marine Instruments &#8211; \u00d8sters\u00f8en &#8211; Aventurine\"}]},{\"@type\":\"WebSite\",\"@id\":\"https:\/\/watch-bandit.com\/#website\",\"url\":\"https:\/\/watch-bandit.com\/\",\"name\":\"WATCHBANDIT\",\"description\":\"Contemporary Wrist Accessories\",\"publisher\":{\"@id\":\"https:\/\/watch-bandit.com\/#organization\"},\"potentialAction\":[{\"@type\":\"SearchAction\",\"target\":{\"@type\":\"EntryPoint\",\"urlTemplate\":\"https:\/\/watch-bandit.com\/?s={search_term_string}\"},\"query-input\":\"required name=search_term_string\"}],\"inLanguage\":\"de-DE\"},{\"@type\":\"Organization\",\"@id\":\"https:\/\/watch-bandit.com\/#organization\",\"name\":\"WatchBandit\",\"url\":\"https:\/\/watch-bandit.com\/\",\"logo\":{\"@type\":\"ImageObject\",\"inLanguage\":\"de-DE\",\"@id\":\"https:\/\/watch-bandit.com\/#\/schema\/logo\/image\/\",\"url\":\"https:\/\/watchbandit.de\/wp-content\/uploads\/2017\/11\/WB_Logo_557x124.png\",\"contentUrl\":\"https:\/\/watchbandit.de\/wp-content\/uploads\/2017\/11\/WB_Logo_557x124.png\",\"width\":557,\"height\":124,\"caption\":\"WatchBandit\"},\"image\":{\"@id\":\"https:\/\/watch-bandit.com\/#\/schema\/logo\/image\/\"}}]}<\/script>\n<!-- \/ Yoast SEO plugin. -->","yoast_head_json":{"title":"Nordic Marine Instruments - \u00d8sters\u00f8en - Aventurine - WATCHBANDIT","description":"Nordic Marine Instruments Uhren bei WatchBandit kaufen \u2705 Swiss-SuperLuminova\ud83c\udde8\ud83c\udded Flaches Premium Miyota\u2705 TrustedShops zertifiziert \u2705 Kostenlose Lieferung \u2705","robots":{"index":"noindex","follow":"follow","max-snippet":"max-snippet:-1","max-image-preview":"max-image-preview:large","max-video-preview":"max-video-preview:-1"},"og_locale":"de_DE","og_type":"article","og_title":"Nordic Marine Instruments - \u00d8sters\u00f8en - Aventurine - WATCHBANDIT","og_description":"Nordic Marine Instruments Uhren bei WatchBandit kaufen \u2705 Swiss-SuperLuminova\ud83c\udde8\ud83c\udded Flaches Premium Miyota\u2705 TrustedShops zertifiziert \u2705 Kostenlose Lieferung \u2705","og_url":"https:\/\/watch-bandit.com\/de\/produkt\/nordic-marine-instruments-oestersoeen-aventurine\/","og_site_name":"WATCHBANDIT","article_modified_time":"2025-10-04T14:17:08+00:00","og_image":[{"width":1600,"height":1600,"url":"https:\/\/watch-bandit.com\/wp-content\/uploads\/2024\/09\/nordic-marine-instruments-osterson-aventurine-dial-.webp","type":"image\/webp"}],"twitter_misc":{"Gesch\u00e4tzte Lesezeit":"1 Minute"},"schema":{"@context":"https:\/\/schema.org","@graph":[{"@type":"WebPage","@id":"https:\/\/watch-bandit.com\/de\/produkt\/nordic-marine-instruments-oestersoeen-aventurine\/","url":"https:\/\/watch-bandit.com\/de\/produkt\/nordic-marine-instruments-oestersoeen-aventurine\/","name":"Nordic Marine Instruments - \u00d8sters\u00f8en - Aventurine - WATCHBANDIT","isPartOf":{"@id":"https:\/\/watch-bandit.com\/#website"},"datePublished":"2024-09-24T08:20:43+00:00","dateModified":"2025-10-04T14:17:08+00:00","description":"Nordic Marine Instruments Uhren bei WatchBandit kaufen \u2705 Swiss-SuperLuminova\ud83c\udde8\ud83c\udded Flaches Premium Miyota\u2705 TrustedShops zertifiziert \u2705 Kostenlose Lieferung \u2705","breadcrumb":{"@id":"https:\/\/watch-bandit.com\/de\/produkt\/nordic-marine-instruments-oestersoeen-aventurine\/#breadcrumb"},"inLanguage":"de-DE","potentialAction":[{"@type":"ReadAction","target":["https:\/\/watch-bandit.com\/de\/produkt\/nordic-marine-instruments-oestersoeen-aventurine\/"]}]},{"@type":"BreadcrumbList","@id":"https:\/\/watch-bandit.com\/de\/produkt\/nordic-marine-instruments-oestersoeen-aventurine\/#breadcrumb","itemListElement":[{"@type":"ListItem","position":1,"name":"Home","item":"https:\/\/watchbandit.de\/"},{"@type":"ListItem","position":2,"name":"Shop","item":"https:\/\/watchbandit.de\/shop\/"},{"@type":"ListItem","position":3,"name":"Watches","item":"https:\/\/watch-bandit.com\/products\/watches\/"},{"@type":"ListItem","position":4,"name":"Nordic Marine Instruments &#8211; \u00d8sters\u00f8en &#8211; Aventurine"}]},{"@type":"WebSite","@id":"https:\/\/watch-bandit.com\/#website","url":"https:\/\/watch-bandit.com\/","name":"WATCHBANDIT","description":"Contemporary Wrist Accessories","publisher":{"@id":"https:\/\/watch-bandit.com\/#organization"},"potentialAction":[{"@type":"SearchAction","target":{"@type":"EntryPoint","urlTemplate":"https:\/\/watch-bandit.com\/?s={search_term_string}"},"query-input":"required name=search_term_string"}],"inLanguage":"de-DE"},{"@type":"Organization","@id":"https:\/\/watch-bandit.com\/#organization","name":"WatchBandit","url":"https:\/\/watch-bandit.com\/","logo":{"@type":"ImageObject","inLanguage":"de-DE","@id":"https:\/\/watch-bandit.com\/#\/schema\/logo\/image\/","url":"https:\/\/watchbandit.de\/wp-content\/uploads\/2017\/11\/WB_Logo_557x124.png","contentUrl":"https:\/\/watchbandit.de\/wp-content\/uploads\/2017\/11\/WB_Logo_557x124.png","width":557,"height":124,"caption":"WatchBandit"},"image":{"@id":"https:\/\/watch-bandit.com\/#\/schema\/logo\/image\/"}}]}},"_links":{"self":[{"href":"https:\/\/watch-bandit.com\/de\/wp-json\/wp\/v2\/product\/345415"}],"collection":[{"href":"https:\/\/watch-bandit.com\/de\/wp-json\/wp\/v2\/product"}],"about":[{"href":"https:\/\/watch-bandit.com\/de\/wp-json\/wp\/v2\/types\/product"}],"replies":[{"embeddable":true,"href":"https:\/\/watch-bandit.com\/de\/wp-json\/wp\/v2\/comments?post=345415"}],"wp:featuredmedia":[{"embeddable":true,"href":"https:\/\/watch-bandit.com\/de\/wp-json\/wp\/v2\/media\/345463"}],"wp:attachment":[{"href":"https:\/\/watch-bandit.com\/de\/wp-json\/wp\/v2\/media?parent=345415"}],"wp:term":[{"taxonomy":"product_cat","embeddable":true,"href":"https:\/\/watch-bandit.com\/de\/wp-json\/wp\/v2\/product_cat?post=345415"},{"taxonomy":"product_tag","embeddable":true,"href":"https:\/\/watch-bandit.com\/de\/wp-json\/wp\/v2\/product_tag?post=345415"}],"curies":[{"name":"wp","href":"https:\/\/api.w.org\/{rel}","templated":true}]}}