{"id":345417,"date":"2024-09-24T10:22:21","date_gmt":"2024-09-24T08:22:21","guid":{"rendered":"https:\/\/watchbandit.com\/?post_type=product&#038;p=345417"},"modified":"2026-01-27T09:35:12","modified_gmt":"2026-01-27T08:35:12","slug":"nordic-marine-instruments-oestersoeen-black-mop","status":"publish","type":"product","link":"https:\/\/watch-bandit.com\/de\/produkt\/nordic-marine-instruments-oestersoeen-black-mop\/","title":{"rendered":"Nordic Marine Instruments &#8211; \u00d8sters\u00f8en &#8211; M\u00f8rk MOP"},"content":{"rendered":"","protected":false},"excerpt":{"rendered":"<p>Die \u00d8STERS\u00d8EN ist zur\u00fcck, jetzt mit einem faszinierenden Zifferblatt aus schwarzem (M\u00f8rk) Perlmutt (MOP). Das einzigartige Schillern des Perlmutts f\u00e4ngt die Essenz der tiefen nordischen Meere ein und schimmert wie die Meeresoberfl\u00e4che in der Abendd\u00e4mmerung. Dieses atemberaubende Zifferblatt ver\u00e4ndert sich bei unterschiedlicher Beleuchtung, reflektiert subtile Farbt\u00f6ne und macht jeden Blick zu einer neuen Entdeckung.<\/p>\n<p>Die aus geb\u00fcrstetem und speziell mit Diamantpaste poliertem Edelstahl gefertigten Uhren strahlen einen raffinierten Charme aus und bieten gleichzeitig ein ausgewogenes Gef\u00fchl am Handgelenk. Durch die Verwendung von Swiss Super-LumiNova sorgt die \u00d8STERS\u00d8EN f\u00fcr hervorragende Lesbarkeit bei allen Lichtverh\u00e4ltnissen. Dank der im Handumdrehen verstellbaren Schlie\u00dfe und den Schnellverschluss-Federstegen ist das Wechseln und Anpassen des Armbands schnell und einfach. Das saubere und \u00fcbersichtliche Design verk\u00f6rpert Einfachheit mit einer Funktion ohne Datum, gepaart mit elegant unkomplizierten Zeigern und Indizes. Die L\u00fcnette aus geb\u00fcrstetem Stahl verleiht einen Hauch von Raffinesse und gleicht die \u00c4sthetik der Uhr perfekt aus.<\/p>\n<p>Die \u00d8STERS\u00d8EN M\u00f8rk MOP ist f\u00fcr alle, die zeitlose Eleganz mit einem Hauch nat\u00fcrlicher Sch\u00f6nheit sch\u00e4tzen und bietet eine Verbindung zu den mystischen nordischen Gew\u00e4ssern an Ihrem Handgelenk.<\/p>\n<p><strong>Uhrwerk<\/strong>: Miyota 90S5 (ultrad\u00fcnnes Premium-Automatikwerk), 42 Stunden Gangreserve, Sekundenstopp, 28.800 BPH (= 4 Hz)<br \/>\n<strong>Geh\u00e4use<\/strong>: Marine Grade 316L Edelstahl, 40 mm Durchmesser, 11,9 mm Dicke, 48 mm von Bandansto\u00df zu Bandansto\u00df, flaches Saphirglas mit innerem Super AR<br \/>\n<strong>Wasserdichtigkeit<\/strong>: 20 ATM \/ 200 Meter<br \/>\n<strong>Armband<\/strong>: Edelstahlarmband mit Schnalle zum schnellen Verstellen und Schnellverschluss-Federstegen<br \/>\n<strong>Im Lieferumfang enthalten<\/strong>: Kork-Uhrenrolle, Schraubendreher f\u00fcr Armband, Poliertuch<\/p>\n","protected":false},"featured_media":357855,"comment_status":"open","ping_status":"closed","template":"","meta":[],"product_cat":[4196,37],"product_tag":[],"yoast_head":"<!-- This site is optimized with the Yoast SEO plugin v21.9 - https:\/\/yoast.com\/wordpress\/plugins\/seo\/ -->\n<title>Nordic Marine Instruments - \u00d8sters\u00f8en - M\u00f8rk MOP - WATCHBANDIT<\/title>\n<meta name=\"description\" content=\"Nordic Marine Instruments Uhren bei WatchBandit kaufen \u2705 Swiss-SuperLuminova\ud83c\udde8\ud83c\udded Flaches Premium Miyota\u2705 TrustedShops zertifiziert \u2705 Kostenlose Lieferung \u2705\" \/>\n<meta name=\"robots\" content=\"noindex, follow, max-snippet:-1, max-image-preview:large, max-video-preview:-1\" \/>\n<meta property=\"og:locale\" content=\"de_DE\" \/>\n<meta property=\"og:type\" content=\"article\" \/>\n<meta property=\"og:title\" content=\"Nordic Marine Instruments - \u00d8sters\u00f8en - M\u00f8rk MOP - WATCHBANDIT\" \/>\n<meta property=\"og:description\" content=\"Nordic Marine Instruments Uhren bei WatchBandit kaufen \u2705 Swiss-SuperLuminova\ud83c\udde8\ud83c\udded Flaches Premium Miyota\u2705 TrustedShops zertifiziert \u2705 Kostenlose Lieferung \u2705\" \/>\n<meta property=\"og:url\" content=\"https:\/\/watch-bandit.com\/de\/produkt\/nordic-marine-instruments-oestersoeen-black-mop\/\" \/>\n<meta property=\"og:site_name\" content=\"WATCHBANDIT\" \/>\n<meta property=\"article:modified_time\" content=\"2026-01-27T08:35:12+00:00\" \/>\n<meta property=\"og:image\" content=\"https:\/\/watch-bandit.com\/wp-content\/uploads\/2024\/09\/Nordic-Marine-Instruments-Ostersoen-Mork.jpg\" \/>\n\t<meta property=\"og:image:width\" content=\"1600\" \/>\n\t<meta property=\"og:image:height\" content=\"1600\" \/>\n\t<meta property=\"og:image:type\" content=\"image\/jpeg\" \/>\n<meta name=\"twitter:label1\" content=\"Gesch\u00e4tzte Lesezeit\" \/>\n\t<meta name=\"twitter:data1\" content=\"1 Minute\" \/>\n<script type=\"application\/ld+json\" class=\"yoast-schema-graph\">{\"@context\":\"https:\/\/schema.org\",\"@graph\":[{\"@type\":\"WebPage\",\"@id\":\"https:\/\/watch-bandit.com\/de\/produkt\/nordic-marine-instruments-oestersoeen-black-mop\/\",\"url\":\"https:\/\/watch-bandit.com\/de\/produkt\/nordic-marine-instruments-oestersoeen-black-mop\/\",\"name\":\"Nordic Marine Instruments - \u00d8sters\u00f8en - M\u00f8rk MOP - WATCHBANDIT\",\"isPartOf\":{\"@id\":\"https:\/\/watch-bandit.com\/#website\"},\"datePublished\":\"2024-09-24T08:22:21+00:00\",\"dateModified\":\"2026-01-27T08:35:12+00:00\",\"description\":\"Nordic Marine Instruments Uhren bei WatchBandit kaufen \u2705 Swiss-SuperLuminova\ud83c\udde8\ud83c\udded Flaches Premium Miyota\u2705 TrustedShops zertifiziert \u2705 Kostenlose Lieferung \u2705\",\"breadcrumb\":{\"@id\":\"https:\/\/watch-bandit.com\/de\/produkt\/nordic-marine-instruments-oestersoeen-black-mop\/#breadcrumb\"},\"inLanguage\":\"de-DE\",\"potentialAction\":[{\"@type\":\"ReadAction\",\"target\":[\"https:\/\/watch-bandit.com\/de\/produkt\/nordic-marine-instruments-oestersoeen-black-mop\/\"]}]},{\"@type\":\"BreadcrumbList\",\"@id\":\"https:\/\/watch-bandit.com\/de\/produkt\/nordic-marine-instruments-oestersoeen-black-mop\/#breadcrumb\",\"itemListElement\":[{\"@type\":\"ListItem\",\"position\":1,\"name\":\"Home\",\"item\":\"https:\/\/watchbandit.de\/\"},{\"@type\":\"ListItem\",\"position\":2,\"name\":\"Shop\",\"item\":\"https:\/\/watchbandit.de\/shop\/\"},{\"@type\":\"ListItem\",\"position\":3,\"name\":\"Watches\",\"item\":\"https:\/\/watch-bandit.com\/products\/watches\/\"},{\"@type\":\"ListItem\",\"position\":4,\"name\":\"Nordic Marine Instruments &#8211; \u00d8sters\u00f8en &#8211; M\u00f8rk MOP\"}]},{\"@type\":\"WebSite\",\"@id\":\"https:\/\/watch-bandit.com\/#website\",\"url\":\"https:\/\/watch-bandit.com\/\",\"name\":\"WATCHBANDIT\",\"description\":\"Contemporary Wrist Accessories\",\"publisher\":{\"@id\":\"https:\/\/watch-bandit.com\/#organization\"},\"potentialAction\":[{\"@type\":\"SearchAction\",\"target\":{\"@type\":\"EntryPoint\",\"urlTemplate\":\"https:\/\/watch-bandit.com\/?s={search_term_string}\"},\"query-input\":\"required name=search_term_string\"}],\"inLanguage\":\"de-DE\"},{\"@type\":\"Organization\",\"@id\":\"https:\/\/watch-bandit.com\/#organization\",\"name\":\"WatchBandit\",\"url\":\"https:\/\/watch-bandit.com\/\",\"logo\":{\"@type\":\"ImageObject\",\"inLanguage\":\"de-DE\",\"@id\":\"https:\/\/watch-bandit.com\/#\/schema\/logo\/image\/\",\"url\":\"https:\/\/watchbandit.de\/wp-content\/uploads\/2017\/11\/WB_Logo_557x124.png\",\"contentUrl\":\"https:\/\/watchbandit.de\/wp-content\/uploads\/2017\/11\/WB_Logo_557x124.png\",\"width\":557,\"height\":124,\"caption\":\"WatchBandit\"},\"image\":{\"@id\":\"https:\/\/watch-bandit.com\/#\/schema\/logo\/image\/\"}}]}<\/script>\n<!-- \/ Yoast SEO plugin. -->","yoast_head_json":{"title":"Nordic Marine Instruments - \u00d8sters\u00f8en - M\u00f8rk MOP - WATCHBANDIT","description":"Nordic Marine Instruments Uhren bei WatchBandit kaufen \u2705 Swiss-SuperLuminova\ud83c\udde8\ud83c\udded Flaches Premium Miyota\u2705 TrustedShops zertifiziert \u2705 Kostenlose Lieferung \u2705","robots":{"index":"noindex","follow":"follow","max-snippet":"max-snippet:-1","max-image-preview":"max-image-preview:large","max-video-preview":"max-video-preview:-1"},"og_locale":"de_DE","og_type":"article","og_title":"Nordic Marine Instruments - \u00d8sters\u00f8en - M\u00f8rk MOP - WATCHBANDIT","og_description":"Nordic Marine Instruments Uhren bei WatchBandit kaufen \u2705 Swiss-SuperLuminova\ud83c\udde8\ud83c\udded Flaches Premium Miyota\u2705 TrustedShops zertifiziert \u2705 Kostenlose Lieferung \u2705","og_url":"https:\/\/watch-bandit.com\/de\/produkt\/nordic-marine-instruments-oestersoeen-black-mop\/","og_site_name":"WATCHBANDIT","article_modified_time":"2026-01-27T08:35:12+00:00","og_image":[{"width":1600,"height":1600,"url":"https:\/\/watch-bandit.com\/wp-content\/uploads\/2024\/09\/Nordic-Marine-Instruments-Ostersoen-Mork.jpg","type":"image\/jpeg"}],"twitter_misc":{"Gesch\u00e4tzte Lesezeit":"1 Minute"},"schema":{"@context":"https:\/\/schema.org","@graph":[{"@type":"WebPage","@id":"https:\/\/watch-bandit.com\/de\/produkt\/nordic-marine-instruments-oestersoeen-black-mop\/","url":"https:\/\/watch-bandit.com\/de\/produkt\/nordic-marine-instruments-oestersoeen-black-mop\/","name":"Nordic Marine Instruments - \u00d8sters\u00f8en - M\u00f8rk MOP - WATCHBANDIT","isPartOf":{"@id":"https:\/\/watch-bandit.com\/#website"},"datePublished":"2024-09-24T08:22:21+00:00","dateModified":"2026-01-27T08:35:12+00:00","description":"Nordic Marine Instruments Uhren bei WatchBandit kaufen \u2705 Swiss-SuperLuminova\ud83c\udde8\ud83c\udded Flaches Premium Miyota\u2705 TrustedShops zertifiziert \u2705 Kostenlose Lieferung \u2705","breadcrumb":{"@id":"https:\/\/watch-bandit.com\/de\/produkt\/nordic-marine-instruments-oestersoeen-black-mop\/#breadcrumb"},"inLanguage":"de-DE","potentialAction":[{"@type":"ReadAction","target":["https:\/\/watch-bandit.com\/de\/produkt\/nordic-marine-instruments-oestersoeen-black-mop\/"]}]},{"@type":"BreadcrumbList","@id":"https:\/\/watch-bandit.com\/de\/produkt\/nordic-marine-instruments-oestersoeen-black-mop\/#breadcrumb","itemListElement":[{"@type":"ListItem","position":1,"name":"Home","item":"https:\/\/watchbandit.de\/"},{"@type":"ListItem","position":2,"name":"Shop","item":"https:\/\/watchbandit.de\/shop\/"},{"@type":"ListItem","position":3,"name":"Watches","item":"https:\/\/watch-bandit.com\/products\/watches\/"},{"@type":"ListItem","position":4,"name":"Nordic Marine Instruments &#8211; \u00d8sters\u00f8en &#8211; M\u00f8rk MOP"}]},{"@type":"WebSite","@id":"https:\/\/watch-bandit.com\/#website","url":"https:\/\/watch-bandit.com\/","name":"WATCHBANDIT","description":"Contemporary Wrist Accessories","publisher":{"@id":"https:\/\/watch-bandit.com\/#organization"},"potentialAction":[{"@type":"SearchAction","target":{"@type":"EntryPoint","urlTemplate":"https:\/\/watch-bandit.com\/?s={search_term_string}"},"query-input":"required name=search_term_string"}],"inLanguage":"de-DE"},{"@type":"Organization","@id":"https:\/\/watch-bandit.com\/#organization","name":"WatchBandit","url":"https:\/\/watch-bandit.com\/","logo":{"@type":"ImageObject","inLanguage":"de-DE","@id":"https:\/\/watch-bandit.com\/#\/schema\/logo\/image\/","url":"https:\/\/watchbandit.de\/wp-content\/uploads\/2017\/11\/WB_Logo_557x124.png","contentUrl":"https:\/\/watchbandit.de\/wp-content\/uploads\/2017\/11\/WB_Logo_557x124.png","width":557,"height":124,"caption":"WatchBandit"},"image":{"@id":"https:\/\/watch-bandit.com\/#\/schema\/logo\/image\/"}}]}},"_links":{"self":[{"href":"https:\/\/watch-bandit.com\/de\/wp-json\/wp\/v2\/product\/345417"}],"collection":[{"href":"https:\/\/watch-bandit.com\/de\/wp-json\/wp\/v2\/product"}],"about":[{"href":"https:\/\/watch-bandit.com\/de\/wp-json\/wp\/v2\/types\/product"}],"replies":[{"embeddable":true,"href":"https:\/\/watch-bandit.com\/de\/wp-json\/wp\/v2\/comments?post=345417"}],"wp:featuredmedia":[{"embeddable":true,"href":"https:\/\/watch-bandit.com\/de\/wp-json\/wp\/v2\/media\/357855"}],"wp:attachment":[{"href":"https:\/\/watch-bandit.com\/de\/wp-json\/wp\/v2\/media?parent=345417"}],"wp:term":[{"taxonomy":"product_cat","embeddable":true,"href":"https:\/\/watch-bandit.com\/de\/wp-json\/wp\/v2\/product_cat?post=345417"},{"taxonomy":"product_tag","embeddable":true,"href":"https:\/\/watch-bandit.com\/de\/wp-json\/wp\/v2\/product_tag?post=345417"}],"curies":[{"name":"wp","href":"https:\/\/api.w.org\/{rel}","templated":true}]}}