{"id":345421,"date":"2024-09-24T10:23:59","date_gmt":"2024-09-24T08:23:59","guid":{"rendered":"https:\/\/watchbandit.com\/?post_type=product&#038;p=345421"},"modified":"2026-01-09T23:01:34","modified_gmt":"2026-01-09T22:01:34","slug":"nordic-marine-instruments-ostersoen-green-mop","status":"publish","type":"product","link":"https:\/\/watch-bandit.com\/de\/produkt\/nordic-marine-instruments-ostersoen-green-mop\/","title":{"rendered":"Nordic Marine Instruments &#8211; \u00d8sters\u00f8en &#8211; Green MOP"},"content":{"rendered":"","protected":false},"excerpt":{"rendered":"<p>Wir pr\u00e4sentieren die \u00d8STERS\u00d8EN mit einem verf\u00fchrerischen Zifferblatt aus gr\u00fcnem Perlmutt, das an die lebhaften und doch ruhigen Gew\u00e4sser der nordischen K\u00fcste erinnert. Dieses faszinierende Zifferblatt strahlt ein Spektrum von Gr\u00fcnt\u00f6nen aus, das sich mit jedem Blickwinkel ver\u00e4ndert und dem Spiel des Sonnenlichts auf der Meeresoberfl\u00e4che \u00e4hnelt. Jedes Zifferblatt ist einzigartig, genau wie die Meere, die es repr\u00e4sentiert.<\/p>\n<p>Die aus geb\u00fcrstetem und speziell poliertem Edelstahl gefertigten Uhren verstr\u00f6men einen raffinierten Charme und f\u00fchlen sich gleichzeitig ausgewogen am Handgelenk an. Durch die Verwendung von Swiss Super-LumiNova gew\u00e4hrleistet die \u00d8STERS\u00d8EN eine hervorragende Lesbarkeit bei allen Lichtverh\u00e4ltnissen. Dank der im Handumdrehen verstellbaren Schlie\u00dfe und den Schnellverschluss-Federstegen ist das Wechseln und Anpassen des Armbands schnell und einfach. Das saubere und \u00fcbersichtliche Design verk\u00f6rpert Einfachheit mit einer Funktion ohne Datum, gepaart mit elegant unkomplizierten Zeigern und Indizes. Die L\u00fcnette aus geb\u00fcrstetem Stahl verleiht einen Hauch von Raffinesse und gleicht die \u00c4sthetik der Uhr perfekt aus.<\/p>\n<p>Der \u00d8STERS\u00d8EN Green MOP bietet sowohl Eleganz als auch eine tiefe Verbindung zur Natur und bringt den Geist des nordischen Meeres in Ihre t\u00e4glichen Abenteuer.<\/p>\n<p><strong>Uhrwerk:<\/strong> Miyota 90S5 (Ultra-Thin Premium Automatic Movement), 42 Stunden Gangreserve, Sekundenstopp, 28.800 BPH (= 4 Hz)<br \/>\n<strong>Geh\u00e4use:<\/strong> 316L-Edelstahl in Marinequalit\u00e4t, 40 mm Durchmesser, 11,9 mm Dicke, 48 mm Bandansto\u00df zu Bandansto\u00df, flaches Saphirkristallglas mit innerem Super AR<br \/>\n<strong>Wasserdichtigkeit:<\/strong> 20 ATM \/ 200 Meter<br \/>\n<strong>Armband:<\/strong> Edelstahlarmband mit On-the-Fly-Verstellschlie\u00dfe und Schnellverschluss-Federstegen<br \/>\n<strong>Im Lieferumfang enthalten:<\/strong> Kork-Uhrenrolle, Schraubendreher f\u00fcr Armband, Poliertuch<\/p>\n","protected":false},"featured_media":345469,"comment_status":"open","ping_status":"closed","template":"","meta":[],"product_cat":[4196,37],"product_tag":[],"yoast_head":"<!-- This site is optimized with the Yoast SEO plugin v21.9 - https:\/\/yoast.com\/wordpress\/plugins\/seo\/ -->\n<title>Nordic Marine Instruments - \u00d8sters\u00f8en - Green MOP - WATCHBANDIT<\/title>\n<meta name=\"description\" content=\"Nordic Marine Instruments Uhren bei WatchBandit kaufen \u2705 Swiss-SuperLuminova\ud83c\udde8\ud83c\udded Flaches Premium Miyota\u2705 TrustedShops zertifiziert \u2705 Kostenlose Lieferung \u2705\" \/>\n<meta name=\"robots\" content=\"noindex, follow, max-snippet:-1, max-image-preview:large, max-video-preview:-1\" \/>\n<meta property=\"og:locale\" content=\"de_DE\" \/>\n<meta property=\"og:type\" content=\"article\" \/>\n<meta property=\"og:title\" content=\"Nordic Marine Instruments - \u00d8sters\u00f8en - Green MOP - WATCHBANDIT\" \/>\n<meta property=\"og:description\" content=\"Nordic Marine Instruments Uhren bei WatchBandit kaufen \u2705 Swiss-SuperLuminova\ud83c\udde8\ud83c\udded Flaches Premium Miyota\u2705 TrustedShops zertifiziert \u2705 Kostenlose Lieferung \u2705\" \/>\n<meta property=\"og:url\" content=\"https:\/\/watch-bandit.com\/de\/produkt\/nordic-marine-instruments-ostersoen-green-mop\/\" \/>\n<meta property=\"og:site_name\" content=\"WATCHBANDIT\" \/>\n<meta property=\"article:modified_time\" content=\"2026-01-09T22:01:34+00:00\" \/>\n<meta property=\"og:image\" content=\"https:\/\/watch-bandit.com\/wp-content\/uploads\/2024\/09\/nordic-marine-instruments-osterson-mop-green-dial-.webp\" \/>\n\t<meta property=\"og:image:width\" content=\"1600\" \/>\n\t<meta property=\"og:image:height\" content=\"1600\" \/>\n\t<meta property=\"og:image:type\" content=\"image\/webp\" \/>\n<meta name=\"twitter:label1\" content=\"Gesch\u00e4tzte Lesezeit\" \/>\n\t<meta name=\"twitter:data1\" content=\"1 Minute\" \/>\n<script type=\"application\/ld+json\" class=\"yoast-schema-graph\">{\"@context\":\"https:\/\/schema.org\",\"@graph\":[{\"@type\":\"WebPage\",\"@id\":\"https:\/\/watch-bandit.com\/de\/produkt\/nordic-marine-instruments-ostersoen-green-mop\/\",\"url\":\"https:\/\/watch-bandit.com\/de\/produkt\/nordic-marine-instruments-ostersoen-green-mop\/\",\"name\":\"Nordic Marine Instruments - \u00d8sters\u00f8en - Green MOP - WATCHBANDIT\",\"isPartOf\":{\"@id\":\"https:\/\/watch-bandit.com\/#website\"},\"datePublished\":\"2024-09-24T08:23:59+00:00\",\"dateModified\":\"2026-01-09T22:01:34+00:00\",\"description\":\"Nordic Marine Instruments Uhren bei WatchBandit kaufen \u2705 Swiss-SuperLuminova\ud83c\udde8\ud83c\udded Flaches Premium Miyota\u2705 TrustedShops zertifiziert \u2705 Kostenlose Lieferung \u2705\",\"breadcrumb\":{\"@id\":\"https:\/\/watch-bandit.com\/de\/produkt\/nordic-marine-instruments-ostersoen-green-mop\/#breadcrumb\"},\"inLanguage\":\"de-DE\",\"potentialAction\":[{\"@type\":\"ReadAction\",\"target\":[\"https:\/\/watch-bandit.com\/de\/produkt\/nordic-marine-instruments-ostersoen-green-mop\/\"]}]},{\"@type\":\"BreadcrumbList\",\"@id\":\"https:\/\/watch-bandit.com\/de\/produkt\/nordic-marine-instruments-ostersoen-green-mop\/#breadcrumb\",\"itemListElement\":[{\"@type\":\"ListItem\",\"position\":1,\"name\":\"Home\",\"item\":\"https:\/\/watchbandit.de\/\"},{\"@type\":\"ListItem\",\"position\":2,\"name\":\"Shop\",\"item\":\"https:\/\/watchbandit.de\/shop\/\"},{\"@type\":\"ListItem\",\"position\":3,\"name\":\"Watches\",\"item\":\"https:\/\/watch-bandit.com\/products\/watches\/\"},{\"@type\":\"ListItem\",\"position\":4,\"name\":\"Nordic Marine Instruments &#8211; \u00d8sters\u00f8en &#8211; Green MOP\"}]},{\"@type\":\"WebSite\",\"@id\":\"https:\/\/watch-bandit.com\/#website\",\"url\":\"https:\/\/watch-bandit.com\/\",\"name\":\"WATCHBANDIT\",\"description\":\"Contemporary Wrist Accessories\",\"publisher\":{\"@id\":\"https:\/\/watch-bandit.com\/#organization\"},\"potentialAction\":[{\"@type\":\"SearchAction\",\"target\":{\"@type\":\"EntryPoint\",\"urlTemplate\":\"https:\/\/watch-bandit.com\/?s={search_term_string}\"},\"query-input\":\"required name=search_term_string\"}],\"inLanguage\":\"de-DE\"},{\"@type\":\"Organization\",\"@id\":\"https:\/\/watch-bandit.com\/#organization\",\"name\":\"WatchBandit\",\"url\":\"https:\/\/watch-bandit.com\/\",\"logo\":{\"@type\":\"ImageObject\",\"inLanguage\":\"de-DE\",\"@id\":\"https:\/\/watch-bandit.com\/#\/schema\/logo\/image\/\",\"url\":\"https:\/\/watchbandit.de\/wp-content\/uploads\/2017\/11\/WB_Logo_557x124.png\",\"contentUrl\":\"https:\/\/watchbandit.de\/wp-content\/uploads\/2017\/11\/WB_Logo_557x124.png\",\"width\":557,\"height\":124,\"caption\":\"WatchBandit\"},\"image\":{\"@id\":\"https:\/\/watch-bandit.com\/#\/schema\/logo\/image\/\"}}]}<\/script>\n<!-- \/ Yoast SEO plugin. -->","yoast_head_json":{"title":"Nordic Marine Instruments - \u00d8sters\u00f8en - Green MOP - WATCHBANDIT","description":"Nordic Marine Instruments Uhren bei WatchBandit kaufen \u2705 Swiss-SuperLuminova\ud83c\udde8\ud83c\udded Flaches Premium Miyota\u2705 TrustedShops zertifiziert \u2705 Kostenlose Lieferung \u2705","robots":{"index":"noindex","follow":"follow","max-snippet":"max-snippet:-1","max-image-preview":"max-image-preview:large","max-video-preview":"max-video-preview:-1"},"og_locale":"de_DE","og_type":"article","og_title":"Nordic Marine Instruments - \u00d8sters\u00f8en - Green MOP - WATCHBANDIT","og_description":"Nordic Marine Instruments Uhren bei WatchBandit kaufen \u2705 Swiss-SuperLuminova\ud83c\udde8\ud83c\udded Flaches Premium Miyota\u2705 TrustedShops zertifiziert \u2705 Kostenlose Lieferung \u2705","og_url":"https:\/\/watch-bandit.com\/de\/produkt\/nordic-marine-instruments-ostersoen-green-mop\/","og_site_name":"WATCHBANDIT","article_modified_time":"2026-01-09T22:01:34+00:00","og_image":[{"width":1600,"height":1600,"url":"https:\/\/watch-bandit.com\/wp-content\/uploads\/2024\/09\/nordic-marine-instruments-osterson-mop-green-dial-.webp","type":"image\/webp"}],"twitter_misc":{"Gesch\u00e4tzte Lesezeit":"1 Minute"},"schema":{"@context":"https:\/\/schema.org","@graph":[{"@type":"WebPage","@id":"https:\/\/watch-bandit.com\/de\/produkt\/nordic-marine-instruments-ostersoen-green-mop\/","url":"https:\/\/watch-bandit.com\/de\/produkt\/nordic-marine-instruments-ostersoen-green-mop\/","name":"Nordic Marine Instruments - \u00d8sters\u00f8en - Green MOP - WATCHBANDIT","isPartOf":{"@id":"https:\/\/watch-bandit.com\/#website"},"datePublished":"2024-09-24T08:23:59+00:00","dateModified":"2026-01-09T22:01:34+00:00","description":"Nordic Marine Instruments Uhren bei WatchBandit kaufen \u2705 Swiss-SuperLuminova\ud83c\udde8\ud83c\udded Flaches Premium Miyota\u2705 TrustedShops zertifiziert \u2705 Kostenlose Lieferung \u2705","breadcrumb":{"@id":"https:\/\/watch-bandit.com\/de\/produkt\/nordic-marine-instruments-ostersoen-green-mop\/#breadcrumb"},"inLanguage":"de-DE","potentialAction":[{"@type":"ReadAction","target":["https:\/\/watch-bandit.com\/de\/produkt\/nordic-marine-instruments-ostersoen-green-mop\/"]}]},{"@type":"BreadcrumbList","@id":"https:\/\/watch-bandit.com\/de\/produkt\/nordic-marine-instruments-ostersoen-green-mop\/#breadcrumb","itemListElement":[{"@type":"ListItem","position":1,"name":"Home","item":"https:\/\/watchbandit.de\/"},{"@type":"ListItem","position":2,"name":"Shop","item":"https:\/\/watchbandit.de\/shop\/"},{"@type":"ListItem","position":3,"name":"Watches","item":"https:\/\/watch-bandit.com\/products\/watches\/"},{"@type":"ListItem","position":4,"name":"Nordic Marine Instruments &#8211; \u00d8sters\u00f8en &#8211; Green MOP"}]},{"@type":"WebSite","@id":"https:\/\/watch-bandit.com\/#website","url":"https:\/\/watch-bandit.com\/","name":"WATCHBANDIT","description":"Contemporary Wrist Accessories","publisher":{"@id":"https:\/\/watch-bandit.com\/#organization"},"potentialAction":[{"@type":"SearchAction","target":{"@type":"EntryPoint","urlTemplate":"https:\/\/watch-bandit.com\/?s={search_term_string}"},"query-input":"required name=search_term_string"}],"inLanguage":"de-DE"},{"@type":"Organization","@id":"https:\/\/watch-bandit.com\/#organization","name":"WatchBandit","url":"https:\/\/watch-bandit.com\/","logo":{"@type":"ImageObject","inLanguage":"de-DE","@id":"https:\/\/watch-bandit.com\/#\/schema\/logo\/image\/","url":"https:\/\/watchbandit.de\/wp-content\/uploads\/2017\/11\/WB_Logo_557x124.png","contentUrl":"https:\/\/watchbandit.de\/wp-content\/uploads\/2017\/11\/WB_Logo_557x124.png","width":557,"height":124,"caption":"WatchBandit"},"image":{"@id":"https:\/\/watch-bandit.com\/#\/schema\/logo\/image\/"}}]}},"_links":{"self":[{"href":"https:\/\/watch-bandit.com\/de\/wp-json\/wp\/v2\/product\/345421"}],"collection":[{"href":"https:\/\/watch-bandit.com\/de\/wp-json\/wp\/v2\/product"}],"about":[{"href":"https:\/\/watch-bandit.com\/de\/wp-json\/wp\/v2\/types\/product"}],"replies":[{"embeddable":true,"href":"https:\/\/watch-bandit.com\/de\/wp-json\/wp\/v2\/comments?post=345421"}],"wp:featuredmedia":[{"embeddable":true,"href":"https:\/\/watch-bandit.com\/de\/wp-json\/wp\/v2\/media\/345469"}],"wp:attachment":[{"href":"https:\/\/watch-bandit.com\/de\/wp-json\/wp\/v2\/media?parent=345421"}],"wp:term":[{"taxonomy":"product_cat","embeddable":true,"href":"https:\/\/watch-bandit.com\/de\/wp-json\/wp\/v2\/product_cat?post=345421"},{"taxonomy":"product_tag","embeddable":true,"href":"https:\/\/watch-bandit.com\/de\/wp-json\/wp\/v2\/product_tag?post=345421"}],"curies":[{"name":"wp","href":"https:\/\/api.w.org\/{rel}","templated":true}]}}