{"id":345529,"date":"2024-09-25T17:05:20","date_gmt":"2024-09-25T15:05:21","guid":{"rendered":"https:\/\/watchbandit.com\/?post_type=product&#038;p=345529"},"modified":"2024-09-26T13:29:42","modified_gmt":"2024-09-26T11:29:42","slug":"marathon-41mm-original-sar-w-date-osar-d","status":"publish","type":"product","link":"https:\/\/watch-bandit.com\/de\/produkt\/marathon-41mm-original-sar-w-date-osar-d\/","title":{"rendered":"Marathon &#8211; 41mm Original SAR W\/ DATE (OSAR-D) &#8211; Kautschuk-Armband"},"content":{"rendered":"<h1>AUTHENTISCHES MILIT\u00c4RISCHES ERBE MIT MODERNEM MILIT\u00c4RDESIGN EST. 1939<\/h1>\n<p>Das Unternehmen, aus dem Marathon Watch hervorgehen sollte, wurde 1904 als Weinsturm Watch gegr\u00fcndet und erhielt sp\u00e4ter den Namen Wein Brothers. Im Jahr 1939 gr\u00fcndete Morris Wein Marathon Watch und lieferte feine Pr\u00e4zisionsuhren in ganz Nordamerika.<\/p>\n<p>Seit 1941 stellt Marathon Zeitmessger\u00e4te f\u00fcr die Alliierten Streitkr\u00e4fte her. Heute f\u00fchrt die vierte Generation der Familie die Tradition mit einer breiten Palette von Instrumenten zur Messung von Zeit, Temperatur und Entfernung fort. Marathon-Uhren kombinieren milit\u00e4rische Haltbarkeit mit Schweizer Ingenieurskunst und Handwerkskunst, um ein H\u00f6chstma\u00df an Qualit\u00e4t und Pr\u00e4zision zu gew\u00e4hrleisten.<\/p>\n<p>Marathon-Produkte werden mit gr\u00f6\u00dfter Sorgfalt hergestellt und durchlaufen verschiedene Qualit\u00e4tskontrollma\u00dfnahmen. Dieses Augenmerk auf Qualit\u00e4t wird durch die Verpflichtung zu exzellentem Kundensupport unterst\u00fctzt, um das bestm\u00f6gliche Produkterlebnis zu gew\u00e4hrleisten.<\/p>\n<h2>Marathon 41MM ORIGINAL SAR W\/ DATE (OSAR-D)<\/h2>\n<ul>\n<li><strong>MaraGlo:<\/strong> MaraGlo-Nachleuchtfarbe wird durch externe Lichtquellen aufgeladen. MaraGlo leuchtet nach Lichteinwirkung von selbst bis zu 3\u20135 Stunden lang hell.<\/li>\n<li><strong>Wasserfestigkeit:<\/strong> Die 41 mm gro\u00dfe OSAR-D besteht aus chirurgischem Edelstahl 316L mit verschraubter Krone und synthetischem Saphirglas, sodass sie auch bei einer Wassertiefe von bis zu 300 Metern oder 1000 Fu\u00df funktioniert.<\/li>\n<li><strong>Sto\u00dffestigkeit:<\/strong> Seit \u00fcber 80 Jahren verwendet Marathon Incabloc\u00ae-Sto\u00dfd\u00e4mpfer zum Schutz des Marathon-Motors. Diese Uhr kombiniert milit\u00e4rische Robustheit mit Schweizer Handwerkskunst in einer Uhr, die ihre Aufgabe erf\u00fcllt und dabei auch noch gut aussieht.<\/li>\n<li><strong>Schweizer Uhrwerk:<\/strong> Im Inneren der 41 mm gro\u00dfen OSAR-D-Automatik befindet sich ein in der Schweiz hergestellter Sellita SW200-1 mit 26 Steinen und Incabloc\u00ae-Sto\u00dfd\u00e4mpfer. Diese Uhren werden in La Chaux-de-Fonds, Schweiz, von Hand zusammengebaut und garantieren h\u00f6chste Handwerkskunst und Genauigkeit.<\/li>\n<li><strong>Zeitmessen mit der L\u00fcnette:<\/strong><\/li>\n<\/ul>\n<ol>\n<li>Drehen Sie Ihre L\u00fcnette gegen den Uhrzeigersinn und richten Sie die 12-Uhr-L\u00fcnettenmarkierung auf den Minutenzeiger aus. Dadurch wird Ihre Startzeit eingestellt.<\/li>\n<li>Messen Sie den Minutenzeiger an den L\u00fcnettenmarkierungen, um die verstrichene Zeit zu z\u00e4hlen.<\/li>\n<\/ol>\n<p><em>HINWEIS: Verwenden Sie beim Tauchen Ihre Taucheruhr als Hilfsmittel neben den von PADI oder BSAC empfohlenen Tauchwerkzeugen.<\/em><\/p>\n","protected":false},"excerpt":{"rendered":"<p>Wir stellen die neue 41 mm gro\u00dfe OSAR-D (Original Search and Rescue with Date) vor, eine moderne Weiterentwicklung der legend\u00e4ren SAR-Uhr, die urspr\u00fcnglich Anfang der 2000er Jahre an kanadische SAR-Techniker (Search and Rescue) ausgegeben wurde. Diese Uhr markierte den Beginn der Marathon SAR-Linie, die f\u00fcr ihr robustes Design und ihre Zuverl\u00e4ssigkeit unter extremen Bedingungen bekannt ist. Die OSAR-D beh\u00e4lt ihr charakteristisches Mil-Spec-Zifferblatt Typ I mit einem Zykloplupen-Datumsfenster bei und verf\u00fcgt \u00fcber vollst\u00e4ndig leuchtende geometrische Stundenmarkierungen f\u00fcr schnelle Lesbarkeit bei schlechten Lichtverh\u00e4ltnissen oder unter Wasser.<\/p>\n<p>Die OSAR-D wurde f\u00fcr noch mehr Leistung \u00fcberarbeitet und verf\u00fcgt jetzt \u00fcber eine verbesserte MaraGlo-Beleuchtung, gr\u00f6\u00dfere Indizes f\u00fcr bessere Sichtbarkeit, einen verbesserten Zykloplupen f\u00fcr bessere Datumsklarheit und wird vom zuverl\u00e4ssigen Sellita SW200-1-Automatikwerk mit Incabloc\u00ae-Sto\u00dfd\u00e4mpfer angetrieben, das Pr\u00e4zision und Haltbarkeit in jeder Situation gew\u00e4hrleistet.<\/p>\n<p><strong>Uhrwerk<\/strong>: Sellita SW200 mit Incabloc\u2122-Sto\u00dfd\u00e4mpfer<br \/>\n<strong>Geh\u00e4use<\/strong>: Geb\u00fcrsteter 316L-Edelstahl mit 41 mm Durchmesser, Dicke: 14 mm, Bandansto\u00df zu Bandansto\u00df: 48<br \/>\n<strong>Wasserdichtigkeit<\/strong>: 300 Meter \/ 30 ATM<br \/>\n<strong>Armband<\/strong>: Strapazierf\u00e4higes Kautschukband, Bandansto\u00dfbreite: 20 mm<\/p>\n","protected":false},"featured_media":345545,"comment_status":"open","ping_status":"closed","template":"","meta":[],"product_cat":[4332,37],"product_tag":[],"yoast_head":"<!-- This site is optimized with the Yoast SEO plugin v21.9 - https:\/\/yoast.com\/wordpress\/plugins\/seo\/ -->\n<title>Marathon - 41mm Original SAR W\/ DATE (OSAR-D) - Kautschuk-Armband - WATCHBANDIT<\/title>\n<meta name=\"description\" content=\"Marathon Uhren bei Watchbandit kaufen \u2713 Autorisierter H\u00e4ndler \u2713 Swiss made \u2713 TrustedShops zertifiziert \u2713 Passion aus Berlin seit 2014 \u2713\" \/>\n<meta name=\"robots\" content=\"noindex, follow, max-snippet:-1, max-image-preview:large, max-video-preview:-1\" \/>\n<meta property=\"og:locale\" content=\"de_DE\" \/>\n<meta property=\"og:type\" content=\"article\" \/>\n<meta property=\"og:title\" content=\"Marathon - 41mm Original SAR W\/ DATE (OSAR-D) - Kautschuk-Armband - WATCHBANDIT\" \/>\n<meta property=\"og:description\" content=\"Marathon Uhren bei Watchbandit kaufen \u2713 Autorisierter H\u00e4ndler \u2713 Swiss made \u2713 TrustedShops zertifiziert \u2713 Passion aus Berlin seit 2014 \u2713\" \/>\n<meta property=\"og:url\" content=\"https:\/\/watch-bandit.com\/de\/produkt\/marathon-41mm-original-sar-w-date-osar-d\/\" \/>\n<meta property=\"og:site_name\" content=\"WATCHBANDIT\" \/>\n<meta property=\"article:modified_time\" content=\"2024-09-26T11:29:42+00:00\" \/>\n<meta property=\"og:image\" content=\"https:\/\/watch-bandit.com\/wp-content\/uploads\/2024\/09\/ww194006ss-2030-66f427666dcb6.webp\" \/>\n\t<meta property=\"og:image:width\" content=\"2000\" \/>\n\t<meta property=\"og:image:height\" content=\"2000\" \/>\n\t<meta property=\"og:image:type\" content=\"image\/webp\" \/>\n<meta name=\"twitter:label1\" content=\"Gesch\u00e4tzte Lesezeit\" \/>\n\t<meta name=\"twitter:data1\" content=\"2 Minuten\" \/>\n<script type=\"application\/ld+json\" class=\"yoast-schema-graph\">{\"@context\":\"https:\/\/schema.org\",\"@graph\":[{\"@type\":\"WebPage\",\"@id\":\"https:\/\/watch-bandit.com\/de\/produkt\/marathon-41mm-original-sar-w-date-osar-d\/\",\"url\":\"https:\/\/watch-bandit.com\/de\/produkt\/marathon-41mm-original-sar-w-date-osar-d\/\",\"name\":\"Marathon - 41mm Original SAR W\/ DATE (OSAR-D) - Kautschuk-Armband - WATCHBANDIT\",\"isPartOf\":{\"@id\":\"https:\/\/watch-bandit.com\/#website\"},\"datePublished\":\"2024-09-25T15:05:21+00:00\",\"dateModified\":\"2024-09-26T11:29:42+00:00\",\"description\":\"Marathon Uhren bei Watchbandit kaufen \u2713 Autorisierter H\u00e4ndler \u2713 Swiss made \u2713 TrustedShops zertifiziert \u2713 Passion aus Berlin seit 2014 \u2713\",\"breadcrumb\":{\"@id\":\"https:\/\/watch-bandit.com\/de\/produkt\/marathon-41mm-original-sar-w-date-osar-d\/#breadcrumb\"},\"inLanguage\":\"de-DE\",\"potentialAction\":[{\"@type\":\"ReadAction\",\"target\":[\"https:\/\/watch-bandit.com\/de\/produkt\/marathon-41mm-original-sar-w-date-osar-d\/\"]}]},{\"@type\":\"BreadcrumbList\",\"@id\":\"https:\/\/watch-bandit.com\/de\/produkt\/marathon-41mm-original-sar-w-date-osar-d\/#breadcrumb\",\"itemListElement\":[{\"@type\":\"ListItem\",\"position\":1,\"name\":\"Home\",\"item\":\"https:\/\/watchbandit.de\/\"},{\"@type\":\"ListItem\",\"position\":2,\"name\":\"Shop\",\"item\":\"https:\/\/watchbandit.de\/shop\/\"},{\"@type\":\"ListItem\",\"position\":3,\"name\":\"Watches\",\"item\":\"https:\/\/watch-bandit.com\/products\/watches\/\"},{\"@type\":\"ListItem\",\"position\":4,\"name\":\"Marathon\",\"item\":\"https:\/\/watch-bandit.com\/products\/watches\/marathon\/\"},{\"@type\":\"ListItem\",\"position\":5,\"name\":\"Marathon &#8211; 41mm Original SAR W\/ DATE (OSAR-D) &#8211; Kautschuk-Armband\"}]},{\"@type\":\"WebSite\",\"@id\":\"https:\/\/watch-bandit.com\/#website\",\"url\":\"https:\/\/watch-bandit.com\/\",\"name\":\"WATCHBANDIT\",\"description\":\"Contemporary Wrist Accessories\",\"publisher\":{\"@id\":\"https:\/\/watch-bandit.com\/#organization\"},\"potentialAction\":[{\"@type\":\"SearchAction\",\"target\":{\"@type\":\"EntryPoint\",\"urlTemplate\":\"https:\/\/watch-bandit.com\/?s={search_term_string}\"},\"query-input\":\"required name=search_term_string\"}],\"inLanguage\":\"de-DE\"},{\"@type\":\"Organization\",\"@id\":\"https:\/\/watch-bandit.com\/#organization\",\"name\":\"WatchBandit\",\"url\":\"https:\/\/watch-bandit.com\/\",\"logo\":{\"@type\":\"ImageObject\",\"inLanguage\":\"de-DE\",\"@id\":\"https:\/\/watch-bandit.com\/#\/schema\/logo\/image\/\",\"url\":\"https:\/\/watchbandit.de\/wp-content\/uploads\/2017\/11\/WB_Logo_557x124.png\",\"contentUrl\":\"https:\/\/watchbandit.de\/wp-content\/uploads\/2017\/11\/WB_Logo_557x124.png\",\"width\":557,\"height\":124,\"caption\":\"WatchBandit\"},\"image\":{\"@id\":\"https:\/\/watch-bandit.com\/#\/schema\/logo\/image\/\"}}]}<\/script>\n<!-- \/ Yoast SEO plugin. -->","yoast_head_json":{"title":"Marathon - 41mm Original SAR W\/ DATE (OSAR-D) - Kautschuk-Armband - WATCHBANDIT","description":"Marathon Uhren bei Watchbandit kaufen \u2713 Autorisierter H\u00e4ndler \u2713 Swiss made \u2713 TrustedShops zertifiziert \u2713 Passion aus Berlin seit 2014 \u2713","robots":{"index":"noindex","follow":"follow","max-snippet":"max-snippet:-1","max-image-preview":"max-image-preview:large","max-video-preview":"max-video-preview:-1"},"og_locale":"de_DE","og_type":"article","og_title":"Marathon - 41mm Original SAR W\/ DATE (OSAR-D) - Kautschuk-Armband - WATCHBANDIT","og_description":"Marathon Uhren bei Watchbandit kaufen \u2713 Autorisierter H\u00e4ndler \u2713 Swiss made \u2713 TrustedShops zertifiziert \u2713 Passion aus Berlin seit 2014 \u2713","og_url":"https:\/\/watch-bandit.com\/de\/produkt\/marathon-41mm-original-sar-w-date-osar-d\/","og_site_name":"WATCHBANDIT","article_modified_time":"2024-09-26T11:29:42+00:00","og_image":[{"width":2000,"height":2000,"url":"https:\/\/watch-bandit.com\/wp-content\/uploads\/2024\/09\/ww194006ss-2030-66f427666dcb6.webp","type":"image\/webp"}],"twitter_misc":{"Gesch\u00e4tzte Lesezeit":"2 Minuten"},"schema":{"@context":"https:\/\/schema.org","@graph":[{"@type":"WebPage","@id":"https:\/\/watch-bandit.com\/de\/produkt\/marathon-41mm-original-sar-w-date-osar-d\/","url":"https:\/\/watch-bandit.com\/de\/produkt\/marathon-41mm-original-sar-w-date-osar-d\/","name":"Marathon - 41mm Original SAR W\/ DATE (OSAR-D) - Kautschuk-Armband - WATCHBANDIT","isPartOf":{"@id":"https:\/\/watch-bandit.com\/#website"},"datePublished":"2024-09-25T15:05:21+00:00","dateModified":"2024-09-26T11:29:42+00:00","description":"Marathon Uhren bei Watchbandit kaufen \u2713 Autorisierter H\u00e4ndler \u2713 Swiss made \u2713 TrustedShops zertifiziert \u2713 Passion aus Berlin seit 2014 \u2713","breadcrumb":{"@id":"https:\/\/watch-bandit.com\/de\/produkt\/marathon-41mm-original-sar-w-date-osar-d\/#breadcrumb"},"inLanguage":"de-DE","potentialAction":[{"@type":"ReadAction","target":["https:\/\/watch-bandit.com\/de\/produkt\/marathon-41mm-original-sar-w-date-osar-d\/"]}]},{"@type":"BreadcrumbList","@id":"https:\/\/watch-bandit.com\/de\/produkt\/marathon-41mm-original-sar-w-date-osar-d\/#breadcrumb","itemListElement":[{"@type":"ListItem","position":1,"name":"Home","item":"https:\/\/watchbandit.de\/"},{"@type":"ListItem","position":2,"name":"Shop","item":"https:\/\/watchbandit.de\/shop\/"},{"@type":"ListItem","position":3,"name":"Watches","item":"https:\/\/watch-bandit.com\/products\/watches\/"},{"@type":"ListItem","position":4,"name":"Marathon","item":"https:\/\/watch-bandit.com\/products\/watches\/marathon\/"},{"@type":"ListItem","position":5,"name":"Marathon &#8211; 41mm Original SAR W\/ DATE (OSAR-D) &#8211; Kautschuk-Armband"}]},{"@type":"WebSite","@id":"https:\/\/watch-bandit.com\/#website","url":"https:\/\/watch-bandit.com\/","name":"WATCHBANDIT","description":"Contemporary Wrist Accessories","publisher":{"@id":"https:\/\/watch-bandit.com\/#organization"},"potentialAction":[{"@type":"SearchAction","target":{"@type":"EntryPoint","urlTemplate":"https:\/\/watch-bandit.com\/?s={search_term_string}"},"query-input":"required name=search_term_string"}],"inLanguage":"de-DE"},{"@type":"Organization","@id":"https:\/\/watch-bandit.com\/#organization","name":"WatchBandit","url":"https:\/\/watch-bandit.com\/","logo":{"@type":"ImageObject","inLanguage":"de-DE","@id":"https:\/\/watch-bandit.com\/#\/schema\/logo\/image\/","url":"https:\/\/watchbandit.de\/wp-content\/uploads\/2017\/11\/WB_Logo_557x124.png","contentUrl":"https:\/\/watchbandit.de\/wp-content\/uploads\/2017\/11\/WB_Logo_557x124.png","width":557,"height":124,"caption":"WatchBandit"},"image":{"@id":"https:\/\/watch-bandit.com\/#\/schema\/logo\/image\/"}}]}},"_links":{"self":[{"href":"https:\/\/watch-bandit.com\/de\/wp-json\/wp\/v2\/product\/345529"}],"collection":[{"href":"https:\/\/watch-bandit.com\/de\/wp-json\/wp\/v2\/product"}],"about":[{"href":"https:\/\/watch-bandit.com\/de\/wp-json\/wp\/v2\/types\/product"}],"replies":[{"embeddable":true,"href":"https:\/\/watch-bandit.com\/de\/wp-json\/wp\/v2\/comments?post=345529"}],"wp:featuredmedia":[{"embeddable":true,"href":"https:\/\/watch-bandit.com\/de\/wp-json\/wp\/v2\/media\/345545"}],"wp:attachment":[{"href":"https:\/\/watch-bandit.com\/de\/wp-json\/wp\/v2\/media?parent=345529"}],"wp:term":[{"taxonomy":"product_cat","embeddable":true,"href":"https:\/\/watch-bandit.com\/de\/wp-json\/wp\/v2\/product_cat?post=345529"},{"taxonomy":"product_tag","embeddable":true,"href":"https:\/\/watch-bandit.com\/de\/wp-json\/wp\/v2\/product_tag?post=345529"}],"curies":[{"name":"wp","href":"https:\/\/api.w.org\/{rel}","templated":true}]}}