{"id":345872,"date":"2024-10-08T13:00:22","date_gmt":"2024-10-08T11:01:42","guid":{"rendered":"https:\/\/watchbandit.com\/?post_type=product&#038;p=345872"},"modified":"2026-02-14T16:36:46","modified_gmt":"2026-02-14T15:36:46","slug":"mystery-uhrenarmband-nylon-canvas","status":"publish","type":"product","link":"https:\/\/watch-bandit.com\/de\/produkt\/mystery-uhrenarmband-nylon-canvas\/","title":{"rendered":"Mystery-Uhrenarmband (Nylon\/Perlon\/Canvas)"},"content":{"rendered":"","protected":false},"excerpt":{"rendered":"<p>Nach 10 erfolgreichen Jahren in unserem Uhrenarmbandgesch\u00e4ft haben wir eine einzigartige Kollektion von Armb\u00e4ndern zusammengestellt, die es nicht in unseren Online-Shop geschafft haben. Dazu geh\u00f6ren exklusive Muster, nicht mehr erh\u00e4ltliche Designs und Armb\u00e4nder mit kleinen M\u00e4ngeln. Jedes hat seine eigene Geschichte und wir glauben, dass sie alle ein neues Zuhause verdienen.<\/p>\n<p><strong>Bitte beachten:<\/strong> Da es sich um ein Mystery Strap-Angebot handelt, k\u00f6nnen wir keine Sonderw\u00fcnsche ber\u00fccksichtigen und alle Verk\u00e4ufe sind endg\u00fcltig \u2013 keine R\u00fcckgaben.<\/p>\n","protected":false},"featured_media":329957,"comment_status":"open","ping_status":"closed","template":"","meta":[],"product_cat":[4304,4432],"product_tag":[],"yoast_head":"<!-- This site is optimized with the Yoast SEO plugin v21.9 - https:\/\/yoast.com\/wordpress\/plugins\/seo\/ -->\n<title>Mystery-Uhrenarmband (Nylon\/Perlon\/Canvas) - WATCHBANDIT<\/title>\n<meta name=\"robots\" content=\"noindex, follow, max-snippet:-1, max-image-preview:large, max-video-preview:-1\" \/>\n<meta property=\"og:locale\" content=\"de_DE\" \/>\n<meta property=\"og:type\" content=\"article\" \/>\n<meta property=\"og:title\" content=\"Mystery-Uhrenarmband (Nylon\/Perlon\/Canvas) - WATCHBANDIT\" \/>\n<meta property=\"og:description\" content=\"Nach 10 erfolgreichen Jahren in unserem Uhrenarmbandgesch\u00e4ft haben wir eine einzigartige Kollektion von Armb\u00e4ndern zusammengestellt, die es nicht in unseren Online-Shop geschafft haben. Dazu geh\u00f6ren exklusive Muster, nicht mehr erh\u00e4ltliche Designs und Armb\u00e4nder mit kleinen M\u00e4ngeln. Jedes hat seine eigene Geschichte und wir glauben, dass sie alle ein neues Zuhause verdienen.  Bitte beachten: Da es sich um ein Mystery Strap-Angebot handelt, k\u00f6nnen wir keine Sonderw\u00fcnsche ber\u00fccksichtigen und alle Verk\u00e4ufe sind endg\u00fcltig \u2013 keine R\u00fcckgaben.\" \/>\n<meta property=\"og:url\" content=\"https:\/\/watch-bandit.com\/de\/produkt\/mystery-uhrenarmband-nylon-canvas\/\" \/>\n<meta property=\"og:site_name\" content=\"WATCHBANDIT\" \/>\n<meta property=\"article:modified_time\" content=\"2026-02-14T15:36:46+00:00\" \/>\n<meta property=\"og:image\" content=\"https:\/\/watch-bandit.com\/wp-content\/uploads\/2023\/11\/Watchbandit-watch-straps-mystery-box-min.jpg\" \/>\n\t<meta property=\"og:image:width\" content=\"1400\" \/>\n\t<meta property=\"og:image:height\" content=\"1700\" \/>\n\t<meta property=\"og:image:type\" content=\"image\/jpeg\" \/>\n<meta name=\"twitter:label1\" content=\"Gesch\u00e4tzte Lesezeit\" \/>\n\t<meta name=\"twitter:data1\" content=\"1 Minute\" \/>\n<script type=\"application\/ld+json\" class=\"yoast-schema-graph\">{\"@context\":\"https:\/\/schema.org\",\"@graph\":[{\"@type\":\"WebPage\",\"@id\":\"https:\/\/watch-bandit.com\/de\/produkt\/mystery-uhrenarmband-nylon-canvas\/\",\"url\":\"https:\/\/watch-bandit.com\/de\/produkt\/mystery-uhrenarmband-nylon-canvas\/\",\"name\":\"Mystery-Uhrenarmband (Nylon\/Perlon\/Canvas) - WATCHBANDIT\",\"isPartOf\":{\"@id\":\"https:\/\/watch-bandit.com\/#website\"},\"datePublished\":\"2024-10-08T11:01:42+00:00\",\"dateModified\":\"2026-02-14T15:36:46+00:00\",\"breadcrumb\":{\"@id\":\"https:\/\/watch-bandit.com\/de\/produkt\/mystery-uhrenarmband-nylon-canvas\/#breadcrumb\"},\"inLanguage\":\"de-DE\",\"potentialAction\":[{\"@type\":\"ReadAction\",\"target\":[\"https:\/\/watch-bandit.com\/de\/produkt\/mystery-uhrenarmband-nylon-canvas\/\"]}]},{\"@type\":\"BreadcrumbList\",\"@id\":\"https:\/\/watch-bandit.com\/de\/produkt\/mystery-uhrenarmband-nylon-canvas\/#breadcrumb\",\"itemListElement\":[{\"@type\":\"ListItem\",\"position\":1,\"name\":\"Home\",\"item\":\"https:\/\/watchbandit.de\/\"},{\"@type\":\"ListItem\",\"position\":2,\"name\":\"Shop\",\"item\":\"https:\/\/watchbandit.de\/shop\/\"},{\"@type\":\"ListItem\",\"position\":3,\"name\":\"Outlet\",\"item\":\"https:\/\/watch-bandit.com\/products\/outlet\/\"},{\"@type\":\"ListItem\",\"position\":4,\"name\":\"Outlet Watch Straps\",\"item\":\"https:\/\/watch-bandit.com\/products\/outlet\/outlet-watch-straps\/\"},{\"@type\":\"ListItem\",\"position\":5,\"name\":\"Mystery-Uhrenarmband (Nylon\/Perlon\/Canvas)\"}]},{\"@type\":\"WebSite\",\"@id\":\"https:\/\/watch-bandit.com\/#website\",\"url\":\"https:\/\/watch-bandit.com\/\",\"name\":\"WATCHBANDIT\",\"description\":\"Contemporary Wrist Accessories\",\"publisher\":{\"@id\":\"https:\/\/watch-bandit.com\/#organization\"},\"potentialAction\":[{\"@type\":\"SearchAction\",\"target\":{\"@type\":\"EntryPoint\",\"urlTemplate\":\"https:\/\/watch-bandit.com\/?s={search_term_string}\"},\"query-input\":\"required name=search_term_string\"}],\"inLanguage\":\"de-DE\"},{\"@type\":\"Organization\",\"@id\":\"https:\/\/watch-bandit.com\/#organization\",\"name\":\"WatchBandit\",\"url\":\"https:\/\/watch-bandit.com\/\",\"logo\":{\"@type\":\"ImageObject\",\"inLanguage\":\"de-DE\",\"@id\":\"https:\/\/watch-bandit.com\/#\/schema\/logo\/image\/\",\"url\":\"https:\/\/watchbandit.de\/wp-content\/uploads\/2017\/11\/WB_Logo_557x124.png\",\"contentUrl\":\"https:\/\/watchbandit.de\/wp-content\/uploads\/2017\/11\/WB_Logo_557x124.png\",\"width\":557,\"height\":124,\"caption\":\"WatchBandit\"},\"image\":{\"@id\":\"https:\/\/watch-bandit.com\/#\/schema\/logo\/image\/\"}}]}<\/script>\n<!-- \/ Yoast SEO plugin. -->","yoast_head_json":{"title":"Mystery-Uhrenarmband (Nylon\/Perlon\/Canvas) - WATCHBANDIT","robots":{"index":"noindex","follow":"follow","max-snippet":"max-snippet:-1","max-image-preview":"max-image-preview:large","max-video-preview":"max-video-preview:-1"},"og_locale":"de_DE","og_type":"article","og_title":"Mystery-Uhrenarmband (Nylon\/Perlon\/Canvas) - WATCHBANDIT","og_description":"Nach 10 erfolgreichen Jahren in unserem Uhrenarmbandgesch\u00e4ft haben wir eine einzigartige Kollektion von Armb\u00e4ndern zusammengestellt, die es nicht in unseren Online-Shop geschafft haben. Dazu geh\u00f6ren exklusive Muster, nicht mehr erh\u00e4ltliche Designs und Armb\u00e4nder mit kleinen M\u00e4ngeln. Jedes hat seine eigene Geschichte und wir glauben, dass sie alle ein neues Zuhause verdienen.  Bitte beachten: Da es sich um ein Mystery Strap-Angebot handelt, k\u00f6nnen wir keine Sonderw\u00fcnsche ber\u00fccksichtigen und alle Verk\u00e4ufe sind endg\u00fcltig \u2013 keine R\u00fcckgaben.","og_url":"https:\/\/watch-bandit.com\/de\/produkt\/mystery-uhrenarmband-nylon-canvas\/","og_site_name":"WATCHBANDIT","article_modified_time":"2026-02-14T15:36:46+00:00","og_image":[{"width":1400,"height":1700,"url":"https:\/\/watch-bandit.com\/wp-content\/uploads\/2023\/11\/Watchbandit-watch-straps-mystery-box-min.jpg","type":"image\/jpeg"}],"twitter_misc":{"Gesch\u00e4tzte Lesezeit":"1 Minute"},"schema":{"@context":"https:\/\/schema.org","@graph":[{"@type":"WebPage","@id":"https:\/\/watch-bandit.com\/de\/produkt\/mystery-uhrenarmband-nylon-canvas\/","url":"https:\/\/watch-bandit.com\/de\/produkt\/mystery-uhrenarmband-nylon-canvas\/","name":"Mystery-Uhrenarmband (Nylon\/Perlon\/Canvas) - WATCHBANDIT","isPartOf":{"@id":"https:\/\/watch-bandit.com\/#website"},"datePublished":"2024-10-08T11:01:42+00:00","dateModified":"2026-02-14T15:36:46+00:00","breadcrumb":{"@id":"https:\/\/watch-bandit.com\/de\/produkt\/mystery-uhrenarmband-nylon-canvas\/#breadcrumb"},"inLanguage":"de-DE","potentialAction":[{"@type":"ReadAction","target":["https:\/\/watch-bandit.com\/de\/produkt\/mystery-uhrenarmband-nylon-canvas\/"]}]},{"@type":"BreadcrumbList","@id":"https:\/\/watch-bandit.com\/de\/produkt\/mystery-uhrenarmband-nylon-canvas\/#breadcrumb","itemListElement":[{"@type":"ListItem","position":1,"name":"Home","item":"https:\/\/watchbandit.de\/"},{"@type":"ListItem","position":2,"name":"Shop","item":"https:\/\/watchbandit.de\/shop\/"},{"@type":"ListItem","position":3,"name":"Outlet","item":"https:\/\/watch-bandit.com\/products\/outlet\/"},{"@type":"ListItem","position":4,"name":"Outlet Watch Straps","item":"https:\/\/watch-bandit.com\/products\/outlet\/outlet-watch-straps\/"},{"@type":"ListItem","position":5,"name":"Mystery-Uhrenarmband (Nylon\/Perlon\/Canvas)"}]},{"@type":"WebSite","@id":"https:\/\/watch-bandit.com\/#website","url":"https:\/\/watch-bandit.com\/","name":"WATCHBANDIT","description":"Contemporary Wrist Accessories","publisher":{"@id":"https:\/\/watch-bandit.com\/#organization"},"potentialAction":[{"@type":"SearchAction","target":{"@type":"EntryPoint","urlTemplate":"https:\/\/watch-bandit.com\/?s={search_term_string}"},"query-input":"required name=search_term_string"}],"inLanguage":"de-DE"},{"@type":"Organization","@id":"https:\/\/watch-bandit.com\/#organization","name":"WatchBandit","url":"https:\/\/watch-bandit.com\/","logo":{"@type":"ImageObject","inLanguage":"de-DE","@id":"https:\/\/watch-bandit.com\/#\/schema\/logo\/image\/","url":"https:\/\/watchbandit.de\/wp-content\/uploads\/2017\/11\/WB_Logo_557x124.png","contentUrl":"https:\/\/watchbandit.de\/wp-content\/uploads\/2017\/11\/WB_Logo_557x124.png","width":557,"height":124,"caption":"WatchBandit"},"image":{"@id":"https:\/\/watch-bandit.com\/#\/schema\/logo\/image\/"}}]}},"_links":{"self":[{"href":"https:\/\/watch-bandit.com\/de\/wp-json\/wp\/v2\/product\/345872"}],"collection":[{"href":"https:\/\/watch-bandit.com\/de\/wp-json\/wp\/v2\/product"}],"about":[{"href":"https:\/\/watch-bandit.com\/de\/wp-json\/wp\/v2\/types\/product"}],"replies":[{"embeddable":true,"href":"https:\/\/watch-bandit.com\/de\/wp-json\/wp\/v2\/comments?post=345872"}],"wp:featuredmedia":[{"embeddable":true,"href":"https:\/\/watch-bandit.com\/de\/wp-json\/wp\/v2\/media\/329957"}],"wp:attachment":[{"href":"https:\/\/watch-bandit.com\/de\/wp-json\/wp\/v2\/media?parent=345872"}],"wp:term":[{"taxonomy":"product_cat","embeddable":true,"href":"https:\/\/watch-bandit.com\/de\/wp-json\/wp\/v2\/product_cat?post=345872"},{"taxonomy":"product_tag","embeddable":true,"href":"https:\/\/watch-bandit.com\/de\/wp-json\/wp\/v2\/product_tag?post=345872"}],"curies":[{"name":"wp","href":"https:\/\/api.w.org\/{rel}","templated":true}]}}