{"id":346339,"date":"2024-10-23T10:39:09","date_gmt":"2024-10-23T08:39:10","guid":{"rendered":"https:\/\/watchbandit.com\/?post_type=product&#038;p=346339"},"modified":"2025-11-03T15:13:02","modified_gmt":"2025-11-03T14:13:02","slug":"squale-super-squale-big-arrows-black-edelstahlarmband-superssabk-ac","status":"publish","type":"product","link":"https:\/\/watch-bandit.com\/de\/produkt\/squale-super-squale-big-arrows-black-edelstahlarmband-superssabk-ac\/","title":{"rendered":"Squale &#8211; Super-Squale &#8211; Big Arrows Black &#8211; Edelstahlarmband (SUPERSSABK.AC)"},"content":{"rendered":"<h3>PHILOSOPHIE<\/h3>\n<p>Integrit\u00e4t, Professionalit\u00e4t, Erfahrung und Leidenschaft. Einzigartige, unnachahmliche Uhren, elegantes, minimalistisches Design und High-Tech-Materialien sind nicht genug &#8230; das Geheimnis von Squale Uhren liegt darin, wie sie entworfen und konstruiert werden: Squale Uhren sind Freunde des Meeres. Immun gegen sind sie immer zuverl\u00e4ssig und treue Begleiter f\u00fcr anspruchsvolle Taucher.<\/p>\n<h3>GESCHICHTE<\/h3>\n<p>Die gro\u00dfe Schweizer Tradition der Pr\u00e4zisionsuhrmacherei, verbunden mit der Liebe zum Meer und zum Tauchen, waren die beiden Faktoren, die C. Von B\u00fcren dazu veranlassten, sich ausschlie\u00dflich auf den Bau professioneller Taucheruhren aus den fr\u00fchen 50er Jahren zu konzentrieren. Anf\u00e4nglich erschien die Marke &#8220;Squale&#8221; auf den Koffern von Schweizer Uhren verschiedener Marken, als Zeichen der guten Herstellung und eines Qualit\u00e4tszeichens. In den 1960er Jahren begann Von B\u00fcren Uhren zu produzieren, die auch die Squale-Markierung auf ihren Zifferbl\u00e4ttern aufwiesen. Damit begann die Institutions- und Handelsgeschichte der Marke. Die ersten sportlichen Erfolge, wie der 1968 in Kuba gewonnene Welttauchtitel, waren mit den Namen von Produkten verbunden, die so legend\u00e4r waren wie die Medium Master 50 atm. In den 70er Jahren entstand die erste &#8220;1000 Meter&#8221; Uhr mit Glas auf flexibler Montage und aufklappbarer L\u00fcnette, die sich in beide Richtungen drehen lie\u00df. Squale produzierte weitherin f\u00fcr andere Marken und begann, das Elitekorps einer gro\u00dfen Anzahl von Streitkr\u00e4ften zu beliefern, einschlie\u00dflich der Fallschirmspringer der italienischen Folgore-Brigade und der Tauchkompanie der italienischen Marine. All dies hat Squale zu einem Synonym f\u00fcr Qualit\u00e4t und international zur Referenzmarke f\u00fcr Taucheruhren gemacht, ein Status, den Squale seit mehreren Jahrzehnten genie\u00dft.<\/p>\n<h3>WIE SQUALE GEBAUT WIRD<\/h3>\n<p>Die gro\u00dfe Schweizer Tradition der Feinuhrmacherei, gepaart mit Solidit\u00e4t und Langlebigkeit: Wie es die Tradition verlangt, besteht das Geh\u00e4use komplett aus Schweizer 316L-Stahl. Die Komponenten sind ebenfalls alle Schweizer: Wickler, Wickler und Dichtungen. Dies sind wesentliche Teile einer Uhr, die hohen Dr\u00fccken und Salzwasser standhalten muss. Die Uhren werden sorgf\u00e4ltig von Uhrmachermeistern montiert, wobei gr\u00f6\u00dfte Sorgfalt auf die Montage der Dichtungen und auf die Dichtheit des Geh\u00e4uses gelegt wird. Dies unterliegt strengen Kontrollen hinsichtlich Wasserbest\u00e4ndigkeit und Genauigkeit der Zeitmessung. Qualit\u00e4tspr\u00fcfungen werden an jeder einzelnen Uhr und nicht auf Stichprobenbasis durchgef\u00fchrt.<\/p>\n","protected":false},"excerpt":{"rendered":"<p>Das Modell Super-Squale wurde in den 60er Jahren auf den Markt gebracht und sofort zu einer der beliebtesten Uhren der Marke Squale. Tats\u00e4chlich war es kein Zufall, dass Charles Von B\u00fcren 1959 die Marke \u201eSuper-Squale\u201c zusammen mit der Marke \u201eSquale\u201c selbst eintragen lie\u00df, symbolisch f\u00fcr eine Uhr, die dazu bestimmt war, in der Welt der Taucheruhren zu einer Ikone zu werden. Das Modell Super-Squale wurde als Skin Diver geboren: Mit einer Wasserdichtigkeit von 200 Metern, einem Geh\u00e4usedurchmesser von 38 Millimetern und einer lug-to-lug von nur 45 mm wurde die Super Squale so konzipiert, dass sie beim Tauchen so leicht wie m\u00f6glich ist und angenehm ohne Neoprenanzug getragen werden kann. Die neuen Super-Squale-Modelle sind nicht nur eine Hommage an die Vergangenheit: Die originalgetreuen Versionen werden von v\u00f6llig neuen Modellen flankiert, die sich modern anf\u00fchlen, aber alle notwendigen Funktionen zum Tauchen beibehalten. In den 1960er Jahren wurden Taucheruhrgl\u00e4ser aus Plexiglas hergestellt, einem widerstandsf\u00e4higen, aber leicht zerkratzten Material. Heute sind die Modelle der Super-Squale-Kollektion mit einem doppelt gew\u00f6lbten Saphirglas ausgestattet, das unerl\u00e4sslich ist, um jegliche Verzerrung der Lesbarkeit zu vermeiden und erhalten gleichzeitig den Charme des ikonischen Geh\u00e4uses.<\/p>\n<p><strong>Uhrwerk:<\/strong> Swiss Sellita SW200 Automatik<br \/>\n<strong>Geh\u00e4use:<\/strong> 316L rostfreier Edelstahl 38mm im Durchmesser<br \/>\n<strong>Wasserdichtigkeit:<\/strong> 20 atm \/ 200 Meter<br \/>\n<strong>Armband:<\/strong> Hochwertiges 316L Edelstahlarmband<\/p>\n","protected":false},"featured_media":346480,"comment_status":"open","ping_status":"closed","template":"","meta":[],"product_cat":[3097,4774,37],"product_tag":[],"yoast_head":"<!-- This site is optimized with the Yoast SEO plugin v21.9 - https:\/\/yoast.com\/wordpress\/plugins\/seo\/ -->\n<title>Squale - Super-Squale - Big Arrows Black - Edelstahlarmband (SUPERSSABK.AC) - WATCHBANDIT<\/title>\n<meta name=\"description\" content=\"Squale Uhren bei WatchBandit kaufen\ud83c\uddee\ud83c\uddf9 Swiss Sellita SW200\ud83c\udde8\ud83c\udded Kostenlose &amp; schnelle Lieferung \u2705 TrustedShops zertifiziert\u2705 Seit 2014\u2705\" \/>\n<meta name=\"robots\" content=\"noindex, follow, max-snippet:-1, max-image-preview:large, max-video-preview:-1\" \/>\n<meta property=\"og:locale\" content=\"de_DE\" \/>\n<meta property=\"og:type\" content=\"article\" \/>\n<meta property=\"og:title\" content=\"Squale - Super-Squale - Big Arrows Black - Edelstahlarmband (SUPERSSABK.AC) - WATCHBANDIT\" \/>\n<meta property=\"og:description\" content=\"Squale Uhren bei WatchBandit kaufen\ud83c\uddee\ud83c\uddf9 Swiss Sellita SW200\ud83c\udde8\ud83c\udded Kostenlose &amp; schnelle Lieferung \u2705 TrustedShops zertifiziert\u2705 Seit 2014\u2705\" \/>\n<meta property=\"og:url\" content=\"https:\/\/watch-bandit.com\/de\/produkt\/squale-super-squale-big-arrows-black-edelstahlarmband-superssabk-ac\/\" \/>\n<meta property=\"og:site_name\" content=\"WATCHBANDIT\" \/>\n<meta property=\"article:modified_time\" content=\"2025-11-03T14:13:02+00:00\" \/>\n<meta property=\"og:image\" content=\"https:\/\/watch-bandit.com\/wp-content\/uploads\/2024\/10\/super-squale-big-arrows-black-bracelet-67210e71cf158.webp\" \/>\n\t<meta property=\"og:image:width\" content=\"1400\" \/>\n\t<meta property=\"og:image:height\" content=\"1700\" \/>\n\t<meta property=\"og:image:type\" content=\"image\/webp\" \/>\n<meta name=\"twitter:label1\" content=\"Gesch\u00e4tzte Lesezeit\" \/>\n\t<meta name=\"twitter:data1\" content=\"2 Minuten\" \/>\n<script type=\"application\/ld+json\" class=\"yoast-schema-graph\">{\"@context\":\"https:\/\/schema.org\",\"@graph\":[{\"@type\":\"WebPage\",\"@id\":\"https:\/\/watch-bandit.com\/de\/produkt\/squale-super-squale-big-arrows-black-edelstahlarmband-superssabk-ac\/\",\"url\":\"https:\/\/watch-bandit.com\/de\/produkt\/squale-super-squale-big-arrows-black-edelstahlarmband-superssabk-ac\/\",\"name\":\"Squale - Super-Squale - Big Arrows Black - Edelstahlarmband (SUPERSSABK.AC) - WATCHBANDIT\",\"isPartOf\":{\"@id\":\"https:\/\/watch-bandit.com\/#website\"},\"datePublished\":\"2024-10-23T08:39:10+00:00\",\"dateModified\":\"2025-11-03T14:13:02+00:00\",\"description\":\"Squale Uhren bei WatchBandit kaufen\ud83c\uddee\ud83c\uddf9 Swiss Sellita SW200\ud83c\udde8\ud83c\udded Kostenlose & schnelle Lieferung \u2705 TrustedShops zertifiziert\u2705 Seit 2014\u2705\",\"breadcrumb\":{\"@id\":\"https:\/\/watch-bandit.com\/de\/produkt\/squale-super-squale-big-arrows-black-edelstahlarmband-superssabk-ac\/#breadcrumb\"},\"inLanguage\":\"de-DE\",\"potentialAction\":[{\"@type\":\"ReadAction\",\"target\":[\"https:\/\/watch-bandit.com\/de\/produkt\/squale-super-squale-big-arrows-black-edelstahlarmband-superssabk-ac\/\"]}]},{\"@type\":\"BreadcrumbList\",\"@id\":\"https:\/\/watch-bandit.com\/de\/produkt\/squale-super-squale-big-arrows-black-edelstahlarmband-superssabk-ac\/#breadcrumb\",\"itemListElement\":[{\"@type\":\"ListItem\",\"position\":1,\"name\":\"Home\",\"item\":\"https:\/\/watchbandit.de\/\"},{\"@type\":\"ListItem\",\"position\":2,\"name\":\"Shop\",\"item\":\"https:\/\/watchbandit.de\/shop\/\"},{\"@type\":\"ListItem\",\"position\":3,\"name\":\"Watches\",\"item\":\"https:\/\/watch-bandit.com\/products\/watches\/\"},{\"@type\":\"ListItem\",\"position\":4,\"name\":\"Squale\",\"item\":\"https:\/\/watch-bandit.com\/products\/watches\/squale\/\"},{\"@type\":\"ListItem\",\"position\":5,\"name\":\"Squale Super-Squale\",\"item\":\"https:\/\/watch-bandit.com\/products\/watches\/squale\/squale-super-squale\/\"},{\"@type\":\"ListItem\",\"position\":6,\"name\":\"Squale &#8211; Super-Squale &#8211; Big Arrows Black &#8211; Edelstahlarmband (SUPERSSABK.AC)\"}]},{\"@type\":\"WebSite\",\"@id\":\"https:\/\/watch-bandit.com\/#website\",\"url\":\"https:\/\/watch-bandit.com\/\",\"name\":\"WATCHBANDIT\",\"description\":\"Contemporary Wrist Accessories\",\"publisher\":{\"@id\":\"https:\/\/watch-bandit.com\/#organization\"},\"potentialAction\":[{\"@type\":\"SearchAction\",\"target\":{\"@type\":\"EntryPoint\",\"urlTemplate\":\"https:\/\/watch-bandit.com\/?s={search_term_string}\"},\"query-input\":\"required name=search_term_string\"}],\"inLanguage\":\"de-DE\"},{\"@type\":\"Organization\",\"@id\":\"https:\/\/watch-bandit.com\/#organization\",\"name\":\"WatchBandit\",\"url\":\"https:\/\/watch-bandit.com\/\",\"logo\":{\"@type\":\"ImageObject\",\"inLanguage\":\"de-DE\",\"@id\":\"https:\/\/watch-bandit.com\/#\/schema\/logo\/image\/\",\"url\":\"https:\/\/watchbandit.de\/wp-content\/uploads\/2017\/11\/WB_Logo_557x124.png\",\"contentUrl\":\"https:\/\/watchbandit.de\/wp-content\/uploads\/2017\/11\/WB_Logo_557x124.png\",\"width\":557,\"height\":124,\"caption\":\"WatchBandit\"},\"image\":{\"@id\":\"https:\/\/watch-bandit.com\/#\/schema\/logo\/image\/\"}}]}<\/script>\n<!-- \/ Yoast SEO plugin. -->","yoast_head_json":{"title":"Squale - Super-Squale - Big Arrows Black - Edelstahlarmband (SUPERSSABK.AC) - WATCHBANDIT","description":"Squale Uhren bei WatchBandit kaufen\ud83c\uddee\ud83c\uddf9 Swiss Sellita SW200\ud83c\udde8\ud83c\udded Kostenlose & schnelle Lieferung \u2705 TrustedShops zertifiziert\u2705 Seit 2014\u2705","robots":{"index":"noindex","follow":"follow","max-snippet":"max-snippet:-1","max-image-preview":"max-image-preview:large","max-video-preview":"max-video-preview:-1"},"og_locale":"de_DE","og_type":"article","og_title":"Squale - Super-Squale - Big Arrows Black - Edelstahlarmband (SUPERSSABK.AC) - WATCHBANDIT","og_description":"Squale Uhren bei WatchBandit kaufen\ud83c\uddee\ud83c\uddf9 Swiss Sellita SW200\ud83c\udde8\ud83c\udded Kostenlose & schnelle Lieferung \u2705 TrustedShops zertifiziert\u2705 Seit 2014\u2705","og_url":"https:\/\/watch-bandit.com\/de\/produkt\/squale-super-squale-big-arrows-black-edelstahlarmband-superssabk-ac\/","og_site_name":"WATCHBANDIT","article_modified_time":"2025-11-03T14:13:02+00:00","og_image":[{"width":1400,"height":1700,"url":"https:\/\/watch-bandit.com\/wp-content\/uploads\/2024\/10\/super-squale-big-arrows-black-bracelet-67210e71cf158.webp","type":"image\/webp"}],"twitter_misc":{"Gesch\u00e4tzte Lesezeit":"2 Minuten"},"schema":{"@context":"https:\/\/schema.org","@graph":[{"@type":"WebPage","@id":"https:\/\/watch-bandit.com\/de\/produkt\/squale-super-squale-big-arrows-black-edelstahlarmband-superssabk-ac\/","url":"https:\/\/watch-bandit.com\/de\/produkt\/squale-super-squale-big-arrows-black-edelstahlarmband-superssabk-ac\/","name":"Squale - Super-Squale - Big Arrows Black - Edelstahlarmband (SUPERSSABK.AC) - WATCHBANDIT","isPartOf":{"@id":"https:\/\/watch-bandit.com\/#website"},"datePublished":"2024-10-23T08:39:10+00:00","dateModified":"2025-11-03T14:13:02+00:00","description":"Squale Uhren bei WatchBandit kaufen\ud83c\uddee\ud83c\uddf9 Swiss Sellita SW200\ud83c\udde8\ud83c\udded Kostenlose & schnelle Lieferung \u2705 TrustedShops zertifiziert\u2705 Seit 2014\u2705","breadcrumb":{"@id":"https:\/\/watch-bandit.com\/de\/produkt\/squale-super-squale-big-arrows-black-edelstahlarmband-superssabk-ac\/#breadcrumb"},"inLanguage":"de-DE","potentialAction":[{"@type":"ReadAction","target":["https:\/\/watch-bandit.com\/de\/produkt\/squale-super-squale-big-arrows-black-edelstahlarmband-superssabk-ac\/"]}]},{"@type":"BreadcrumbList","@id":"https:\/\/watch-bandit.com\/de\/produkt\/squale-super-squale-big-arrows-black-edelstahlarmband-superssabk-ac\/#breadcrumb","itemListElement":[{"@type":"ListItem","position":1,"name":"Home","item":"https:\/\/watchbandit.de\/"},{"@type":"ListItem","position":2,"name":"Shop","item":"https:\/\/watchbandit.de\/shop\/"},{"@type":"ListItem","position":3,"name":"Watches","item":"https:\/\/watch-bandit.com\/products\/watches\/"},{"@type":"ListItem","position":4,"name":"Squale","item":"https:\/\/watch-bandit.com\/products\/watches\/squale\/"},{"@type":"ListItem","position":5,"name":"Squale Super-Squale","item":"https:\/\/watch-bandit.com\/products\/watches\/squale\/squale-super-squale\/"},{"@type":"ListItem","position":6,"name":"Squale &#8211; Super-Squale &#8211; Big Arrows Black &#8211; Edelstahlarmband (SUPERSSABK.AC)"}]},{"@type":"WebSite","@id":"https:\/\/watch-bandit.com\/#website","url":"https:\/\/watch-bandit.com\/","name":"WATCHBANDIT","description":"Contemporary Wrist Accessories","publisher":{"@id":"https:\/\/watch-bandit.com\/#organization"},"potentialAction":[{"@type":"SearchAction","target":{"@type":"EntryPoint","urlTemplate":"https:\/\/watch-bandit.com\/?s={search_term_string}"},"query-input":"required name=search_term_string"}],"inLanguage":"de-DE"},{"@type":"Organization","@id":"https:\/\/watch-bandit.com\/#organization","name":"WatchBandit","url":"https:\/\/watch-bandit.com\/","logo":{"@type":"ImageObject","inLanguage":"de-DE","@id":"https:\/\/watch-bandit.com\/#\/schema\/logo\/image\/","url":"https:\/\/watchbandit.de\/wp-content\/uploads\/2017\/11\/WB_Logo_557x124.png","contentUrl":"https:\/\/watchbandit.de\/wp-content\/uploads\/2017\/11\/WB_Logo_557x124.png","width":557,"height":124,"caption":"WatchBandit"},"image":{"@id":"https:\/\/watch-bandit.com\/#\/schema\/logo\/image\/"}}]}},"_links":{"self":[{"href":"https:\/\/watch-bandit.com\/de\/wp-json\/wp\/v2\/product\/346339"}],"collection":[{"href":"https:\/\/watch-bandit.com\/de\/wp-json\/wp\/v2\/product"}],"about":[{"href":"https:\/\/watch-bandit.com\/de\/wp-json\/wp\/v2\/types\/product"}],"replies":[{"embeddable":true,"href":"https:\/\/watch-bandit.com\/de\/wp-json\/wp\/v2\/comments?post=346339"}],"wp:featuredmedia":[{"embeddable":true,"href":"https:\/\/watch-bandit.com\/de\/wp-json\/wp\/v2\/media\/346480"}],"wp:attachment":[{"href":"https:\/\/watch-bandit.com\/de\/wp-json\/wp\/v2\/media?parent=346339"}],"wp:term":[{"taxonomy":"product_cat","embeddable":true,"href":"https:\/\/watch-bandit.com\/de\/wp-json\/wp\/v2\/product_cat?post=346339"},{"taxonomy":"product_tag","embeddable":true,"href":"https:\/\/watch-bandit.com\/de\/wp-json\/wp\/v2\/product_tag?post=346339"}],"curies":[{"name":"wp","href":"https:\/\/api.w.org\/{rel}","templated":true}]}}