{"id":347595,"date":"2024-12-04T11:36:01","date_gmt":"2024-12-04T10:36:01","guid":{"rendered":"https:\/\/watchbandit.com\/?post_type=product&#038;p=347595"},"modified":"2024-12-11T16:38:26","modified_gmt":"2024-12-11T15:38:26","slug":"biatec-corsair-cs-01-n-black-calf","status":"publish","type":"product","link":"https:\/\/watch-bandit.com\/de\/produkt\/biatec-corsair-cs-01-n-black-calf\/","title":{"rendered":"Biatec &#8211; Corsair &#8211; CS 01 N &#8211; Black Calf"},"content":{"rendered":"<h1>Corsair-Kollektion<\/h1>\n<p>Inspiriert vom legend\u00e4ren Kampfflugzeug F4U Corsair f\u00e4ngt die Corsair-Kollektion die Essenz der Luftfahrtgeschichte und zeitlosen Designs ein. Diese Uhren wurden f\u00fcr Piloten und Enthusiasten gleicherma\u00dfen entwickelt und sind sowohl funktional als auch vielseitig und spiegeln die Pr\u00e4zision und Zuverl\u00e4ssigkeit wider, die Piloten w\u00e4hrend ihrer Missionen verlangen. Der durch den transparenten Geh\u00e4useboden sichtbare, ma\u00dfgeschneiderte Propellerrotor ist eine Hommage an den legend\u00e4ren Propeller der Corsair.<\/p>\n","protected":false},"excerpt":{"rendered":"<p>Nach dem bemerkenswerten Erfolg der vorherigen CS-Modelle hat Biatec beschlossen, die Corsair CS F-Kollektion aufzufrischen. Diese Ausgabe bringt nun die transparenten Geh\u00e4useb\u00f6den zur\u00fcck, die das sch\u00f6n dekorierte Sellita SW200-Uhrwerk zur Schau stellen, das wundersch\u00f6n mit unserem ma\u00dfgeschneiderten Propellerrotor geschm\u00fcckt ist, der vom Corsair-Propeller inspiriert ist.<\/p>\n<p><strong>Uhrwerk<\/strong>: Schweizer Automatikwerk Sellita SW200-1 TOP<br \/>\n<strong>Geh\u00e4use<\/strong>: 316L Edelstahlgeh\u00e4use, 11,5 mm dick, 48 mm Bandansto\u00df zu Bandansto\u00df<br \/>\n<strong>Armband<\/strong>: Schwarzes Vintage-Nubuk-Kalbsleder mit wei\u00dfen N\u00e4hten<\/p>\n","protected":false},"featured_media":347941,"comment_status":"open","ping_status":"closed","template":"","meta":[],"product_cat":[4536,37],"product_tag":[],"yoast_head":"<!-- This site is optimized with the Yoast SEO plugin v21.9 - https:\/\/yoast.com\/wordpress\/plugins\/seo\/ -->\n<title>Biatec - Corsair - CS 01 N - Black Calf - WATCHBANDIT<\/title>\n<meta name=\"description\" content=\"Biatec Uhren bei Watchbandit kaufen \u2705 Autorisierter H\u00e4ndler \u2705 TrustedShops zertifiziert \u2705 Kostenloser und schneller weltweiter Versand \u2705 Seit 2014 \u2705\" \/>\n<meta name=\"robots\" content=\"noindex, follow, max-snippet:-1, max-image-preview:large, max-video-preview:-1\" \/>\n<meta property=\"og:locale\" content=\"de_DE\" \/>\n<meta property=\"og:type\" content=\"article\" \/>\n<meta property=\"og:title\" content=\"Biatec - Corsair - CS 01 N - Black Calf - WATCHBANDIT\" \/>\n<meta property=\"og:description\" content=\"Biatec Uhren bei Watchbandit kaufen \u2705 Autorisierter H\u00e4ndler \u2705 TrustedShops zertifiziert \u2705 Kostenloser und schneller weltweiter Versand \u2705 Seit 2014 \u2705\" \/>\n<meta property=\"og:url\" content=\"https:\/\/watch-bandit.com\/de\/produkt\/biatec-corsair-cs-01-n-black-calf\/\" \/>\n<meta property=\"og:site_name\" content=\"WATCHBANDIT\" \/>\n<meta property=\"article:modified_time\" content=\"2024-12-11T15:38:26+00:00\" \/>\n<meta property=\"og:image\" content=\"https:\/\/watch-bandit.com\/wp-content\/uploads\/2024\/12\/biatec-corsair-cs-01-n-6759a1181735c.webp\" \/>\n\t<meta property=\"og:image:width\" content=\"1400\" \/>\n\t<meta property=\"og:image:height\" content=\"1700\" \/>\n\t<meta property=\"og:image:type\" content=\"image\/webp\" \/>\n<meta name=\"twitter:label1\" content=\"Gesch\u00e4tzte Lesezeit\" \/>\n\t<meta name=\"twitter:data1\" content=\"1 Minute\" \/>\n<script type=\"application\/ld+json\" class=\"yoast-schema-graph\">{\"@context\":\"https:\/\/schema.org\",\"@graph\":[{\"@type\":\"WebPage\",\"@id\":\"https:\/\/watch-bandit.com\/de\/produkt\/biatec-corsair-cs-01-n-black-calf\/\",\"url\":\"https:\/\/watch-bandit.com\/de\/produkt\/biatec-corsair-cs-01-n-black-calf\/\",\"name\":\"Biatec - Corsair - CS 01 N - Black Calf - WATCHBANDIT\",\"isPartOf\":{\"@id\":\"https:\/\/watch-bandit.com\/#website\"},\"datePublished\":\"2024-12-04T10:36:01+00:00\",\"dateModified\":\"2024-12-11T15:38:26+00:00\",\"description\":\"Biatec Uhren bei Watchbandit kaufen \u2705 Autorisierter H\u00e4ndler \u2705 TrustedShops zertifiziert \u2705 Kostenloser und schneller weltweiter Versand \u2705 Seit 2014 \u2705\",\"breadcrumb\":{\"@id\":\"https:\/\/watch-bandit.com\/de\/produkt\/biatec-corsair-cs-01-n-black-calf\/#breadcrumb\"},\"inLanguage\":\"de-DE\",\"potentialAction\":[{\"@type\":\"ReadAction\",\"target\":[\"https:\/\/watch-bandit.com\/de\/produkt\/biatec-corsair-cs-01-n-black-calf\/\"]}]},{\"@type\":\"BreadcrumbList\",\"@id\":\"https:\/\/watch-bandit.com\/de\/produkt\/biatec-corsair-cs-01-n-black-calf\/#breadcrumb\",\"itemListElement\":[{\"@type\":\"ListItem\",\"position\":1,\"name\":\"Home\",\"item\":\"https:\/\/watchbandit.de\/\"},{\"@type\":\"ListItem\",\"position\":2,\"name\":\"Shop\",\"item\":\"https:\/\/watchbandit.de\/shop\/\"},{\"@type\":\"ListItem\",\"position\":3,\"name\":\"Watches\",\"item\":\"https:\/\/watch-bandit.com\/products\/watches\/\"},{\"@type\":\"ListItem\",\"position\":4,\"name\":\"Biatec\",\"item\":\"https:\/\/watch-bandit.com\/products\/watches\/biatec\/\"},{\"@type\":\"ListItem\",\"position\":5,\"name\":\"Biatec &#8211; Corsair &#8211; CS 01 N &#8211; Black Calf\"}]},{\"@type\":\"WebSite\",\"@id\":\"https:\/\/watch-bandit.com\/#website\",\"url\":\"https:\/\/watch-bandit.com\/\",\"name\":\"WATCHBANDIT\",\"description\":\"Contemporary Wrist Accessories\",\"publisher\":{\"@id\":\"https:\/\/watch-bandit.com\/#organization\"},\"potentialAction\":[{\"@type\":\"SearchAction\",\"target\":{\"@type\":\"EntryPoint\",\"urlTemplate\":\"https:\/\/watch-bandit.com\/?s={search_term_string}\"},\"query-input\":\"required name=search_term_string\"}],\"inLanguage\":\"de-DE\"},{\"@type\":\"Organization\",\"@id\":\"https:\/\/watch-bandit.com\/#organization\",\"name\":\"WatchBandit\",\"url\":\"https:\/\/watch-bandit.com\/\",\"logo\":{\"@type\":\"ImageObject\",\"inLanguage\":\"de-DE\",\"@id\":\"https:\/\/watch-bandit.com\/#\/schema\/logo\/image\/\",\"url\":\"https:\/\/watchbandit.de\/wp-content\/uploads\/2017\/11\/WB_Logo_557x124.png\",\"contentUrl\":\"https:\/\/watchbandit.de\/wp-content\/uploads\/2017\/11\/WB_Logo_557x124.png\",\"width\":557,\"height\":124,\"caption\":\"WatchBandit\"},\"image\":{\"@id\":\"https:\/\/watch-bandit.com\/#\/schema\/logo\/image\/\"}}]}<\/script>\n<!-- \/ Yoast SEO plugin. -->","yoast_head_json":{"title":"Biatec - Corsair - CS 01 N - Black Calf - WATCHBANDIT","description":"Biatec Uhren bei Watchbandit kaufen \u2705 Autorisierter H\u00e4ndler \u2705 TrustedShops zertifiziert \u2705 Kostenloser und schneller weltweiter Versand \u2705 Seit 2014 \u2705","robots":{"index":"noindex","follow":"follow","max-snippet":"max-snippet:-1","max-image-preview":"max-image-preview:large","max-video-preview":"max-video-preview:-1"},"og_locale":"de_DE","og_type":"article","og_title":"Biatec - Corsair - CS 01 N - Black Calf - WATCHBANDIT","og_description":"Biatec Uhren bei Watchbandit kaufen \u2705 Autorisierter H\u00e4ndler \u2705 TrustedShops zertifiziert \u2705 Kostenloser und schneller weltweiter Versand \u2705 Seit 2014 \u2705","og_url":"https:\/\/watch-bandit.com\/de\/produkt\/biatec-corsair-cs-01-n-black-calf\/","og_site_name":"WATCHBANDIT","article_modified_time":"2024-12-11T15:38:26+00:00","og_image":[{"width":1400,"height":1700,"url":"https:\/\/watch-bandit.com\/wp-content\/uploads\/2024\/12\/biatec-corsair-cs-01-n-6759a1181735c.webp","type":"image\/webp"}],"twitter_misc":{"Gesch\u00e4tzte Lesezeit":"1 Minute"},"schema":{"@context":"https:\/\/schema.org","@graph":[{"@type":"WebPage","@id":"https:\/\/watch-bandit.com\/de\/produkt\/biatec-corsair-cs-01-n-black-calf\/","url":"https:\/\/watch-bandit.com\/de\/produkt\/biatec-corsair-cs-01-n-black-calf\/","name":"Biatec - Corsair - CS 01 N - Black Calf - WATCHBANDIT","isPartOf":{"@id":"https:\/\/watch-bandit.com\/#website"},"datePublished":"2024-12-04T10:36:01+00:00","dateModified":"2024-12-11T15:38:26+00:00","description":"Biatec Uhren bei Watchbandit kaufen \u2705 Autorisierter H\u00e4ndler \u2705 TrustedShops zertifiziert \u2705 Kostenloser und schneller weltweiter Versand \u2705 Seit 2014 \u2705","breadcrumb":{"@id":"https:\/\/watch-bandit.com\/de\/produkt\/biatec-corsair-cs-01-n-black-calf\/#breadcrumb"},"inLanguage":"de-DE","potentialAction":[{"@type":"ReadAction","target":["https:\/\/watch-bandit.com\/de\/produkt\/biatec-corsair-cs-01-n-black-calf\/"]}]},{"@type":"BreadcrumbList","@id":"https:\/\/watch-bandit.com\/de\/produkt\/biatec-corsair-cs-01-n-black-calf\/#breadcrumb","itemListElement":[{"@type":"ListItem","position":1,"name":"Home","item":"https:\/\/watchbandit.de\/"},{"@type":"ListItem","position":2,"name":"Shop","item":"https:\/\/watchbandit.de\/shop\/"},{"@type":"ListItem","position":3,"name":"Watches","item":"https:\/\/watch-bandit.com\/products\/watches\/"},{"@type":"ListItem","position":4,"name":"Biatec","item":"https:\/\/watch-bandit.com\/products\/watches\/biatec\/"},{"@type":"ListItem","position":5,"name":"Biatec &#8211; Corsair &#8211; CS 01 N &#8211; Black Calf"}]},{"@type":"WebSite","@id":"https:\/\/watch-bandit.com\/#website","url":"https:\/\/watch-bandit.com\/","name":"WATCHBANDIT","description":"Contemporary Wrist Accessories","publisher":{"@id":"https:\/\/watch-bandit.com\/#organization"},"potentialAction":[{"@type":"SearchAction","target":{"@type":"EntryPoint","urlTemplate":"https:\/\/watch-bandit.com\/?s={search_term_string}"},"query-input":"required name=search_term_string"}],"inLanguage":"de-DE"},{"@type":"Organization","@id":"https:\/\/watch-bandit.com\/#organization","name":"WatchBandit","url":"https:\/\/watch-bandit.com\/","logo":{"@type":"ImageObject","inLanguage":"de-DE","@id":"https:\/\/watch-bandit.com\/#\/schema\/logo\/image\/","url":"https:\/\/watchbandit.de\/wp-content\/uploads\/2017\/11\/WB_Logo_557x124.png","contentUrl":"https:\/\/watchbandit.de\/wp-content\/uploads\/2017\/11\/WB_Logo_557x124.png","width":557,"height":124,"caption":"WatchBandit"},"image":{"@id":"https:\/\/watch-bandit.com\/#\/schema\/logo\/image\/"}}]}},"_links":{"self":[{"href":"https:\/\/watch-bandit.com\/de\/wp-json\/wp\/v2\/product\/347595"}],"collection":[{"href":"https:\/\/watch-bandit.com\/de\/wp-json\/wp\/v2\/product"}],"about":[{"href":"https:\/\/watch-bandit.com\/de\/wp-json\/wp\/v2\/types\/product"}],"replies":[{"embeddable":true,"href":"https:\/\/watch-bandit.com\/de\/wp-json\/wp\/v2\/comments?post=347595"}],"wp:featuredmedia":[{"embeddable":true,"href":"https:\/\/watch-bandit.com\/de\/wp-json\/wp\/v2\/media\/347941"}],"wp:attachment":[{"href":"https:\/\/watch-bandit.com\/de\/wp-json\/wp\/v2\/media?parent=347595"}],"wp:term":[{"taxonomy":"product_cat","embeddable":true,"href":"https:\/\/watch-bandit.com\/de\/wp-json\/wp\/v2\/product_cat?post=347595"},{"taxonomy":"product_tag","embeddable":true,"href":"https:\/\/watch-bandit.com\/de\/wp-json\/wp\/v2\/product_tag?post=347595"}],"curies":[{"name":"wp","href":"https:\/\/api.w.org\/{rel}","templated":true}]}}