{"id":347611,"date":"2024-12-04T12:02:31","date_gmt":"2024-12-04T11:02:31","guid":{"rendered":"https:\/\/watchbandit.com\/?post_type=product&#038;p=347611"},"modified":"2024-12-11T15:05:50","modified_gmt":"2024-12-11T14:05:50","slug":"biatec-majestic-02-n-genuine-aligator-black","status":"publish","type":"product","link":"https:\/\/watch-bandit.com\/de\/produkt\/biatec-majestic-02-n-genuine-aligator-black\/","title":{"rendered":"Biatec &#8211; Majestic &#8211; 02 N &#8211; Genuine Aligator Black"},"content":{"rendered":"<h1>Majestic Collection<\/h1>\n<p>Inspiriert von den historischen Biatec-M\u00fcnzen, die in Bratislava gepr\u00e4gt wurden, verbindet die Majestic Collection Vergangenheit und Gegenwart mit Pr\u00e4zision und Eleganz. Jede Uhr verf\u00fcgt unter ihrem Saphirglasboden \u00fcber eine echte Silberm\u00fcnze, die mit 24-kar\u00e4tigem Gold beschichtet und mit dem legend\u00e4ren Biatec-Reiter graviert ist. Die Kollektion ist ein Beispiel f\u00fcr sorgf\u00e4ltige Handwerkskunst mit verbesserten Sellita SW200 TOP-Uhrwerken und Zifferbl\u00e4ttern mit komplizierten kreisf\u00f6rmigen Mustern, die Raffinesse ausstrahlen.<\/p>\n","protected":false},"excerpt":{"rendered":"<p>Die Biatec Majestic 01 N ist der verfeinerte Nachfolger des beliebten \u00e4lteren Modells Majestic 01 F, das f\u00fcr verbesserte Leistung und Design \u201eaufgewertet\u201c wurde, da das Sellita SW200 TOP-Uhrwerk mit h\u00f6heren Spezifikationen nun auch wundersch\u00f6n mit Perlierungen und blauen Schrauben verziert ist. Diese aktualisierte Version zeichnet sich durch ein raffiniertes kreisf\u00f6rmiges Muster auf dem Zifferblatt aus, das f\u00fcr mehr Tiefe sorgt und sich auf der Schwungmasse widerspiegelt, was die Liebe der Marke zum Detail und zur Handwerkskunst widerspiegelt.<\/p>\n<p><strong>Uhrwerk<\/strong>: Schweizer Automatikwerk Sellita SW200-1 TOP<br \/>\n<strong>Geh\u00e4use<\/strong>: 316L Edelstahlgeh\u00e4use mit NanTec-Beschichtung (Vickersh\u00e4rte 600), 40 mm Breite, 11,5 mm Dicke, 45 mm Bandansto\u00df<br \/>\n<strong>Armband<\/strong>: Echtes Krokoleder<\/p>\n","protected":false},"featured_media":347907,"comment_status":"open","ping_status":"closed","template":"","meta":[],"product_cat":[4536,37],"product_tag":[],"yoast_head":"<!-- This site is optimized with the Yoast SEO plugin v21.9 - https:\/\/yoast.com\/wordpress\/plugins\/seo\/ -->\n<title>Biatec - Majestic - 02 N - Genuine Aligator Black - WATCHBANDIT<\/title>\n<meta name=\"description\" content=\"Biatec Uhren bei Watchbandit kaufen \u2705 Autorisierter H\u00e4ndler \u2705 TrustedShops zertifiziert \u2705 Kostenloser und schneller weltweiter Versand \u2705 Seit 2014 \u2705\" \/>\n<meta name=\"robots\" content=\"noindex, follow, max-snippet:-1, max-image-preview:large, max-video-preview:-1\" \/>\n<meta property=\"og:locale\" content=\"de_DE\" \/>\n<meta property=\"og:type\" content=\"article\" \/>\n<meta property=\"og:title\" content=\"Biatec - Majestic - 02 N - Genuine Aligator Black - WATCHBANDIT\" \/>\n<meta property=\"og:description\" content=\"Biatec Uhren bei Watchbandit kaufen \u2705 Autorisierter H\u00e4ndler \u2705 TrustedShops zertifiziert \u2705 Kostenloser und schneller weltweiter Versand \u2705 Seit 2014 \u2705\" \/>\n<meta property=\"og:url\" content=\"https:\/\/watch-bandit.com\/de\/produkt\/biatec-majestic-02-n-genuine-aligator-black\/\" \/>\n<meta property=\"og:site_name\" content=\"WATCHBANDIT\" \/>\n<meta property=\"article:modified_time\" content=\"2024-12-11T14:05:50+00:00\" \/>\n<meta property=\"og:image\" content=\"https:\/\/watch-bandit.com\/wp-content\/uploads\/2024\/12\/biatec-majestic-02-n-67599a5ea13af.webp\" \/>\n\t<meta property=\"og:image:width\" content=\"1400\" \/>\n\t<meta property=\"og:image:height\" content=\"1700\" \/>\n\t<meta property=\"og:image:type\" content=\"image\/webp\" \/>\n<meta name=\"twitter:label1\" content=\"Gesch\u00e4tzte Lesezeit\" \/>\n\t<meta name=\"twitter:data1\" content=\"1 Minute\" \/>\n<script type=\"application\/ld+json\" class=\"yoast-schema-graph\">{\"@context\":\"https:\/\/schema.org\",\"@graph\":[{\"@type\":\"WebPage\",\"@id\":\"https:\/\/watch-bandit.com\/de\/produkt\/biatec-majestic-02-n-genuine-aligator-black\/\",\"url\":\"https:\/\/watch-bandit.com\/de\/produkt\/biatec-majestic-02-n-genuine-aligator-black\/\",\"name\":\"Biatec - Majestic - 02 N - Genuine Aligator Black - WATCHBANDIT\",\"isPartOf\":{\"@id\":\"https:\/\/watch-bandit.com\/#website\"},\"datePublished\":\"2024-12-04T11:02:31+00:00\",\"dateModified\":\"2024-12-11T14:05:50+00:00\",\"description\":\"Biatec Uhren bei Watchbandit kaufen \u2705 Autorisierter H\u00e4ndler \u2705 TrustedShops zertifiziert \u2705 Kostenloser und schneller weltweiter Versand \u2705 Seit 2014 \u2705\",\"breadcrumb\":{\"@id\":\"https:\/\/watch-bandit.com\/de\/produkt\/biatec-majestic-02-n-genuine-aligator-black\/#breadcrumb\"},\"inLanguage\":\"de-DE\",\"potentialAction\":[{\"@type\":\"ReadAction\",\"target\":[\"https:\/\/watch-bandit.com\/de\/produkt\/biatec-majestic-02-n-genuine-aligator-black\/\"]}]},{\"@type\":\"BreadcrumbList\",\"@id\":\"https:\/\/watch-bandit.com\/de\/produkt\/biatec-majestic-02-n-genuine-aligator-black\/#breadcrumb\",\"itemListElement\":[{\"@type\":\"ListItem\",\"position\":1,\"name\":\"Home\",\"item\":\"https:\/\/watchbandit.de\/\"},{\"@type\":\"ListItem\",\"position\":2,\"name\":\"Shop\",\"item\":\"https:\/\/watchbandit.de\/shop\/\"},{\"@type\":\"ListItem\",\"position\":3,\"name\":\"Watches\",\"item\":\"https:\/\/watch-bandit.com\/products\/watches\/\"},{\"@type\":\"ListItem\",\"position\":4,\"name\":\"Biatec\",\"item\":\"https:\/\/watch-bandit.com\/products\/watches\/biatec\/\"},{\"@type\":\"ListItem\",\"position\":5,\"name\":\"Biatec &#8211; Majestic &#8211; 02 N &#8211; Genuine Aligator Black\"}]},{\"@type\":\"WebSite\",\"@id\":\"https:\/\/watch-bandit.com\/#website\",\"url\":\"https:\/\/watch-bandit.com\/\",\"name\":\"WATCHBANDIT\",\"description\":\"Contemporary Wrist Accessories\",\"publisher\":{\"@id\":\"https:\/\/watch-bandit.com\/#organization\"},\"potentialAction\":[{\"@type\":\"SearchAction\",\"target\":{\"@type\":\"EntryPoint\",\"urlTemplate\":\"https:\/\/watch-bandit.com\/?s={search_term_string}\"},\"query-input\":\"required name=search_term_string\"}],\"inLanguage\":\"de-DE\"},{\"@type\":\"Organization\",\"@id\":\"https:\/\/watch-bandit.com\/#organization\",\"name\":\"WatchBandit\",\"url\":\"https:\/\/watch-bandit.com\/\",\"logo\":{\"@type\":\"ImageObject\",\"inLanguage\":\"de-DE\",\"@id\":\"https:\/\/watch-bandit.com\/#\/schema\/logo\/image\/\",\"url\":\"https:\/\/watchbandit.de\/wp-content\/uploads\/2017\/11\/WB_Logo_557x124.png\",\"contentUrl\":\"https:\/\/watchbandit.de\/wp-content\/uploads\/2017\/11\/WB_Logo_557x124.png\",\"width\":557,\"height\":124,\"caption\":\"WatchBandit\"},\"image\":{\"@id\":\"https:\/\/watch-bandit.com\/#\/schema\/logo\/image\/\"}}]}<\/script>\n<!-- \/ Yoast SEO plugin. -->","yoast_head_json":{"title":"Biatec - Majestic - 02 N - Genuine Aligator Black - WATCHBANDIT","description":"Biatec Uhren bei Watchbandit kaufen \u2705 Autorisierter H\u00e4ndler \u2705 TrustedShops zertifiziert \u2705 Kostenloser und schneller weltweiter Versand \u2705 Seit 2014 \u2705","robots":{"index":"noindex","follow":"follow","max-snippet":"max-snippet:-1","max-image-preview":"max-image-preview:large","max-video-preview":"max-video-preview:-1"},"og_locale":"de_DE","og_type":"article","og_title":"Biatec - Majestic - 02 N - Genuine Aligator Black - WATCHBANDIT","og_description":"Biatec Uhren bei Watchbandit kaufen \u2705 Autorisierter H\u00e4ndler \u2705 TrustedShops zertifiziert \u2705 Kostenloser und schneller weltweiter Versand \u2705 Seit 2014 \u2705","og_url":"https:\/\/watch-bandit.com\/de\/produkt\/biatec-majestic-02-n-genuine-aligator-black\/","og_site_name":"WATCHBANDIT","article_modified_time":"2024-12-11T14:05:50+00:00","og_image":[{"width":1400,"height":1700,"url":"https:\/\/watch-bandit.com\/wp-content\/uploads\/2024\/12\/biatec-majestic-02-n-67599a5ea13af.webp","type":"image\/webp"}],"twitter_misc":{"Gesch\u00e4tzte Lesezeit":"1 Minute"},"schema":{"@context":"https:\/\/schema.org","@graph":[{"@type":"WebPage","@id":"https:\/\/watch-bandit.com\/de\/produkt\/biatec-majestic-02-n-genuine-aligator-black\/","url":"https:\/\/watch-bandit.com\/de\/produkt\/biatec-majestic-02-n-genuine-aligator-black\/","name":"Biatec - Majestic - 02 N - Genuine Aligator Black - WATCHBANDIT","isPartOf":{"@id":"https:\/\/watch-bandit.com\/#website"},"datePublished":"2024-12-04T11:02:31+00:00","dateModified":"2024-12-11T14:05:50+00:00","description":"Biatec Uhren bei Watchbandit kaufen \u2705 Autorisierter H\u00e4ndler \u2705 TrustedShops zertifiziert \u2705 Kostenloser und schneller weltweiter Versand \u2705 Seit 2014 \u2705","breadcrumb":{"@id":"https:\/\/watch-bandit.com\/de\/produkt\/biatec-majestic-02-n-genuine-aligator-black\/#breadcrumb"},"inLanguage":"de-DE","potentialAction":[{"@type":"ReadAction","target":["https:\/\/watch-bandit.com\/de\/produkt\/biatec-majestic-02-n-genuine-aligator-black\/"]}]},{"@type":"BreadcrumbList","@id":"https:\/\/watch-bandit.com\/de\/produkt\/biatec-majestic-02-n-genuine-aligator-black\/#breadcrumb","itemListElement":[{"@type":"ListItem","position":1,"name":"Home","item":"https:\/\/watchbandit.de\/"},{"@type":"ListItem","position":2,"name":"Shop","item":"https:\/\/watchbandit.de\/shop\/"},{"@type":"ListItem","position":3,"name":"Watches","item":"https:\/\/watch-bandit.com\/products\/watches\/"},{"@type":"ListItem","position":4,"name":"Biatec","item":"https:\/\/watch-bandit.com\/products\/watches\/biatec\/"},{"@type":"ListItem","position":5,"name":"Biatec &#8211; Majestic &#8211; 02 N &#8211; Genuine Aligator Black"}]},{"@type":"WebSite","@id":"https:\/\/watch-bandit.com\/#website","url":"https:\/\/watch-bandit.com\/","name":"WATCHBANDIT","description":"Contemporary Wrist Accessories","publisher":{"@id":"https:\/\/watch-bandit.com\/#organization"},"potentialAction":[{"@type":"SearchAction","target":{"@type":"EntryPoint","urlTemplate":"https:\/\/watch-bandit.com\/?s={search_term_string}"},"query-input":"required name=search_term_string"}],"inLanguage":"de-DE"},{"@type":"Organization","@id":"https:\/\/watch-bandit.com\/#organization","name":"WatchBandit","url":"https:\/\/watch-bandit.com\/","logo":{"@type":"ImageObject","inLanguage":"de-DE","@id":"https:\/\/watch-bandit.com\/#\/schema\/logo\/image\/","url":"https:\/\/watchbandit.de\/wp-content\/uploads\/2017\/11\/WB_Logo_557x124.png","contentUrl":"https:\/\/watchbandit.de\/wp-content\/uploads\/2017\/11\/WB_Logo_557x124.png","width":557,"height":124,"caption":"WatchBandit"},"image":{"@id":"https:\/\/watch-bandit.com\/#\/schema\/logo\/image\/"}}]}},"_links":{"self":[{"href":"https:\/\/watch-bandit.com\/de\/wp-json\/wp\/v2\/product\/347611"}],"collection":[{"href":"https:\/\/watch-bandit.com\/de\/wp-json\/wp\/v2\/product"}],"about":[{"href":"https:\/\/watch-bandit.com\/de\/wp-json\/wp\/v2\/types\/product"}],"replies":[{"embeddable":true,"href":"https:\/\/watch-bandit.com\/de\/wp-json\/wp\/v2\/comments?post=347611"}],"wp:featuredmedia":[{"embeddable":true,"href":"https:\/\/watch-bandit.com\/de\/wp-json\/wp\/v2\/media\/347907"}],"wp:attachment":[{"href":"https:\/\/watch-bandit.com\/de\/wp-json\/wp\/v2\/media?parent=347611"}],"wp:term":[{"taxonomy":"product_cat","embeddable":true,"href":"https:\/\/watch-bandit.com\/de\/wp-json\/wp\/v2\/product_cat?post=347611"},{"taxonomy":"product_tag","embeddable":true,"href":"https:\/\/watch-bandit.com\/de\/wp-json\/wp\/v2\/product_tag?post=347611"}],"curies":[{"name":"wp","href":"https:\/\/api.w.org\/{rel}","templated":true}]}}