{"id":347623,"date":"2024-12-04T12:18:25","date_gmt":"2024-12-04T11:18:25","guid":{"rendered":"https:\/\/watchbandit.com\/?post_type=product&#038;p=347623"},"modified":"2024-12-11T14:39:38","modified_gmt":"2024-12-11T13:39:38","slug":"biatec-leviathan-02-steel-bracelet-with-nan-tec","status":"publish","type":"product","link":"https:\/\/watch-bandit.com\/de\/produkt\/biatec-leviathan-02-steel-bracelet-with-nan-tec\/","title":{"rendered":"Biatec &#8211; Leviathan &#8211; 02 &#8211; Steel Bracelet With Nan-Tec"},"content":{"rendered":"<h1>Leviathan-Kollektion<\/h1>\n<p>Die Leviathan-Kollektion zelebriert die Geheimnisse der Tiefsee und die Legenden, die sie inspirieren. Dank modernster NanTec-Technologie bieten diese robusten Taucheruhren eine au\u00dfergew\u00f6hnliche Kratzfestigkeit und sind damit selbst f\u00fcr die anspruchsvollsten Unterwasserabenteuer perfekt geeignet. Das schlanke Design und die markanten Funktionen sorgen daf\u00fcr, dass sie an Land oder unter Wasser hervorstechen. Jede Uhr dieser Kollektion ist ein Beweis f\u00fcr St\u00e4rke, Haltbarkeit und den zeitlosen Reiz der unerforschten Tiefen des Ozeans.<\/p>\n","protected":false},"excerpt":{"rendered":"<p class=\"p1\">The Leviathan 02 is a dive watch built for adventure, featuring a sturdy 316L stainless steel case enhanced with NanTec technology. Its elegant blue sunburst dial, luminous silver hands, and robust bracelet combine durability with striking aesthetics.<\/p>\n<p><strong>Uhrwerk<\/strong>: Schweizer Automatikwerk Sellita SW200-1<br \/>\n<strong>Geh\u00e4use<\/strong>: 316L-Edelstahlgeh\u00e4use mit NanTec-Beschichtung (Vickersh\u00e4rte 600), Breite 40 mm, Dicke 13,3 mm, 50,2 mm von Bandansto\u00df zu Bandansto\u00df<br \/>\n<strong>Armband<\/strong>: 316L-Edelstahlgeh\u00e4use mit NanTec-Beschichtung (Vickersh\u00e4rte 600)<\/p>\n","protected":false},"featured_media":347671,"comment_status":"open","ping_status":"closed","template":"","meta":[],"product_cat":[4536,37],"product_tag":[],"yoast_head":"<!-- This site is optimized with the Yoast SEO plugin v21.9 - https:\/\/yoast.com\/wordpress\/plugins\/seo\/ -->\n<title>Biatec - Leviathan - 02 - Steel Bracelet With Nan-Tec - WATCHBANDIT<\/title>\n<meta name=\"description\" content=\"Biatec Uhren bei Watchbandit kaufen \u2705 Autorisierter H\u00e4ndler \u2705 TrustedShops zertifiziert \u2705 Kostenloser und schneller weltweiter Versand \u2705 Seit 2014 \u2705\" \/>\n<meta name=\"robots\" content=\"noindex, follow, max-snippet:-1, max-image-preview:large, max-video-preview:-1\" \/>\n<meta property=\"og:locale\" content=\"de_DE\" \/>\n<meta property=\"og:type\" content=\"article\" \/>\n<meta property=\"og:title\" content=\"Biatec - Leviathan - 02 - Steel Bracelet With Nan-Tec - WATCHBANDIT\" \/>\n<meta property=\"og:description\" content=\"Biatec Uhren bei Watchbandit kaufen \u2705 Autorisierter H\u00e4ndler \u2705 TrustedShops zertifiziert \u2705 Kostenloser und schneller weltweiter Versand \u2705 Seit 2014 \u2705\" \/>\n<meta property=\"og:url\" content=\"https:\/\/watch-bandit.com\/de\/produkt\/biatec-leviathan-02-steel-bracelet-with-nan-tec\/\" \/>\n<meta property=\"og:site_name\" content=\"WATCHBANDIT\" \/>\n<meta property=\"article:modified_time\" content=\"2024-12-11T13:39:38+00:00\" \/>\n<meta property=\"og:image\" content=\"https:\/\/watch-bandit.com\/wp-content\/uploads\/2024\/12\/biatec-leviathan-02.webp\" \/>\n\t<meta property=\"og:image:width\" content=\"1400\" \/>\n\t<meta property=\"og:image:height\" content=\"1700\" \/>\n\t<meta property=\"og:image:type\" content=\"image\/webp\" \/>\n<meta name=\"twitter:label1\" content=\"Gesch\u00e4tzte Lesezeit\" \/>\n\t<meta name=\"twitter:data1\" content=\"1 Minute\" \/>\n<script type=\"application\/ld+json\" class=\"yoast-schema-graph\">{\"@context\":\"https:\/\/schema.org\",\"@graph\":[{\"@type\":\"WebPage\",\"@id\":\"https:\/\/watch-bandit.com\/de\/produkt\/biatec-leviathan-02-steel-bracelet-with-nan-tec\/\",\"url\":\"https:\/\/watch-bandit.com\/de\/produkt\/biatec-leviathan-02-steel-bracelet-with-nan-tec\/\",\"name\":\"Biatec - Leviathan - 02 - Steel Bracelet With Nan-Tec - WATCHBANDIT\",\"isPartOf\":{\"@id\":\"https:\/\/watch-bandit.com\/#website\"},\"datePublished\":\"2024-12-04T11:18:25+00:00\",\"dateModified\":\"2024-12-11T13:39:38+00:00\",\"description\":\"Biatec Uhren bei Watchbandit kaufen \u2705 Autorisierter H\u00e4ndler \u2705 TrustedShops zertifiziert \u2705 Kostenloser und schneller weltweiter Versand \u2705 Seit 2014 \u2705\",\"breadcrumb\":{\"@id\":\"https:\/\/watch-bandit.com\/de\/produkt\/biatec-leviathan-02-steel-bracelet-with-nan-tec\/#breadcrumb\"},\"inLanguage\":\"de-DE\",\"potentialAction\":[{\"@type\":\"ReadAction\",\"target\":[\"https:\/\/watch-bandit.com\/de\/produkt\/biatec-leviathan-02-steel-bracelet-with-nan-tec\/\"]}]},{\"@type\":\"BreadcrumbList\",\"@id\":\"https:\/\/watch-bandit.com\/de\/produkt\/biatec-leviathan-02-steel-bracelet-with-nan-tec\/#breadcrumb\",\"itemListElement\":[{\"@type\":\"ListItem\",\"position\":1,\"name\":\"Home\",\"item\":\"https:\/\/watchbandit.de\/\"},{\"@type\":\"ListItem\",\"position\":2,\"name\":\"Shop\",\"item\":\"https:\/\/watchbandit.de\/shop\/\"},{\"@type\":\"ListItem\",\"position\":3,\"name\":\"Watches\",\"item\":\"https:\/\/watch-bandit.com\/products\/watches\/\"},{\"@type\":\"ListItem\",\"position\":4,\"name\":\"Biatec\",\"item\":\"https:\/\/watch-bandit.com\/products\/watches\/biatec\/\"},{\"@type\":\"ListItem\",\"position\":5,\"name\":\"Biatec &#8211; Leviathan &#8211; 02 &#8211; Steel Bracelet With Nan-Tec\"}]},{\"@type\":\"WebSite\",\"@id\":\"https:\/\/watch-bandit.com\/#website\",\"url\":\"https:\/\/watch-bandit.com\/\",\"name\":\"WATCHBANDIT\",\"description\":\"Contemporary Wrist Accessories\",\"publisher\":{\"@id\":\"https:\/\/watch-bandit.com\/#organization\"},\"potentialAction\":[{\"@type\":\"SearchAction\",\"target\":{\"@type\":\"EntryPoint\",\"urlTemplate\":\"https:\/\/watch-bandit.com\/?s={search_term_string}\"},\"query-input\":\"required name=search_term_string\"}],\"inLanguage\":\"de-DE\"},{\"@type\":\"Organization\",\"@id\":\"https:\/\/watch-bandit.com\/#organization\",\"name\":\"WatchBandit\",\"url\":\"https:\/\/watch-bandit.com\/\",\"logo\":{\"@type\":\"ImageObject\",\"inLanguage\":\"de-DE\",\"@id\":\"https:\/\/watch-bandit.com\/#\/schema\/logo\/image\/\",\"url\":\"https:\/\/watchbandit.de\/wp-content\/uploads\/2017\/11\/WB_Logo_557x124.png\",\"contentUrl\":\"https:\/\/watchbandit.de\/wp-content\/uploads\/2017\/11\/WB_Logo_557x124.png\",\"width\":557,\"height\":124,\"caption\":\"WatchBandit\"},\"image\":{\"@id\":\"https:\/\/watch-bandit.com\/#\/schema\/logo\/image\/\"}}]}<\/script>\n<!-- \/ Yoast SEO plugin. -->","yoast_head_json":{"title":"Biatec - Leviathan - 02 - Steel Bracelet With Nan-Tec - WATCHBANDIT","description":"Biatec Uhren bei Watchbandit kaufen \u2705 Autorisierter H\u00e4ndler \u2705 TrustedShops zertifiziert \u2705 Kostenloser und schneller weltweiter Versand \u2705 Seit 2014 \u2705","robots":{"index":"noindex","follow":"follow","max-snippet":"max-snippet:-1","max-image-preview":"max-image-preview:large","max-video-preview":"max-video-preview:-1"},"og_locale":"de_DE","og_type":"article","og_title":"Biatec - Leviathan - 02 - Steel Bracelet With Nan-Tec - WATCHBANDIT","og_description":"Biatec Uhren bei Watchbandit kaufen \u2705 Autorisierter H\u00e4ndler \u2705 TrustedShops zertifiziert \u2705 Kostenloser und schneller weltweiter Versand \u2705 Seit 2014 \u2705","og_url":"https:\/\/watch-bandit.com\/de\/produkt\/biatec-leviathan-02-steel-bracelet-with-nan-tec\/","og_site_name":"WATCHBANDIT","article_modified_time":"2024-12-11T13:39:38+00:00","og_image":[{"width":1400,"height":1700,"url":"https:\/\/watch-bandit.com\/wp-content\/uploads\/2024\/12\/biatec-leviathan-02.webp","type":"image\/webp"}],"twitter_misc":{"Gesch\u00e4tzte Lesezeit":"1 Minute"},"schema":{"@context":"https:\/\/schema.org","@graph":[{"@type":"WebPage","@id":"https:\/\/watch-bandit.com\/de\/produkt\/biatec-leviathan-02-steel-bracelet-with-nan-tec\/","url":"https:\/\/watch-bandit.com\/de\/produkt\/biatec-leviathan-02-steel-bracelet-with-nan-tec\/","name":"Biatec - Leviathan - 02 - Steel Bracelet With Nan-Tec - WATCHBANDIT","isPartOf":{"@id":"https:\/\/watch-bandit.com\/#website"},"datePublished":"2024-12-04T11:18:25+00:00","dateModified":"2024-12-11T13:39:38+00:00","description":"Biatec Uhren bei Watchbandit kaufen \u2705 Autorisierter H\u00e4ndler \u2705 TrustedShops zertifiziert \u2705 Kostenloser und schneller weltweiter Versand \u2705 Seit 2014 \u2705","breadcrumb":{"@id":"https:\/\/watch-bandit.com\/de\/produkt\/biatec-leviathan-02-steel-bracelet-with-nan-tec\/#breadcrumb"},"inLanguage":"de-DE","potentialAction":[{"@type":"ReadAction","target":["https:\/\/watch-bandit.com\/de\/produkt\/biatec-leviathan-02-steel-bracelet-with-nan-tec\/"]}]},{"@type":"BreadcrumbList","@id":"https:\/\/watch-bandit.com\/de\/produkt\/biatec-leviathan-02-steel-bracelet-with-nan-tec\/#breadcrumb","itemListElement":[{"@type":"ListItem","position":1,"name":"Home","item":"https:\/\/watchbandit.de\/"},{"@type":"ListItem","position":2,"name":"Shop","item":"https:\/\/watchbandit.de\/shop\/"},{"@type":"ListItem","position":3,"name":"Watches","item":"https:\/\/watch-bandit.com\/products\/watches\/"},{"@type":"ListItem","position":4,"name":"Biatec","item":"https:\/\/watch-bandit.com\/products\/watches\/biatec\/"},{"@type":"ListItem","position":5,"name":"Biatec &#8211; Leviathan &#8211; 02 &#8211; Steel Bracelet With Nan-Tec"}]},{"@type":"WebSite","@id":"https:\/\/watch-bandit.com\/#website","url":"https:\/\/watch-bandit.com\/","name":"WATCHBANDIT","description":"Contemporary Wrist Accessories","publisher":{"@id":"https:\/\/watch-bandit.com\/#organization"},"potentialAction":[{"@type":"SearchAction","target":{"@type":"EntryPoint","urlTemplate":"https:\/\/watch-bandit.com\/?s={search_term_string}"},"query-input":"required name=search_term_string"}],"inLanguage":"de-DE"},{"@type":"Organization","@id":"https:\/\/watch-bandit.com\/#organization","name":"WatchBandit","url":"https:\/\/watch-bandit.com\/","logo":{"@type":"ImageObject","inLanguage":"de-DE","@id":"https:\/\/watch-bandit.com\/#\/schema\/logo\/image\/","url":"https:\/\/watchbandit.de\/wp-content\/uploads\/2017\/11\/WB_Logo_557x124.png","contentUrl":"https:\/\/watchbandit.de\/wp-content\/uploads\/2017\/11\/WB_Logo_557x124.png","width":557,"height":124,"caption":"WatchBandit"},"image":{"@id":"https:\/\/watch-bandit.com\/#\/schema\/logo\/image\/"}}]}},"_links":{"self":[{"href":"https:\/\/watch-bandit.com\/de\/wp-json\/wp\/v2\/product\/347623"}],"collection":[{"href":"https:\/\/watch-bandit.com\/de\/wp-json\/wp\/v2\/product"}],"about":[{"href":"https:\/\/watch-bandit.com\/de\/wp-json\/wp\/v2\/types\/product"}],"replies":[{"embeddable":true,"href":"https:\/\/watch-bandit.com\/de\/wp-json\/wp\/v2\/comments?post=347623"}],"wp:featuredmedia":[{"embeddable":true,"href":"https:\/\/watch-bandit.com\/de\/wp-json\/wp\/v2\/media\/347671"}],"wp:attachment":[{"href":"https:\/\/watch-bandit.com\/de\/wp-json\/wp\/v2\/media?parent=347623"}],"wp:term":[{"taxonomy":"product_cat","embeddable":true,"href":"https:\/\/watch-bandit.com\/de\/wp-json\/wp\/v2\/product_cat?post=347623"},{"taxonomy":"product_tag","embeddable":true,"href":"https:\/\/watch-bandit.com\/de\/wp-json\/wp\/v2\/product_tag?post=347623"}],"curies":[{"name":"wp","href":"https:\/\/api.w.org\/{rel}","templated":true}]}}