{"id":348635,"date":"2025-01-06T13:10:21","date_gmt":"2025-01-06T12:10:21","guid":{"rendered":"https:\/\/watchbandit.com\/?post_type=product&#038;p=348635"},"modified":"2025-08-06T17:35:47","modified_gmt":"2025-08-06T15:35:47","slug":"vario-trench-weisses-zifferblatt-mit-orangener-leuchtmasse-37mm-bund-camel-brown","status":"publish","type":"product","link":"https:\/\/watch-bandit.com\/de\/produkt\/vario-trench-weisses-zifferblatt-mit-orangener-leuchtmasse-37mm-bund-camel-brown\/","title":{"rendered":"Vario &#8211; Trench Wei\u00dfes Zifferblatt mit Orangener Leuchtmasse &#8211; 37mm &#8211; Bund Camel Brown"},"content":{"rendered":"<p>Vario ist eine Marke f\u00fcr Uhren und Uhrenzubeh\u00f6r, die es Ihnen erm\u00f6glicht, Ihren einzigartigen Stil zu variieren und zu erweitern und Ihre pers\u00f6nliche Uhren- und Zubeh\u00f6rkollektion zu erweitern. Bei der Marke Vario geht es um Abwechslung und darum, ein Gleichgewicht zwischen Raffinesse, Qualit\u00e4t und Spa\u00df zu finden.<\/p>\n<p>Wie wir alle wissen, gibt es keinen besseren Ausdruck Ihrer Eleganz als eine elegant aussehende Armbanduhr. Ivans (Gr\u00fcnder) Uhrendesign-Reise begann, als er kein Uhrenarmband finden konnte, das seine Pers\u00f6nlichkeit zum Ausdruck bringt, und so wurde Vario im Jahr 2016 geboren. Ausgestattet mit seiner jahrzehntelangen Erfahrung im Design als preisgekr\u00f6nter Grafikdesigner, der nebenbei sein eigenes Studio leitete Judy, er bringt die gleiche Hingabe an die Uhren, die er entwirft und herstellt.<\/p>\n<p>Vario ist davon \u00fcberzeugt, dass Qualit\u00e4tsprodukte mit attraktivem Design gleichzeitig exklusiv und erschwinglich sein k\u00f6nnen. Die meisten Vario-Produkte werden stolz in Singapur von Ivan entworfen und Vario arbeitet mit den besten Fertigungspartnern zusammen, um hochwertige Produkte zu entwickeln, die Ihrem Look etwas Einzigartiges verleihen. Diese kleinen Aufmerksamkeiten zeigen, dass Sie sich gerne um die kleinen Dinge bem\u00fchen, die viel \u00fcber Sie aussagen k\u00f6nnen!<\/p>\n<p>Alle Vario-Uhrenmodelle werden einzeln in kleinen St\u00fcckzahlen auf den Markt gebracht, damit sie die Aufmerksamkeit erhalten, die sie verdienen. Unsere hochwertigen Uhren werden in Singapur einzeln gepr\u00fcft und getestet. Daher wird Ihre Vario-Uhr immer ein St\u00fcck in limitierter Auflage sein, das Ihnen lange Freude bereiten wird, und wir stehen hinter jeder einzelnen Uhr, die Vario herstellt.<\/p>\n","protected":false},"excerpt":{"rendered":"<p>Vario 1918 Trench ist eine neu konzipierte Trench-Uhr aus dem Ersten Weltkrieg mit verbesserten Spezifikationen wie einem robusten, modernen Emailzifferblatt, entspiegeltem Saphirglas, einem Geh\u00e4use aus rostfreiem Stahl in Marinequalit\u00e4t mit dickeren Draht\u00f6sen f\u00fcr zus\u00e4tzliche Sicherheit, 100 m Wasserdichtigkeit, nicht radioaktiver Leuchtmasse und einem japanischen Automatikwerk mit Stoppfunktion. Diese Uhr ist eine Hommage an die Geburt der Armbanduhren f\u00fcr M\u00e4nner im fr\u00fchen 20. Jahrhundert.<\/p>\n<p><strong>Uhrwerk<\/strong>: Reguliertes Miyota 82s5 Automatik-Goldwerk (Genfer Streifen) mit Handaufzug und Sekundenstopp. 21 Steine, 21,6 kpbh, \u00fcber 40 Stunden Gangreserve.<br \/>\n<strong>Geh\u00e4use<\/strong>: Durchmesser: 37 mm, Dicke: 10 mm, Bandansto\u00df: 45 mm, Leuchtmasse: C3 Leuchtmasse, Zifferblatt: Emaille, Glas: 2 mm dickes, doppelt gew\u00f6lbtes Saphirglas mit innenliegender AR-Beschichtung.<br \/>\n<strong>Armband<\/strong>: 18 mm Crazy Horse-Leder mit Bundpolster (75 mm\/120 mm).<br \/>\n<strong>Wasserdichtigkeit<\/strong>: 10 ATM \/ 100 Meter \/ 10 Bar.<\/p>\n","protected":false},"featured_media":349154,"comment_status":"open","ping_status":"closed","template":"","meta":[],"product_cat":[37,4362],"product_tag":[],"yoast_head":"<!-- This site is optimized with the Yoast SEO plugin v21.9 - https:\/\/yoast.com\/wordpress\/plugins\/seo\/ -->\n<title>Vario - Trench Wei\u00dfes Zifferblatt mit Orangener Leuchtmasse - 37mm - Bund Camel Brown - WATCHBANDIT<\/title>\n<meta name=\"description\" content=\"Kaufen Sie Vario-Uhren bei WatchBandit \u2713 Autorisierter H\u00e4ndler \u2713 Trusted Shops zertifiziert \u2713 Kostenloser weltweiter Versand \u2713\" \/>\n<meta name=\"robots\" content=\"noindex, follow, max-snippet:-1, max-image-preview:large, max-video-preview:-1\" \/>\n<meta property=\"og:locale\" content=\"de_DE\" \/>\n<meta property=\"og:type\" content=\"article\" \/>\n<meta property=\"og:title\" content=\"Vario - Trench Wei\u00dfes Zifferblatt mit Orangener Leuchtmasse - 37mm - Bund Camel Brown - WATCHBANDIT\" \/>\n<meta property=\"og:description\" content=\"Kaufen Sie Vario-Uhren bei WatchBandit \u2713 Autorisierter H\u00e4ndler \u2713 Trusted Shops zertifiziert \u2713 Kostenloser weltweiter Versand \u2713\" \/>\n<meta property=\"og:url\" content=\"https:\/\/watch-bandit.com\/de\/produkt\/vario-trench-weisses-zifferblatt-mit-orangener-leuchtmasse-37mm-bund-camel-brown\/\" \/>\n<meta property=\"og:site_name\" content=\"WATCHBANDIT\" \/>\n<meta property=\"article:modified_time\" content=\"2025-08-06T15:35:47+00:00\" \/>\n<meta property=\"og:image\" content=\"https:\/\/watch-bandit.com\/wp-content\/uploads\/2025\/01\/Trench_ss_white_orange_429f2b8f-a910-4dce-9ce3-7b054673548c.webp\" \/>\n\t<meta property=\"og:image:width\" content=\"1400\" \/>\n\t<meta property=\"og:image:height\" content=\"1400\" \/>\n\t<meta property=\"og:image:type\" content=\"image\/webp\" \/>\n<meta name=\"twitter:label1\" content=\"Gesch\u00e4tzte Lesezeit\" \/>\n\t<meta name=\"twitter:data1\" content=\"2 Minuten\" \/>\n<script type=\"application\/ld+json\" class=\"yoast-schema-graph\">{\"@context\":\"https:\/\/schema.org\",\"@graph\":[{\"@type\":\"WebPage\",\"@id\":\"https:\/\/watch-bandit.com\/de\/produkt\/vario-trench-weisses-zifferblatt-mit-orangener-leuchtmasse-37mm-bund-camel-brown\/\",\"url\":\"https:\/\/watch-bandit.com\/de\/produkt\/vario-trench-weisses-zifferblatt-mit-orangener-leuchtmasse-37mm-bund-camel-brown\/\",\"name\":\"Vario - Trench Wei\u00dfes Zifferblatt mit Orangener Leuchtmasse - 37mm - Bund Camel Brown - WATCHBANDIT\",\"isPartOf\":{\"@id\":\"https:\/\/watch-bandit.com\/#website\"},\"datePublished\":\"2025-01-06T12:10:21+00:00\",\"dateModified\":\"2025-08-06T15:35:47+00:00\",\"description\":\"Kaufen Sie Vario-Uhren bei WatchBandit \u2713 Autorisierter H\u00e4ndler \u2713 Trusted Shops zertifiziert \u2713 Kostenloser weltweiter Versand \u2713\",\"breadcrumb\":{\"@id\":\"https:\/\/watch-bandit.com\/de\/produkt\/vario-trench-weisses-zifferblatt-mit-orangener-leuchtmasse-37mm-bund-camel-brown\/#breadcrumb\"},\"inLanguage\":\"de-DE\",\"potentialAction\":[{\"@type\":\"ReadAction\",\"target\":[\"https:\/\/watch-bandit.com\/de\/produkt\/vario-trench-weisses-zifferblatt-mit-orangener-leuchtmasse-37mm-bund-camel-brown\/\"]}]},{\"@type\":\"BreadcrumbList\",\"@id\":\"https:\/\/watch-bandit.com\/de\/produkt\/vario-trench-weisses-zifferblatt-mit-orangener-leuchtmasse-37mm-bund-camel-brown\/#breadcrumb\",\"itemListElement\":[{\"@type\":\"ListItem\",\"position\":1,\"name\":\"Home\",\"item\":\"https:\/\/watchbandit.de\/\"},{\"@type\":\"ListItem\",\"position\":2,\"name\":\"Shop\",\"item\":\"https:\/\/watchbandit.de\/shop\/\"},{\"@type\":\"ListItem\",\"position\":3,\"name\":\"Watches\",\"item\":\"https:\/\/watch-bandit.com\/products\/watches\/\"},{\"@type\":\"ListItem\",\"position\":4,\"name\":\"Vario\",\"item\":\"https:\/\/watch-bandit.com\/products\/watches\/vario\/\"},{\"@type\":\"ListItem\",\"position\":5,\"name\":\"Vario &#8211; Trench Wei\u00dfes Zifferblatt mit Orangener Leuchtmasse &#8211; 37mm &#8211; Bund Camel Brown\"}]},{\"@type\":\"WebSite\",\"@id\":\"https:\/\/watch-bandit.com\/#website\",\"url\":\"https:\/\/watch-bandit.com\/\",\"name\":\"WATCHBANDIT\",\"description\":\"Contemporary Wrist Accessories\",\"publisher\":{\"@id\":\"https:\/\/watch-bandit.com\/#organization\"},\"potentialAction\":[{\"@type\":\"SearchAction\",\"target\":{\"@type\":\"EntryPoint\",\"urlTemplate\":\"https:\/\/watch-bandit.com\/?s={search_term_string}\"},\"query-input\":\"required name=search_term_string\"}],\"inLanguage\":\"de-DE\"},{\"@type\":\"Organization\",\"@id\":\"https:\/\/watch-bandit.com\/#organization\",\"name\":\"WatchBandit\",\"url\":\"https:\/\/watch-bandit.com\/\",\"logo\":{\"@type\":\"ImageObject\",\"inLanguage\":\"de-DE\",\"@id\":\"https:\/\/watch-bandit.com\/#\/schema\/logo\/image\/\",\"url\":\"https:\/\/watchbandit.de\/wp-content\/uploads\/2017\/11\/WB_Logo_557x124.png\",\"contentUrl\":\"https:\/\/watchbandit.de\/wp-content\/uploads\/2017\/11\/WB_Logo_557x124.png\",\"width\":557,\"height\":124,\"caption\":\"WatchBandit\"},\"image\":{\"@id\":\"https:\/\/watch-bandit.com\/#\/schema\/logo\/image\/\"}}]}<\/script>\n<!-- \/ Yoast SEO plugin. -->","yoast_head_json":{"title":"Vario - Trench Wei\u00dfes Zifferblatt mit Orangener Leuchtmasse - 37mm - Bund Camel Brown - WATCHBANDIT","description":"Kaufen Sie Vario-Uhren bei WatchBandit \u2713 Autorisierter H\u00e4ndler \u2713 Trusted Shops zertifiziert \u2713 Kostenloser weltweiter Versand \u2713","robots":{"index":"noindex","follow":"follow","max-snippet":"max-snippet:-1","max-image-preview":"max-image-preview:large","max-video-preview":"max-video-preview:-1"},"og_locale":"de_DE","og_type":"article","og_title":"Vario - Trench Wei\u00dfes Zifferblatt mit Orangener Leuchtmasse - 37mm - Bund Camel Brown - WATCHBANDIT","og_description":"Kaufen Sie Vario-Uhren bei WatchBandit \u2713 Autorisierter H\u00e4ndler \u2713 Trusted Shops zertifiziert \u2713 Kostenloser weltweiter Versand \u2713","og_url":"https:\/\/watch-bandit.com\/de\/produkt\/vario-trench-weisses-zifferblatt-mit-orangener-leuchtmasse-37mm-bund-camel-brown\/","og_site_name":"WATCHBANDIT","article_modified_time":"2025-08-06T15:35:47+00:00","og_image":[{"width":1400,"height":1400,"url":"https:\/\/watch-bandit.com\/wp-content\/uploads\/2025\/01\/Trench_ss_white_orange_429f2b8f-a910-4dce-9ce3-7b054673548c.webp","type":"image\/webp"}],"twitter_misc":{"Gesch\u00e4tzte Lesezeit":"2 Minuten"},"schema":{"@context":"https:\/\/schema.org","@graph":[{"@type":"WebPage","@id":"https:\/\/watch-bandit.com\/de\/produkt\/vario-trench-weisses-zifferblatt-mit-orangener-leuchtmasse-37mm-bund-camel-brown\/","url":"https:\/\/watch-bandit.com\/de\/produkt\/vario-trench-weisses-zifferblatt-mit-orangener-leuchtmasse-37mm-bund-camel-brown\/","name":"Vario - Trench Wei\u00dfes Zifferblatt mit Orangener Leuchtmasse - 37mm - Bund Camel Brown - WATCHBANDIT","isPartOf":{"@id":"https:\/\/watch-bandit.com\/#website"},"datePublished":"2025-01-06T12:10:21+00:00","dateModified":"2025-08-06T15:35:47+00:00","description":"Kaufen Sie Vario-Uhren bei WatchBandit \u2713 Autorisierter H\u00e4ndler \u2713 Trusted Shops zertifiziert \u2713 Kostenloser weltweiter Versand \u2713","breadcrumb":{"@id":"https:\/\/watch-bandit.com\/de\/produkt\/vario-trench-weisses-zifferblatt-mit-orangener-leuchtmasse-37mm-bund-camel-brown\/#breadcrumb"},"inLanguage":"de-DE","potentialAction":[{"@type":"ReadAction","target":["https:\/\/watch-bandit.com\/de\/produkt\/vario-trench-weisses-zifferblatt-mit-orangener-leuchtmasse-37mm-bund-camel-brown\/"]}]},{"@type":"BreadcrumbList","@id":"https:\/\/watch-bandit.com\/de\/produkt\/vario-trench-weisses-zifferblatt-mit-orangener-leuchtmasse-37mm-bund-camel-brown\/#breadcrumb","itemListElement":[{"@type":"ListItem","position":1,"name":"Home","item":"https:\/\/watchbandit.de\/"},{"@type":"ListItem","position":2,"name":"Shop","item":"https:\/\/watchbandit.de\/shop\/"},{"@type":"ListItem","position":3,"name":"Watches","item":"https:\/\/watch-bandit.com\/products\/watches\/"},{"@type":"ListItem","position":4,"name":"Vario","item":"https:\/\/watch-bandit.com\/products\/watches\/vario\/"},{"@type":"ListItem","position":5,"name":"Vario &#8211; Trench Wei\u00dfes Zifferblatt mit Orangener Leuchtmasse &#8211; 37mm &#8211; Bund Camel Brown"}]},{"@type":"WebSite","@id":"https:\/\/watch-bandit.com\/#website","url":"https:\/\/watch-bandit.com\/","name":"WATCHBANDIT","description":"Contemporary Wrist Accessories","publisher":{"@id":"https:\/\/watch-bandit.com\/#organization"},"potentialAction":[{"@type":"SearchAction","target":{"@type":"EntryPoint","urlTemplate":"https:\/\/watch-bandit.com\/?s={search_term_string}"},"query-input":"required name=search_term_string"}],"inLanguage":"de-DE"},{"@type":"Organization","@id":"https:\/\/watch-bandit.com\/#organization","name":"WatchBandit","url":"https:\/\/watch-bandit.com\/","logo":{"@type":"ImageObject","inLanguage":"de-DE","@id":"https:\/\/watch-bandit.com\/#\/schema\/logo\/image\/","url":"https:\/\/watchbandit.de\/wp-content\/uploads\/2017\/11\/WB_Logo_557x124.png","contentUrl":"https:\/\/watchbandit.de\/wp-content\/uploads\/2017\/11\/WB_Logo_557x124.png","width":557,"height":124,"caption":"WatchBandit"},"image":{"@id":"https:\/\/watch-bandit.com\/#\/schema\/logo\/image\/"}}]}},"_links":{"self":[{"href":"https:\/\/watch-bandit.com\/de\/wp-json\/wp\/v2\/product\/348635"}],"collection":[{"href":"https:\/\/watch-bandit.com\/de\/wp-json\/wp\/v2\/product"}],"about":[{"href":"https:\/\/watch-bandit.com\/de\/wp-json\/wp\/v2\/types\/product"}],"replies":[{"embeddable":true,"href":"https:\/\/watch-bandit.com\/de\/wp-json\/wp\/v2\/comments?post=348635"}],"wp:featuredmedia":[{"embeddable":true,"href":"https:\/\/watch-bandit.com\/de\/wp-json\/wp\/v2\/media\/349154"}],"wp:attachment":[{"href":"https:\/\/watch-bandit.com\/de\/wp-json\/wp\/v2\/media?parent=348635"}],"wp:term":[{"taxonomy":"product_cat","embeddable":true,"href":"https:\/\/watch-bandit.com\/de\/wp-json\/wp\/v2\/product_cat?post=348635"},{"taxonomy":"product_tag","embeddable":true,"href":"https:\/\/watch-bandit.com\/de\/wp-json\/wp\/v2\/product_tag?post=348635"}],"curies":[{"name":"wp","href":"https:\/\/api.w.org\/{rel}","templated":true}]}}