{"id":349386,"date":"2025-01-30T12:48:33","date_gmt":"2025-01-30T11:48:33","guid":{"rendered":"https:\/\/watchbandit.com\/?post_type=product&#038;p=349386"},"modified":"2025-11-16T12:17:59","modified_gmt":"2025-11-16T11:17:59","slug":"venezianico-nereide-avventurina-39-3121551-kautschukarmband","status":"publish","type":"product","link":"https:\/\/watch-bandit.com\/de\/produkt\/venezianico-nereide-avventurina-39-3121551-kautschukarmband\/","title":{"rendered":"Venezianico &#8211; Nereide Avventurina 39 &#8211; 3121551 &#8211; Kautschukarmband"},"content":{"rendered":"<p><img loading=\"lazy\" decoding=\"async\" class=\"aligncenter size-full wp-image-349389\" src=\"https:\/\/watchbandit.de\/wp-content\/uploads\/2025\/01\/Misure_side_3000x.webp\" alt=\"Venezianico NEREIDE AVVENTURINA 39 dimensions\" width=\"1800\" height=\"936\" srcset=\"https:\/\/watch-bandit.com\/wp-content\/uploads\/2025\/01\/Misure_side_3000x.webp 1800w, https:\/\/watch-bandit.com\/wp-content\/uploads\/2025\/01\/Misure_side_3000x-280x146.webp 280w, https:\/\/watch-bandit.com\/wp-content\/uploads\/2025\/01\/Misure_side_3000x-1400x728.webp 1400w\" sizes=\"(max-width: 1800px) 100vw, 1800px\" \/><\/p>\n","protected":false},"excerpt":{"rendered":"<p>Nereide Avventurina hat seinen Namen von dem gleichnamigen venezianischen Glas aus dem 17. Jahrhundert, das sich durch metallische Einschl\u00fcsse auszeichnet, die Reflexionen \u00e4hnlich den Sternen am Nachthimmel erzeugen. Die widerstandsf\u00e4hige und kratzfeste Wolframl\u00fcnette wertet das 10,65 mm gro\u00dfe Geh\u00e4use auf. Die Ergonomie ist dank der kompakten Silhouette und des Tropic FKM-Kautschukarmbands optimal und bietet Komfort in jeder Situation.<\/p>\n<p><strong>Uhrwerk<\/strong>: Automatik Kal. Miyota 9039<br \/>\n<strong>Geh\u00e4use<\/strong>: 316L Edelstahl \u00d839 mm, Bandansto\u00df zu Bandansto\u00df 45,50 mm, Saphirglas mit Antireflexbeschichtung, L\u00fcnette: Wolframeinsatz, 120 Klicks<br \/>\n<strong>Wasserdichtigkeit<\/strong>: 20 atm \/ 200 Meter<br \/>\n<strong>Armband<\/strong>: Tropic, FKM-Kautschuk<\/p>\n","protected":false},"featured_media":349403,"comment_status":"open","ping_status":"closed","template":"","meta":[],"product_cat":[37,4080,4821],"product_tag":[],"yoast_head":"<!-- This site is optimized with the Yoast SEO plugin v21.9 - https:\/\/yoast.com\/wordpress\/plugins\/seo\/ -->\n<title>Venezianico - Nereide Avventurina 39 - 3121551 - Kautschukarmband - WATCHBANDIT<\/title>\n<meta name=\"description\" content=\"Venezianico bei WatchBandit kaufen \u2b50 Automatik Uhrwerk\u2b50 Kostenlose &amp; schnelle Lieferung \u2b50 TrustedShops zertifiziert \u2b50 Seit 2014\u2b50\" \/>\n<meta name=\"robots\" content=\"noindex, follow, max-snippet:-1, max-image-preview:large, max-video-preview:-1\" \/>\n<meta property=\"og:locale\" content=\"de_DE\" \/>\n<meta property=\"og:type\" content=\"article\" \/>\n<meta property=\"og:title\" content=\"Venezianico - Nereide Avventurina 39 - 3121551 - Kautschukarmband - WATCHBANDIT\" \/>\n<meta property=\"og:description\" content=\"Venezianico bei WatchBandit kaufen \u2b50 Automatik Uhrwerk\u2b50 Kostenlose &amp; schnelle Lieferung \u2b50 TrustedShops zertifiziert \u2b50 Seit 2014\u2b50\" \/>\n<meta property=\"og:url\" content=\"https:\/\/watch-bandit.com\/de\/produkt\/venezianico-nereide-avventurina-39-3121551-kautschukarmband\/\" \/>\n<meta property=\"og:site_name\" content=\"WATCHBANDIT\" \/>\n<meta property=\"article:modified_time\" content=\"2025-11-16T11:17:59+00:00\" \/>\n<meta property=\"og:image\" content=\"https:\/\/watch-bandit.com\/wp-content\/uploads\/2025\/01\/1_4a57be49-b179-4304-b135-02084f737129_5000x.webp\" \/>\n\t<meta property=\"og:image:width\" content=\"1800\" \/>\n\t<meta property=\"og:image:height\" content=\"1800\" \/>\n\t<meta property=\"og:image:type\" content=\"image\/webp\" \/>\n<meta name=\"twitter:label1\" content=\"Gesch\u00e4tzte Lesezeit\" \/>\n\t<meta name=\"twitter:data1\" content=\"1 Minute\" \/>\n<script type=\"application\/ld+json\" class=\"yoast-schema-graph\">{\"@context\":\"https:\/\/schema.org\",\"@graph\":[{\"@type\":\"WebPage\",\"@id\":\"https:\/\/watch-bandit.com\/de\/produkt\/venezianico-nereide-avventurina-39-3121551-kautschukarmband\/\",\"url\":\"https:\/\/watch-bandit.com\/de\/produkt\/venezianico-nereide-avventurina-39-3121551-kautschukarmband\/\",\"name\":\"Venezianico - Nereide Avventurina 39 - 3121551 - Kautschukarmband - WATCHBANDIT\",\"isPartOf\":{\"@id\":\"https:\/\/watch-bandit.com\/#website\"},\"datePublished\":\"2025-01-30T11:48:33+00:00\",\"dateModified\":\"2025-11-16T11:17:59+00:00\",\"description\":\"Venezianico bei WatchBandit kaufen \u2b50 Automatik Uhrwerk\u2b50 Kostenlose & schnelle Lieferung \u2b50 TrustedShops zertifiziert \u2b50 Seit 2014\u2b50\",\"breadcrumb\":{\"@id\":\"https:\/\/watch-bandit.com\/de\/produkt\/venezianico-nereide-avventurina-39-3121551-kautschukarmband\/#breadcrumb\"},\"inLanguage\":\"de-DE\",\"potentialAction\":[{\"@type\":\"ReadAction\",\"target\":[\"https:\/\/watch-bandit.com\/de\/produkt\/venezianico-nereide-avventurina-39-3121551-kautschukarmband\/\"]}]},{\"@type\":\"BreadcrumbList\",\"@id\":\"https:\/\/watch-bandit.com\/de\/produkt\/venezianico-nereide-avventurina-39-3121551-kautschukarmband\/#breadcrumb\",\"itemListElement\":[{\"@type\":\"ListItem\",\"position\":1,\"name\":\"Home\",\"item\":\"https:\/\/watchbandit.de\/\"},{\"@type\":\"ListItem\",\"position\":2,\"name\":\"Shop\",\"item\":\"https:\/\/watchbandit.de\/shop\/\"},{\"@type\":\"ListItem\",\"position\":3,\"name\":\"Watches\",\"item\":\"https:\/\/watch-bandit.com\/products\/watches\/\"},{\"@type\":\"ListItem\",\"position\":4,\"name\":\"Venezianico &#8211; Nereide Avventurina 39 &#8211; 3121551 &#8211; Kautschukarmband\"}]},{\"@type\":\"WebSite\",\"@id\":\"https:\/\/watch-bandit.com\/#website\",\"url\":\"https:\/\/watch-bandit.com\/\",\"name\":\"WATCHBANDIT\",\"description\":\"Contemporary Wrist Accessories\",\"publisher\":{\"@id\":\"https:\/\/watch-bandit.com\/#organization\"},\"potentialAction\":[{\"@type\":\"SearchAction\",\"target\":{\"@type\":\"EntryPoint\",\"urlTemplate\":\"https:\/\/watch-bandit.com\/?s={search_term_string}\"},\"query-input\":\"required name=search_term_string\"}],\"inLanguage\":\"de-DE\"},{\"@type\":\"Organization\",\"@id\":\"https:\/\/watch-bandit.com\/#organization\",\"name\":\"WatchBandit\",\"url\":\"https:\/\/watch-bandit.com\/\",\"logo\":{\"@type\":\"ImageObject\",\"inLanguage\":\"de-DE\",\"@id\":\"https:\/\/watch-bandit.com\/#\/schema\/logo\/image\/\",\"url\":\"https:\/\/watchbandit.de\/wp-content\/uploads\/2017\/11\/WB_Logo_557x124.png\",\"contentUrl\":\"https:\/\/watchbandit.de\/wp-content\/uploads\/2017\/11\/WB_Logo_557x124.png\",\"width\":557,\"height\":124,\"caption\":\"WatchBandit\"},\"image\":{\"@id\":\"https:\/\/watch-bandit.com\/#\/schema\/logo\/image\/\"}}]}<\/script>\n<!-- \/ Yoast SEO plugin. -->","yoast_head_json":{"title":"Venezianico - Nereide Avventurina 39 - 3121551 - Kautschukarmband - WATCHBANDIT","description":"Venezianico bei WatchBandit kaufen \u2b50 Automatik Uhrwerk\u2b50 Kostenlose & schnelle Lieferung \u2b50 TrustedShops zertifiziert \u2b50 Seit 2014\u2b50","robots":{"index":"noindex","follow":"follow","max-snippet":"max-snippet:-1","max-image-preview":"max-image-preview:large","max-video-preview":"max-video-preview:-1"},"og_locale":"de_DE","og_type":"article","og_title":"Venezianico - Nereide Avventurina 39 - 3121551 - Kautschukarmband - WATCHBANDIT","og_description":"Venezianico bei WatchBandit kaufen \u2b50 Automatik Uhrwerk\u2b50 Kostenlose & schnelle Lieferung \u2b50 TrustedShops zertifiziert \u2b50 Seit 2014\u2b50","og_url":"https:\/\/watch-bandit.com\/de\/produkt\/venezianico-nereide-avventurina-39-3121551-kautschukarmband\/","og_site_name":"WATCHBANDIT","article_modified_time":"2025-11-16T11:17:59+00:00","og_image":[{"width":1800,"height":1800,"url":"https:\/\/watch-bandit.com\/wp-content\/uploads\/2025\/01\/1_4a57be49-b179-4304-b135-02084f737129_5000x.webp","type":"image\/webp"}],"twitter_misc":{"Gesch\u00e4tzte Lesezeit":"1 Minute"},"schema":{"@context":"https:\/\/schema.org","@graph":[{"@type":"WebPage","@id":"https:\/\/watch-bandit.com\/de\/produkt\/venezianico-nereide-avventurina-39-3121551-kautschukarmband\/","url":"https:\/\/watch-bandit.com\/de\/produkt\/venezianico-nereide-avventurina-39-3121551-kautschukarmband\/","name":"Venezianico - Nereide Avventurina 39 - 3121551 - Kautschukarmband - WATCHBANDIT","isPartOf":{"@id":"https:\/\/watch-bandit.com\/#website"},"datePublished":"2025-01-30T11:48:33+00:00","dateModified":"2025-11-16T11:17:59+00:00","description":"Venezianico bei WatchBandit kaufen \u2b50 Automatik Uhrwerk\u2b50 Kostenlose & schnelle Lieferung \u2b50 TrustedShops zertifiziert \u2b50 Seit 2014\u2b50","breadcrumb":{"@id":"https:\/\/watch-bandit.com\/de\/produkt\/venezianico-nereide-avventurina-39-3121551-kautschukarmband\/#breadcrumb"},"inLanguage":"de-DE","potentialAction":[{"@type":"ReadAction","target":["https:\/\/watch-bandit.com\/de\/produkt\/venezianico-nereide-avventurina-39-3121551-kautschukarmband\/"]}]},{"@type":"BreadcrumbList","@id":"https:\/\/watch-bandit.com\/de\/produkt\/venezianico-nereide-avventurina-39-3121551-kautschukarmband\/#breadcrumb","itemListElement":[{"@type":"ListItem","position":1,"name":"Home","item":"https:\/\/watchbandit.de\/"},{"@type":"ListItem","position":2,"name":"Shop","item":"https:\/\/watchbandit.de\/shop\/"},{"@type":"ListItem","position":3,"name":"Watches","item":"https:\/\/watch-bandit.com\/products\/watches\/"},{"@type":"ListItem","position":4,"name":"Venezianico &#8211; Nereide Avventurina 39 &#8211; 3121551 &#8211; Kautschukarmband"}]},{"@type":"WebSite","@id":"https:\/\/watch-bandit.com\/#website","url":"https:\/\/watch-bandit.com\/","name":"WATCHBANDIT","description":"Contemporary Wrist Accessories","publisher":{"@id":"https:\/\/watch-bandit.com\/#organization"},"potentialAction":[{"@type":"SearchAction","target":{"@type":"EntryPoint","urlTemplate":"https:\/\/watch-bandit.com\/?s={search_term_string}"},"query-input":"required name=search_term_string"}],"inLanguage":"de-DE"},{"@type":"Organization","@id":"https:\/\/watch-bandit.com\/#organization","name":"WatchBandit","url":"https:\/\/watch-bandit.com\/","logo":{"@type":"ImageObject","inLanguage":"de-DE","@id":"https:\/\/watch-bandit.com\/#\/schema\/logo\/image\/","url":"https:\/\/watchbandit.de\/wp-content\/uploads\/2017\/11\/WB_Logo_557x124.png","contentUrl":"https:\/\/watchbandit.de\/wp-content\/uploads\/2017\/11\/WB_Logo_557x124.png","width":557,"height":124,"caption":"WatchBandit"},"image":{"@id":"https:\/\/watch-bandit.com\/#\/schema\/logo\/image\/"}}]}},"_links":{"self":[{"href":"https:\/\/watch-bandit.com\/de\/wp-json\/wp\/v2\/product\/349386"}],"collection":[{"href":"https:\/\/watch-bandit.com\/de\/wp-json\/wp\/v2\/product"}],"about":[{"href":"https:\/\/watch-bandit.com\/de\/wp-json\/wp\/v2\/types\/product"}],"replies":[{"embeddable":true,"href":"https:\/\/watch-bandit.com\/de\/wp-json\/wp\/v2\/comments?post=349386"}],"wp:featuredmedia":[{"embeddable":true,"href":"https:\/\/watch-bandit.com\/de\/wp-json\/wp\/v2\/media\/349403"}],"wp:attachment":[{"href":"https:\/\/watch-bandit.com\/de\/wp-json\/wp\/v2\/media?parent=349386"}],"wp:term":[{"taxonomy":"product_cat","embeddable":true,"href":"https:\/\/watch-bandit.com\/de\/wp-json\/wp\/v2\/product_cat?post=349386"},{"taxonomy":"product_tag","embeddable":true,"href":"https:\/\/watch-bandit.com\/de\/wp-json\/wp\/v2\/product_tag?post=349386"}],"curies":[{"name":"wp","href":"https:\/\/api.w.org\/{rel}","templated":true}]}}