{"id":349430,"date":"2025-01-31T10:36:37","date_gmt":"2025-01-31T09:36:38","guid":{"rendered":"https:\/\/watchbandit.com\/?post_type=product&#038;p=349430"},"modified":"2025-05-04T23:36:30","modified_gmt":"2025-05-04T21:36:30","slug":"draken-peregrine-dlc-version-a-white","status":"publish","type":"product","link":"https:\/\/watch-bandit.com\/de\/produkt\/draken-peregrine-dlc-version-a-white\/","title":{"rendered":"Draken &#8211; Peregrine DLC &#8211; Version A &#8211; White"},"content":{"rendered":"<h3>Draken Uhren<\/h3>\n<p>Der Name Draken kommt vom Namen Drakensberg und bedeutet \u201eBerg der Drachen\u201c. Der Drakensberg erstreckt sich fast \u00fcber die gesamte L\u00e4nge S\u00fcdafrikas und bildet ein zentrales Plateau mit den h\u00f6chsten Gipfeln im Osten. Es ist ein Ort, der ruhig und uralt ist und zum Abenteuer einl\u00e4dt.<\/p>\n<h3>Mission<\/h3>\n<p>Bei Draken Watches bem\u00fchen sie sich um strapazierf\u00e4hige, zuverl\u00e4ssige Zeitmesser, die Sie in jede Situation im Freien mitnehmen k\u00f6nnen, und vertrauen darauf, dass sie keinen Schlag auslassen. Sie wissen, dass ihr h\u00e4rtester Test bei Ihnen, dem Kunden, beginnt. Bring deinen Draken an die Grenzen.<\/p>\n<h3>Philosophie<\/h3>\n<p>Schaffung einzigartiger und origineller Designs, die die Bed\u00fcrfnisse der Kunden erf\u00fcllen, die Abenteuer in allen Lebensformen suchen. Es geht nicht darum, Hommagen und Nachbildungen zu erstellen. Wenn Sie einen Draken kaufen, kaufen Sie etwas wirklich Besonderes.<\/p>\n","protected":false},"excerpt":{"rendered":"<p>Inspiriert von der Luftfahrt. Gebaut f\u00fcr die freie Natur. Wie der Vogel seines Namensgebers ist der Peregrine f\u00fcr schnelle, entscheidende Man\u00f6ver optimiert. Ein markanter Zeiger und ein Zifferblatt sorgen f\u00fcr ungehinderte Lesbarkeit, w\u00e4hrend die diskrete Gangreserveanzeige Sie wissen l\u00e4sst, wenn die Energie zur Neige geht.<\/p>\n<p><strong>Uhrwerk<\/strong>: Miyota 9130 Automatik<br \/>\n<strong>Geh\u00e4use<\/strong>: 316L DLC-beschichteter Edelstahl, 42 mm Durchmesser, 22 mm \u00d6sen, 49 mm von \u00d6se zu \u00d6se, Viton\u2122\ufe0f-Geh\u00e4usebodendichtung<br \/>\n<strong>Armband<\/strong>: DLC-beschichteter 316L-Edelstahl, 22 mm bis 18 mm konisch, Verschluss mit Draken-Marke und 5 Mikroeinstellungen, geeignet f\u00fcr Handgelenke mit einer Gr\u00f6\u00dfe von 15 cm (6 Zoll) bis 20,5 cm (8 Zoll)<br \/>\n<strong>Wasserbest\u00e4ndigkeit<\/strong>: 10 ATM \/ 100 Meter \/ 10 Bar<\/p>\n","protected":false},"featured_media":349484,"comment_status":"open","ping_status":"closed","template":"","meta":[],"product_cat":[3950,37],"product_tag":[],"yoast_head":"<!-- This site is optimized with the Yoast SEO plugin v21.9 - https:\/\/yoast.com\/wordpress\/plugins\/seo\/ -->\n<title>Draken - Peregrine DLC - Version A - White - WATCHBANDIT<\/title>\n<meta name=\"description\" content=\"Draken Uhren bei WatchBandit kaufen \u2713 Autorisierter H\u00e4ndler \u2713 Trusted Shops zertifiziert \u2713 Kostenlose- &amp; schnelle Lieferung \u2713\" \/>\n<meta name=\"robots\" content=\"noindex, follow, max-snippet:-1, max-image-preview:large, max-video-preview:-1\" \/>\n<meta property=\"og:locale\" content=\"de_DE\" \/>\n<meta property=\"og:type\" content=\"article\" \/>\n<meta property=\"og:title\" content=\"Draken - Peregrine DLC - Version A - White - WATCHBANDIT\" \/>\n<meta property=\"og:description\" content=\"Draken Uhren bei WatchBandit kaufen \u2713 Autorisierter H\u00e4ndler \u2713 Trusted Shops zertifiziert \u2713 Kostenlose- &amp; schnelle Lieferung \u2713\" \/>\n<meta property=\"og:url\" content=\"https:\/\/watch-bandit.com\/de\/produkt\/draken-peregrine-dlc-version-a-white\/\" \/>\n<meta property=\"og:site_name\" content=\"WATCHBANDIT\" \/>\n<meta property=\"article:modified_time\" content=\"2025-05-04T21:36:30+00:00\" \/>\n<meta property=\"og:image\" content=\"https:\/\/watch-bandit.com\/wp-content\/uploads\/2025\/01\/Peregrine-A-White-DLC-front-1.webp\" \/>\n\t<meta property=\"og:image:width\" content=\"2560\" \/>\n\t<meta property=\"og:image:height\" content=\"2560\" \/>\n\t<meta property=\"og:image:type\" content=\"image\/webp\" \/>\n<meta name=\"twitter:label1\" content=\"Gesch\u00e4tzte Lesezeit\" \/>\n\t<meta name=\"twitter:data1\" content=\"1 Minute\" \/>\n<script type=\"application\/ld+json\" class=\"yoast-schema-graph\">{\"@context\":\"https:\/\/schema.org\",\"@graph\":[{\"@type\":\"WebPage\",\"@id\":\"https:\/\/watch-bandit.com\/de\/produkt\/draken-peregrine-dlc-version-a-white\/\",\"url\":\"https:\/\/watch-bandit.com\/de\/produkt\/draken-peregrine-dlc-version-a-white\/\",\"name\":\"Draken - Peregrine DLC - Version A - White - WATCHBANDIT\",\"isPartOf\":{\"@id\":\"https:\/\/watch-bandit.com\/#website\"},\"datePublished\":\"2025-01-31T09:36:38+00:00\",\"dateModified\":\"2025-05-04T21:36:30+00:00\",\"description\":\"Draken Uhren bei WatchBandit kaufen \u2713 Autorisierter H\u00e4ndler \u2713 Trusted Shops zertifiziert \u2713 Kostenlose- & schnelle Lieferung \u2713\",\"breadcrumb\":{\"@id\":\"https:\/\/watch-bandit.com\/de\/produkt\/draken-peregrine-dlc-version-a-white\/#breadcrumb\"},\"inLanguage\":\"de-DE\",\"potentialAction\":[{\"@type\":\"ReadAction\",\"target\":[\"https:\/\/watch-bandit.com\/de\/produkt\/draken-peregrine-dlc-version-a-white\/\"]}]},{\"@type\":\"BreadcrumbList\",\"@id\":\"https:\/\/watch-bandit.com\/de\/produkt\/draken-peregrine-dlc-version-a-white\/#breadcrumb\",\"itemListElement\":[{\"@type\":\"ListItem\",\"position\":1,\"name\":\"Home\",\"item\":\"https:\/\/watchbandit.de\/\"},{\"@type\":\"ListItem\",\"position\":2,\"name\":\"Shop\",\"item\":\"https:\/\/watchbandit.de\/shop\/\"},{\"@type\":\"ListItem\",\"position\":3,\"name\":\"Watches\",\"item\":\"https:\/\/watch-bandit.com\/products\/watches\/\"},{\"@type\":\"ListItem\",\"position\":4,\"name\":\"Draken\",\"item\":\"https:\/\/watch-bandit.com\/products\/watches\/draken\/\"},{\"@type\":\"ListItem\",\"position\":5,\"name\":\"Draken &#8211; Peregrine DLC &#8211; Version A &#8211; White\"}]},{\"@type\":\"WebSite\",\"@id\":\"https:\/\/watch-bandit.com\/#website\",\"url\":\"https:\/\/watch-bandit.com\/\",\"name\":\"WATCHBANDIT\",\"description\":\"Contemporary Wrist Accessories\",\"publisher\":{\"@id\":\"https:\/\/watch-bandit.com\/#organization\"},\"potentialAction\":[{\"@type\":\"SearchAction\",\"target\":{\"@type\":\"EntryPoint\",\"urlTemplate\":\"https:\/\/watch-bandit.com\/?s={search_term_string}\"},\"query-input\":\"required name=search_term_string\"}],\"inLanguage\":\"de-DE\"},{\"@type\":\"Organization\",\"@id\":\"https:\/\/watch-bandit.com\/#organization\",\"name\":\"WatchBandit\",\"url\":\"https:\/\/watch-bandit.com\/\",\"logo\":{\"@type\":\"ImageObject\",\"inLanguage\":\"de-DE\",\"@id\":\"https:\/\/watch-bandit.com\/#\/schema\/logo\/image\/\",\"url\":\"https:\/\/watchbandit.de\/wp-content\/uploads\/2017\/11\/WB_Logo_557x124.png\",\"contentUrl\":\"https:\/\/watchbandit.de\/wp-content\/uploads\/2017\/11\/WB_Logo_557x124.png\",\"width\":557,\"height\":124,\"caption\":\"WatchBandit\"},\"image\":{\"@id\":\"https:\/\/watch-bandit.com\/#\/schema\/logo\/image\/\"}}]}<\/script>\n<!-- \/ Yoast SEO plugin. -->","yoast_head_json":{"title":"Draken - Peregrine DLC - Version A - White - WATCHBANDIT","description":"Draken Uhren bei WatchBandit kaufen \u2713 Autorisierter H\u00e4ndler \u2713 Trusted Shops zertifiziert \u2713 Kostenlose- & schnelle Lieferung \u2713","robots":{"index":"noindex","follow":"follow","max-snippet":"max-snippet:-1","max-image-preview":"max-image-preview:large","max-video-preview":"max-video-preview:-1"},"og_locale":"de_DE","og_type":"article","og_title":"Draken - Peregrine DLC - Version A - White - WATCHBANDIT","og_description":"Draken Uhren bei WatchBandit kaufen \u2713 Autorisierter H\u00e4ndler \u2713 Trusted Shops zertifiziert \u2713 Kostenlose- & schnelle Lieferung \u2713","og_url":"https:\/\/watch-bandit.com\/de\/produkt\/draken-peregrine-dlc-version-a-white\/","og_site_name":"WATCHBANDIT","article_modified_time":"2025-05-04T21:36:30+00:00","og_image":[{"width":2560,"height":2560,"url":"https:\/\/watch-bandit.com\/wp-content\/uploads\/2025\/01\/Peregrine-A-White-DLC-front-1.webp","type":"image\/webp"}],"twitter_misc":{"Gesch\u00e4tzte Lesezeit":"1 Minute"},"schema":{"@context":"https:\/\/schema.org","@graph":[{"@type":"WebPage","@id":"https:\/\/watch-bandit.com\/de\/produkt\/draken-peregrine-dlc-version-a-white\/","url":"https:\/\/watch-bandit.com\/de\/produkt\/draken-peregrine-dlc-version-a-white\/","name":"Draken - Peregrine DLC - Version A - White - WATCHBANDIT","isPartOf":{"@id":"https:\/\/watch-bandit.com\/#website"},"datePublished":"2025-01-31T09:36:38+00:00","dateModified":"2025-05-04T21:36:30+00:00","description":"Draken Uhren bei WatchBandit kaufen \u2713 Autorisierter H\u00e4ndler \u2713 Trusted Shops zertifiziert \u2713 Kostenlose- & schnelle Lieferung \u2713","breadcrumb":{"@id":"https:\/\/watch-bandit.com\/de\/produkt\/draken-peregrine-dlc-version-a-white\/#breadcrumb"},"inLanguage":"de-DE","potentialAction":[{"@type":"ReadAction","target":["https:\/\/watch-bandit.com\/de\/produkt\/draken-peregrine-dlc-version-a-white\/"]}]},{"@type":"BreadcrumbList","@id":"https:\/\/watch-bandit.com\/de\/produkt\/draken-peregrine-dlc-version-a-white\/#breadcrumb","itemListElement":[{"@type":"ListItem","position":1,"name":"Home","item":"https:\/\/watchbandit.de\/"},{"@type":"ListItem","position":2,"name":"Shop","item":"https:\/\/watchbandit.de\/shop\/"},{"@type":"ListItem","position":3,"name":"Watches","item":"https:\/\/watch-bandit.com\/products\/watches\/"},{"@type":"ListItem","position":4,"name":"Draken","item":"https:\/\/watch-bandit.com\/products\/watches\/draken\/"},{"@type":"ListItem","position":5,"name":"Draken &#8211; Peregrine DLC &#8211; Version A &#8211; White"}]},{"@type":"WebSite","@id":"https:\/\/watch-bandit.com\/#website","url":"https:\/\/watch-bandit.com\/","name":"WATCHBANDIT","description":"Contemporary Wrist Accessories","publisher":{"@id":"https:\/\/watch-bandit.com\/#organization"},"potentialAction":[{"@type":"SearchAction","target":{"@type":"EntryPoint","urlTemplate":"https:\/\/watch-bandit.com\/?s={search_term_string}"},"query-input":"required name=search_term_string"}],"inLanguage":"de-DE"},{"@type":"Organization","@id":"https:\/\/watch-bandit.com\/#organization","name":"WatchBandit","url":"https:\/\/watch-bandit.com\/","logo":{"@type":"ImageObject","inLanguage":"de-DE","@id":"https:\/\/watch-bandit.com\/#\/schema\/logo\/image\/","url":"https:\/\/watchbandit.de\/wp-content\/uploads\/2017\/11\/WB_Logo_557x124.png","contentUrl":"https:\/\/watchbandit.de\/wp-content\/uploads\/2017\/11\/WB_Logo_557x124.png","width":557,"height":124,"caption":"WatchBandit"},"image":{"@id":"https:\/\/watch-bandit.com\/#\/schema\/logo\/image\/"}}]}},"_links":{"self":[{"href":"https:\/\/watch-bandit.com\/de\/wp-json\/wp\/v2\/product\/349430"}],"collection":[{"href":"https:\/\/watch-bandit.com\/de\/wp-json\/wp\/v2\/product"}],"about":[{"href":"https:\/\/watch-bandit.com\/de\/wp-json\/wp\/v2\/types\/product"}],"replies":[{"embeddable":true,"href":"https:\/\/watch-bandit.com\/de\/wp-json\/wp\/v2\/comments?post=349430"}],"wp:featuredmedia":[{"embeddable":true,"href":"https:\/\/watch-bandit.com\/de\/wp-json\/wp\/v2\/media\/349484"}],"wp:attachment":[{"href":"https:\/\/watch-bandit.com\/de\/wp-json\/wp\/v2\/media?parent=349430"}],"wp:term":[{"taxonomy":"product_cat","embeddable":true,"href":"https:\/\/watch-bandit.com\/de\/wp-json\/wp\/v2\/product_cat?post=349430"},{"taxonomy":"product_tag","embeddable":true,"href":"https:\/\/watch-bandit.com\/de\/wp-json\/wp\/v2\/product_tag?post=349430"}],"curies":[{"name":"wp","href":"https:\/\/api.w.org\/{rel}","templated":true}]}}