{"id":349629,"date":"2025-02-05T13:17:21","date_gmt":"2025-02-05T12:17:21","guid":{"rendered":"https:\/\/watchbandit.com\/?post_type=product&#038;p=349629"},"modified":"2025-10-09T13:36:44","modified_gmt":"2025-10-09T11:36:44","slug":"vandaag-schallmauer-automatik-schwarz-schwarzes-lederarmband","status":"publish","type":"product","link":"https:\/\/watch-bandit.com\/de\/produkt\/vandaag-schallmauer-automatik-schwarz-schwarzes-lederarmband\/","title":{"rendered":"Vandaag &#8211; Schallmauer Automatik &#8211; Schwarz &#8211; Schwarzes Lederarmband"},"content":{"rendered":"<h1>VANDAAG: Minimalistische, sportliche und hochwertige Zeitmesser aus Norddeutschland<\/h1>\n<p>Sie suchen eine Uhr, die schlichtes Design, zuverl\u00e4ssige Funktionalit\u00e4t und hochwertige Verarbeitung vereint? Suchen Sie nicht weiter als VANDAAG Watches, die neueste Erg\u00e4nzung unserer Kollektion von Microbrand-Uhren.<\/p>\n<p>Seit \u00fcber zwei Jahrzehnten stellt der Hersteller Zeitmesser her, die die Erwartungen der Kunden \u00fcbertreffen. Der Name \u201eVANDAAG\u201c selbst bedeutet \u201eheute\u201c im norddeutschen Dialekt und spiegelt das Engagement der Marke wider, aktuell und innovativ zu bleiben.<\/p>\n<p>Eines der Markenzeichen von VANDAAG Uhren ist ihr minimalistisches und klassisch-sportliches Design. Egal, ob Sie Chronographen oder Taucheruhren bevorzugen, VANDAAG stellt sicher, dass die Funktionalit\u00e4t an erster Stelle steht. Das resultierende Design ist geradlinig, maskulin und m\u00fchelos stilvoll.<\/p>\n<p>Alle Uhren sind aus erstklassigen Materialien gefertigt und mit Liebe zum Detail sorgf\u00e4ltig verarbeitet. Viele der Komponenten werden im eigenen Haus entworfen und entwickelt, um die hohen Standards der Marke zu erf\u00fcllen, und jede Uhr wird mehreren Qualit\u00e4tstests unterzogen. Deutsche Uhrmachermeister veredeln und montieren dann jeden Zeitmesser, um sicherzustellen, dass er den anspruchsvollen Standards von VANDAAG entspricht.<\/p>\n<p>Wenn Sie eine hochwertige Uhr suchen, die Form und Funktion vereint, ist VANDAAG die perfekte Wahl.<\/p>\n","protected":false},"excerpt":{"rendered":"<p>Die maskuline K\u00fchle der Farbe Schwarz kommt bei dieser Variante besonders zur Geltung. Die wei\u00dfen Akzente in Kombination mit Stahl machen sie nuanciert, markant und voller Testosteron. Die Schallmauer Automatic ist mit dem Schweizer Pr\u00e4zisionsuhrwerk Sellita SW510BHa ausgestattet, welches weltweit f\u00fcr seine Qualit\u00e4t gesch\u00e4tzt wird. Um h\u00f6chste Qualit\u00e4tsstandards einzuhalten, werden Rotor und Datumsscheibe speziell f\u00fcr uns bei Sellita in La Chaux-de-Fonds veredelt. Diese Uhr hat eine exklusive Limitierung von 100 St\u00fcck. Jede Uhr besitzt eine individuelle eingravierte Limitierungsnummer. Der 316L Edelstahl und das kratzfeste, doppelt entspiegelte Saphirglas (auch auf dem Geh\u00e4useboden) sind perfekt verarbeitet, extrem langlebig und \u00fcberdauern alles. Nat\u00fcrlich darf das rote Datum nicht fehlen. Es setzt einen entscheidenden Akzent auf dem faszinierend funktionalen Zifferblatt und wurde von unseren Uhrenfreunden bereits zum Markenzeichen gek\u00fcrt. Die Keramikl\u00fcnette mit kontrastierenden Ziffern verleiht der Schallmauer einen ganz besonderen Glanz. Sogar bei Nachteinsatz, denn das Leuchtmittel Super-LumiNova BGW9 oder Old Radium &#8211; Grade A l\u00e4sst Zeiger, Ziffern, Indizes und die Nullmarkierung lange leuchten.<\/p>\n<p><strong>Uhrwerk<\/strong>: Schweizer Sellita SW510BHa Elabor\u00e9 (28.800 Halbschwingungen pro Stunde (4 Hz) \u2013 62 Stunden Gangreserve), Spezialrotor in Schwarz und rotem Datumsrad, Optimierung der Ganggenauigkeit durch den hauseigenen Uhrmachermeister auf ca. +\/- 4 Sekunden pro Tag<br \/>\n<strong>Geh\u00e4use<\/strong>: 316L Edelstahl mit 42,50 mm Durchmesser<br \/>\n<strong>Wasserdichtigkeit<\/strong>: 10 ATM \/ 100 Meter<br \/>\n<strong>Armband<\/strong>: \u201eTweede Pelle\u201c handgen\u00e4htes italienisches Rindsleder \u2013 hellbraun mit wei\u00dfer Naht, Edelstahlschlie\u00dfe, integrierte Schnellwechselstege f\u00fcr einfachen Wechsel, 22 mm, verj\u00fcngt auf 20,00 mm<\/p>\n","protected":false},"featured_media":349725,"comment_status":"open","ping_status":"closed","template":"","meta":[],"product_cat":[37,3860],"product_tag":[],"yoast_head":"<!-- This site is optimized with the Yoast SEO plugin v21.9 - https:\/\/yoast.com\/wordpress\/plugins\/seo\/ -->\n<title>Vandaag - Schallmauer Automatik - Schwarz - Schwarzes Lederarmband - WATCHBANDIT<\/title>\n<meta name=\"description\" content=\"Vandaag Uhren bei WatchBandit kaufen \u2713 Autorisierter H\u00e4ndler \u2713 Trusted Shops \u2713 kostenlose &amp; schnelle Lieferung \u2713 Berlin est. 2014 \u2713\" \/>\n<meta name=\"robots\" content=\"noindex, follow, max-snippet:-1, max-image-preview:large, max-video-preview:-1\" \/>\n<meta property=\"og:locale\" content=\"de_DE\" \/>\n<meta property=\"og:type\" content=\"article\" \/>\n<meta property=\"og:title\" content=\"Vandaag - Schallmauer Automatik - Schwarz - Schwarzes Lederarmband - WATCHBANDIT\" \/>\n<meta property=\"og:description\" content=\"Vandaag Uhren bei WatchBandit kaufen \u2713 Autorisierter H\u00e4ndler \u2713 Trusted Shops \u2713 kostenlose &amp; schnelle Lieferung \u2713 Berlin est. 2014 \u2713\" \/>\n<meta property=\"og:url\" content=\"https:\/\/watch-bandit.com\/de\/produkt\/vandaag-schallmauer-automatik-schwarz-schwarzes-lederarmband\/\" \/>\n<meta property=\"og:site_name\" content=\"WATCHBANDIT\" \/>\n<meta property=\"article:modified_time\" content=\"2025-10-09T11:36:44+00:00\" \/>\n<meta property=\"og:image\" content=\"https:\/\/watch-bandit.com\/wp-content\/uploads\/2025\/02\/vandaag-schallmauer-automatik-schwarz-tweede-pelle-lederband-schwarz-mit-weisser-naht-.webp\" \/>\n\t<meta property=\"og:image:width\" content=\"1944\" \/>\n\t<meta property=\"og:image:height\" content=\"2361\" \/>\n\t<meta property=\"og:image:type\" content=\"image\/webp\" \/>\n<meta name=\"twitter:label1\" content=\"Gesch\u00e4tzte Lesezeit\" \/>\n\t<meta name=\"twitter:data1\" content=\"1 Minute\" \/>\n<script type=\"application\/ld+json\" class=\"yoast-schema-graph\">{\"@context\":\"https:\/\/schema.org\",\"@graph\":[{\"@type\":\"WebPage\",\"@id\":\"https:\/\/watch-bandit.com\/de\/produkt\/vandaag-schallmauer-automatik-schwarz-schwarzes-lederarmband\/\",\"url\":\"https:\/\/watch-bandit.com\/de\/produkt\/vandaag-schallmauer-automatik-schwarz-schwarzes-lederarmband\/\",\"name\":\"Vandaag - Schallmauer Automatik - Schwarz - Schwarzes Lederarmband - WATCHBANDIT\",\"isPartOf\":{\"@id\":\"https:\/\/watch-bandit.com\/#website\"},\"datePublished\":\"2025-02-05T12:17:21+00:00\",\"dateModified\":\"2025-10-09T11:36:44+00:00\",\"description\":\"Vandaag Uhren bei WatchBandit kaufen \u2713 Autorisierter H\u00e4ndler \u2713 Trusted Shops \u2713 kostenlose & schnelle Lieferung \u2713 Berlin est. 2014 \u2713\",\"breadcrumb\":{\"@id\":\"https:\/\/watch-bandit.com\/de\/produkt\/vandaag-schallmauer-automatik-schwarz-schwarzes-lederarmband\/#breadcrumb\"},\"inLanguage\":\"de-DE\",\"potentialAction\":[{\"@type\":\"ReadAction\",\"target\":[\"https:\/\/watch-bandit.com\/de\/produkt\/vandaag-schallmauer-automatik-schwarz-schwarzes-lederarmband\/\"]}]},{\"@type\":\"BreadcrumbList\",\"@id\":\"https:\/\/watch-bandit.com\/de\/produkt\/vandaag-schallmauer-automatik-schwarz-schwarzes-lederarmband\/#breadcrumb\",\"itemListElement\":[{\"@type\":\"ListItem\",\"position\":1,\"name\":\"Home\",\"item\":\"https:\/\/watchbandit.de\/\"},{\"@type\":\"ListItem\",\"position\":2,\"name\":\"Shop\",\"item\":\"https:\/\/watchbandit.de\/shop\/\"},{\"@type\":\"ListItem\",\"position\":3,\"name\":\"Watches\",\"item\":\"https:\/\/watch-bandit.com\/products\/watches\/\"},{\"@type\":\"ListItem\",\"position\":4,\"name\":\"Vandaag\",\"item\":\"https:\/\/watch-bandit.com\/products\/watches\/vandaag\/\"},{\"@type\":\"ListItem\",\"position\":5,\"name\":\"Vandaag &#8211; Schallmauer Automatik &#8211; Schwarz &#8211; Schwarzes Lederarmband\"}]},{\"@type\":\"WebSite\",\"@id\":\"https:\/\/watch-bandit.com\/#website\",\"url\":\"https:\/\/watch-bandit.com\/\",\"name\":\"WATCHBANDIT\",\"description\":\"Contemporary Wrist Accessories\",\"publisher\":{\"@id\":\"https:\/\/watch-bandit.com\/#organization\"},\"potentialAction\":[{\"@type\":\"SearchAction\",\"target\":{\"@type\":\"EntryPoint\",\"urlTemplate\":\"https:\/\/watch-bandit.com\/?s={search_term_string}\"},\"query-input\":\"required name=search_term_string\"}],\"inLanguage\":\"de-DE\"},{\"@type\":\"Organization\",\"@id\":\"https:\/\/watch-bandit.com\/#organization\",\"name\":\"WatchBandit\",\"url\":\"https:\/\/watch-bandit.com\/\",\"logo\":{\"@type\":\"ImageObject\",\"inLanguage\":\"de-DE\",\"@id\":\"https:\/\/watch-bandit.com\/#\/schema\/logo\/image\/\",\"url\":\"https:\/\/watchbandit.de\/wp-content\/uploads\/2017\/11\/WB_Logo_557x124.png\",\"contentUrl\":\"https:\/\/watchbandit.de\/wp-content\/uploads\/2017\/11\/WB_Logo_557x124.png\",\"width\":557,\"height\":124,\"caption\":\"WatchBandit\"},\"image\":{\"@id\":\"https:\/\/watch-bandit.com\/#\/schema\/logo\/image\/\"}}]}<\/script>\n<!-- \/ Yoast SEO plugin. -->","yoast_head_json":{"title":"Vandaag - Schallmauer Automatik - Schwarz - Schwarzes Lederarmband - WATCHBANDIT","description":"Vandaag Uhren bei WatchBandit kaufen \u2713 Autorisierter H\u00e4ndler \u2713 Trusted Shops \u2713 kostenlose & schnelle Lieferung \u2713 Berlin est. 2014 \u2713","robots":{"index":"noindex","follow":"follow","max-snippet":"max-snippet:-1","max-image-preview":"max-image-preview:large","max-video-preview":"max-video-preview:-1"},"og_locale":"de_DE","og_type":"article","og_title":"Vandaag - Schallmauer Automatik - Schwarz - Schwarzes Lederarmband - WATCHBANDIT","og_description":"Vandaag Uhren bei WatchBandit kaufen \u2713 Autorisierter H\u00e4ndler \u2713 Trusted Shops \u2713 kostenlose & schnelle Lieferung \u2713 Berlin est. 2014 \u2713","og_url":"https:\/\/watch-bandit.com\/de\/produkt\/vandaag-schallmauer-automatik-schwarz-schwarzes-lederarmband\/","og_site_name":"WATCHBANDIT","article_modified_time":"2025-10-09T11:36:44+00:00","og_image":[{"width":1944,"height":2361,"url":"https:\/\/watch-bandit.com\/wp-content\/uploads\/2025\/02\/vandaag-schallmauer-automatik-schwarz-tweede-pelle-lederband-schwarz-mit-weisser-naht-.webp","type":"image\/webp"}],"twitter_misc":{"Gesch\u00e4tzte Lesezeit":"1 Minute"},"schema":{"@context":"https:\/\/schema.org","@graph":[{"@type":"WebPage","@id":"https:\/\/watch-bandit.com\/de\/produkt\/vandaag-schallmauer-automatik-schwarz-schwarzes-lederarmband\/","url":"https:\/\/watch-bandit.com\/de\/produkt\/vandaag-schallmauer-automatik-schwarz-schwarzes-lederarmband\/","name":"Vandaag - Schallmauer Automatik - Schwarz - Schwarzes Lederarmband - WATCHBANDIT","isPartOf":{"@id":"https:\/\/watch-bandit.com\/#website"},"datePublished":"2025-02-05T12:17:21+00:00","dateModified":"2025-10-09T11:36:44+00:00","description":"Vandaag Uhren bei WatchBandit kaufen \u2713 Autorisierter H\u00e4ndler \u2713 Trusted Shops \u2713 kostenlose & schnelle Lieferung \u2713 Berlin est. 2014 \u2713","breadcrumb":{"@id":"https:\/\/watch-bandit.com\/de\/produkt\/vandaag-schallmauer-automatik-schwarz-schwarzes-lederarmband\/#breadcrumb"},"inLanguage":"de-DE","potentialAction":[{"@type":"ReadAction","target":["https:\/\/watch-bandit.com\/de\/produkt\/vandaag-schallmauer-automatik-schwarz-schwarzes-lederarmband\/"]}]},{"@type":"BreadcrumbList","@id":"https:\/\/watch-bandit.com\/de\/produkt\/vandaag-schallmauer-automatik-schwarz-schwarzes-lederarmband\/#breadcrumb","itemListElement":[{"@type":"ListItem","position":1,"name":"Home","item":"https:\/\/watchbandit.de\/"},{"@type":"ListItem","position":2,"name":"Shop","item":"https:\/\/watchbandit.de\/shop\/"},{"@type":"ListItem","position":3,"name":"Watches","item":"https:\/\/watch-bandit.com\/products\/watches\/"},{"@type":"ListItem","position":4,"name":"Vandaag","item":"https:\/\/watch-bandit.com\/products\/watches\/vandaag\/"},{"@type":"ListItem","position":5,"name":"Vandaag &#8211; Schallmauer Automatik &#8211; Schwarz &#8211; Schwarzes Lederarmband"}]},{"@type":"WebSite","@id":"https:\/\/watch-bandit.com\/#website","url":"https:\/\/watch-bandit.com\/","name":"WATCHBANDIT","description":"Contemporary Wrist Accessories","publisher":{"@id":"https:\/\/watch-bandit.com\/#organization"},"potentialAction":[{"@type":"SearchAction","target":{"@type":"EntryPoint","urlTemplate":"https:\/\/watch-bandit.com\/?s={search_term_string}"},"query-input":"required name=search_term_string"}],"inLanguage":"de-DE"},{"@type":"Organization","@id":"https:\/\/watch-bandit.com\/#organization","name":"WatchBandit","url":"https:\/\/watch-bandit.com\/","logo":{"@type":"ImageObject","inLanguage":"de-DE","@id":"https:\/\/watch-bandit.com\/#\/schema\/logo\/image\/","url":"https:\/\/watchbandit.de\/wp-content\/uploads\/2017\/11\/WB_Logo_557x124.png","contentUrl":"https:\/\/watchbandit.de\/wp-content\/uploads\/2017\/11\/WB_Logo_557x124.png","width":557,"height":124,"caption":"WatchBandit"},"image":{"@id":"https:\/\/watch-bandit.com\/#\/schema\/logo\/image\/"}}]}},"_links":{"self":[{"href":"https:\/\/watch-bandit.com\/de\/wp-json\/wp\/v2\/product\/349629"}],"collection":[{"href":"https:\/\/watch-bandit.com\/de\/wp-json\/wp\/v2\/product"}],"about":[{"href":"https:\/\/watch-bandit.com\/de\/wp-json\/wp\/v2\/types\/product"}],"replies":[{"embeddable":true,"href":"https:\/\/watch-bandit.com\/de\/wp-json\/wp\/v2\/comments?post=349629"}],"wp:featuredmedia":[{"embeddable":true,"href":"https:\/\/watch-bandit.com\/de\/wp-json\/wp\/v2\/media\/349725"}],"wp:attachment":[{"href":"https:\/\/watch-bandit.com\/de\/wp-json\/wp\/v2\/media?parent=349629"}],"wp:term":[{"taxonomy":"product_cat","embeddable":true,"href":"https:\/\/watch-bandit.com\/de\/wp-json\/wp\/v2\/product_cat?post=349629"},{"taxonomy":"product_tag","embeddable":true,"href":"https:\/\/watch-bandit.com\/de\/wp-json\/wp\/v2\/product_tag?post=349629"}],"curies":[{"name":"wp","href":"https:\/\/api.w.org\/{rel}","templated":true}]}}