{"id":349631,"date":"2025-02-05T13:26:25","date_gmt":"2025-02-05T12:26:25","guid":{"rendered":"https:\/\/watchbandit.com\/?post_type=product&#038;p=349631"},"modified":"2025-02-08T16:18:53","modified_gmt":"2025-02-08T15:18:53","slug":"vandaag-primus-automatik-stahl-gruen-gruenes-lederarmband","status":"publish","type":"product","link":"https:\/\/watch-bandit.com\/de\/produkt\/vandaag-primus-automatik-stahl-gruen-gruenes-lederarmband\/","title":{"rendered":"Vandaag &#8211; Primus Automatik &#8211; Stahl-Gr\u00fcn &#8211; Gr\u00fcnes Lederarmband"},"content":{"rendered":"<div class=\"cms-section pos-0 cms-section-default\">\n<div class=\"cms-section-default boxed\">\n<div class=\"cms-block pos-0 cms-block-text\">\n<div class=\"cms-block-container\">\n<div class=\"cms-block-container-row row cms-row \">\n<div class=\"col-12\" data-cms-element-id=\"f2b022ae647941c78936d40b6ebc7a83\">\n<div class=\"cms-element-text\">\n<h2>Primus Automatik<\/h2>\n\n\t\t\t<style>\n\t\t\t\t#gallery-1 {\n\t\t\t\t\tmargin: auto;\n\t\t\t\t}\n\t\t\t\t#gallery-1 .gallery-item {\n\t\t\t\t\tfloat: left;\n\t\t\t\t\tmargin-top: 10px;\n\t\t\t\t\ttext-align: center;\n\t\t\t\t\twidth: 20%;\n\t\t\t\t}\n\t\t\t\t#gallery-1 img {\n\t\t\t\t\tmax-width:100%;\n\t\t\t\t}\n\t\t\t\t#gallery-1 .gallery-caption {\n\t\t\t\t\tmargin-left: 0;\n\t\t\t\t}\n\t\t\t<\/style>\n\t\t<div id='gallery-1' class='gallery galleryid-349631 gallery-columns-5 gallery-size-thumbnail basel-justified-gallery'>\n\t\t\t\t\t<a href='https:\/\/watch-bandit.com\/wp-content\/uploads\/2021\/06\/VANDAAG-Primus-Automatic-specifications-min.jpg'><img loading=\"lazy\" decoding=\"async\" width=\"280\" height=\"280\" src=\"https:\/\/watch-bandit.com\/wp-content\/uploads\/2021\/06\/VANDAAG-Primus-Automatic-specifications-min-280x280.jpg\" class=\"attachment-thumbnail size-thumbnail\" alt=\"VANDAAG Primus Automatic specifications\" srcset=\"https:\/\/watch-bandit.com\/wp-content\/uploads\/2021\/06\/VANDAAG-Primus-Automatic-specifications-min-280x280.jpg 280w, https:\/\/watch-bandit.com\/wp-content\/uploads\/2021\/06\/VANDAAG-Primus-Automatic-specifications-min-768x768.jpg 768w, https:\/\/watch-bandit.com\/wp-content\/uploads\/2021\/06\/VANDAAG-Primus-Automatic-specifications-min-45x45.jpg 45w, https:\/\/watch-bandit.com\/wp-content\/uploads\/2021\/06\/VANDAAG-Primus-Automatic-specifications-min-100x100.jpg 100w, https:\/\/watch-bandit.com\/wp-content\/uploads\/2021\/06\/VANDAAG-Primus-Automatic-specifications-min-32x32.jpg 32w, https:\/\/watch-bandit.com\/wp-content\/uploads\/2021\/06\/VANDAAG-Primus-Automatic-specifications-min.jpg 1000w\" sizes=\"(max-width: 280px) 100vw, 280px\" \/><\/a>\n\t\t\t\t\t<a href='https:\/\/watch-bandit.com\/wp-content\/uploads\/2021\/06\/VANDAAG-Primus-Automatic-silver-case-side-min.jpg'><img loading=\"lazy\" decoding=\"async\" width=\"280\" height=\"280\" src=\"https:\/\/watch-bandit.com\/wp-content\/uploads\/2021\/06\/VANDAAG-Primus-Automatic-silver-case-side-min-280x280.jpg\" class=\"attachment-thumbnail size-thumbnail\" alt=\"VANDAAG Primus Automatic silver case side\" srcset=\"https:\/\/watch-bandit.com\/wp-content\/uploads\/2021\/06\/VANDAAG-Primus-Automatic-silver-case-side-min-280x280.jpg 280w, https:\/\/watch-bandit.com\/wp-content\/uploads\/2021\/06\/VANDAAG-Primus-Automatic-silver-case-side-min-768x768.jpg 768w, https:\/\/watch-bandit.com\/wp-content\/uploads\/2021\/06\/VANDAAG-Primus-Automatic-silver-case-side-min-45x45.jpg 45w, https:\/\/watch-bandit.com\/wp-content\/uploads\/2021\/06\/VANDAAG-Primus-Automatic-silver-case-side-min-100x100.jpg 100w, https:\/\/watch-bandit.com\/wp-content\/uploads\/2021\/06\/VANDAAG-Primus-Automatic-silver-case-side-min-32x32.jpg 32w, https:\/\/watch-bandit.com\/wp-content\/uploads\/2021\/06\/VANDAAG-Primus-Automatic-silver-case-side-min.jpg 1000w\" sizes=\"(max-width: 280px) 100vw, 280px\" \/><\/a>\n\t\t\t\t\t<a href='https:\/\/watch-bandit.com\/wp-content\/uploads\/2021\/06\/VANDAAG-Primus-Automatic-movement-miyota-821A-min.jpg'><img loading=\"lazy\" decoding=\"async\" width=\"280\" height=\"280\" src=\"https:\/\/watch-bandit.com\/wp-content\/uploads\/2021\/06\/VANDAAG-Primus-Automatic-movement-miyota-821A-min-280x280.jpg\" class=\"attachment-thumbnail size-thumbnail\" alt=\"VANDAAG Primus Automatic movement miyota 821A\" srcset=\"https:\/\/watch-bandit.com\/wp-content\/uploads\/2021\/06\/VANDAAG-Primus-Automatic-movement-miyota-821A-min-280x280.jpg 280w, https:\/\/watch-bandit.com\/wp-content\/uploads\/2021\/06\/VANDAAG-Primus-Automatic-movement-miyota-821A-min-768x768.jpg 768w, https:\/\/watch-bandit.com\/wp-content\/uploads\/2021\/06\/VANDAAG-Primus-Automatic-movement-miyota-821A-min-45x45.jpg 45w, https:\/\/watch-bandit.com\/wp-content\/uploads\/2021\/06\/VANDAAG-Primus-Automatic-movement-miyota-821A-min-100x100.jpg 100w, https:\/\/watch-bandit.com\/wp-content\/uploads\/2021\/06\/VANDAAG-Primus-Automatic-movement-miyota-821A-min-32x32.jpg 32w, https:\/\/watch-bandit.com\/wp-content\/uploads\/2021\/06\/VANDAAG-Primus-Automatic-movement-miyota-821A-min.jpg 1000w\" sizes=\"(max-width: 280px) 100vw, 280px\" \/><\/a>\n\t\t\t\t\t<a href='https:\/\/watch-bandit.com\/wp-content\/uploads\/2021\/06\/VANDAAG-Primus-Automatic-crown-min.jpg'><img loading=\"lazy\" decoding=\"async\" width=\"280\" height=\"280\" src=\"https:\/\/watch-bandit.com\/wp-content\/uploads\/2021\/06\/VANDAAG-Primus-Automatic-crown-min-280x280.jpg\" class=\"attachment-thumbnail size-thumbnail\" alt=\"VANDAAG Primus Automatic crown\" srcset=\"https:\/\/watch-bandit.com\/wp-content\/uploads\/2021\/06\/VANDAAG-Primus-Automatic-crown-min-280x280.jpg 280w, https:\/\/watch-bandit.com\/wp-content\/uploads\/2021\/06\/VANDAAG-Primus-Automatic-crown-min-768x768.jpg 768w, https:\/\/watch-bandit.com\/wp-content\/uploads\/2021\/06\/VANDAAG-Primus-Automatic-crown-min-45x45.jpg 45w, https:\/\/watch-bandit.com\/wp-content\/uploads\/2021\/06\/VANDAAG-Primus-Automatic-crown-min-100x100.jpg 100w, https:\/\/watch-bandit.com\/wp-content\/uploads\/2021\/06\/VANDAAG-Primus-Automatic-crown-min-32x32.jpg 32w, https:\/\/watch-bandit.com\/wp-content\/uploads\/2021\/06\/VANDAAG-Primus-Automatic-crown-min.jpg 1000w\" sizes=\"(max-width: 280px) 100vw, 280px\" \/><\/a>\n\t\t\t\t\t<a href='https:\/\/watch-bandit.com\/wp-content\/uploads\/2021\/06\/VANDAAG-Primus-Automatic-watch-and-strap-min.jpg'><img loading=\"lazy\" decoding=\"async\" width=\"280\" height=\"280\" src=\"https:\/\/watch-bandit.com\/wp-content\/uploads\/2021\/06\/VANDAAG-Primus-Automatic-watch-and-strap-min-280x280.jpg\" class=\"attachment-thumbnail size-thumbnail\" alt=\"VANDAAG Primus Automatic watch and strap\" srcset=\"https:\/\/watch-bandit.com\/wp-content\/uploads\/2021\/06\/VANDAAG-Primus-Automatic-watch-and-strap-min-280x280.jpg 280w, https:\/\/watch-bandit.com\/wp-content\/uploads\/2021\/06\/VANDAAG-Primus-Automatic-watch-and-strap-min-768x768.jpg 768w, https:\/\/watch-bandit.com\/wp-content\/uploads\/2021\/06\/VANDAAG-Primus-Automatic-watch-and-strap-min-45x45.jpg 45w, https:\/\/watch-bandit.com\/wp-content\/uploads\/2021\/06\/VANDAAG-Primus-Automatic-watch-and-strap-min-100x100.jpg 100w, https:\/\/watch-bandit.com\/wp-content\/uploads\/2021\/06\/VANDAAG-Primus-Automatic-watch-and-strap-min-32x32.jpg 32w, https:\/\/watch-bandit.com\/wp-content\/uploads\/2021\/06\/VANDAAG-Primus-Automatic-watch-and-strap-min.jpg 1000w\" sizes=\"(max-width: 280px) 100vw, 280px\" \/><\/a>\t\t\t<script type=\"text\/javascript\">\n\t\t\t\tjQuery( document ).ready(function() {\n\t\t\t\t\tjQuery(\"#gallery-1\").justifiedGallery({\n\t\t\t\t\t\trowHeight: 250,\n\t\t\t\t\t\tmaxRowHeight: 280,\n\t\t\t\t\t\tmargins: 1,\n                        cssAnimation: true,\n\t\t\t\t\t});\n\t\t\t\t});\n\t\t\t<\/script>\n\t\t\n\t\t\t<\/div>\n\n<p>Mit ihrem Retro-Look, dem 40mm Edelstahlgeh\u00e4use, dem soften Lederband, dem fein gew\u00f6lbten Zifferblatt und den klaren arabischen Zahlen ist die Primus eine Uhren-Sch\u00f6nheit ohne Alter.<\/p>\n<\/div>\n<\/div>\n<\/div>\n<\/div>\n<\/div>\n<\/div>\n<\/div>\n<div class=\"cms-section pos-1 cms-section-default\">\n<div class=\"cms-section-default boxed\">\n<div class=\"cms-block pos-0 cms-block-product-listing\">\n<div class=\"cms-block-container\">\n<div class=\"cms-block-container-row row cms-row \">\n<div class=\"col-12\" data-cms-element-id=\"ac67c127a6d048a495736c376dec187f\">\n<div class=\"cms-element-product-listing-wrapper\" data-listing-pagination=\"true\" data-listing-pagination-options=\"{&quot;page&quot;:1}\" data-listing=\"true\" data-listing-options=\"{&quot;sidebar&quot;:false,&quot;params&quot;:{&quot;slots&quot;:&quot;ac67c127a6d048a495736c376dec187f&quot;,&quot;no-aggregations&quot;:1},&quot;dataUrl&quot;:&quot;https:\/\/www.vandaag.de\/en\/widgets\/cms\/navigation\/24db5147bd4a413ca8d6c5915cd4189d&quot;,&quot;filterUrl&quot;:&quot;https:\/\/www.vandaag.de\/en\/widgets\/cms\/navigation\/24db5147bd4a413ca8d6c5915cd4189d\/filter&quot;,&quot;disableEmptyFilter&quot;:false,&quot;snippets&quot;:{&quot;resetAllButtonText&quot;:&quot;Reset all&quot;}}\">\n<div class=\"cms-element-product-listing\">\n<div class=\"row cms-listing-row js-listing-wrapper\">\n<div class=\"cms-listing-col col-sm-6 col-lg-4 col-xl-3\">\n<div class=\"card product-box box-standard\">\n<div class=\"card-body\">\n<div class=\"product-badges\">\n<h4>Harmonie und Eleganz<\/h4>\n<p>Die Klarheit des Zifferblattes zeichnet sich durch seine zw\u00f6lf arabischen Ziffern und eleganten Kugelindexe auf einer leicht gl\u00e4nzenden keramischen Oberfl\u00e4che aus. Der leichten Blattw\u00f6lbung zu den Au\u00dfenseiten schlie\u00dfen sich auch die feinen Minuten- und Sekundenzeiger an. Die Datumsscheibe folgt der Blattfarbe, um eine besondere Harmonie zu erzeugen.<\/p>\n<h4>Made in Germany<\/h4>\n<p>Unsere Uhren werden in Oldenburg entworfen und mit h\u00f6chsten Anspr\u00fcchen an die Qualit\u00e4t in Deutschland gefertigt. Die komplette Montage und die finale Qualit\u00e4tskontrolle finden hierzulande statt. Weil wir von der Qualit\u00e4t unserer Uhren \u00fcberzeugt sind gew\u00e4hren wir auch 3 Jahre Garantie. Freude an einer sch\u00f6nen Uhr haben sie sicher noch viel l\u00e4nger.<\/p>\n<h4 class=\"product-detail-feature-title\">Das Zifferblatt<\/h4>\n<ul>\n<li>Gl\u00e4nzend keramisches Zifferblatt, zu den Seiten herunter gew\u00f6lbt<\/li>\n<li>Die fein gebogenen Zeiger verfolgen die leichte Blattw\u00f6lbung<\/li>\n<li>Mehrfach gedruckte arabische Zahlen und Indexe erm\u00f6glichen eine gute Ablesbarkeit<\/li>\n<li>Datumsscheibe entsprechend der Zifferblattfarbe<\/li>\n<\/ul>\n<h4 class=\"product-detail-feature-title\">Das Geh\u00e4use<\/h4>\n<ul>\n<li>Handgearbeitete Polierung<\/li>\n<li>Manuell geschliffene, exakte Kanten<\/li>\n<li>316L Chirurgen-Edelstahl<\/li>\n<li>5 Bar Wasserdichtigkeit<\/li>\n<\/ul>\n<\/div>\n<div class=\"product-image-wrapper\">\n<h4 class=\"product-detail-feature-title\">Werk &amp; Geh\u00e4useboden<\/h4>\n<ul>\n<li>Automatik-Kaliber Miyota 821A<\/li>\n<li>Saphirglasboden<\/li>\n<li>Limitierung auf 999 St\u00fcck (Individuelle Seriennummer)<\/li>\n<li>Tief ge\u00e4tzte Informationen<\/li>\n<li>Push &amp; Pull Krone (2-fache Dichtung)<\/li>\n<\/ul>\n<h4 class=\"product-detail-feature-title\">Das Lederband<\/h4>\n<ul>\n<li>Hochwertiges deutsches Leder<\/li>\n<li>Offenporiges Rindsleder mit nat\u00fcrlich feinem Glanz<\/li>\n<li>Schnellwechselstege f\u00fcr den schnellen Bandwechsel zuhause<\/li>\n<li>Massive Dornschlie\u00dfe<\/li>\n<li>20.0mm Bandbreite<\/li>\n<\/ul>\n<h4 class=\"product-detail-feature-title\">Die Box<\/h4>\n<p>Liebst du es auch, wenn du etwas auspacken kannst, auf das du dich gefreut hast? Wir tun es. Wir haben uns daher f\u00fcr eine wie wir finden sehr sch\u00f6ne h\u00f6lzerne Box entschieden. Wenn du den Klick-Mechanismus ge\u00f6ffnet hast, blickt deine neue Uhr dich auf grauem Samt gebettet an.<\/p>\n<\/div>\n<\/div>\n<\/div>\n<\/div>\n<\/div>\n<\/div>\n<\/div>\n<\/div>\n<\/div>\n<\/div>\n<\/div>\n<\/div>\n<\/div>\n","protected":false},"excerpt":{"rendered":"<p>Mit ihrem Retro-Look, dem 40mm Edelstahlgeh\u00e4use, dem weichen Lederband, dem fein gew\u00f6lbten Zifferblatt und den klaren arabischen Ziffern ist die Primus eine zeitlose Uhren-Sch\u00f6nheit.<\/p>\n<ul>\n<li><em>Limitierung auf 999 St\u00fcck (Individuelle Seriennummer)<\/em><\/li>\n<\/ul>\n<p><strong>Uhrwerk:<\/strong> Japanisches Miyota 821A Automatik-Uhrwerk<br \/>\n<strong>Geh\u00e4use:<\/strong> 316L Edelstahl mit 40 mm Durchmesser<br \/>\n<strong>Wasserdichtigkeit:<\/strong> 5 ATM \/ 50 Meter<br \/>\n<strong>Armband:<\/strong> Echtlederarmband hergestellt in Deutschland<\/p>\n","protected":false},"featured_media":349713,"comment_status":"open","ping_status":"closed","template":"","meta":[],"product_cat":[37,3860],"product_tag":[],"yoast_head":"<!-- This site is optimized with the Yoast SEO plugin v21.9 - https:\/\/yoast.com\/wordpress\/plugins\/seo\/ -->\n<title>Vandaag - Primus Automatik - Stahl-Gr\u00fcn - Gr\u00fcnes Lederarmband - WATCHBANDIT<\/title>\n<meta name=\"description\" content=\"Vandaag Uhren bei WatchBandit kaufen \u2713 Made in Germany \ud83c\udde9\ud83c\uddea Autorisierter H\u00e4ndler \u2713 Trusted Shops \u2713 kostenlose &amp; schnelle Lieferung \u2713 Berlin est. 2014 \u2713\" \/>\n<meta name=\"robots\" content=\"noindex, follow, max-snippet:-1, max-image-preview:large, max-video-preview:-1\" \/>\n<meta property=\"og:locale\" content=\"de_DE\" \/>\n<meta property=\"og:type\" content=\"article\" \/>\n<meta property=\"og:title\" content=\"Vandaag - Primus Automatik - Stahl-Gr\u00fcn - Gr\u00fcnes Lederarmband - WATCHBANDIT\" \/>\n<meta property=\"og:description\" content=\"Vandaag Uhren bei WatchBandit kaufen \u2713 Made in Germany \ud83c\udde9\ud83c\uddea Autorisierter H\u00e4ndler \u2713 Trusted Shops \u2713 kostenlose &amp; schnelle Lieferung \u2713 Berlin est. 2014 \u2713\" \/>\n<meta property=\"og:url\" content=\"https:\/\/watch-bandit.com\/de\/produkt\/vandaag-primus-automatik-stahl-gruen-gruenes-lederarmband\/\" \/>\n<meta property=\"og:site_name\" content=\"WATCHBANDIT\" \/>\n<meta property=\"article:modified_time\" content=\"2025-02-08T15:18:53+00:00\" \/>\n<meta property=\"og:image\" content=\"https:\/\/watch-bandit.com\/wp-content\/uploads\/2025\/02\/vandaag-primus-automatik-steel-green-green-leather-strap.webp\" \/>\n\t<meta property=\"og:image:width\" content=\"1944\" \/>\n\t<meta property=\"og:image:height\" content=\"2361\" \/>\n\t<meta property=\"og:image:type\" content=\"image\/webp\" \/>\n<meta name=\"twitter:label1\" content=\"Gesch\u00e4tzte Lesezeit\" \/>\n\t<meta name=\"twitter:data1\" content=\"2 Minuten\" \/>\n<script type=\"application\/ld+json\" class=\"yoast-schema-graph\">{\"@context\":\"https:\/\/schema.org\",\"@graph\":[{\"@type\":\"WebPage\",\"@id\":\"https:\/\/watch-bandit.com\/de\/produkt\/vandaag-primus-automatik-stahl-gruen-gruenes-lederarmband\/\",\"url\":\"https:\/\/watch-bandit.com\/de\/produkt\/vandaag-primus-automatik-stahl-gruen-gruenes-lederarmband\/\",\"name\":\"Vandaag - Primus Automatik - Stahl-Gr\u00fcn - Gr\u00fcnes Lederarmband - WATCHBANDIT\",\"isPartOf\":{\"@id\":\"https:\/\/watch-bandit.com\/#website\"},\"datePublished\":\"2025-02-05T12:26:25+00:00\",\"dateModified\":\"2025-02-08T15:18:53+00:00\",\"description\":\"Vandaag Uhren bei WatchBandit kaufen \u2713 Made in Germany \ud83c\udde9\ud83c\uddea Autorisierter H\u00e4ndler \u2713 Trusted Shops \u2713 kostenlose & schnelle Lieferung \u2713 Berlin est. 2014 \u2713\",\"breadcrumb\":{\"@id\":\"https:\/\/watch-bandit.com\/de\/produkt\/vandaag-primus-automatik-stahl-gruen-gruenes-lederarmband\/#breadcrumb\"},\"inLanguage\":\"de-DE\",\"potentialAction\":[{\"@type\":\"ReadAction\",\"target\":[\"https:\/\/watch-bandit.com\/de\/produkt\/vandaag-primus-automatik-stahl-gruen-gruenes-lederarmband\/\"]}]},{\"@type\":\"BreadcrumbList\",\"@id\":\"https:\/\/watch-bandit.com\/de\/produkt\/vandaag-primus-automatik-stahl-gruen-gruenes-lederarmband\/#breadcrumb\",\"itemListElement\":[{\"@type\":\"ListItem\",\"position\":1,\"name\":\"Home\",\"item\":\"https:\/\/watchbandit.de\/\"},{\"@type\":\"ListItem\",\"position\":2,\"name\":\"Shop\",\"item\":\"https:\/\/watchbandit.de\/shop\/\"},{\"@type\":\"ListItem\",\"position\":3,\"name\":\"Watches\",\"item\":\"https:\/\/watch-bandit.com\/products\/watches\/\"},{\"@type\":\"ListItem\",\"position\":4,\"name\":\"Vandaag &#8211; Primus Automatik &#8211; Stahl-Gr\u00fcn &#8211; Gr\u00fcnes Lederarmband\"}]},{\"@type\":\"WebSite\",\"@id\":\"https:\/\/watch-bandit.com\/#website\",\"url\":\"https:\/\/watch-bandit.com\/\",\"name\":\"WATCHBANDIT\",\"description\":\"Contemporary Wrist Accessories\",\"publisher\":{\"@id\":\"https:\/\/watch-bandit.com\/#organization\"},\"potentialAction\":[{\"@type\":\"SearchAction\",\"target\":{\"@type\":\"EntryPoint\",\"urlTemplate\":\"https:\/\/watch-bandit.com\/?s={search_term_string}\"},\"query-input\":\"required name=search_term_string\"}],\"inLanguage\":\"de-DE\"},{\"@type\":\"Organization\",\"@id\":\"https:\/\/watch-bandit.com\/#organization\",\"name\":\"WatchBandit\",\"url\":\"https:\/\/watch-bandit.com\/\",\"logo\":{\"@type\":\"ImageObject\",\"inLanguage\":\"de-DE\",\"@id\":\"https:\/\/watch-bandit.com\/#\/schema\/logo\/image\/\",\"url\":\"https:\/\/watchbandit.de\/wp-content\/uploads\/2017\/11\/WB_Logo_557x124.png\",\"contentUrl\":\"https:\/\/watchbandit.de\/wp-content\/uploads\/2017\/11\/WB_Logo_557x124.png\",\"width\":557,\"height\":124,\"caption\":\"WatchBandit\"},\"image\":{\"@id\":\"https:\/\/watch-bandit.com\/#\/schema\/logo\/image\/\"}}]}<\/script>\n<!-- \/ Yoast SEO plugin. -->","yoast_head_json":{"title":"Vandaag - Primus Automatik - Stahl-Gr\u00fcn - Gr\u00fcnes Lederarmband - WATCHBANDIT","description":"Vandaag Uhren bei WatchBandit kaufen \u2713 Made in Germany \ud83c\udde9\ud83c\uddea Autorisierter H\u00e4ndler \u2713 Trusted Shops \u2713 kostenlose & schnelle Lieferung \u2713 Berlin est. 2014 \u2713","robots":{"index":"noindex","follow":"follow","max-snippet":"max-snippet:-1","max-image-preview":"max-image-preview:large","max-video-preview":"max-video-preview:-1"},"og_locale":"de_DE","og_type":"article","og_title":"Vandaag - Primus Automatik - Stahl-Gr\u00fcn - Gr\u00fcnes Lederarmband - WATCHBANDIT","og_description":"Vandaag Uhren bei WatchBandit kaufen \u2713 Made in Germany \ud83c\udde9\ud83c\uddea Autorisierter H\u00e4ndler \u2713 Trusted Shops \u2713 kostenlose & schnelle Lieferung \u2713 Berlin est. 2014 \u2713","og_url":"https:\/\/watch-bandit.com\/de\/produkt\/vandaag-primus-automatik-stahl-gruen-gruenes-lederarmband\/","og_site_name":"WATCHBANDIT","article_modified_time":"2025-02-08T15:18:53+00:00","og_image":[{"width":1944,"height":2361,"url":"https:\/\/watch-bandit.com\/wp-content\/uploads\/2025\/02\/vandaag-primus-automatik-steel-green-green-leather-strap.webp","type":"image\/webp"}],"twitter_misc":{"Gesch\u00e4tzte Lesezeit":"2 Minuten"},"schema":{"@context":"https:\/\/schema.org","@graph":[{"@type":"WebPage","@id":"https:\/\/watch-bandit.com\/de\/produkt\/vandaag-primus-automatik-stahl-gruen-gruenes-lederarmband\/","url":"https:\/\/watch-bandit.com\/de\/produkt\/vandaag-primus-automatik-stahl-gruen-gruenes-lederarmband\/","name":"Vandaag - Primus Automatik - Stahl-Gr\u00fcn - Gr\u00fcnes Lederarmband - WATCHBANDIT","isPartOf":{"@id":"https:\/\/watch-bandit.com\/#website"},"datePublished":"2025-02-05T12:26:25+00:00","dateModified":"2025-02-08T15:18:53+00:00","description":"Vandaag Uhren bei WatchBandit kaufen \u2713 Made in Germany \ud83c\udde9\ud83c\uddea Autorisierter H\u00e4ndler \u2713 Trusted Shops \u2713 kostenlose & schnelle Lieferung \u2713 Berlin est. 2014 \u2713","breadcrumb":{"@id":"https:\/\/watch-bandit.com\/de\/produkt\/vandaag-primus-automatik-stahl-gruen-gruenes-lederarmband\/#breadcrumb"},"inLanguage":"de-DE","potentialAction":[{"@type":"ReadAction","target":["https:\/\/watch-bandit.com\/de\/produkt\/vandaag-primus-automatik-stahl-gruen-gruenes-lederarmband\/"]}]},{"@type":"BreadcrumbList","@id":"https:\/\/watch-bandit.com\/de\/produkt\/vandaag-primus-automatik-stahl-gruen-gruenes-lederarmband\/#breadcrumb","itemListElement":[{"@type":"ListItem","position":1,"name":"Home","item":"https:\/\/watchbandit.de\/"},{"@type":"ListItem","position":2,"name":"Shop","item":"https:\/\/watchbandit.de\/shop\/"},{"@type":"ListItem","position":3,"name":"Watches","item":"https:\/\/watch-bandit.com\/products\/watches\/"},{"@type":"ListItem","position":4,"name":"Vandaag &#8211; Primus Automatik &#8211; Stahl-Gr\u00fcn &#8211; Gr\u00fcnes Lederarmband"}]},{"@type":"WebSite","@id":"https:\/\/watch-bandit.com\/#website","url":"https:\/\/watch-bandit.com\/","name":"WATCHBANDIT","description":"Contemporary Wrist Accessories","publisher":{"@id":"https:\/\/watch-bandit.com\/#organization"},"potentialAction":[{"@type":"SearchAction","target":{"@type":"EntryPoint","urlTemplate":"https:\/\/watch-bandit.com\/?s={search_term_string}"},"query-input":"required name=search_term_string"}],"inLanguage":"de-DE"},{"@type":"Organization","@id":"https:\/\/watch-bandit.com\/#organization","name":"WatchBandit","url":"https:\/\/watch-bandit.com\/","logo":{"@type":"ImageObject","inLanguage":"de-DE","@id":"https:\/\/watch-bandit.com\/#\/schema\/logo\/image\/","url":"https:\/\/watchbandit.de\/wp-content\/uploads\/2017\/11\/WB_Logo_557x124.png","contentUrl":"https:\/\/watchbandit.de\/wp-content\/uploads\/2017\/11\/WB_Logo_557x124.png","width":557,"height":124,"caption":"WatchBandit"},"image":{"@id":"https:\/\/watch-bandit.com\/#\/schema\/logo\/image\/"}}]}},"_links":{"self":[{"href":"https:\/\/watch-bandit.com\/de\/wp-json\/wp\/v2\/product\/349631"}],"collection":[{"href":"https:\/\/watch-bandit.com\/de\/wp-json\/wp\/v2\/product"}],"about":[{"href":"https:\/\/watch-bandit.com\/de\/wp-json\/wp\/v2\/types\/product"}],"replies":[{"embeddable":true,"href":"https:\/\/watch-bandit.com\/de\/wp-json\/wp\/v2\/comments?post=349631"}],"wp:featuredmedia":[{"embeddable":true,"href":"https:\/\/watch-bandit.com\/de\/wp-json\/wp\/v2\/media\/349713"}],"wp:attachment":[{"href":"https:\/\/watch-bandit.com\/de\/wp-json\/wp\/v2\/media?parent=349631"}],"wp:term":[{"taxonomy":"product_cat","embeddable":true,"href":"https:\/\/watch-bandit.com\/de\/wp-json\/wp\/v2\/product_cat?post=349631"},{"taxonomy":"product_tag","embeddable":true,"href":"https:\/\/watch-bandit.com\/de\/wp-json\/wp\/v2\/product_tag?post=349631"}],"curies":[{"name":"wp","href":"https:\/\/api.w.org\/{rel}","templated":true}]}}