{"id":349823,"date":"2025-02-12T14:38:49","date_gmt":"2025-02-12T13:38:50","guid":{"rendered":"https:\/\/watchbandit.com\/?post_type=product&#038;p=349823"},"modified":"2025-02-13T13:32:44","modified_gmt":"2025-02-13T12:32:44","slug":"second-hour-the-mandala-mk3-midnight-black","status":"publish","type":"product","link":"https:\/\/watch-bandit.com\/de\/produkt\/second-hour-the-mandala-mk3-midnight-black\/","title":{"rendered":"Second Hour &#8211; The Mandala Mk3 &#8211; Midnight Black"},"content":{"rendered":"","protected":false},"excerpt":{"rendered":"<p>Die <b>Second Hour Mandala MkIII<\/b> vereint faszinierendes Design mit moderner Handwerkskunst. Ihr atemberaubendes Guilloch\u00e9-Zifferblatt strahlt Eleganz aus, w\u00e4hrend das geh\u00e4rtete 316L-Edelstahlgeh\u00e4use und -Armband mit einer beeindruckenden Kratzfestigkeit von 800 HV f\u00fcr Langlebigkeit sorgen. Die Mandala passt sich m\u00fchelos jedem Anlass an \u2013 von sportlichen Aktivit\u00e4ten bis hin zu eleganten Abendveranstaltungen. Das fein abgestimmte 7-Glieder-Armband bietet h\u00f6chsten Tragekomfort, und Schweizer Super-LumiNova BGW9 sorgt f\u00fcr optimale Ablesbarkeit bei Dunkelheit. Egal ob klassisches Schwarz oder lebhaftes Hellblau \u2013 die Mandala MkIII zieht alle Blicke auf sich.<\/p>\n<p><strong>Uhrwerk:<\/strong> Japanisches Miyota 9015 Hochschlag-Automatikwerk mit 24 Steinen<br \/>\n<strong>Geh\u00e4use:<\/strong> 316L Edelstahl mit 800 Vickers Oberfl\u00e4chenh\u00e4rtung, 40 mm Durchmesser, 10,5 mm Dicke, flaches Saphirglas mit Antireflexbeschichtung<br \/>\n<strong>Wasserdichtigkeit:<\/strong> 10 ATM \/ 100 Meter \/ 330 Fu\u00df<br \/>\n<strong>Armband:<\/strong> Ma\u00dfgeschneidertes 9-gliedriges Armband mit soliden Endgliedern und Schraubstiftarmband<\/p>\n","protected":false},"featured_media":349857,"comment_status":"open","ping_status":"closed","template":"","meta":[],"product_cat":[4256,37],"product_tag":[],"yoast_head":"<!-- This site is optimized with the Yoast SEO plugin v21.9 - https:\/\/yoast.com\/wordpress\/plugins\/seo\/ -->\n<title>Second Hour - The Mandala Mk3 - Midnight Black - WATCHBANDIT<\/title>\n<meta name=\"description\" content=\"Second Hour Watches bei WatchBandit kaufen\u2714\ufe0fAutorisierter H\u00e4ndler\u2714\ufe0fMechanisch\u2714\ufe0fkostenlose &amp; schnelle Lieferung\u2714\ufe0fTrusted Shops\u2714\ufe0f\" \/>\n<meta name=\"robots\" content=\"noindex, follow, max-snippet:-1, max-image-preview:large, max-video-preview:-1\" \/>\n<meta property=\"og:locale\" content=\"de_DE\" \/>\n<meta property=\"og:type\" content=\"article\" \/>\n<meta property=\"og:title\" content=\"Second Hour - The Mandala Mk3 - Midnight Black - WATCHBANDIT\" \/>\n<meta property=\"og:description\" content=\"Second Hour Watches bei WatchBandit kaufen\u2714\ufe0fAutorisierter H\u00e4ndler\u2714\ufe0fMechanisch\u2714\ufe0fkostenlose &amp; schnelle Lieferung\u2714\ufe0fTrusted Shops\u2714\ufe0f\" \/>\n<meta property=\"og:url\" content=\"https:\/\/watch-bandit.com\/de\/produkt\/second-hour-the-mandala-mk3-midnight-black\/\" \/>\n<meta property=\"og:site_name\" content=\"WATCHBANDIT\" \/>\n<meta property=\"article:modified_time\" content=\"2025-02-13T12:32:44+00:00\" \/>\n<meta property=\"og:image\" content=\"https:\/\/watch-bandit.com\/wp-content\/uploads\/2025\/02\/Second-Hour-The-Mandala-Mk3-black-dial-front-scaled.webp\" \/>\n\t<meta property=\"og:image:width\" content=\"2560\" \/>\n\t<meta property=\"og:image:height\" content=\"2560\" \/>\n\t<meta property=\"og:image:type\" content=\"image\/webp\" \/>\n<meta name=\"twitter:label1\" content=\"Gesch\u00e4tzte Lesezeit\" \/>\n\t<meta name=\"twitter:data1\" content=\"1 Minute\" \/>\n<script type=\"application\/ld+json\" class=\"yoast-schema-graph\">{\"@context\":\"https:\/\/schema.org\",\"@graph\":[{\"@type\":\"WebPage\",\"@id\":\"https:\/\/watch-bandit.com\/de\/produkt\/second-hour-the-mandala-mk3-midnight-black\/\",\"url\":\"https:\/\/watch-bandit.com\/de\/produkt\/second-hour-the-mandala-mk3-midnight-black\/\",\"name\":\"Second Hour - The Mandala Mk3 - Midnight Black - WATCHBANDIT\",\"isPartOf\":{\"@id\":\"https:\/\/watch-bandit.com\/#website\"},\"datePublished\":\"2025-02-12T13:38:50+00:00\",\"dateModified\":\"2025-02-13T12:32:44+00:00\",\"description\":\"Second Hour Watches bei WatchBandit kaufen\u2714\ufe0fAutorisierter H\u00e4ndler\u2714\ufe0fMechanisch\u2714\ufe0fkostenlose & schnelle Lieferung\u2714\ufe0fTrusted Shops\u2714\ufe0f\",\"breadcrumb\":{\"@id\":\"https:\/\/watch-bandit.com\/de\/produkt\/second-hour-the-mandala-mk3-midnight-black\/#breadcrumb\"},\"inLanguage\":\"de-DE\",\"potentialAction\":[{\"@type\":\"ReadAction\",\"target\":[\"https:\/\/watch-bandit.com\/de\/produkt\/second-hour-the-mandala-mk3-midnight-black\/\"]}]},{\"@type\":\"BreadcrumbList\",\"@id\":\"https:\/\/watch-bandit.com\/de\/produkt\/second-hour-the-mandala-mk3-midnight-black\/#breadcrumb\",\"itemListElement\":[{\"@type\":\"ListItem\",\"position\":1,\"name\":\"Home\",\"item\":\"https:\/\/watchbandit.de\/\"},{\"@type\":\"ListItem\",\"position\":2,\"name\":\"Shop\",\"item\":\"https:\/\/watchbandit.de\/shop\/\"},{\"@type\":\"ListItem\",\"position\":3,\"name\":\"Watches\",\"item\":\"https:\/\/watch-bandit.com\/products\/watches\/\"},{\"@type\":\"ListItem\",\"position\":4,\"name\":\"Second Hour\",\"item\":\"https:\/\/watch-bandit.com\/products\/watches\/second-hour\/\"},{\"@type\":\"ListItem\",\"position\":5,\"name\":\"Second Hour &#8211; The Mandala Mk3 &#8211; Midnight Black\"}]},{\"@type\":\"WebSite\",\"@id\":\"https:\/\/watch-bandit.com\/#website\",\"url\":\"https:\/\/watch-bandit.com\/\",\"name\":\"WATCHBANDIT\",\"description\":\"Contemporary Wrist Accessories\",\"publisher\":{\"@id\":\"https:\/\/watch-bandit.com\/#organization\"},\"potentialAction\":[{\"@type\":\"SearchAction\",\"target\":{\"@type\":\"EntryPoint\",\"urlTemplate\":\"https:\/\/watch-bandit.com\/?s={search_term_string}\"},\"query-input\":\"required name=search_term_string\"}],\"inLanguage\":\"de-DE\"},{\"@type\":\"Organization\",\"@id\":\"https:\/\/watch-bandit.com\/#organization\",\"name\":\"WatchBandit\",\"url\":\"https:\/\/watch-bandit.com\/\",\"logo\":{\"@type\":\"ImageObject\",\"inLanguage\":\"de-DE\",\"@id\":\"https:\/\/watch-bandit.com\/#\/schema\/logo\/image\/\",\"url\":\"https:\/\/watchbandit.de\/wp-content\/uploads\/2017\/11\/WB_Logo_557x124.png\",\"contentUrl\":\"https:\/\/watchbandit.de\/wp-content\/uploads\/2017\/11\/WB_Logo_557x124.png\",\"width\":557,\"height\":124,\"caption\":\"WatchBandit\"},\"image\":{\"@id\":\"https:\/\/watch-bandit.com\/#\/schema\/logo\/image\/\"}}]}<\/script>\n<!-- \/ Yoast SEO plugin. -->","yoast_head_json":{"title":"Second Hour - The Mandala Mk3 - Midnight Black - WATCHBANDIT","description":"Second Hour Watches bei WatchBandit kaufen\u2714\ufe0fAutorisierter H\u00e4ndler\u2714\ufe0fMechanisch\u2714\ufe0fkostenlose & schnelle Lieferung\u2714\ufe0fTrusted Shops\u2714\ufe0f","robots":{"index":"noindex","follow":"follow","max-snippet":"max-snippet:-1","max-image-preview":"max-image-preview:large","max-video-preview":"max-video-preview:-1"},"og_locale":"de_DE","og_type":"article","og_title":"Second Hour - The Mandala Mk3 - Midnight Black - WATCHBANDIT","og_description":"Second Hour Watches bei WatchBandit kaufen\u2714\ufe0fAutorisierter H\u00e4ndler\u2714\ufe0fMechanisch\u2714\ufe0fkostenlose & schnelle Lieferung\u2714\ufe0fTrusted Shops\u2714\ufe0f","og_url":"https:\/\/watch-bandit.com\/de\/produkt\/second-hour-the-mandala-mk3-midnight-black\/","og_site_name":"WATCHBANDIT","article_modified_time":"2025-02-13T12:32:44+00:00","og_image":[{"width":2560,"height":2560,"url":"https:\/\/watch-bandit.com\/wp-content\/uploads\/2025\/02\/Second-Hour-The-Mandala-Mk3-black-dial-front-scaled.webp","type":"image\/webp"}],"twitter_misc":{"Gesch\u00e4tzte Lesezeit":"1 Minute"},"schema":{"@context":"https:\/\/schema.org","@graph":[{"@type":"WebPage","@id":"https:\/\/watch-bandit.com\/de\/produkt\/second-hour-the-mandala-mk3-midnight-black\/","url":"https:\/\/watch-bandit.com\/de\/produkt\/second-hour-the-mandala-mk3-midnight-black\/","name":"Second Hour - The Mandala Mk3 - Midnight Black - WATCHBANDIT","isPartOf":{"@id":"https:\/\/watch-bandit.com\/#website"},"datePublished":"2025-02-12T13:38:50+00:00","dateModified":"2025-02-13T12:32:44+00:00","description":"Second Hour Watches bei WatchBandit kaufen\u2714\ufe0fAutorisierter H\u00e4ndler\u2714\ufe0fMechanisch\u2714\ufe0fkostenlose & schnelle Lieferung\u2714\ufe0fTrusted Shops\u2714\ufe0f","breadcrumb":{"@id":"https:\/\/watch-bandit.com\/de\/produkt\/second-hour-the-mandala-mk3-midnight-black\/#breadcrumb"},"inLanguage":"de-DE","potentialAction":[{"@type":"ReadAction","target":["https:\/\/watch-bandit.com\/de\/produkt\/second-hour-the-mandala-mk3-midnight-black\/"]}]},{"@type":"BreadcrumbList","@id":"https:\/\/watch-bandit.com\/de\/produkt\/second-hour-the-mandala-mk3-midnight-black\/#breadcrumb","itemListElement":[{"@type":"ListItem","position":1,"name":"Home","item":"https:\/\/watchbandit.de\/"},{"@type":"ListItem","position":2,"name":"Shop","item":"https:\/\/watchbandit.de\/shop\/"},{"@type":"ListItem","position":3,"name":"Watches","item":"https:\/\/watch-bandit.com\/products\/watches\/"},{"@type":"ListItem","position":4,"name":"Second Hour","item":"https:\/\/watch-bandit.com\/products\/watches\/second-hour\/"},{"@type":"ListItem","position":5,"name":"Second Hour &#8211; The Mandala Mk3 &#8211; Midnight Black"}]},{"@type":"WebSite","@id":"https:\/\/watch-bandit.com\/#website","url":"https:\/\/watch-bandit.com\/","name":"WATCHBANDIT","description":"Contemporary Wrist Accessories","publisher":{"@id":"https:\/\/watch-bandit.com\/#organization"},"potentialAction":[{"@type":"SearchAction","target":{"@type":"EntryPoint","urlTemplate":"https:\/\/watch-bandit.com\/?s={search_term_string}"},"query-input":"required name=search_term_string"}],"inLanguage":"de-DE"},{"@type":"Organization","@id":"https:\/\/watch-bandit.com\/#organization","name":"WatchBandit","url":"https:\/\/watch-bandit.com\/","logo":{"@type":"ImageObject","inLanguage":"de-DE","@id":"https:\/\/watch-bandit.com\/#\/schema\/logo\/image\/","url":"https:\/\/watchbandit.de\/wp-content\/uploads\/2017\/11\/WB_Logo_557x124.png","contentUrl":"https:\/\/watchbandit.de\/wp-content\/uploads\/2017\/11\/WB_Logo_557x124.png","width":557,"height":124,"caption":"WatchBandit"},"image":{"@id":"https:\/\/watch-bandit.com\/#\/schema\/logo\/image\/"}}]}},"_links":{"self":[{"href":"https:\/\/watch-bandit.com\/de\/wp-json\/wp\/v2\/product\/349823"}],"collection":[{"href":"https:\/\/watch-bandit.com\/de\/wp-json\/wp\/v2\/product"}],"about":[{"href":"https:\/\/watch-bandit.com\/de\/wp-json\/wp\/v2\/types\/product"}],"replies":[{"embeddable":true,"href":"https:\/\/watch-bandit.com\/de\/wp-json\/wp\/v2\/comments?post=349823"}],"wp:featuredmedia":[{"embeddable":true,"href":"https:\/\/watch-bandit.com\/de\/wp-json\/wp\/v2\/media\/349857"}],"wp:attachment":[{"href":"https:\/\/watch-bandit.com\/de\/wp-json\/wp\/v2\/media?parent=349823"}],"wp:term":[{"taxonomy":"product_cat","embeddable":true,"href":"https:\/\/watch-bandit.com\/de\/wp-json\/wp\/v2\/product_cat?post=349823"},{"taxonomy":"product_tag","embeddable":true,"href":"https:\/\/watch-bandit.com\/de\/wp-json\/wp\/v2\/product_tag?post=349823"}],"curies":[{"name":"wp","href":"https:\/\/api.w.org\/{rel}","templated":true}]}}