{"id":350027,"date":"2025-02-20T11:43:37","date_gmt":"2025-02-20T10:43:39","guid":{"rendered":"https:\/\/watchbandit.com\/?post_type=product&#038;p=350027"},"modified":"2025-02-24T14:06:03","modified_gmt":"2025-02-24T13:06:03","slug":"mitch-mason-maelstrom-tales-of-the-sea","status":"publish","type":"product","link":"https:\/\/watch-bandit.com\/de\/produkt\/mitch-mason-maelstrom-tales-of-the-sea\/","title":{"rendered":"Mitch Mason &#8211; Maelstrom &#8211; Tales of the Sea"},"content":{"rendered":"<h3>Mitch Manson Uhren<\/h3>\n<p><img loading=\"lazy\" decoding=\"async\" class=\"aligncenter size-full wp-image-290871\" src=\"https:\/\/watchbandit.de\/wp-content\/uploads\/2021\/11\/Mitch-Mason-Maelstrom-collectione-min.jpg\" alt=\"Mitch Mason - Maelstrom - collection\" width=\"984\" height=\"655\" srcset=\"https:\/\/watch-bandit.com\/wp-content\/uploads\/2021\/11\/Mitch-Mason-Maelstrom-collectione-min.jpg 984w, https:\/\/watch-bandit.com\/wp-content\/uploads\/2021\/11\/Mitch-Mason-Maelstrom-collectione-min-280x186.jpg 280w, https:\/\/watch-bandit.com\/wp-content\/uploads\/2021\/11\/Mitch-Mason-Maelstrom-collectione-min-768x511.jpg 768w\" sizes=\"(max-width: 984px) 100vw, 984px\" \/><\/p>\n<p>Mitch Mason wurde 2019 von Benedict Ong gegr\u00fcndet und hat seinen Sitz in Singapur. Sein Ziel ist es, Mitch Mason zu einem Mikromarken-Uhrenunternehmen zu machen, das Vintage-Design mit zeitgem\u00e4\u00dfen Zwecken verbindet und zeitlose und langlebige Zeitmesser an Ihr Handgelenk bringt.<\/p>\n<p><em><strong>Mitch\u00a0(m\u026at\u0283):<\/strong><\/em>\u00a0einer, der schw\u00e4nzt<br \/>\n<em><strong>Mason (\u02c8me\u026as(\u0259)n\/): <\/strong><\/em>ein erfahrener Baumeister<\/p>\n<p>Die Kombination der beiden spiegelt das Brechen der Regeln wider, um gro\u00dfartige Dinge zu bauen. Wir hoffen, den Geist der Regelbrecher der Branche widerzuspiegeln. Nicht nur eine weitere Mikromarke zu sein, sondern eine, die begeistert und kreiert.<\/p>\n<h4>UNSERE MISSION<\/h4>\n<p>Mitch Mason hat es sich zum Ziel gesetzt, zeitlose und langlebige Zeitmesser durch Vintage-inspirierte Designs, die mit zeitgem\u00e4\u00dfen Zwecken aufgefrischt wurden, an Ihr Handgelenk zu bringen.<\/p>\n<h4>UNSERE VISION<\/h4>\n<p>Ein echtes und unabh\u00e4ngiges Mikromarken-Uhrenunternehmen zu werden, das sich der Kreation verschrieben hat.<\/p>\n","protected":false},"excerpt":{"rendered":"<p>Die Maelstrom ist eine robuste und dennoch vielseitige Serie von Taucheruhren, die f\u00fcr den waghalsigen und hartn\u00e4ckigen Menschen entwickelt wurde. Es h\u00e4lt einen robust, stilvoll und bereit, jede Herausforderung anzunehmen. Der Mitch Mason Maelstrom wurde entwickelt und gebaut, um ein tapferer und vielseitiger Begleiter zu sein. Es ist eine zeitgem\u00e4\u00dfe Interpretation von Vintage Super Compressor Taucheruhren.<\/p>\n<p>Mit einer internen drehbaren Taucherl\u00fcnette, die sich unter dem Uhrenglas befindet, verleiht sie der Uhr nicht nur einen dauerhaften Schutz, sondern verleiht der Uhr auch ein Gef\u00fchl von Tiefe und Textur, w\u00e4hrend sie eine beeindruckende Wasserdichtigkeit von 300 m beibeh\u00e4lt. Das Zifferblatt der Maelstrom ist sauber und gut ablesbar. Es beh\u00e4lt das charakteristische Zifferblattprofil von Mitch Mason mit verl\u00e4ngerten Kardinal-Stundenmarkierungen und zwischengelagerten 12-, 3- und 6-Stunden-Ziffern bei. Das Zifferblatt hat einen Sunburst-Effekt, der bei verschiedenen Lichtverh\u00e4ltnissen tanzt.<\/p>\n<p>Das Datumsfenster ist perfekt auf dem Zifferblatt positioniert, mit farblich abgestimmten Datumsr\u00e4dern. Bei einer solchen nahtlosen Integration macht sich die Datumskomplikation nur bei Bedarf bemerkbar. Ein Strudel ist ein Wasserph\u00e4nomen, das die wilde Kraft des Wassers zeigt, das durch gegens\u00e4tzliche Str\u00f6mungen gebildet wird. Abgesehen von seiner m\u00e4chtigen Natur ist es auch ein Augenschmaus.<\/p>\n<p>Der Geh\u00e4useboden der Mitch Mason Maelstrom vermittelt diese Energie und Sch\u00f6nheit durch ein faszinierendes Kunstwerk eines Buckelwals, der einen majest\u00e4tischen Tauchgang macht. Der Maelstrom ist gro\u00dfz\u00fcgig mit einer Schweizer Super-LumiNova\u00ae-Leuchtmasse ausgestattet. Es soll Ihre Taschenlampe im Dunkeln sein, sei es auf Ihrem Nachttisch oder in den Tiefen des Ozeans.<\/p>\n<p><strong>Uhrwerk:<\/strong> Japanisches Miyota 9015 High-Beat-Automatik<br \/>\n<strong>Geh\u00e4use:<\/strong> Edelstahl 316L mit 40 mm Durchmesser<br \/>\n<strong>Wasserdichtigkeit:<\/strong> 30 ATM \/ 300 Meter<br \/>\n<strong>Armband:<\/strong> Edelstahl 316L, mit Quick-Release Schnellverschluss<\/p>\n","protected":false},"featured_media":350132,"comment_status":"open","ping_status":"closed","template":"","meta":[],"product_cat":[4034,37],"product_tag":[],"yoast_head":"<!-- This site is optimized with the Yoast SEO plugin v21.9 - https:\/\/yoast.com\/wordpress\/plugins\/seo\/ -->\n<title>Mitch Mason - Maelstrom - Tales of the Sea - WATCHBANDIT<\/title>\n<meta name=\"description\" content=\"Mitch Mason Uhren bei Watchbandit kaufen \u2705 Japanisches Miyota 9015 high-beat Automatik Uhrwerk \u2705 Kostenlose Lieferung \u2705 Trusted Shops Zertifiziert \u2705\" \/>\n<meta name=\"robots\" content=\"noindex, follow, max-snippet:-1, max-image-preview:large, max-video-preview:-1\" \/>\n<meta property=\"og:locale\" content=\"de_DE\" \/>\n<meta property=\"og:type\" content=\"article\" \/>\n<meta property=\"og:title\" content=\"Mitch Mason - Maelstrom - Tales of the Sea - WATCHBANDIT\" \/>\n<meta property=\"og:description\" content=\"Mitch Mason Uhren bei Watchbandit kaufen \u2705 Japanisches Miyota 9015 high-beat Automatik Uhrwerk \u2705 Kostenlose Lieferung \u2705 Trusted Shops Zertifiziert \u2705\" \/>\n<meta property=\"og:url\" content=\"https:\/\/watch-bandit.com\/de\/produkt\/mitch-mason-maelstrom-tales-of-the-sea\/\" \/>\n<meta property=\"og:site_name\" content=\"WATCHBANDIT\" \/>\n<meta property=\"article:modified_time\" content=\"2025-02-24T13:06:03+00:00\" \/>\n<meta property=\"og:image\" content=\"https:\/\/watch-bandit.com\/wp-content\/uploads\/2025\/02\/mitch-mason-maelstrom-tales-of-the-sea.webp\" \/>\n\t<meta property=\"og:image:width\" content=\"1400\" \/>\n\t<meta property=\"og:image:height\" content=\"1400\" \/>\n\t<meta property=\"og:image:type\" content=\"image\/webp\" \/>\n<meta name=\"twitter:label1\" content=\"Gesch\u00e4tzte Lesezeit\" \/>\n\t<meta name=\"twitter:data1\" content=\"1 Minute\" \/>\n<script type=\"application\/ld+json\" class=\"yoast-schema-graph\">{\"@context\":\"https:\/\/schema.org\",\"@graph\":[{\"@type\":\"WebPage\",\"@id\":\"https:\/\/watch-bandit.com\/de\/produkt\/mitch-mason-maelstrom-tales-of-the-sea\/\",\"url\":\"https:\/\/watch-bandit.com\/de\/produkt\/mitch-mason-maelstrom-tales-of-the-sea\/\",\"name\":\"Mitch Mason - Maelstrom - Tales of the Sea - WATCHBANDIT\",\"isPartOf\":{\"@id\":\"https:\/\/watch-bandit.com\/#website\"},\"datePublished\":\"2025-02-20T10:43:39+00:00\",\"dateModified\":\"2025-02-24T13:06:03+00:00\",\"description\":\"Mitch Mason Uhren bei Watchbandit kaufen \u2705 Japanisches Miyota 9015 high-beat Automatik Uhrwerk \u2705 Kostenlose Lieferung \u2705 Trusted Shops Zertifiziert \u2705\",\"breadcrumb\":{\"@id\":\"https:\/\/watch-bandit.com\/de\/produkt\/mitch-mason-maelstrom-tales-of-the-sea\/#breadcrumb\"},\"inLanguage\":\"de-DE\",\"potentialAction\":[{\"@type\":\"ReadAction\",\"target\":[\"https:\/\/watch-bandit.com\/de\/produkt\/mitch-mason-maelstrom-tales-of-the-sea\/\"]}]},{\"@type\":\"BreadcrumbList\",\"@id\":\"https:\/\/watch-bandit.com\/de\/produkt\/mitch-mason-maelstrom-tales-of-the-sea\/#breadcrumb\",\"itemListElement\":[{\"@type\":\"ListItem\",\"position\":1,\"name\":\"Home\",\"item\":\"https:\/\/watchbandit.de\/\"},{\"@type\":\"ListItem\",\"position\":2,\"name\":\"Shop\",\"item\":\"https:\/\/watchbandit.de\/shop\/\"},{\"@type\":\"ListItem\",\"position\":3,\"name\":\"Watches\",\"item\":\"https:\/\/watch-bandit.com\/products\/watches\/\"},{\"@type\":\"ListItem\",\"position\":4,\"name\":\"Mitch Mason\",\"item\":\"https:\/\/watch-bandit.com\/products\/watches\/mitch-mason\/\"},{\"@type\":\"ListItem\",\"position\":5,\"name\":\"Mitch Mason &#8211; Maelstrom &#8211; Tales of the Sea\"}]},{\"@type\":\"WebSite\",\"@id\":\"https:\/\/watch-bandit.com\/#website\",\"url\":\"https:\/\/watch-bandit.com\/\",\"name\":\"WATCHBANDIT\",\"description\":\"Contemporary Wrist Accessories\",\"publisher\":{\"@id\":\"https:\/\/watch-bandit.com\/#organization\"},\"potentialAction\":[{\"@type\":\"SearchAction\",\"target\":{\"@type\":\"EntryPoint\",\"urlTemplate\":\"https:\/\/watch-bandit.com\/?s={search_term_string}\"},\"query-input\":\"required name=search_term_string\"}],\"inLanguage\":\"de-DE\"},{\"@type\":\"Organization\",\"@id\":\"https:\/\/watch-bandit.com\/#organization\",\"name\":\"WatchBandit\",\"url\":\"https:\/\/watch-bandit.com\/\",\"logo\":{\"@type\":\"ImageObject\",\"inLanguage\":\"de-DE\",\"@id\":\"https:\/\/watch-bandit.com\/#\/schema\/logo\/image\/\",\"url\":\"https:\/\/watchbandit.de\/wp-content\/uploads\/2017\/11\/WB_Logo_557x124.png\",\"contentUrl\":\"https:\/\/watchbandit.de\/wp-content\/uploads\/2017\/11\/WB_Logo_557x124.png\",\"width\":557,\"height\":124,\"caption\":\"WatchBandit\"},\"image\":{\"@id\":\"https:\/\/watch-bandit.com\/#\/schema\/logo\/image\/\"}}]}<\/script>\n<!-- \/ Yoast SEO plugin. -->","yoast_head_json":{"title":"Mitch Mason - Maelstrom - Tales of the Sea - WATCHBANDIT","description":"Mitch Mason Uhren bei Watchbandit kaufen \u2705 Japanisches Miyota 9015 high-beat Automatik Uhrwerk \u2705 Kostenlose Lieferung \u2705 Trusted Shops Zertifiziert \u2705","robots":{"index":"noindex","follow":"follow","max-snippet":"max-snippet:-1","max-image-preview":"max-image-preview:large","max-video-preview":"max-video-preview:-1"},"og_locale":"de_DE","og_type":"article","og_title":"Mitch Mason - Maelstrom - Tales of the Sea - WATCHBANDIT","og_description":"Mitch Mason Uhren bei Watchbandit kaufen \u2705 Japanisches Miyota 9015 high-beat Automatik Uhrwerk \u2705 Kostenlose Lieferung \u2705 Trusted Shops Zertifiziert \u2705","og_url":"https:\/\/watch-bandit.com\/de\/produkt\/mitch-mason-maelstrom-tales-of-the-sea\/","og_site_name":"WATCHBANDIT","article_modified_time":"2025-02-24T13:06:03+00:00","og_image":[{"width":1400,"height":1400,"url":"https:\/\/watch-bandit.com\/wp-content\/uploads\/2025\/02\/mitch-mason-maelstrom-tales-of-the-sea.webp","type":"image\/webp"}],"twitter_misc":{"Gesch\u00e4tzte Lesezeit":"1 Minute"},"schema":{"@context":"https:\/\/schema.org","@graph":[{"@type":"WebPage","@id":"https:\/\/watch-bandit.com\/de\/produkt\/mitch-mason-maelstrom-tales-of-the-sea\/","url":"https:\/\/watch-bandit.com\/de\/produkt\/mitch-mason-maelstrom-tales-of-the-sea\/","name":"Mitch Mason - Maelstrom - Tales of the Sea - WATCHBANDIT","isPartOf":{"@id":"https:\/\/watch-bandit.com\/#website"},"datePublished":"2025-02-20T10:43:39+00:00","dateModified":"2025-02-24T13:06:03+00:00","description":"Mitch Mason Uhren bei Watchbandit kaufen \u2705 Japanisches Miyota 9015 high-beat Automatik Uhrwerk \u2705 Kostenlose Lieferung \u2705 Trusted Shops Zertifiziert \u2705","breadcrumb":{"@id":"https:\/\/watch-bandit.com\/de\/produkt\/mitch-mason-maelstrom-tales-of-the-sea\/#breadcrumb"},"inLanguage":"de-DE","potentialAction":[{"@type":"ReadAction","target":["https:\/\/watch-bandit.com\/de\/produkt\/mitch-mason-maelstrom-tales-of-the-sea\/"]}]},{"@type":"BreadcrumbList","@id":"https:\/\/watch-bandit.com\/de\/produkt\/mitch-mason-maelstrom-tales-of-the-sea\/#breadcrumb","itemListElement":[{"@type":"ListItem","position":1,"name":"Home","item":"https:\/\/watchbandit.de\/"},{"@type":"ListItem","position":2,"name":"Shop","item":"https:\/\/watchbandit.de\/shop\/"},{"@type":"ListItem","position":3,"name":"Watches","item":"https:\/\/watch-bandit.com\/products\/watches\/"},{"@type":"ListItem","position":4,"name":"Mitch Mason","item":"https:\/\/watch-bandit.com\/products\/watches\/mitch-mason\/"},{"@type":"ListItem","position":5,"name":"Mitch Mason &#8211; Maelstrom &#8211; Tales of the Sea"}]},{"@type":"WebSite","@id":"https:\/\/watch-bandit.com\/#website","url":"https:\/\/watch-bandit.com\/","name":"WATCHBANDIT","description":"Contemporary Wrist Accessories","publisher":{"@id":"https:\/\/watch-bandit.com\/#organization"},"potentialAction":[{"@type":"SearchAction","target":{"@type":"EntryPoint","urlTemplate":"https:\/\/watch-bandit.com\/?s={search_term_string}"},"query-input":"required name=search_term_string"}],"inLanguage":"de-DE"},{"@type":"Organization","@id":"https:\/\/watch-bandit.com\/#organization","name":"WatchBandit","url":"https:\/\/watch-bandit.com\/","logo":{"@type":"ImageObject","inLanguage":"de-DE","@id":"https:\/\/watch-bandit.com\/#\/schema\/logo\/image\/","url":"https:\/\/watchbandit.de\/wp-content\/uploads\/2017\/11\/WB_Logo_557x124.png","contentUrl":"https:\/\/watchbandit.de\/wp-content\/uploads\/2017\/11\/WB_Logo_557x124.png","width":557,"height":124,"caption":"WatchBandit"},"image":{"@id":"https:\/\/watch-bandit.com\/#\/schema\/logo\/image\/"}}]}},"_links":{"self":[{"href":"https:\/\/watch-bandit.com\/de\/wp-json\/wp\/v2\/product\/350027"}],"collection":[{"href":"https:\/\/watch-bandit.com\/de\/wp-json\/wp\/v2\/product"}],"about":[{"href":"https:\/\/watch-bandit.com\/de\/wp-json\/wp\/v2\/types\/product"}],"replies":[{"embeddable":true,"href":"https:\/\/watch-bandit.com\/de\/wp-json\/wp\/v2\/comments?post=350027"}],"wp:featuredmedia":[{"embeddable":true,"href":"https:\/\/watch-bandit.com\/de\/wp-json\/wp\/v2\/media\/350132"}],"wp:attachment":[{"href":"https:\/\/watch-bandit.com\/de\/wp-json\/wp\/v2\/media?parent=350027"}],"wp:term":[{"taxonomy":"product_cat","embeddable":true,"href":"https:\/\/watch-bandit.com\/de\/wp-json\/wp\/v2\/product_cat?post=350027"},{"taxonomy":"product_tag","embeddable":true,"href":"https:\/\/watch-bandit.com\/de\/wp-json\/wp\/v2\/product_tag?post=350027"}],"curies":[{"name":"wp","href":"https:\/\/api.w.org\/{rel}","templated":true}]}}