{"id":350667,"date":"2025-03-19T11:31:51","date_gmt":"2025-03-19T10:31:52","guid":{"rendered":"https:\/\/watchbandit.com\/?post_type=product&#038;p=350667"},"modified":"2025-03-31T11:46:22","modified_gmt":"2025-03-31T09:46:22","slug":"crafter-blue-mechanic-ocean-mark-ii-mo2ss001","status":"publish","type":"product","link":"https:\/\/watch-bandit.com\/de\/produkt\/crafter-blue-mechanic-ocean-mark-ii-mo2ss001\/","title":{"rendered":"Crafter Blue &#8211; Mechanic Ocean &#8211; Mark II MO2SS001"},"content":{"rendered":"<h3 style=\"text-align: left;\">Crafter Blue Dive Watches<\/h3>\n<p>2016 begann Crafter Blue mit der Produktion von Kautschukarmb\u00e4ndern mit gebogegen Bandanst\u00f6\u00dfen f\u00fcr beliebte Taucheruhren. Zwei Jahre sp\u00e4ter begann die Marke mit der Entwicklung einer eigenen Taucheruhr &#8211; der <strong>Mechanic Ocean 300m<\/strong>. Nach ausf\u00fchrlichen Markttests wurde die erste Uhr der Marke mit zus\u00e4tzlichem Schweizer Know-how neu gestaltet, so dassCrafter Blue f\u00fcr seine neue Herausforderung bereit ist. Crafter Blue, welche zuvor Armb\u00e4nder f\u00fcr die derzeit inaktive Marke <em>UNDIVE<\/em> hergestellt hatte, wandte sich an seine ehemaligen Mitarbeiter mit dem Vorschlag, die eingestellte UNDIVE Dark Sea 500m unter ihrem Label und mit ihren neuen und verbesserten Herstellungstechniken neu zu gestalten. Crafter Blue freut sich nun, die Ver\u00f6ffentlichung der Hyperion Ocean 600m bekannt zu geben, die die erste in der Schweiz gefertigte Uhr der Marke ist.<\/p>\n","protected":false},"excerpt":{"rendered":"<p>Die Mechanic Ocean Mark II vereint Eleganz und Funktionalit\u00e4t in einem robusten Design. Mit einem Durchmesser von 41 mm und einer Geh\u00e4usedicke von 13,50 mm bietet sie eine ideale Balance aus Tragekomfort und Widerstandsf\u00e4higkeit \u2013 perfekt f\u00fcr den Alltag und den professionellen Einsatz.<\/p>\n<p>Ein besonderes Highlight ist die mehrschichtige L\u00fcnette mit DLC-Beschichtung und abgerundeten Kreisindizes, die der Uhr ihren unverwechselbaren Charakter verleiht. Dank der gro\u00dfz\u00fcgigen blauen Leuchtmasse bei 12 Uhr ist die Ablesbarkeit auch in dunklen Tiefen gew\u00e4hrleistet.<\/p>\n<p>Angetrieben vom pr\u00e4zisen Miyota 9015 Automatikwerk mit 28.800 Halbschwingungen pro Stunde, bietet die Mechanic Ocean Mark II h\u00f6chste Zuverl\u00e4ssigkeit. Mit einer Wasserdichtigkeit von 300 Metern (30 ATM) ist sie bestens f\u00fcr Unterwasserabenteuer geeignet \u2013 sei es beim professionellen Tauchen oder auf Expeditionen.<\/p>\n<p><strong>Uhrwerk<\/strong>: Japanisches Mityota 9015 Automatik<br \/>\n<strong>Geh\u00e4use<\/strong>: 316L Edelstahl mit 41 mm Durchmesser<br \/>\n<strong>Wasserdichtigkeit<\/strong>: 300 Meter \/ 30 ATM<br \/>\n<strong>Armband<\/strong>: Crafter Blue FKM-Kautschukarmband mit getrennten Endgliedern<\/p>\n","protected":false},"featured_media":351104,"comment_status":"open","ping_status":"closed","template":"","meta":[],"product_cat":[3704,37],"product_tag":[],"yoast_head":"<!-- This site is optimized with the Yoast SEO plugin v21.9 - https:\/\/yoast.com\/wordpress\/plugins\/seo\/ -->\n<title>Crafter Blue - Mechanic Ocean - Mark II MO2SS001 - WATCHBANDIT<\/title>\n<meta name=\"description\" content=\"Crafter Blue Hyperion Ocean bei WatchBandit kaufen \u2713 Autorisierter H\u00e4ndler \u2713 Swiss made \u2713 Kostenlose Lieferung \u2713 Trusted Shops zertifiziert \u2713 Seit 2014 \u2713\" \/>\n<meta name=\"robots\" content=\"noindex, follow, max-snippet:-1, max-image-preview:large, max-video-preview:-1\" \/>\n<meta property=\"og:locale\" content=\"de_DE\" \/>\n<meta property=\"og:type\" content=\"article\" \/>\n<meta property=\"og:title\" content=\"Crafter Blue - Mechanic Ocean - Mark II MO2SS001 - WATCHBANDIT\" \/>\n<meta property=\"og:description\" content=\"Crafter Blue Hyperion Ocean bei WatchBandit kaufen \u2713 Autorisierter H\u00e4ndler \u2713 Swiss made \u2713 Kostenlose Lieferung \u2713 Trusted Shops zertifiziert \u2713 Seit 2014 \u2713\" \/>\n<meta property=\"og:url\" content=\"https:\/\/watch-bandit.com\/de\/produkt\/crafter-blue-mechanic-ocean-mark-ii-mo2ss001\/\" \/>\n<meta property=\"og:site_name\" content=\"WATCHBANDIT\" \/>\n<meta property=\"article:modified_time\" content=\"2025-03-31T09:46:22+00:00\" \/>\n<meta property=\"og:image\" content=\"https:\/\/watch-bandit.com\/wp-content\/uploads\/2025\/03\/Crafter-Blue-Mechanic-Ocean-Mark-II-MO2SS001-Kopie-1.webp\" \/>\n\t<meta property=\"og:image:width\" content=\"1800\" \/>\n\t<meta property=\"og:image:height\" content=\"1800\" \/>\n\t<meta property=\"og:image:type\" content=\"image\/webp\" \/>\n<meta name=\"twitter:label1\" content=\"Gesch\u00e4tzte Lesezeit\" \/>\n\t<meta name=\"twitter:data1\" content=\"1 Minute\" \/>\n<script type=\"application\/ld+json\" class=\"yoast-schema-graph\">{\"@context\":\"https:\/\/schema.org\",\"@graph\":[{\"@type\":\"WebPage\",\"@id\":\"https:\/\/watch-bandit.com\/de\/produkt\/crafter-blue-mechanic-ocean-mark-ii-mo2ss001\/\",\"url\":\"https:\/\/watch-bandit.com\/de\/produkt\/crafter-blue-mechanic-ocean-mark-ii-mo2ss001\/\",\"name\":\"Crafter Blue - Mechanic Ocean - Mark II MO2SS001 - WATCHBANDIT\",\"isPartOf\":{\"@id\":\"https:\/\/watch-bandit.com\/#website\"},\"datePublished\":\"2025-03-19T10:31:52+00:00\",\"dateModified\":\"2025-03-31T09:46:22+00:00\",\"description\":\"Crafter Blue Hyperion Ocean bei WatchBandit kaufen \u2713 Autorisierter H\u00e4ndler \u2713 Swiss made \u2713 Kostenlose Lieferung \u2713 Trusted Shops zertifiziert \u2713 Seit 2014 \u2713\",\"breadcrumb\":{\"@id\":\"https:\/\/watch-bandit.com\/de\/produkt\/crafter-blue-mechanic-ocean-mark-ii-mo2ss001\/#breadcrumb\"},\"inLanguage\":\"de-DE\",\"potentialAction\":[{\"@type\":\"ReadAction\",\"target\":[\"https:\/\/watch-bandit.com\/de\/produkt\/crafter-blue-mechanic-ocean-mark-ii-mo2ss001\/\"]}]},{\"@type\":\"BreadcrumbList\",\"@id\":\"https:\/\/watch-bandit.com\/de\/produkt\/crafter-blue-mechanic-ocean-mark-ii-mo2ss001\/#breadcrumb\",\"itemListElement\":[{\"@type\":\"ListItem\",\"position\":1,\"name\":\"Home\",\"item\":\"https:\/\/watchbandit.de\/\"},{\"@type\":\"ListItem\",\"position\":2,\"name\":\"Shop\",\"item\":\"https:\/\/watchbandit.de\/shop\/\"},{\"@type\":\"ListItem\",\"position\":3,\"name\":\"Watches\",\"item\":\"https:\/\/watch-bandit.com\/products\/watches\/\"},{\"@type\":\"ListItem\",\"position\":4,\"name\":\"Crafter Blue\",\"item\":\"https:\/\/watch-bandit.com\/products\/watches\/crafter-blue\/\"},{\"@type\":\"ListItem\",\"position\":5,\"name\":\"Crafter Blue &#8211; Mechanic Ocean &#8211; Mark II MO2SS001\"}]},{\"@type\":\"WebSite\",\"@id\":\"https:\/\/watch-bandit.com\/#website\",\"url\":\"https:\/\/watch-bandit.com\/\",\"name\":\"WATCHBANDIT\",\"description\":\"Contemporary Wrist Accessories\",\"publisher\":{\"@id\":\"https:\/\/watch-bandit.com\/#organization\"},\"potentialAction\":[{\"@type\":\"SearchAction\",\"target\":{\"@type\":\"EntryPoint\",\"urlTemplate\":\"https:\/\/watch-bandit.com\/?s={search_term_string}\"},\"query-input\":\"required name=search_term_string\"}],\"inLanguage\":\"de-DE\"},{\"@type\":\"Organization\",\"@id\":\"https:\/\/watch-bandit.com\/#organization\",\"name\":\"WatchBandit\",\"url\":\"https:\/\/watch-bandit.com\/\",\"logo\":{\"@type\":\"ImageObject\",\"inLanguage\":\"de-DE\",\"@id\":\"https:\/\/watch-bandit.com\/#\/schema\/logo\/image\/\",\"url\":\"https:\/\/watchbandit.de\/wp-content\/uploads\/2017\/11\/WB_Logo_557x124.png\",\"contentUrl\":\"https:\/\/watchbandit.de\/wp-content\/uploads\/2017\/11\/WB_Logo_557x124.png\",\"width\":557,\"height\":124,\"caption\":\"WatchBandit\"},\"image\":{\"@id\":\"https:\/\/watch-bandit.com\/#\/schema\/logo\/image\/\"}}]}<\/script>\n<!-- \/ Yoast SEO plugin. -->","yoast_head_json":{"title":"Crafter Blue - Mechanic Ocean - Mark II MO2SS001 - WATCHBANDIT","description":"Crafter Blue Hyperion Ocean bei WatchBandit kaufen \u2713 Autorisierter H\u00e4ndler \u2713 Swiss made \u2713 Kostenlose Lieferung \u2713 Trusted Shops zertifiziert \u2713 Seit 2014 \u2713","robots":{"index":"noindex","follow":"follow","max-snippet":"max-snippet:-1","max-image-preview":"max-image-preview:large","max-video-preview":"max-video-preview:-1"},"og_locale":"de_DE","og_type":"article","og_title":"Crafter Blue - Mechanic Ocean - Mark II MO2SS001 - WATCHBANDIT","og_description":"Crafter Blue Hyperion Ocean bei WatchBandit kaufen \u2713 Autorisierter H\u00e4ndler \u2713 Swiss made \u2713 Kostenlose Lieferung \u2713 Trusted Shops zertifiziert \u2713 Seit 2014 \u2713","og_url":"https:\/\/watch-bandit.com\/de\/produkt\/crafter-blue-mechanic-ocean-mark-ii-mo2ss001\/","og_site_name":"WATCHBANDIT","article_modified_time":"2025-03-31T09:46:22+00:00","og_image":[{"width":1800,"height":1800,"url":"https:\/\/watch-bandit.com\/wp-content\/uploads\/2025\/03\/Crafter-Blue-Mechanic-Ocean-Mark-II-MO2SS001-Kopie-1.webp","type":"image\/webp"}],"twitter_misc":{"Gesch\u00e4tzte Lesezeit":"1 Minute"},"schema":{"@context":"https:\/\/schema.org","@graph":[{"@type":"WebPage","@id":"https:\/\/watch-bandit.com\/de\/produkt\/crafter-blue-mechanic-ocean-mark-ii-mo2ss001\/","url":"https:\/\/watch-bandit.com\/de\/produkt\/crafter-blue-mechanic-ocean-mark-ii-mo2ss001\/","name":"Crafter Blue - Mechanic Ocean - Mark II MO2SS001 - WATCHBANDIT","isPartOf":{"@id":"https:\/\/watch-bandit.com\/#website"},"datePublished":"2025-03-19T10:31:52+00:00","dateModified":"2025-03-31T09:46:22+00:00","description":"Crafter Blue Hyperion Ocean bei WatchBandit kaufen \u2713 Autorisierter H\u00e4ndler \u2713 Swiss made \u2713 Kostenlose Lieferung \u2713 Trusted Shops zertifiziert \u2713 Seit 2014 \u2713","breadcrumb":{"@id":"https:\/\/watch-bandit.com\/de\/produkt\/crafter-blue-mechanic-ocean-mark-ii-mo2ss001\/#breadcrumb"},"inLanguage":"de-DE","potentialAction":[{"@type":"ReadAction","target":["https:\/\/watch-bandit.com\/de\/produkt\/crafter-blue-mechanic-ocean-mark-ii-mo2ss001\/"]}]},{"@type":"BreadcrumbList","@id":"https:\/\/watch-bandit.com\/de\/produkt\/crafter-blue-mechanic-ocean-mark-ii-mo2ss001\/#breadcrumb","itemListElement":[{"@type":"ListItem","position":1,"name":"Home","item":"https:\/\/watchbandit.de\/"},{"@type":"ListItem","position":2,"name":"Shop","item":"https:\/\/watchbandit.de\/shop\/"},{"@type":"ListItem","position":3,"name":"Watches","item":"https:\/\/watch-bandit.com\/products\/watches\/"},{"@type":"ListItem","position":4,"name":"Crafter Blue","item":"https:\/\/watch-bandit.com\/products\/watches\/crafter-blue\/"},{"@type":"ListItem","position":5,"name":"Crafter Blue &#8211; Mechanic Ocean &#8211; Mark II MO2SS001"}]},{"@type":"WebSite","@id":"https:\/\/watch-bandit.com\/#website","url":"https:\/\/watch-bandit.com\/","name":"WATCHBANDIT","description":"Contemporary Wrist Accessories","publisher":{"@id":"https:\/\/watch-bandit.com\/#organization"},"potentialAction":[{"@type":"SearchAction","target":{"@type":"EntryPoint","urlTemplate":"https:\/\/watch-bandit.com\/?s={search_term_string}"},"query-input":"required name=search_term_string"}],"inLanguage":"de-DE"},{"@type":"Organization","@id":"https:\/\/watch-bandit.com\/#organization","name":"WatchBandit","url":"https:\/\/watch-bandit.com\/","logo":{"@type":"ImageObject","inLanguage":"de-DE","@id":"https:\/\/watch-bandit.com\/#\/schema\/logo\/image\/","url":"https:\/\/watchbandit.de\/wp-content\/uploads\/2017\/11\/WB_Logo_557x124.png","contentUrl":"https:\/\/watchbandit.de\/wp-content\/uploads\/2017\/11\/WB_Logo_557x124.png","width":557,"height":124,"caption":"WatchBandit"},"image":{"@id":"https:\/\/watch-bandit.com\/#\/schema\/logo\/image\/"}}]}},"_links":{"self":[{"href":"https:\/\/watch-bandit.com\/de\/wp-json\/wp\/v2\/product\/350667"}],"collection":[{"href":"https:\/\/watch-bandit.com\/de\/wp-json\/wp\/v2\/product"}],"about":[{"href":"https:\/\/watch-bandit.com\/de\/wp-json\/wp\/v2\/types\/product"}],"replies":[{"embeddable":true,"href":"https:\/\/watch-bandit.com\/de\/wp-json\/wp\/v2\/comments?post=350667"}],"wp:featuredmedia":[{"embeddable":true,"href":"https:\/\/watch-bandit.com\/de\/wp-json\/wp\/v2\/media\/351104"}],"wp:attachment":[{"href":"https:\/\/watch-bandit.com\/de\/wp-json\/wp\/v2\/media?parent=350667"}],"wp:term":[{"taxonomy":"product_cat","embeddable":true,"href":"https:\/\/watch-bandit.com\/de\/wp-json\/wp\/v2\/product_cat?post=350667"},{"taxonomy":"product_tag","embeddable":true,"href":"https:\/\/watch-bandit.com\/de\/wp-json\/wp\/v2\/product_tag?post=350667"}],"curies":[{"name":"wp","href":"https:\/\/api.w.org\/{rel}","templated":true}]}}