{"id":351408,"date":"2025-04-10T13:34:11","date_gmt":"2025-04-10T11:34:11","guid":{"rendered":"https:\/\/watchbandit.com\/?post_type=product&#038;p=351408"},"modified":"2025-05-15T14:29:04","modified_gmt":"2025-05-15T12:29:04","slug":"hanhart-415-es-pure-39-mm","status":"publish","type":"product","link":"https:\/\/watch-bandit.com\/de\/produkt\/hanhart-415-es-pure-39-mm\/","title":{"rendered":"Hanhart &#8211; 415 ES Pure &#8211; 39 mm"},"content":{"rendered":"","protected":false},"excerpt":{"rendered":"<p class=\"\" data-start=\"1075\" data-end=\"1244\">Die neue 415 ES Pure bleibt dem ikonischen Design der urspr\u00fcnglichen 415 ES treu und vereint zeitlose \u00c4sthetik mit moderner Technik. Mit einer minimalistischen Farbgestaltung verk\u00f6rpert die 415 ES Pure eine subtile Evolution: Die gelben Elemente auf dem Zifferblatt wurden durch wei\u00dfe ersetzt, die bronzefarbenen Zeiger durch wei\u00df lackierte Zeiger, und die Super-Luminova-X2-Beschichtung strahlt nun in einem klaren Wei\u00df. Diese Anpassungen verleihen dem Zeitmesser eine besonders elegante und aufger\u00e4umte Optik ohne den beliebten Vintage-Charme zu verlieren.<\/p>\n<p><strong>Uhrwerk<\/strong>: Handaufzug Sellita SW510 M mit 58 Stunden Gangreserve, sto\u00dfgesch\u00fctzt mit Hanhart-Bewegungsd\u00e4mpfung als zus\u00e4tzlichem Sto\u00dfschutz<br \/>\n<strong>Geh\u00e4use<\/strong>: Edelstahl 316L mit 39 mm Durchmesser, 46 Bandanst\u00f6\u00dfen und einer H\u00f6he von 13,50 mm, antimagnetisch, L\u00fcnette mit schwarzer Keramikeinlage (beidseitig um 60 Klicks drehbar), Krone mit dem markanten Hanhart-\u201eh\u201c des historischen Fl\u00fcgellogos, verschraubter Geh\u00e4useboden<br \/>\n<strong>Glas<\/strong>: Hochgew\u00f6lbtes, innen entspiegeltes Saphirglas<br \/>\n<strong>Armband<\/strong>: 20 mm Kalbslederarmband <em>(Schwarz, Dunkelbraun oder Braun)<\/em><br \/>\n<strong>Wasserdichtigkeit<\/strong>: 10 ATM \/ 100 Meter \/ 10 Bar<\/p>\n","protected":false},"featured_media":351501,"comment_status":"open","ping_status":"closed","template":"","meta":[],"product_cat":[4570,37],"product_tag":[],"yoast_head":"<!-- This site is optimized with the Yoast SEO plugin v21.9 - https:\/\/yoast.com\/wordpress\/plugins\/seo\/ -->\n<title>Hanhart - 415 ES Pure - 39 mm - WATCHBANDIT<\/title>\n<meta name=\"description\" content=\"Hanhart Uhren bei WatchBandit kaufen \u2705 Autorisierter H\u00e4ndler \ud83c\udde9\ud83c\uddea Made in Germany \ud83c\udde9\ud83c\uddea Trusted Shops \u2705 Kostenlose Lieferung \u2705\" \/>\n<meta name=\"robots\" content=\"noindex, follow, max-snippet:-1, max-image-preview:large, max-video-preview:-1\" \/>\n<meta property=\"og:locale\" content=\"de_DE\" \/>\n<meta property=\"og:type\" content=\"article\" \/>\n<meta property=\"og:title\" content=\"Hanhart - 415 ES Pure - 39 mm - WATCHBANDIT\" \/>\n<meta property=\"og:description\" content=\"Hanhart Uhren bei WatchBandit kaufen \u2705 Autorisierter H\u00e4ndler \ud83c\udde9\ud83c\uddea Made in Germany \ud83c\udde9\ud83c\uddea Trusted Shops \u2705 Kostenlose Lieferung \u2705\" \/>\n<meta property=\"og:url\" content=\"https:\/\/watch-bandit.com\/de\/produkt\/hanhart-415-es-pure-39-mm\/\" \/>\n<meta property=\"og:site_name\" content=\"WATCHBANDIT\" \/>\n<meta property=\"article:modified_time\" content=\"2025-05-15T12:29:04+00:00\" \/>\n<meta property=\"og:image\" content=\"https:\/\/watch-bandit.com\/wp-content\/uploads\/2025\/04\/hanhart-415-es-pure-39-mm.webp\" \/>\n\t<meta property=\"og:image:width\" content=\"1400\" \/>\n\t<meta property=\"og:image:height\" content=\"1400\" \/>\n\t<meta property=\"og:image:type\" content=\"image\/webp\" \/>\n<meta name=\"twitter:label1\" content=\"Gesch\u00e4tzte Lesezeit\" \/>\n\t<meta name=\"twitter:data1\" content=\"1 Minute\" \/>\n<script type=\"application\/ld+json\" class=\"yoast-schema-graph\">{\"@context\":\"https:\/\/schema.org\",\"@graph\":[{\"@type\":\"WebPage\",\"@id\":\"https:\/\/watch-bandit.com\/de\/produkt\/hanhart-415-es-pure-39-mm\/\",\"url\":\"https:\/\/watch-bandit.com\/de\/produkt\/hanhart-415-es-pure-39-mm\/\",\"name\":\"Hanhart - 415 ES Pure - 39 mm - WATCHBANDIT\",\"isPartOf\":{\"@id\":\"https:\/\/watch-bandit.com\/#website\"},\"datePublished\":\"2025-04-10T11:34:11+00:00\",\"dateModified\":\"2025-05-15T12:29:04+00:00\",\"description\":\"Hanhart Uhren bei WatchBandit kaufen \u2705 Autorisierter H\u00e4ndler \ud83c\udde9\ud83c\uddea Made in Germany \ud83c\udde9\ud83c\uddea Trusted Shops \u2705 Kostenlose Lieferung \u2705\",\"breadcrumb\":{\"@id\":\"https:\/\/watch-bandit.com\/de\/produkt\/hanhart-415-es-pure-39-mm\/#breadcrumb\"},\"inLanguage\":\"de-DE\",\"potentialAction\":[{\"@type\":\"ReadAction\",\"target\":[\"https:\/\/watch-bandit.com\/de\/produkt\/hanhart-415-es-pure-39-mm\/\"]}]},{\"@type\":\"BreadcrumbList\",\"@id\":\"https:\/\/watch-bandit.com\/de\/produkt\/hanhart-415-es-pure-39-mm\/#breadcrumb\",\"itemListElement\":[{\"@type\":\"ListItem\",\"position\":1,\"name\":\"Home\",\"item\":\"https:\/\/watchbandit.de\/\"},{\"@type\":\"ListItem\",\"position\":2,\"name\":\"Shop\",\"item\":\"https:\/\/watchbandit.de\/shop\/\"},{\"@type\":\"ListItem\",\"position\":3,\"name\":\"Watches\",\"item\":\"https:\/\/watch-bandit.com\/products\/watches\/\"},{\"@type\":\"ListItem\",\"position\":4,\"name\":\"Hanhart &#8211; 415 ES Pure &#8211; 39 mm\"}]},{\"@type\":\"WebSite\",\"@id\":\"https:\/\/watch-bandit.com\/#website\",\"url\":\"https:\/\/watch-bandit.com\/\",\"name\":\"WATCHBANDIT\",\"description\":\"Contemporary Wrist Accessories\",\"publisher\":{\"@id\":\"https:\/\/watch-bandit.com\/#organization\"},\"potentialAction\":[{\"@type\":\"SearchAction\",\"target\":{\"@type\":\"EntryPoint\",\"urlTemplate\":\"https:\/\/watch-bandit.com\/?s={search_term_string}\"},\"query-input\":\"required name=search_term_string\"}],\"inLanguage\":\"de-DE\"},{\"@type\":\"Organization\",\"@id\":\"https:\/\/watch-bandit.com\/#organization\",\"name\":\"WatchBandit\",\"url\":\"https:\/\/watch-bandit.com\/\",\"logo\":{\"@type\":\"ImageObject\",\"inLanguage\":\"de-DE\",\"@id\":\"https:\/\/watch-bandit.com\/#\/schema\/logo\/image\/\",\"url\":\"https:\/\/watchbandit.de\/wp-content\/uploads\/2017\/11\/WB_Logo_557x124.png\",\"contentUrl\":\"https:\/\/watchbandit.de\/wp-content\/uploads\/2017\/11\/WB_Logo_557x124.png\",\"width\":557,\"height\":124,\"caption\":\"WatchBandit\"},\"image\":{\"@id\":\"https:\/\/watch-bandit.com\/#\/schema\/logo\/image\/\"}}]}<\/script>\n<!-- \/ Yoast SEO plugin. -->","yoast_head_json":{"title":"Hanhart - 415 ES Pure - 39 mm - WATCHBANDIT","description":"Hanhart Uhren bei WatchBandit kaufen \u2705 Autorisierter H\u00e4ndler \ud83c\udde9\ud83c\uddea Made in Germany \ud83c\udde9\ud83c\uddea Trusted Shops \u2705 Kostenlose Lieferung \u2705","robots":{"index":"noindex","follow":"follow","max-snippet":"max-snippet:-1","max-image-preview":"max-image-preview:large","max-video-preview":"max-video-preview:-1"},"og_locale":"de_DE","og_type":"article","og_title":"Hanhart - 415 ES Pure - 39 mm - WATCHBANDIT","og_description":"Hanhart Uhren bei WatchBandit kaufen \u2705 Autorisierter H\u00e4ndler \ud83c\udde9\ud83c\uddea Made in Germany \ud83c\udde9\ud83c\uddea Trusted Shops \u2705 Kostenlose Lieferung \u2705","og_url":"https:\/\/watch-bandit.com\/de\/produkt\/hanhart-415-es-pure-39-mm\/","og_site_name":"WATCHBANDIT","article_modified_time":"2025-05-15T12:29:04+00:00","og_image":[{"width":1400,"height":1400,"url":"https:\/\/watch-bandit.com\/wp-content\/uploads\/2025\/04\/hanhart-415-es-pure-39-mm.webp","type":"image\/webp"}],"twitter_misc":{"Gesch\u00e4tzte Lesezeit":"1 Minute"},"schema":{"@context":"https:\/\/schema.org","@graph":[{"@type":"WebPage","@id":"https:\/\/watch-bandit.com\/de\/produkt\/hanhart-415-es-pure-39-mm\/","url":"https:\/\/watch-bandit.com\/de\/produkt\/hanhart-415-es-pure-39-mm\/","name":"Hanhart - 415 ES Pure - 39 mm - WATCHBANDIT","isPartOf":{"@id":"https:\/\/watch-bandit.com\/#website"},"datePublished":"2025-04-10T11:34:11+00:00","dateModified":"2025-05-15T12:29:04+00:00","description":"Hanhart Uhren bei WatchBandit kaufen \u2705 Autorisierter H\u00e4ndler \ud83c\udde9\ud83c\uddea Made in Germany \ud83c\udde9\ud83c\uddea Trusted Shops \u2705 Kostenlose Lieferung \u2705","breadcrumb":{"@id":"https:\/\/watch-bandit.com\/de\/produkt\/hanhart-415-es-pure-39-mm\/#breadcrumb"},"inLanguage":"de-DE","potentialAction":[{"@type":"ReadAction","target":["https:\/\/watch-bandit.com\/de\/produkt\/hanhart-415-es-pure-39-mm\/"]}]},{"@type":"BreadcrumbList","@id":"https:\/\/watch-bandit.com\/de\/produkt\/hanhart-415-es-pure-39-mm\/#breadcrumb","itemListElement":[{"@type":"ListItem","position":1,"name":"Home","item":"https:\/\/watchbandit.de\/"},{"@type":"ListItem","position":2,"name":"Shop","item":"https:\/\/watchbandit.de\/shop\/"},{"@type":"ListItem","position":3,"name":"Watches","item":"https:\/\/watch-bandit.com\/products\/watches\/"},{"@type":"ListItem","position":4,"name":"Hanhart &#8211; 415 ES Pure &#8211; 39 mm"}]},{"@type":"WebSite","@id":"https:\/\/watch-bandit.com\/#website","url":"https:\/\/watch-bandit.com\/","name":"WATCHBANDIT","description":"Contemporary Wrist Accessories","publisher":{"@id":"https:\/\/watch-bandit.com\/#organization"},"potentialAction":[{"@type":"SearchAction","target":{"@type":"EntryPoint","urlTemplate":"https:\/\/watch-bandit.com\/?s={search_term_string}"},"query-input":"required name=search_term_string"}],"inLanguage":"de-DE"},{"@type":"Organization","@id":"https:\/\/watch-bandit.com\/#organization","name":"WatchBandit","url":"https:\/\/watch-bandit.com\/","logo":{"@type":"ImageObject","inLanguage":"de-DE","@id":"https:\/\/watch-bandit.com\/#\/schema\/logo\/image\/","url":"https:\/\/watchbandit.de\/wp-content\/uploads\/2017\/11\/WB_Logo_557x124.png","contentUrl":"https:\/\/watchbandit.de\/wp-content\/uploads\/2017\/11\/WB_Logo_557x124.png","width":557,"height":124,"caption":"WatchBandit"},"image":{"@id":"https:\/\/watch-bandit.com\/#\/schema\/logo\/image\/"}}]}},"_links":{"self":[{"href":"https:\/\/watch-bandit.com\/de\/wp-json\/wp\/v2\/product\/351408"}],"collection":[{"href":"https:\/\/watch-bandit.com\/de\/wp-json\/wp\/v2\/product"}],"about":[{"href":"https:\/\/watch-bandit.com\/de\/wp-json\/wp\/v2\/types\/product"}],"replies":[{"embeddable":true,"href":"https:\/\/watch-bandit.com\/de\/wp-json\/wp\/v2\/comments?post=351408"}],"wp:featuredmedia":[{"embeddable":true,"href":"https:\/\/watch-bandit.com\/de\/wp-json\/wp\/v2\/media\/351501"}],"wp:attachment":[{"href":"https:\/\/watch-bandit.com\/de\/wp-json\/wp\/v2\/media?parent=351408"}],"wp:term":[{"taxonomy":"product_cat","embeddable":true,"href":"https:\/\/watch-bandit.com\/de\/wp-json\/wp\/v2\/product_cat?post=351408"},{"taxonomy":"product_tag","embeddable":true,"href":"https:\/\/watch-bandit.com\/de\/wp-json\/wp\/v2\/product_tag?post=351408"}],"curies":[{"name":"wp","href":"https:\/\/api.w.org\/{rel}","templated":true}]}}