{"id":351422,"date":"2025-04-10T13:57:06","date_gmt":"2025-04-10T11:57:06","guid":{"rendered":"https:\/\/watchbandit.com\/?post_type=product&#038;p=351422"},"modified":"2025-05-15T14:29:38","modified_gmt":"2025-05-15T12:29:38","slug":"hanhart-417-es-42-mm-lederarmband","status":"publish","type":"product","link":"https:\/\/watch-bandit.com\/de\/produkt\/hanhart-417-es-42-mm-lederarmband\/","title":{"rendered":"Hanhart &#8211; 417 ES &#8211; 42 mm &#8211; Lederarmband"},"content":{"rendered":"<h2>Hanhart 417 ES \u2013 Der legend\u00e4re Fliegerchronograph kehrt zur\u00fcck<\/h2>\n<p>Die Hanhart 417 ES ist die moderne Neuauflage einer wahren Ikone: des ersten Fliegerchronographen der Bundeswehr aus den 1950er-Jahren. Dieser mechanische Chronograph mit Handaufzug ist f\u00fcr Abenteuer und Alltag konzipiert und verbindet klassisches Milit\u00e4rdesign mit moderner Schweizer Pr\u00e4zision. Die M\u00fcnzrandl\u00fcnette, die symmetrischen Dr\u00fccker und das Zifferblattdesign im Retro-Look bleiben dem Original treu, w\u00e4hrend Super-LumiNova\u00ae f\u00fcr perfekte Ablesbarkeit bei Tag und Nacht sorgt.<\/p>\n<p>Wasserdicht bis 10 bar und angetrieben von einem robusten Sellita SW510 M-Uhrwerk mit 58 Stunden Gangreserve ist die 417 ES f\u00fcr jeden Einsatz bereit. W\u00e4hlen Sie zwischen klassischen Lederarmb\u00e4ndern im Bund-Stil oder einem eleganten Edelstahlarmband f\u00fcr einen bequemen und stilvollen Tragekomfort.<\/p>\n<p>\ud83d\udccf 42-mm-Edelstahlgeh\u00e4use<br \/>\n\u23f1\ufe0f Handaufzugswerk SW510 M<br \/>\n\ud83d\udca7 Wasserdicht bis 100 m \/ 10 bar<br \/>\n\ud83d\udd26 Super-LumiNova\u00ae f\u00fcr Nachtsichtbarkeit<br \/>\n\ud83d\udd70\ufe0f Klassisches Milit\u00e4rdesign, moderne Zuverl\u00e4ssigkeit<\/p>\n\n\t\t\t<style>\n\t\t\t\t#gallery-1 {\n\t\t\t\t\tmargin: auto;\n\t\t\t\t}\n\t\t\t\t#gallery-1 .gallery-item {\n\t\t\t\t\tfloat: left;\n\t\t\t\t\tmargin-top: 10px;\n\t\t\t\t\ttext-align: center;\n\t\t\t\t\twidth: 33%;\n\t\t\t\t}\n\t\t\t\t#gallery-1 img {\n\t\t\t\t\tmax-width:100%;\n\t\t\t\t}\n\t\t\t\t#gallery-1 .gallery-caption {\n\t\t\t\t\tmargin-left: 0;\n\t\t\t\t}\n\t\t\t<\/style>\n\t\t<div id='gallery-1' class='gallery galleryid-351422 gallery-columns-3 gallery-size-thumbnail basel-justified-gallery'>\n\t\t\t\t\t<a href='https:\/\/watch-bandit.com\/wp-content\/uploads\/2025\/04\/hanhart-417-es-42-mm-leather-strap-pocketshot.webp'><img loading=\"lazy\" decoding=\"async\" width=\"280\" height=\"280\" src=\"https:\/\/watch-bandit.com\/wp-content\/uploads\/2025\/04\/hanhart-417-es-42-mm-leather-strap-pocketshot.webp\" class=\"attachment-thumbnail size-thumbnail\" alt=\"hanhart-417-es-42-mm-leather-strap-pocketshot\" srcset=\"https:\/\/watch-bandit.com\/wp-content\/uploads\/2025\/04\/hanhart-417-es-42-mm-leather-strap-pocketshot.webp 1400w, https:\/\/watch-bandit.com\/wp-content\/uploads\/2025\/04\/hanhart-417-es-42-mm-leather-strap-pocketshot-280x280.webp 280w\" sizes=\"(max-width: 280px) 100vw, 280px\" \/><\/a>\n\t\t\t\t\t<a href='https:\/\/watch-bandit.com\/wp-content\/uploads\/2025\/04\/hanhart-417-es-flyback-reverse-panda-42-mm-case-back.webp'><img loading=\"lazy\" decoding=\"async\" width=\"280\" height=\"280\" src=\"https:\/\/watch-bandit.com\/wp-content\/uploads\/2025\/04\/hanhart-417-es-flyback-reverse-panda-42-mm-case-back.webp\" class=\"attachment-thumbnail size-thumbnail\" alt=\"hanhart-417-es-flyback-reverse-panda-42-mm-case-back\" srcset=\"https:\/\/watch-bandit.com\/wp-content\/uploads\/2025\/04\/hanhart-417-es-flyback-reverse-panda-42-mm-case-back.webp 1400w, https:\/\/watch-bandit.com\/wp-content\/uploads\/2025\/04\/hanhart-417-es-flyback-reverse-panda-42-mm-case-back-280x280.webp 280w\" sizes=\"(max-width: 280px) 100vw, 280px\" \/><\/a>\n\t\t\t\t\t<a href='https:\/\/watch-bandit.com\/wp-content\/uploads\/2025\/04\/hanhart-417-es-moby-dick-42-mm-leather-strap-pocketshot.webp'><img loading=\"lazy\" decoding=\"async\" width=\"280\" height=\"280\" src=\"https:\/\/watch-bandit.com\/wp-content\/uploads\/2025\/04\/hanhart-417-es-moby-dick-42-mm-leather-strap-pocketshot.webp\" class=\"attachment-thumbnail size-thumbnail\" alt=\"hanhart-417-es-moby-dick-42-mm-leather-strap-pocketshot\" srcset=\"https:\/\/watch-bandit.com\/wp-content\/uploads\/2025\/04\/hanhart-417-es-moby-dick-42-mm-leather-strap-pocketshot.webp 1400w, https:\/\/watch-bandit.com\/wp-content\/uploads\/2025\/04\/hanhart-417-es-moby-dick-42-mm-leather-strap-pocketshot-280x280.webp 280w\" sizes=\"(max-width: 280px) 100vw, 280px\" \/><\/a>\t\t\t<script type=\"text\/javascript\">\n\t\t\t\tjQuery( document ).ready(function() {\n\t\t\t\t\tjQuery(\"#gallery-1\").justifiedGallery({\n\t\t\t\t\t\trowHeight: 250,\n\t\t\t\t\t\tmaxRowHeight: 280,\n\t\t\t\t\t\tmargins: 1,\n                        cssAnimation: true,\n\t\t\t\t\t});\n\t\t\t\t});\n\t\t\t<\/script>\n\t\t\n\t\t\t<\/div>\n\n","protected":false},"excerpt":{"rendered":"<p>Mit der neuen Hanhart 417 ES feiert Hanhart die R\u00fcckkehr einer Legende unter den Chronographen. Vor \u00fcber 60 Jahren diente das historische Modell als erster Fliegerchronograph der Bundeswehr. Heute vereint es das beste Design der Vergangenheit mit modernsten Fertigungstechniken. Das Ergebnis: ein robuster Chronograph mit einer spannenden Geschichte f\u00fcr Alltag und Abenteuer.<\/p>\n<p><strong>Uhrwerk<\/strong>: Handaufzug Sellita AMT5100 M mit 58 Stunden Gangreserve, sto\u00dfgesch\u00fctzt mit Hanhart-Werkd\u00e4mpfung als zus\u00e4tzliche Sto\u00dfsicherung<br \/>\n<strong>Geh\u00e4use<\/strong>: Edelstahl 316L mit 42 mm Durchmesser, 49,75 mm Bandansto\u00df und 13,30 mm H\u00f6he, antimagnetisch bis 16.000 A\/m gem\u00e4\u00df DIN 8309, verschraubter Geh\u00e4useboden, fortlaufende Seriennummer, Gravur des historischen Logos auf dem Geh\u00e4useboden, geriffelte L\u00fcnette, beidseitig drehbar, mit rotem Einsatz<br \/>\n<strong>Glas<\/strong>: Hochgew\u00f6lbtes Kugelglas (wie beim historischen Vorbild), konvexes, innen entspiegeltes Saphirglas<br \/>\n<strong>Armband<\/strong>: 20 mm Kalbslederarmband <em>(schwarz, hell- oder dunkelbraun)<\/em><br \/>\n<strong>Wasserdichtigkeit<\/strong>: 10 ATM \/ 100 Meter \/ 10 Bar gem\u00e4\u00df DIN 8310<\/p>\n","protected":false},"featured_media":351442,"comment_status":"open","ping_status":"closed","template":"","meta":[],"product_cat":[4570,37],"product_tag":[],"yoast_head":"<!-- This site is optimized with the Yoast SEO plugin v21.9 - https:\/\/yoast.com\/wordpress\/plugins\/seo\/ -->\n<title>Hanhart - 417 ES - 42 mm - Lederarmband - WATCHBANDIT<\/title>\n<meta name=\"description\" content=\"Hanhart Uhren bei WatchBandit kaufen \u2705 Autorisierter H\u00e4ndler \ud83c\udde9\ud83c\uddea Made in Germany \ud83c\udde9\ud83c\uddea Trusted Shops \u2705 Kostenlose Lieferung \u2705\" \/>\n<meta name=\"robots\" content=\"noindex, follow, max-snippet:-1, max-image-preview:large, max-video-preview:-1\" \/>\n<meta property=\"og:locale\" content=\"de_DE\" \/>\n<meta property=\"og:type\" content=\"article\" \/>\n<meta property=\"og:title\" content=\"Hanhart - 417 ES - 42 mm - Lederarmband - WATCHBANDIT\" \/>\n<meta property=\"og:description\" content=\"Hanhart Uhren bei WatchBandit kaufen \u2705 Autorisierter H\u00e4ndler \ud83c\udde9\ud83c\uddea Made in Germany \ud83c\udde9\ud83c\uddea Trusted Shops \u2705 Kostenlose Lieferung \u2705\" \/>\n<meta property=\"og:url\" content=\"https:\/\/watch-bandit.com\/de\/produkt\/hanhart-417-es-42-mm-lederarmband\/\" \/>\n<meta property=\"og:site_name\" content=\"WATCHBANDIT\" \/>\n<meta property=\"article:modified_time\" content=\"2025-05-15T12:29:38+00:00\" \/>\n<meta property=\"og:image\" content=\"https:\/\/watch-bandit.com\/wp-content\/uploads\/2025\/04\/hanhart-417-es-42-mm-leather-strap.webp\" \/>\n\t<meta property=\"og:image:width\" content=\"1400\" \/>\n\t<meta property=\"og:image:height\" content=\"1400\" \/>\n\t<meta property=\"og:image:type\" content=\"image\/webp\" \/>\n<meta name=\"twitter:label1\" content=\"Gesch\u00e4tzte Lesezeit\" \/>\n\t<meta name=\"twitter:data1\" content=\"1 Minute\" \/>\n<script type=\"application\/ld+json\" class=\"yoast-schema-graph\">{\"@context\":\"https:\/\/schema.org\",\"@graph\":[{\"@type\":\"WebPage\",\"@id\":\"https:\/\/watch-bandit.com\/de\/produkt\/hanhart-417-es-42-mm-lederarmband\/\",\"url\":\"https:\/\/watch-bandit.com\/de\/produkt\/hanhart-417-es-42-mm-lederarmband\/\",\"name\":\"Hanhart - 417 ES - 42 mm - Lederarmband - WATCHBANDIT\",\"isPartOf\":{\"@id\":\"https:\/\/watch-bandit.com\/#website\"},\"datePublished\":\"2025-04-10T11:57:06+00:00\",\"dateModified\":\"2025-05-15T12:29:38+00:00\",\"description\":\"Hanhart Uhren bei WatchBandit kaufen \u2705 Autorisierter H\u00e4ndler \ud83c\udde9\ud83c\uddea Made in Germany \ud83c\udde9\ud83c\uddea Trusted Shops \u2705 Kostenlose Lieferung \u2705\",\"breadcrumb\":{\"@id\":\"https:\/\/watch-bandit.com\/de\/produkt\/hanhart-417-es-42-mm-lederarmband\/#breadcrumb\"},\"inLanguage\":\"de-DE\",\"potentialAction\":[{\"@type\":\"ReadAction\",\"target\":[\"https:\/\/watch-bandit.com\/de\/produkt\/hanhart-417-es-42-mm-lederarmband\/\"]}]},{\"@type\":\"BreadcrumbList\",\"@id\":\"https:\/\/watch-bandit.com\/de\/produkt\/hanhart-417-es-42-mm-lederarmband\/#breadcrumb\",\"itemListElement\":[{\"@type\":\"ListItem\",\"position\":1,\"name\":\"Home\",\"item\":\"https:\/\/watchbandit.de\/\"},{\"@type\":\"ListItem\",\"position\":2,\"name\":\"Shop\",\"item\":\"https:\/\/watchbandit.de\/shop\/\"},{\"@type\":\"ListItem\",\"position\":3,\"name\":\"Watches\",\"item\":\"https:\/\/watch-bandit.com\/products\/watches\/\"},{\"@type\":\"ListItem\",\"position\":4,\"name\":\"Hanhart &#8211; 417 ES &#8211; 42 mm &#8211; Lederarmband\"}]},{\"@type\":\"WebSite\",\"@id\":\"https:\/\/watch-bandit.com\/#website\",\"url\":\"https:\/\/watch-bandit.com\/\",\"name\":\"WATCHBANDIT\",\"description\":\"Contemporary Wrist Accessories\",\"publisher\":{\"@id\":\"https:\/\/watch-bandit.com\/#organization\"},\"potentialAction\":[{\"@type\":\"SearchAction\",\"target\":{\"@type\":\"EntryPoint\",\"urlTemplate\":\"https:\/\/watch-bandit.com\/?s={search_term_string}\"},\"query-input\":\"required name=search_term_string\"}],\"inLanguage\":\"de-DE\"},{\"@type\":\"Organization\",\"@id\":\"https:\/\/watch-bandit.com\/#organization\",\"name\":\"WatchBandit\",\"url\":\"https:\/\/watch-bandit.com\/\",\"logo\":{\"@type\":\"ImageObject\",\"inLanguage\":\"de-DE\",\"@id\":\"https:\/\/watch-bandit.com\/#\/schema\/logo\/image\/\",\"url\":\"https:\/\/watchbandit.de\/wp-content\/uploads\/2017\/11\/WB_Logo_557x124.png\",\"contentUrl\":\"https:\/\/watchbandit.de\/wp-content\/uploads\/2017\/11\/WB_Logo_557x124.png\",\"width\":557,\"height\":124,\"caption\":\"WatchBandit\"},\"image\":{\"@id\":\"https:\/\/watch-bandit.com\/#\/schema\/logo\/image\/\"}}]}<\/script>\n<!-- \/ Yoast SEO plugin. -->","yoast_head_json":{"title":"Hanhart - 417 ES - 42 mm - Lederarmband - WATCHBANDIT","description":"Hanhart Uhren bei WatchBandit kaufen \u2705 Autorisierter H\u00e4ndler \ud83c\udde9\ud83c\uddea Made in Germany \ud83c\udde9\ud83c\uddea Trusted Shops \u2705 Kostenlose Lieferung \u2705","robots":{"index":"noindex","follow":"follow","max-snippet":"max-snippet:-1","max-image-preview":"max-image-preview:large","max-video-preview":"max-video-preview:-1"},"og_locale":"de_DE","og_type":"article","og_title":"Hanhart - 417 ES - 42 mm - Lederarmband - WATCHBANDIT","og_description":"Hanhart Uhren bei WatchBandit kaufen \u2705 Autorisierter H\u00e4ndler \ud83c\udde9\ud83c\uddea Made in Germany \ud83c\udde9\ud83c\uddea Trusted Shops \u2705 Kostenlose Lieferung \u2705","og_url":"https:\/\/watch-bandit.com\/de\/produkt\/hanhart-417-es-42-mm-lederarmband\/","og_site_name":"WATCHBANDIT","article_modified_time":"2025-05-15T12:29:38+00:00","og_image":[{"width":1400,"height":1400,"url":"https:\/\/watch-bandit.com\/wp-content\/uploads\/2025\/04\/hanhart-417-es-42-mm-leather-strap.webp","type":"image\/webp"}],"twitter_misc":{"Gesch\u00e4tzte Lesezeit":"1 Minute"},"schema":{"@context":"https:\/\/schema.org","@graph":[{"@type":"WebPage","@id":"https:\/\/watch-bandit.com\/de\/produkt\/hanhart-417-es-42-mm-lederarmband\/","url":"https:\/\/watch-bandit.com\/de\/produkt\/hanhart-417-es-42-mm-lederarmband\/","name":"Hanhart - 417 ES - 42 mm - Lederarmband - WATCHBANDIT","isPartOf":{"@id":"https:\/\/watch-bandit.com\/#website"},"datePublished":"2025-04-10T11:57:06+00:00","dateModified":"2025-05-15T12:29:38+00:00","description":"Hanhart Uhren bei WatchBandit kaufen \u2705 Autorisierter H\u00e4ndler \ud83c\udde9\ud83c\uddea Made in Germany \ud83c\udde9\ud83c\uddea Trusted Shops \u2705 Kostenlose Lieferung \u2705","breadcrumb":{"@id":"https:\/\/watch-bandit.com\/de\/produkt\/hanhart-417-es-42-mm-lederarmband\/#breadcrumb"},"inLanguage":"de-DE","potentialAction":[{"@type":"ReadAction","target":["https:\/\/watch-bandit.com\/de\/produkt\/hanhart-417-es-42-mm-lederarmband\/"]}]},{"@type":"BreadcrumbList","@id":"https:\/\/watch-bandit.com\/de\/produkt\/hanhart-417-es-42-mm-lederarmband\/#breadcrumb","itemListElement":[{"@type":"ListItem","position":1,"name":"Home","item":"https:\/\/watchbandit.de\/"},{"@type":"ListItem","position":2,"name":"Shop","item":"https:\/\/watchbandit.de\/shop\/"},{"@type":"ListItem","position":3,"name":"Watches","item":"https:\/\/watch-bandit.com\/products\/watches\/"},{"@type":"ListItem","position":4,"name":"Hanhart &#8211; 417 ES &#8211; 42 mm &#8211; Lederarmband"}]},{"@type":"WebSite","@id":"https:\/\/watch-bandit.com\/#website","url":"https:\/\/watch-bandit.com\/","name":"WATCHBANDIT","description":"Contemporary Wrist Accessories","publisher":{"@id":"https:\/\/watch-bandit.com\/#organization"},"potentialAction":[{"@type":"SearchAction","target":{"@type":"EntryPoint","urlTemplate":"https:\/\/watch-bandit.com\/?s={search_term_string}"},"query-input":"required name=search_term_string"}],"inLanguage":"de-DE"},{"@type":"Organization","@id":"https:\/\/watch-bandit.com\/#organization","name":"WatchBandit","url":"https:\/\/watch-bandit.com\/","logo":{"@type":"ImageObject","inLanguage":"de-DE","@id":"https:\/\/watch-bandit.com\/#\/schema\/logo\/image\/","url":"https:\/\/watchbandit.de\/wp-content\/uploads\/2017\/11\/WB_Logo_557x124.png","contentUrl":"https:\/\/watchbandit.de\/wp-content\/uploads\/2017\/11\/WB_Logo_557x124.png","width":557,"height":124,"caption":"WatchBandit"},"image":{"@id":"https:\/\/watch-bandit.com\/#\/schema\/logo\/image\/"}}]}},"_links":{"self":[{"href":"https:\/\/watch-bandit.com\/de\/wp-json\/wp\/v2\/product\/351422"}],"collection":[{"href":"https:\/\/watch-bandit.com\/de\/wp-json\/wp\/v2\/product"}],"about":[{"href":"https:\/\/watch-bandit.com\/de\/wp-json\/wp\/v2\/types\/product"}],"replies":[{"embeddable":true,"href":"https:\/\/watch-bandit.com\/de\/wp-json\/wp\/v2\/comments?post=351422"}],"wp:featuredmedia":[{"embeddable":true,"href":"https:\/\/watch-bandit.com\/de\/wp-json\/wp\/v2\/media\/351442"}],"wp:attachment":[{"href":"https:\/\/watch-bandit.com\/de\/wp-json\/wp\/v2\/media?parent=351422"}],"wp:term":[{"taxonomy":"product_cat","embeddable":true,"href":"https:\/\/watch-bandit.com\/de\/wp-json\/wp\/v2\/product_cat?post=351422"},{"taxonomy":"product_tag","embeddable":true,"href":"https:\/\/watch-bandit.com\/de\/wp-json\/wp\/v2\/product_tag?post=351422"}],"curies":[{"name":"wp","href":"https:\/\/api.w.org\/{rel}","templated":true}]}}