{"id":351799,"date":"2025-04-16T13:23:01","date_gmt":"2025-04-16T11:23:05","guid":{"rendered":"https:\/\/watchbandit.com\/?post_type=product&#038;p=351799"},"modified":"2026-02-08T13:04:14","modified_gmt":"2026-02-08T12:04:14","slug":"jelsdal-premium-segeltuch-uhrenarmband-schwarz","status":"publish","type":"product","link":"https:\/\/watch-bandit.com\/de\/produkt\/jelsdal-premium-segeltuch-uhrenarmband-schwarz\/","title":{"rendered":"Jelsdal &#8211; Skagerak Segeltuch Uhrenarmband &#8211; Schwarz"},"content":{"rendered":"","protected":false},"excerpt":{"rendered":"<p>Das Jelsdal Sailcloth-Uhrenarmband bietet mit seinen 8 verstellbaren L\u00f6chern, die jeweils mit Leder verst\u00e4rkt sind, um ein Ausfransen zu verhindern, eine perfekte Passform. Dieses Armband ist mit einer 316L-Edelstahlschnalle mit dem Jelsdal-Logo ausgestattet und vereint Haltbarkeit und Stil. Das wasserfeste Echt-Lederfutter auf der R\u00fcckseite tragen zu seinem hochwertigen Gef\u00fchl bei. Dar\u00fcber hinaus sorgen die Schnellverschluss-Federstege f\u00fcr einen schnellen und einfachen Armbandwechsel, was es sowohl praktisch als auch elegant macht.<\/p>\n<p><strong>Segeltuch<\/strong>: Hochwertiges und strapazierf\u00e4higes Segeltuch-Nylon<br \/>\n<strong>Lederinnenfutter<\/strong>: Echtes, weiches, wasserfestes Leder in Schwarz mit Logo<br \/>\n<strong>Schlie\u00dfe<\/strong>: Edelstahl mit Jelsdal-Logo<br \/>\n<strong>Bandl\u00e4nge<\/strong>: 12,50 cm + 7,50 cm. 8 gesch\u00fctzte L\u00f6cher f\u00fcr individuelle Passform. <strong>Bandansto\u00df-\/Schnallenbreite:<\/strong> 18\/16mm, 19\/16mm, 20\/18mm, 21\/18mm, 22\/20mm, 23\/20mm, 24\/22mm<\/p>\n","protected":false},"featured_media":352188,"comment_status":"open","ping_status":"closed","template":"","meta":[],"product_cat":[4164,2835,3814,2837,334],"product_tag":[],"yoast_head":"<!-- This site is optimized with the Yoast SEO plugin v21.9 - https:\/\/yoast.com\/wordpress\/plugins\/seo\/ -->\n<title>Jelsdal - Skagerak Segeltuch Uhrenarmband - Schwarz - WATCHBANDIT<\/title>\n<meta name=\"description\" content=\"Segeltuch Uhrenarmb\u00e4nder bei WatchBandit kaufen \u2b50 WB Originals \u2b50 Designed in Berlin \u2b50 kostenlose Lieferung ab 79\u20ac Warenwert \u2b50 Trusted Shops zertifiziert \u2b50\" \/>\n<meta name=\"robots\" content=\"noindex, follow, max-snippet:-1, max-image-preview:large, max-video-preview:-1\" \/>\n<meta property=\"og:locale\" content=\"de_DE\" \/>\n<meta property=\"og:type\" content=\"article\" \/>\n<meta property=\"og:title\" content=\"Jelsdal - Skagerak Segeltuch Uhrenarmband - Schwarz - WATCHBANDIT\" \/>\n<meta property=\"og:description\" content=\"Segeltuch Uhrenarmb\u00e4nder bei WatchBandit kaufen \u2b50 WB Originals \u2b50 Designed in Berlin \u2b50 kostenlose Lieferung ab 79\u20ac Warenwert \u2b50 Trusted Shops zertifiziert \u2b50\" \/>\n<meta property=\"og:url\" content=\"https:\/\/watch-bandit.com\/de\/produkt\/jelsdal-premium-segeltuch-uhrenarmband-schwarz\/\" \/>\n<meta property=\"og:site_name\" content=\"WATCHBANDIT\" \/>\n<meta property=\"article:modified_time\" content=\"2026-02-08T12:04:14+00:00\" \/>\n<meta property=\"og:image\" content=\"https:\/\/watch-bandit.com\/wp-content\/uploads\/2025\/04\/jelsdal-premium-sailcloth-watch-strap-black.webp\" \/>\n\t<meta property=\"og:image:width\" content=\"1400\" \/>\n\t<meta property=\"og:image:height\" content=\"1700\" \/>\n\t<meta property=\"og:image:type\" content=\"image\/webp\" \/>\n<meta name=\"twitter:label1\" content=\"Gesch\u00e4tzte Lesezeit\" \/>\n\t<meta name=\"twitter:data1\" content=\"1 Minute\" \/>\n<script type=\"application\/ld+json\" class=\"yoast-schema-graph\">{\"@context\":\"https:\/\/schema.org\",\"@graph\":[{\"@type\":\"WebPage\",\"@id\":\"https:\/\/watch-bandit.com\/de\/produkt\/jelsdal-premium-segeltuch-uhrenarmband-schwarz\/\",\"url\":\"https:\/\/watch-bandit.com\/de\/produkt\/jelsdal-premium-segeltuch-uhrenarmband-schwarz\/\",\"name\":\"Jelsdal - Skagerak Segeltuch Uhrenarmband - Schwarz - WATCHBANDIT\",\"isPartOf\":{\"@id\":\"https:\/\/watch-bandit.com\/#website\"},\"datePublished\":\"2025-04-16T11:23:05+00:00\",\"dateModified\":\"2026-02-08T12:04:14+00:00\",\"description\":\"Segeltuch Uhrenarmb\u00e4nder bei WatchBandit kaufen \u2b50 WB Originals \u2b50 Designed in Berlin \u2b50 kostenlose Lieferung ab 79\u20ac Warenwert \u2b50 Trusted Shops zertifiziert \u2b50\",\"breadcrumb\":{\"@id\":\"https:\/\/watch-bandit.com\/de\/produkt\/jelsdal-premium-segeltuch-uhrenarmband-schwarz\/#breadcrumb\"},\"inLanguage\":\"de-DE\",\"potentialAction\":[{\"@type\":\"ReadAction\",\"target\":[\"https:\/\/watch-bandit.com\/de\/produkt\/jelsdal-premium-segeltuch-uhrenarmband-schwarz\/\"]}]},{\"@type\":\"BreadcrumbList\",\"@id\":\"https:\/\/watch-bandit.com\/de\/produkt\/jelsdal-premium-segeltuch-uhrenarmband-schwarz\/#breadcrumb\",\"itemListElement\":[{\"@type\":\"ListItem\",\"position\":1,\"name\":\"Home\",\"item\":\"https:\/\/watchbandit.de\/\"},{\"@type\":\"ListItem\",\"position\":2,\"name\":\"Shop\",\"item\":\"https:\/\/watchbandit.de\/shop\/\"},{\"@type\":\"ListItem\",\"position\":3,\"name\":\"Watch Bands\",\"item\":\"https:\/\/watch-bandit.com\/products\/watch-bands\/\"},{\"@type\":\"ListItem\",\"position\":4,\"name\":\"Watch Strap Brands\",\"item\":\"https:\/\/watch-bandit.com\/products\/watch-bands\/watch-strap-brands\/\"},{\"@type\":\"ListItem\",\"position\":5,\"name\":\"Jelsdal\",\"item\":\"https:\/\/watch-bandit.com\/products\/watch-bands\/watch-strap-brands\/jelsdal\/\"},{\"@type\":\"ListItem\",\"position\":6,\"name\":\"Jelsdal &#8211; Skagerak Segeltuch Uhrenarmband &#8211; Schwarz\"}]},{\"@type\":\"WebSite\",\"@id\":\"https:\/\/watch-bandit.com\/#website\",\"url\":\"https:\/\/watch-bandit.com\/\",\"name\":\"WATCHBANDIT\",\"description\":\"Contemporary Wrist Accessories\",\"publisher\":{\"@id\":\"https:\/\/watch-bandit.com\/#organization\"},\"potentialAction\":[{\"@type\":\"SearchAction\",\"target\":{\"@type\":\"EntryPoint\",\"urlTemplate\":\"https:\/\/watch-bandit.com\/?s={search_term_string}\"},\"query-input\":\"required name=search_term_string\"}],\"inLanguage\":\"de-DE\"},{\"@type\":\"Organization\",\"@id\":\"https:\/\/watch-bandit.com\/#organization\",\"name\":\"WatchBandit\",\"url\":\"https:\/\/watch-bandit.com\/\",\"logo\":{\"@type\":\"ImageObject\",\"inLanguage\":\"de-DE\",\"@id\":\"https:\/\/watch-bandit.com\/#\/schema\/logo\/image\/\",\"url\":\"https:\/\/watchbandit.de\/wp-content\/uploads\/2017\/11\/WB_Logo_557x124.png\",\"contentUrl\":\"https:\/\/watchbandit.de\/wp-content\/uploads\/2017\/11\/WB_Logo_557x124.png\",\"width\":557,\"height\":124,\"caption\":\"WatchBandit\"},\"image\":{\"@id\":\"https:\/\/watch-bandit.com\/#\/schema\/logo\/image\/\"}}]}<\/script>\n<!-- \/ Yoast SEO plugin. -->","yoast_head_json":{"title":"Jelsdal - Skagerak Segeltuch Uhrenarmband - Schwarz - WATCHBANDIT","description":"Segeltuch Uhrenarmb\u00e4nder bei WatchBandit kaufen \u2b50 WB Originals \u2b50 Designed in Berlin \u2b50 kostenlose Lieferung ab 79\u20ac Warenwert \u2b50 Trusted Shops zertifiziert \u2b50","robots":{"index":"noindex","follow":"follow","max-snippet":"max-snippet:-1","max-image-preview":"max-image-preview:large","max-video-preview":"max-video-preview:-1"},"og_locale":"de_DE","og_type":"article","og_title":"Jelsdal - Skagerak Segeltuch Uhrenarmband - Schwarz - WATCHBANDIT","og_description":"Segeltuch Uhrenarmb\u00e4nder bei WatchBandit kaufen \u2b50 WB Originals \u2b50 Designed in Berlin \u2b50 kostenlose Lieferung ab 79\u20ac Warenwert \u2b50 Trusted Shops zertifiziert \u2b50","og_url":"https:\/\/watch-bandit.com\/de\/produkt\/jelsdal-premium-segeltuch-uhrenarmband-schwarz\/","og_site_name":"WATCHBANDIT","article_modified_time":"2026-02-08T12:04:14+00:00","og_image":[{"width":1400,"height":1700,"url":"https:\/\/watch-bandit.com\/wp-content\/uploads\/2025\/04\/jelsdal-premium-sailcloth-watch-strap-black.webp","type":"image\/webp"}],"twitter_misc":{"Gesch\u00e4tzte Lesezeit":"1 Minute"},"schema":{"@context":"https:\/\/schema.org","@graph":[{"@type":"WebPage","@id":"https:\/\/watch-bandit.com\/de\/produkt\/jelsdal-premium-segeltuch-uhrenarmband-schwarz\/","url":"https:\/\/watch-bandit.com\/de\/produkt\/jelsdal-premium-segeltuch-uhrenarmband-schwarz\/","name":"Jelsdal - Skagerak Segeltuch Uhrenarmband - Schwarz - WATCHBANDIT","isPartOf":{"@id":"https:\/\/watch-bandit.com\/#website"},"datePublished":"2025-04-16T11:23:05+00:00","dateModified":"2026-02-08T12:04:14+00:00","description":"Segeltuch Uhrenarmb\u00e4nder bei WatchBandit kaufen \u2b50 WB Originals \u2b50 Designed in Berlin \u2b50 kostenlose Lieferung ab 79\u20ac Warenwert \u2b50 Trusted Shops zertifiziert \u2b50","breadcrumb":{"@id":"https:\/\/watch-bandit.com\/de\/produkt\/jelsdal-premium-segeltuch-uhrenarmband-schwarz\/#breadcrumb"},"inLanguage":"de-DE","potentialAction":[{"@type":"ReadAction","target":["https:\/\/watch-bandit.com\/de\/produkt\/jelsdal-premium-segeltuch-uhrenarmband-schwarz\/"]}]},{"@type":"BreadcrumbList","@id":"https:\/\/watch-bandit.com\/de\/produkt\/jelsdal-premium-segeltuch-uhrenarmband-schwarz\/#breadcrumb","itemListElement":[{"@type":"ListItem","position":1,"name":"Home","item":"https:\/\/watchbandit.de\/"},{"@type":"ListItem","position":2,"name":"Shop","item":"https:\/\/watchbandit.de\/shop\/"},{"@type":"ListItem","position":3,"name":"Watch Bands","item":"https:\/\/watch-bandit.com\/products\/watch-bands\/"},{"@type":"ListItem","position":4,"name":"Watch Strap Brands","item":"https:\/\/watch-bandit.com\/products\/watch-bands\/watch-strap-brands\/"},{"@type":"ListItem","position":5,"name":"Jelsdal","item":"https:\/\/watch-bandit.com\/products\/watch-bands\/watch-strap-brands\/jelsdal\/"},{"@type":"ListItem","position":6,"name":"Jelsdal &#8211; Skagerak Segeltuch Uhrenarmband &#8211; Schwarz"}]},{"@type":"WebSite","@id":"https:\/\/watch-bandit.com\/#website","url":"https:\/\/watch-bandit.com\/","name":"WATCHBANDIT","description":"Contemporary Wrist Accessories","publisher":{"@id":"https:\/\/watch-bandit.com\/#organization"},"potentialAction":[{"@type":"SearchAction","target":{"@type":"EntryPoint","urlTemplate":"https:\/\/watch-bandit.com\/?s={search_term_string}"},"query-input":"required name=search_term_string"}],"inLanguage":"de-DE"},{"@type":"Organization","@id":"https:\/\/watch-bandit.com\/#organization","name":"WatchBandit","url":"https:\/\/watch-bandit.com\/","logo":{"@type":"ImageObject","inLanguage":"de-DE","@id":"https:\/\/watch-bandit.com\/#\/schema\/logo\/image\/","url":"https:\/\/watchbandit.de\/wp-content\/uploads\/2017\/11\/WB_Logo_557x124.png","contentUrl":"https:\/\/watchbandit.de\/wp-content\/uploads\/2017\/11\/WB_Logo_557x124.png","width":557,"height":124,"caption":"WatchBandit"},"image":{"@id":"https:\/\/watch-bandit.com\/#\/schema\/logo\/image\/"}}]}},"_links":{"self":[{"href":"https:\/\/watch-bandit.com\/de\/wp-json\/wp\/v2\/product\/351799"}],"collection":[{"href":"https:\/\/watch-bandit.com\/de\/wp-json\/wp\/v2\/product"}],"about":[{"href":"https:\/\/watch-bandit.com\/de\/wp-json\/wp\/v2\/types\/product"}],"replies":[{"embeddable":true,"href":"https:\/\/watch-bandit.com\/de\/wp-json\/wp\/v2\/comments?post=351799"}],"wp:featuredmedia":[{"embeddable":true,"href":"https:\/\/watch-bandit.com\/de\/wp-json\/wp\/v2\/media\/352188"}],"wp:attachment":[{"href":"https:\/\/watch-bandit.com\/de\/wp-json\/wp\/v2\/media?parent=351799"}],"wp:term":[{"taxonomy":"product_cat","embeddable":true,"href":"https:\/\/watch-bandit.com\/de\/wp-json\/wp\/v2\/product_cat?post=351799"},{"taxonomy":"product_tag","embeddable":true,"href":"https:\/\/watch-bandit.com\/de\/wp-json\/wp\/v2\/product_tag?post=351799"}],"curies":[{"name":"wp","href":"https:\/\/api.w.org\/{rel}","templated":true}]}}