{"id":352579,"date":"2025-05-12T13:06:39","date_gmt":"2025-05-12T11:06:41","guid":{"rendered":"https:\/\/watchbandit.com\/?post_type=product&#038;p=352579"},"modified":"2026-01-17T20:23:19","modified_gmt":"2026-01-17T19:23:19","slug":"300m-curved-end-kautschuk-uhrenarmband-gruen-wb-original","status":"publish","type":"product","link":"https:\/\/watch-bandit.com\/de\/produkt\/300m-curved-end-kautschuk-uhrenarmband-gruen-wb-original\/","title":{"rendered":"300M Curved-End Kautschuk Uhrenarmband &#8211; Gr\u00fcn | WB Original"},"content":{"rendered":"<h3>Curved-End Kautschuk Uhrenarmband mit abgerundeten Enden f\u00fcr die perfekte Passform<\/h3>\n<p>Unsere WatchBandit Original 300M Uhrenarmb\u00e4nder bestehen aus hochwertigem und haltbarem Fluorkautschuk (FKM). Entworfen in Deutschland, Berlin und zusammen mit den besten Uhrenarmbandfabriken hergestellt, setzen wir unsere jahrelange Erfahrung ein, um Premium-Uhrenarmb\u00e4nder erschwinglich zu machen. Aufgrund ihrer Langlebigkeit, ihres Komforts und ihres einzigartigen Designs wurde das Vintage Style Rubber Armband in den 60er und 70er Jahren f\u00fcr eine Reihe von Sport- und insbesondere Taucheruhren ber\u00fchmt. Dar\u00fcber hinaus waren sie f\u00fcr viele bekannte Uhrenhersteller h\u00e4ufig OEM-Standard. Das Armband hat L\u00f6cher, nicht nur f\u00fcr den Stil, sondern auch um Wasser und Schwei\u00df perfekt abzuleiten.<\/p>\n","protected":false},"excerpt":{"rendered":"<p>Dieses FKM-Kautschukarmband mit abgerundetem Ende haben wir speziell f\u00fcr Seamaster 300M entworfen. Der Kautschuk, den wir f\u00fcr unsere Tropical-B\u00e4nder ausgew\u00e4hlt haben, ist Fluorelastomer, auch bekannt als FKM oder Fluor. Es ist ein extrem hochwertiger Leistungskautschuk, der auch im H\u00e4rtetest lange h\u00e4lt, da er hohen Temperaturen, UV-Strahlung und sogar Chemikalien standh\u00e4lt. Nicht zuletzt ist er sehr weich und angenehm zu tragen. Das Armband hat L\u00f6cher, nicht nur f\u00fcr den Stil, sondern auch um Wasser und Schwei\u00df perfekt abzuleiten. Die Dornschlie\u00dfe besteht aus geb\u00fcrsteten Edelstahl 304L und ist mit einer WB-Gravur versehen.<\/p>\n<p><strong>Material:<\/strong> Hochwertiger, weicher und langlebiger Fluorkautschuk (FKM), mit abgerundeten Enden f\u00fcr eine perfekte Passform<br \/>\n<strong>Schlie\u00dfe:<\/strong> Geb\u00fcrsteter 304L-Stahl mit WB-Logo<br \/>\n<strong>Gr\u00f6\u00dfe:<\/strong> Bandl\u00e4nge: 11,5 cm + 7,5 cm. <strong>Dicke:<\/strong> 3-5 mm <strong>Breite an der Dornschlie\u00dfe:<\/strong> 2 mm weniger als die gew\u00e4hlte Stegbreite<\/p>\n","protected":false},"featured_media":340595,"comment_status":"open","ping_status":"closed","template":"","meta":[],"product_cat":[4311,2836,4304,4432,2837,334,2976],"product_tag":[4562],"yoast_head":"<!-- This site is optimized with the Yoast SEO plugin v21.9 - https:\/\/yoast.com\/wordpress\/plugins\/seo\/ -->\n<title>300M Curved-End Kautschuk Uhrenarmband - Gr\u00fcn | WB Original - WATCHBANDIT<\/title>\n<meta name=\"description\" content=\"Vintage Style Kautschuk Uhrenarmb\u00e4nder bei WatchBandit kaufen \u2713 FKM Kautschuk \u2713 Schnelle Lieferung \u2713 Trusted Shops zertifiziert \u2713\" \/>\n<meta name=\"robots\" content=\"noindex, follow, max-snippet:-1, max-image-preview:large, max-video-preview:-1\" \/>\n<meta property=\"og:locale\" content=\"de_DE\" \/>\n<meta property=\"og:type\" content=\"article\" \/>\n<meta property=\"og:title\" content=\"300M Curved-End Kautschuk Uhrenarmband - Gr\u00fcn | WB Original - WATCHBANDIT\" \/>\n<meta property=\"og:description\" content=\"Vintage Style Kautschuk Uhrenarmb\u00e4nder bei WatchBandit kaufen \u2713 FKM Kautschuk \u2713 Schnelle Lieferung \u2713 Trusted Shops zertifiziert \u2713\" \/>\n<meta property=\"og:url\" content=\"https:\/\/watch-bandit.com\/de\/produkt\/300m-curved-end-kautschuk-uhrenarmband-gruen-wb-original\/\" \/>\n<meta property=\"og:site_name\" content=\"WATCHBANDIT\" \/>\n<meta property=\"article:modified_time\" content=\"2026-01-17T19:23:19+00:00\" \/>\n<meta property=\"og:image\" content=\"https:\/\/watch-bandit.com\/wp-content\/uploads\/2024\/06\/Curved-End-300M-Rubber-Watch-Strap-Green-WB-Original-min.jpg\" \/>\n\t<meta property=\"og:image:width\" content=\"1400\" \/>\n\t<meta property=\"og:image:height\" content=\"1700\" \/>\n\t<meta property=\"og:image:type\" content=\"image\/jpeg\" \/>\n<meta name=\"twitter:label1\" content=\"Gesch\u00e4tzte Lesezeit\" \/>\n\t<meta name=\"twitter:data1\" content=\"1 Minute\" \/>\n<script type=\"application\/ld+json\" class=\"yoast-schema-graph\">{\"@context\":\"https:\/\/schema.org\",\"@graph\":[{\"@type\":\"WebPage\",\"@id\":\"https:\/\/watch-bandit.com\/de\/produkt\/300m-curved-end-kautschuk-uhrenarmband-gruen-wb-original\/\",\"url\":\"https:\/\/watch-bandit.com\/de\/produkt\/300m-curved-end-kautschuk-uhrenarmband-gruen-wb-original\/\",\"name\":\"300M Curved-End Kautschuk Uhrenarmband - Gr\u00fcn | WB Original - WATCHBANDIT\",\"isPartOf\":{\"@id\":\"https:\/\/watch-bandit.com\/#website\"},\"datePublished\":\"2025-05-12T11:06:41+00:00\",\"dateModified\":\"2026-01-17T19:23:19+00:00\",\"description\":\"Vintage Style Kautschuk Uhrenarmb\u00e4nder bei WatchBandit kaufen \u2713 FKM Kautschuk \u2713 Schnelle Lieferung \u2713 Trusted Shops zertifiziert \u2713\",\"breadcrumb\":{\"@id\":\"https:\/\/watch-bandit.com\/de\/produkt\/300m-curved-end-kautschuk-uhrenarmband-gruen-wb-original\/#breadcrumb\"},\"inLanguage\":\"de-DE\",\"potentialAction\":[{\"@type\":\"ReadAction\",\"target\":[\"https:\/\/watch-bandit.com\/de\/produkt\/300m-curved-end-kautschuk-uhrenarmband-gruen-wb-original\/\"]}]},{\"@type\":\"BreadcrumbList\",\"@id\":\"https:\/\/watch-bandit.com\/de\/produkt\/300m-curved-end-kautschuk-uhrenarmband-gruen-wb-original\/#breadcrumb\",\"itemListElement\":[{\"@type\":\"ListItem\",\"position\":1,\"name\":\"Home\",\"item\":\"https:\/\/watchbandit.de\/\"},{\"@type\":\"ListItem\",\"position\":2,\"name\":\"Shop\",\"item\":\"https:\/\/watchbandit.de\/shop\/\"},{\"@type\":\"ListItem\",\"position\":3,\"name\":\"Watch Bands\",\"item\":\"https:\/\/watch-bandit.com\/products\/watch-bands\/\"},{\"@type\":\"ListItem\",\"position\":4,\"name\":\"Watch Strap Brands\",\"item\":\"https:\/\/watch-bandit.com\/products\/watch-bands\/watch-strap-brands\/\"},{\"@type\":\"ListItem\",\"position\":5,\"name\":\"WB Original\",\"item\":\"https:\/\/watch-bandit.com\/products\/watch-bands\/watch-strap-brands\/wb-original\/\"},{\"@type\":\"ListItem\",\"position\":6,\"name\":\"300M Curved-End Kautschuk Uhrenarmband &#8211; Gr\u00fcn | WB Original\"}]},{\"@type\":\"WebSite\",\"@id\":\"https:\/\/watch-bandit.com\/#website\",\"url\":\"https:\/\/watch-bandit.com\/\",\"name\":\"WATCHBANDIT\",\"description\":\"Contemporary Wrist Accessories\",\"publisher\":{\"@id\":\"https:\/\/watch-bandit.com\/#organization\"},\"potentialAction\":[{\"@type\":\"SearchAction\",\"target\":{\"@type\":\"EntryPoint\",\"urlTemplate\":\"https:\/\/watch-bandit.com\/?s={search_term_string}\"},\"query-input\":\"required name=search_term_string\"}],\"inLanguage\":\"de-DE\"},{\"@type\":\"Organization\",\"@id\":\"https:\/\/watch-bandit.com\/#organization\",\"name\":\"WatchBandit\",\"url\":\"https:\/\/watch-bandit.com\/\",\"logo\":{\"@type\":\"ImageObject\",\"inLanguage\":\"de-DE\",\"@id\":\"https:\/\/watch-bandit.com\/#\/schema\/logo\/image\/\",\"url\":\"https:\/\/watchbandit.de\/wp-content\/uploads\/2017\/11\/WB_Logo_557x124.png\",\"contentUrl\":\"https:\/\/watchbandit.de\/wp-content\/uploads\/2017\/11\/WB_Logo_557x124.png\",\"width\":557,\"height\":124,\"caption\":\"WatchBandit\"},\"image\":{\"@id\":\"https:\/\/watch-bandit.com\/#\/schema\/logo\/image\/\"}}]}<\/script>\n<!-- \/ Yoast SEO plugin. -->","yoast_head_json":{"title":"300M Curved-End Kautschuk Uhrenarmband - Gr\u00fcn | WB Original - WATCHBANDIT","description":"Vintage Style Kautschuk Uhrenarmb\u00e4nder bei WatchBandit kaufen \u2713 FKM Kautschuk \u2713 Schnelle Lieferung \u2713 Trusted Shops zertifiziert \u2713","robots":{"index":"noindex","follow":"follow","max-snippet":"max-snippet:-1","max-image-preview":"max-image-preview:large","max-video-preview":"max-video-preview:-1"},"og_locale":"de_DE","og_type":"article","og_title":"300M Curved-End Kautschuk Uhrenarmband - Gr\u00fcn | WB Original - WATCHBANDIT","og_description":"Vintage Style Kautschuk Uhrenarmb\u00e4nder bei WatchBandit kaufen \u2713 FKM Kautschuk \u2713 Schnelle Lieferung \u2713 Trusted Shops zertifiziert \u2713","og_url":"https:\/\/watch-bandit.com\/de\/produkt\/300m-curved-end-kautschuk-uhrenarmband-gruen-wb-original\/","og_site_name":"WATCHBANDIT","article_modified_time":"2026-01-17T19:23:19+00:00","og_image":[{"width":1400,"height":1700,"url":"https:\/\/watch-bandit.com\/wp-content\/uploads\/2024\/06\/Curved-End-300M-Rubber-Watch-Strap-Green-WB-Original-min.jpg","type":"image\/jpeg"}],"twitter_misc":{"Gesch\u00e4tzte Lesezeit":"1 Minute"},"schema":{"@context":"https:\/\/schema.org","@graph":[{"@type":"WebPage","@id":"https:\/\/watch-bandit.com\/de\/produkt\/300m-curved-end-kautschuk-uhrenarmband-gruen-wb-original\/","url":"https:\/\/watch-bandit.com\/de\/produkt\/300m-curved-end-kautschuk-uhrenarmband-gruen-wb-original\/","name":"300M Curved-End Kautschuk Uhrenarmband - Gr\u00fcn | WB Original - WATCHBANDIT","isPartOf":{"@id":"https:\/\/watch-bandit.com\/#website"},"datePublished":"2025-05-12T11:06:41+00:00","dateModified":"2026-01-17T19:23:19+00:00","description":"Vintage Style Kautschuk Uhrenarmb\u00e4nder bei WatchBandit kaufen \u2713 FKM Kautschuk \u2713 Schnelle Lieferung \u2713 Trusted Shops zertifiziert \u2713","breadcrumb":{"@id":"https:\/\/watch-bandit.com\/de\/produkt\/300m-curved-end-kautschuk-uhrenarmband-gruen-wb-original\/#breadcrumb"},"inLanguage":"de-DE","potentialAction":[{"@type":"ReadAction","target":["https:\/\/watch-bandit.com\/de\/produkt\/300m-curved-end-kautschuk-uhrenarmband-gruen-wb-original\/"]}]},{"@type":"BreadcrumbList","@id":"https:\/\/watch-bandit.com\/de\/produkt\/300m-curved-end-kautschuk-uhrenarmband-gruen-wb-original\/#breadcrumb","itemListElement":[{"@type":"ListItem","position":1,"name":"Home","item":"https:\/\/watchbandit.de\/"},{"@type":"ListItem","position":2,"name":"Shop","item":"https:\/\/watchbandit.de\/shop\/"},{"@type":"ListItem","position":3,"name":"Watch Bands","item":"https:\/\/watch-bandit.com\/products\/watch-bands\/"},{"@type":"ListItem","position":4,"name":"Watch Strap Brands","item":"https:\/\/watch-bandit.com\/products\/watch-bands\/watch-strap-brands\/"},{"@type":"ListItem","position":5,"name":"WB Original","item":"https:\/\/watch-bandit.com\/products\/watch-bands\/watch-strap-brands\/wb-original\/"},{"@type":"ListItem","position":6,"name":"300M Curved-End Kautschuk Uhrenarmband &#8211; Gr\u00fcn | WB Original"}]},{"@type":"WebSite","@id":"https:\/\/watch-bandit.com\/#website","url":"https:\/\/watch-bandit.com\/","name":"WATCHBANDIT","description":"Contemporary Wrist Accessories","publisher":{"@id":"https:\/\/watch-bandit.com\/#organization"},"potentialAction":[{"@type":"SearchAction","target":{"@type":"EntryPoint","urlTemplate":"https:\/\/watch-bandit.com\/?s={search_term_string}"},"query-input":"required name=search_term_string"}],"inLanguage":"de-DE"},{"@type":"Organization","@id":"https:\/\/watch-bandit.com\/#organization","name":"WatchBandit","url":"https:\/\/watch-bandit.com\/","logo":{"@type":"ImageObject","inLanguage":"de-DE","@id":"https:\/\/watch-bandit.com\/#\/schema\/logo\/image\/","url":"https:\/\/watchbandit.de\/wp-content\/uploads\/2017\/11\/WB_Logo_557x124.png","contentUrl":"https:\/\/watchbandit.de\/wp-content\/uploads\/2017\/11\/WB_Logo_557x124.png","width":557,"height":124,"caption":"WatchBandit"},"image":{"@id":"https:\/\/watch-bandit.com\/#\/schema\/logo\/image\/"}}]}},"_links":{"self":[{"href":"https:\/\/watch-bandit.com\/de\/wp-json\/wp\/v2\/product\/352579"}],"collection":[{"href":"https:\/\/watch-bandit.com\/de\/wp-json\/wp\/v2\/product"}],"about":[{"href":"https:\/\/watch-bandit.com\/de\/wp-json\/wp\/v2\/types\/product"}],"replies":[{"embeddable":true,"href":"https:\/\/watch-bandit.com\/de\/wp-json\/wp\/v2\/comments?post=352579"}],"wp:featuredmedia":[{"embeddable":true,"href":"https:\/\/watch-bandit.com\/de\/wp-json\/wp\/v2\/media\/340595"}],"wp:attachment":[{"href":"https:\/\/watch-bandit.com\/de\/wp-json\/wp\/v2\/media?parent=352579"}],"wp:term":[{"taxonomy":"product_cat","embeddable":true,"href":"https:\/\/watch-bandit.com\/de\/wp-json\/wp\/v2\/product_cat?post=352579"},{"taxonomy":"product_tag","embeddable":true,"href":"https:\/\/watch-bandit.com\/de\/wp-json\/wp\/v2\/product_tag?post=352579"}],"curies":[{"name":"wp","href":"https:\/\/api.w.org\/{rel}","templated":true}]}}