{"id":352830,"date":"2025-05-16T12:01:08","date_gmt":"2025-05-16T10:01:09","guid":{"rendered":"https:\/\/watchbandit.com\/?post_type=product&#038;p=352830"},"modified":"2025-05-16T13:09:11","modified_gmt":"2025-05-16T11:09:11","slug":"hanhart-pioneer-one-schwarz-42-mm-schwarzes-leder","status":"publish","type":"product","link":"https:\/\/watch-bandit.com\/de\/produkt\/hanhart-pioneer-one-schwarz-42-mm-schwarzes-leder\/","title":{"rendered":"Hanhart &#8211; PIONEER One &#8211; Schwarz &#8211; 42 mm &#8211; Schwarzes Leder"},"content":{"rendered":"<h2>PIONEER One \u2013 Ein moderner Klassiker mit historischen Wurzeln<\/h2>\n<p>Die Hanhart PIONEER One ist eine Hommage an einen der legend\u00e4rsten Fliegerchronographen der 1950er Jahre: die legend\u00e4re 417 ES. Das Original war ein Flyback-Chronograph f\u00fcr die deutsche Luftwaffe, doch die PIONEER One interpretiert dessen Design als reines Zeitmodell neu und verbindet Vintage-Charakter mit moderner Technologie.<\/p>\n<p>Das Design von Zifferblatt, Ziffern und Kathedralzeigern ist eng an die historische 417 ES angelehnt, w\u00e4hrend der Verzicht auf eine Chronographenfunktion f\u00fcr ein klares und ausgewogenes Erscheinungsbild sorgt. Super-LumiNova\u00ae auf den Zeigern und arabischen Ziffern sorgt f\u00fcr hervorragende Ablesbarkeit auch bei schlechten Lichtverh\u00e4ltnissen und bewahrt den funktionalen Charakter einer Fliegeruhr.<\/p>\n<p>Mit einem Edelstahlgeh\u00e4use von 42 mm Durchmesser und 12 mm H\u00f6he bietet die PIONEER One robusten und dennoch hohen Tragekomfort. Das charakteristische genietete Lederarmband von Hanhart unterstreicht den Vintage-Milit\u00e4r-Look. Ein gew\u00f6lbtes Saphirglas und ein Automatikwerk machen diese Uhr zu einem zuverl\u00e4ssigen Begleiter f\u00fcr alle Abenteuer des Alltags.<\/p>\n<p>Die PIONEER One ist ein eleganter Einstieg in die Welt von Hanhart \u2013 eine Uhr f\u00fcr die Gegenwart, mit der Seele der 1950er Jahre.<\/p>\n","protected":false},"excerpt":{"rendered":"<p>Inspiriert vom legend\u00e4ren Hanhart 417 ES Chronographen der 1950er Jahre bringt die PIONEER One zeitloses Milit\u00e4rerbe an das moderne Handgelenk. Mit ihrem klaren, Super-LumiNova\u00ae-beschichteten Dreizeiger-Layout, der Vintage-\u00c4sthetik und der modernen Konstruktion ist sie der perfekte Begleiter f\u00fcr alle, die klassisches Design und zuverl\u00e4ssige Leistung sch\u00e4tzen.<\/p>\n<p><strong>Uhrwerk<\/strong>: Automatisches Sellita SW200 mit 38 Stunden Gangreserve, 28.800 Halbschwingungen pro Stunde, 4 Hz, 26 Steine<br \/>\n<strong>Geh\u00e4use<\/strong>: Edelstahl 316L mit 42 mm Durchmesser und 12 mm H\u00f6he, geriffelte L\u00fcnette mit roter Markierung, verschraubter Geh\u00e4useboden<br \/>\n<strong>Glas<\/strong>: Saphirglas innen entspiegelt<br \/>\n<strong>Armband<\/strong>: Schwarzes Kalbsleder<br \/>\n<strong>Wasserdichtigkeit<\/strong>: 10 ATM \/ 100 Meter \/ 10 Bar gem\u00e4\u00df DIN 8310<\/p>\n","protected":false},"featured_media":352836,"comment_status":"open","ping_status":"closed","template":"","meta":[],"product_cat":[4570,4623,37],"product_tag":[],"yoast_head":"<!-- This site is optimized with the Yoast SEO plugin v21.9 - https:\/\/yoast.com\/wordpress\/plugins\/seo\/ -->\n<title>Hanhart - PIONEER One - Schwarz - 42 mm - Schwarzes Leder - WATCHBANDIT<\/title>\n<meta name=\"description\" content=\"Hanhart Uhren bei WatchBandit kaufen \u2705 Autorisierter H\u00e4ndler \ud83c\udde9\ud83c\uddea Made in Germany \ud83c\udde9\ud83c\uddea Trusted Shops \u2705 Kostenlose Lieferung \u2705\" \/>\n<meta name=\"robots\" content=\"noindex, follow, max-snippet:-1, max-image-preview:large, max-video-preview:-1\" \/>\n<meta property=\"og:locale\" content=\"de_DE\" \/>\n<meta property=\"og:type\" content=\"article\" \/>\n<meta property=\"og:title\" content=\"Hanhart - PIONEER One - Schwarz - 42 mm - Schwarzes Leder - WATCHBANDIT\" \/>\n<meta property=\"og:description\" content=\"Hanhart Uhren bei WatchBandit kaufen \u2705 Autorisierter H\u00e4ndler \ud83c\udde9\ud83c\uddea Made in Germany \ud83c\udde9\ud83c\uddea Trusted Shops \u2705 Kostenlose Lieferung \u2705\" \/>\n<meta property=\"og:url\" content=\"https:\/\/watch-bandit.com\/de\/produkt\/hanhart-pioneer-one-schwarz-42-mm-schwarzes-leder\/\" \/>\n<meta property=\"og:site_name\" content=\"WATCHBANDIT\" \/>\n<meta property=\"article:modified_time\" content=\"2025-05-16T11:09:11+00:00\" \/>\n<meta property=\"og:image\" content=\"https:\/\/watch-bandit.com\/wp-content\/uploads\/2025\/05\/hanhart-pioneer-one-black-42-mm-black-leather.webp\" \/>\n\t<meta property=\"og:image:width\" content=\"1400\" \/>\n\t<meta property=\"og:image:height\" content=\"1400\" \/>\n\t<meta property=\"og:image:type\" content=\"image\/webp\" \/>\n<meta name=\"twitter:label1\" content=\"Gesch\u00e4tzte Lesezeit\" \/>\n\t<meta name=\"twitter:data1\" content=\"1 Minute\" \/>\n<script type=\"application\/ld+json\" class=\"yoast-schema-graph\">{\"@context\":\"https:\/\/schema.org\",\"@graph\":[{\"@type\":\"WebPage\",\"@id\":\"https:\/\/watch-bandit.com\/de\/produkt\/hanhart-pioneer-one-schwarz-42-mm-schwarzes-leder\/\",\"url\":\"https:\/\/watch-bandit.com\/de\/produkt\/hanhart-pioneer-one-schwarz-42-mm-schwarzes-leder\/\",\"name\":\"Hanhart - PIONEER One - Schwarz - 42 mm - Schwarzes Leder - WATCHBANDIT\",\"isPartOf\":{\"@id\":\"https:\/\/watch-bandit.com\/#website\"},\"datePublished\":\"2025-05-16T10:01:09+00:00\",\"dateModified\":\"2025-05-16T11:09:11+00:00\",\"description\":\"Hanhart Uhren bei WatchBandit kaufen \u2705 Autorisierter H\u00e4ndler \ud83c\udde9\ud83c\uddea Made in Germany \ud83c\udde9\ud83c\uddea Trusted Shops \u2705 Kostenlose Lieferung \u2705\",\"breadcrumb\":{\"@id\":\"https:\/\/watch-bandit.com\/de\/produkt\/hanhart-pioneer-one-schwarz-42-mm-schwarzes-leder\/#breadcrumb\"},\"inLanguage\":\"de-DE\",\"potentialAction\":[{\"@type\":\"ReadAction\",\"target\":[\"https:\/\/watch-bandit.com\/de\/produkt\/hanhart-pioneer-one-schwarz-42-mm-schwarzes-leder\/\"]}]},{\"@type\":\"BreadcrumbList\",\"@id\":\"https:\/\/watch-bandit.com\/de\/produkt\/hanhart-pioneer-one-schwarz-42-mm-schwarzes-leder\/#breadcrumb\",\"itemListElement\":[{\"@type\":\"ListItem\",\"position\":1,\"name\":\"Home\",\"item\":\"https:\/\/watchbandit.de\/\"},{\"@type\":\"ListItem\",\"position\":2,\"name\":\"Shop\",\"item\":\"https:\/\/watchbandit.de\/shop\/\"},{\"@type\":\"ListItem\",\"position\":3,\"name\":\"Watches\",\"item\":\"https:\/\/watch-bandit.com\/products\/watches\/\"},{\"@type\":\"ListItem\",\"position\":4,\"name\":\"Hanhart &#8211; PIONEER One &#8211; Schwarz &#8211; 42 mm &#8211; Schwarzes Leder\"}]},{\"@type\":\"WebSite\",\"@id\":\"https:\/\/watch-bandit.com\/#website\",\"url\":\"https:\/\/watch-bandit.com\/\",\"name\":\"WATCHBANDIT\",\"description\":\"Contemporary Wrist Accessories\",\"publisher\":{\"@id\":\"https:\/\/watch-bandit.com\/#organization\"},\"potentialAction\":[{\"@type\":\"SearchAction\",\"target\":{\"@type\":\"EntryPoint\",\"urlTemplate\":\"https:\/\/watch-bandit.com\/?s={search_term_string}\"},\"query-input\":\"required name=search_term_string\"}],\"inLanguage\":\"de-DE\"},{\"@type\":\"Organization\",\"@id\":\"https:\/\/watch-bandit.com\/#organization\",\"name\":\"WatchBandit\",\"url\":\"https:\/\/watch-bandit.com\/\",\"logo\":{\"@type\":\"ImageObject\",\"inLanguage\":\"de-DE\",\"@id\":\"https:\/\/watch-bandit.com\/#\/schema\/logo\/image\/\",\"url\":\"https:\/\/watchbandit.de\/wp-content\/uploads\/2017\/11\/WB_Logo_557x124.png\",\"contentUrl\":\"https:\/\/watchbandit.de\/wp-content\/uploads\/2017\/11\/WB_Logo_557x124.png\",\"width\":557,\"height\":124,\"caption\":\"WatchBandit\"},\"image\":{\"@id\":\"https:\/\/watch-bandit.com\/#\/schema\/logo\/image\/\"}}]}<\/script>\n<!-- \/ Yoast SEO plugin. -->","yoast_head_json":{"title":"Hanhart - PIONEER One - Schwarz - 42 mm - Schwarzes Leder - WATCHBANDIT","description":"Hanhart Uhren bei WatchBandit kaufen \u2705 Autorisierter H\u00e4ndler \ud83c\udde9\ud83c\uddea Made in Germany \ud83c\udde9\ud83c\uddea Trusted Shops \u2705 Kostenlose Lieferung \u2705","robots":{"index":"noindex","follow":"follow","max-snippet":"max-snippet:-1","max-image-preview":"max-image-preview:large","max-video-preview":"max-video-preview:-1"},"og_locale":"de_DE","og_type":"article","og_title":"Hanhart - PIONEER One - Schwarz - 42 mm - Schwarzes Leder - WATCHBANDIT","og_description":"Hanhart Uhren bei WatchBandit kaufen \u2705 Autorisierter H\u00e4ndler \ud83c\udde9\ud83c\uddea Made in Germany \ud83c\udde9\ud83c\uddea Trusted Shops \u2705 Kostenlose Lieferung \u2705","og_url":"https:\/\/watch-bandit.com\/de\/produkt\/hanhart-pioneer-one-schwarz-42-mm-schwarzes-leder\/","og_site_name":"WATCHBANDIT","article_modified_time":"2025-05-16T11:09:11+00:00","og_image":[{"width":1400,"height":1400,"url":"https:\/\/watch-bandit.com\/wp-content\/uploads\/2025\/05\/hanhart-pioneer-one-black-42-mm-black-leather.webp","type":"image\/webp"}],"twitter_misc":{"Gesch\u00e4tzte Lesezeit":"1 Minute"},"schema":{"@context":"https:\/\/schema.org","@graph":[{"@type":"WebPage","@id":"https:\/\/watch-bandit.com\/de\/produkt\/hanhart-pioneer-one-schwarz-42-mm-schwarzes-leder\/","url":"https:\/\/watch-bandit.com\/de\/produkt\/hanhart-pioneer-one-schwarz-42-mm-schwarzes-leder\/","name":"Hanhart - PIONEER One - Schwarz - 42 mm - Schwarzes Leder - WATCHBANDIT","isPartOf":{"@id":"https:\/\/watch-bandit.com\/#website"},"datePublished":"2025-05-16T10:01:09+00:00","dateModified":"2025-05-16T11:09:11+00:00","description":"Hanhart Uhren bei WatchBandit kaufen \u2705 Autorisierter H\u00e4ndler \ud83c\udde9\ud83c\uddea Made in Germany \ud83c\udde9\ud83c\uddea Trusted Shops \u2705 Kostenlose Lieferung \u2705","breadcrumb":{"@id":"https:\/\/watch-bandit.com\/de\/produkt\/hanhart-pioneer-one-schwarz-42-mm-schwarzes-leder\/#breadcrumb"},"inLanguage":"de-DE","potentialAction":[{"@type":"ReadAction","target":["https:\/\/watch-bandit.com\/de\/produkt\/hanhart-pioneer-one-schwarz-42-mm-schwarzes-leder\/"]}]},{"@type":"BreadcrumbList","@id":"https:\/\/watch-bandit.com\/de\/produkt\/hanhart-pioneer-one-schwarz-42-mm-schwarzes-leder\/#breadcrumb","itemListElement":[{"@type":"ListItem","position":1,"name":"Home","item":"https:\/\/watchbandit.de\/"},{"@type":"ListItem","position":2,"name":"Shop","item":"https:\/\/watchbandit.de\/shop\/"},{"@type":"ListItem","position":3,"name":"Watches","item":"https:\/\/watch-bandit.com\/products\/watches\/"},{"@type":"ListItem","position":4,"name":"Hanhart &#8211; PIONEER One &#8211; Schwarz &#8211; 42 mm &#8211; Schwarzes Leder"}]},{"@type":"WebSite","@id":"https:\/\/watch-bandit.com\/#website","url":"https:\/\/watch-bandit.com\/","name":"WATCHBANDIT","description":"Contemporary Wrist Accessories","publisher":{"@id":"https:\/\/watch-bandit.com\/#organization"},"potentialAction":[{"@type":"SearchAction","target":{"@type":"EntryPoint","urlTemplate":"https:\/\/watch-bandit.com\/?s={search_term_string}"},"query-input":"required name=search_term_string"}],"inLanguage":"de-DE"},{"@type":"Organization","@id":"https:\/\/watch-bandit.com\/#organization","name":"WatchBandit","url":"https:\/\/watch-bandit.com\/","logo":{"@type":"ImageObject","inLanguage":"de-DE","@id":"https:\/\/watch-bandit.com\/#\/schema\/logo\/image\/","url":"https:\/\/watchbandit.de\/wp-content\/uploads\/2017\/11\/WB_Logo_557x124.png","contentUrl":"https:\/\/watchbandit.de\/wp-content\/uploads\/2017\/11\/WB_Logo_557x124.png","width":557,"height":124,"caption":"WatchBandit"},"image":{"@id":"https:\/\/watch-bandit.com\/#\/schema\/logo\/image\/"}}]}},"_links":{"self":[{"href":"https:\/\/watch-bandit.com\/de\/wp-json\/wp\/v2\/product\/352830"}],"collection":[{"href":"https:\/\/watch-bandit.com\/de\/wp-json\/wp\/v2\/product"}],"about":[{"href":"https:\/\/watch-bandit.com\/de\/wp-json\/wp\/v2\/types\/product"}],"replies":[{"embeddable":true,"href":"https:\/\/watch-bandit.com\/de\/wp-json\/wp\/v2\/comments?post=352830"}],"wp:featuredmedia":[{"embeddable":true,"href":"https:\/\/watch-bandit.com\/de\/wp-json\/wp\/v2\/media\/352836"}],"wp:attachment":[{"href":"https:\/\/watch-bandit.com\/de\/wp-json\/wp\/v2\/media?parent=352830"}],"wp:term":[{"taxonomy":"product_cat","embeddable":true,"href":"https:\/\/watch-bandit.com\/de\/wp-json\/wp\/v2\/product_cat?post=352830"},{"taxonomy":"product_tag","embeddable":true,"href":"https:\/\/watch-bandit.com\/de\/wp-json\/wp\/v2\/product_tag?post=352830"}],"curies":[{"name":"wp","href":"https:\/\/api.w.org\/{rel}","templated":true}]}}