{"id":353150,"date":"2025-05-20T16:58:16","date_gmt":"2025-05-20T14:58:16","guid":{"rendered":"https:\/\/watchbandit.com\/?post_type=product&#038;p=353150"},"modified":"2025-05-20T17:56:11","modified_gmt":"2025-05-20T15:56:11","slug":"hanhart-pioneer-mk-ii-reverse-panda-40-mm-schwarzes-leder","status":"publish","type":"product","link":"https:\/\/watch-bandit.com\/de\/produkt\/hanhart-pioneer-mk-ii-reverse-panda-40-mm-schwarzes-leder\/","title":{"rendered":"Hanhart &#8211; PIONEER Mk II &#8211; Reverse Panda &#8211; 40 mm &#8211; Schwarzes Leder"},"content":{"rendered":"<h2>PIONEER Mk II \u2013 Eine Chronographen-Ikone, neu aufgelegt<\/h2>\n<p>Die Uhr ist in einem 40-mm-Edelstahlgeh\u00e4use mit geschlossenem, verschraubtem Geh\u00e4useboden untergebracht, alltagstauglich und wasserdicht bis 10 bar. Der Vintage-Look wird durch ein robustes Lederarmband mit Hanharts charakteristischen Stahlnieten unterstrichen, w\u00e4hrend das gew\u00f6lbte Saphirglas und das antikwei\u00dfe Zifferblatt die \u00c4sthetik des historischen Piloten widerspiegeln. Im Inneren sorgt ein zuverl\u00e4ssiges Automatikwerk f\u00fcr Pr\u00e4zision, erg\u00e4nzt durch Hanharts charakteristischen Stil \u2013 klares Zifferblattdesign, Kathedralzeiger und roter Chronographendr\u00fccker. Ob als Sammlerst\u00fcck oder Alltagsbegleiter \u2013 die PIONEER Mk I ist eine eindrucksvolle Erinnerung an die Anf\u00e4nge. Gefertigt im Schwarzwald, verk\u00f6rpert sie Hanharts Engagement f\u00fcr bahnbrechende Funktionalit\u00e4t und zeitloses Design.<\/p>\n","protected":false},"excerpt":{"rendered":"<p>Das Modell PIONEER Mk II basiert auf Hanharts erstem Fliegerchronographen von 1939. Es verf\u00fcgt \u00fcber zwei Dr\u00fccker, den oberen asymmetrisch versetzt, den unteren in markantem Rot. Mit Vintage-Stil, Flyback-inspiriertem Uhrwerk und moderner Konstruktion ist es ein einzigartiger Zeitmesser, der Geschichte und Funktionalit\u00e4t f\u00fcr den Alltag vereint.<\/p>\n<p>Uhrwerk: Automatisches Chronographenwerk HAN3703 (Basis: ETA7753), 42 Stunden Gangreserve nach Vollaufzug, 28.800 A\/h, 4 Hz, 27 Steine<br \/>\n<strong>Geh\u00e4use<\/strong>: Mattierter 316L-Edelstahl mit 40 mm Durchmesser und 15 mm H\u00f6he, verschraubtem Geh\u00e4useboden, geriffelter L\u00fcnette mit roter Markierung, gro\u00dfer Krone und rotem Dr\u00fccker<br \/>\n<strong>Glas<\/strong>: Konvexes, beidseitig entspiegeltes Saphirglas<br \/>\n<strong>Armband<\/strong>: 20 mm breites, schwarzes Kalbslederarmband mit Nieten<br \/>\n<strong>Wasserdichtigkeit<\/strong>: 10 ATM \/ 100 Meter \/ 10 Bar gem\u00e4\u00df DIN 8310<\/p>\n","protected":false},"featured_media":353156,"comment_status":"open","ping_status":"closed","template":"","meta":[],"product_cat":[4570,4623,37],"product_tag":[],"yoast_head":"<!-- This site is optimized with the Yoast SEO plugin v21.9 - https:\/\/yoast.com\/wordpress\/plugins\/seo\/ -->\n<title>Hanhart - PIONEER Mk II - Reverse Panda - 40 mm - Schwarzes Leder - WATCHBANDIT<\/title>\n<meta name=\"description\" content=\"Hanhart Uhren bei WatchBandit kaufen \u2705 Autorisierter H\u00e4ndler \ud83c\udde9\ud83c\uddea Made in Germany \ud83c\udde9\ud83c\uddea Trusted Shops \u2705 Kostenlose Lieferung \u2705\" \/>\n<meta name=\"robots\" content=\"noindex, follow, max-snippet:-1, max-image-preview:large, max-video-preview:-1\" \/>\n<meta property=\"og:locale\" content=\"de_DE\" \/>\n<meta property=\"og:type\" content=\"article\" \/>\n<meta property=\"og:title\" content=\"Hanhart - PIONEER Mk II - Reverse Panda - 40 mm - Schwarzes Leder - WATCHBANDIT\" \/>\n<meta property=\"og:description\" content=\"Hanhart Uhren bei WatchBandit kaufen \u2705 Autorisierter H\u00e4ndler \ud83c\udde9\ud83c\uddea Made in Germany \ud83c\udde9\ud83c\uddea Trusted Shops \u2705 Kostenlose Lieferung \u2705\" \/>\n<meta property=\"og:url\" content=\"https:\/\/watch-bandit.com\/de\/produkt\/hanhart-pioneer-mk-ii-reverse-panda-40-mm-schwarzes-leder\/\" \/>\n<meta property=\"og:site_name\" content=\"WATCHBANDIT\" \/>\n<meta property=\"article:modified_time\" content=\"2025-05-20T15:56:11+00:00\" \/>\n<meta property=\"og:image\" content=\"https:\/\/watch-bandit.com\/wp-content\/uploads\/2025\/05\/hanhart-pioneer-mk-ii-reverse-panda-40-mm.webp\" \/>\n\t<meta property=\"og:image:width\" content=\"1400\" \/>\n\t<meta property=\"og:image:height\" content=\"1400\" \/>\n\t<meta property=\"og:image:type\" content=\"image\/webp\" \/>\n<meta name=\"twitter:label1\" content=\"Gesch\u00e4tzte Lesezeit\" \/>\n\t<meta name=\"twitter:data1\" content=\"1 Minute\" \/>\n<script type=\"application\/ld+json\" class=\"yoast-schema-graph\">{\"@context\":\"https:\/\/schema.org\",\"@graph\":[{\"@type\":\"WebPage\",\"@id\":\"https:\/\/watch-bandit.com\/de\/produkt\/hanhart-pioneer-mk-ii-reverse-panda-40-mm-schwarzes-leder\/\",\"url\":\"https:\/\/watch-bandit.com\/de\/produkt\/hanhart-pioneer-mk-ii-reverse-panda-40-mm-schwarzes-leder\/\",\"name\":\"Hanhart - PIONEER Mk II - Reverse Panda - 40 mm - Schwarzes Leder - WATCHBANDIT\",\"isPartOf\":{\"@id\":\"https:\/\/watch-bandit.com\/#website\"},\"datePublished\":\"2025-05-20T14:58:16+00:00\",\"dateModified\":\"2025-05-20T15:56:11+00:00\",\"description\":\"Hanhart Uhren bei WatchBandit kaufen \u2705 Autorisierter H\u00e4ndler \ud83c\udde9\ud83c\uddea Made in Germany \ud83c\udde9\ud83c\uddea Trusted Shops \u2705 Kostenlose Lieferung \u2705\",\"breadcrumb\":{\"@id\":\"https:\/\/watch-bandit.com\/de\/produkt\/hanhart-pioneer-mk-ii-reverse-panda-40-mm-schwarzes-leder\/#breadcrumb\"},\"inLanguage\":\"de-DE\",\"potentialAction\":[{\"@type\":\"ReadAction\",\"target\":[\"https:\/\/watch-bandit.com\/de\/produkt\/hanhart-pioneer-mk-ii-reverse-panda-40-mm-schwarzes-leder\/\"]}]},{\"@type\":\"BreadcrumbList\",\"@id\":\"https:\/\/watch-bandit.com\/de\/produkt\/hanhart-pioneer-mk-ii-reverse-panda-40-mm-schwarzes-leder\/#breadcrumb\",\"itemListElement\":[{\"@type\":\"ListItem\",\"position\":1,\"name\":\"Home\",\"item\":\"https:\/\/watchbandit.de\/\"},{\"@type\":\"ListItem\",\"position\":2,\"name\":\"Shop\",\"item\":\"https:\/\/watchbandit.de\/shop\/\"},{\"@type\":\"ListItem\",\"position\":3,\"name\":\"Watches\",\"item\":\"https:\/\/watch-bandit.com\/products\/watches\/\"},{\"@type\":\"ListItem\",\"position\":4,\"name\":\"Hanhart &#8211; PIONEER Mk II &#8211; Reverse Panda &#8211; 40 mm &#8211; Schwarzes Leder\"}]},{\"@type\":\"WebSite\",\"@id\":\"https:\/\/watch-bandit.com\/#website\",\"url\":\"https:\/\/watch-bandit.com\/\",\"name\":\"WATCHBANDIT\",\"description\":\"Contemporary Wrist Accessories\",\"publisher\":{\"@id\":\"https:\/\/watch-bandit.com\/#organization\"},\"potentialAction\":[{\"@type\":\"SearchAction\",\"target\":{\"@type\":\"EntryPoint\",\"urlTemplate\":\"https:\/\/watch-bandit.com\/?s={search_term_string}\"},\"query-input\":\"required name=search_term_string\"}],\"inLanguage\":\"de-DE\"},{\"@type\":\"Organization\",\"@id\":\"https:\/\/watch-bandit.com\/#organization\",\"name\":\"WatchBandit\",\"url\":\"https:\/\/watch-bandit.com\/\",\"logo\":{\"@type\":\"ImageObject\",\"inLanguage\":\"de-DE\",\"@id\":\"https:\/\/watch-bandit.com\/#\/schema\/logo\/image\/\",\"url\":\"https:\/\/watchbandit.de\/wp-content\/uploads\/2017\/11\/WB_Logo_557x124.png\",\"contentUrl\":\"https:\/\/watchbandit.de\/wp-content\/uploads\/2017\/11\/WB_Logo_557x124.png\",\"width\":557,\"height\":124,\"caption\":\"WatchBandit\"},\"image\":{\"@id\":\"https:\/\/watch-bandit.com\/#\/schema\/logo\/image\/\"}}]}<\/script>\n<!-- \/ Yoast SEO plugin. -->","yoast_head_json":{"title":"Hanhart - PIONEER Mk II - Reverse Panda - 40 mm - Schwarzes Leder - WATCHBANDIT","description":"Hanhart Uhren bei WatchBandit kaufen \u2705 Autorisierter H\u00e4ndler \ud83c\udde9\ud83c\uddea Made in Germany \ud83c\udde9\ud83c\uddea Trusted Shops \u2705 Kostenlose Lieferung \u2705","robots":{"index":"noindex","follow":"follow","max-snippet":"max-snippet:-1","max-image-preview":"max-image-preview:large","max-video-preview":"max-video-preview:-1"},"og_locale":"de_DE","og_type":"article","og_title":"Hanhart - PIONEER Mk II - Reverse Panda - 40 mm - Schwarzes Leder - WATCHBANDIT","og_description":"Hanhart Uhren bei WatchBandit kaufen \u2705 Autorisierter H\u00e4ndler \ud83c\udde9\ud83c\uddea Made in Germany \ud83c\udde9\ud83c\uddea Trusted Shops \u2705 Kostenlose Lieferung \u2705","og_url":"https:\/\/watch-bandit.com\/de\/produkt\/hanhart-pioneer-mk-ii-reverse-panda-40-mm-schwarzes-leder\/","og_site_name":"WATCHBANDIT","article_modified_time":"2025-05-20T15:56:11+00:00","og_image":[{"width":1400,"height":1400,"url":"https:\/\/watch-bandit.com\/wp-content\/uploads\/2025\/05\/hanhart-pioneer-mk-ii-reverse-panda-40-mm.webp","type":"image\/webp"}],"twitter_misc":{"Gesch\u00e4tzte Lesezeit":"1 Minute"},"schema":{"@context":"https:\/\/schema.org","@graph":[{"@type":"WebPage","@id":"https:\/\/watch-bandit.com\/de\/produkt\/hanhart-pioneer-mk-ii-reverse-panda-40-mm-schwarzes-leder\/","url":"https:\/\/watch-bandit.com\/de\/produkt\/hanhart-pioneer-mk-ii-reverse-panda-40-mm-schwarzes-leder\/","name":"Hanhart - PIONEER Mk II - Reverse Panda - 40 mm - Schwarzes Leder - WATCHBANDIT","isPartOf":{"@id":"https:\/\/watch-bandit.com\/#website"},"datePublished":"2025-05-20T14:58:16+00:00","dateModified":"2025-05-20T15:56:11+00:00","description":"Hanhart Uhren bei WatchBandit kaufen \u2705 Autorisierter H\u00e4ndler \ud83c\udde9\ud83c\uddea Made in Germany \ud83c\udde9\ud83c\uddea Trusted Shops \u2705 Kostenlose Lieferung \u2705","breadcrumb":{"@id":"https:\/\/watch-bandit.com\/de\/produkt\/hanhart-pioneer-mk-ii-reverse-panda-40-mm-schwarzes-leder\/#breadcrumb"},"inLanguage":"de-DE","potentialAction":[{"@type":"ReadAction","target":["https:\/\/watch-bandit.com\/de\/produkt\/hanhart-pioneer-mk-ii-reverse-panda-40-mm-schwarzes-leder\/"]}]},{"@type":"BreadcrumbList","@id":"https:\/\/watch-bandit.com\/de\/produkt\/hanhart-pioneer-mk-ii-reverse-panda-40-mm-schwarzes-leder\/#breadcrumb","itemListElement":[{"@type":"ListItem","position":1,"name":"Home","item":"https:\/\/watchbandit.de\/"},{"@type":"ListItem","position":2,"name":"Shop","item":"https:\/\/watchbandit.de\/shop\/"},{"@type":"ListItem","position":3,"name":"Watches","item":"https:\/\/watch-bandit.com\/products\/watches\/"},{"@type":"ListItem","position":4,"name":"Hanhart &#8211; PIONEER Mk II &#8211; Reverse Panda &#8211; 40 mm &#8211; Schwarzes Leder"}]},{"@type":"WebSite","@id":"https:\/\/watch-bandit.com\/#website","url":"https:\/\/watch-bandit.com\/","name":"WATCHBANDIT","description":"Contemporary Wrist Accessories","publisher":{"@id":"https:\/\/watch-bandit.com\/#organization"},"potentialAction":[{"@type":"SearchAction","target":{"@type":"EntryPoint","urlTemplate":"https:\/\/watch-bandit.com\/?s={search_term_string}"},"query-input":"required name=search_term_string"}],"inLanguage":"de-DE"},{"@type":"Organization","@id":"https:\/\/watch-bandit.com\/#organization","name":"WatchBandit","url":"https:\/\/watch-bandit.com\/","logo":{"@type":"ImageObject","inLanguage":"de-DE","@id":"https:\/\/watch-bandit.com\/#\/schema\/logo\/image\/","url":"https:\/\/watchbandit.de\/wp-content\/uploads\/2017\/11\/WB_Logo_557x124.png","contentUrl":"https:\/\/watchbandit.de\/wp-content\/uploads\/2017\/11\/WB_Logo_557x124.png","width":557,"height":124,"caption":"WatchBandit"},"image":{"@id":"https:\/\/watch-bandit.com\/#\/schema\/logo\/image\/"}}]}},"_links":{"self":[{"href":"https:\/\/watch-bandit.com\/de\/wp-json\/wp\/v2\/product\/353150"}],"collection":[{"href":"https:\/\/watch-bandit.com\/de\/wp-json\/wp\/v2\/product"}],"about":[{"href":"https:\/\/watch-bandit.com\/de\/wp-json\/wp\/v2\/types\/product"}],"replies":[{"embeddable":true,"href":"https:\/\/watch-bandit.com\/de\/wp-json\/wp\/v2\/comments?post=353150"}],"wp:featuredmedia":[{"embeddable":true,"href":"https:\/\/watch-bandit.com\/de\/wp-json\/wp\/v2\/media\/353156"}],"wp:attachment":[{"href":"https:\/\/watch-bandit.com\/de\/wp-json\/wp\/v2\/media?parent=353150"}],"wp:term":[{"taxonomy":"product_cat","embeddable":true,"href":"https:\/\/watch-bandit.com\/de\/wp-json\/wp\/v2\/product_cat?post=353150"},{"taxonomy":"product_tag","embeddable":true,"href":"https:\/\/watch-bandit.com\/de\/wp-json\/wp\/v2\/product_tag?post=353150"}],"curies":[{"name":"wp","href":"https:\/\/api.w.org\/{rel}","templated":true}]}}