{"id":353531,"date":"2025-05-22T19:05:59","date_gmt":"2025-05-22T17:05:59","guid":{"rendered":"https:\/\/watchbandit.com\/?post_type=product&#038;p=353531"},"modified":"2025-05-22T19:31:05","modified_gmt":"2025-05-22T17:31:05","slug":"hanhart-primus-diver-dunkel-44-mm","status":"publish","type":"product","link":"https:\/\/watch-bandit.com\/de\/produkt\/hanhart-primus-diver-dunkel-44-mm\/","title":{"rendered":"Hanhart &#8211; PRIMUS Diver &#8211; Dunkel &#8211; 44 mm"},"content":{"rendered":"<h2>PRIMUS Kollektion \u2013 Moderne Leistung mit historischen Wurzeln<\/h2>\n<p>Inspiriert von Hanharts reichem und ereignisreichem Erbe verbindet die <strong>PRIMUS Kollektion<\/strong> Vergangenheit und Gegenwart durch markantes Design, modernste Technologie und subtile Anspielungen auf historische Zeitmesser. Charakteristische Details wie die <strong>geriffelte L\u00fcnette<\/strong> und der <strong>ikonische Dr\u00fccker aus rot eloxiertem Aluminium<\/strong> erinnern an die Wurzeln der Marke in der Luftfahrt. Moderne Materialien und robuste Technik machen diese Chronographen zu idealen Begleitern f\u00fcr jedes Terrain.<\/p>\n<p>Mit Fokus auf <strong>Funktionalit\u00e4t, Langlebigkeit und Design<\/strong> verf\u00fcgt jeder PRIMUS Chronograph \u00fcber ein ergonomisches 44-mm-Edelstahlgeh\u00e4use f\u00fcr optimalen Halt und Tragekomfort, einen verschraubten Saphirglasboden und ein wundersch\u00f6n verziertes Automatikwerk \u2013 entweder ETA 7750 oder Sellita SW 500 \u2013, das dem klassischen Hanhart-Design mit Totalisatoren bei 3 und 9 Uhr gerecht wird.<\/p>\n<p>Armb\u00e4nder aus <strong>hochwertigem Kalbsleder, Canvas mit Lederfutter oder vulkanisiertem Kautschuk<\/strong> sorgen f\u00fcr au\u00dfergew\u00f6hnlichen Tragekomfort und ein sportliches Finish. Die PRIMUS-Kollektion ist ein kraftvolles Statement f\u00fcr Uhrenliebhaber, die sowohl Pr\u00e4zisionsmechanik als auch zeitloses Geschichtenerz\u00e4hlen sch\u00e4tzen.<\/p>\n","protected":false},"excerpt":{"rendered":"<p>Die PRIMUS Pilot ist eine mutige Neuinterpretation der legend\u00e4ren Fliegeruhren von Hanhart und vereint Vintage-Charme mit moderner Eleganz. Gebaut f\u00fcr den Himmel und bew\u00e4hrt am Boden, verf\u00fcgt diese Uhr \u00fcber den charakteristischen roten R\u00fcckstelldr\u00fccker, eine Hanhart-Ikone seit 1939, der urspr\u00fcnglich entwickelt wurde, um versehentliches R\u00fcckstellen w\u00e4hrend des Fluges zu verhindern.<\/p>\n<p>Die \u00fcbergro\u00dfe Krone und das kontrastreiche Zifferblatt mit leuchtenden Zeigern und Indizes sorgen f\u00fcr maximale Ablesbarkeit, auch bei schlechten Lichtverh\u00e4ltnissen. Die flexiblen verschraubten Bandanst\u00f6\u00dfe erh\u00f6hen den Tragekomfort, w\u00e4hrend das robuste Edelstahl- oder DLC-beschichtete Geh\u00e4use ein modifiziertes Automatik-Chronographenwerk mit charakteristischen Totalisatoren bei 3 und 9 Uhr beherbergt.<\/p>\n<p>Mit einem handgen\u00e4hten Kalbslederarmband und einer Faltschlie\u00dfe ist die PRIMUS Pilot nicht nur eine Werkzeuguhr f\u00fcr Profis, sondern auch ein stilvoller Begleiter f\u00fcr jedes Abenteuer.<\/p>\n<p><strong>Uhrwerk<\/strong>: Automatisches Chronographenwerk HAN3809 (bicompax), 42 Stunden Gangreserve nach Vollaufzug, 28.800 A\/h, 4 Hz, 28 Steine.<br \/>\n<strong>Geh\u00e4use<\/strong>: Polierter 316L-Edelstahl mit 44 mm Durchmesser und 15 mm H\u00f6he, mit flexiblen Bandanst\u00f6\u00dfen, verschraubtem Geh\u00e4useboden mit Saphirglas, geriffelter L\u00fcnette mit rotem Einsatz<br \/>\n<strong>Glas<\/strong>: Konvexes Saphirglas mit einseitiger Antireflexbeschichtung<br \/>\n<strong>Armband<\/strong>: 24 mm, Faltschlie\u00dfe aus Edelstahl<\/p>\n<ul>\n<li><strong>Kautschuk<\/strong> <em>(Handgelenkumfang \u2013 Gr\u00f6\u00dfe M: 14,0 cm\u201318,5 cm, Gr\u00f6\u00dfe L: 17,5 cm\u201321,5 cm)<\/em><\/li>\n<\/ul>\n<p><strong>Wasserdichtigkeit<\/strong>: 10 ATM \/ 100 Meter \/ 10 Bar gem\u00e4\u00df DIN 8310<\/p>\n","protected":false},"featured_media":353535,"comment_status":"open","ping_status":"closed","template":"","meta":[],"product_cat":[4570,37],"product_tag":[],"yoast_head":"<!-- This site is optimized with the Yoast SEO plugin v21.9 - https:\/\/yoast.com\/wordpress\/plugins\/seo\/ -->\n<title>Hanhart - PRIMUS Diver - Dunkel - 44 mm - WATCHBANDIT<\/title>\n<meta name=\"description\" content=\"Hanhart Uhren bei WatchBandit kaufen \u2705 Autorisierter H\u00e4ndler \ud83c\udde9\ud83c\uddea Made in Germany \ud83c\udde9\ud83c\uddea Trusted Shops \u2705 Kostenlose Lieferung \u2705\" \/>\n<meta name=\"robots\" content=\"noindex, follow, max-snippet:-1, max-image-preview:large, max-video-preview:-1\" \/>\n<meta property=\"og:locale\" content=\"de_DE\" \/>\n<meta property=\"og:type\" content=\"article\" \/>\n<meta property=\"og:title\" content=\"Hanhart - PRIMUS Diver - Dunkel - 44 mm - WATCHBANDIT\" \/>\n<meta property=\"og:description\" content=\"Hanhart Uhren bei WatchBandit kaufen \u2705 Autorisierter H\u00e4ndler \ud83c\udde9\ud83c\uddea Made in Germany \ud83c\udde9\ud83c\uddea Trusted Shops \u2705 Kostenlose Lieferung \u2705\" \/>\n<meta property=\"og:url\" content=\"https:\/\/watch-bandit.com\/de\/produkt\/hanhart-primus-diver-dunkel-44-mm\/\" \/>\n<meta property=\"og:site_name\" content=\"WATCHBANDIT\" \/>\n<meta property=\"article:modified_time\" content=\"2025-05-22T17:31:05+00:00\" \/>\n<meta property=\"og:image\" content=\"https:\/\/watch-bandit.com\/wp-content\/uploads\/2025\/05\/hanhart-primus-diver-dark-44-mm.webp\" \/>\n\t<meta property=\"og:image:width\" content=\"1400\" \/>\n\t<meta property=\"og:image:height\" content=\"1400\" \/>\n\t<meta property=\"og:image:type\" content=\"image\/webp\" \/>\n<meta name=\"twitter:label1\" content=\"Gesch\u00e4tzte Lesezeit\" \/>\n\t<meta name=\"twitter:data1\" content=\"1 Minute\" \/>\n<script type=\"application\/ld+json\" class=\"yoast-schema-graph\">{\"@context\":\"https:\/\/schema.org\",\"@graph\":[{\"@type\":\"WebPage\",\"@id\":\"https:\/\/watch-bandit.com\/de\/produkt\/hanhart-primus-diver-dunkel-44-mm\/\",\"url\":\"https:\/\/watch-bandit.com\/de\/produkt\/hanhart-primus-diver-dunkel-44-mm\/\",\"name\":\"Hanhart - PRIMUS Diver - Dunkel - 44 mm - WATCHBANDIT\",\"isPartOf\":{\"@id\":\"https:\/\/watch-bandit.com\/#website\"},\"datePublished\":\"2025-05-22T17:05:59+00:00\",\"dateModified\":\"2025-05-22T17:31:05+00:00\",\"description\":\"Hanhart Uhren bei WatchBandit kaufen \u2705 Autorisierter H\u00e4ndler \ud83c\udde9\ud83c\uddea Made in Germany \ud83c\udde9\ud83c\uddea Trusted Shops \u2705 Kostenlose Lieferung \u2705\",\"breadcrumb\":{\"@id\":\"https:\/\/watch-bandit.com\/de\/produkt\/hanhart-primus-diver-dunkel-44-mm\/#breadcrumb\"},\"inLanguage\":\"de-DE\",\"potentialAction\":[{\"@type\":\"ReadAction\",\"target\":[\"https:\/\/watch-bandit.com\/de\/produkt\/hanhart-primus-diver-dunkel-44-mm\/\"]}]},{\"@type\":\"BreadcrumbList\",\"@id\":\"https:\/\/watch-bandit.com\/de\/produkt\/hanhart-primus-diver-dunkel-44-mm\/#breadcrumb\",\"itemListElement\":[{\"@type\":\"ListItem\",\"position\":1,\"name\":\"Home\",\"item\":\"https:\/\/watchbandit.de\/\"},{\"@type\":\"ListItem\",\"position\":2,\"name\":\"Shop\",\"item\":\"https:\/\/watchbandit.de\/shop\/\"},{\"@type\":\"ListItem\",\"position\":3,\"name\":\"Watches\",\"item\":\"https:\/\/watch-bandit.com\/products\/watches\/\"},{\"@type\":\"ListItem\",\"position\":4,\"name\":\"Hanhart &#8211; PRIMUS Diver &#8211; Dunkel &#8211; 44 mm\"}]},{\"@type\":\"WebSite\",\"@id\":\"https:\/\/watch-bandit.com\/#website\",\"url\":\"https:\/\/watch-bandit.com\/\",\"name\":\"WATCHBANDIT\",\"description\":\"Contemporary Wrist Accessories\",\"publisher\":{\"@id\":\"https:\/\/watch-bandit.com\/#organization\"},\"potentialAction\":[{\"@type\":\"SearchAction\",\"target\":{\"@type\":\"EntryPoint\",\"urlTemplate\":\"https:\/\/watch-bandit.com\/?s={search_term_string}\"},\"query-input\":\"required name=search_term_string\"}],\"inLanguage\":\"de-DE\"},{\"@type\":\"Organization\",\"@id\":\"https:\/\/watch-bandit.com\/#organization\",\"name\":\"WatchBandit\",\"url\":\"https:\/\/watch-bandit.com\/\",\"logo\":{\"@type\":\"ImageObject\",\"inLanguage\":\"de-DE\",\"@id\":\"https:\/\/watch-bandit.com\/#\/schema\/logo\/image\/\",\"url\":\"https:\/\/watchbandit.de\/wp-content\/uploads\/2017\/11\/WB_Logo_557x124.png\",\"contentUrl\":\"https:\/\/watchbandit.de\/wp-content\/uploads\/2017\/11\/WB_Logo_557x124.png\",\"width\":557,\"height\":124,\"caption\":\"WatchBandit\"},\"image\":{\"@id\":\"https:\/\/watch-bandit.com\/#\/schema\/logo\/image\/\"}}]}<\/script>\n<!-- \/ Yoast SEO plugin. -->","yoast_head_json":{"title":"Hanhart - PRIMUS Diver - Dunkel - 44 mm - WATCHBANDIT","description":"Hanhart Uhren bei WatchBandit kaufen \u2705 Autorisierter H\u00e4ndler \ud83c\udde9\ud83c\uddea Made in Germany \ud83c\udde9\ud83c\uddea Trusted Shops \u2705 Kostenlose Lieferung \u2705","robots":{"index":"noindex","follow":"follow","max-snippet":"max-snippet:-1","max-image-preview":"max-image-preview:large","max-video-preview":"max-video-preview:-1"},"og_locale":"de_DE","og_type":"article","og_title":"Hanhart - PRIMUS Diver - Dunkel - 44 mm - WATCHBANDIT","og_description":"Hanhart Uhren bei WatchBandit kaufen \u2705 Autorisierter H\u00e4ndler \ud83c\udde9\ud83c\uddea Made in Germany \ud83c\udde9\ud83c\uddea Trusted Shops \u2705 Kostenlose Lieferung \u2705","og_url":"https:\/\/watch-bandit.com\/de\/produkt\/hanhart-primus-diver-dunkel-44-mm\/","og_site_name":"WATCHBANDIT","article_modified_time":"2025-05-22T17:31:05+00:00","og_image":[{"width":1400,"height":1400,"url":"https:\/\/watch-bandit.com\/wp-content\/uploads\/2025\/05\/hanhart-primus-diver-dark-44-mm.webp","type":"image\/webp"}],"twitter_misc":{"Gesch\u00e4tzte Lesezeit":"1 Minute"},"schema":{"@context":"https:\/\/schema.org","@graph":[{"@type":"WebPage","@id":"https:\/\/watch-bandit.com\/de\/produkt\/hanhart-primus-diver-dunkel-44-mm\/","url":"https:\/\/watch-bandit.com\/de\/produkt\/hanhart-primus-diver-dunkel-44-mm\/","name":"Hanhart - PRIMUS Diver - Dunkel - 44 mm - WATCHBANDIT","isPartOf":{"@id":"https:\/\/watch-bandit.com\/#website"},"datePublished":"2025-05-22T17:05:59+00:00","dateModified":"2025-05-22T17:31:05+00:00","description":"Hanhart Uhren bei WatchBandit kaufen \u2705 Autorisierter H\u00e4ndler \ud83c\udde9\ud83c\uddea Made in Germany \ud83c\udde9\ud83c\uddea Trusted Shops \u2705 Kostenlose Lieferung \u2705","breadcrumb":{"@id":"https:\/\/watch-bandit.com\/de\/produkt\/hanhart-primus-diver-dunkel-44-mm\/#breadcrumb"},"inLanguage":"de-DE","potentialAction":[{"@type":"ReadAction","target":["https:\/\/watch-bandit.com\/de\/produkt\/hanhart-primus-diver-dunkel-44-mm\/"]}]},{"@type":"BreadcrumbList","@id":"https:\/\/watch-bandit.com\/de\/produkt\/hanhart-primus-diver-dunkel-44-mm\/#breadcrumb","itemListElement":[{"@type":"ListItem","position":1,"name":"Home","item":"https:\/\/watchbandit.de\/"},{"@type":"ListItem","position":2,"name":"Shop","item":"https:\/\/watchbandit.de\/shop\/"},{"@type":"ListItem","position":3,"name":"Watches","item":"https:\/\/watch-bandit.com\/products\/watches\/"},{"@type":"ListItem","position":4,"name":"Hanhart &#8211; PRIMUS Diver &#8211; Dunkel &#8211; 44 mm"}]},{"@type":"WebSite","@id":"https:\/\/watch-bandit.com\/#website","url":"https:\/\/watch-bandit.com\/","name":"WATCHBANDIT","description":"Contemporary Wrist Accessories","publisher":{"@id":"https:\/\/watch-bandit.com\/#organization"},"potentialAction":[{"@type":"SearchAction","target":{"@type":"EntryPoint","urlTemplate":"https:\/\/watch-bandit.com\/?s={search_term_string}"},"query-input":"required name=search_term_string"}],"inLanguage":"de-DE"},{"@type":"Organization","@id":"https:\/\/watch-bandit.com\/#organization","name":"WatchBandit","url":"https:\/\/watch-bandit.com\/","logo":{"@type":"ImageObject","inLanguage":"de-DE","@id":"https:\/\/watch-bandit.com\/#\/schema\/logo\/image\/","url":"https:\/\/watchbandit.de\/wp-content\/uploads\/2017\/11\/WB_Logo_557x124.png","contentUrl":"https:\/\/watchbandit.de\/wp-content\/uploads\/2017\/11\/WB_Logo_557x124.png","width":557,"height":124,"caption":"WatchBandit"},"image":{"@id":"https:\/\/watch-bandit.com\/#\/schema\/logo\/image\/"}}]}},"_links":{"self":[{"href":"https:\/\/watch-bandit.com\/de\/wp-json\/wp\/v2\/product\/353531"}],"collection":[{"href":"https:\/\/watch-bandit.com\/de\/wp-json\/wp\/v2\/product"}],"about":[{"href":"https:\/\/watch-bandit.com\/de\/wp-json\/wp\/v2\/types\/product"}],"replies":[{"embeddable":true,"href":"https:\/\/watch-bandit.com\/de\/wp-json\/wp\/v2\/comments?post=353531"}],"wp:featuredmedia":[{"embeddable":true,"href":"https:\/\/watch-bandit.com\/de\/wp-json\/wp\/v2\/media\/353535"}],"wp:attachment":[{"href":"https:\/\/watch-bandit.com\/de\/wp-json\/wp\/v2\/media?parent=353531"}],"wp:term":[{"taxonomy":"product_cat","embeddable":true,"href":"https:\/\/watch-bandit.com\/de\/wp-json\/wp\/v2\/product_cat?post=353531"},{"taxonomy":"product_tag","embeddable":true,"href":"https:\/\/watch-bandit.com\/de\/wp-json\/wp\/v2\/product_tag?post=353531"}],"curies":[{"name":"wp","href":"https:\/\/api.w.org\/{rel}","templated":true}]}}