{"id":354112,"date":"2025-06-02T13:41:42","date_gmt":"2025-06-02T11:41:43","guid":{"rendered":"https:\/\/watchbandit.com\/?post_type=product&#038;p=354112"},"modified":"2025-06-12T10:13:45","modified_gmt":"2025-06-12T08:13:45","slug":"venezianico-nereide-tungsteno-39-3121541c-canova-edelstahlarmband","status":"publish","type":"product","link":"https:\/\/watch-bandit.com\/de\/produkt\/venezianico-nereide-tungsteno-39-3121541c-canova-edelstahlarmband\/","title":{"rendered":"Venezianico &#8211; Nereide Tungsteno 39 &#8211; 3121541C &#8211; Canova Edelstahlarmband"},"content":{"rendered":"<p><img loading=\"lazy\" decoding=\"async\" class=\"aligncenter size-full wp-image-349389\" src=\"https:\/\/watchbandit.de\/wp-content\/uploads\/2025\/01\/Misure_side_3000x.webp\" alt=\"Venezianico NEREIDE AVVENTURINA 39 dimensions\" width=\"1800\" height=\"936\" srcset=\"https:\/\/watch-bandit.com\/wp-content\/uploads\/2025\/01\/Misure_side_3000x.webp 1800w, https:\/\/watch-bandit.com\/wp-content\/uploads\/2025\/01\/Misure_side_3000x-280x146.webp 280w, https:\/\/watch-bandit.com\/wp-content\/uploads\/2025\/01\/Misure_side_3000x-1400x728.webp 1400w\" sizes=\"(max-width: 1800px) 100vw, 1800px\" \/><\/p>\n","protected":false},"excerpt":{"rendered":"<p data-start=\"1012\" data-end=\"1647\">Die Venezianico Nereide Tungsteno 39 beeindruckt mit einem einzigartigen Zifferblatt aus Perlmutt, das je nach Lichteinfall schimmernde Reflexe erzeugt. Perlmutt wird aus Muschelschalen gewonnen und von Hand in einem aufwendigen Prozess geschliffen, gef\u00e4rbt und poliert, jede Uhr ist ein Unikat. Die applizierten Indizes vervollst\u00e4ndigen das kunstvoll gearbeitete Zifferblatt. Inspiriert vom venezianischen U-Boot \u201eNereide\u201c ist diese Taucheruhr bis 200\u202fMeter wasserdicht und vereint technisches Know-how mit maritimer Eleganz \u2013 ideal f\u00fcr Uhrenliebhaber mit einem Faible f\u00fcr Wassersport und italienisches Design.<\/p>\n<p><strong>Uhrwerk<\/strong>: Automatik Kal. Miyota 9039<br \/>\n<strong>Geh\u00e4use<\/strong>: 316L Edelstahl \u00d839 mm, Bandansto\u00df zu Bandansto\u00df 45,50 mm, Saphirglas mit Antireflexbeschichtung, L\u00fcnette: Wolframeinsatz, 120 Klicks<br \/>\n<strong>Wasserdichtigkeit<\/strong>: 20 atm \/ 200 Meter<br \/>\n<strong>Armband<\/strong>: Tropic, FKM-Kautschuk<\/p>\n","protected":false},"featured_media":354151,"comment_status":"open","ping_status":"closed","template":"","meta":[],"product_cat":[37,4080,4821],"product_tag":[],"yoast_head":"<!-- This site is optimized with the Yoast SEO plugin v21.9 - https:\/\/yoast.com\/wordpress\/plugins\/seo\/ -->\n<title>Venezianico - Nereide Tungsteno 39 - 3121541C - Canova Edelstahlarmband - WATCHBANDIT<\/title>\n<meta name=\"description\" content=\"Venezianico bei WatchBandit kaufen \u2b50 Automatik Uhrwerk\u2b50 Kostenlose &amp; schnelle Lieferung \u2b50 TrustedShops zertifiziert \u2b50 Seit 2014\u2b50\" \/>\n<meta name=\"robots\" content=\"noindex, follow, max-snippet:-1, max-image-preview:large, max-video-preview:-1\" \/>\n<meta property=\"og:locale\" content=\"de_DE\" \/>\n<meta property=\"og:type\" content=\"article\" \/>\n<meta property=\"og:title\" content=\"Venezianico - Nereide Tungsteno 39 - 3121541C - Canova Edelstahlarmband - WATCHBANDIT\" \/>\n<meta property=\"og:description\" content=\"Venezianico bei WatchBandit kaufen \u2b50 Automatik Uhrwerk\u2b50 Kostenlose &amp; schnelle Lieferung \u2b50 TrustedShops zertifiziert \u2b50 Seit 2014\u2b50\" \/>\n<meta property=\"og:url\" content=\"https:\/\/watch-bandit.com\/de\/produkt\/venezianico-nereide-tungsteno-39-3121541c-canova-edelstahlarmband\/\" \/>\n<meta property=\"og:site_name\" content=\"WATCHBANDIT\" \/>\n<meta property=\"article:modified_time\" content=\"2025-06-12T08:13:45+00:00\" \/>\n<meta property=\"og:image\" content=\"https:\/\/watch-bandit.com\/wp-content\/uploads\/2025\/06\/Nereide_Tungsteno_39_Blue.webp\" \/>\n\t<meta property=\"og:image:width\" content=\"1400\" \/>\n\t<meta property=\"og:image:height\" content=\"1400\" \/>\n\t<meta property=\"og:image:type\" content=\"image\/webp\" \/>\n<meta name=\"twitter:label1\" content=\"Gesch\u00e4tzte Lesezeit\" \/>\n\t<meta name=\"twitter:data1\" content=\"1 Minute\" \/>\n<script type=\"application\/ld+json\" class=\"yoast-schema-graph\">{\"@context\":\"https:\/\/schema.org\",\"@graph\":[{\"@type\":\"WebPage\",\"@id\":\"https:\/\/watch-bandit.com\/de\/produkt\/venezianico-nereide-tungsteno-39-3121541c-canova-edelstahlarmband\/\",\"url\":\"https:\/\/watch-bandit.com\/de\/produkt\/venezianico-nereide-tungsteno-39-3121541c-canova-edelstahlarmband\/\",\"name\":\"Venezianico - Nereide Tungsteno 39 - 3121541C - Canova Edelstahlarmband - WATCHBANDIT\",\"isPartOf\":{\"@id\":\"https:\/\/watch-bandit.com\/#website\"},\"datePublished\":\"2025-06-02T11:41:43+00:00\",\"dateModified\":\"2025-06-12T08:13:45+00:00\",\"description\":\"Venezianico bei WatchBandit kaufen \u2b50 Automatik Uhrwerk\u2b50 Kostenlose & schnelle Lieferung \u2b50 TrustedShops zertifiziert \u2b50 Seit 2014\u2b50\",\"breadcrumb\":{\"@id\":\"https:\/\/watch-bandit.com\/de\/produkt\/venezianico-nereide-tungsteno-39-3121541c-canova-edelstahlarmband\/#breadcrumb\"},\"inLanguage\":\"de-DE\",\"potentialAction\":[{\"@type\":\"ReadAction\",\"target\":[\"https:\/\/watch-bandit.com\/de\/produkt\/venezianico-nereide-tungsteno-39-3121541c-canova-edelstahlarmband\/\"]}]},{\"@type\":\"BreadcrumbList\",\"@id\":\"https:\/\/watch-bandit.com\/de\/produkt\/venezianico-nereide-tungsteno-39-3121541c-canova-edelstahlarmband\/#breadcrumb\",\"itemListElement\":[{\"@type\":\"ListItem\",\"position\":1,\"name\":\"Home\",\"item\":\"https:\/\/watchbandit.de\/\"},{\"@type\":\"ListItem\",\"position\":2,\"name\":\"Shop\",\"item\":\"https:\/\/watchbandit.de\/shop\/\"},{\"@type\":\"ListItem\",\"position\":3,\"name\":\"Watches\",\"item\":\"https:\/\/watch-bandit.com\/products\/watches\/\"},{\"@type\":\"ListItem\",\"position\":4,\"name\":\"Venezianico &#8211; Nereide Tungsteno 39 &#8211; 3121541C &#8211; Canova Edelstahlarmband\"}]},{\"@type\":\"WebSite\",\"@id\":\"https:\/\/watch-bandit.com\/#website\",\"url\":\"https:\/\/watch-bandit.com\/\",\"name\":\"WATCHBANDIT\",\"description\":\"Contemporary Wrist Accessories\",\"publisher\":{\"@id\":\"https:\/\/watch-bandit.com\/#organization\"},\"potentialAction\":[{\"@type\":\"SearchAction\",\"target\":{\"@type\":\"EntryPoint\",\"urlTemplate\":\"https:\/\/watch-bandit.com\/?s={search_term_string}\"},\"query-input\":\"required name=search_term_string\"}],\"inLanguage\":\"de-DE\"},{\"@type\":\"Organization\",\"@id\":\"https:\/\/watch-bandit.com\/#organization\",\"name\":\"WatchBandit\",\"url\":\"https:\/\/watch-bandit.com\/\",\"logo\":{\"@type\":\"ImageObject\",\"inLanguage\":\"de-DE\",\"@id\":\"https:\/\/watch-bandit.com\/#\/schema\/logo\/image\/\",\"url\":\"https:\/\/watchbandit.de\/wp-content\/uploads\/2017\/11\/WB_Logo_557x124.png\",\"contentUrl\":\"https:\/\/watchbandit.de\/wp-content\/uploads\/2017\/11\/WB_Logo_557x124.png\",\"width\":557,\"height\":124,\"caption\":\"WatchBandit\"},\"image\":{\"@id\":\"https:\/\/watch-bandit.com\/#\/schema\/logo\/image\/\"}}]}<\/script>\n<!-- \/ Yoast SEO plugin. -->","yoast_head_json":{"title":"Venezianico - Nereide Tungsteno 39 - 3121541C - Canova Edelstahlarmband - WATCHBANDIT","description":"Venezianico bei WatchBandit kaufen \u2b50 Automatik Uhrwerk\u2b50 Kostenlose & schnelle Lieferung \u2b50 TrustedShops zertifiziert \u2b50 Seit 2014\u2b50","robots":{"index":"noindex","follow":"follow","max-snippet":"max-snippet:-1","max-image-preview":"max-image-preview:large","max-video-preview":"max-video-preview:-1"},"og_locale":"de_DE","og_type":"article","og_title":"Venezianico - Nereide Tungsteno 39 - 3121541C - Canova Edelstahlarmband - WATCHBANDIT","og_description":"Venezianico bei WatchBandit kaufen \u2b50 Automatik Uhrwerk\u2b50 Kostenlose & schnelle Lieferung \u2b50 TrustedShops zertifiziert \u2b50 Seit 2014\u2b50","og_url":"https:\/\/watch-bandit.com\/de\/produkt\/venezianico-nereide-tungsteno-39-3121541c-canova-edelstahlarmband\/","og_site_name":"WATCHBANDIT","article_modified_time":"2025-06-12T08:13:45+00:00","og_image":[{"width":1400,"height":1400,"url":"https:\/\/watch-bandit.com\/wp-content\/uploads\/2025\/06\/Nereide_Tungsteno_39_Blue.webp","type":"image\/webp"}],"twitter_misc":{"Gesch\u00e4tzte Lesezeit":"1 Minute"},"schema":{"@context":"https:\/\/schema.org","@graph":[{"@type":"WebPage","@id":"https:\/\/watch-bandit.com\/de\/produkt\/venezianico-nereide-tungsteno-39-3121541c-canova-edelstahlarmband\/","url":"https:\/\/watch-bandit.com\/de\/produkt\/venezianico-nereide-tungsteno-39-3121541c-canova-edelstahlarmband\/","name":"Venezianico - Nereide Tungsteno 39 - 3121541C - Canova Edelstahlarmband - WATCHBANDIT","isPartOf":{"@id":"https:\/\/watch-bandit.com\/#website"},"datePublished":"2025-06-02T11:41:43+00:00","dateModified":"2025-06-12T08:13:45+00:00","description":"Venezianico bei WatchBandit kaufen \u2b50 Automatik Uhrwerk\u2b50 Kostenlose & schnelle Lieferung \u2b50 TrustedShops zertifiziert \u2b50 Seit 2014\u2b50","breadcrumb":{"@id":"https:\/\/watch-bandit.com\/de\/produkt\/venezianico-nereide-tungsteno-39-3121541c-canova-edelstahlarmband\/#breadcrumb"},"inLanguage":"de-DE","potentialAction":[{"@type":"ReadAction","target":["https:\/\/watch-bandit.com\/de\/produkt\/venezianico-nereide-tungsteno-39-3121541c-canova-edelstahlarmband\/"]}]},{"@type":"BreadcrumbList","@id":"https:\/\/watch-bandit.com\/de\/produkt\/venezianico-nereide-tungsteno-39-3121541c-canova-edelstahlarmband\/#breadcrumb","itemListElement":[{"@type":"ListItem","position":1,"name":"Home","item":"https:\/\/watchbandit.de\/"},{"@type":"ListItem","position":2,"name":"Shop","item":"https:\/\/watchbandit.de\/shop\/"},{"@type":"ListItem","position":3,"name":"Watches","item":"https:\/\/watch-bandit.com\/products\/watches\/"},{"@type":"ListItem","position":4,"name":"Venezianico &#8211; Nereide Tungsteno 39 &#8211; 3121541C &#8211; Canova Edelstahlarmband"}]},{"@type":"WebSite","@id":"https:\/\/watch-bandit.com\/#website","url":"https:\/\/watch-bandit.com\/","name":"WATCHBANDIT","description":"Contemporary Wrist Accessories","publisher":{"@id":"https:\/\/watch-bandit.com\/#organization"},"potentialAction":[{"@type":"SearchAction","target":{"@type":"EntryPoint","urlTemplate":"https:\/\/watch-bandit.com\/?s={search_term_string}"},"query-input":"required name=search_term_string"}],"inLanguage":"de-DE"},{"@type":"Organization","@id":"https:\/\/watch-bandit.com\/#organization","name":"WatchBandit","url":"https:\/\/watch-bandit.com\/","logo":{"@type":"ImageObject","inLanguage":"de-DE","@id":"https:\/\/watch-bandit.com\/#\/schema\/logo\/image\/","url":"https:\/\/watchbandit.de\/wp-content\/uploads\/2017\/11\/WB_Logo_557x124.png","contentUrl":"https:\/\/watchbandit.de\/wp-content\/uploads\/2017\/11\/WB_Logo_557x124.png","width":557,"height":124,"caption":"WatchBandit"},"image":{"@id":"https:\/\/watch-bandit.com\/#\/schema\/logo\/image\/"}}]}},"_links":{"self":[{"href":"https:\/\/watch-bandit.com\/de\/wp-json\/wp\/v2\/product\/354112"}],"collection":[{"href":"https:\/\/watch-bandit.com\/de\/wp-json\/wp\/v2\/product"}],"about":[{"href":"https:\/\/watch-bandit.com\/de\/wp-json\/wp\/v2\/types\/product"}],"replies":[{"embeddable":true,"href":"https:\/\/watch-bandit.com\/de\/wp-json\/wp\/v2\/comments?post=354112"}],"wp:featuredmedia":[{"embeddable":true,"href":"https:\/\/watch-bandit.com\/de\/wp-json\/wp\/v2\/media\/354151"}],"wp:attachment":[{"href":"https:\/\/watch-bandit.com\/de\/wp-json\/wp\/v2\/media?parent=354112"}],"wp:term":[{"taxonomy":"product_cat","embeddable":true,"href":"https:\/\/watch-bandit.com\/de\/wp-json\/wp\/v2\/product_cat?post=354112"},{"taxonomy":"product_tag","embeddable":true,"href":"https:\/\/watch-bandit.com\/de\/wp-json\/wp\/v2\/product_tag?post=354112"}],"curies":[{"name":"wp","href":"https:\/\/api.w.org\/{rel}","templated":true}]}}