{"id":354552,"date":"2025-06-16T14:49:58","date_gmt":"2025-06-16T12:49:58","guid":{"rendered":"https:\/\/watchbandit.com\/?post_type=product&#038;p=354552"},"modified":"2025-06-21T19:19:56","modified_gmt":"2025-06-21T17:19:56","slug":"ocean-crawler-core-diver-refractor-2025","status":"publish","type":"product","link":"https:\/\/watch-bandit.com\/de\/produkt\/ocean-crawler-core-diver-refractor-2025\/","title":{"rendered":"Ocean Crawler &#8211; Core Diver &#8211; Refractor 2025"},"content":{"rendered":"<h1>Core Diver \u2013 Gebaut f\u00fcr die Tiefe<\/h1>\n<p>Entwickelt f\u00fcr extreme Bedingungen und gestylt f\u00fcr die Wasseroberfl\u00e4che: Die Core Diver ist Ocean Crawlers Flaggschiff-Taucheruhr \u2013 konzipiert, wo andere scheitern. Jede Core Diver ist druckgepr\u00fcft und h\u00e4lt Tiefen von bis zu 600 Metern stand. Sie wird einzeln wasserdicht gepr\u00fcft, um alle Erwartungen zu \u00fcbertreffen und ist damit ein unverzichtbares Werkzeug f\u00fcr professionelle Taucher, Speerfischer und Meeresforscher.<\/p>\n<p>Diese Sonderedition verf\u00fcgt \u00fcber eine kratzfeste, einseitig drehbare Saphirl\u00fcnette mit sieben Schichten Schweizer C3 Super-LumiNova\u00ae-Beschichtung f\u00fcr un\u00fcbertroffene Leuchtkraft und Lesbarkeit, wenn es darauf ankommt. Zeiger, Zifferblattmarkierungen und L\u00fcnette erstrahlen bei schwachem Licht und machen diese Uhr in der Tiefe genauso beeindruckend wie an Land. Angetrieben wird die Core Diver von einem regulierten Schweizer Sellita SW200-1 Automatikwerk, das intern auf h\u00f6chste Genauigkeit eingestellt ist und mit 28.800 Halbschwingungen pro Stunde schl\u00e4gt.<\/p>\n<p>Jeder Core Diver wird mit zwei hochwertigen Armb\u00e4ndern geliefert: einem robusten Edelstahlarmband mit Haifischmaschenmuster und einem \u00e4u\u00dferst langlebigen Kautschukarmband \u2013 perfekt f\u00fcr den \u00dcbergang vom Meer zur Stra\u00dfe. Mit nur 100 Exemplaren pro Farbvariante, jedes mit eigener Seriennummer versehen, ist der Core Diver nicht nur ein Werkzeug \u2013 er ist ein limitiertes Statement in Sachen St\u00e4rke, Stil und Leistung. Nicht alle Taucheruhren sind gleich. Genau das macht den Ocean Crawler zum Besten.<\/p>\n<h3>Technische Daten:<\/h3>\n<ul>\n<li>Wasserdicht bis 600 Meter<\/li>\n<li>Saphirglas (inkl. Glas und L\u00fcnette)<\/li>\n<li>316L Edelstahlgeh\u00e4use mit geb\u00fcrsteter Oberfl\u00e4che<\/li>\n<li>Automatische, pr\u00e4zise Taucheruhr \u2013 keine Batterien erforderlich. Die Uhr zieht sich durch die Bewegung Ihres Handgelenks selbst auf.<\/li>\n<li>Dicke Saphirglasst\u00e4rke: 4,0 mm. Eine Antireflexbeschichtung verhindert Reflexionen unter Wasser.<\/li>\n<li>Garantiert pr\u00e4zise Zeitanzeige f\u00fcr mindestens 5 Jahre.<\/li>\n<li>Geh\u00e4usedurchmesser (ohne Krone): 44 mm<\/li>\n<li>Geh\u00e4usedicke: 15,6 mm, Bandansto\u00df: 50 mm, Bandansto\u00dfbreite: 22 mm<\/li>\n<li>Geh\u00e4usematerial: Edelstahl 316L<\/li>\n<li>Automatisches Heliumventil bei 9 Uhr<\/li>\n<li>L\u00fcnette: Einseitig drehbare Saphirl\u00fcnette mit 120 Klicks und Schweizer C3 Superluminova-Markierungen<\/li>\n<li>Uhrwerk: Schweizer Sellita SW200-1<\/li>\n<li>Frequenz: 28.800 Halbschwingungen pro Stunde<\/li>\n<li>Wasserdichtigkeit: 600 Meter (6000 Fu\u00df) bzw. 60 ATM<\/li>\n<li>Inklusive wei\u00dfem Kautschukarmband und Shark Mesh-Armband<\/li>\n<li>Gangreserve: 40 Stunden<\/li>\n<\/ul>\n","protected":false},"excerpt":{"rendered":"<p>Die Core Diver wurde als ultimative Taucheruhr entwickelt. Jeder einzelne Ocean Crawler wurde in Wasser getaucht und gr\u00fcndlich getestet, um <strong>Dr\u00fccken von bis zu 2000 Fu\u00df<\/strong> standzuhalten. Der Core Diver ist ein unverzichtbares Unterwasserzubeh\u00f6r f\u00fcr Wassersportler, die tauchen, speerfischen und sogar den Meeresboden erkunden. Diese Special Edition-Uhr verf\u00fcgt \u00fcber eine unidirektionale drehbare <strong>L\u00fcnette aus Saphirglas<\/strong> mit Indexen, die mit <strong>sieben Schichten Swiss C3 Lume<\/strong> gef\u00fcllt sind. Leistungsstarkes C3 Lume auf den Schl\u00fcsselelementen garantiert perfekte Lesbarkeit beim Tieftauchen. Das Uhrwerk im Core Diver ist ein reguliertes <strong>Schweizer Sellita SW200-1 Uhrwerk<\/strong>. Es hat eine Schlagfrequenz von 28.800 Vibrationen pro Stunde und wurde f\u00fcr zus\u00e4tzliche Genauigkeit verbessert.<\/p>\n<p><span style=\"text-decoration: underline;\"><strong>Hinweis:<\/strong><\/span> Von den Core Diver bestehen <strong>nur 100 Einheiten pro Farbe <\/strong>und alle Uhren sind mit einer individuellen Seriennummer <strong>\u00a0<\/strong>versehen.<\/p>\n<p><strong>Uhrwerk<\/strong>: Swiss Made Automatik Sellita SW200-1<br \/>\n<strong>Geh\u00e4use<\/strong>: 316L Edelstahl mit 44 mm Durchmesser, Saphirglas L\u00fcnette und -Deckglas<br \/>\n<strong>Wasserdichtigkeit<\/strong>: 600 Meter \/ 60 ATM<br \/>\n<strong>Armband<\/strong>: 316L Milanaise-Edelstahlarmband<\/p>\n","protected":false},"featured_media":354891,"comment_status":"open","ping_status":"closed","template":"","meta":[],"product_cat":[3284,37],"product_tag":[],"yoast_head":"<!-- This site is optimized with the Yoast SEO plugin v21.9 - https:\/\/yoast.com\/wordpress\/plugins\/seo\/ -->\n<title>Ocean Crawler - Core Diver - Refractor 2025 - WATCHBANDIT<\/title>\n<meta name=\"description\" content=\"Ocean Crawler Core Diver GMT bei Watchbandit kaufen \u2713 Autorisierter H\u00e4ndler \u2713 Swiss made \u2713 TrustedShops zertifiziert \u2713 Passion aus Berlin seit 2014 \u2713\" \/>\n<meta name=\"robots\" content=\"noindex, follow, max-snippet:-1, max-image-preview:large, max-video-preview:-1\" \/>\n<meta property=\"og:locale\" content=\"de_DE\" \/>\n<meta property=\"og:type\" content=\"article\" \/>\n<meta property=\"og:title\" content=\"Ocean Crawler - Core Diver - Refractor 2025 - WATCHBANDIT\" \/>\n<meta property=\"og:description\" content=\"Ocean Crawler Core Diver GMT bei Watchbandit kaufen \u2713 Autorisierter H\u00e4ndler \u2713 Swiss made \u2713 TrustedShops zertifiziert \u2713 Passion aus Berlin seit 2014 \u2713\" \/>\n<meta property=\"og:url\" content=\"https:\/\/watch-bandit.com\/de\/produkt\/ocean-crawler-core-diver-refractor-2025\/\" \/>\n<meta property=\"og:site_name\" content=\"WATCHBANDIT\" \/>\n<meta property=\"article:modified_time\" content=\"2025-06-21T17:19:56+00:00\" \/>\n<meta property=\"og:image\" content=\"https:\/\/watch-bandit.com\/wp-content\/uploads\/2025\/06\/ocean-crawler-core-diver-refractor-2025-536634_1024x1024.webp\" \/>\n\t<meta property=\"og:image:width\" content=\"1024\" \/>\n\t<meta property=\"og:image:height\" content=\"1024\" \/>\n\t<meta property=\"og:image:type\" content=\"image\/webp\" \/>\n<meta name=\"twitter:label1\" content=\"Gesch\u00e4tzte Lesezeit\" \/>\n\t<meta name=\"twitter:data1\" content=\"2 Minuten\" \/>\n<script type=\"application\/ld+json\" class=\"yoast-schema-graph\">{\"@context\":\"https:\/\/schema.org\",\"@graph\":[{\"@type\":\"WebPage\",\"@id\":\"https:\/\/watch-bandit.com\/de\/produkt\/ocean-crawler-core-diver-refractor-2025\/\",\"url\":\"https:\/\/watch-bandit.com\/de\/produkt\/ocean-crawler-core-diver-refractor-2025\/\",\"name\":\"Ocean Crawler - Core Diver - Refractor 2025 - WATCHBANDIT\",\"isPartOf\":{\"@id\":\"https:\/\/watch-bandit.com\/#website\"},\"datePublished\":\"2025-06-16T12:49:58+00:00\",\"dateModified\":\"2025-06-21T17:19:56+00:00\",\"description\":\"Ocean Crawler Core Diver GMT bei Watchbandit kaufen \u2713 Autorisierter H\u00e4ndler \u2713 Swiss made \u2713 TrustedShops zertifiziert \u2713 Passion aus Berlin seit 2014 \u2713\",\"breadcrumb\":{\"@id\":\"https:\/\/watch-bandit.com\/de\/produkt\/ocean-crawler-core-diver-refractor-2025\/#breadcrumb\"},\"inLanguage\":\"de-DE\",\"potentialAction\":[{\"@type\":\"ReadAction\",\"target\":[\"https:\/\/watch-bandit.com\/de\/produkt\/ocean-crawler-core-diver-refractor-2025\/\"]}]},{\"@type\":\"BreadcrumbList\",\"@id\":\"https:\/\/watch-bandit.com\/de\/produkt\/ocean-crawler-core-diver-refractor-2025\/#breadcrumb\",\"itemListElement\":[{\"@type\":\"ListItem\",\"position\":1,\"name\":\"Home\",\"item\":\"https:\/\/watchbandit.de\/\"},{\"@type\":\"ListItem\",\"position\":2,\"name\":\"Shop\",\"item\":\"https:\/\/watchbandit.de\/shop\/\"},{\"@type\":\"ListItem\",\"position\":3,\"name\":\"Watches\",\"item\":\"https:\/\/watch-bandit.com\/products\/watches\/\"},{\"@type\":\"ListItem\",\"position\":4,\"name\":\"Ocean Crawler\",\"item\":\"https:\/\/watch-bandit.com\/products\/watches\/ocean-crawler\/\"},{\"@type\":\"ListItem\",\"position\":5,\"name\":\"Ocean Crawler &#8211; Core Diver &#8211; Refractor 2025\"}]},{\"@type\":\"WebSite\",\"@id\":\"https:\/\/watch-bandit.com\/#website\",\"url\":\"https:\/\/watch-bandit.com\/\",\"name\":\"WATCHBANDIT\",\"description\":\"Contemporary Wrist Accessories\",\"publisher\":{\"@id\":\"https:\/\/watch-bandit.com\/#organization\"},\"potentialAction\":[{\"@type\":\"SearchAction\",\"target\":{\"@type\":\"EntryPoint\",\"urlTemplate\":\"https:\/\/watch-bandit.com\/?s={search_term_string}\"},\"query-input\":\"required name=search_term_string\"}],\"inLanguage\":\"de-DE\"},{\"@type\":\"Organization\",\"@id\":\"https:\/\/watch-bandit.com\/#organization\",\"name\":\"WatchBandit\",\"url\":\"https:\/\/watch-bandit.com\/\",\"logo\":{\"@type\":\"ImageObject\",\"inLanguage\":\"de-DE\",\"@id\":\"https:\/\/watch-bandit.com\/#\/schema\/logo\/image\/\",\"url\":\"https:\/\/watchbandit.de\/wp-content\/uploads\/2017\/11\/WB_Logo_557x124.png\",\"contentUrl\":\"https:\/\/watchbandit.de\/wp-content\/uploads\/2017\/11\/WB_Logo_557x124.png\",\"width\":557,\"height\":124,\"caption\":\"WatchBandit\"},\"image\":{\"@id\":\"https:\/\/watch-bandit.com\/#\/schema\/logo\/image\/\"}}]}<\/script>\n<!-- \/ Yoast SEO plugin. -->","yoast_head_json":{"title":"Ocean Crawler - Core Diver - Refractor 2025 - WATCHBANDIT","description":"Ocean Crawler Core Diver GMT bei Watchbandit kaufen \u2713 Autorisierter H\u00e4ndler \u2713 Swiss made \u2713 TrustedShops zertifiziert \u2713 Passion aus Berlin seit 2014 \u2713","robots":{"index":"noindex","follow":"follow","max-snippet":"max-snippet:-1","max-image-preview":"max-image-preview:large","max-video-preview":"max-video-preview:-1"},"og_locale":"de_DE","og_type":"article","og_title":"Ocean Crawler - Core Diver - Refractor 2025 - WATCHBANDIT","og_description":"Ocean Crawler Core Diver GMT bei Watchbandit kaufen \u2713 Autorisierter H\u00e4ndler \u2713 Swiss made \u2713 TrustedShops zertifiziert \u2713 Passion aus Berlin seit 2014 \u2713","og_url":"https:\/\/watch-bandit.com\/de\/produkt\/ocean-crawler-core-diver-refractor-2025\/","og_site_name":"WATCHBANDIT","article_modified_time":"2025-06-21T17:19:56+00:00","og_image":[{"width":1024,"height":1024,"url":"https:\/\/watch-bandit.com\/wp-content\/uploads\/2025\/06\/ocean-crawler-core-diver-refractor-2025-536634_1024x1024.webp","type":"image\/webp"}],"twitter_misc":{"Gesch\u00e4tzte Lesezeit":"2 Minuten"},"schema":{"@context":"https:\/\/schema.org","@graph":[{"@type":"WebPage","@id":"https:\/\/watch-bandit.com\/de\/produkt\/ocean-crawler-core-diver-refractor-2025\/","url":"https:\/\/watch-bandit.com\/de\/produkt\/ocean-crawler-core-diver-refractor-2025\/","name":"Ocean Crawler - Core Diver - Refractor 2025 - WATCHBANDIT","isPartOf":{"@id":"https:\/\/watch-bandit.com\/#website"},"datePublished":"2025-06-16T12:49:58+00:00","dateModified":"2025-06-21T17:19:56+00:00","description":"Ocean Crawler Core Diver GMT bei Watchbandit kaufen \u2713 Autorisierter H\u00e4ndler \u2713 Swiss made \u2713 TrustedShops zertifiziert \u2713 Passion aus Berlin seit 2014 \u2713","breadcrumb":{"@id":"https:\/\/watch-bandit.com\/de\/produkt\/ocean-crawler-core-diver-refractor-2025\/#breadcrumb"},"inLanguage":"de-DE","potentialAction":[{"@type":"ReadAction","target":["https:\/\/watch-bandit.com\/de\/produkt\/ocean-crawler-core-diver-refractor-2025\/"]}]},{"@type":"BreadcrumbList","@id":"https:\/\/watch-bandit.com\/de\/produkt\/ocean-crawler-core-diver-refractor-2025\/#breadcrumb","itemListElement":[{"@type":"ListItem","position":1,"name":"Home","item":"https:\/\/watchbandit.de\/"},{"@type":"ListItem","position":2,"name":"Shop","item":"https:\/\/watchbandit.de\/shop\/"},{"@type":"ListItem","position":3,"name":"Watches","item":"https:\/\/watch-bandit.com\/products\/watches\/"},{"@type":"ListItem","position":4,"name":"Ocean Crawler","item":"https:\/\/watch-bandit.com\/products\/watches\/ocean-crawler\/"},{"@type":"ListItem","position":5,"name":"Ocean Crawler &#8211; Core Diver &#8211; Refractor 2025"}]},{"@type":"WebSite","@id":"https:\/\/watch-bandit.com\/#website","url":"https:\/\/watch-bandit.com\/","name":"WATCHBANDIT","description":"Contemporary Wrist Accessories","publisher":{"@id":"https:\/\/watch-bandit.com\/#organization"},"potentialAction":[{"@type":"SearchAction","target":{"@type":"EntryPoint","urlTemplate":"https:\/\/watch-bandit.com\/?s={search_term_string}"},"query-input":"required name=search_term_string"}],"inLanguage":"de-DE"},{"@type":"Organization","@id":"https:\/\/watch-bandit.com\/#organization","name":"WatchBandit","url":"https:\/\/watch-bandit.com\/","logo":{"@type":"ImageObject","inLanguage":"de-DE","@id":"https:\/\/watch-bandit.com\/#\/schema\/logo\/image\/","url":"https:\/\/watchbandit.de\/wp-content\/uploads\/2017\/11\/WB_Logo_557x124.png","contentUrl":"https:\/\/watchbandit.de\/wp-content\/uploads\/2017\/11\/WB_Logo_557x124.png","width":557,"height":124,"caption":"WatchBandit"},"image":{"@id":"https:\/\/watch-bandit.com\/#\/schema\/logo\/image\/"}}]}},"_links":{"self":[{"href":"https:\/\/watch-bandit.com\/de\/wp-json\/wp\/v2\/product\/354552"}],"collection":[{"href":"https:\/\/watch-bandit.com\/de\/wp-json\/wp\/v2\/product"}],"about":[{"href":"https:\/\/watch-bandit.com\/de\/wp-json\/wp\/v2\/types\/product"}],"replies":[{"embeddable":true,"href":"https:\/\/watch-bandit.com\/de\/wp-json\/wp\/v2\/comments?post=354552"}],"wp:featuredmedia":[{"embeddable":true,"href":"https:\/\/watch-bandit.com\/de\/wp-json\/wp\/v2\/media\/354891"}],"wp:attachment":[{"href":"https:\/\/watch-bandit.com\/de\/wp-json\/wp\/v2\/media?parent=354552"}],"wp:term":[{"taxonomy":"product_cat","embeddable":true,"href":"https:\/\/watch-bandit.com\/de\/wp-json\/wp\/v2\/product_cat?post=354552"},{"taxonomy":"product_tag","embeddable":true,"href":"https:\/\/watch-bandit.com\/de\/wp-json\/wp\/v2\/product_tag?post=354552"}],"curies":[{"name":"wp","href":"https:\/\/api.w.org\/{rel}","templated":true}]}}