{"id":354556,"date":"2025-06-16T14:55:31","date_gmt":"2025-06-16T12:55:31","guid":{"rendered":"https:\/\/watchbandit.com\/?post_type=product&#038;p=354556"},"modified":"2025-06-20T15:45:42","modified_gmt":"2025-06-20T13:45:42","slug":"ocean-crawler-core-diver-v4-arctic-blue-limited-edition","status":"publish","type":"product","link":"https:\/\/watch-bandit.com\/de\/produkt\/ocean-crawler-core-diver-v4-arctic-blue-limited-edition\/","title":{"rendered":"Ocean Crawler &#8211; Core Diver V4 &#8211; Arctic Blue &#8211; Limited Edition"},"content":{"rendered":"<h1>Arctic Blue Core Diver LE \u2013 Aus Eis geboren. Gebaut f\u00fcr die Tiefe.<\/h1>\n<p>Wir pr\u00e4sentieren die Arctic Blue Core Diver LE, eine limitierte Taucheruhr, inspiriert von der rauen Sch\u00f6nheit und der rohen Kraft der Arktis. Ihr tiefblaues Zifferblatt erinnert an das eisige Wasser unter dem Polareis, w\u00e4hrend das frostfarbene Armband die Textur und Farbe des Gletschergel\u00e4ndes widerspiegelt. Diese Uhr ist f\u00fcr alle geschaffen, die Eleganz in Extremen finden.<\/p>\n<p>Die Arctic Blue Core Diver ist f\u00fcr Abenteuer konzipiert, druckgepr\u00fcft bis 600 Meter Tiefe und f\u00fcr h\u00e4rteste Unterwasserbedingungen konzipiert. Die einseitig drehbare L\u00fcnette aus Saphirglas verf\u00fcgt \u00fcber Leuchtmarkierungen, gef\u00fcllt mit sieben Schichten Schweizer C3 Super-LumiNova\u00ae, die selbst in den dunkelsten Tiefen optimale Sichtbarkeit gew\u00e4hrleisten. Im Inneren schl\u00e4gt das Schweizer Automatikwerk Sellita SW200-1, das intern f\u00fcr h\u00f6chste Pr\u00e4zision und Zuverl\u00e4ssigkeit mit 28.800 Halbschwingungen pro Stunde reguliert wird.<\/p>\n<p>Jedes Detail ist auf robuste Funktionalit\u00e4t ausgelegt, ohne Kompromisse bei der markanten Optik einzugehen. Diese exklusive Edition ist streng limitiert auf 100 einzeln nummerierte Exemplare und damit so selten wie die arktische Wildnis, von der sie inspiriert ist. Ob beim Tauchen in die Tiefe oder beim Erkunden des Alltags, die Arctic Blue Core Diver LE ist Ihr eiskalter Verb\u00fcndeter in einer Welt voller Extreme.<\/p>\n<h3>Technische Daten:<\/h3>\n<p>Wasserdicht bis 600 Meter<br \/>\nSaphirglas (inkl. Glas und L\u00fcnette)<br \/>\nGeh\u00e4use aus 316L-Edelstahl mit geb\u00fcrsteten Oberfl\u00e4chen<br \/>\nAutomatische, pr\u00e4zise Taucheruhr \u2013 keine Batterien erforderlich. Die Uhr zieht sich durch die Bewegung Ihres Handgelenks selbst auf.<br \/>\nDicke Saphirglasst\u00e4rke: 4,0 mm. Eine Antireflexbeschichtung verhindert Reflexionen unter Wasser.<br \/>\nGarantiert pr\u00e4zise Zeitmessung f\u00fcr mindestens 5 Jahre.<br \/>\nGeh\u00e4usedurchmesser (ohne Krone): 44 mm<br \/>\nGeh\u00e4usedicke: 15,6 mm, Bandansto\u00df: 50 mm, Bandansto\u00dfbreite: 22 mm<br \/>\nGeh\u00e4usematerial: Edelstahl 316L, Heliumventil bei 9 Uhr<br \/>\nL\u00fcnette: Einseitig drehbare Saphirl\u00fcnette mit 120 Klicks und Schweizer C3 Superluminova-Markierungen<br \/>\nUhrwerk: Swiss Made Sellita SW200-1<br \/>\nFrequenz: 28.800 Halbschwingungen pro Stunde<br \/>\nWasserdichtigkeit: 600 Meter, 2000 Fu\u00df oder 60 ATM<br \/>\nArmband mit Ratschenverschluss und Sechskantschrauben<br \/>\nArktisblaues Kautschukarmband<br \/>\nGangreserve: 40 Stunden<\/p>\n","protected":false},"excerpt":{"rendered":"<p>Inspiriert von arktischen Gew\u00e4ssern besticht die Arctic Blue Core Diver LE durch ein tiefblaues Zifferblatt, ein mattiertes Armband und ist bis zu einer Tiefe von 600 Metern wasserdicht. Mit Saphirl\u00fcnette, kraftvoller Schweizer C3-Leuchtmasse und reguliertem Sellita SW200-1 Automatikwerk ist sie wie geschaffen f\u00fcr die Tiefen \u2013 und auf nur 100 nummerierte Exemplare limitiert.<\/p>\n<p>Diese exklusive Edition ist streng auf 100 einzeln nummerierte Exemplare limitiert und damit so selten wie die arktische Wildnis, von der sie inspiriert ist.<\/p>\n<p><strong>Uhrwerk<\/strong>: Swiss Made Sellita SW200-1<br \/>\n<strong>Geh\u00e4use<\/strong>: 316L Edelstahlgeh\u00e4use mit geb\u00fcrsteten Oberfl\u00e4chen und 44 mm Durchmesser. Saphirglas (einschlie\u00dflich Glas und L\u00fcnette), dickes Saphirglas mit 4,0 mm Dicke und Antireflexbeschichtung, um Reflexionen unter Wasser zu verhindern.<br \/>\n<strong>Wasserdichtigkeit<\/strong>: 600 Meter \/ 60 ATM<br \/>\n<strong>Armband<\/strong>: Angepasstes Kautschukarmband<\/p>\n","protected":false},"featured_media":354848,"comment_status":"open","ping_status":"closed","template":"","meta":[],"product_cat":[3284,37],"product_tag":[],"yoast_head":"<!-- This site is optimized with the Yoast SEO plugin v21.9 - https:\/\/yoast.com\/wordpress\/plugins\/seo\/ -->\n<title>Ocean Crawler - Core Diver V4 - Arctic Blue - Limited Edition - WATCHBANDIT<\/title>\n<meta name=\"description\" content=\"Ocean Crawler Core Diver GMT bei Watchbandit kaufen \u2713 Autorisierter H\u00e4ndler \u2713 Swiss made \u2713 TrustedShops zertifiziert \u2713 Passion aus Berlin seit 2014 \u2713\" \/>\n<meta name=\"robots\" content=\"noindex, follow, max-snippet:-1, max-image-preview:large, max-video-preview:-1\" \/>\n<meta property=\"og:locale\" content=\"de_DE\" \/>\n<meta property=\"og:type\" content=\"article\" \/>\n<meta property=\"og:title\" content=\"Ocean Crawler - Core Diver V4 - Arctic Blue - Limited Edition - WATCHBANDIT\" \/>\n<meta property=\"og:description\" content=\"Ocean Crawler Core Diver GMT bei Watchbandit kaufen \u2713 Autorisierter H\u00e4ndler \u2713 Swiss made \u2713 TrustedShops zertifiziert \u2713 Passion aus Berlin seit 2014 \u2713\" \/>\n<meta property=\"og:url\" content=\"https:\/\/watch-bandit.com\/de\/produkt\/ocean-crawler-core-diver-v4-arctic-blue-limited-edition\/\" \/>\n<meta property=\"og:site_name\" content=\"WATCHBANDIT\" \/>\n<meta property=\"article:modified_time\" content=\"2025-06-20T13:45:42+00:00\" \/>\n<meta property=\"og:image\" content=\"https:\/\/watch-bandit.com\/wp-content\/uploads\/2025\/06\/ocean-crawler-core-diver-v4-arctic-blue-le-444931_1024x1024.webp\" \/>\n\t<meta property=\"og:image:width\" content=\"1024\" \/>\n\t<meta property=\"og:image:height\" content=\"1024\" \/>\n\t<meta property=\"og:image:type\" content=\"image\/webp\" \/>\n<meta name=\"twitter:label1\" content=\"Gesch\u00e4tzte Lesezeit\" \/>\n\t<meta name=\"twitter:data1\" content=\"2 Minuten\" \/>\n<script type=\"application\/ld+json\" class=\"yoast-schema-graph\">{\"@context\":\"https:\/\/schema.org\",\"@graph\":[{\"@type\":\"WebPage\",\"@id\":\"https:\/\/watch-bandit.com\/de\/produkt\/ocean-crawler-core-diver-v4-arctic-blue-limited-edition\/\",\"url\":\"https:\/\/watch-bandit.com\/de\/produkt\/ocean-crawler-core-diver-v4-arctic-blue-limited-edition\/\",\"name\":\"Ocean Crawler - Core Diver V4 - Arctic Blue - Limited Edition - WATCHBANDIT\",\"isPartOf\":{\"@id\":\"https:\/\/watch-bandit.com\/#website\"},\"datePublished\":\"2025-06-16T12:55:31+00:00\",\"dateModified\":\"2025-06-20T13:45:42+00:00\",\"description\":\"Ocean Crawler Core Diver GMT bei Watchbandit kaufen \u2713 Autorisierter H\u00e4ndler \u2713 Swiss made \u2713 TrustedShops zertifiziert \u2713 Passion aus Berlin seit 2014 \u2713\",\"breadcrumb\":{\"@id\":\"https:\/\/watch-bandit.com\/de\/produkt\/ocean-crawler-core-diver-v4-arctic-blue-limited-edition\/#breadcrumb\"},\"inLanguage\":\"de-DE\",\"potentialAction\":[{\"@type\":\"ReadAction\",\"target\":[\"https:\/\/watch-bandit.com\/de\/produkt\/ocean-crawler-core-diver-v4-arctic-blue-limited-edition\/\"]}]},{\"@type\":\"BreadcrumbList\",\"@id\":\"https:\/\/watch-bandit.com\/de\/produkt\/ocean-crawler-core-diver-v4-arctic-blue-limited-edition\/#breadcrumb\",\"itemListElement\":[{\"@type\":\"ListItem\",\"position\":1,\"name\":\"Home\",\"item\":\"https:\/\/watchbandit.de\/\"},{\"@type\":\"ListItem\",\"position\":2,\"name\":\"Shop\",\"item\":\"https:\/\/watchbandit.de\/shop\/\"},{\"@type\":\"ListItem\",\"position\":3,\"name\":\"Watches\",\"item\":\"https:\/\/watch-bandit.com\/products\/watches\/\"},{\"@type\":\"ListItem\",\"position\":4,\"name\":\"Ocean Crawler &#8211; Core Diver V4 &#8211; Arctic Blue &#8211; Limited Edition\"}]},{\"@type\":\"WebSite\",\"@id\":\"https:\/\/watch-bandit.com\/#website\",\"url\":\"https:\/\/watch-bandit.com\/\",\"name\":\"WATCHBANDIT\",\"description\":\"Contemporary Wrist Accessories\",\"publisher\":{\"@id\":\"https:\/\/watch-bandit.com\/#organization\"},\"potentialAction\":[{\"@type\":\"SearchAction\",\"target\":{\"@type\":\"EntryPoint\",\"urlTemplate\":\"https:\/\/watch-bandit.com\/?s={search_term_string}\"},\"query-input\":\"required name=search_term_string\"}],\"inLanguage\":\"de-DE\"},{\"@type\":\"Organization\",\"@id\":\"https:\/\/watch-bandit.com\/#organization\",\"name\":\"WatchBandit\",\"url\":\"https:\/\/watch-bandit.com\/\",\"logo\":{\"@type\":\"ImageObject\",\"inLanguage\":\"de-DE\",\"@id\":\"https:\/\/watch-bandit.com\/#\/schema\/logo\/image\/\",\"url\":\"https:\/\/watchbandit.de\/wp-content\/uploads\/2017\/11\/WB_Logo_557x124.png\",\"contentUrl\":\"https:\/\/watchbandit.de\/wp-content\/uploads\/2017\/11\/WB_Logo_557x124.png\",\"width\":557,\"height\":124,\"caption\":\"WatchBandit\"},\"image\":{\"@id\":\"https:\/\/watch-bandit.com\/#\/schema\/logo\/image\/\"}}]}<\/script>\n<!-- \/ Yoast SEO plugin. -->","yoast_head_json":{"title":"Ocean Crawler - Core Diver V4 - Arctic Blue - Limited Edition - WATCHBANDIT","description":"Ocean Crawler Core Diver GMT bei Watchbandit kaufen \u2713 Autorisierter H\u00e4ndler \u2713 Swiss made \u2713 TrustedShops zertifiziert \u2713 Passion aus Berlin seit 2014 \u2713","robots":{"index":"noindex","follow":"follow","max-snippet":"max-snippet:-1","max-image-preview":"max-image-preview:large","max-video-preview":"max-video-preview:-1"},"og_locale":"de_DE","og_type":"article","og_title":"Ocean Crawler - Core Diver V4 - Arctic Blue - Limited Edition - WATCHBANDIT","og_description":"Ocean Crawler Core Diver GMT bei Watchbandit kaufen \u2713 Autorisierter H\u00e4ndler \u2713 Swiss made \u2713 TrustedShops zertifiziert \u2713 Passion aus Berlin seit 2014 \u2713","og_url":"https:\/\/watch-bandit.com\/de\/produkt\/ocean-crawler-core-diver-v4-arctic-blue-limited-edition\/","og_site_name":"WATCHBANDIT","article_modified_time":"2025-06-20T13:45:42+00:00","og_image":[{"width":1024,"height":1024,"url":"https:\/\/watch-bandit.com\/wp-content\/uploads\/2025\/06\/ocean-crawler-core-diver-v4-arctic-blue-le-444931_1024x1024.webp","type":"image\/webp"}],"twitter_misc":{"Gesch\u00e4tzte Lesezeit":"2 Minuten"},"schema":{"@context":"https:\/\/schema.org","@graph":[{"@type":"WebPage","@id":"https:\/\/watch-bandit.com\/de\/produkt\/ocean-crawler-core-diver-v4-arctic-blue-limited-edition\/","url":"https:\/\/watch-bandit.com\/de\/produkt\/ocean-crawler-core-diver-v4-arctic-blue-limited-edition\/","name":"Ocean Crawler - Core Diver V4 - Arctic Blue - Limited Edition - WATCHBANDIT","isPartOf":{"@id":"https:\/\/watch-bandit.com\/#website"},"datePublished":"2025-06-16T12:55:31+00:00","dateModified":"2025-06-20T13:45:42+00:00","description":"Ocean Crawler Core Diver GMT bei Watchbandit kaufen \u2713 Autorisierter H\u00e4ndler \u2713 Swiss made \u2713 TrustedShops zertifiziert \u2713 Passion aus Berlin seit 2014 \u2713","breadcrumb":{"@id":"https:\/\/watch-bandit.com\/de\/produkt\/ocean-crawler-core-diver-v4-arctic-blue-limited-edition\/#breadcrumb"},"inLanguage":"de-DE","potentialAction":[{"@type":"ReadAction","target":["https:\/\/watch-bandit.com\/de\/produkt\/ocean-crawler-core-diver-v4-arctic-blue-limited-edition\/"]}]},{"@type":"BreadcrumbList","@id":"https:\/\/watch-bandit.com\/de\/produkt\/ocean-crawler-core-diver-v4-arctic-blue-limited-edition\/#breadcrumb","itemListElement":[{"@type":"ListItem","position":1,"name":"Home","item":"https:\/\/watchbandit.de\/"},{"@type":"ListItem","position":2,"name":"Shop","item":"https:\/\/watchbandit.de\/shop\/"},{"@type":"ListItem","position":3,"name":"Watches","item":"https:\/\/watch-bandit.com\/products\/watches\/"},{"@type":"ListItem","position":4,"name":"Ocean Crawler &#8211; Core Diver V4 &#8211; Arctic Blue &#8211; Limited Edition"}]},{"@type":"WebSite","@id":"https:\/\/watch-bandit.com\/#website","url":"https:\/\/watch-bandit.com\/","name":"WATCHBANDIT","description":"Contemporary Wrist Accessories","publisher":{"@id":"https:\/\/watch-bandit.com\/#organization"},"potentialAction":[{"@type":"SearchAction","target":{"@type":"EntryPoint","urlTemplate":"https:\/\/watch-bandit.com\/?s={search_term_string}"},"query-input":"required name=search_term_string"}],"inLanguage":"de-DE"},{"@type":"Organization","@id":"https:\/\/watch-bandit.com\/#organization","name":"WatchBandit","url":"https:\/\/watch-bandit.com\/","logo":{"@type":"ImageObject","inLanguage":"de-DE","@id":"https:\/\/watch-bandit.com\/#\/schema\/logo\/image\/","url":"https:\/\/watchbandit.de\/wp-content\/uploads\/2017\/11\/WB_Logo_557x124.png","contentUrl":"https:\/\/watchbandit.de\/wp-content\/uploads\/2017\/11\/WB_Logo_557x124.png","width":557,"height":124,"caption":"WatchBandit"},"image":{"@id":"https:\/\/watch-bandit.com\/#\/schema\/logo\/image\/"}}]}},"_links":{"self":[{"href":"https:\/\/watch-bandit.com\/de\/wp-json\/wp\/v2\/product\/354556"}],"collection":[{"href":"https:\/\/watch-bandit.com\/de\/wp-json\/wp\/v2\/product"}],"about":[{"href":"https:\/\/watch-bandit.com\/de\/wp-json\/wp\/v2\/types\/product"}],"replies":[{"embeddable":true,"href":"https:\/\/watch-bandit.com\/de\/wp-json\/wp\/v2\/comments?post=354556"}],"wp:featuredmedia":[{"embeddable":true,"href":"https:\/\/watch-bandit.com\/de\/wp-json\/wp\/v2\/media\/354848"}],"wp:attachment":[{"href":"https:\/\/watch-bandit.com\/de\/wp-json\/wp\/v2\/media?parent=354556"}],"wp:term":[{"taxonomy":"product_cat","embeddable":true,"href":"https:\/\/watch-bandit.com\/de\/wp-json\/wp\/v2\/product_cat?post=354556"},{"taxonomy":"product_tag","embeddable":true,"href":"https:\/\/watch-bandit.com\/de\/wp-json\/wp\/v2\/product_tag?post=354556"}],"curies":[{"name":"wp","href":"https:\/\/api.w.org\/{rel}","templated":true}]}}