{"id":354564,"date":"2025-06-16T15:08:34","date_gmt":"2025-06-16T13:08:35","guid":{"rendered":"https:\/\/watchbandit.com\/?post_type=product&#038;p=354564"},"modified":"2025-10-16T09:09:40","modified_gmt":"2025-10-16T07:09:40","slug":"ocean-crawler-ocean-navigator-red-v3-titanium","status":"publish","type":"product","link":"https:\/\/watch-bandit.com\/de\/produkt\/ocean-crawler-ocean-navigator-red-v3-titanium\/","title":{"rendered":"Ocean Crawler &#8211; Ocean Navigator &#8211; Red V3 &#8211; Titanium"},"content":{"rendered":"<h1>Produktbeschreibung Ocean Navigator \u2013 Gebaut f\u00fcr die Tiefen<\/h1>\n<p>F\u00fcr Entdeckungen konzipiert. Die Ocean Navigator ist die technisch fortschrittlichste Taucheruhr von Ocean Crawler \u2013 entwickelt f\u00fcr Pr\u00e4zision, Langlebigkeit und Erkundungen weit unter der Wasseroberfl\u00e4che. Sie ist bis zu einer Wassertiefe von 600 Metern wasserdicht und wird einzeln druckgepr\u00fcft, um Spitzenleistung auch unter h\u00e4rtesten Unterwasserbedingungen zu gew\u00e4hrleisten. Das Herzst\u00fcck dieser limitierten Taucheruhr ist ein zum Patent angemeldetes System mit drei Kronen und zwei L\u00fcnetten:<\/p>\n<p>Die \u00e4u\u00dfere Saphirl\u00fcnette misst die Tauchzeit und ist mit sieben Schichten Swiss C3 Super-LumiNova\u00ae beschichtet, die f\u00fcr un\u00fcbertroffene Leuchtkraft und Klarheit im Dunkeln sorgen.<br \/>\nDie innere Sonnenkompassl\u00fcnette, die \u00fcber die Krone bei 10 Uhr bedient wird, hilft, die Himmelsrichtung anhand des Sonnenstands zu bestimmen.<br \/>\nDie Krone bei 8 Uhr beherbergt ein Heliumauslassventil, das eine sichere Dekompression bei S\u00e4ttigungstauchg\u00e4ngen erm\u00f6glicht.<\/p>\n<p>Die Navigation ist intuitiv: Richten Sie den Stundenzeiger einfach auf die Sonne, drehen Sie die innere L\u00fcnette, um sie mit der Halbkugelanzeige abzugleichen, und Sie erhalten die richtige Richtung \u2013 ob unter Wasser oder fernab des Stromnetzes. Angetrieben wird die Uhr vom bew\u00e4hrten Schweizer Automatikwerk Sellita SW200-1, das intern f\u00fcr h\u00f6chste Genauigkeit und Zuverl\u00e4ssigkeit bei 28.800 Halbschwingungen pro Stunde reguliert wird. Limitiert auf nur 100 Exemplare pro Farbvariante, wird jeder Ocean Navigator individuell serialisiert und f\u00fcr alle entwickelt, die echten Nutzen, kompromisslose Qualit\u00e4t und einsatzbereites Design sch\u00e4tzen.<\/p>\n","protected":false},"excerpt":{"rendered":"<p>Die Ocean Navigator ist die fortschrittlichste Taucheruhr von Ocean Crawler. Sie ist f\u00fcr eine Tiefe von 600 Metern ausgelegt und verf\u00fcgt \u00fcber ein einzigartiges Drei-Kronen-System: eine einseitig drehbare Saphir-Tauchl\u00fcnette, einen internen Solarkompass und ein Heliumventil. Mit Schweizer C3 Super-LumiNova\u00ae, einem regulierten Sellita SW200-1-Uhrwerk und einer limitierten Auflage von 100 Exemplaren pro Farbvariante ist diese seltene Toolwatch f\u00fcr die Tiefenerkundung konzipiert.<\/p>\n<p><strong>Uhrwerk:<\/strong> Swiss Made Sellita SW200-1<br \/>\n<strong>Geh\u00e4use<\/strong>: Titangeh\u00e4use mit geb\u00fcrsteten Oberfl\u00e4chen, 45 mm Durchmesser<br \/>\n<strong>Wasserdichtigkeit<\/strong>: 600 Meter \/ 60 ATM<br \/>\n<strong>Armband:<\/strong> Inklusive Kevlar- und Speziallederarmband<\/p>\n","protected":false},"featured_media":354808,"comment_status":"open","ping_status":"closed","template":"","meta":[],"product_cat":[3284,37],"product_tag":[],"yoast_head":"<!-- This site is optimized with the Yoast SEO plugin v21.9 - https:\/\/yoast.com\/wordpress\/plugins\/seo\/ -->\n<title>Ocean Crawler - Ocean Navigator - Red V3 - Titanium - WATCHBANDIT<\/title>\n<meta name=\"description\" content=\"Ocean Crawler Great Lakes Diver bei Watchbandit kaufen \u2713 Autorisierter H\u00e4ndler \u2713 Swiss made \u2713 TrustedShops zertifiziert \u2713 Passion aus Berlin seit 2014 \u2713\" \/>\n<meta name=\"robots\" content=\"noindex, follow, max-snippet:-1, max-image-preview:large, max-video-preview:-1\" \/>\n<meta property=\"og:locale\" content=\"de_DE\" \/>\n<meta property=\"og:type\" content=\"article\" \/>\n<meta property=\"og:title\" content=\"Ocean Crawler - Ocean Navigator - Red V3 - Titanium - WATCHBANDIT\" \/>\n<meta property=\"og:description\" content=\"Ocean Crawler Great Lakes Diver bei Watchbandit kaufen \u2713 Autorisierter H\u00e4ndler \u2713 Swiss made \u2713 TrustedShops zertifiziert \u2713 Passion aus Berlin seit 2014 \u2713\" \/>\n<meta property=\"og:url\" content=\"https:\/\/watch-bandit.com\/de\/produkt\/ocean-crawler-ocean-navigator-red-v3-titanium\/\" \/>\n<meta property=\"og:site_name\" content=\"WATCHBANDIT\" \/>\n<meta property=\"article:modified_time\" content=\"2025-10-16T07:09:40+00:00\" \/>\n<meta property=\"og:image\" content=\"https:\/\/watch-bandit.com\/wp-content\/uploads\/2025\/06\/ocean-crawler-ocean-navigator-red-v3-titanium-415230_1024x1024.webp\" \/>\n\t<meta property=\"og:image:width\" content=\"1024\" \/>\n\t<meta property=\"og:image:height\" content=\"1024\" \/>\n\t<meta property=\"og:image:type\" content=\"image\/webp\" \/>\n<meta name=\"twitter:label1\" content=\"Gesch\u00e4tzte Lesezeit\" \/>\n\t<meta name=\"twitter:data1\" content=\"2 Minuten\" \/>\n<script type=\"application\/ld+json\" class=\"yoast-schema-graph\">{\"@context\":\"https:\/\/schema.org\",\"@graph\":[{\"@type\":\"WebPage\",\"@id\":\"https:\/\/watch-bandit.com\/de\/produkt\/ocean-crawler-ocean-navigator-red-v3-titanium\/\",\"url\":\"https:\/\/watch-bandit.com\/de\/produkt\/ocean-crawler-ocean-navigator-red-v3-titanium\/\",\"name\":\"Ocean Crawler - Ocean Navigator - Red V3 - Titanium - WATCHBANDIT\",\"isPartOf\":{\"@id\":\"https:\/\/watch-bandit.com\/#website\"},\"datePublished\":\"2025-06-16T13:08:35+00:00\",\"dateModified\":\"2025-10-16T07:09:40+00:00\",\"description\":\"Ocean Crawler Great Lakes Diver bei Watchbandit kaufen \u2713 Autorisierter H\u00e4ndler \u2713 Swiss made \u2713 TrustedShops zertifiziert \u2713 Passion aus Berlin seit 2014 \u2713\",\"breadcrumb\":{\"@id\":\"https:\/\/watch-bandit.com\/de\/produkt\/ocean-crawler-ocean-navigator-red-v3-titanium\/#breadcrumb\"},\"inLanguage\":\"de-DE\",\"potentialAction\":[{\"@type\":\"ReadAction\",\"target\":[\"https:\/\/watch-bandit.com\/de\/produkt\/ocean-crawler-ocean-navigator-red-v3-titanium\/\"]}]},{\"@type\":\"BreadcrumbList\",\"@id\":\"https:\/\/watch-bandit.com\/de\/produkt\/ocean-crawler-ocean-navigator-red-v3-titanium\/#breadcrumb\",\"itemListElement\":[{\"@type\":\"ListItem\",\"position\":1,\"name\":\"Home\",\"item\":\"https:\/\/watchbandit.de\/\"},{\"@type\":\"ListItem\",\"position\":2,\"name\":\"Shop\",\"item\":\"https:\/\/watchbandit.de\/shop\/\"},{\"@type\":\"ListItem\",\"position\":3,\"name\":\"Watches\",\"item\":\"https:\/\/watch-bandit.com\/products\/watches\/\"},{\"@type\":\"ListItem\",\"position\":4,\"name\":\"Ocean Crawler\",\"item\":\"https:\/\/watch-bandit.com\/products\/watches\/ocean-crawler\/\"},{\"@type\":\"ListItem\",\"position\":5,\"name\":\"Ocean Crawler &#8211; Ocean Navigator &#8211; Red V3 &#8211; Titanium\"}]},{\"@type\":\"WebSite\",\"@id\":\"https:\/\/watch-bandit.com\/#website\",\"url\":\"https:\/\/watch-bandit.com\/\",\"name\":\"WATCHBANDIT\",\"description\":\"Contemporary Wrist Accessories\",\"publisher\":{\"@id\":\"https:\/\/watch-bandit.com\/#organization\"},\"potentialAction\":[{\"@type\":\"SearchAction\",\"target\":{\"@type\":\"EntryPoint\",\"urlTemplate\":\"https:\/\/watch-bandit.com\/?s={search_term_string}\"},\"query-input\":\"required name=search_term_string\"}],\"inLanguage\":\"de-DE\"},{\"@type\":\"Organization\",\"@id\":\"https:\/\/watch-bandit.com\/#organization\",\"name\":\"WatchBandit\",\"url\":\"https:\/\/watch-bandit.com\/\",\"logo\":{\"@type\":\"ImageObject\",\"inLanguage\":\"de-DE\",\"@id\":\"https:\/\/watch-bandit.com\/#\/schema\/logo\/image\/\",\"url\":\"https:\/\/watchbandit.de\/wp-content\/uploads\/2017\/11\/WB_Logo_557x124.png\",\"contentUrl\":\"https:\/\/watchbandit.de\/wp-content\/uploads\/2017\/11\/WB_Logo_557x124.png\",\"width\":557,\"height\":124,\"caption\":\"WatchBandit\"},\"image\":{\"@id\":\"https:\/\/watch-bandit.com\/#\/schema\/logo\/image\/\"}}]}<\/script>\n<!-- \/ Yoast SEO plugin. -->","yoast_head_json":{"title":"Ocean Crawler - Ocean Navigator - Red V3 - Titanium - WATCHBANDIT","description":"Ocean Crawler Great Lakes Diver bei Watchbandit kaufen \u2713 Autorisierter H\u00e4ndler \u2713 Swiss made \u2713 TrustedShops zertifiziert \u2713 Passion aus Berlin seit 2014 \u2713","robots":{"index":"noindex","follow":"follow","max-snippet":"max-snippet:-1","max-image-preview":"max-image-preview:large","max-video-preview":"max-video-preview:-1"},"og_locale":"de_DE","og_type":"article","og_title":"Ocean Crawler - Ocean Navigator - Red V3 - Titanium - WATCHBANDIT","og_description":"Ocean Crawler Great Lakes Diver bei Watchbandit kaufen \u2713 Autorisierter H\u00e4ndler \u2713 Swiss made \u2713 TrustedShops zertifiziert \u2713 Passion aus Berlin seit 2014 \u2713","og_url":"https:\/\/watch-bandit.com\/de\/produkt\/ocean-crawler-ocean-navigator-red-v3-titanium\/","og_site_name":"WATCHBANDIT","article_modified_time":"2025-10-16T07:09:40+00:00","og_image":[{"width":1024,"height":1024,"url":"https:\/\/watch-bandit.com\/wp-content\/uploads\/2025\/06\/ocean-crawler-ocean-navigator-red-v3-titanium-415230_1024x1024.webp","type":"image\/webp"}],"twitter_misc":{"Gesch\u00e4tzte Lesezeit":"2 Minuten"},"schema":{"@context":"https:\/\/schema.org","@graph":[{"@type":"WebPage","@id":"https:\/\/watch-bandit.com\/de\/produkt\/ocean-crawler-ocean-navigator-red-v3-titanium\/","url":"https:\/\/watch-bandit.com\/de\/produkt\/ocean-crawler-ocean-navigator-red-v3-titanium\/","name":"Ocean Crawler - Ocean Navigator - Red V3 - Titanium - WATCHBANDIT","isPartOf":{"@id":"https:\/\/watch-bandit.com\/#website"},"datePublished":"2025-06-16T13:08:35+00:00","dateModified":"2025-10-16T07:09:40+00:00","description":"Ocean Crawler Great Lakes Diver bei Watchbandit kaufen \u2713 Autorisierter H\u00e4ndler \u2713 Swiss made \u2713 TrustedShops zertifiziert \u2713 Passion aus Berlin seit 2014 \u2713","breadcrumb":{"@id":"https:\/\/watch-bandit.com\/de\/produkt\/ocean-crawler-ocean-navigator-red-v3-titanium\/#breadcrumb"},"inLanguage":"de-DE","potentialAction":[{"@type":"ReadAction","target":["https:\/\/watch-bandit.com\/de\/produkt\/ocean-crawler-ocean-navigator-red-v3-titanium\/"]}]},{"@type":"BreadcrumbList","@id":"https:\/\/watch-bandit.com\/de\/produkt\/ocean-crawler-ocean-navigator-red-v3-titanium\/#breadcrumb","itemListElement":[{"@type":"ListItem","position":1,"name":"Home","item":"https:\/\/watchbandit.de\/"},{"@type":"ListItem","position":2,"name":"Shop","item":"https:\/\/watchbandit.de\/shop\/"},{"@type":"ListItem","position":3,"name":"Watches","item":"https:\/\/watch-bandit.com\/products\/watches\/"},{"@type":"ListItem","position":4,"name":"Ocean Crawler","item":"https:\/\/watch-bandit.com\/products\/watches\/ocean-crawler\/"},{"@type":"ListItem","position":5,"name":"Ocean Crawler &#8211; Ocean Navigator &#8211; Red V3 &#8211; Titanium"}]},{"@type":"WebSite","@id":"https:\/\/watch-bandit.com\/#website","url":"https:\/\/watch-bandit.com\/","name":"WATCHBANDIT","description":"Contemporary Wrist Accessories","publisher":{"@id":"https:\/\/watch-bandit.com\/#organization"},"potentialAction":[{"@type":"SearchAction","target":{"@type":"EntryPoint","urlTemplate":"https:\/\/watch-bandit.com\/?s={search_term_string}"},"query-input":"required name=search_term_string"}],"inLanguage":"de-DE"},{"@type":"Organization","@id":"https:\/\/watch-bandit.com\/#organization","name":"WatchBandit","url":"https:\/\/watch-bandit.com\/","logo":{"@type":"ImageObject","inLanguage":"de-DE","@id":"https:\/\/watch-bandit.com\/#\/schema\/logo\/image\/","url":"https:\/\/watchbandit.de\/wp-content\/uploads\/2017\/11\/WB_Logo_557x124.png","contentUrl":"https:\/\/watchbandit.de\/wp-content\/uploads\/2017\/11\/WB_Logo_557x124.png","width":557,"height":124,"caption":"WatchBandit"},"image":{"@id":"https:\/\/watch-bandit.com\/#\/schema\/logo\/image\/"}}]}},"_links":{"self":[{"href":"https:\/\/watch-bandit.com\/de\/wp-json\/wp\/v2\/product\/354564"}],"collection":[{"href":"https:\/\/watch-bandit.com\/de\/wp-json\/wp\/v2\/product"}],"about":[{"href":"https:\/\/watch-bandit.com\/de\/wp-json\/wp\/v2\/types\/product"}],"replies":[{"embeddable":true,"href":"https:\/\/watch-bandit.com\/de\/wp-json\/wp\/v2\/comments?post=354564"}],"wp:featuredmedia":[{"embeddable":true,"href":"https:\/\/watch-bandit.com\/de\/wp-json\/wp\/v2\/media\/354808"}],"wp:attachment":[{"href":"https:\/\/watch-bandit.com\/de\/wp-json\/wp\/v2\/media?parent=354564"}],"wp:term":[{"taxonomy":"product_cat","embeddable":true,"href":"https:\/\/watch-bandit.com\/de\/wp-json\/wp\/v2\/product_cat?post=354564"},{"taxonomy":"product_tag","embeddable":true,"href":"https:\/\/watch-bandit.com\/de\/wp-json\/wp\/v2\/product_tag?post=354564"}],"curies":[{"name":"wp","href":"https:\/\/api.w.org\/{rel}","templated":true}]}}