{"id":354570,"date":"2025-06-16T15:20:25","date_gmt":"2025-06-16T13:20:25","guid":{"rendered":"https:\/\/watchbandit.com\/?post_type=product&#038;p=354570"},"modified":"2025-06-29T23:19:12","modified_gmt":"2025-06-29T21:19:12","slug":"ocean-crawler-dream-diver-2025-solar-shock-yellow","status":"publish","type":"product","link":"https:\/\/watch-bandit.com\/de\/produkt\/ocean-crawler-dream-diver-2025-solar-shock-yellow\/","title":{"rendered":"Ocean Crawler &#8211; Dream Diver 2025 &#8211; Solar Shock Yellow"},"content":{"rendered":"<h1>Ocean Crawler Dream Diver \u2013 Sommerserie f\u00fcr die Sommerhitze<\/h1>\n<p>F\u00fcr die Tiefe konzipiert. Herausragend gemacht. Lernen Sie die Dream Diver Sommerserie kennen, Ocean Crawlers bisher markanteste Version. Diese limitierte Edition bringt den Sommerfeeling mit vier mutigen Zifferblattfarben an Ihr Handgelenk:<\/p>\n<p>\ud83d\udd25 Solar Flare Orange<br \/>\n\ud83c\udf0a Rip Tide Aqua<br \/>\n\u26a1 Solar Shock Yellow<br \/>\n\u2744\ufe0f Coastal Frost White<\/p>\n<p>Die Dream Diver ist mit der f\u00fcr Ocean Crawler typischen robusten Konstruktion ausgestattet und auf einen Wasserdruck von 600 Metern getestet. Sie ist f\u00fcr tiefe Tauchg\u00e4nge und lange Strandtage bestens geeignet. Jedes Zifferblatt ist mit einem farblich abgestimmten wasserdichten Kevlar-Armband und einem zus\u00e4tzlichen, individuellen Lederarmband ausgestattet. Das garantiert Komfort, Langlebigkeit und einen umwerfenden Stil \u2013 egal ob im Wasser oder an der Strandpromenade.<\/p>\n<p>Das Geh\u00e4use ist robust und tragbar, w\u00e4hrend das Schweizer Automatikwerk Sellita SW200-1 f\u00fcr h\u00f6chste Pr\u00e4zision sorgt. Ob beim Surfen im Sonnenaufgang, beim Tauchen im tiefen Blau oder einfach nur beim Landgang \u2013 die Dream Diver Summer Series begleitet Sie \u00fcberall hin \u2013 lebendig, kraftvoll und unvergesslich.<\/p>\n","protected":false},"excerpt":{"rendered":"<p>Die Dream Diver Summer Serie ist in vier markanten Farbvarianten erh\u00e4ltlich: Solar Flare Orange, Rip Tide Aqua, Solar Shock Yellow und Coastal Frost White. Jede ist bis zu einer Tiefe von 600 Metern wasserdicht und wird vom Schweizer Sellita SW200-1-Uhrwerk angetrieben. Im Lieferumfang sind ein wasserdichtes Kevlar-Armband und ein spezielles Lederarmband enthalten. Ideal f\u00fcr Sommerhitze, Tieftauchg\u00e4nge und die Erkundung der Welt.<\/p>\n<p><strong>Uhrwerk<\/strong>: Swiss Made Sellita SW200-1<br \/>\n<strong>Geh\u00e4use<\/strong>: 316L Edelstahlgeh\u00e4use mit geb\u00fcrsteten Oberfl\u00e4chen und 41 mm Durchmesser<br \/>\n<strong>Wasserdichtigkeit<\/strong>: 600 Meter \/ 60 ATM<br \/>\n<strong>Armband<\/strong>: Enth\u00e4lt zwei Armb\u00e4nder: ein wasserdichtes Kevlar-Armband und ein zweites spezielles Lederarmband.<\/p>\n","protected":false},"featured_media":354762,"comment_status":"open","ping_status":"closed","template":"","meta":[],"product_cat":[3284,37],"product_tag":[],"yoast_head":"<!-- This site is optimized with the Yoast SEO plugin v21.9 - https:\/\/yoast.com\/wordpress\/plugins\/seo\/ -->\n<title>Ocean Crawler - Dream Diver 2025 - Solar Shock Yellow - WATCHBANDIT<\/title>\n<meta name=\"description\" content=\"Ocean Crawler Core Diver GMT bei Watchbandit kaufen \u2713 Autorisierter H\u00e4ndler \u2713 Swiss made \u2713 TrustedShops zertifiziert \u2713 Passion aus Berlin seit 2014 \u2713\" \/>\n<meta name=\"robots\" content=\"noindex, follow, max-snippet:-1, max-image-preview:large, max-video-preview:-1\" \/>\n<meta property=\"og:locale\" content=\"de_DE\" \/>\n<meta property=\"og:type\" content=\"article\" \/>\n<meta property=\"og:title\" content=\"Ocean Crawler - Dream Diver 2025 - Solar Shock Yellow - WATCHBANDIT\" \/>\n<meta property=\"og:description\" content=\"Ocean Crawler Core Diver GMT bei Watchbandit kaufen \u2713 Autorisierter H\u00e4ndler \u2713 Swiss made \u2713 TrustedShops zertifiziert \u2713 Passion aus Berlin seit 2014 \u2713\" \/>\n<meta property=\"og:url\" content=\"https:\/\/watch-bandit.com\/de\/produkt\/ocean-crawler-dream-diver-2025-solar-shock-yellow\/\" \/>\n<meta property=\"og:site_name\" content=\"WATCHBANDIT\" \/>\n<meta property=\"article:modified_time\" content=\"2025-06-29T21:19:12+00:00\" \/>\n<meta property=\"og:image\" content=\"https:\/\/watch-bandit.com\/wp-content\/uploads\/2025\/06\/ocean-crawler-dream-diver-2025-yellow-295752_1024x1024.webp\" \/>\n\t<meta property=\"og:image:width\" content=\"1024\" \/>\n\t<meta property=\"og:image:height\" content=\"1024\" \/>\n\t<meta property=\"og:image:type\" content=\"image\/webp\" \/>\n<meta name=\"twitter:label1\" content=\"Gesch\u00e4tzte Lesezeit\" \/>\n\t<meta name=\"twitter:data1\" content=\"1 Minute\" \/>\n<script type=\"application\/ld+json\" class=\"yoast-schema-graph\">{\"@context\":\"https:\/\/schema.org\",\"@graph\":[{\"@type\":\"WebPage\",\"@id\":\"https:\/\/watch-bandit.com\/de\/produkt\/ocean-crawler-dream-diver-2025-solar-shock-yellow\/\",\"url\":\"https:\/\/watch-bandit.com\/de\/produkt\/ocean-crawler-dream-diver-2025-solar-shock-yellow\/\",\"name\":\"Ocean Crawler - Dream Diver 2025 - Solar Shock Yellow - WATCHBANDIT\",\"isPartOf\":{\"@id\":\"https:\/\/watch-bandit.com\/#website\"},\"datePublished\":\"2025-06-16T13:20:25+00:00\",\"dateModified\":\"2025-06-29T21:19:12+00:00\",\"description\":\"Ocean Crawler Core Diver GMT bei Watchbandit kaufen \u2713 Autorisierter H\u00e4ndler \u2713 Swiss made \u2713 TrustedShops zertifiziert \u2713 Passion aus Berlin seit 2014 \u2713\",\"breadcrumb\":{\"@id\":\"https:\/\/watch-bandit.com\/de\/produkt\/ocean-crawler-dream-diver-2025-solar-shock-yellow\/#breadcrumb\"},\"inLanguage\":\"de-DE\",\"potentialAction\":[{\"@type\":\"ReadAction\",\"target\":[\"https:\/\/watch-bandit.com\/de\/produkt\/ocean-crawler-dream-diver-2025-solar-shock-yellow\/\"]}]},{\"@type\":\"BreadcrumbList\",\"@id\":\"https:\/\/watch-bandit.com\/de\/produkt\/ocean-crawler-dream-diver-2025-solar-shock-yellow\/#breadcrumb\",\"itemListElement\":[{\"@type\":\"ListItem\",\"position\":1,\"name\":\"Home\",\"item\":\"https:\/\/watchbandit.de\/\"},{\"@type\":\"ListItem\",\"position\":2,\"name\":\"Shop\",\"item\":\"https:\/\/watchbandit.de\/shop\/\"},{\"@type\":\"ListItem\",\"position\":3,\"name\":\"Watches\",\"item\":\"https:\/\/watch-bandit.com\/products\/watches\/\"},{\"@type\":\"ListItem\",\"position\":4,\"name\":\"Ocean Crawler\",\"item\":\"https:\/\/watch-bandit.com\/products\/watches\/ocean-crawler\/\"},{\"@type\":\"ListItem\",\"position\":5,\"name\":\"Ocean Crawler &#8211; Dream Diver 2025 &#8211; Solar Shock Yellow\"}]},{\"@type\":\"WebSite\",\"@id\":\"https:\/\/watch-bandit.com\/#website\",\"url\":\"https:\/\/watch-bandit.com\/\",\"name\":\"WATCHBANDIT\",\"description\":\"Contemporary Wrist Accessories\",\"publisher\":{\"@id\":\"https:\/\/watch-bandit.com\/#organization\"},\"potentialAction\":[{\"@type\":\"SearchAction\",\"target\":{\"@type\":\"EntryPoint\",\"urlTemplate\":\"https:\/\/watch-bandit.com\/?s={search_term_string}\"},\"query-input\":\"required name=search_term_string\"}],\"inLanguage\":\"de-DE\"},{\"@type\":\"Organization\",\"@id\":\"https:\/\/watch-bandit.com\/#organization\",\"name\":\"WatchBandit\",\"url\":\"https:\/\/watch-bandit.com\/\",\"logo\":{\"@type\":\"ImageObject\",\"inLanguage\":\"de-DE\",\"@id\":\"https:\/\/watch-bandit.com\/#\/schema\/logo\/image\/\",\"url\":\"https:\/\/watchbandit.de\/wp-content\/uploads\/2017\/11\/WB_Logo_557x124.png\",\"contentUrl\":\"https:\/\/watchbandit.de\/wp-content\/uploads\/2017\/11\/WB_Logo_557x124.png\",\"width\":557,\"height\":124,\"caption\":\"WatchBandit\"},\"image\":{\"@id\":\"https:\/\/watch-bandit.com\/#\/schema\/logo\/image\/\"}}]}<\/script>\n<!-- \/ Yoast SEO plugin. -->","yoast_head_json":{"title":"Ocean Crawler - Dream Diver 2025 - Solar Shock Yellow - WATCHBANDIT","description":"Ocean Crawler Core Diver GMT bei Watchbandit kaufen \u2713 Autorisierter H\u00e4ndler \u2713 Swiss made \u2713 TrustedShops zertifiziert \u2713 Passion aus Berlin seit 2014 \u2713","robots":{"index":"noindex","follow":"follow","max-snippet":"max-snippet:-1","max-image-preview":"max-image-preview:large","max-video-preview":"max-video-preview:-1"},"og_locale":"de_DE","og_type":"article","og_title":"Ocean Crawler - Dream Diver 2025 - Solar Shock Yellow - WATCHBANDIT","og_description":"Ocean Crawler Core Diver GMT bei Watchbandit kaufen \u2713 Autorisierter H\u00e4ndler \u2713 Swiss made \u2713 TrustedShops zertifiziert \u2713 Passion aus Berlin seit 2014 \u2713","og_url":"https:\/\/watch-bandit.com\/de\/produkt\/ocean-crawler-dream-diver-2025-solar-shock-yellow\/","og_site_name":"WATCHBANDIT","article_modified_time":"2025-06-29T21:19:12+00:00","og_image":[{"width":1024,"height":1024,"url":"https:\/\/watch-bandit.com\/wp-content\/uploads\/2025\/06\/ocean-crawler-dream-diver-2025-yellow-295752_1024x1024.webp","type":"image\/webp"}],"twitter_misc":{"Gesch\u00e4tzte Lesezeit":"1 Minute"},"schema":{"@context":"https:\/\/schema.org","@graph":[{"@type":"WebPage","@id":"https:\/\/watch-bandit.com\/de\/produkt\/ocean-crawler-dream-diver-2025-solar-shock-yellow\/","url":"https:\/\/watch-bandit.com\/de\/produkt\/ocean-crawler-dream-diver-2025-solar-shock-yellow\/","name":"Ocean Crawler - Dream Diver 2025 - Solar Shock Yellow - WATCHBANDIT","isPartOf":{"@id":"https:\/\/watch-bandit.com\/#website"},"datePublished":"2025-06-16T13:20:25+00:00","dateModified":"2025-06-29T21:19:12+00:00","description":"Ocean Crawler Core Diver GMT bei Watchbandit kaufen \u2713 Autorisierter H\u00e4ndler \u2713 Swiss made \u2713 TrustedShops zertifiziert \u2713 Passion aus Berlin seit 2014 \u2713","breadcrumb":{"@id":"https:\/\/watch-bandit.com\/de\/produkt\/ocean-crawler-dream-diver-2025-solar-shock-yellow\/#breadcrumb"},"inLanguage":"de-DE","potentialAction":[{"@type":"ReadAction","target":["https:\/\/watch-bandit.com\/de\/produkt\/ocean-crawler-dream-diver-2025-solar-shock-yellow\/"]}]},{"@type":"BreadcrumbList","@id":"https:\/\/watch-bandit.com\/de\/produkt\/ocean-crawler-dream-diver-2025-solar-shock-yellow\/#breadcrumb","itemListElement":[{"@type":"ListItem","position":1,"name":"Home","item":"https:\/\/watchbandit.de\/"},{"@type":"ListItem","position":2,"name":"Shop","item":"https:\/\/watchbandit.de\/shop\/"},{"@type":"ListItem","position":3,"name":"Watches","item":"https:\/\/watch-bandit.com\/products\/watches\/"},{"@type":"ListItem","position":4,"name":"Ocean Crawler","item":"https:\/\/watch-bandit.com\/products\/watches\/ocean-crawler\/"},{"@type":"ListItem","position":5,"name":"Ocean Crawler &#8211; Dream Diver 2025 &#8211; Solar Shock Yellow"}]},{"@type":"WebSite","@id":"https:\/\/watch-bandit.com\/#website","url":"https:\/\/watch-bandit.com\/","name":"WATCHBANDIT","description":"Contemporary Wrist Accessories","publisher":{"@id":"https:\/\/watch-bandit.com\/#organization"},"potentialAction":[{"@type":"SearchAction","target":{"@type":"EntryPoint","urlTemplate":"https:\/\/watch-bandit.com\/?s={search_term_string}"},"query-input":"required name=search_term_string"}],"inLanguage":"de-DE"},{"@type":"Organization","@id":"https:\/\/watch-bandit.com\/#organization","name":"WatchBandit","url":"https:\/\/watch-bandit.com\/","logo":{"@type":"ImageObject","inLanguage":"de-DE","@id":"https:\/\/watch-bandit.com\/#\/schema\/logo\/image\/","url":"https:\/\/watchbandit.de\/wp-content\/uploads\/2017\/11\/WB_Logo_557x124.png","contentUrl":"https:\/\/watchbandit.de\/wp-content\/uploads\/2017\/11\/WB_Logo_557x124.png","width":557,"height":124,"caption":"WatchBandit"},"image":{"@id":"https:\/\/watch-bandit.com\/#\/schema\/logo\/image\/"}}]}},"_links":{"self":[{"href":"https:\/\/watch-bandit.com\/de\/wp-json\/wp\/v2\/product\/354570"}],"collection":[{"href":"https:\/\/watch-bandit.com\/de\/wp-json\/wp\/v2\/product"}],"about":[{"href":"https:\/\/watch-bandit.com\/de\/wp-json\/wp\/v2\/types\/product"}],"replies":[{"embeddable":true,"href":"https:\/\/watch-bandit.com\/de\/wp-json\/wp\/v2\/comments?post=354570"}],"wp:featuredmedia":[{"embeddable":true,"href":"https:\/\/watch-bandit.com\/de\/wp-json\/wp\/v2\/media\/354762"}],"wp:attachment":[{"href":"https:\/\/watch-bandit.com\/de\/wp-json\/wp\/v2\/media?parent=354570"}],"wp:term":[{"taxonomy":"product_cat","embeddable":true,"href":"https:\/\/watch-bandit.com\/de\/wp-json\/wp\/v2\/product_cat?post=354570"},{"taxonomy":"product_tag","embeddable":true,"href":"https:\/\/watch-bandit.com\/de\/wp-json\/wp\/v2\/product_tag?post=354570"}],"curies":[{"name":"wp","href":"https:\/\/api.w.org\/{rel}","templated":true}]}}