{"id":355759,"date":"2025-07-04T18:12:02","date_gmt":"2025-07-04T16:12:03","guid":{"rendered":"https:\/\/watchbandit.com\/?post_type=product&#038;p=355759"},"modified":"2025-07-04T18:15:51","modified_gmt":"2025-07-04T16:15:51","slug":"hanhart-415-es-panda-39-mm-edelstahlarmband","status":"publish","type":"product","link":"https:\/\/watch-bandit.com\/de\/produkt\/hanhart-415-es-panda-39-mm-edelstahlarmband\/","title":{"rendered":"Hanhart &#8211; 415 ES Panda &#8211; 39 mm &#8211; Edelstahlarmband"},"content":{"rendered":"<h1>Hanhart 415 ES Panda \u2013 Sportlicher Chronograph mit Vintage-Charme und moderner Performance<\/h1>\n<p>Mit der 415 ES Panda l\u00e4sst Hanhart die goldene \u00c4ra des Motorsports wieder aufleben. Inspiriert vom Original 415 ES aus den 1960er-Jahren w\u00fcrdigt diese Neuauflage eine Designikone und setzt gleichzeitig moderne Uhrmacherstandards um. Das wei\u00dfe Zifferblatt mit markanten schwarzen Hilfszifferbl\u00e4ttern, bekannt als klassisches \u201ePanda\u201c-Layout, bietet hohen Kontrast f\u00fcr schnelle Ablesbarkeit \u2013 ein Merkmal, das Rennfahrer damals wie heute sch\u00e4tzen. Das historische Hanhart-Fl\u00fcgellogo ist erstmals seit \u00fcber 40 Jahren wieder auf dem Zifferblatt zu sehen und symbolisiert die nahtlose Verbindung der Marke zwischen Vergangenheit und Gegenwart.<\/p>\n<p>Eine beidseitig drehbare L\u00fcnette mit 60-Minuten-Skala sorgt f\u00fcr authentische Funktionalit\u00e4t, w\u00e4hrend die C1 GL X2 Super-Luminova-Beschichtung f\u00fcr Klarheit bei allen Lichtverh\u00e4ltnissen sorgt. Im Inneren schl\u00e4gt das handaufgezogene Chronographenwerk Sellita SW 510 M, sicher untergebracht in einem antimagnetischen, sto\u00dffesten Geh\u00e4use mit Hanharts propriet\u00e4rem Bewegungsd\u00e4mpfungssystem. Mit einer Wasserdichtigkeit von 10 ATM und ihrer robusten Konstruktion ist die 415 ES Panda f\u00fcr den t\u00e4glichen Gebrauch konzipiert \u2013 egal ob abseits der Rennstrecke oder abseits davon. Das hochwertige Lederarmband mit weichem Alcantara-Futter und Schnellwechselmechanismus bietet au\u00dfergew\u00f6hnlichen Tragekomfort und Vielseitigkeit. Erh\u00e4ltlich in drei eleganten Armbandfarben \u2013 Schwarz, Dunkelbraun und Hellbraun \u2013 ist sie ein Pr\u00e4zisionswerkzeug mit unverkennbarem Vintage-Charme.<\/p>\n<h3>Hauptmerkmale:<\/h3>\n<ul>\n<li>Panda-Zifferblatt im Stil der 1960er-Jahre mit schwarzen Hilfszifferbl\u00e4ttern<\/li>\n<li>Historisches Hanhart-Fl\u00fcgellogo<\/li>\n<li>Wiedereinf\u00fchrung der beidseitig drehbaren L\u00fcnette mit 60-Minuten-Skala<\/li>\n<li>Sellita SW 510 M Handaufzug-Chronographenwerk<\/li>\n<li>Antimagnetische und sto\u00dfgesch\u00fctzte Geh\u00e4usekonstruktion<\/li>\n<li>C1 GL X2 Super-Luminova f\u00fcr hervorragende Ablesbarkeit bei Nacht<\/li>\n<li>10 ATM Wasserdichtigkeit<\/li>\n<li>Hochwertiges Lederarmband mit Schnellwechselsystem<\/li>\n<\/ul>\n<p><strong>Die Hanhart 415 ES Panda: eine Hommage an klassische Rennchronographen mit der Leistung und Raffinesse von heute.<\/strong><\/p>\n","protected":false},"excerpt":{"rendered":"<p class=\"\" data-start=\"1075\" data-end=\"1244\">Der Hanhart 415 ES Panda l\u00e4sst den legend\u00e4ren Geist der Motorsport-Chronographen der 1960er Jahre wieder aufleben. Mit seinem markanten Panda-Zifferblatt, dem historischen Fl\u00fcgellogo und der beidseitig drehbaren L\u00fcnette verbindet dieser Handaufzugschronograph klassische Rennsport\u00e4sthetik mit modernster Technologie. In einem antimagnetischen, sto\u00dfgesch\u00fctzten Geh\u00e4use untergebracht und vom zuverl\u00e4ssigen Sellita SW 510 M-Uhrwerk angetrieben, bietet er Pr\u00e4zision, Ablesbarkeit und Retro-Rennsport-Flair \u2013 alles in einem zeitlosen Paket.<\/p>\n<p class=\"\" data-start=\"1075\" data-end=\"1244\"><strong>Uhrwerk<\/strong>: Handaufzug Sellita SW510 M mit 58 Stunden Gangreserve<br \/>\n<strong>Geh\u00e4use<\/strong>: Edelstahl 316L mit 39 mm Durchmesser, 46 Bandanst\u00f6\u00dfen und einer H\u00f6he von 13,50 mm, antimagnetisch, sto\u00dfgesch\u00fctzt mit Hanhart-Bewegungsd\u00e4mpfung als zus\u00e4tzlichem Sto\u00dfschutz, L\u00fcnette mit schwarzer Keramikeinlage (beidseitig um 60 Klicks drehbar), Krone mit dem markanten Hanhart-\u201eh\u201c des historischen Fl\u00fcgellogos, verschraubter Geh\u00e4useboden, gravierte, fortlaufende Seriennummer<br \/>\n<strong>Glas<\/strong>: Hochgew\u00f6lbtes, innen entspiegeltes Saphirglas<br \/>\n<strong>Armband<\/strong>: 20 mm Edelstahlarmband<br \/>\n<strong>Wasserdichtigkeit<\/strong>: 10 ATM \/ 100 Meter \/ 10 Bar<\/p>\n","protected":false},"featured_media":355761,"comment_status":"open","ping_status":"closed","template":"","meta":[],"product_cat":[4570,37],"product_tag":[],"yoast_head":"<!-- This site is optimized with the Yoast SEO plugin v21.9 - https:\/\/yoast.com\/wordpress\/plugins\/seo\/ -->\n<title>Hanhart - 415 ES Panda - 39 mm - Edelstahlarmband - WATCHBANDIT<\/title>\n<meta name=\"description\" content=\"Hanhart Uhren bei WatchBandit kaufen \u2705 Autorisierter H\u00e4ndler \ud83c\udde9\ud83c\uddea Made in Germany \ud83c\udde9\ud83c\uddea Trusted Shops \u2705 Kostenlose Lieferung \u2705\" \/>\n<meta name=\"robots\" content=\"noindex, follow, max-snippet:-1, max-image-preview:large, max-video-preview:-1\" \/>\n<meta property=\"og:locale\" content=\"de_DE\" \/>\n<meta property=\"og:type\" content=\"article\" \/>\n<meta property=\"og:title\" content=\"Hanhart - 415 ES Panda - 39 mm - Edelstahlarmband - WATCHBANDIT\" \/>\n<meta property=\"og:description\" content=\"Hanhart Uhren bei WatchBandit kaufen \u2705 Autorisierter H\u00e4ndler \ud83c\udde9\ud83c\uddea Made in Germany \ud83c\udde9\ud83c\uddea Trusted Shops \u2705 Kostenlose Lieferung \u2705\" \/>\n<meta property=\"og:url\" content=\"https:\/\/watch-bandit.com\/de\/produkt\/hanhart-415-es-panda-39-mm-edelstahlarmband\/\" \/>\n<meta property=\"og:site_name\" content=\"WATCHBANDIT\" \/>\n<meta property=\"article:modified_time\" content=\"2025-07-04T16:15:51+00:00\" \/>\n<meta property=\"og:image\" content=\"https:\/\/watch-bandit.com\/wp-content\/uploads\/2025\/07\/hanhart-415-es-panda-39-mm-stainless-steel-bracelet.webp\" \/>\n\t<meta property=\"og:image:width\" content=\"1400\" \/>\n\t<meta property=\"og:image:height\" content=\"1400\" \/>\n\t<meta property=\"og:image:type\" content=\"image\/webp\" \/>\n<meta name=\"twitter:label1\" content=\"Gesch\u00e4tzte Lesezeit\" \/>\n\t<meta name=\"twitter:data1\" content=\"2 Minuten\" \/>\n<script type=\"application\/ld+json\" class=\"yoast-schema-graph\">{\"@context\":\"https:\/\/schema.org\",\"@graph\":[{\"@type\":\"WebPage\",\"@id\":\"https:\/\/watch-bandit.com\/de\/produkt\/hanhart-415-es-panda-39-mm-edelstahlarmband\/\",\"url\":\"https:\/\/watch-bandit.com\/de\/produkt\/hanhart-415-es-panda-39-mm-edelstahlarmband\/\",\"name\":\"Hanhart - 415 ES Panda - 39 mm - Edelstahlarmband - WATCHBANDIT\",\"isPartOf\":{\"@id\":\"https:\/\/watch-bandit.com\/#website\"},\"datePublished\":\"2025-07-04T16:12:03+00:00\",\"dateModified\":\"2025-07-04T16:15:51+00:00\",\"description\":\"Hanhart Uhren bei WatchBandit kaufen \u2705 Autorisierter H\u00e4ndler \ud83c\udde9\ud83c\uddea Made in Germany \ud83c\udde9\ud83c\uddea Trusted Shops \u2705 Kostenlose Lieferung \u2705\",\"breadcrumb\":{\"@id\":\"https:\/\/watch-bandit.com\/de\/produkt\/hanhart-415-es-panda-39-mm-edelstahlarmband\/#breadcrumb\"},\"inLanguage\":\"de-DE\",\"potentialAction\":[{\"@type\":\"ReadAction\",\"target\":[\"https:\/\/watch-bandit.com\/de\/produkt\/hanhart-415-es-panda-39-mm-edelstahlarmband\/\"]}]},{\"@type\":\"BreadcrumbList\",\"@id\":\"https:\/\/watch-bandit.com\/de\/produkt\/hanhart-415-es-panda-39-mm-edelstahlarmband\/#breadcrumb\",\"itemListElement\":[{\"@type\":\"ListItem\",\"position\":1,\"name\":\"Home\",\"item\":\"https:\/\/watchbandit.de\/\"},{\"@type\":\"ListItem\",\"position\":2,\"name\":\"Shop\",\"item\":\"https:\/\/watchbandit.de\/shop\/\"},{\"@type\":\"ListItem\",\"position\":3,\"name\":\"Watches\",\"item\":\"https:\/\/watch-bandit.com\/products\/watches\/\"},{\"@type\":\"ListItem\",\"position\":4,\"name\":\"Hanhart\",\"item\":\"https:\/\/watch-bandit.com\/products\/watches\/hanhart\/\"},{\"@type\":\"ListItem\",\"position\":5,\"name\":\"Hanhart &#8211; 415 ES Panda &#8211; 39 mm &#8211; Edelstahlarmband\"}]},{\"@type\":\"WebSite\",\"@id\":\"https:\/\/watch-bandit.com\/#website\",\"url\":\"https:\/\/watch-bandit.com\/\",\"name\":\"WATCHBANDIT\",\"description\":\"Contemporary Wrist Accessories\",\"publisher\":{\"@id\":\"https:\/\/watch-bandit.com\/#organization\"},\"potentialAction\":[{\"@type\":\"SearchAction\",\"target\":{\"@type\":\"EntryPoint\",\"urlTemplate\":\"https:\/\/watch-bandit.com\/?s={search_term_string}\"},\"query-input\":\"required name=search_term_string\"}],\"inLanguage\":\"de-DE\"},{\"@type\":\"Organization\",\"@id\":\"https:\/\/watch-bandit.com\/#organization\",\"name\":\"WatchBandit\",\"url\":\"https:\/\/watch-bandit.com\/\",\"logo\":{\"@type\":\"ImageObject\",\"inLanguage\":\"de-DE\",\"@id\":\"https:\/\/watch-bandit.com\/#\/schema\/logo\/image\/\",\"url\":\"https:\/\/watchbandit.de\/wp-content\/uploads\/2017\/11\/WB_Logo_557x124.png\",\"contentUrl\":\"https:\/\/watchbandit.de\/wp-content\/uploads\/2017\/11\/WB_Logo_557x124.png\",\"width\":557,\"height\":124,\"caption\":\"WatchBandit\"},\"image\":{\"@id\":\"https:\/\/watch-bandit.com\/#\/schema\/logo\/image\/\"}}]}<\/script>\n<!-- \/ Yoast SEO plugin. -->","yoast_head_json":{"title":"Hanhart - 415 ES Panda - 39 mm - Edelstahlarmband - WATCHBANDIT","description":"Hanhart Uhren bei WatchBandit kaufen \u2705 Autorisierter H\u00e4ndler \ud83c\udde9\ud83c\uddea Made in Germany \ud83c\udde9\ud83c\uddea Trusted Shops \u2705 Kostenlose Lieferung \u2705","robots":{"index":"noindex","follow":"follow","max-snippet":"max-snippet:-1","max-image-preview":"max-image-preview:large","max-video-preview":"max-video-preview:-1"},"og_locale":"de_DE","og_type":"article","og_title":"Hanhart - 415 ES Panda - 39 mm - Edelstahlarmband - WATCHBANDIT","og_description":"Hanhart Uhren bei WatchBandit kaufen \u2705 Autorisierter H\u00e4ndler \ud83c\udde9\ud83c\uddea Made in Germany \ud83c\udde9\ud83c\uddea Trusted Shops \u2705 Kostenlose Lieferung \u2705","og_url":"https:\/\/watch-bandit.com\/de\/produkt\/hanhart-415-es-panda-39-mm-edelstahlarmband\/","og_site_name":"WATCHBANDIT","article_modified_time":"2025-07-04T16:15:51+00:00","og_image":[{"width":1400,"height":1400,"url":"https:\/\/watch-bandit.com\/wp-content\/uploads\/2025\/07\/hanhart-415-es-panda-39-mm-stainless-steel-bracelet.webp","type":"image\/webp"}],"twitter_misc":{"Gesch\u00e4tzte Lesezeit":"2 Minuten"},"schema":{"@context":"https:\/\/schema.org","@graph":[{"@type":"WebPage","@id":"https:\/\/watch-bandit.com\/de\/produkt\/hanhart-415-es-panda-39-mm-edelstahlarmband\/","url":"https:\/\/watch-bandit.com\/de\/produkt\/hanhart-415-es-panda-39-mm-edelstahlarmband\/","name":"Hanhart - 415 ES Panda - 39 mm - Edelstahlarmband - WATCHBANDIT","isPartOf":{"@id":"https:\/\/watch-bandit.com\/#website"},"datePublished":"2025-07-04T16:12:03+00:00","dateModified":"2025-07-04T16:15:51+00:00","description":"Hanhart Uhren bei WatchBandit kaufen \u2705 Autorisierter H\u00e4ndler \ud83c\udde9\ud83c\uddea Made in Germany \ud83c\udde9\ud83c\uddea Trusted Shops \u2705 Kostenlose Lieferung \u2705","breadcrumb":{"@id":"https:\/\/watch-bandit.com\/de\/produkt\/hanhart-415-es-panda-39-mm-edelstahlarmband\/#breadcrumb"},"inLanguage":"de-DE","potentialAction":[{"@type":"ReadAction","target":["https:\/\/watch-bandit.com\/de\/produkt\/hanhart-415-es-panda-39-mm-edelstahlarmband\/"]}]},{"@type":"BreadcrumbList","@id":"https:\/\/watch-bandit.com\/de\/produkt\/hanhart-415-es-panda-39-mm-edelstahlarmband\/#breadcrumb","itemListElement":[{"@type":"ListItem","position":1,"name":"Home","item":"https:\/\/watchbandit.de\/"},{"@type":"ListItem","position":2,"name":"Shop","item":"https:\/\/watchbandit.de\/shop\/"},{"@type":"ListItem","position":3,"name":"Watches","item":"https:\/\/watch-bandit.com\/products\/watches\/"},{"@type":"ListItem","position":4,"name":"Hanhart","item":"https:\/\/watch-bandit.com\/products\/watches\/hanhart\/"},{"@type":"ListItem","position":5,"name":"Hanhart &#8211; 415 ES Panda &#8211; 39 mm &#8211; Edelstahlarmband"}]},{"@type":"WebSite","@id":"https:\/\/watch-bandit.com\/#website","url":"https:\/\/watch-bandit.com\/","name":"WATCHBANDIT","description":"Contemporary Wrist Accessories","publisher":{"@id":"https:\/\/watch-bandit.com\/#organization"},"potentialAction":[{"@type":"SearchAction","target":{"@type":"EntryPoint","urlTemplate":"https:\/\/watch-bandit.com\/?s={search_term_string}"},"query-input":"required name=search_term_string"}],"inLanguage":"de-DE"},{"@type":"Organization","@id":"https:\/\/watch-bandit.com\/#organization","name":"WatchBandit","url":"https:\/\/watch-bandit.com\/","logo":{"@type":"ImageObject","inLanguage":"de-DE","@id":"https:\/\/watch-bandit.com\/#\/schema\/logo\/image\/","url":"https:\/\/watchbandit.de\/wp-content\/uploads\/2017\/11\/WB_Logo_557x124.png","contentUrl":"https:\/\/watchbandit.de\/wp-content\/uploads\/2017\/11\/WB_Logo_557x124.png","width":557,"height":124,"caption":"WatchBandit"},"image":{"@id":"https:\/\/watch-bandit.com\/#\/schema\/logo\/image\/"}}]}},"_links":{"self":[{"href":"https:\/\/watch-bandit.com\/de\/wp-json\/wp\/v2\/product\/355759"}],"collection":[{"href":"https:\/\/watch-bandit.com\/de\/wp-json\/wp\/v2\/product"}],"about":[{"href":"https:\/\/watch-bandit.com\/de\/wp-json\/wp\/v2\/types\/product"}],"replies":[{"embeddable":true,"href":"https:\/\/watch-bandit.com\/de\/wp-json\/wp\/v2\/comments?post=355759"}],"wp:featuredmedia":[{"embeddable":true,"href":"https:\/\/watch-bandit.com\/de\/wp-json\/wp\/v2\/media\/355761"}],"wp:attachment":[{"href":"https:\/\/watch-bandit.com\/de\/wp-json\/wp\/v2\/media?parent=355759"}],"wp:term":[{"taxonomy":"product_cat","embeddable":true,"href":"https:\/\/watch-bandit.com\/de\/wp-json\/wp\/v2\/product_cat?post=355759"},{"taxonomy":"product_tag","embeddable":true,"href":"https:\/\/watch-bandit.com\/de\/wp-json\/wp\/v2\/product_tag?post=355759"}],"curies":[{"name":"wp","href":"https:\/\/api.w.org\/{rel}","templated":true}]}}