{"id":356535,"date":"2025-07-22T13:07:29","date_gmt":"2025-07-22T11:07:30","guid":{"rendered":"https:\/\/watchbandit.com\/?post_type=product&#038;p=356535"},"modified":"2025-07-22T15:13:28","modified_gmt":"2025-07-22T13:13:28","slug":"gruppo-gamma-vanguard-ag-10","status":"publish","type":"product","link":"https:\/\/watch-bandit.com\/de\/produkt\/gruppo-gamma-vanguard-ag-10\/","title":{"rendered":"Gruppo Gamma &#8211; Vanguard &#8211; AG-10"},"content":{"rendered":"<h3><img loading=\"lazy\" decoding=\"async\" class=\"alignnone size-full wp-image-233614\" src=\"https:\/\/watchbandit.de\/wp-content\/uploads\/2019\/01\/header_gruppo_gamma_watchbandit_de_2.jpg\" alt=\"header_gruppo_gamma_watchbandit_de_2\" width=\"2186\" height=\"506\" srcset=\"https:\/\/watch-bandit.com\/wp-content\/uploads\/2019\/01\/header_gruppo_gamma_watchbandit_de_2.jpg 2186w, https:\/\/watch-bandit.com\/wp-content\/uploads\/2019\/01\/header_gruppo_gamma_watchbandit_de_2-280x65.jpg 280w, https:\/\/watch-bandit.com\/wp-content\/uploads\/2019\/01\/header_gruppo_gamma_watchbandit_de_2-768x178.jpg 768w, https:\/\/watch-bandit.com\/wp-content\/uploads\/2019\/01\/header_gruppo_gamma_watchbandit_de_2-1024x237.jpg 1024w, https:\/\/watch-bandit.com\/wp-content\/uploads\/2019\/01\/header_gruppo_gamma_watchbandit_de_2-1400x324.jpg 1400w\" sizes=\"(max-width: 2186px) 100vw, 2186px\" \/><\/h3>\n<h3>Gruppo Gamma &#8211; Eine sehr spezielle Microbrand aus Singapur<\/h3>\n<p>Gruppo Gamma ist 2013 gegr\u00fcndet worden und wird von Sammlern und Microbrand-Liebhabern hoch gesch\u00e4tzt. Gruppo Gamma produziert lediglich zwischen 1.000 und 2.000 St\u00fcck pro Jahr. Da Gruppo Gamma ein kleiner und effizienter Uhrenhersteller ist, kann er sich voll und ganz auf die Produktentwicklung und den Kundendienst fokussieren. Kein Wunder, dass die Uhren von Gruppo Gamma im Laufe der Zeit ihren Wert behalten.<\/p>\n<p>&nbsp;<\/p>\n<h3>Maritimes retro Design mit Schweizer Uhrwerk<\/h3>\n<p>Das Retrodesign von Gruppo Gamma vermittelt milit\u00e4rische und maritime Elemente. Schlie\u00dflich ist der Hauptsitz in Singapur, einem Land, das von Wasser umgeben ist und wo viele Landsleute im Milit\u00e4r dienen.\u00a0Die Modelle Vanguard, Peacemaker und Chrononaut sind zwischen 200 und 300 Meter wasserdicht und \u00e4u\u00dferst hochwertig verarbeitet.<\/p>\n","protected":false},"excerpt":{"rendered":"<p>Die Gruppo Gamma Vanguard AG-10 besticht durch ihr markantes 42-mm-Geh\u00e4use, ausgestattet mit einem Kronenschutz f\u00fcr zus\u00e4tzliche Pr\u00e4senz und Funktionalit\u00e4t. Das Zifferblatt aus geschmiedetem Carbon ist mit leuchtenden Adern durchzogen, die das Licht bei Bewegung einfangen.<\/p>\n<p>https:\/\/watchbandit.de\/gruppo-gamma-die-kampfschwimmer-uhr\/<\/p>\n<p><strong>Uhrwerk<\/strong>: Miyota 9039, Automatik und Handaufzug, 28.800 Halbschwingungen pro Stunde, Gangreserve 42 h, Ganggenauigkeit -10\u2013+30 s\/Tag<br \/>\n<strong>Geh\u00e4use<\/strong>: Edelstahl 316L, geb\u00fcrstet, Durchmesser 42 mm, H\u00f6he 12,6 mm, Bandansto\u00df 49,5 mm<br \/>\n<strong>Wasserdicht<\/strong>: 10 bar \/ 100 m<br \/>\n<strong>Armband<\/strong>: Edelstahlarmband (Handgelenkgr\u00f6\u00dfen 160 mm ~ 230 mm) mit Schnellverschluss-Federstegen<\/p>\n","protected":false},"featured_media":356571,"comment_status":"open","ping_status":"closed","template":"","meta":[],"product_cat":[3263,4681,37],"product_tag":[],"yoast_head":"<!-- This site is optimized with the Yoast SEO plugin v21.9 - https:\/\/yoast.com\/wordpress\/plugins\/seo\/ -->\n<title>Gruppo Gamma - Vanguard - AG-10 - WATCHBANDIT<\/title>\n<meta name=\"description\" content=\"Gruppo Gamma Vanguard bei WatchBandit kaufen \u2713 Swiss-made \u2713 316L Edelstahl \u2713 Schnelle kostenlose Lieferung \u2713 Hohe Kundenzufriedenheit \u2713\" \/>\n<meta name=\"robots\" content=\"noindex, follow, max-snippet:-1, max-image-preview:large, max-video-preview:-1\" \/>\n<meta property=\"og:locale\" content=\"de_DE\" \/>\n<meta property=\"og:type\" content=\"article\" \/>\n<meta property=\"og:title\" content=\"Gruppo Gamma - Vanguard - AG-10 - WATCHBANDIT\" \/>\n<meta property=\"og:description\" content=\"Gruppo Gamma Vanguard bei WatchBandit kaufen \u2713 Swiss-made \u2713 316L Edelstahl \u2713 Schnelle kostenlose Lieferung \u2713 Hohe Kundenzufriedenheit \u2713\" \/>\n<meta property=\"og:url\" content=\"https:\/\/watch-bandit.com\/de\/produkt\/gruppo-gamma-vanguard-ag-10\/\" \/>\n<meta property=\"og:site_name\" content=\"WATCHBANDIT\" \/>\n<meta property=\"article:modified_time\" content=\"2025-07-22T13:13:28+00:00\" \/>\n<meta property=\"og:image\" content=\"https:\/\/watch-bandit.com\/wp-content\/uploads\/2025\/07\/gruppo-gamma-vanguard-ag-10.webp\" \/>\n\t<meta property=\"og:image:width\" content=\"1400\" \/>\n\t<meta property=\"og:image:height\" content=\"1400\" \/>\n\t<meta property=\"og:image:type\" content=\"image\/webp\" \/>\n<meta name=\"twitter:label1\" content=\"Gesch\u00e4tzte Lesezeit\" \/>\n\t<meta name=\"twitter:data1\" content=\"1 Minute\" \/>\n<script type=\"application\/ld+json\" class=\"yoast-schema-graph\">{\"@context\":\"https:\/\/schema.org\",\"@graph\":[{\"@type\":\"WebPage\",\"@id\":\"https:\/\/watch-bandit.com\/de\/produkt\/gruppo-gamma-vanguard-ag-10\/\",\"url\":\"https:\/\/watch-bandit.com\/de\/produkt\/gruppo-gamma-vanguard-ag-10\/\",\"name\":\"Gruppo Gamma - Vanguard - AG-10 - WATCHBANDIT\",\"isPartOf\":{\"@id\":\"https:\/\/watch-bandit.com\/#website\"},\"datePublished\":\"2025-07-22T11:07:30+00:00\",\"dateModified\":\"2025-07-22T13:13:28+00:00\",\"description\":\"Gruppo Gamma Vanguard bei WatchBandit kaufen \u2713 Swiss-made \u2713 316L Edelstahl \u2713 Schnelle kostenlose Lieferung \u2713 Hohe Kundenzufriedenheit \u2713\",\"breadcrumb\":{\"@id\":\"https:\/\/watch-bandit.com\/de\/produkt\/gruppo-gamma-vanguard-ag-10\/#breadcrumb\"},\"inLanguage\":\"de-DE\",\"potentialAction\":[{\"@type\":\"ReadAction\",\"target\":[\"https:\/\/watch-bandit.com\/de\/produkt\/gruppo-gamma-vanguard-ag-10\/\"]}]},{\"@type\":\"BreadcrumbList\",\"@id\":\"https:\/\/watch-bandit.com\/de\/produkt\/gruppo-gamma-vanguard-ag-10\/#breadcrumb\",\"itemListElement\":[{\"@type\":\"ListItem\",\"position\":1,\"name\":\"Home\",\"item\":\"https:\/\/watchbandit.de\/\"},{\"@type\":\"ListItem\",\"position\":2,\"name\":\"Shop\",\"item\":\"https:\/\/watchbandit.de\/shop\/\"},{\"@type\":\"ListItem\",\"position\":3,\"name\":\"Watches\",\"item\":\"https:\/\/watch-bandit.com\/products\/watches\/\"},{\"@type\":\"ListItem\",\"position\":4,\"name\":\"Gruppo Gamma\",\"item\":\"https:\/\/watch-bandit.com\/de\/produkte\/uhren\/gruppo-gamma-de\/\"},{\"@type\":\"ListItem\",\"position\":5,\"name\":\"Gruppo Gamma Vanguard\",\"item\":\"https:\/\/watch-bandit.com\/products\/watches\/gruppo-gamma\/gruppo-gamma-vanguard\/\"},{\"@type\":\"ListItem\",\"position\":6,\"name\":\"Gruppo Gamma &#8211; Vanguard &#8211; AG-10\"}]},{\"@type\":\"WebSite\",\"@id\":\"https:\/\/watch-bandit.com\/#website\",\"url\":\"https:\/\/watch-bandit.com\/\",\"name\":\"WATCHBANDIT\",\"description\":\"Contemporary Wrist Accessories\",\"publisher\":{\"@id\":\"https:\/\/watch-bandit.com\/#organization\"},\"potentialAction\":[{\"@type\":\"SearchAction\",\"target\":{\"@type\":\"EntryPoint\",\"urlTemplate\":\"https:\/\/watch-bandit.com\/?s={search_term_string}\"},\"query-input\":\"required name=search_term_string\"}],\"inLanguage\":\"de-DE\"},{\"@type\":\"Organization\",\"@id\":\"https:\/\/watch-bandit.com\/#organization\",\"name\":\"WatchBandit\",\"url\":\"https:\/\/watch-bandit.com\/\",\"logo\":{\"@type\":\"ImageObject\",\"inLanguage\":\"de-DE\",\"@id\":\"https:\/\/watch-bandit.com\/#\/schema\/logo\/image\/\",\"url\":\"https:\/\/watchbandit.de\/wp-content\/uploads\/2017\/11\/WB_Logo_557x124.png\",\"contentUrl\":\"https:\/\/watchbandit.de\/wp-content\/uploads\/2017\/11\/WB_Logo_557x124.png\",\"width\":557,\"height\":124,\"caption\":\"WatchBandit\"},\"image\":{\"@id\":\"https:\/\/watch-bandit.com\/#\/schema\/logo\/image\/\"}}]}<\/script>\n<!-- \/ Yoast SEO plugin. -->","yoast_head_json":{"title":"Gruppo Gamma - Vanguard - AG-10 - WATCHBANDIT","description":"Gruppo Gamma Vanguard bei WatchBandit kaufen \u2713 Swiss-made \u2713 316L Edelstahl \u2713 Schnelle kostenlose Lieferung \u2713 Hohe Kundenzufriedenheit \u2713","robots":{"index":"noindex","follow":"follow","max-snippet":"max-snippet:-1","max-image-preview":"max-image-preview:large","max-video-preview":"max-video-preview:-1"},"og_locale":"de_DE","og_type":"article","og_title":"Gruppo Gamma - Vanguard - AG-10 - WATCHBANDIT","og_description":"Gruppo Gamma Vanguard bei WatchBandit kaufen \u2713 Swiss-made \u2713 316L Edelstahl \u2713 Schnelle kostenlose Lieferung \u2713 Hohe Kundenzufriedenheit \u2713","og_url":"https:\/\/watch-bandit.com\/de\/produkt\/gruppo-gamma-vanguard-ag-10\/","og_site_name":"WATCHBANDIT","article_modified_time":"2025-07-22T13:13:28+00:00","og_image":[{"width":1400,"height":1400,"url":"https:\/\/watch-bandit.com\/wp-content\/uploads\/2025\/07\/gruppo-gamma-vanguard-ag-10.webp","type":"image\/webp"}],"twitter_misc":{"Gesch\u00e4tzte Lesezeit":"1 Minute"},"schema":{"@context":"https:\/\/schema.org","@graph":[{"@type":"WebPage","@id":"https:\/\/watch-bandit.com\/de\/produkt\/gruppo-gamma-vanguard-ag-10\/","url":"https:\/\/watch-bandit.com\/de\/produkt\/gruppo-gamma-vanguard-ag-10\/","name":"Gruppo Gamma - Vanguard - AG-10 - WATCHBANDIT","isPartOf":{"@id":"https:\/\/watch-bandit.com\/#website"},"datePublished":"2025-07-22T11:07:30+00:00","dateModified":"2025-07-22T13:13:28+00:00","description":"Gruppo Gamma Vanguard bei WatchBandit kaufen \u2713 Swiss-made \u2713 316L Edelstahl \u2713 Schnelle kostenlose Lieferung \u2713 Hohe Kundenzufriedenheit \u2713","breadcrumb":{"@id":"https:\/\/watch-bandit.com\/de\/produkt\/gruppo-gamma-vanguard-ag-10\/#breadcrumb"},"inLanguage":"de-DE","potentialAction":[{"@type":"ReadAction","target":["https:\/\/watch-bandit.com\/de\/produkt\/gruppo-gamma-vanguard-ag-10\/"]}]},{"@type":"BreadcrumbList","@id":"https:\/\/watch-bandit.com\/de\/produkt\/gruppo-gamma-vanguard-ag-10\/#breadcrumb","itemListElement":[{"@type":"ListItem","position":1,"name":"Home","item":"https:\/\/watchbandit.de\/"},{"@type":"ListItem","position":2,"name":"Shop","item":"https:\/\/watchbandit.de\/shop\/"},{"@type":"ListItem","position":3,"name":"Watches","item":"https:\/\/watch-bandit.com\/products\/watches\/"},{"@type":"ListItem","position":4,"name":"Gruppo Gamma","item":"https:\/\/watch-bandit.com\/de\/produkte\/uhren\/gruppo-gamma-de\/"},{"@type":"ListItem","position":5,"name":"Gruppo Gamma Vanguard","item":"https:\/\/watch-bandit.com\/products\/watches\/gruppo-gamma\/gruppo-gamma-vanguard\/"},{"@type":"ListItem","position":6,"name":"Gruppo Gamma &#8211; Vanguard &#8211; AG-10"}]},{"@type":"WebSite","@id":"https:\/\/watch-bandit.com\/#website","url":"https:\/\/watch-bandit.com\/","name":"WATCHBANDIT","description":"Contemporary Wrist Accessories","publisher":{"@id":"https:\/\/watch-bandit.com\/#organization"},"potentialAction":[{"@type":"SearchAction","target":{"@type":"EntryPoint","urlTemplate":"https:\/\/watch-bandit.com\/?s={search_term_string}"},"query-input":"required name=search_term_string"}],"inLanguage":"de-DE"},{"@type":"Organization","@id":"https:\/\/watch-bandit.com\/#organization","name":"WatchBandit","url":"https:\/\/watch-bandit.com\/","logo":{"@type":"ImageObject","inLanguage":"de-DE","@id":"https:\/\/watch-bandit.com\/#\/schema\/logo\/image\/","url":"https:\/\/watchbandit.de\/wp-content\/uploads\/2017\/11\/WB_Logo_557x124.png","contentUrl":"https:\/\/watchbandit.de\/wp-content\/uploads\/2017\/11\/WB_Logo_557x124.png","width":557,"height":124,"caption":"WatchBandit"},"image":{"@id":"https:\/\/watch-bandit.com\/#\/schema\/logo\/image\/"}}]}},"_links":{"self":[{"href":"https:\/\/watch-bandit.com\/de\/wp-json\/wp\/v2\/product\/356535"}],"collection":[{"href":"https:\/\/watch-bandit.com\/de\/wp-json\/wp\/v2\/product"}],"about":[{"href":"https:\/\/watch-bandit.com\/de\/wp-json\/wp\/v2\/types\/product"}],"replies":[{"embeddable":true,"href":"https:\/\/watch-bandit.com\/de\/wp-json\/wp\/v2\/comments?post=356535"}],"wp:featuredmedia":[{"embeddable":true,"href":"https:\/\/watch-bandit.com\/de\/wp-json\/wp\/v2\/media\/356571"}],"wp:attachment":[{"href":"https:\/\/watch-bandit.com\/de\/wp-json\/wp\/v2\/media?parent=356535"}],"wp:term":[{"taxonomy":"product_cat","embeddable":true,"href":"https:\/\/watch-bandit.com\/de\/wp-json\/wp\/v2\/product_cat?post=356535"},{"taxonomy":"product_tag","embeddable":true,"href":"https:\/\/watch-bandit.com\/de\/wp-json\/wp\/v2\/product_tag?post=356535"}],"curies":[{"name":"wp","href":"https:\/\/api.w.org\/{rel}","templated":true}]}}