{"id":356839,"date":"2025-07-30T15:04:12","date_gmt":"2025-07-30T13:04:13","guid":{"rendered":"https:\/\/watchbandit.com\/?post_type=product&#038;p=356839"},"modified":"2025-07-30T15:42:23","modified_gmt":"2025-07-30T13:42:23","slug":"hanhart-aquasphere-ocean-face-blaue-luenette-42-mm-hook-strap-textilband","status":"publish","type":"product","link":"https:\/\/watch-bandit.com\/de\/produkt\/hanhart-aquasphere-ocean-face-blaue-luenette-42-mm-hook-strap-textilband\/","title":{"rendered":"Hanhart &#8211; AQUASPHERE Ocean Face &#8211; Blaue L\u00fcnette &#8211; 42 mm &#8211; Hook Strap\u2122-Textilband"},"content":{"rendered":"<h1>AQUASPHERE Ocean Fade \u2013 Entwickelt f\u00fcr die Tiefe<\/h1>\n<p>Mit der AQUASPHERE Ocean Fade pr\u00e4sentiert Hanhart die n\u00e4chste Evolutionsstufe seiner professionellen Taucheruhrenlinie. Entwickelt f\u00fcr Klarheit, Zuverl\u00e4ssigkeit und Tragekomfort unter h\u00e4rtesten Unterwasserbedingungen, verleiht dieses Modell der Kollektion optische Tiefe mit einem Zifferblatt, das von Tiefschwarz zu Ozeanblau changiert \u2013 eine Hommage an die Reise des Tauchers aus der Dunkelheit ins Licht.<\/p>\n<p>Das Zifferblatt mit Farbverlauf ist mehr als nur ein \u00e4sthetisches Detail; es spiegelt den emotionalen Kern des Tauchens wider: den Wechsel vom lautlosen Druck zum Atemzug beim Auftauchen. F\u00fcr Freitaucher wie Fabio Tunno spiegelt es diesen entscheidenden, befreienden Moment wider.<\/p>\n<p>Wie alle AQUASPHERE Modelle ist die Ocean Fade wasserdicht bis 30 bar (300 Meter) und verf\u00fcgt \u00fcber ein robustes Edelstahlgeh\u00e4use, eine verschraubte Krone und eine einseitig drehbare Keramikl\u00fcnette mit pr\u00e4ziser 60-Minuten-Graduierung. Die L\u00fcnette ist in Schwarz oder Blau erh\u00e4ltlich, sodass Taucher sie an ihre Ausr\u00fcstung und ihren Stil anpassen k\u00f6nnen.<\/p>\n<p>Das neue zweifarbige Kautschukarmband \u2013 blau und schwarz \u2013 ist komfortabel und langlebig und auch mit anderen AQUASPHERE-Modellen kompatibel, einschlie\u00dflich der FreeFall Blue. F\u00fcr maximale Ablesbarkeit sind Zeiger, Ziffern und Indizes, einschlie\u00dflich der dreieckigen L\u00fcnettenmarkierung und der markanten 12, mit Super-LumiNova\u00ae C1 GL X2 beschichtet. Der Sekundenzeiger mit roter Spitze und der Stundenzeiger mit Balkenmarkierung erm\u00f6glichen eine schnelle Anzeige der Uhrzeit, w\u00e4hrend der Rehaut eine pr\u00e4zise Sekundenanzeige erm\u00f6glicht.<\/p>\n<p>Die AQUASPHERE Ocean Fade wurde f\u00fcr anspruchsvolle Unterwasser-Performance entwickelt, ist aber auch f\u00fcr den Alltag konzipiert. Sie bringt Hanharts charakteristische Robustheit und Funktionalit\u00e4t ans Handgelenk und verleiht ihm einen Hauch von visueller Poesie.<\/p>\n<p><img loading=\"lazy\" decoding=\"async\" class=\"aligncenter size-full wp-image-356828\" src=\"https:\/\/watchbandit.com\/wp-content\/uploads\/2025\/05\/hanhart-aquasphere-size-measurments.webp\" alt=\"hanhart-aquasphere-size-measurments\" width=\"850\" height=\"468\" srcset=\"https:\/\/watch-bandit.com\/wp-content\/uploads\/2025\/05\/hanhart-aquasphere-size-measurments.webp 850w, https:\/\/watch-bandit.com\/wp-content\/uploads\/2025\/05\/hanhart-aquasphere-size-measurments-280x154.webp 280w\" sizes=\"(max-width: 850px) 100vw, 850px\" \/><\/p>\n","protected":false},"excerpt":{"rendered":"<p>Die Hanhart AQUASPHERE Ocean Fade ist eine professionelle Taucheruhr mit einem markanten Zifferblatt mit Farbverlauf von Schwarz nach Blau, inspiriert vom Abtauchen in die Tiefen des Ozeans. Mit einem bis 300 Meter wasserdichten Geh\u00e4use, einer einseitig drehbaren Keramikl\u00fcnette (erh\u00e4ltlich in Schwarz oder Blau) und einem passenden zweifarbigen Kautschukarmband verbindet die Ocean Fade funktionale Klarheit mit ausdrucksstarkem Design. Super-LumiNova\u00ae C1 GL X2 sorgt f\u00fcr hervorragende Lesbarkeit auch bei schwachem Licht. Entwickelt f\u00fcr Freitaucher und Profis, ist sie ein tauchbereiter Begleiter, der den Moment zwischen Tiefe und Tageslicht einf\u00e4ngt.<\/p>\n<p><strong>Uhrwerk<\/strong>: Automatikwerk Sellita SW200, Schwungmasse mit Hanhart-Logo, Dreizeigerwerk ohne Datumsanzeige, 28.800 Halbschwingungen (4 Hz), 38 Stunden Gangreserve nach Vollaufzug<br \/>\n<strong>Geh\u00e4use<\/strong>: Satinierter\/polierter Edelstahl 316L mit 42 mm Durchmesser, H\u00f6he 12,95 mm, Bandansto\u00df 49 mm, geriffelt, Keramikeinlage und roter Markierung, 60-facher Linkslauf, Dreieck, Ziffern und Indizes mit Super-LumiNova\u00ae C1 beschichtet, verschraubte Krone<br \/>\n<strong>Glas<\/strong>: Konvexes Saphirglas mit einseitiger Antireflexbeschichtung, Heliumventil<br \/>\n<strong>Armband<\/strong>: 20 mm Edelstahl mit Faltschlie\u00dfe, Tauchverl\u00e4ngerung und Feineinstellung<br \/>\n<strong>Wasserdichtigkeit<\/strong>: 30 ATM \/ 300 Meter \/ 30 Bar gem\u00e4\u00df DIN 8310<\/p>\n","protected":false},"featured_media":356851,"comment_status":"open","ping_status":"closed","template":"","meta":[],"product_cat":[4570,37],"product_tag":[],"yoast_head":"<!-- This site is optimized with the Yoast SEO plugin v21.9 - https:\/\/yoast.com\/wordpress\/plugins\/seo\/ -->\n<title>Hanhart - AQUASPHERE Ocean Face - Blaue L\u00fcnette - 42 mm - Hook Strap\u2122-Textilband - WATCHBANDIT<\/title>\n<meta name=\"description\" content=\"Hanhart Uhren bei WatchBandit kaufen \u2705 Autorisierter H\u00e4ndler \ud83c\udde9\ud83c\uddea Made in Germany \ud83c\udde9\ud83c\uddea Trusted Shops \u2705 Kostenlose Lieferung \u2705\" \/>\n<meta name=\"robots\" content=\"noindex, follow, max-snippet:-1, max-image-preview:large, max-video-preview:-1\" \/>\n<meta property=\"og:locale\" content=\"de_DE\" \/>\n<meta property=\"og:type\" content=\"article\" \/>\n<meta property=\"og:title\" content=\"Hanhart - AQUASPHERE Ocean Face - Blaue L\u00fcnette - 42 mm - Hook Strap\u2122-Textilband - WATCHBANDIT\" \/>\n<meta property=\"og:description\" content=\"Hanhart Uhren bei WatchBandit kaufen \u2705 Autorisierter H\u00e4ndler \ud83c\udde9\ud83c\uddea Made in Germany \ud83c\udde9\ud83c\uddea Trusted Shops \u2705 Kostenlose Lieferung \u2705\" \/>\n<meta property=\"og:url\" content=\"https:\/\/watch-bandit.com\/de\/produkt\/hanhart-aquasphere-ocean-face-blaue-luenette-42-mm-hook-strap-textilband\/\" \/>\n<meta property=\"og:site_name\" content=\"WATCHBANDIT\" \/>\n<meta property=\"article:modified_time\" content=\"2025-07-30T13:42:23+00:00\" \/>\n<meta property=\"og:image\" content=\"https:\/\/watch-bandit.com\/wp-content\/uploads\/2025\/07\/hanhart-aquasphere-ocean-fade-42mm-blue-bezel-textile-strap.webp\" \/>\n\t<meta property=\"og:image:width\" content=\"1400\" \/>\n\t<meta property=\"og:image:height\" content=\"1400\" \/>\n\t<meta property=\"og:image:type\" content=\"image\/webp\" \/>\n<meta name=\"twitter:label1\" content=\"Gesch\u00e4tzte Lesezeit\" \/>\n\t<meta name=\"twitter:data1\" content=\"2 Minuten\" \/>\n<script type=\"application\/ld+json\" class=\"yoast-schema-graph\">{\"@context\":\"https:\/\/schema.org\",\"@graph\":[{\"@type\":\"WebPage\",\"@id\":\"https:\/\/watch-bandit.com\/de\/produkt\/hanhart-aquasphere-ocean-face-blaue-luenette-42-mm-hook-strap-textilband\/\",\"url\":\"https:\/\/watch-bandit.com\/de\/produkt\/hanhart-aquasphere-ocean-face-blaue-luenette-42-mm-hook-strap-textilband\/\",\"name\":\"Hanhart - AQUASPHERE Ocean Face - Blaue L\u00fcnette - 42 mm - Hook Strap\u2122-Textilband - WATCHBANDIT\",\"isPartOf\":{\"@id\":\"https:\/\/watch-bandit.com\/#website\"},\"datePublished\":\"2025-07-30T13:04:13+00:00\",\"dateModified\":\"2025-07-30T13:42:23+00:00\",\"description\":\"Hanhart Uhren bei WatchBandit kaufen \u2705 Autorisierter H\u00e4ndler \ud83c\udde9\ud83c\uddea Made in Germany \ud83c\udde9\ud83c\uddea Trusted Shops \u2705 Kostenlose Lieferung \u2705\",\"breadcrumb\":{\"@id\":\"https:\/\/watch-bandit.com\/de\/produkt\/hanhart-aquasphere-ocean-face-blaue-luenette-42-mm-hook-strap-textilband\/#breadcrumb\"},\"inLanguage\":\"de-DE\",\"potentialAction\":[{\"@type\":\"ReadAction\",\"target\":[\"https:\/\/watch-bandit.com\/de\/produkt\/hanhart-aquasphere-ocean-face-blaue-luenette-42-mm-hook-strap-textilband\/\"]}]},{\"@type\":\"BreadcrumbList\",\"@id\":\"https:\/\/watch-bandit.com\/de\/produkt\/hanhart-aquasphere-ocean-face-blaue-luenette-42-mm-hook-strap-textilband\/#breadcrumb\",\"itemListElement\":[{\"@type\":\"ListItem\",\"position\":1,\"name\":\"Home\",\"item\":\"https:\/\/watchbandit.de\/\"},{\"@type\":\"ListItem\",\"position\":2,\"name\":\"Shop\",\"item\":\"https:\/\/watchbandit.de\/shop\/\"},{\"@type\":\"ListItem\",\"position\":3,\"name\":\"Watches\",\"item\":\"https:\/\/watch-bandit.com\/products\/watches\/\"},{\"@type\":\"ListItem\",\"position\":4,\"name\":\"Hanhart &#8211; AQUASPHERE Ocean Face &#8211; Blaue L\u00fcnette &#8211; 42 mm &#8211; Hook Strap\u2122-Textilband\"}]},{\"@type\":\"WebSite\",\"@id\":\"https:\/\/watch-bandit.com\/#website\",\"url\":\"https:\/\/watch-bandit.com\/\",\"name\":\"WATCHBANDIT\",\"description\":\"Contemporary Wrist Accessories\",\"publisher\":{\"@id\":\"https:\/\/watch-bandit.com\/#organization\"},\"potentialAction\":[{\"@type\":\"SearchAction\",\"target\":{\"@type\":\"EntryPoint\",\"urlTemplate\":\"https:\/\/watch-bandit.com\/?s={search_term_string}\"},\"query-input\":\"required name=search_term_string\"}],\"inLanguage\":\"de-DE\"},{\"@type\":\"Organization\",\"@id\":\"https:\/\/watch-bandit.com\/#organization\",\"name\":\"WatchBandit\",\"url\":\"https:\/\/watch-bandit.com\/\",\"logo\":{\"@type\":\"ImageObject\",\"inLanguage\":\"de-DE\",\"@id\":\"https:\/\/watch-bandit.com\/#\/schema\/logo\/image\/\",\"url\":\"https:\/\/watchbandit.de\/wp-content\/uploads\/2017\/11\/WB_Logo_557x124.png\",\"contentUrl\":\"https:\/\/watchbandit.de\/wp-content\/uploads\/2017\/11\/WB_Logo_557x124.png\",\"width\":557,\"height\":124,\"caption\":\"WatchBandit\"},\"image\":{\"@id\":\"https:\/\/watch-bandit.com\/#\/schema\/logo\/image\/\"}}]}<\/script>\n<!-- \/ Yoast SEO plugin. -->","yoast_head_json":{"title":"Hanhart - AQUASPHERE Ocean Face - Blaue L\u00fcnette - 42 mm - Hook Strap\u2122-Textilband - WATCHBANDIT","description":"Hanhart Uhren bei WatchBandit kaufen \u2705 Autorisierter H\u00e4ndler \ud83c\udde9\ud83c\uddea Made in Germany \ud83c\udde9\ud83c\uddea Trusted Shops \u2705 Kostenlose Lieferung \u2705","robots":{"index":"noindex","follow":"follow","max-snippet":"max-snippet:-1","max-image-preview":"max-image-preview:large","max-video-preview":"max-video-preview:-1"},"og_locale":"de_DE","og_type":"article","og_title":"Hanhart - AQUASPHERE Ocean Face - Blaue L\u00fcnette - 42 mm - Hook Strap\u2122-Textilband - WATCHBANDIT","og_description":"Hanhart Uhren bei WatchBandit kaufen \u2705 Autorisierter H\u00e4ndler \ud83c\udde9\ud83c\uddea Made in Germany \ud83c\udde9\ud83c\uddea Trusted Shops \u2705 Kostenlose Lieferung \u2705","og_url":"https:\/\/watch-bandit.com\/de\/produkt\/hanhart-aquasphere-ocean-face-blaue-luenette-42-mm-hook-strap-textilband\/","og_site_name":"WATCHBANDIT","article_modified_time":"2025-07-30T13:42:23+00:00","og_image":[{"width":1400,"height":1400,"url":"https:\/\/watch-bandit.com\/wp-content\/uploads\/2025\/07\/hanhart-aquasphere-ocean-fade-42mm-blue-bezel-textile-strap.webp","type":"image\/webp"}],"twitter_misc":{"Gesch\u00e4tzte Lesezeit":"2 Minuten"},"schema":{"@context":"https:\/\/schema.org","@graph":[{"@type":"WebPage","@id":"https:\/\/watch-bandit.com\/de\/produkt\/hanhart-aquasphere-ocean-face-blaue-luenette-42-mm-hook-strap-textilband\/","url":"https:\/\/watch-bandit.com\/de\/produkt\/hanhart-aquasphere-ocean-face-blaue-luenette-42-mm-hook-strap-textilband\/","name":"Hanhart - AQUASPHERE Ocean Face - Blaue L\u00fcnette - 42 mm - Hook Strap\u2122-Textilband - WATCHBANDIT","isPartOf":{"@id":"https:\/\/watch-bandit.com\/#website"},"datePublished":"2025-07-30T13:04:13+00:00","dateModified":"2025-07-30T13:42:23+00:00","description":"Hanhart Uhren bei WatchBandit kaufen \u2705 Autorisierter H\u00e4ndler \ud83c\udde9\ud83c\uddea Made in Germany \ud83c\udde9\ud83c\uddea Trusted Shops \u2705 Kostenlose Lieferung \u2705","breadcrumb":{"@id":"https:\/\/watch-bandit.com\/de\/produkt\/hanhart-aquasphere-ocean-face-blaue-luenette-42-mm-hook-strap-textilband\/#breadcrumb"},"inLanguage":"de-DE","potentialAction":[{"@type":"ReadAction","target":["https:\/\/watch-bandit.com\/de\/produkt\/hanhart-aquasphere-ocean-face-blaue-luenette-42-mm-hook-strap-textilband\/"]}]},{"@type":"BreadcrumbList","@id":"https:\/\/watch-bandit.com\/de\/produkt\/hanhart-aquasphere-ocean-face-blaue-luenette-42-mm-hook-strap-textilband\/#breadcrumb","itemListElement":[{"@type":"ListItem","position":1,"name":"Home","item":"https:\/\/watchbandit.de\/"},{"@type":"ListItem","position":2,"name":"Shop","item":"https:\/\/watchbandit.de\/shop\/"},{"@type":"ListItem","position":3,"name":"Watches","item":"https:\/\/watch-bandit.com\/products\/watches\/"},{"@type":"ListItem","position":4,"name":"Hanhart &#8211; AQUASPHERE Ocean Face &#8211; Blaue L\u00fcnette &#8211; 42 mm &#8211; Hook Strap\u2122-Textilband"}]},{"@type":"WebSite","@id":"https:\/\/watch-bandit.com\/#website","url":"https:\/\/watch-bandit.com\/","name":"WATCHBANDIT","description":"Contemporary Wrist Accessories","publisher":{"@id":"https:\/\/watch-bandit.com\/#organization"},"potentialAction":[{"@type":"SearchAction","target":{"@type":"EntryPoint","urlTemplate":"https:\/\/watch-bandit.com\/?s={search_term_string}"},"query-input":"required name=search_term_string"}],"inLanguage":"de-DE"},{"@type":"Organization","@id":"https:\/\/watch-bandit.com\/#organization","name":"WatchBandit","url":"https:\/\/watch-bandit.com\/","logo":{"@type":"ImageObject","inLanguage":"de-DE","@id":"https:\/\/watch-bandit.com\/#\/schema\/logo\/image\/","url":"https:\/\/watchbandit.de\/wp-content\/uploads\/2017\/11\/WB_Logo_557x124.png","contentUrl":"https:\/\/watchbandit.de\/wp-content\/uploads\/2017\/11\/WB_Logo_557x124.png","width":557,"height":124,"caption":"WatchBandit"},"image":{"@id":"https:\/\/watch-bandit.com\/#\/schema\/logo\/image\/"}}]}},"_links":{"self":[{"href":"https:\/\/watch-bandit.com\/de\/wp-json\/wp\/v2\/product\/356839"}],"collection":[{"href":"https:\/\/watch-bandit.com\/de\/wp-json\/wp\/v2\/product"}],"about":[{"href":"https:\/\/watch-bandit.com\/de\/wp-json\/wp\/v2\/types\/product"}],"replies":[{"embeddable":true,"href":"https:\/\/watch-bandit.com\/de\/wp-json\/wp\/v2\/comments?post=356839"}],"wp:featuredmedia":[{"embeddable":true,"href":"https:\/\/watch-bandit.com\/de\/wp-json\/wp\/v2\/media\/356851"}],"wp:attachment":[{"href":"https:\/\/watch-bandit.com\/de\/wp-json\/wp\/v2\/media?parent=356839"}],"wp:term":[{"taxonomy":"product_cat","embeddable":true,"href":"https:\/\/watch-bandit.com\/de\/wp-json\/wp\/v2\/product_cat?post=356839"},{"taxonomy":"product_tag","embeddable":true,"href":"https:\/\/watch-bandit.com\/de\/wp-json\/wp\/v2\/product_tag?post=356839"}],"curies":[{"name":"wp","href":"https:\/\/api.w.org\/{rel}","templated":true}]}}