{"id":356905,"date":"2025-07-31T12:32:17","date_gmt":"2025-07-31T10:32:18","guid":{"rendered":"https:\/\/watchbandit.com\/?post_type=product&#038;p=356905"},"modified":"2025-08-05T12:38:25","modified_gmt":"2025-08-05T10:38:25","slug":"vesuviate-attivo-guilloche-edition-cyan","status":"publish","type":"product","link":"https:\/\/watch-bandit.com\/de\/produkt\/vesuviate-attivo-guilloche-edition-cyan\/","title":{"rendered":"Vesuviate &#8211; Attivo &#8211; Guilloch\u00e9 Edition &#8211; Cyan"},"content":{"rendered":"<h3>Vesuviate Uhren<\/h3>\n<p>Wir sind stolz darauf, die Marke Vesuviate Watches anbieten zu k\u00f6nnen, die robuste Zeitmesser im sportlich-klassischen Retro-Look bietet. Als Hersteller mit \u00fcber drei Jahrzehnten Erfahrung in der Branche wissen wir, was es braucht, um langlebige und zuverl\u00e4ssige Uhren herzustellen, die den Anforderungen jedes Abenteurers gerecht werden.<\/p>\n<p>Bei Vesuviate Watches sind wir der \u00dcberzeugung, dass eine hochwertige Uhr nicht teuer sein muss. Deshalb bieten wir erschwingliche Uhren an, ohne dabei Kompromisse bei Qualit\u00e4t oder Stil einzugehen. Ob Sie eine Uhr f\u00fcr den t\u00e4glichen Gebrauch oder f\u00fcr besondere Anl\u00e4sse suchen, wir haben garantiert das passende Modell f\u00fcr Sie.<\/p>\n<p>Wir sind stolz darauf, unseren Kunden nicht nur hochwertige Produkte, sondern auch einen erstklassigen Kundenservice bieten zu k\u00f6nnen. Wenn Sie Fragen oder Bedenken haben, stehen wir Ihnen jederzeit zur Verf\u00fcgung. Wir m\u00f6chten sicherstellen, dass Sie mit Ihrem Kauf bei uns rundum zufrieden sind. Daher bieten wir eine umfassende Garantie auf alle unsere Uhren.<\/p>\n<p>Warum also warten? Entdecken Sie noch heute die vielf\u00e4ltige Auswahl an Vesuviate Watches und lassen Sie sich von dem perfekten Mix aus Stil, Langlebigkeit und Erschwinglichkeit begeistern<\/p>\n<p><img loading=\"lazy\" decoding=\"async\" class=\"aligncenter size-large wp-image-314014\" src=\"https:\/\/watchbandit.de\/wp-content\/uploads\/2023\/02\/VESUVIATE-Attivo-3-min-1024x681.jpg\" alt=\"VESUVIATE-Attivo\" width=\"1024\" height=\"681\" srcset=\"https:\/\/watch-bandit.com\/wp-content\/uploads\/2023\/02\/VESUVIATE-Attivo-3-min-1024x681.jpg 1024w, https:\/\/watch-bandit.com\/wp-content\/uploads\/2023\/02\/VESUVIATE-Attivo-3-min-280x186.jpg 280w, https:\/\/watch-bandit.com\/wp-content\/uploads\/2023\/02\/VESUVIATE-Attivo-3-min-768x511.jpg 768w, https:\/\/watch-bandit.com\/wp-content\/uploads\/2023\/02\/VESUVIATE-Attivo-3-min-1536x1022.jpg 1536w, https:\/\/watch-bandit.com\/wp-content\/uploads\/2023\/02\/VESUVIATE-Attivo-3-min-1400x932.jpg 1400w, https:\/\/watch-bandit.com\/wp-content\/uploads\/2023\/02\/VESUVIATE-Attivo-3-min.jpg 1578w\" sizes=\"(max-width: 1024px) 100vw, 1024px\" \/><\/p>\n","protected":false},"excerpt":{"rendered":"<p>DIE VESUVIATE VOLARE ist eine superrobuste Werkzeuguhr mit japanischem Automatikwerk. Es wird mit einem 316L-Edelstahlgeh\u00e4use und -armband mit superharter Oberfl\u00e4che\/einsatzgeh\u00e4rteter thermochemischer Behandlung geliefert, die auf 1.100 HV geh\u00e4rtet wurde.<\/p>\n<p><strong>Uhrwerk:<\/strong> Automatisches Miyota 9015 vergoldet<br \/>\n<strong>Geh\u00e4use:<\/strong> Geh\u00e4use aus Edelstahl 316L, geh\u00e4rtet auf 1.100 HV +\/- 10 % W\u00e4rmebehandlung. Breite 39 mm x L\u00e4nge 46,2 mm x Dicke 11,00 mm (an der Spitze des Saphirs)<br \/>\n<strong>Armband:<\/strong> 24 mm, Geh\u00e4use aus Edelstahl 316L, geh\u00e4rtet auf 1.100 HV +\/- 10 % W\u00e4rmebehandlung<br \/>\n<strong>Wasserdichtigkeit:<\/strong> 10 ATM \/ 100 m \/ 330 Fu\u00df<\/p>\n","protected":false},"featured_media":357076,"comment_status":"open","ping_status":"closed","template":"","meta":[],"product_cat":[37,4262],"product_tag":[],"yoast_head":"<!-- This site is optimized with the Yoast SEO plugin v21.9 - https:\/\/yoast.com\/wordpress\/plugins\/seo\/ -->\n<title>Vesuviate - Attivo - Guilloch\u00e9 Edition - Cyan - WATCHBANDIT<\/title>\n<meta name=\"description\" content=\"Vesuviate Uhren bei WatchBandit kaufen \u2713 Autorisierter H\u00e4ndler \u2713 Trusted Shops zertifiziert \u2713 Kostenlose- &amp; schnelle Lieferung \u2713\" \/>\n<meta name=\"robots\" content=\"noindex, follow, max-snippet:-1, max-image-preview:large, max-video-preview:-1\" \/>\n<meta property=\"og:locale\" content=\"de_DE\" \/>\n<meta property=\"og:type\" content=\"article\" \/>\n<meta property=\"og:title\" content=\"Vesuviate - Attivo - Guilloch\u00e9 Edition - Cyan - WATCHBANDIT\" \/>\n<meta property=\"og:description\" content=\"Vesuviate Uhren bei WatchBandit kaufen \u2713 Autorisierter H\u00e4ndler \u2713 Trusted Shops zertifiziert \u2713 Kostenlose- &amp; schnelle Lieferung \u2713\" \/>\n<meta property=\"og:url\" content=\"https:\/\/watch-bandit.com\/de\/produkt\/vesuviate-attivo-guilloche-edition-cyan\/\" \/>\n<meta property=\"og:site_name\" content=\"WATCHBANDIT\" \/>\n<meta property=\"article:modified_time\" content=\"2025-08-05T10:38:25+00:00\" \/>\n<meta property=\"og:image\" content=\"https:\/\/watch-bandit.com\/wp-content\/uploads\/2025\/07\/Attivo-Guilloche-1_1577x1050.jpg\" \/>\n\t<meta property=\"og:image:width\" content=\"908\" \/>\n\t<meta property=\"og:image:height\" content=\"908\" \/>\n\t<meta property=\"og:image:type\" content=\"image\/jpeg\" \/>\n<meta name=\"twitter:label1\" content=\"Gesch\u00e4tzte Lesezeit\" \/>\n\t<meta name=\"twitter:data1\" content=\"2 Minuten\" \/>\n<script type=\"application\/ld+json\" class=\"yoast-schema-graph\">{\"@context\":\"https:\/\/schema.org\",\"@graph\":[{\"@type\":\"WebPage\",\"@id\":\"https:\/\/watch-bandit.com\/de\/produkt\/vesuviate-attivo-guilloche-edition-cyan\/\",\"url\":\"https:\/\/watch-bandit.com\/de\/produkt\/vesuviate-attivo-guilloche-edition-cyan\/\",\"name\":\"Vesuviate - Attivo - Guilloch\u00e9 Edition - Cyan - WATCHBANDIT\",\"isPartOf\":{\"@id\":\"https:\/\/watch-bandit.com\/#website\"},\"datePublished\":\"2025-07-31T10:32:18+00:00\",\"dateModified\":\"2025-08-05T10:38:25+00:00\",\"description\":\"Vesuviate Uhren bei WatchBandit kaufen \u2713 Autorisierter H\u00e4ndler \u2713 Trusted Shops zertifiziert \u2713 Kostenlose- & schnelle Lieferung \u2713\",\"breadcrumb\":{\"@id\":\"https:\/\/watch-bandit.com\/de\/produkt\/vesuviate-attivo-guilloche-edition-cyan\/#breadcrumb\"},\"inLanguage\":\"de-DE\",\"potentialAction\":[{\"@type\":\"ReadAction\",\"target\":[\"https:\/\/watch-bandit.com\/de\/produkt\/vesuviate-attivo-guilloche-edition-cyan\/\"]}]},{\"@type\":\"BreadcrumbList\",\"@id\":\"https:\/\/watch-bandit.com\/de\/produkt\/vesuviate-attivo-guilloche-edition-cyan\/#breadcrumb\",\"itemListElement\":[{\"@type\":\"ListItem\",\"position\":1,\"name\":\"Home\",\"item\":\"https:\/\/watchbandit.de\/\"},{\"@type\":\"ListItem\",\"position\":2,\"name\":\"Shop\",\"item\":\"https:\/\/watchbandit.de\/shop\/\"},{\"@type\":\"ListItem\",\"position\":3,\"name\":\"Watches\",\"item\":\"https:\/\/watch-bandit.com\/products\/watches\/\"},{\"@type\":\"ListItem\",\"position\":4,\"name\":\"Vesuviate\",\"item\":\"https:\/\/watch-bandit.com\/products\/watches\/vesuviate\/\"},{\"@type\":\"ListItem\",\"position\":5,\"name\":\"Vesuviate &#8211; Attivo &#8211; Guilloch\u00e9 Edition &#8211; Cyan\"}]},{\"@type\":\"WebSite\",\"@id\":\"https:\/\/watch-bandit.com\/#website\",\"url\":\"https:\/\/watch-bandit.com\/\",\"name\":\"WATCHBANDIT\",\"description\":\"Contemporary Wrist Accessories\",\"publisher\":{\"@id\":\"https:\/\/watch-bandit.com\/#organization\"},\"potentialAction\":[{\"@type\":\"SearchAction\",\"target\":{\"@type\":\"EntryPoint\",\"urlTemplate\":\"https:\/\/watch-bandit.com\/?s={search_term_string}\"},\"query-input\":\"required name=search_term_string\"}],\"inLanguage\":\"de-DE\"},{\"@type\":\"Organization\",\"@id\":\"https:\/\/watch-bandit.com\/#organization\",\"name\":\"WatchBandit\",\"url\":\"https:\/\/watch-bandit.com\/\",\"logo\":{\"@type\":\"ImageObject\",\"inLanguage\":\"de-DE\",\"@id\":\"https:\/\/watch-bandit.com\/#\/schema\/logo\/image\/\",\"url\":\"https:\/\/watchbandit.de\/wp-content\/uploads\/2017\/11\/WB_Logo_557x124.png\",\"contentUrl\":\"https:\/\/watchbandit.de\/wp-content\/uploads\/2017\/11\/WB_Logo_557x124.png\",\"width\":557,\"height\":124,\"caption\":\"WatchBandit\"},\"image\":{\"@id\":\"https:\/\/watch-bandit.com\/#\/schema\/logo\/image\/\"}}]}<\/script>\n<!-- \/ Yoast SEO plugin. -->","yoast_head_json":{"title":"Vesuviate - Attivo - Guilloch\u00e9 Edition - Cyan - WATCHBANDIT","description":"Vesuviate Uhren bei WatchBandit kaufen \u2713 Autorisierter H\u00e4ndler \u2713 Trusted Shops zertifiziert \u2713 Kostenlose- & schnelle Lieferung \u2713","robots":{"index":"noindex","follow":"follow","max-snippet":"max-snippet:-1","max-image-preview":"max-image-preview:large","max-video-preview":"max-video-preview:-1"},"og_locale":"de_DE","og_type":"article","og_title":"Vesuviate - Attivo - Guilloch\u00e9 Edition - Cyan - WATCHBANDIT","og_description":"Vesuviate Uhren bei WatchBandit kaufen \u2713 Autorisierter H\u00e4ndler \u2713 Trusted Shops zertifiziert \u2713 Kostenlose- & schnelle Lieferung \u2713","og_url":"https:\/\/watch-bandit.com\/de\/produkt\/vesuviate-attivo-guilloche-edition-cyan\/","og_site_name":"WATCHBANDIT","article_modified_time":"2025-08-05T10:38:25+00:00","og_image":[{"width":908,"height":908,"url":"https:\/\/watch-bandit.com\/wp-content\/uploads\/2025\/07\/Attivo-Guilloche-1_1577x1050.jpg","type":"image\/jpeg"}],"twitter_misc":{"Gesch\u00e4tzte Lesezeit":"2 Minuten"},"schema":{"@context":"https:\/\/schema.org","@graph":[{"@type":"WebPage","@id":"https:\/\/watch-bandit.com\/de\/produkt\/vesuviate-attivo-guilloche-edition-cyan\/","url":"https:\/\/watch-bandit.com\/de\/produkt\/vesuviate-attivo-guilloche-edition-cyan\/","name":"Vesuviate - Attivo - Guilloch\u00e9 Edition - Cyan - WATCHBANDIT","isPartOf":{"@id":"https:\/\/watch-bandit.com\/#website"},"datePublished":"2025-07-31T10:32:18+00:00","dateModified":"2025-08-05T10:38:25+00:00","description":"Vesuviate Uhren bei WatchBandit kaufen \u2713 Autorisierter H\u00e4ndler \u2713 Trusted Shops zertifiziert \u2713 Kostenlose- & schnelle Lieferung \u2713","breadcrumb":{"@id":"https:\/\/watch-bandit.com\/de\/produkt\/vesuviate-attivo-guilloche-edition-cyan\/#breadcrumb"},"inLanguage":"de-DE","potentialAction":[{"@type":"ReadAction","target":["https:\/\/watch-bandit.com\/de\/produkt\/vesuviate-attivo-guilloche-edition-cyan\/"]}]},{"@type":"BreadcrumbList","@id":"https:\/\/watch-bandit.com\/de\/produkt\/vesuviate-attivo-guilloche-edition-cyan\/#breadcrumb","itemListElement":[{"@type":"ListItem","position":1,"name":"Home","item":"https:\/\/watchbandit.de\/"},{"@type":"ListItem","position":2,"name":"Shop","item":"https:\/\/watchbandit.de\/shop\/"},{"@type":"ListItem","position":3,"name":"Watches","item":"https:\/\/watch-bandit.com\/products\/watches\/"},{"@type":"ListItem","position":4,"name":"Vesuviate","item":"https:\/\/watch-bandit.com\/products\/watches\/vesuviate\/"},{"@type":"ListItem","position":5,"name":"Vesuviate &#8211; Attivo &#8211; Guilloch\u00e9 Edition &#8211; Cyan"}]},{"@type":"WebSite","@id":"https:\/\/watch-bandit.com\/#website","url":"https:\/\/watch-bandit.com\/","name":"WATCHBANDIT","description":"Contemporary Wrist Accessories","publisher":{"@id":"https:\/\/watch-bandit.com\/#organization"},"potentialAction":[{"@type":"SearchAction","target":{"@type":"EntryPoint","urlTemplate":"https:\/\/watch-bandit.com\/?s={search_term_string}"},"query-input":"required name=search_term_string"}],"inLanguage":"de-DE"},{"@type":"Organization","@id":"https:\/\/watch-bandit.com\/#organization","name":"WatchBandit","url":"https:\/\/watch-bandit.com\/","logo":{"@type":"ImageObject","inLanguage":"de-DE","@id":"https:\/\/watch-bandit.com\/#\/schema\/logo\/image\/","url":"https:\/\/watchbandit.de\/wp-content\/uploads\/2017\/11\/WB_Logo_557x124.png","contentUrl":"https:\/\/watchbandit.de\/wp-content\/uploads\/2017\/11\/WB_Logo_557x124.png","width":557,"height":124,"caption":"WatchBandit"},"image":{"@id":"https:\/\/watch-bandit.com\/#\/schema\/logo\/image\/"}}]}},"_links":{"self":[{"href":"https:\/\/watch-bandit.com\/de\/wp-json\/wp\/v2\/product\/356905"}],"collection":[{"href":"https:\/\/watch-bandit.com\/de\/wp-json\/wp\/v2\/product"}],"about":[{"href":"https:\/\/watch-bandit.com\/de\/wp-json\/wp\/v2\/types\/product"}],"replies":[{"embeddable":true,"href":"https:\/\/watch-bandit.com\/de\/wp-json\/wp\/v2\/comments?post=356905"}],"wp:featuredmedia":[{"embeddable":true,"href":"https:\/\/watch-bandit.com\/de\/wp-json\/wp\/v2\/media\/357076"}],"wp:attachment":[{"href":"https:\/\/watch-bandit.com\/de\/wp-json\/wp\/v2\/media?parent=356905"}],"wp:term":[{"taxonomy":"product_cat","embeddable":true,"href":"https:\/\/watch-bandit.com\/de\/wp-json\/wp\/v2\/product_cat?post=356905"},{"taxonomy":"product_tag","embeddable":true,"href":"https:\/\/watch-bandit.com\/de\/wp-json\/wp\/v2\/product_tag?post=356905"}],"curies":[{"name":"wp","href":"https:\/\/api.w.org\/{rel}","templated":true}]}}