{"id":358490,"date":"2025-09-29T13:32:25","date_gmt":"2025-09-29T11:32:26","guid":{"rendered":"https:\/\/watchbandit.com\/?post_type=product&#038;p=358490"},"modified":"2025-09-30T18:36:48","modified_gmt":"2025-09-30T16:36:48","slug":"formex-stratos-utc-automatic-utc-true-pilot-blau-41-mm-stainless-steel-bracelet","status":"publish","type":"product","link":"https:\/\/watch-bandit.com\/de\/produkt\/formex-stratos-utc-automatic-utc-true-pilot-blau-41-mm-stainless-steel-bracelet\/","title":{"rendered":"Formex &#8211; Stratos UTC &#8211; Automatic UTC True Pilot  &#8211; Blau 41 mm &#8211; Stainless Steel Bracelet"},"content":{"rendered":"","protected":false},"excerpt":{"rendered":"<p>Die Stratos verk\u00f6rpert Formex\u2019 Vision einer modernen Fliegeruhr. Ihr herausragendes Merkmal ist ihr einzigartiger Ansatz f\u00fcr echte GMT-Funktionalit\u00e4t, die nicht \u00fcber die Krone, sondern \u00fcber Dr\u00fccker an der Geh\u00e4useseite gesteuert wird. Diese Dr\u00fccker erm\u00f6glichen es, den lokalen Stundenzeiger mit einem einfachen Druck in Stundenschritten vor- oder zur\u00fcckzuspringen, ohne die Unruh anzuhalten oder die Uhr vom Handgelenk abnehmen zu m\u00fcssen.<\/p>\n<p>Diese Komplikation ist eine intuitive L\u00f6sung f\u00fcr Reisende, da das Auf- und Zuschrauben der Krone entf\u00e4llt. Dar\u00fcber hinaus verf\u00fcgt die Stratos \u00fcber eine von der Hauptkrone entkoppelte Datumsschnellschaltung und eine Tag-\/Nachtanzeige f\u00fcr stets klare Zeitangaben. Diese Kombination aus fortschrittlicher Funktionalit\u00e4t und benutzerorientiertem Design unterstreicht Formex\u2019 Anspruch, anspruchsvolle, praktische L\u00f6sungen f\u00fcr den modernen Reisenden und Flieger zu entwickeln.<\/p>\n<p>Die Uhr verf\u00fcgt \u00fcber ein handgefertigtes, mehrschichtiges Edelstahlgeh\u00e4use mit geb\u00fcrsteten Oberfl\u00e4chen, hochglanzpolierten Facetten und sandgestrahlten Aussparungen und bietet spezielle Funktionen f\u00fcr mehr Komfort und Tragekomfort im Alltag.<\/p>\n<p><strong>Uhrwerk<\/strong>: Schweizer ETA 2892 (Automatikwerk) mit Automatikwerk, reguliert auf +\/- 7 Sek.\/Tag. 21 Steine. Datumsanzeige bei 6 als kleine Sekunde mit Schnellschaltung bei 8. Dubois-D\u00e9praz-Sondermodul zur Schnellschaltung der lokalen Stunde mit Dr\u00fcckern in beide Richtungen. Verschraubte Krone. Spezialgefertigter skelettierter Rotor mit thermisch gebl\u00e4uten Schrauben. 42 Stunden Gangreserve.<br \/>\n<strong>Geh\u00e4use<\/strong>: 316L Edelstahl, 41 mm Durchmesser, 11,8 mm H\u00f6he<br \/>\n<strong>Wasserdichtigkeit<\/strong>: 10 ATM \/ 100 Meter \/ 100 Fu\u00df<br \/>\n<strong>Armband<\/strong>: Edelstahlarmband mit verschraubten Gliedern, Schnellverschluss und Edelstahlschlie\u00dfe mit patentiertem Mikro-Einstellsystem<\/p>\n","protected":false},"featured_media":358515,"comment_status":"open","ping_status":"closed","template":"","meta":[],"product_cat":[3217,37],"product_tag":[],"yoast_head":"<!-- This site is optimized with the Yoast SEO plugin v21.9 - https:\/\/yoast.com\/wordpress\/plugins\/seo\/ -->\n<title>Formex - Stratos UTC - Automatic UTC True Pilot - Blau 41 mm - Stainless Steel Bracelet - WATCHBANDIT<\/title>\n<meta name=\"description\" content=\"Formex Uhren bei WatchBandit kaufen \u2705 Autorisierter H\u00e4ndler \u2705 Swiss made \ud83c\udde8\ud83c\udded COSC Chronometer \ud83c\udde8\ud83c\udded kostenlose Lieferung \u2705 Trusted Shops zertifiziert \u2705\" \/>\n<meta name=\"robots\" content=\"noindex, follow, max-snippet:-1, max-image-preview:large, max-video-preview:-1\" \/>\n<meta property=\"og:locale\" content=\"de_DE\" \/>\n<meta property=\"og:type\" content=\"article\" \/>\n<meta property=\"og:title\" content=\"Formex - Stratos UTC - Automatic UTC True Pilot - Blau 41 mm - Stainless Steel Bracelet - WATCHBANDIT\" \/>\n<meta property=\"og:description\" content=\"Formex Uhren bei WatchBandit kaufen \u2705 Autorisierter H\u00e4ndler \u2705 Swiss made \ud83c\udde8\ud83c\udded COSC Chronometer \ud83c\udde8\ud83c\udded kostenlose Lieferung \u2705 Trusted Shops zertifiziert \u2705\" \/>\n<meta property=\"og:url\" content=\"https:\/\/watch-bandit.com\/de\/produkt\/formex-stratos-utc-automatic-utc-true-pilot-blau-41-mm-stainless-steel-bracelet\/\" \/>\n<meta property=\"og:site_name\" content=\"WATCHBANDIT\" \/>\n<meta property=\"article:modified_time\" content=\"2025-09-30T16:36:48+00:00\" \/>\n<meta property=\"og:image\" content=\"https:\/\/watch-bandit.com\/wp-content\/uploads\/2025\/09\/Formex-Stratos-UTC-Automatic-UTC-True-Pilot-Blue.jpg\" \/>\n\t<meta property=\"og:image:width\" content=\"1400\" \/>\n\t<meta property=\"og:image:height\" content=\"1700\" \/>\n\t<meta property=\"og:image:type\" content=\"image\/jpeg\" \/>\n<meta name=\"twitter:label1\" content=\"Gesch\u00e4tzte Lesezeit\" \/>\n\t<meta name=\"twitter:data1\" content=\"1 Minute\" \/>\n<script type=\"application\/ld+json\" class=\"yoast-schema-graph\">{\"@context\":\"https:\/\/schema.org\",\"@graph\":[{\"@type\":\"WebPage\",\"@id\":\"https:\/\/watch-bandit.com\/de\/produkt\/formex-stratos-utc-automatic-utc-true-pilot-blau-41-mm-stainless-steel-bracelet\/\",\"url\":\"https:\/\/watch-bandit.com\/de\/produkt\/formex-stratos-utc-automatic-utc-true-pilot-blau-41-mm-stainless-steel-bracelet\/\",\"name\":\"Formex - Stratos UTC - Automatic UTC True Pilot - Blau 41 mm - Stainless Steel Bracelet - WATCHBANDIT\",\"isPartOf\":{\"@id\":\"https:\/\/watch-bandit.com\/#website\"},\"datePublished\":\"2025-09-29T11:32:26+00:00\",\"dateModified\":\"2025-09-30T16:36:48+00:00\",\"description\":\"Formex Uhren bei WatchBandit kaufen \u2705 Autorisierter H\u00e4ndler \u2705 Swiss made \ud83c\udde8\ud83c\udded COSC Chronometer \ud83c\udde8\ud83c\udded kostenlose Lieferung \u2705 Trusted Shops zertifiziert \u2705\",\"breadcrumb\":{\"@id\":\"https:\/\/watch-bandit.com\/de\/produkt\/formex-stratos-utc-automatic-utc-true-pilot-blau-41-mm-stainless-steel-bracelet\/#breadcrumb\"},\"inLanguage\":\"de-DE\",\"potentialAction\":[{\"@type\":\"ReadAction\",\"target\":[\"https:\/\/watch-bandit.com\/de\/produkt\/formex-stratos-utc-automatic-utc-true-pilot-blau-41-mm-stainless-steel-bracelet\/\"]}]},{\"@type\":\"BreadcrumbList\",\"@id\":\"https:\/\/watch-bandit.com\/de\/produkt\/formex-stratos-utc-automatic-utc-true-pilot-blau-41-mm-stainless-steel-bracelet\/#breadcrumb\",\"itemListElement\":[{\"@type\":\"ListItem\",\"position\":1,\"name\":\"Home\",\"item\":\"https:\/\/watchbandit.de\/\"},{\"@type\":\"ListItem\",\"position\":2,\"name\":\"Shop\",\"item\":\"https:\/\/watchbandit.de\/shop\/\"},{\"@type\":\"ListItem\",\"position\":3,\"name\":\"Watches\",\"item\":\"https:\/\/watch-bandit.com\/products\/watches\/\"},{\"@type\":\"ListItem\",\"position\":4,\"name\":\"Formex\",\"item\":\"https:\/\/watch-bandit.com\/products\/watches\/formex\/\"},{\"@type\":\"ListItem\",\"position\":5,\"name\":\"Formex &#8211; Stratos UTC &#8211; Automatic UTC True Pilot &#8211; Blau 41 mm &#8211; Stainless Steel Bracelet\"}]},{\"@type\":\"WebSite\",\"@id\":\"https:\/\/watch-bandit.com\/#website\",\"url\":\"https:\/\/watch-bandit.com\/\",\"name\":\"WATCHBANDIT\",\"description\":\"Contemporary Wrist Accessories\",\"publisher\":{\"@id\":\"https:\/\/watch-bandit.com\/#organization\"},\"potentialAction\":[{\"@type\":\"SearchAction\",\"target\":{\"@type\":\"EntryPoint\",\"urlTemplate\":\"https:\/\/watch-bandit.com\/?s={search_term_string}\"},\"query-input\":\"required name=search_term_string\"}],\"inLanguage\":\"de-DE\"},{\"@type\":\"Organization\",\"@id\":\"https:\/\/watch-bandit.com\/#organization\",\"name\":\"WatchBandit\",\"url\":\"https:\/\/watch-bandit.com\/\",\"logo\":{\"@type\":\"ImageObject\",\"inLanguage\":\"de-DE\",\"@id\":\"https:\/\/watch-bandit.com\/#\/schema\/logo\/image\/\",\"url\":\"https:\/\/watchbandit.de\/wp-content\/uploads\/2017\/11\/WB_Logo_557x124.png\",\"contentUrl\":\"https:\/\/watchbandit.de\/wp-content\/uploads\/2017\/11\/WB_Logo_557x124.png\",\"width\":557,\"height\":124,\"caption\":\"WatchBandit\"},\"image\":{\"@id\":\"https:\/\/watch-bandit.com\/#\/schema\/logo\/image\/\"}}]}<\/script>\n<!-- \/ Yoast SEO plugin. -->","yoast_head_json":{"title":"Formex - Stratos UTC - Automatic UTC True Pilot - Blau 41 mm - Stainless Steel Bracelet - WATCHBANDIT","description":"Formex Uhren bei WatchBandit kaufen \u2705 Autorisierter H\u00e4ndler \u2705 Swiss made \ud83c\udde8\ud83c\udded COSC Chronometer \ud83c\udde8\ud83c\udded kostenlose Lieferung \u2705 Trusted Shops zertifiziert \u2705","robots":{"index":"noindex","follow":"follow","max-snippet":"max-snippet:-1","max-image-preview":"max-image-preview:large","max-video-preview":"max-video-preview:-1"},"og_locale":"de_DE","og_type":"article","og_title":"Formex - Stratos UTC - Automatic UTC True Pilot - Blau 41 mm - Stainless Steel Bracelet - WATCHBANDIT","og_description":"Formex Uhren bei WatchBandit kaufen \u2705 Autorisierter H\u00e4ndler \u2705 Swiss made \ud83c\udde8\ud83c\udded COSC Chronometer \ud83c\udde8\ud83c\udded kostenlose Lieferung \u2705 Trusted Shops zertifiziert \u2705","og_url":"https:\/\/watch-bandit.com\/de\/produkt\/formex-stratos-utc-automatic-utc-true-pilot-blau-41-mm-stainless-steel-bracelet\/","og_site_name":"WATCHBANDIT","article_modified_time":"2025-09-30T16:36:48+00:00","og_image":[{"width":1400,"height":1700,"url":"https:\/\/watch-bandit.com\/wp-content\/uploads\/2025\/09\/Formex-Stratos-UTC-Automatic-UTC-True-Pilot-Blue.jpg","type":"image\/jpeg"}],"twitter_misc":{"Gesch\u00e4tzte Lesezeit":"1 Minute"},"schema":{"@context":"https:\/\/schema.org","@graph":[{"@type":"WebPage","@id":"https:\/\/watch-bandit.com\/de\/produkt\/formex-stratos-utc-automatic-utc-true-pilot-blau-41-mm-stainless-steel-bracelet\/","url":"https:\/\/watch-bandit.com\/de\/produkt\/formex-stratos-utc-automatic-utc-true-pilot-blau-41-mm-stainless-steel-bracelet\/","name":"Formex - Stratos UTC - Automatic UTC True Pilot - Blau 41 mm - Stainless Steel Bracelet - WATCHBANDIT","isPartOf":{"@id":"https:\/\/watch-bandit.com\/#website"},"datePublished":"2025-09-29T11:32:26+00:00","dateModified":"2025-09-30T16:36:48+00:00","description":"Formex Uhren bei WatchBandit kaufen \u2705 Autorisierter H\u00e4ndler \u2705 Swiss made \ud83c\udde8\ud83c\udded COSC Chronometer \ud83c\udde8\ud83c\udded kostenlose Lieferung \u2705 Trusted Shops zertifiziert \u2705","breadcrumb":{"@id":"https:\/\/watch-bandit.com\/de\/produkt\/formex-stratos-utc-automatic-utc-true-pilot-blau-41-mm-stainless-steel-bracelet\/#breadcrumb"},"inLanguage":"de-DE","potentialAction":[{"@type":"ReadAction","target":["https:\/\/watch-bandit.com\/de\/produkt\/formex-stratos-utc-automatic-utc-true-pilot-blau-41-mm-stainless-steel-bracelet\/"]}]},{"@type":"BreadcrumbList","@id":"https:\/\/watch-bandit.com\/de\/produkt\/formex-stratos-utc-automatic-utc-true-pilot-blau-41-mm-stainless-steel-bracelet\/#breadcrumb","itemListElement":[{"@type":"ListItem","position":1,"name":"Home","item":"https:\/\/watchbandit.de\/"},{"@type":"ListItem","position":2,"name":"Shop","item":"https:\/\/watchbandit.de\/shop\/"},{"@type":"ListItem","position":3,"name":"Watches","item":"https:\/\/watch-bandit.com\/products\/watches\/"},{"@type":"ListItem","position":4,"name":"Formex","item":"https:\/\/watch-bandit.com\/products\/watches\/formex\/"},{"@type":"ListItem","position":5,"name":"Formex &#8211; Stratos UTC &#8211; Automatic UTC True Pilot &#8211; Blau 41 mm &#8211; Stainless Steel Bracelet"}]},{"@type":"WebSite","@id":"https:\/\/watch-bandit.com\/#website","url":"https:\/\/watch-bandit.com\/","name":"WATCHBANDIT","description":"Contemporary Wrist Accessories","publisher":{"@id":"https:\/\/watch-bandit.com\/#organization"},"potentialAction":[{"@type":"SearchAction","target":{"@type":"EntryPoint","urlTemplate":"https:\/\/watch-bandit.com\/?s={search_term_string}"},"query-input":"required name=search_term_string"}],"inLanguage":"de-DE"},{"@type":"Organization","@id":"https:\/\/watch-bandit.com\/#organization","name":"WatchBandit","url":"https:\/\/watch-bandit.com\/","logo":{"@type":"ImageObject","inLanguage":"de-DE","@id":"https:\/\/watch-bandit.com\/#\/schema\/logo\/image\/","url":"https:\/\/watchbandit.de\/wp-content\/uploads\/2017\/11\/WB_Logo_557x124.png","contentUrl":"https:\/\/watchbandit.de\/wp-content\/uploads\/2017\/11\/WB_Logo_557x124.png","width":557,"height":124,"caption":"WatchBandit"},"image":{"@id":"https:\/\/watch-bandit.com\/#\/schema\/logo\/image\/"}}]}},"_links":{"self":[{"href":"https:\/\/watch-bandit.com\/de\/wp-json\/wp\/v2\/product\/358490"}],"collection":[{"href":"https:\/\/watch-bandit.com\/de\/wp-json\/wp\/v2\/product"}],"about":[{"href":"https:\/\/watch-bandit.com\/de\/wp-json\/wp\/v2\/types\/product"}],"replies":[{"embeddable":true,"href":"https:\/\/watch-bandit.com\/de\/wp-json\/wp\/v2\/comments?post=358490"}],"wp:featuredmedia":[{"embeddable":true,"href":"https:\/\/watch-bandit.com\/de\/wp-json\/wp\/v2\/media\/358515"}],"wp:attachment":[{"href":"https:\/\/watch-bandit.com\/de\/wp-json\/wp\/v2\/media?parent=358490"}],"wp:term":[{"taxonomy":"product_cat","embeddable":true,"href":"https:\/\/watch-bandit.com\/de\/wp-json\/wp\/v2\/product_cat?post=358490"},{"taxonomy":"product_tag","embeddable":true,"href":"https:\/\/watch-bandit.com\/de\/wp-json\/wp\/v2\/product_tag?post=358490"}],"curies":[{"name":"wp","href":"https:\/\/api.w.org\/{rel}","templated":true}]}}