{"id":358892,"date":"2025-10-08T10:55:16","date_gmt":"2025-10-08T08:55:17","guid":{"rendered":"https:\/\/watchbandit.com\/?post_type=product&#038;p=358892"},"modified":"2025-10-10T12:30:59","modified_gmt":"2025-10-10T10:30:59","slug":"alsta-nautoscaph-bronze-silver","status":"publish","type":"product","link":"https:\/\/watch-bandit.com\/de\/produkt\/alsta-nautoscaph-bronze-silver\/","title":{"rendered":"Alsta &#8211; Nautoscaph &#8211; Bronze Silver"},"content":{"rendered":"<h3>Alsta &#8211; Eine wiedergeborene klassische Uhrenmarke<\/h3>\n<p>In den 1960er und 1970er Jahren fertigte Alsta wundersch\u00f6n konstruierte Armbanduhren f\u00fcr stilvolle M\u00e4nner und Frauen mit intellektueller und kreativer Substanz. Menschen, die Pr\u00e4zision und Robustheit ben\u00f6tigten; Wissenschaftler, Ingenieure und Industrielle sowie Stilsetzer und Selbstgemachte. Es erlag Ende der 1970er Jahre zusammen mit vielen unabh\u00e4ngigen Uhrmachern der \u201eQuarzkrise\u201c. Hunderte von Uhrenherstellern gaben ihr Gesch\u00e4ft auf, da die Welt das Ende mechanischer Uhren bef\u00fcrchtete. Leider verschwanden viele angesehene Namen, einschlie\u00dflich Alsta, bevor diese Vision als unbegr\u00fcndet angesehen wurde.<\/p>\n<p>Alsta wurde 2014 wiederbelebt und nach zwei Jahren wurde 2017 unsere erste Armbanduhr seit \u00fcber 40 Jahren ver\u00f6ffentlicht. Alsta wurde von der Nautoscaph-Taucheruhr inspiriert, die Richard Dreyfuss als Matt Hooper im Filmklassiker Jaws trug, und wir entschieden uns das Nautoscaph II, um die Auferstehung von Alsta im 21. Jahrhundert wiederzubeleben und zu f\u00fchren. Alsta ist begeistert, dass der Nautoscaph II von Alsta-Enthusiasten und neuen Entdeckern der Marke so gut aufgenommen wurde.<\/p>\n<p>Im Jahr 2018 pr\u00e4sentierte Ihnen Alsta die n\u00e4chsten beiden Zeitmesser. das Nautoscaph III und das Surf n Ski, die gleicherma\u00dfen gut aufgenommen wurden.<\/p>\n<p>Jetzt, im Jahr 2019, freut sich Alsta, die Uhr zu pr\u00e4sentieren, nach der Alsta-Enthusiasten seit dem ersten Tag gefragt haben. die Nautoscaph Superautomatic. Dies ist die Wiederholung des Klassikers aus dem 21. Jahrhundert, den Matt Hooper als seinen Tauchbegleiter ausgew\u00e4hlt hat.<\/p>\n","protected":false},"excerpt":{"rendered":"<p>Wie das Original Nautoscaph verf\u00fcgen diese St\u00fccke \u00fcber eine einseitig drehbare Stahll\u00fcnette mit einem blauen Keramikeinsatz. Durch die Unidirektionalit\u00e4t wird das Risiko beseitigt, dass es unter Wasser versehentlich gedreht wird, was zu einer fatalen Fehlberechnung der Tauchzeit f\u00fchren k\u00f6nnte. Es wurde hergestellt und getestet, um dem Druck von Tiefen von 999 Fu\u00df (300 m oder 29 atm) standzuhalten. Die urspr\u00fcngliche Nautoscaph hatte 999 Fu\u00df auf ihrem Zifferblatt, eine Note, die wir liebten und deshalb beibehalten haben. Wir haben diese Modelle mit unserem handgefertigten braunen, italienischen Lederarmband mit Bronzeschnalle ausgestattet.<\/p>\n<p>Wie bei allen Nautoscaph-Versionen von Alsta nimmt Alsta alle m\u00f6glichen technischen, Sicherheits- und Leistungsverbesserungen vor und beh\u00e4lt dabei so viel wie m\u00f6glich von den urspr\u00fcnglichen Designs bei. Ihre wundersch\u00f6n gestalteten Alsta-Uhren strahlen die gleiche Romantik und den gleichen Charme aus wie die Originale. Die Hauptunterschiede sind; moderne Materialien und Technologien. Wie die Originale werden sie von einem hochwertigen Automatikwerk Seiko NH35A mit 24 Steinen angetrieben.<\/p>\n<p><strong>Uhrwerk:<\/strong> Automatisches Seiko NH35A 24 Juwelen.<br \/>\n<strong>Geh\u00e4use:<\/strong> CuSn8-Bronze Geh\u00e4use mit 40 mm Durchmesser, 51,3 mm von Bandansto\u00df zu Bandansto\u00df, PVD-beschichteter Stahl, einseitig drehbare L\u00fcnette<br \/>\n<strong>Wasserdichtigkeit:<\/strong> 30 atm \/ 300 Meter<br \/>\n<strong>Armband:<\/strong> Alsta \u201eValencia\u201c Armband mit Sicherheitsfaltschlie\u00dfe. 20 mm am Ende verj\u00fcngend auf 17,7 mm<\/p>\n","protected":false},"featured_media":359036,"comment_status":"open","ping_status":"closed","template":"","meta":[],"product_cat":[3848,37],"product_tag":[],"yoast_head":"<!-- This site is optimized with the Yoast SEO plugin v21.9 - https:\/\/yoast.com\/wordpress\/plugins\/seo\/ -->\n<title>Alsta - Nautoscaph - Bronze Silver - WATCHBANDIT<\/title>\n<meta name=\"description\" content=\"Alsta Uhren bei WatchBandit kaufen \u2713 Autorisierter H\u00e4ndler \u2713 Trusted Shops \u2713 kostenlose &amp; schnelle Lieferung \u2713Uhrenbegeistert seit Seit 2014 \u2713\" \/>\n<meta name=\"robots\" content=\"noindex, follow, max-snippet:-1, max-image-preview:large, max-video-preview:-1\" \/>\n<meta property=\"og:locale\" content=\"de_DE\" \/>\n<meta property=\"og:type\" content=\"article\" \/>\n<meta property=\"og:title\" content=\"Alsta - Nautoscaph - Bronze Silver - WATCHBANDIT\" \/>\n<meta property=\"og:description\" content=\"Alsta Uhren bei WatchBandit kaufen \u2713 Autorisierter H\u00e4ndler \u2713 Trusted Shops \u2713 kostenlose &amp; schnelle Lieferung \u2713Uhrenbegeistert seit Seit 2014 \u2713\" \/>\n<meta property=\"og:url\" content=\"https:\/\/watch-bandit.com\/de\/produkt\/alsta-nautoscaph-bronze-silver\/\" \/>\n<meta property=\"og:site_name\" content=\"WATCHBANDIT\" \/>\n<meta property=\"article:modified_time\" content=\"2025-10-10T10:30:59+00:00\" \/>\n<meta property=\"og:image\" content=\"https:\/\/watch-bandit.com\/wp-content\/uploads\/2025\/10\/Alsta-Nautoscaph-Bronze-Silver.jpg\" \/>\n\t<meta property=\"og:image:width\" content=\"2361\" \/>\n\t<meta property=\"og:image:height\" content=\"2361\" \/>\n\t<meta property=\"og:image:type\" content=\"image\/jpeg\" \/>\n<meta name=\"twitter:label1\" content=\"Gesch\u00e4tzte Lesezeit\" \/>\n\t<meta name=\"twitter:data1\" content=\"2 Minuten\" \/>\n<script type=\"application\/ld+json\" class=\"yoast-schema-graph\">{\"@context\":\"https:\/\/schema.org\",\"@graph\":[{\"@type\":\"WebPage\",\"@id\":\"https:\/\/watch-bandit.com\/de\/produkt\/alsta-nautoscaph-bronze-silver\/\",\"url\":\"https:\/\/watch-bandit.com\/de\/produkt\/alsta-nautoscaph-bronze-silver\/\",\"name\":\"Alsta - Nautoscaph - Bronze Silver - WATCHBANDIT\",\"isPartOf\":{\"@id\":\"https:\/\/watch-bandit.com\/#website\"},\"datePublished\":\"2025-10-08T08:55:17+00:00\",\"dateModified\":\"2025-10-10T10:30:59+00:00\",\"description\":\"Alsta Uhren bei WatchBandit kaufen \u2713 Autorisierter H\u00e4ndler \u2713 Trusted Shops \u2713 kostenlose & schnelle Lieferung \u2713Uhrenbegeistert seit Seit 2014 \u2713\",\"breadcrumb\":{\"@id\":\"https:\/\/watch-bandit.com\/de\/produkt\/alsta-nautoscaph-bronze-silver\/#breadcrumb\"},\"inLanguage\":\"de-DE\",\"potentialAction\":[{\"@type\":\"ReadAction\",\"target\":[\"https:\/\/watch-bandit.com\/de\/produkt\/alsta-nautoscaph-bronze-silver\/\"]}]},{\"@type\":\"BreadcrumbList\",\"@id\":\"https:\/\/watch-bandit.com\/de\/produkt\/alsta-nautoscaph-bronze-silver\/#breadcrumb\",\"itemListElement\":[{\"@type\":\"ListItem\",\"position\":1,\"name\":\"Home\",\"item\":\"https:\/\/watchbandit.de\/\"},{\"@type\":\"ListItem\",\"position\":2,\"name\":\"Shop\",\"item\":\"https:\/\/watchbandit.de\/shop\/\"},{\"@type\":\"ListItem\",\"position\":3,\"name\":\"Watches\",\"item\":\"https:\/\/watch-bandit.com\/products\/watches\/\"},{\"@type\":\"ListItem\",\"position\":4,\"name\":\"Alsta\",\"item\":\"https:\/\/watch-bandit.com\/de\/produkte\/uhren\/alsta-de\/\"},{\"@type\":\"ListItem\",\"position\":5,\"name\":\"Alsta &#8211; Nautoscaph &#8211; Bronze Silver\"}]},{\"@type\":\"WebSite\",\"@id\":\"https:\/\/watch-bandit.com\/#website\",\"url\":\"https:\/\/watch-bandit.com\/\",\"name\":\"WATCHBANDIT\",\"description\":\"Contemporary Wrist Accessories\",\"publisher\":{\"@id\":\"https:\/\/watch-bandit.com\/#organization\"},\"potentialAction\":[{\"@type\":\"SearchAction\",\"target\":{\"@type\":\"EntryPoint\",\"urlTemplate\":\"https:\/\/watch-bandit.com\/?s={search_term_string}\"},\"query-input\":\"required name=search_term_string\"}],\"inLanguage\":\"de-DE\"},{\"@type\":\"Organization\",\"@id\":\"https:\/\/watch-bandit.com\/#organization\",\"name\":\"WatchBandit\",\"url\":\"https:\/\/watch-bandit.com\/\",\"logo\":{\"@type\":\"ImageObject\",\"inLanguage\":\"de-DE\",\"@id\":\"https:\/\/watch-bandit.com\/#\/schema\/logo\/image\/\",\"url\":\"https:\/\/watchbandit.de\/wp-content\/uploads\/2017\/11\/WB_Logo_557x124.png\",\"contentUrl\":\"https:\/\/watchbandit.de\/wp-content\/uploads\/2017\/11\/WB_Logo_557x124.png\",\"width\":557,\"height\":124,\"caption\":\"WatchBandit\"},\"image\":{\"@id\":\"https:\/\/watch-bandit.com\/#\/schema\/logo\/image\/\"}}]}<\/script>\n<!-- \/ Yoast SEO plugin. -->","yoast_head_json":{"title":"Alsta - Nautoscaph - Bronze Silver - WATCHBANDIT","description":"Alsta Uhren bei WatchBandit kaufen \u2713 Autorisierter H\u00e4ndler \u2713 Trusted Shops \u2713 kostenlose & schnelle Lieferung \u2713Uhrenbegeistert seit Seit 2014 \u2713","robots":{"index":"noindex","follow":"follow","max-snippet":"max-snippet:-1","max-image-preview":"max-image-preview:large","max-video-preview":"max-video-preview:-1"},"og_locale":"de_DE","og_type":"article","og_title":"Alsta - Nautoscaph - Bronze Silver - WATCHBANDIT","og_description":"Alsta Uhren bei WatchBandit kaufen \u2713 Autorisierter H\u00e4ndler \u2713 Trusted Shops \u2713 kostenlose & schnelle Lieferung \u2713Uhrenbegeistert seit Seit 2014 \u2713","og_url":"https:\/\/watch-bandit.com\/de\/produkt\/alsta-nautoscaph-bronze-silver\/","og_site_name":"WATCHBANDIT","article_modified_time":"2025-10-10T10:30:59+00:00","og_image":[{"width":2361,"height":2361,"url":"https:\/\/watch-bandit.com\/wp-content\/uploads\/2025\/10\/Alsta-Nautoscaph-Bronze-Silver.jpg","type":"image\/jpeg"}],"twitter_misc":{"Gesch\u00e4tzte Lesezeit":"2 Minuten"},"schema":{"@context":"https:\/\/schema.org","@graph":[{"@type":"WebPage","@id":"https:\/\/watch-bandit.com\/de\/produkt\/alsta-nautoscaph-bronze-silver\/","url":"https:\/\/watch-bandit.com\/de\/produkt\/alsta-nautoscaph-bronze-silver\/","name":"Alsta - Nautoscaph - Bronze Silver - WATCHBANDIT","isPartOf":{"@id":"https:\/\/watch-bandit.com\/#website"},"datePublished":"2025-10-08T08:55:17+00:00","dateModified":"2025-10-10T10:30:59+00:00","description":"Alsta Uhren bei WatchBandit kaufen \u2713 Autorisierter H\u00e4ndler \u2713 Trusted Shops \u2713 kostenlose & schnelle Lieferung \u2713Uhrenbegeistert seit Seit 2014 \u2713","breadcrumb":{"@id":"https:\/\/watch-bandit.com\/de\/produkt\/alsta-nautoscaph-bronze-silver\/#breadcrumb"},"inLanguage":"de-DE","potentialAction":[{"@type":"ReadAction","target":["https:\/\/watch-bandit.com\/de\/produkt\/alsta-nautoscaph-bronze-silver\/"]}]},{"@type":"BreadcrumbList","@id":"https:\/\/watch-bandit.com\/de\/produkt\/alsta-nautoscaph-bronze-silver\/#breadcrumb","itemListElement":[{"@type":"ListItem","position":1,"name":"Home","item":"https:\/\/watchbandit.de\/"},{"@type":"ListItem","position":2,"name":"Shop","item":"https:\/\/watchbandit.de\/shop\/"},{"@type":"ListItem","position":3,"name":"Watches","item":"https:\/\/watch-bandit.com\/products\/watches\/"},{"@type":"ListItem","position":4,"name":"Alsta","item":"https:\/\/watch-bandit.com\/de\/produkte\/uhren\/alsta-de\/"},{"@type":"ListItem","position":5,"name":"Alsta &#8211; Nautoscaph &#8211; Bronze Silver"}]},{"@type":"WebSite","@id":"https:\/\/watch-bandit.com\/#website","url":"https:\/\/watch-bandit.com\/","name":"WATCHBANDIT","description":"Contemporary Wrist Accessories","publisher":{"@id":"https:\/\/watch-bandit.com\/#organization"},"potentialAction":[{"@type":"SearchAction","target":{"@type":"EntryPoint","urlTemplate":"https:\/\/watch-bandit.com\/?s={search_term_string}"},"query-input":"required name=search_term_string"}],"inLanguage":"de-DE"},{"@type":"Organization","@id":"https:\/\/watch-bandit.com\/#organization","name":"WatchBandit","url":"https:\/\/watch-bandit.com\/","logo":{"@type":"ImageObject","inLanguage":"de-DE","@id":"https:\/\/watch-bandit.com\/#\/schema\/logo\/image\/","url":"https:\/\/watchbandit.de\/wp-content\/uploads\/2017\/11\/WB_Logo_557x124.png","contentUrl":"https:\/\/watchbandit.de\/wp-content\/uploads\/2017\/11\/WB_Logo_557x124.png","width":557,"height":124,"caption":"WatchBandit"},"image":{"@id":"https:\/\/watch-bandit.com\/#\/schema\/logo\/image\/"}}]}},"_links":{"self":[{"href":"https:\/\/watch-bandit.com\/de\/wp-json\/wp\/v2\/product\/358892"}],"collection":[{"href":"https:\/\/watch-bandit.com\/de\/wp-json\/wp\/v2\/product"}],"about":[{"href":"https:\/\/watch-bandit.com\/de\/wp-json\/wp\/v2\/types\/product"}],"replies":[{"embeddable":true,"href":"https:\/\/watch-bandit.com\/de\/wp-json\/wp\/v2\/comments?post=358892"}],"wp:featuredmedia":[{"embeddable":true,"href":"https:\/\/watch-bandit.com\/de\/wp-json\/wp\/v2\/media\/359036"}],"wp:attachment":[{"href":"https:\/\/watch-bandit.com\/de\/wp-json\/wp\/v2\/media?parent=358892"}],"wp:term":[{"taxonomy":"product_cat","embeddable":true,"href":"https:\/\/watch-bandit.com\/de\/wp-json\/wp\/v2\/product_cat?post=358892"},{"taxonomy":"product_tag","embeddable":true,"href":"https:\/\/watch-bandit.com\/de\/wp-json\/wp\/v2\/product_tag?post=358892"}],"curies":[{"name":"wp","href":"https:\/\/api.w.org\/{rel}","templated":true}]}}