{"id":359482,"date":"2025-10-18T20:49:26","date_gmt":"2025-10-18T18:49:27","guid":{"rendered":"https:\/\/watchbandit.com\/?post_type=product&#038;p=359482"},"modified":"2025-10-20T12:55:17","modified_gmt":"2025-10-20T10:55:17","slug":"squale-matic-s-orange-maticbkobk-mror-mosaik-kautschukarmband","status":"publish","type":"product","link":"https:\/\/watch-bandit.com\/de\/produkt\/squale-matic-s-orange-maticbkobk-mror-mosaik-kautschukarmband\/","title":{"rendered":"Squale &#8211; Matic S Orange &#8211; MATICBKOBK.MROR &#8211; Mosaik-Kautschukarmband"},"content":{"rendered":"<h4>PHILOSOPHIE<\/h4>\n<p>Integrit\u00e4t, Professionalit\u00e4t, Erfahrung und Leidenschaft. Einzigartige, unnachahmliche Uhren, elegantes, minimalistisches Design und High-Tech-Materialien sind nicht genug &#8230; das Geheimnis von Squale Uhren liegt darin, wie sie entworfen und konstruiert werden: Squale Uhren sind Freunde des Meeres. Immun gegen sind sie immer zuverl\u00e4ssig und treue Begleiter f\u00fcr anspruchsvolle Taucher.<\/p>\n<h4>GESCHICHTE<\/h4>\n<p>Die gro\u00dfe Schweizer Tradition der Pr\u00e4zisionsuhrmacherei, verbunden mit der Liebe zum Meer und zum Tauchen, waren die beiden Faktoren, die C. Von B\u00fcren dazu veranlassten, sich ausschlie\u00dflich auf den Bau professioneller Taucheruhren aus den fr\u00fchen 50er Jahren zu konzentrieren. Anf\u00e4nglich erschien die Marke &#8220;Squale&#8221; auf den Koffern von Schweizer Uhren verschiedener Marken, als Zeichen der guten Herstellung und eines Qualit\u00e4tszeichens. In den 1960er Jahren begann Von B\u00fcren Uhren zu produzieren, die auch die Squale-Markierung auf ihren Zifferbl\u00e4ttern aufwiesen. Damit begann die Institutions- und Handelsgeschichte der Marke. Die ersten sportlichen Erfolge, wie der 1968 in Kuba gewonnene Welttauchtitel, waren mit den Namen von Produkten verbunden, die so legend\u00e4r waren wie die Medium Master 50 atm. In den 70er Jahren entstand die erste &#8220;1000 Meter&#8221; Uhr mit Glas auf flexibler Montage und aufklappbarer L\u00fcnette, die sich in beide Richtungen drehen lie\u00df. Squale produzierte weitherin f\u00fcr andere Marken und begann, das Elitekorps einer gro\u00dfen Anzahl von Streitkr\u00e4ften zu beliefern, einschlie\u00dflich der Fallschirmspringer der italienischen Folgore-Brigade und der Tauchkompanie der italienischen Marine. All dies hat Squale zu einem Synonym f\u00fcr Qualit\u00e4t und international zur Referenzmarke f\u00fcr Taucheruhren gemacht, ein Status, den Squale seit mehreren Jahrzehnten genie\u00dft.<\/p>\n<h4>WIE SQUALE GEBAUT WIRD<\/h4>\n<p>Die gro\u00dfe Schweizer Tradition der Feinuhrmacherei, gepaart mit Solidit\u00e4t und Langlebigkeit: Wie es die Tradition verlangt, besteht das Geh\u00e4use komplett aus Schweizer 316L-Stahl. Die Komponenten sind ebenfalls alle Schweizer: Wickler, Wickler und Dichtungen. Dies sind wesentliche Teile einer Uhr, die hohen Dr\u00fccken und Salzwasser standhalten muss. Die Uhren werden sorgf\u00e4ltig von Uhrmachermeistern montiert, wobei gr\u00f6\u00dfte Sorgfalt auf die Montage der Dichtungen und auf die Dichtheit des Geh\u00e4uses gelegt wird. Dies unterliegt strengen Kontrollen hinsichtlich Wasserbest\u00e4ndigkeit und Genauigkeit der Zeitmessung. Qualit\u00e4tspr\u00fcfungen werden an jeder einzelnen Uhr und nicht auf Stichprobenbasis durchgef\u00fchrt. Nicht zuletzt wird die Zuverl\u00e4ssigkeit des Uhrwerks durch die Tatsache best\u00e4tigt, dass Squale seit jeher ein direkter Kunde der ETA-Fabrik in Grenchen ist und garantiert, dass alle Bewegungen von h\u00f6chster Qualit\u00e4t sind.<\/p>\n","protected":false},"excerpt":{"rendered":"<p>Die neue Squale Matic S f\u00fchrt das Erbe der legend\u00e4ren Matic-Taucheruhr in einem kompakteren und tragbareren Format fort. Konzipiert f\u00fcr professionelles Tauchen und dennoch perfekt f\u00fcr den Alltag, vereint sie St\u00e4rke, Pr\u00e4zision und Eleganz in perfekter Balance. Mit ihrem auf 37,8 mm verkleinerten Geh\u00e4use erh\u00e4lt die Matic S dank der neu positionierten Krone bei 3 Uhr eine frische Symmetrie, w\u00e4hrend ihr schlankeres Profil und das etwas niedriger gew\u00f6lbte Saphirglas Komfort und Tragekomfort verbessern.<\/p>\n<p>Fein geb\u00fcrstete Oberfl\u00e4chen und polierte Facetten unterstreichen die Handwerkskunst hinter jedem Detail und fangen das Licht wundersch\u00f6n ein, ohne ihren robusten Charakter zu verlieren. Das Zifferblatt pr\u00e4sentiert das neue Matic-S-Logo, aktualisierte Stundenmarkierungen und orangefarbene Akzente entlang des Rehauts \u2013 Elemente, die die moderne Weiterentwicklung unterstreichen und gleichzeitig die Squale-Design-DNA w\u00fcrdigen. Die Uhr wird mit einem Kautschukarmband im Tropic-Stil mit innovativer Mosaikstruktur geliefert, das sowohl Haltbarkeit als auch Eleganz f\u00fcr das Leben \u00fcber und unter Wasser bietet.<\/p>\n<p><strong>Uhrwerk<\/strong>: Schweizer Sellita SW200-1 Automatik (Elabor\u00e9)<br \/>\n<strong>Geh\u00e4use<\/strong>: Edelstahl 316L, 37,8 mm Durchmesser, 12,6 mm H\u00f6he, 47 mm Bandansto\u00df<br \/>\n<strong>Wasserdichtigkeit<\/strong>: 60 ATM \/ 600 Meter<br \/>\n<strong>Armband<\/strong>: Kautschukarmband<\/p>\n","protected":false},"featured_media":359526,"comment_status":"open","ping_status":"closed","template":"","meta":[],"product_cat":[3097,4737,37],"product_tag":[],"yoast_head":"<!-- This site is optimized with the Yoast SEO plugin v21.9 - https:\/\/yoast.com\/wordpress\/plugins\/seo\/ -->\n<title>Squale - Matic S Orange - MATICBKOBK.MROR - Mosaik-Kautschukarmband - WATCHBANDIT<\/title>\n<meta name=\"description\" content=\"Squale Matic 60 ATM bei Watchbandit kaufen\ud83c\udde8\ud83c\udded Swiss-Made\ud83c\udde8\ud83c\udded TrustedShops zertifiziert \u2705 Kostenlose &amp; Schnelle Lieferung \u2705 Seit 2014 \u2705\" \/>\n<meta name=\"robots\" content=\"noindex, follow, max-snippet:-1, max-image-preview:large, max-video-preview:-1\" \/>\n<meta property=\"og:locale\" content=\"de_DE\" \/>\n<meta property=\"og:type\" content=\"article\" \/>\n<meta property=\"og:title\" content=\"Squale - Matic S Orange - MATICBKOBK.MROR - Mosaik-Kautschukarmband - WATCHBANDIT\" \/>\n<meta property=\"og:description\" content=\"Squale Matic 60 ATM bei Watchbandit kaufen\ud83c\udde8\ud83c\udded Swiss-Made\ud83c\udde8\ud83c\udded TrustedShops zertifiziert \u2705 Kostenlose &amp; Schnelle Lieferung \u2705 Seit 2014 \u2705\" \/>\n<meta property=\"og:url\" content=\"https:\/\/watch-bandit.com\/de\/produkt\/squale-matic-s-orange-maticbkobk-mror-mosaik-kautschukarmband\/\" \/>\n<meta property=\"og:site_name\" content=\"WATCHBANDIT\" \/>\n<meta property=\"article:modified_time\" content=\"2025-10-20T10:55:17+00:00\" \/>\n<meta property=\"og:image\" content=\"https:\/\/watch-bandit.com\/wp-content\/uploads\/2025\/10\/Squale-Matic-S-Orange-MATICBKOBK.MROR-Mosaic-Rubber-Strap.webp\" \/>\n\t<meta property=\"og:image:width\" content=\"1400\" \/>\n\t<meta property=\"og:image:height\" content=\"1700\" \/>\n\t<meta property=\"og:image:type\" content=\"image\/webp\" \/>\n<meta name=\"twitter:label1\" content=\"Gesch\u00e4tzte Lesezeit\" \/>\n\t<meta name=\"twitter:data1\" content=\"2 Minuten\" \/>\n<script type=\"application\/ld+json\" class=\"yoast-schema-graph\">{\"@context\":\"https:\/\/schema.org\",\"@graph\":[{\"@type\":\"WebPage\",\"@id\":\"https:\/\/watch-bandit.com\/de\/produkt\/squale-matic-s-orange-maticbkobk-mror-mosaik-kautschukarmband\/\",\"url\":\"https:\/\/watch-bandit.com\/de\/produkt\/squale-matic-s-orange-maticbkobk-mror-mosaik-kautschukarmband\/\",\"name\":\"Squale - Matic S Orange - MATICBKOBK.MROR - Mosaik-Kautschukarmband - WATCHBANDIT\",\"isPartOf\":{\"@id\":\"https:\/\/watch-bandit.com\/#website\"},\"datePublished\":\"2025-10-18T18:49:27+00:00\",\"dateModified\":\"2025-10-20T10:55:17+00:00\",\"description\":\"Squale Matic 60 ATM bei Watchbandit kaufen\ud83c\udde8\ud83c\udded Swiss-Made\ud83c\udde8\ud83c\udded TrustedShops zertifiziert \u2705 Kostenlose & Schnelle Lieferung \u2705 Seit 2014 \u2705\",\"breadcrumb\":{\"@id\":\"https:\/\/watch-bandit.com\/de\/produkt\/squale-matic-s-orange-maticbkobk-mror-mosaik-kautschukarmband\/#breadcrumb\"},\"inLanguage\":\"de-DE\",\"potentialAction\":[{\"@type\":\"ReadAction\",\"target\":[\"https:\/\/watch-bandit.com\/de\/produkt\/squale-matic-s-orange-maticbkobk-mror-mosaik-kautschukarmband\/\"]}]},{\"@type\":\"BreadcrumbList\",\"@id\":\"https:\/\/watch-bandit.com\/de\/produkt\/squale-matic-s-orange-maticbkobk-mror-mosaik-kautschukarmband\/#breadcrumb\",\"itemListElement\":[{\"@type\":\"ListItem\",\"position\":1,\"name\":\"Home\",\"item\":\"https:\/\/watchbandit.de\/\"},{\"@type\":\"ListItem\",\"position\":2,\"name\":\"Shop\",\"item\":\"https:\/\/watchbandit.de\/shop\/\"},{\"@type\":\"ListItem\",\"position\":3,\"name\":\"Watches\",\"item\":\"https:\/\/watch-bandit.com\/products\/watches\/\"},{\"@type\":\"ListItem\",\"position\":4,\"name\":\"Squale\",\"item\":\"https:\/\/watch-bandit.com\/products\/watches\/squale\/\"},{\"@type\":\"ListItem\",\"position\":5,\"name\":\"Squale Matic S\",\"item\":\"https:\/\/watch-bandit.com\/products\/watches\/squale\/squale-matic-s\/\"},{\"@type\":\"ListItem\",\"position\":6,\"name\":\"Squale &#8211; Matic S Orange &#8211; MATICBKOBK.MROR &#8211; Mosaik-Kautschukarmband\"}]},{\"@type\":\"WebSite\",\"@id\":\"https:\/\/watch-bandit.com\/#website\",\"url\":\"https:\/\/watch-bandit.com\/\",\"name\":\"WATCHBANDIT\",\"description\":\"Contemporary Wrist Accessories\",\"publisher\":{\"@id\":\"https:\/\/watch-bandit.com\/#organization\"},\"potentialAction\":[{\"@type\":\"SearchAction\",\"target\":{\"@type\":\"EntryPoint\",\"urlTemplate\":\"https:\/\/watch-bandit.com\/?s={search_term_string}\"},\"query-input\":\"required name=search_term_string\"}],\"inLanguage\":\"de-DE\"},{\"@type\":\"Organization\",\"@id\":\"https:\/\/watch-bandit.com\/#organization\",\"name\":\"WatchBandit\",\"url\":\"https:\/\/watch-bandit.com\/\",\"logo\":{\"@type\":\"ImageObject\",\"inLanguage\":\"de-DE\",\"@id\":\"https:\/\/watch-bandit.com\/#\/schema\/logo\/image\/\",\"url\":\"https:\/\/watchbandit.de\/wp-content\/uploads\/2017\/11\/WB_Logo_557x124.png\",\"contentUrl\":\"https:\/\/watchbandit.de\/wp-content\/uploads\/2017\/11\/WB_Logo_557x124.png\",\"width\":557,\"height\":124,\"caption\":\"WatchBandit\"},\"image\":{\"@id\":\"https:\/\/watch-bandit.com\/#\/schema\/logo\/image\/\"}}]}<\/script>\n<!-- \/ Yoast SEO plugin. -->","yoast_head_json":{"title":"Squale - Matic S Orange - MATICBKOBK.MROR - Mosaik-Kautschukarmband - WATCHBANDIT","description":"Squale Matic 60 ATM bei Watchbandit kaufen\ud83c\udde8\ud83c\udded Swiss-Made\ud83c\udde8\ud83c\udded TrustedShops zertifiziert \u2705 Kostenlose & Schnelle Lieferung \u2705 Seit 2014 \u2705","robots":{"index":"noindex","follow":"follow","max-snippet":"max-snippet:-1","max-image-preview":"max-image-preview:large","max-video-preview":"max-video-preview:-1"},"og_locale":"de_DE","og_type":"article","og_title":"Squale - Matic S Orange - MATICBKOBK.MROR - Mosaik-Kautschukarmband - WATCHBANDIT","og_description":"Squale Matic 60 ATM bei Watchbandit kaufen\ud83c\udde8\ud83c\udded Swiss-Made\ud83c\udde8\ud83c\udded TrustedShops zertifiziert \u2705 Kostenlose & Schnelle Lieferung \u2705 Seit 2014 \u2705","og_url":"https:\/\/watch-bandit.com\/de\/produkt\/squale-matic-s-orange-maticbkobk-mror-mosaik-kautschukarmband\/","og_site_name":"WATCHBANDIT","article_modified_time":"2025-10-20T10:55:17+00:00","og_image":[{"width":1400,"height":1700,"url":"https:\/\/watch-bandit.com\/wp-content\/uploads\/2025\/10\/Squale-Matic-S-Orange-MATICBKOBK.MROR-Mosaic-Rubber-Strap.webp","type":"image\/webp"}],"twitter_misc":{"Gesch\u00e4tzte Lesezeit":"2 Minuten"},"schema":{"@context":"https:\/\/schema.org","@graph":[{"@type":"WebPage","@id":"https:\/\/watch-bandit.com\/de\/produkt\/squale-matic-s-orange-maticbkobk-mror-mosaik-kautschukarmband\/","url":"https:\/\/watch-bandit.com\/de\/produkt\/squale-matic-s-orange-maticbkobk-mror-mosaik-kautschukarmband\/","name":"Squale - Matic S Orange - MATICBKOBK.MROR - Mosaik-Kautschukarmband - WATCHBANDIT","isPartOf":{"@id":"https:\/\/watch-bandit.com\/#website"},"datePublished":"2025-10-18T18:49:27+00:00","dateModified":"2025-10-20T10:55:17+00:00","description":"Squale Matic 60 ATM bei Watchbandit kaufen\ud83c\udde8\ud83c\udded Swiss-Made\ud83c\udde8\ud83c\udded TrustedShops zertifiziert \u2705 Kostenlose & Schnelle Lieferung \u2705 Seit 2014 \u2705","breadcrumb":{"@id":"https:\/\/watch-bandit.com\/de\/produkt\/squale-matic-s-orange-maticbkobk-mror-mosaik-kautschukarmband\/#breadcrumb"},"inLanguage":"de-DE","potentialAction":[{"@type":"ReadAction","target":["https:\/\/watch-bandit.com\/de\/produkt\/squale-matic-s-orange-maticbkobk-mror-mosaik-kautschukarmband\/"]}]},{"@type":"BreadcrumbList","@id":"https:\/\/watch-bandit.com\/de\/produkt\/squale-matic-s-orange-maticbkobk-mror-mosaik-kautschukarmband\/#breadcrumb","itemListElement":[{"@type":"ListItem","position":1,"name":"Home","item":"https:\/\/watchbandit.de\/"},{"@type":"ListItem","position":2,"name":"Shop","item":"https:\/\/watchbandit.de\/shop\/"},{"@type":"ListItem","position":3,"name":"Watches","item":"https:\/\/watch-bandit.com\/products\/watches\/"},{"@type":"ListItem","position":4,"name":"Squale","item":"https:\/\/watch-bandit.com\/products\/watches\/squale\/"},{"@type":"ListItem","position":5,"name":"Squale Matic S","item":"https:\/\/watch-bandit.com\/products\/watches\/squale\/squale-matic-s\/"},{"@type":"ListItem","position":6,"name":"Squale &#8211; Matic S Orange &#8211; MATICBKOBK.MROR &#8211; Mosaik-Kautschukarmband"}]},{"@type":"WebSite","@id":"https:\/\/watch-bandit.com\/#website","url":"https:\/\/watch-bandit.com\/","name":"WATCHBANDIT","description":"Contemporary Wrist Accessories","publisher":{"@id":"https:\/\/watch-bandit.com\/#organization"},"potentialAction":[{"@type":"SearchAction","target":{"@type":"EntryPoint","urlTemplate":"https:\/\/watch-bandit.com\/?s={search_term_string}"},"query-input":"required name=search_term_string"}],"inLanguage":"de-DE"},{"@type":"Organization","@id":"https:\/\/watch-bandit.com\/#organization","name":"WatchBandit","url":"https:\/\/watch-bandit.com\/","logo":{"@type":"ImageObject","inLanguage":"de-DE","@id":"https:\/\/watch-bandit.com\/#\/schema\/logo\/image\/","url":"https:\/\/watchbandit.de\/wp-content\/uploads\/2017\/11\/WB_Logo_557x124.png","contentUrl":"https:\/\/watchbandit.de\/wp-content\/uploads\/2017\/11\/WB_Logo_557x124.png","width":557,"height":124,"caption":"WatchBandit"},"image":{"@id":"https:\/\/watch-bandit.com\/#\/schema\/logo\/image\/"}}]}},"_links":{"self":[{"href":"https:\/\/watch-bandit.com\/de\/wp-json\/wp\/v2\/product\/359482"}],"collection":[{"href":"https:\/\/watch-bandit.com\/de\/wp-json\/wp\/v2\/product"}],"about":[{"href":"https:\/\/watch-bandit.com\/de\/wp-json\/wp\/v2\/types\/product"}],"replies":[{"embeddable":true,"href":"https:\/\/watch-bandit.com\/de\/wp-json\/wp\/v2\/comments?post=359482"}],"wp:featuredmedia":[{"embeddable":true,"href":"https:\/\/watch-bandit.com\/de\/wp-json\/wp\/v2\/media\/359526"}],"wp:attachment":[{"href":"https:\/\/watch-bandit.com\/de\/wp-json\/wp\/v2\/media?parent=359482"}],"wp:term":[{"taxonomy":"product_cat","embeddable":true,"href":"https:\/\/watch-bandit.com\/de\/wp-json\/wp\/v2\/product_cat?post=359482"},{"taxonomy":"product_tag","embeddable":true,"href":"https:\/\/watch-bandit.com\/de\/wp-json\/wp\/v2\/product_tag?post=359482"}],"curies":[{"name":"wp","href":"https:\/\/api.w.org\/{rel}","templated":true}]}}