{"id":359562,"date":"2025-10-20T12:41:57","date_gmt":"2025-10-20T10:41:57","guid":{"rendered":"https:\/\/watchbandit.com\/?post_type=product&#038;p=359562"},"modified":"2025-10-31T19:54:00","modified_gmt":"2025-10-31T18:54:00","slug":"audaz-marine-master-adz-3000-02","status":"publish","type":"product","link":"https:\/\/watch-bandit.com\/de\/produkt\/audaz-marine-master-adz-3000-02\/","title":{"rendered":"Audaz &#8211; Marine Master &#8211; ADZ-3000-02"},"content":{"rendered":"<h1>Audaz Uhren<\/h1>\n<p>Audaz Uhren zeichnen sich durch ihr markantes Design aus und bieten professionelle Tauchleistung mit markantem Stil. Gefertigt aus 316L Edelstahl und gesch\u00fctzt durch Saphirglas, vereint jedes Modell robuste Haltbarkeit mit raffinierten Details. Mit Schweizer Super-LumiNova, zuverl\u00e4ssigen Automatikwerken und einer Wasserdichtigkeit bis 1000 m sind Audaz Uhren f\u00fcr alle gemacht, die mutig leben \u2013 ob an Land, auf See oder unter Wasser.<\/p>\n","protected":false},"excerpt":{"rendered":"<p>Die Marine Master Dive Watch unterscheidet sich deutlich von unseren anderen Kreationen und ist ein weiteres mutiges Design mit soliden Spezifikationen und lebendigen Farben, das die Taucheruhren-Community auf der ganzen Welt anspricht. Das Marine Master 300 m besteht aus einem massiven Block aus 316L-Edelstahlgeh\u00e4use mit satinierter B\u00fcrstenoberfl\u00e4che. Ausgestattet mit kratzfestem Saphirglas mit Antireflexbeschichtung auf der Innenseite, verschraubtem Geh\u00e4useboden, verschraubter Krone und Helium-Auslassventiltechnologie f\u00fcr verbesserte Sicherheit der Uhr beim S\u00e4ttigungstauchen. Das robuste Geh\u00e4use wird durch ein hochbelastbares Edelstahl-Mesh-Armband erg\u00e4nzt, das sich einfach am Handgelenk anpassen l\u00e4sst. F\u00fcr einen vielseitigeren Look am Wochenende k\u00f6nnen Sie das Stahlarmband gegen ein praktisches Silikonarmband austauschen, das im Lieferumfang der Uhr enthalten ist. Das unverwechselbare Aussehen der Uhr wird durch die ma\u00dfgeschneiderte, 12-seitig facettierte Polygonl\u00fcnette mit einem sanften Glanzfinish an den Kanten erzielt, das das geb\u00fcrstete Geh\u00e4use erg\u00e4nzt. Die L\u00fcnette ist mit einem hochwertigen Keramikeinsatz eingelegt, mit gravierten 60-Minuten-Markierungen versehen und mit Swiss SuperLuminova gef\u00fcllt, damit der Taucher die Zeit ablesen kann. Gut ablesbare, makellose Zifferbl\u00e4tter mit gro\u00dfen Indizes, Zeigern und herausragender Leuchtkraft sind ein wesentliches Merkmal all unserer Taucheruhren.<\/p>\n<p>Die Marine Master bildet hier keine Ausnahme. Die Zeiger und Indizes sind mit Swiss SuperLuminova gef\u00fcllt, um auch bei schwachem Licht eine gute Figur zu machen \u2013 unerl\u00e4sslich f\u00fcr alle Taucher, um ihre Zeit unter Wasser im Auge zu behalten. Jede Uhr von Audaz hat einen besonderen Geh\u00e4useboden, und die Marine Master besticht durch einen surreal gestalteten Geh\u00e4useboden mit gepr\u00e4gtem Buckelwal, der aus dem blauen Ozean auftaucht \u2013 ein absolut spektakul\u00e4rer Anblick. Die Taucheruhr Marine Master ist bis zu 300 m atmosph\u00e4rischem Druck wasserdicht und in sechs atemberaubenden Farbkombinationen erh\u00e4ltlich. Angetrieben wird die Marine Master von einem langlebigen 24-Juwelen-Automatikwerk NH35 TMI.<\/p>\n<p><strong>Uhrwerk<\/strong>: TMI NH35 \u2013 Automatikwerk<br \/>\n<strong>Geh\u00e4use<\/strong>: 44 mm Edelstahl 316L. Bandansto\u00dfl\u00e4nge: 53 mm. Dicke: 15 mm inkl. Glas und Geh\u00e4useboden, Saphirglas, einseitig drehbare L\u00fcnette mit blauer Keramikeinlage und Leuchtmarkierungen<br \/>\n<strong>Wasserdichtigkeit<\/strong>: 300 m \/ 900 ft \/ 30 ATM<br \/>\n<strong>Armband<\/strong>: Edelstahl-Mesh-Armband mit massiven Endgliedern und zus\u00e4tzlichem Silikonarmband<br \/>\n<strong>Uhrengewicht<\/strong>: 218 Gramm (mit allen Gliedern)<\/p>\n","protected":false},"featured_media":359564,"comment_status":"open","ping_status":"closed","template":"","meta":[],"product_cat":[4715,4740,37],"product_tag":[],"yoast_head":"<!-- This site is optimized with the Yoast SEO plugin v21.9 - https:\/\/yoast.com\/wordpress\/plugins\/seo\/ -->\n<title>Audaz - Marine Master - ADZ-3000-02 - WATCHBANDIT<\/title>\n<meta name=\"description\" content=\"Zelos Uhren bei WatchBandit kaufen \u2713 Trusted Shops Zertifiziert \u2713 Schweizer Automatik \u2713 Schnelle kostenlose Lieferung \u2713\" \/>\n<meta name=\"robots\" content=\"noindex, follow, max-snippet:-1, max-image-preview:large, max-video-preview:-1\" \/>\n<meta property=\"og:locale\" content=\"de_DE\" \/>\n<meta property=\"og:type\" content=\"article\" \/>\n<meta property=\"og:title\" content=\"Audaz - Marine Master - ADZ-3000-02 - WATCHBANDIT\" \/>\n<meta property=\"og:description\" content=\"Zelos Uhren bei WatchBandit kaufen \u2713 Trusted Shops Zertifiziert \u2713 Schweizer Automatik \u2713 Schnelle kostenlose Lieferung \u2713\" \/>\n<meta property=\"og:url\" content=\"https:\/\/watch-bandit.com\/de\/produkt\/audaz-marine-master-adz-3000-02\/\" \/>\n<meta property=\"og:site_name\" content=\"WATCHBANDIT\" \/>\n<meta property=\"article:modified_time\" content=\"2025-10-31T18:54:00+00:00\" \/>\n<meta property=\"og:image\" content=\"https:\/\/watch-bandit.com\/wp-content\/uploads\/2025\/10\/Audaz-Marine-Master-ADZ-3000-02-scaled.webp\" \/>\n\t<meta property=\"og:image:width\" content=\"2560\" \/>\n\t<meta property=\"og:image:height\" content=\"2560\" \/>\n\t<meta property=\"og:image:type\" content=\"image\/webp\" \/>\n<meta name=\"twitter:label1\" content=\"Gesch\u00e4tzte Lesezeit\" \/>\n\t<meta name=\"twitter:data1\" content=\"1 Minute\" \/>\n<script type=\"application\/ld+json\" class=\"yoast-schema-graph\">{\"@context\":\"https:\/\/schema.org\",\"@graph\":[{\"@type\":\"WebPage\",\"@id\":\"https:\/\/watch-bandit.com\/de\/produkt\/audaz-marine-master-adz-3000-02\/\",\"url\":\"https:\/\/watch-bandit.com\/de\/produkt\/audaz-marine-master-adz-3000-02\/\",\"name\":\"Audaz - Marine Master - ADZ-3000-02 - WATCHBANDIT\",\"isPartOf\":{\"@id\":\"https:\/\/watch-bandit.com\/#website\"},\"datePublished\":\"2025-10-20T10:41:57+00:00\",\"dateModified\":\"2025-10-31T18:54:00+00:00\",\"description\":\"Zelos Uhren bei WatchBandit kaufen \u2713 Trusted Shops Zertifiziert \u2713 Schweizer Automatik \u2713 Schnelle kostenlose Lieferung \u2713\",\"breadcrumb\":{\"@id\":\"https:\/\/watch-bandit.com\/de\/produkt\/audaz-marine-master-adz-3000-02\/#breadcrumb\"},\"inLanguage\":\"de-DE\",\"potentialAction\":[{\"@type\":\"ReadAction\",\"target\":[\"https:\/\/watch-bandit.com\/de\/produkt\/audaz-marine-master-adz-3000-02\/\"]}]},{\"@type\":\"BreadcrumbList\",\"@id\":\"https:\/\/watch-bandit.com\/de\/produkt\/audaz-marine-master-adz-3000-02\/#breadcrumb\",\"itemListElement\":[{\"@type\":\"ListItem\",\"position\":1,\"name\":\"Home\",\"item\":\"https:\/\/watchbandit.de\/\"},{\"@type\":\"ListItem\",\"position\":2,\"name\":\"Shop\",\"item\":\"https:\/\/watchbandit.de\/shop\/\"},{\"@type\":\"ListItem\",\"position\":3,\"name\":\"Watches\",\"item\":\"https:\/\/watch-bandit.com\/products\/watches\/\"},{\"@type\":\"ListItem\",\"position\":4,\"name\":\"Audaz\",\"item\":\"https:\/\/watch-bandit.com\/products\/watches\/audaz\/\"},{\"@type\":\"ListItem\",\"position\":5,\"name\":\"Audaz Marine Master\",\"item\":\"https:\/\/watch-bandit.com\/products\/watches\/audaz\/audaz-marine-master\/\"},{\"@type\":\"ListItem\",\"position\":6,\"name\":\"Audaz &#8211; Marine Master &#8211; ADZ-3000-02\"}]},{\"@type\":\"WebSite\",\"@id\":\"https:\/\/watch-bandit.com\/#website\",\"url\":\"https:\/\/watch-bandit.com\/\",\"name\":\"WATCHBANDIT\",\"description\":\"Contemporary Wrist Accessories\",\"publisher\":{\"@id\":\"https:\/\/watch-bandit.com\/#organization\"},\"potentialAction\":[{\"@type\":\"SearchAction\",\"target\":{\"@type\":\"EntryPoint\",\"urlTemplate\":\"https:\/\/watch-bandit.com\/?s={search_term_string}\"},\"query-input\":\"required name=search_term_string\"}],\"inLanguage\":\"de-DE\"},{\"@type\":\"Organization\",\"@id\":\"https:\/\/watch-bandit.com\/#organization\",\"name\":\"WatchBandit\",\"url\":\"https:\/\/watch-bandit.com\/\",\"logo\":{\"@type\":\"ImageObject\",\"inLanguage\":\"de-DE\",\"@id\":\"https:\/\/watch-bandit.com\/#\/schema\/logo\/image\/\",\"url\":\"https:\/\/watchbandit.de\/wp-content\/uploads\/2017\/11\/WB_Logo_557x124.png\",\"contentUrl\":\"https:\/\/watchbandit.de\/wp-content\/uploads\/2017\/11\/WB_Logo_557x124.png\",\"width\":557,\"height\":124,\"caption\":\"WatchBandit\"},\"image\":{\"@id\":\"https:\/\/watch-bandit.com\/#\/schema\/logo\/image\/\"}}]}<\/script>\n<!-- \/ Yoast SEO plugin. -->","yoast_head_json":{"title":"Audaz - Marine Master - ADZ-3000-02 - WATCHBANDIT","description":"Zelos Uhren bei WatchBandit kaufen \u2713 Trusted Shops Zertifiziert \u2713 Schweizer Automatik \u2713 Schnelle kostenlose Lieferung \u2713","robots":{"index":"noindex","follow":"follow","max-snippet":"max-snippet:-1","max-image-preview":"max-image-preview:large","max-video-preview":"max-video-preview:-1"},"og_locale":"de_DE","og_type":"article","og_title":"Audaz - Marine Master - ADZ-3000-02 - WATCHBANDIT","og_description":"Zelos Uhren bei WatchBandit kaufen \u2713 Trusted Shops Zertifiziert \u2713 Schweizer Automatik \u2713 Schnelle kostenlose Lieferung \u2713","og_url":"https:\/\/watch-bandit.com\/de\/produkt\/audaz-marine-master-adz-3000-02\/","og_site_name":"WATCHBANDIT","article_modified_time":"2025-10-31T18:54:00+00:00","og_image":[{"width":2560,"height":2560,"url":"https:\/\/watch-bandit.com\/wp-content\/uploads\/2025\/10\/Audaz-Marine-Master-ADZ-3000-02-scaled.webp","type":"image\/webp"}],"twitter_misc":{"Gesch\u00e4tzte Lesezeit":"1 Minute"},"schema":{"@context":"https:\/\/schema.org","@graph":[{"@type":"WebPage","@id":"https:\/\/watch-bandit.com\/de\/produkt\/audaz-marine-master-adz-3000-02\/","url":"https:\/\/watch-bandit.com\/de\/produkt\/audaz-marine-master-adz-3000-02\/","name":"Audaz - Marine Master - ADZ-3000-02 - WATCHBANDIT","isPartOf":{"@id":"https:\/\/watch-bandit.com\/#website"},"datePublished":"2025-10-20T10:41:57+00:00","dateModified":"2025-10-31T18:54:00+00:00","description":"Zelos Uhren bei WatchBandit kaufen \u2713 Trusted Shops Zertifiziert \u2713 Schweizer Automatik \u2713 Schnelle kostenlose Lieferung \u2713","breadcrumb":{"@id":"https:\/\/watch-bandit.com\/de\/produkt\/audaz-marine-master-adz-3000-02\/#breadcrumb"},"inLanguage":"de-DE","potentialAction":[{"@type":"ReadAction","target":["https:\/\/watch-bandit.com\/de\/produkt\/audaz-marine-master-adz-3000-02\/"]}]},{"@type":"BreadcrumbList","@id":"https:\/\/watch-bandit.com\/de\/produkt\/audaz-marine-master-adz-3000-02\/#breadcrumb","itemListElement":[{"@type":"ListItem","position":1,"name":"Home","item":"https:\/\/watchbandit.de\/"},{"@type":"ListItem","position":2,"name":"Shop","item":"https:\/\/watchbandit.de\/shop\/"},{"@type":"ListItem","position":3,"name":"Watches","item":"https:\/\/watch-bandit.com\/products\/watches\/"},{"@type":"ListItem","position":4,"name":"Audaz","item":"https:\/\/watch-bandit.com\/products\/watches\/audaz\/"},{"@type":"ListItem","position":5,"name":"Audaz Marine Master","item":"https:\/\/watch-bandit.com\/products\/watches\/audaz\/audaz-marine-master\/"},{"@type":"ListItem","position":6,"name":"Audaz &#8211; Marine Master &#8211; ADZ-3000-02"}]},{"@type":"WebSite","@id":"https:\/\/watch-bandit.com\/#website","url":"https:\/\/watch-bandit.com\/","name":"WATCHBANDIT","description":"Contemporary Wrist Accessories","publisher":{"@id":"https:\/\/watch-bandit.com\/#organization"},"potentialAction":[{"@type":"SearchAction","target":{"@type":"EntryPoint","urlTemplate":"https:\/\/watch-bandit.com\/?s={search_term_string}"},"query-input":"required name=search_term_string"}],"inLanguage":"de-DE"},{"@type":"Organization","@id":"https:\/\/watch-bandit.com\/#organization","name":"WatchBandit","url":"https:\/\/watch-bandit.com\/","logo":{"@type":"ImageObject","inLanguage":"de-DE","@id":"https:\/\/watch-bandit.com\/#\/schema\/logo\/image\/","url":"https:\/\/watchbandit.de\/wp-content\/uploads\/2017\/11\/WB_Logo_557x124.png","contentUrl":"https:\/\/watchbandit.de\/wp-content\/uploads\/2017\/11\/WB_Logo_557x124.png","width":557,"height":124,"caption":"WatchBandit"},"image":{"@id":"https:\/\/watch-bandit.com\/#\/schema\/logo\/image\/"}}]}},"_links":{"self":[{"href":"https:\/\/watch-bandit.com\/de\/wp-json\/wp\/v2\/product\/359562"}],"collection":[{"href":"https:\/\/watch-bandit.com\/de\/wp-json\/wp\/v2\/product"}],"about":[{"href":"https:\/\/watch-bandit.com\/de\/wp-json\/wp\/v2\/types\/product"}],"replies":[{"embeddable":true,"href":"https:\/\/watch-bandit.com\/de\/wp-json\/wp\/v2\/comments?post=359562"}],"wp:featuredmedia":[{"embeddable":true,"href":"https:\/\/watch-bandit.com\/de\/wp-json\/wp\/v2\/media\/359564"}],"wp:attachment":[{"href":"https:\/\/watch-bandit.com\/de\/wp-json\/wp\/v2\/media?parent=359562"}],"wp:term":[{"taxonomy":"product_cat","embeddable":true,"href":"https:\/\/watch-bandit.com\/de\/wp-json\/wp\/v2\/product_cat?post=359562"},{"taxonomy":"product_tag","embeddable":true,"href":"https:\/\/watch-bandit.com\/de\/wp-json\/wp\/v2\/product_tag?post=359562"}],"curies":[{"name":"wp","href":"https:\/\/api.w.org\/{rel}","templated":true}]}}