{"id":359822,"date":"2025-10-24T14:07:11","date_gmt":"2025-10-24T12:07:12","guid":{"rendered":"https:\/\/watchbandit.com\/?post_type=product&#038;p=359822"},"modified":"2025-10-24T14:20:41","modified_gmt":"2025-10-24T12:20:41","slug":"hanhart-pioneer-silva-rose-38-5-mm-milanaise","status":"publish","type":"product","link":"https:\/\/watch-bandit.com\/de\/produkt\/hanhart-pioneer-silva-rose-38-5-mm-milanaise\/","title":{"rendered":"Hanhart &#8211; PIONEER Silva &#8211; Ros\u00e9 &#8211; 38.5 mm &#8211; Milanaise"},"content":{"rendered":"<h2>PIONEER Silva \u2013 Schlichtheit aus Tradition<\/h2>\n<p>Die PIONEER Silva markiert eine R\u00fcckkehr zum Wesentlichen. Benannt nach dem lateinischen Wort \u201esilva\u201c \u2013 Wald \u2013 ist sie eine Hommage an Hanharts Schwarzw\u00e4lder Wurzeln und verk\u00f6rpert die Kernwerte der Marke: Schlichtheit, Pr\u00e4zision und zeitlosen Stil.<\/p>\n<p>Basierend auf einem Vintage-Modell des Hanhart Kalibers 36\/39 aus dem firmeneigenen Museum interpretiert die PIONEER Silva ein klassisches Mid-Century-Design mit moderner Raffinesse neu. Ihr 38,5 mm gro\u00dfes, poliertes Edelstahlgeh\u00e4use ist mit nur 10 mm H\u00f6he schlank und bietet Komfort und Vielseitigkeit. Das klare Zifferblatt mit historischen Elementen wie den Punktmarkierungen zwischen den Ziffern und dem traditionellen Hanhart-Logo bietet au\u00dfergew\u00f6hnliche Lesbarkeit und Vintage-Charme.<\/p>\n<p>Im Inneren schl\u00e4gt das zuverl\u00e4ssige SW 200 Automatikwerk von Sellita und bietet Schweizer Leistung mit 38 Stunden Gangreserve, Sekundenstoppfunktion und einem speziell skelettierten Hanhart-Rotor \u2013 alles sichtbar durch den Sichtboden.<\/p>\n<p>Ob mit einem weichen, schwarzen Kalbslederarmband mit Alcantara-Futter oder einem eleganten Milanaise-Armband \u2013 die PIONEER Silva bietet dezente Eleganz und Alltagstauglichkeit. Sie ist eine Uhr f\u00fcr alle, die zeitloses Design und mechanische Exzellenz suchen \u2013 mit Sorgfalt gefertigt, in der Stille des Waldes.<\/p>\n","protected":false},"excerpt":{"rendered":"<p>Inspiriert von einem historischen Hanhart-Modell und handgefertigt im Herzen des Schwarzwalds, vereint die PIONEER Silva zeitlose Eleganz mit Schweizer Pr\u00e4zision. Mit ihrem schlanken 38,5-mm-Geh\u00e4use, dem minimalistischen Zifferblatt und den raffinierten Details ist sie die perfekte Alltagsuhr f\u00fcr alle, die Wert auf Klarheit, Komfort und Tradition legen.<\/p>\n<p><strong>Uhrwerk<\/strong>: Automatisches Sellita SW200 mit 38 Stunden Gangreserve, 28.800 A\/h, 4 Hz, 26 Steinen, Rotor mit Hanhart-Logo<br \/>\n<strong>Geh\u00e4use<\/strong>: Polierter 316L-Edelstahl mit 38,5 mm Durchmesser, 44 mm Bandansto\u00df und nur 10 mm H\u00f6he, glatte L\u00fcnette mit roter Markierung, Krone mit historischem Hanhart-\u201eh\u201c, verschraubter Geh\u00e4useboden<br \/>\n<strong>Glas<\/strong>: Konvexes, innen entspiegeltes Saphirglas<br \/>\n<strong>Armband<\/strong>: 20 mm Milanaise Edelstahl<br \/>\n<strong>Wasserdichtigkeit<\/strong>: 10 ATM \/ 100 Meter \/ 10 Bar gem\u00e4\u00df DIN 8310<\/p>\n","protected":false},"featured_media":359838,"comment_status":"open","ping_status":"closed","template":"","meta":[],"product_cat":[4570,4623,37],"product_tag":[],"yoast_head":"<!-- This site is optimized with the Yoast SEO plugin v21.9 - https:\/\/yoast.com\/wordpress\/plugins\/seo\/ -->\n<title>Hanhart - PIONEER Silva - Ros\u00e9 - 38.5 mm - Milanaise - WATCHBANDIT<\/title>\n<meta name=\"description\" content=\"Hanhart Uhren bei WatchBandit kaufen \u2705 Autorisierter H\u00e4ndler \ud83c\udde9\ud83c\uddea Made in Germany \ud83c\udde9\ud83c\uddea Trusted Shops \u2705 Kostenlose Lieferung \u2705\" \/>\n<meta name=\"robots\" content=\"noindex, follow, max-snippet:-1, max-image-preview:large, max-video-preview:-1\" \/>\n<meta property=\"og:locale\" content=\"de_DE\" \/>\n<meta property=\"og:type\" content=\"article\" \/>\n<meta property=\"og:title\" content=\"Hanhart - PIONEER Silva - Ros\u00e9 - 38.5 mm - Milanaise - WATCHBANDIT\" \/>\n<meta property=\"og:description\" content=\"Hanhart Uhren bei WatchBandit kaufen \u2705 Autorisierter H\u00e4ndler \ud83c\udde9\ud83c\uddea Made in Germany \ud83c\udde9\ud83c\uddea Trusted Shops \u2705 Kostenlose Lieferung \u2705\" \/>\n<meta property=\"og:url\" content=\"https:\/\/watch-bandit.com\/de\/produkt\/hanhart-pioneer-silva-rose-38-5-mm-milanaise\/\" \/>\n<meta property=\"og:site_name\" content=\"WATCHBANDIT\" \/>\n<meta property=\"article:modified_time\" content=\"2025-10-24T12:20:41+00:00\" \/>\n<meta property=\"og:image\" content=\"https:\/\/watch-bandit.com\/wp-content\/uploads\/2025\/10\/Hanhart-PIONEER-Silva-Rose-38.5-mm-Milanaise-Mesh-bracelet.webp\" \/>\n\t<meta property=\"og:image:width\" content=\"1400\" \/>\n\t<meta property=\"og:image:height\" content=\"1400\" \/>\n\t<meta property=\"og:image:type\" content=\"image\/webp\" \/>\n<meta name=\"twitter:label1\" content=\"Gesch\u00e4tzte Lesezeit\" \/>\n\t<meta name=\"twitter:data1\" content=\"1 Minute\" \/>\n<script type=\"application\/ld+json\" class=\"yoast-schema-graph\">{\"@context\":\"https:\/\/schema.org\",\"@graph\":[{\"@type\":\"WebPage\",\"@id\":\"https:\/\/watch-bandit.com\/de\/produkt\/hanhart-pioneer-silva-rose-38-5-mm-milanaise\/\",\"url\":\"https:\/\/watch-bandit.com\/de\/produkt\/hanhart-pioneer-silva-rose-38-5-mm-milanaise\/\",\"name\":\"Hanhart - PIONEER Silva - Ros\u00e9 - 38.5 mm - Milanaise - WATCHBANDIT\",\"isPartOf\":{\"@id\":\"https:\/\/watch-bandit.com\/#website\"},\"datePublished\":\"2025-10-24T12:07:12+00:00\",\"dateModified\":\"2025-10-24T12:20:41+00:00\",\"description\":\"Hanhart Uhren bei WatchBandit kaufen \u2705 Autorisierter H\u00e4ndler \ud83c\udde9\ud83c\uddea Made in Germany \ud83c\udde9\ud83c\uddea Trusted Shops \u2705 Kostenlose Lieferung \u2705\",\"breadcrumb\":{\"@id\":\"https:\/\/watch-bandit.com\/de\/produkt\/hanhart-pioneer-silva-rose-38-5-mm-milanaise\/#breadcrumb\"},\"inLanguage\":\"de-DE\",\"potentialAction\":[{\"@type\":\"ReadAction\",\"target\":[\"https:\/\/watch-bandit.com\/de\/produkt\/hanhart-pioneer-silva-rose-38-5-mm-milanaise\/\"]}]},{\"@type\":\"BreadcrumbList\",\"@id\":\"https:\/\/watch-bandit.com\/de\/produkt\/hanhart-pioneer-silva-rose-38-5-mm-milanaise\/#breadcrumb\",\"itemListElement\":[{\"@type\":\"ListItem\",\"position\":1,\"name\":\"Home\",\"item\":\"https:\/\/watchbandit.de\/\"},{\"@type\":\"ListItem\",\"position\":2,\"name\":\"Shop\",\"item\":\"https:\/\/watchbandit.de\/shop\/\"},{\"@type\":\"ListItem\",\"position\":3,\"name\":\"Watches\",\"item\":\"https:\/\/watch-bandit.com\/products\/watches\/\"},{\"@type\":\"ListItem\",\"position\":4,\"name\":\"Hanhart &#8211; PIONEER Silva &#8211; Ros\u00e9 &#8211; 38.5 mm &#8211; Milanaise\"}]},{\"@type\":\"WebSite\",\"@id\":\"https:\/\/watch-bandit.com\/#website\",\"url\":\"https:\/\/watch-bandit.com\/\",\"name\":\"WATCHBANDIT\",\"description\":\"Contemporary Wrist Accessories\",\"publisher\":{\"@id\":\"https:\/\/watch-bandit.com\/#organization\"},\"potentialAction\":[{\"@type\":\"SearchAction\",\"target\":{\"@type\":\"EntryPoint\",\"urlTemplate\":\"https:\/\/watch-bandit.com\/?s={search_term_string}\"},\"query-input\":\"required name=search_term_string\"}],\"inLanguage\":\"de-DE\"},{\"@type\":\"Organization\",\"@id\":\"https:\/\/watch-bandit.com\/#organization\",\"name\":\"WatchBandit\",\"url\":\"https:\/\/watch-bandit.com\/\",\"logo\":{\"@type\":\"ImageObject\",\"inLanguage\":\"de-DE\",\"@id\":\"https:\/\/watch-bandit.com\/#\/schema\/logo\/image\/\",\"url\":\"https:\/\/watchbandit.de\/wp-content\/uploads\/2017\/11\/WB_Logo_557x124.png\",\"contentUrl\":\"https:\/\/watchbandit.de\/wp-content\/uploads\/2017\/11\/WB_Logo_557x124.png\",\"width\":557,\"height\":124,\"caption\":\"WatchBandit\"},\"image\":{\"@id\":\"https:\/\/watch-bandit.com\/#\/schema\/logo\/image\/\"}}]}<\/script>\n<!-- \/ Yoast SEO plugin. -->","yoast_head_json":{"title":"Hanhart - PIONEER Silva - Ros\u00e9 - 38.5 mm - Milanaise - WATCHBANDIT","description":"Hanhart Uhren bei WatchBandit kaufen \u2705 Autorisierter H\u00e4ndler \ud83c\udde9\ud83c\uddea Made in Germany \ud83c\udde9\ud83c\uddea Trusted Shops \u2705 Kostenlose Lieferung \u2705","robots":{"index":"noindex","follow":"follow","max-snippet":"max-snippet:-1","max-image-preview":"max-image-preview:large","max-video-preview":"max-video-preview:-1"},"og_locale":"de_DE","og_type":"article","og_title":"Hanhart - PIONEER Silva - Ros\u00e9 - 38.5 mm - Milanaise - WATCHBANDIT","og_description":"Hanhart Uhren bei WatchBandit kaufen \u2705 Autorisierter H\u00e4ndler \ud83c\udde9\ud83c\uddea Made in Germany \ud83c\udde9\ud83c\uddea Trusted Shops \u2705 Kostenlose Lieferung \u2705","og_url":"https:\/\/watch-bandit.com\/de\/produkt\/hanhart-pioneer-silva-rose-38-5-mm-milanaise\/","og_site_name":"WATCHBANDIT","article_modified_time":"2025-10-24T12:20:41+00:00","og_image":[{"width":1400,"height":1400,"url":"https:\/\/watch-bandit.com\/wp-content\/uploads\/2025\/10\/Hanhart-PIONEER-Silva-Rose-38.5-mm-Milanaise-Mesh-bracelet.webp","type":"image\/webp"}],"twitter_misc":{"Gesch\u00e4tzte Lesezeit":"1 Minute"},"schema":{"@context":"https:\/\/schema.org","@graph":[{"@type":"WebPage","@id":"https:\/\/watch-bandit.com\/de\/produkt\/hanhart-pioneer-silva-rose-38-5-mm-milanaise\/","url":"https:\/\/watch-bandit.com\/de\/produkt\/hanhart-pioneer-silva-rose-38-5-mm-milanaise\/","name":"Hanhart - PIONEER Silva - Ros\u00e9 - 38.5 mm - Milanaise - WATCHBANDIT","isPartOf":{"@id":"https:\/\/watch-bandit.com\/#website"},"datePublished":"2025-10-24T12:07:12+00:00","dateModified":"2025-10-24T12:20:41+00:00","description":"Hanhart Uhren bei WatchBandit kaufen \u2705 Autorisierter H\u00e4ndler \ud83c\udde9\ud83c\uddea Made in Germany \ud83c\udde9\ud83c\uddea Trusted Shops \u2705 Kostenlose Lieferung \u2705","breadcrumb":{"@id":"https:\/\/watch-bandit.com\/de\/produkt\/hanhart-pioneer-silva-rose-38-5-mm-milanaise\/#breadcrumb"},"inLanguage":"de-DE","potentialAction":[{"@type":"ReadAction","target":["https:\/\/watch-bandit.com\/de\/produkt\/hanhart-pioneer-silva-rose-38-5-mm-milanaise\/"]}]},{"@type":"BreadcrumbList","@id":"https:\/\/watch-bandit.com\/de\/produkt\/hanhart-pioneer-silva-rose-38-5-mm-milanaise\/#breadcrumb","itemListElement":[{"@type":"ListItem","position":1,"name":"Home","item":"https:\/\/watchbandit.de\/"},{"@type":"ListItem","position":2,"name":"Shop","item":"https:\/\/watchbandit.de\/shop\/"},{"@type":"ListItem","position":3,"name":"Watches","item":"https:\/\/watch-bandit.com\/products\/watches\/"},{"@type":"ListItem","position":4,"name":"Hanhart &#8211; PIONEER Silva &#8211; Ros\u00e9 &#8211; 38.5 mm &#8211; Milanaise"}]},{"@type":"WebSite","@id":"https:\/\/watch-bandit.com\/#website","url":"https:\/\/watch-bandit.com\/","name":"WATCHBANDIT","description":"Contemporary Wrist Accessories","publisher":{"@id":"https:\/\/watch-bandit.com\/#organization"},"potentialAction":[{"@type":"SearchAction","target":{"@type":"EntryPoint","urlTemplate":"https:\/\/watch-bandit.com\/?s={search_term_string}"},"query-input":"required name=search_term_string"}],"inLanguage":"de-DE"},{"@type":"Organization","@id":"https:\/\/watch-bandit.com\/#organization","name":"WatchBandit","url":"https:\/\/watch-bandit.com\/","logo":{"@type":"ImageObject","inLanguage":"de-DE","@id":"https:\/\/watch-bandit.com\/#\/schema\/logo\/image\/","url":"https:\/\/watchbandit.de\/wp-content\/uploads\/2017\/11\/WB_Logo_557x124.png","contentUrl":"https:\/\/watchbandit.de\/wp-content\/uploads\/2017\/11\/WB_Logo_557x124.png","width":557,"height":124,"caption":"WatchBandit"},"image":{"@id":"https:\/\/watch-bandit.com\/#\/schema\/logo\/image\/"}}]}},"_links":{"self":[{"href":"https:\/\/watch-bandit.com\/de\/wp-json\/wp\/v2\/product\/359822"}],"collection":[{"href":"https:\/\/watch-bandit.com\/de\/wp-json\/wp\/v2\/product"}],"about":[{"href":"https:\/\/watch-bandit.com\/de\/wp-json\/wp\/v2\/types\/product"}],"replies":[{"embeddable":true,"href":"https:\/\/watch-bandit.com\/de\/wp-json\/wp\/v2\/comments?post=359822"}],"wp:featuredmedia":[{"embeddable":true,"href":"https:\/\/watch-bandit.com\/de\/wp-json\/wp\/v2\/media\/359838"}],"wp:attachment":[{"href":"https:\/\/watch-bandit.com\/de\/wp-json\/wp\/v2\/media?parent=359822"}],"wp:term":[{"taxonomy":"product_cat","embeddable":true,"href":"https:\/\/watch-bandit.com\/de\/wp-json\/wp\/v2\/product_cat?post=359822"},{"taxonomy":"product_tag","embeddable":true,"href":"https:\/\/watch-bandit.com\/de\/wp-json\/wp\/v2\/product_tag?post=359822"}],"curies":[{"name":"wp","href":"https:\/\/api.w.org\/{rel}","templated":true}]}}