{"id":360062,"date":"2025-10-31T12:04:02","date_gmt":"2025-10-31T11:04:03","guid":{"rendered":"https:\/\/watchbandit.com\/?post_type=product&#038;p=360062"},"modified":"2025-10-31T12:07:02","modified_gmt":"2025-10-31T11:07:02","slug":"venezianico-redentore-36-diamond-1121521c","status":"publish","type":"product","link":"https:\/\/watch-bandit.com\/de\/produkt\/venezianico-redentore-36-diamond-1121521c\/","title":{"rendered":"Venezianico &#8211; Redentore 36 Diamond &#8211; 1121521C"},"content":{"rendered":"","protected":false},"excerpt":{"rendered":"<p>Die Redentore Diamanti ist eine raffinierte und vielseitige Uhr, die Damen und Herren gleicherma\u00dfen mit m\u00fcheloser Eleganz schmeichelt. Ihre eleganten Proportionen, gepaart mit dem Funkeln der Diamanten, machen sie zum perfekten Begleiter f\u00fcr jeden Anlass \u2013 vom B\u00fcroalltag bis zur Abendveranstaltung. Sie vereint Stil, Funktionalit\u00e4t und einen Hauch venezianischer Raffinesse und verleiht jedem Moment dezenten Luxus.<\/p>\n<p>Die zw\u00f6lf Diamanten auf dem Perlmuttzifferblatt sind im Labor gez\u00fcchtet und stellen eine ethische und nachhaltige Alternative zu abgebauten Steinen dar. Unter kontrollierten Bedingungen hergestellt, bieten sie dieselbe Sch\u00f6nheit und Reinheit bei minimaler Umweltbelastung und ohne das Risiko von Konflikten oder Ausbeutung.<\/p>\n<p>Das 36-mm-Geh\u00e4use ist eine Hommage an Palladios Basilica del Redentore und besticht durch harmonische neoklassizistische Proportionen sowie einen schraubenlosen Geh\u00e4useboden mit der eingravierten Basilika selbst \u2013 hervorgehoben durch ein subtiles radiales Satin-Finish. Unter allen Edelsteinen besitzen Diamanten eine einzigartige Kraft, zu fesseln und zu ber\u00fchren. Die Redentore Diamanti spiegelt unser st\u00e4ndiges Streben nach Sch\u00f6nheit wider und verk\u00f6rpert diese emotionale Verbundenheit in einer Uhr, die zug\u00e4nglich, zeitlos und unverwechselbar elegant ist.<\/p>\n<p><strong>Uhrwerk<\/strong>: Automatik Kaliber Seiko NH35A<br \/>\n<strong>Geh\u00e4use<\/strong>: Edelstahl 316L, 36 mm Durchmesser, Bandansto\u00df zu Bandansto\u00df 42,20 mm, Saphirglas mit Antireflexbeschichtung<br \/>\n<strong>Zifferblatt<\/strong>: Perlmutt, 12 Diamanten (0,14 Karat)<br \/>\n<strong>Wasserdichtigkeit<\/strong>: 3 ATM \/ 30 Meter<br \/>\n<strong>Armband<\/strong>: Canova-Metallarmband<\/p>\n","protected":false},"featured_media":360064,"comment_status":"open","ping_status":"closed","template":"","meta":[],"product_cat":[37,4080,4823],"product_tag":[],"yoast_head":"<!-- This site is optimized with the Yoast SEO plugin v21.9 - https:\/\/yoast.com\/wordpress\/plugins\/seo\/ -->\n<title>Venezianico - Redentore 36 Diamond - 1121521C - WATCHBANDIT<\/title>\n<meta name=\"description\" content=\"Venezianico bei WatchBandit kaufen \u2b50 Automatik Uhrwerk\u2b50 Kostenlose &amp; schnelle Lieferung \u2b50 TrustedShops zertifiziert \u2b50 Seit 2014\u2b50\" \/>\n<meta name=\"robots\" content=\"noindex, follow, max-snippet:-1, max-image-preview:large, max-video-preview:-1\" \/>\n<meta property=\"og:locale\" content=\"de_DE\" \/>\n<meta property=\"og:type\" content=\"article\" \/>\n<meta property=\"og:title\" content=\"Venezianico - Redentore 36 Diamond - 1121521C - WATCHBANDIT\" \/>\n<meta property=\"og:description\" content=\"Venezianico bei WatchBandit kaufen \u2b50 Automatik Uhrwerk\u2b50 Kostenlose &amp; schnelle Lieferung \u2b50 TrustedShops zertifiziert \u2b50 Seit 2014\u2b50\" \/>\n<meta property=\"og:url\" content=\"https:\/\/watch-bandit.com\/de\/produkt\/venezianico-redentore-36-diamond-1121521c\/\" \/>\n<meta property=\"og:site_name\" content=\"WATCHBANDIT\" \/>\n<meta property=\"article:modified_time\" content=\"2025-10-31T11:07:02+00:00\" \/>\n<meta property=\"og:image\" content=\"https:\/\/watch-bandit.com\/wp-content\/uploads\/2025\/10\/Venezianico-Redentore-36-Diamond-1121521C-.webp\" \/>\n\t<meta property=\"og:image:width\" content=\"1400\" \/>\n\t<meta property=\"og:image:height\" content=\"1700\" \/>\n\t<meta property=\"og:image:type\" content=\"image\/webp\" \/>\n<meta name=\"twitter:label1\" content=\"Gesch\u00e4tzte Lesezeit\" \/>\n\t<meta name=\"twitter:data1\" content=\"1 Minute\" \/>\n<script type=\"application\/ld+json\" class=\"yoast-schema-graph\">{\"@context\":\"https:\/\/schema.org\",\"@graph\":[{\"@type\":\"WebPage\",\"@id\":\"https:\/\/watch-bandit.com\/de\/produkt\/venezianico-redentore-36-diamond-1121521c\/\",\"url\":\"https:\/\/watch-bandit.com\/de\/produkt\/venezianico-redentore-36-diamond-1121521c\/\",\"name\":\"Venezianico - Redentore 36 Diamond - 1121521C - WATCHBANDIT\",\"isPartOf\":{\"@id\":\"https:\/\/watch-bandit.com\/#website\"},\"datePublished\":\"2025-10-31T11:04:03+00:00\",\"dateModified\":\"2025-10-31T11:07:02+00:00\",\"description\":\"Venezianico bei WatchBandit kaufen \u2b50 Automatik Uhrwerk\u2b50 Kostenlose & schnelle Lieferung \u2b50 TrustedShops zertifiziert \u2b50 Seit 2014\u2b50\",\"breadcrumb\":{\"@id\":\"https:\/\/watch-bandit.com\/de\/produkt\/venezianico-redentore-36-diamond-1121521c\/#breadcrumb\"},\"inLanguage\":\"de-DE\",\"potentialAction\":[{\"@type\":\"ReadAction\",\"target\":[\"https:\/\/watch-bandit.com\/de\/produkt\/venezianico-redentore-36-diamond-1121521c\/\"]}]},{\"@type\":\"BreadcrumbList\",\"@id\":\"https:\/\/watch-bandit.com\/de\/produkt\/venezianico-redentore-36-diamond-1121521c\/#breadcrumb\",\"itemListElement\":[{\"@type\":\"ListItem\",\"position\":1,\"name\":\"Home\",\"item\":\"https:\/\/watchbandit.de\/\"},{\"@type\":\"ListItem\",\"position\":2,\"name\":\"Shop\",\"item\":\"https:\/\/watchbandit.de\/shop\/\"},{\"@type\":\"ListItem\",\"position\":3,\"name\":\"Watches\",\"item\":\"https:\/\/watch-bandit.com\/products\/watches\/\"},{\"@type\":\"ListItem\",\"position\":4,\"name\":\"Venezianico &#8211; Redentore 36 Diamond &#8211; 1121521C\"}]},{\"@type\":\"WebSite\",\"@id\":\"https:\/\/watch-bandit.com\/#website\",\"url\":\"https:\/\/watch-bandit.com\/\",\"name\":\"WATCHBANDIT\",\"description\":\"Contemporary Wrist Accessories\",\"publisher\":{\"@id\":\"https:\/\/watch-bandit.com\/#organization\"},\"potentialAction\":[{\"@type\":\"SearchAction\",\"target\":{\"@type\":\"EntryPoint\",\"urlTemplate\":\"https:\/\/watch-bandit.com\/?s={search_term_string}\"},\"query-input\":\"required name=search_term_string\"}],\"inLanguage\":\"de-DE\"},{\"@type\":\"Organization\",\"@id\":\"https:\/\/watch-bandit.com\/#organization\",\"name\":\"WatchBandit\",\"url\":\"https:\/\/watch-bandit.com\/\",\"logo\":{\"@type\":\"ImageObject\",\"inLanguage\":\"de-DE\",\"@id\":\"https:\/\/watch-bandit.com\/#\/schema\/logo\/image\/\",\"url\":\"https:\/\/watchbandit.de\/wp-content\/uploads\/2017\/11\/WB_Logo_557x124.png\",\"contentUrl\":\"https:\/\/watchbandit.de\/wp-content\/uploads\/2017\/11\/WB_Logo_557x124.png\",\"width\":557,\"height\":124,\"caption\":\"WatchBandit\"},\"image\":{\"@id\":\"https:\/\/watch-bandit.com\/#\/schema\/logo\/image\/\"}}]}<\/script>\n<!-- \/ Yoast SEO plugin. -->","yoast_head_json":{"title":"Venezianico - Redentore 36 Diamond - 1121521C - WATCHBANDIT","description":"Venezianico bei WatchBandit kaufen \u2b50 Automatik Uhrwerk\u2b50 Kostenlose & schnelle Lieferung \u2b50 TrustedShops zertifiziert \u2b50 Seit 2014\u2b50","robots":{"index":"noindex","follow":"follow","max-snippet":"max-snippet:-1","max-image-preview":"max-image-preview:large","max-video-preview":"max-video-preview:-1"},"og_locale":"de_DE","og_type":"article","og_title":"Venezianico - Redentore 36 Diamond - 1121521C - WATCHBANDIT","og_description":"Venezianico bei WatchBandit kaufen \u2b50 Automatik Uhrwerk\u2b50 Kostenlose & schnelle Lieferung \u2b50 TrustedShops zertifiziert \u2b50 Seit 2014\u2b50","og_url":"https:\/\/watch-bandit.com\/de\/produkt\/venezianico-redentore-36-diamond-1121521c\/","og_site_name":"WATCHBANDIT","article_modified_time":"2025-10-31T11:07:02+00:00","og_image":[{"width":1400,"height":1700,"url":"https:\/\/watch-bandit.com\/wp-content\/uploads\/2025\/10\/Venezianico-Redentore-36-Diamond-1121521C-.webp","type":"image\/webp"}],"twitter_misc":{"Gesch\u00e4tzte Lesezeit":"1 Minute"},"schema":{"@context":"https:\/\/schema.org","@graph":[{"@type":"WebPage","@id":"https:\/\/watch-bandit.com\/de\/produkt\/venezianico-redentore-36-diamond-1121521c\/","url":"https:\/\/watch-bandit.com\/de\/produkt\/venezianico-redentore-36-diamond-1121521c\/","name":"Venezianico - Redentore 36 Diamond - 1121521C - WATCHBANDIT","isPartOf":{"@id":"https:\/\/watch-bandit.com\/#website"},"datePublished":"2025-10-31T11:04:03+00:00","dateModified":"2025-10-31T11:07:02+00:00","description":"Venezianico bei WatchBandit kaufen \u2b50 Automatik Uhrwerk\u2b50 Kostenlose & schnelle Lieferung \u2b50 TrustedShops zertifiziert \u2b50 Seit 2014\u2b50","breadcrumb":{"@id":"https:\/\/watch-bandit.com\/de\/produkt\/venezianico-redentore-36-diamond-1121521c\/#breadcrumb"},"inLanguage":"de-DE","potentialAction":[{"@type":"ReadAction","target":["https:\/\/watch-bandit.com\/de\/produkt\/venezianico-redentore-36-diamond-1121521c\/"]}]},{"@type":"BreadcrumbList","@id":"https:\/\/watch-bandit.com\/de\/produkt\/venezianico-redentore-36-diamond-1121521c\/#breadcrumb","itemListElement":[{"@type":"ListItem","position":1,"name":"Home","item":"https:\/\/watchbandit.de\/"},{"@type":"ListItem","position":2,"name":"Shop","item":"https:\/\/watchbandit.de\/shop\/"},{"@type":"ListItem","position":3,"name":"Watches","item":"https:\/\/watch-bandit.com\/products\/watches\/"},{"@type":"ListItem","position":4,"name":"Venezianico &#8211; Redentore 36 Diamond &#8211; 1121521C"}]},{"@type":"WebSite","@id":"https:\/\/watch-bandit.com\/#website","url":"https:\/\/watch-bandit.com\/","name":"WATCHBANDIT","description":"Contemporary Wrist Accessories","publisher":{"@id":"https:\/\/watch-bandit.com\/#organization"},"potentialAction":[{"@type":"SearchAction","target":{"@type":"EntryPoint","urlTemplate":"https:\/\/watch-bandit.com\/?s={search_term_string}"},"query-input":"required name=search_term_string"}],"inLanguage":"de-DE"},{"@type":"Organization","@id":"https:\/\/watch-bandit.com\/#organization","name":"WatchBandit","url":"https:\/\/watch-bandit.com\/","logo":{"@type":"ImageObject","inLanguage":"de-DE","@id":"https:\/\/watch-bandit.com\/#\/schema\/logo\/image\/","url":"https:\/\/watchbandit.de\/wp-content\/uploads\/2017\/11\/WB_Logo_557x124.png","contentUrl":"https:\/\/watchbandit.de\/wp-content\/uploads\/2017\/11\/WB_Logo_557x124.png","width":557,"height":124,"caption":"WatchBandit"},"image":{"@id":"https:\/\/watch-bandit.com\/#\/schema\/logo\/image\/"}}]}},"_links":{"self":[{"href":"https:\/\/watch-bandit.com\/de\/wp-json\/wp\/v2\/product\/360062"}],"collection":[{"href":"https:\/\/watch-bandit.com\/de\/wp-json\/wp\/v2\/product"}],"about":[{"href":"https:\/\/watch-bandit.com\/de\/wp-json\/wp\/v2\/types\/product"}],"replies":[{"embeddable":true,"href":"https:\/\/watch-bandit.com\/de\/wp-json\/wp\/v2\/comments?post=360062"}],"wp:featuredmedia":[{"embeddable":true,"href":"https:\/\/watch-bandit.com\/de\/wp-json\/wp\/v2\/media\/360064"}],"wp:attachment":[{"href":"https:\/\/watch-bandit.com\/de\/wp-json\/wp\/v2\/media?parent=360062"}],"wp:term":[{"taxonomy":"product_cat","embeddable":true,"href":"https:\/\/watch-bandit.com\/de\/wp-json\/wp\/v2\/product_cat?post=360062"},{"taxonomy":"product_tag","embeddable":true,"href":"https:\/\/watch-bandit.com\/de\/wp-json\/wp\/v2\/product_tag?post=360062"}],"curies":[{"name":"wp","href":"https:\/\/api.w.org\/{rel}","templated":true}]}}