{"id":360164,"date":"2025-10-31T13:13:17","date_gmt":"2025-10-31T12:13:18","guid":{"rendered":"https:\/\/watchbandit.com\/?post_type=product&#038;p=360164"},"modified":"2025-10-31T14:02:38","modified_gmt":"2025-10-31T13:02:38","slug":"venezianico-nereide-ametista-4521545-canova-edelstahlarmbandvenezianico-nereide-corallo-4521546-copy-copy","status":"publish","type":"product","link":"https:\/\/watch-bandit.com\/de\/produkt\/venezianico-nereide-ametista-4521545-canova-edelstahlarmbandvenezianico-nereide-corallo-4521546-copy-copy\/","title":{"rendered":"Venezianico &#8211; Nereide Ametista &#8211; 4521545 &#8211; Canova Edelstahlarmband"},"content":{"rendered":"<p><img loading=\"lazy\" decoding=\"async\" class=\"aligncenter size-full wp-image-360151\" src=\"https:\/\/watchbandit.de\/wp-content\/uploads\/2025\/10\/16_9_1e1aab9c-840a-4bcc-a11f-01e2ce2c6255.webp\" alt=\"\" width=\"2000\" height=\"1125\" srcset=\"https:\/\/watch-bandit.com\/wp-content\/uploads\/2025\/10\/16_9_1e1aab9c-840a-4bcc-a11f-01e2ce2c6255.webp 2000w, https:\/\/watch-bandit.com\/wp-content\/uploads\/2025\/10\/16_9_1e1aab9c-840a-4bcc-a11f-01e2ce2c6255-280x158.webp 280w, https:\/\/watch-bandit.com\/wp-content\/uploads\/2025\/10\/16_9_1e1aab9c-840a-4bcc-a11f-01e2ce2c6255-1400x788.webp 1400w\" sizes=\"(max-width: 2000px) 100vw, 2000px\" \/><\/p>\n","protected":false},"excerpt":{"rendered":"<p>Die Nereide Ametista zelebriert Venedigs historische Rolle als Knotenpunkt des Edelsteinhandels und der Kunstfertigkeit. Im Mittelalter gelangten Amethyste aus fernen L\u00e4ndern wie Indien und Persien nach Venedig und avancierten schnell zu einem der begehrtesten Steine \u200b\u200bin den venezianischen Werkst\u00e4tten \u2013 Symbole f\u00fcr Reichtum, Spiritualit\u00e4t und Eleganz. Ihr tiefviolettes, kristallines Zifferblatt spiegelt dieselbe Meisterschaft wider, die einst Rohsteine \u200b\u200bin Sch\u00e4tze f\u00fcr Adelige und Kaufleute verwandelte. Jedes Amethystzifferblatt, gefertigt durch Kaltschliff und Feinpolitur, offenbart subtile Variationen in Ton und Brillanz und macht so jedes St\u00fcck zu einem Unikat. Die Nereide Ametista zu tragen bedeutet mehr als nur die Zeit zu sch\u00e4tzen \u2013 es bedeutet, Jahrhunderte venezianischer Tradition zu leben. Jeder Blick auf das Handgelenk erinnert an die Sch\u00f6nheit alter Handelswege, die Handwerkskunst meisterhafter Kunsthandwerker und den zeitlosen Zauber dieses k\u00f6niglichen Edelsteins, der die Menschen seit jeher verzaubert.<\/p>\n<p><strong>Uhrwerk<\/strong>: Schweizer Kaliber. Sellita SW200-1 Automatik<br \/>\n<strong>Geh\u00e4use<\/strong>: Edelstahl 316L, \u00d8 42 mm, Bandansto\u00df zu Bandansto\u00df 49 mm, Saphirglas mit Antireflexbeschichtung, L\u00fcnette: Wolframeinsatz, 120 Klicks<br \/>\n<strong>Zifferblatt<\/strong>: Nat\u00fcrlicher Amethyst<br \/>\n<strong>Wasserdichtigkeit<\/strong>: 30 ATM \/ 300 Meter<br \/>\n<strong>Armband<\/strong>: Canova Edelstahlarmband, Mikroverstellbare Faltschlie\u00dfe<\/p>\n","protected":false},"featured_media":360166,"comment_status":"open","ping_status":"closed","template":"","meta":[],"product_cat":[37,4080,4821],"product_tag":[],"yoast_head":"<!-- This site is optimized with the Yoast SEO plugin v21.9 - https:\/\/yoast.com\/wordpress\/plugins\/seo\/ -->\n<title>Venezianico - Nereide Ametista - 4521545 - Canova Edelstahlarmband - WATCHBANDIT<\/title>\n<meta name=\"description\" content=\"Venezianico bei WatchBandit kaufen \u2b50 Automatik Uhrwerk\u2b50 Kostenlose &amp; schnelle Lieferung \u2b50 TrustedShops zertifiziert \u2b50 Seit 2014\u2b50\" \/>\n<meta name=\"robots\" content=\"noindex, follow, max-snippet:-1, max-image-preview:large, max-video-preview:-1\" \/>\n<meta property=\"og:locale\" content=\"de_DE\" \/>\n<meta property=\"og:type\" content=\"article\" \/>\n<meta property=\"og:title\" content=\"Venezianico - Nereide Ametista - 4521545 - Canova Edelstahlarmband - WATCHBANDIT\" \/>\n<meta property=\"og:description\" content=\"Venezianico bei WatchBandit kaufen \u2b50 Automatik Uhrwerk\u2b50 Kostenlose &amp; schnelle Lieferung \u2b50 TrustedShops zertifiziert \u2b50 Seit 2014\u2b50\" \/>\n<meta property=\"og:url\" content=\"https:\/\/watch-bandit.com\/de\/produkt\/venezianico-nereide-ametista-4521545-canova-edelstahlarmbandvenezianico-nereide-corallo-4521546-copy-copy\/\" \/>\n<meta property=\"og:site_name\" content=\"WATCHBANDIT\" \/>\n<meta property=\"article:modified_time\" content=\"2025-10-31T13:02:38+00:00\" \/>\n<meta property=\"og:image\" content=\"https:\/\/watch-bandit.com\/wp-content\/uploads\/2025\/10\/Nereide-Ametista-4521545-steel-bracelet.webp\" \/>\n\t<meta property=\"og:image:width\" content=\"1400\" \/>\n\t<meta property=\"og:image:height\" content=\"1700\" \/>\n\t<meta property=\"og:image:type\" content=\"image\/webp\" \/>\n<meta name=\"twitter:label1\" content=\"Gesch\u00e4tzte Lesezeit\" \/>\n\t<meta name=\"twitter:data1\" content=\"1 Minute\" \/>\n<script type=\"application\/ld+json\" class=\"yoast-schema-graph\">{\"@context\":\"https:\/\/schema.org\",\"@graph\":[{\"@type\":\"WebPage\",\"@id\":\"https:\/\/watch-bandit.com\/de\/produkt\/venezianico-nereide-ametista-4521545-canova-edelstahlarmbandvenezianico-nereide-corallo-4521546-copy-copy\/\",\"url\":\"https:\/\/watch-bandit.com\/de\/produkt\/venezianico-nereide-ametista-4521545-canova-edelstahlarmbandvenezianico-nereide-corallo-4521546-copy-copy\/\",\"name\":\"Venezianico - Nereide Ametista - 4521545 - Canova Edelstahlarmband - WATCHBANDIT\",\"isPartOf\":{\"@id\":\"https:\/\/watch-bandit.com\/#website\"},\"datePublished\":\"2025-10-31T12:13:18+00:00\",\"dateModified\":\"2025-10-31T13:02:38+00:00\",\"description\":\"Venezianico bei WatchBandit kaufen \u2b50 Automatik Uhrwerk\u2b50 Kostenlose & schnelle Lieferung \u2b50 TrustedShops zertifiziert \u2b50 Seit 2014\u2b50\",\"breadcrumb\":{\"@id\":\"https:\/\/watch-bandit.com\/de\/produkt\/venezianico-nereide-ametista-4521545-canova-edelstahlarmbandvenezianico-nereide-corallo-4521546-copy-copy\/#breadcrumb\"},\"inLanguage\":\"de-DE\",\"potentialAction\":[{\"@type\":\"ReadAction\",\"target\":[\"https:\/\/watch-bandit.com\/de\/produkt\/venezianico-nereide-ametista-4521545-canova-edelstahlarmbandvenezianico-nereide-corallo-4521546-copy-copy\/\"]}]},{\"@type\":\"BreadcrumbList\",\"@id\":\"https:\/\/watch-bandit.com\/de\/produkt\/venezianico-nereide-ametista-4521545-canova-edelstahlarmbandvenezianico-nereide-corallo-4521546-copy-copy\/#breadcrumb\",\"itemListElement\":[{\"@type\":\"ListItem\",\"position\":1,\"name\":\"Home\",\"item\":\"https:\/\/watchbandit.de\/\"},{\"@type\":\"ListItem\",\"position\":2,\"name\":\"Shop\",\"item\":\"https:\/\/watchbandit.de\/shop\/\"},{\"@type\":\"ListItem\",\"position\":3,\"name\":\"Watches\",\"item\":\"https:\/\/watch-bandit.com\/products\/watches\/\"},{\"@type\":\"ListItem\",\"position\":4,\"name\":\"Venezianico &#8211; Nereide Ametista &#8211; 4521545 &#8211; Canova Edelstahlarmband\"}]},{\"@type\":\"WebSite\",\"@id\":\"https:\/\/watch-bandit.com\/#website\",\"url\":\"https:\/\/watch-bandit.com\/\",\"name\":\"WATCHBANDIT\",\"description\":\"Contemporary Wrist Accessories\",\"publisher\":{\"@id\":\"https:\/\/watch-bandit.com\/#organization\"},\"potentialAction\":[{\"@type\":\"SearchAction\",\"target\":{\"@type\":\"EntryPoint\",\"urlTemplate\":\"https:\/\/watch-bandit.com\/?s={search_term_string}\"},\"query-input\":\"required name=search_term_string\"}],\"inLanguage\":\"de-DE\"},{\"@type\":\"Organization\",\"@id\":\"https:\/\/watch-bandit.com\/#organization\",\"name\":\"WatchBandit\",\"url\":\"https:\/\/watch-bandit.com\/\",\"logo\":{\"@type\":\"ImageObject\",\"inLanguage\":\"de-DE\",\"@id\":\"https:\/\/watch-bandit.com\/#\/schema\/logo\/image\/\",\"url\":\"https:\/\/watchbandit.de\/wp-content\/uploads\/2017\/11\/WB_Logo_557x124.png\",\"contentUrl\":\"https:\/\/watchbandit.de\/wp-content\/uploads\/2017\/11\/WB_Logo_557x124.png\",\"width\":557,\"height\":124,\"caption\":\"WatchBandit\"},\"image\":{\"@id\":\"https:\/\/watch-bandit.com\/#\/schema\/logo\/image\/\"}}]}<\/script>\n<!-- \/ Yoast SEO plugin. -->","yoast_head_json":{"title":"Venezianico - Nereide Ametista - 4521545 - Canova Edelstahlarmband - WATCHBANDIT","description":"Venezianico bei WatchBandit kaufen \u2b50 Automatik Uhrwerk\u2b50 Kostenlose & schnelle Lieferung \u2b50 TrustedShops zertifiziert \u2b50 Seit 2014\u2b50","robots":{"index":"noindex","follow":"follow","max-snippet":"max-snippet:-1","max-image-preview":"max-image-preview:large","max-video-preview":"max-video-preview:-1"},"og_locale":"de_DE","og_type":"article","og_title":"Venezianico - Nereide Ametista - 4521545 - Canova Edelstahlarmband - WATCHBANDIT","og_description":"Venezianico bei WatchBandit kaufen \u2b50 Automatik Uhrwerk\u2b50 Kostenlose & schnelle Lieferung \u2b50 TrustedShops zertifiziert \u2b50 Seit 2014\u2b50","og_url":"https:\/\/watch-bandit.com\/de\/produkt\/venezianico-nereide-ametista-4521545-canova-edelstahlarmbandvenezianico-nereide-corallo-4521546-copy-copy\/","og_site_name":"WATCHBANDIT","article_modified_time":"2025-10-31T13:02:38+00:00","og_image":[{"width":1400,"height":1700,"url":"https:\/\/watch-bandit.com\/wp-content\/uploads\/2025\/10\/Nereide-Ametista-4521545-steel-bracelet.webp","type":"image\/webp"}],"twitter_misc":{"Gesch\u00e4tzte Lesezeit":"1 Minute"},"schema":{"@context":"https:\/\/schema.org","@graph":[{"@type":"WebPage","@id":"https:\/\/watch-bandit.com\/de\/produkt\/venezianico-nereide-ametista-4521545-canova-edelstahlarmbandvenezianico-nereide-corallo-4521546-copy-copy\/","url":"https:\/\/watch-bandit.com\/de\/produkt\/venezianico-nereide-ametista-4521545-canova-edelstahlarmbandvenezianico-nereide-corallo-4521546-copy-copy\/","name":"Venezianico - Nereide Ametista - 4521545 - Canova Edelstahlarmband - WATCHBANDIT","isPartOf":{"@id":"https:\/\/watch-bandit.com\/#website"},"datePublished":"2025-10-31T12:13:18+00:00","dateModified":"2025-10-31T13:02:38+00:00","description":"Venezianico bei WatchBandit kaufen \u2b50 Automatik Uhrwerk\u2b50 Kostenlose & schnelle Lieferung \u2b50 TrustedShops zertifiziert \u2b50 Seit 2014\u2b50","breadcrumb":{"@id":"https:\/\/watch-bandit.com\/de\/produkt\/venezianico-nereide-ametista-4521545-canova-edelstahlarmbandvenezianico-nereide-corallo-4521546-copy-copy\/#breadcrumb"},"inLanguage":"de-DE","potentialAction":[{"@type":"ReadAction","target":["https:\/\/watch-bandit.com\/de\/produkt\/venezianico-nereide-ametista-4521545-canova-edelstahlarmbandvenezianico-nereide-corallo-4521546-copy-copy\/"]}]},{"@type":"BreadcrumbList","@id":"https:\/\/watch-bandit.com\/de\/produkt\/venezianico-nereide-ametista-4521545-canova-edelstahlarmbandvenezianico-nereide-corallo-4521546-copy-copy\/#breadcrumb","itemListElement":[{"@type":"ListItem","position":1,"name":"Home","item":"https:\/\/watchbandit.de\/"},{"@type":"ListItem","position":2,"name":"Shop","item":"https:\/\/watchbandit.de\/shop\/"},{"@type":"ListItem","position":3,"name":"Watches","item":"https:\/\/watch-bandit.com\/products\/watches\/"},{"@type":"ListItem","position":4,"name":"Venezianico &#8211; Nereide Ametista &#8211; 4521545 &#8211; Canova Edelstahlarmband"}]},{"@type":"WebSite","@id":"https:\/\/watch-bandit.com\/#website","url":"https:\/\/watch-bandit.com\/","name":"WATCHBANDIT","description":"Contemporary Wrist Accessories","publisher":{"@id":"https:\/\/watch-bandit.com\/#organization"},"potentialAction":[{"@type":"SearchAction","target":{"@type":"EntryPoint","urlTemplate":"https:\/\/watch-bandit.com\/?s={search_term_string}"},"query-input":"required name=search_term_string"}],"inLanguage":"de-DE"},{"@type":"Organization","@id":"https:\/\/watch-bandit.com\/#organization","name":"WatchBandit","url":"https:\/\/watch-bandit.com\/","logo":{"@type":"ImageObject","inLanguage":"de-DE","@id":"https:\/\/watch-bandit.com\/#\/schema\/logo\/image\/","url":"https:\/\/watchbandit.de\/wp-content\/uploads\/2017\/11\/WB_Logo_557x124.png","contentUrl":"https:\/\/watchbandit.de\/wp-content\/uploads\/2017\/11\/WB_Logo_557x124.png","width":557,"height":124,"caption":"WatchBandit"},"image":{"@id":"https:\/\/watch-bandit.com\/#\/schema\/logo\/image\/"}}]}},"_links":{"self":[{"href":"https:\/\/watch-bandit.com\/de\/wp-json\/wp\/v2\/product\/360164"}],"collection":[{"href":"https:\/\/watch-bandit.com\/de\/wp-json\/wp\/v2\/product"}],"about":[{"href":"https:\/\/watch-bandit.com\/de\/wp-json\/wp\/v2\/types\/product"}],"replies":[{"embeddable":true,"href":"https:\/\/watch-bandit.com\/de\/wp-json\/wp\/v2\/comments?post=360164"}],"wp:featuredmedia":[{"embeddable":true,"href":"https:\/\/watch-bandit.com\/de\/wp-json\/wp\/v2\/media\/360166"}],"wp:attachment":[{"href":"https:\/\/watch-bandit.com\/de\/wp-json\/wp\/v2\/media?parent=360164"}],"wp:term":[{"taxonomy":"product_cat","embeddable":true,"href":"https:\/\/watch-bandit.com\/de\/wp-json\/wp\/v2\/product_cat?post=360164"},{"taxonomy":"product_tag","embeddable":true,"href":"https:\/\/watch-bandit.com\/de\/wp-json\/wp\/v2\/product_tag?post=360164"}],"curies":[{"name":"wp","href":"https:\/\/api.w.org\/{rel}","templated":true}]}}