{"id":360260,"date":"2025-10-31T14:12:43","date_gmt":"2025-10-31T13:12:43","guid":{"rendered":"https:\/\/watchbandit.com\/?post_type=product&#038;p=360260"},"modified":"2025-10-31T14:16:27","modified_gmt":"2025-10-31T13:16:27","slug":"venezianico-nereide-bronzo-39-3121556-tropical-kautschukarmband","status":"publish","type":"product","link":"https:\/\/watch-bandit.com\/de\/produkt\/venezianico-nereide-bronzo-39-3121556-tropical-kautschukarmband\/","title":{"rendered":"Venezianico &#8211; Nereide Bronzo 39 &#8211; 3121556 &#8211; Tropical Kautschukarmband"},"content":{"rendered":"<p><img loading=\"lazy\" decoding=\"async\" class=\"aligncenter size-full wp-image-360262\" src=\"https:\/\/watchbandit.de\/wp-content\/uploads\/2025\/10\/16_9_Avventurina_3.webp\" alt=\"Nereide Bronzo white dial\" width=\"2200\" height=\"1237\" srcset=\"https:\/\/watch-bandit.com\/wp-content\/uploads\/2025\/10\/16_9_Avventurina_3.webp 2200w, https:\/\/watch-bandit.com\/wp-content\/uploads\/2025\/10\/16_9_Avventurina_3-280x157.webp 280w, https:\/\/watch-bandit.com\/wp-content\/uploads\/2025\/10\/16_9_Avventurina_3-1400x787.webp 1400w\" sizes=\"(max-width: 2200px) 100vw, 2200px\" \/><\/p>\n","protected":false},"excerpt":{"rendered":"<p>Die Nereide Bronzo zelebriert Venedigs Pracht und Handwerkskunst. Inspiriert von den legend\u00e4ren Markuspferden, Symbolen f\u00fcr Macht und Wohlstand, die den Markusdom seit dem 13. Jahrhundert schm\u00fccken, entwickelt die aus Bronze gefertigte Uhr mit der Zeit eine einzigartige Patina. So erh\u00e4lt jedes Exemplar seinen individuellen Charakter und vereint gleichzeitig Stil, Langlebigkeit und maritime Funktionalit\u00e4t. Der verschraubte Geh\u00e4useboden, graviert mit den vier ikonischen Pferden und veredelt mit sandgestrahlten und radial satinierten Oberfl\u00e4chen, sch\u00fctzt die Haut vor dem direkten Kontakt mit der Bronze und unterstreicht die venezianische Handwerkskunst. Das Lederarmband mit einer historischen lateinischen Inschrift aus dem Markusmosaik bekr\u00e4ftigt die tiefe Verbundenheit mit dem Erbe der Stadt. Mit einer Wasserdichtigkeit bis 300 Meter und vielf\u00e4ltigen Armbandoptionen vereint die Nereide Bronzo jahrhundertealte Tradition mit modernster Technik und bietet so einen Zeitmesser, der Geschichte und lebendige Kunst verk\u00f6rpert.<\/p>\n<p><strong>Uhrwerk<\/strong>: Automatik Kal. Miyota 9039<br \/>\n<strong>Geh\u00e4use<\/strong>: Bronze, \u00d8 39 mm, Bandansto\u00df zu Bandansto\u00df 45.5 mm, Saphirglas mit Antireflexbeschichtung, L\u00fcnette: Wolframeinsatz, 120 Klicks<br \/>\n<strong>Wasserdichtigkeit<\/strong>: 30 ATM \/ 300 Meter<br \/>\n<strong>Armband<\/strong>: Kautschukarmband, hergestellt in Italien<\/p>\n","protected":false},"featured_media":360264,"comment_status":"open","ping_status":"closed","template":"","meta":[],"product_cat":[37,4080,4821],"product_tag":[],"yoast_head":"<!-- This site is optimized with the Yoast SEO plugin v21.9 - https:\/\/yoast.com\/wordpress\/plugins\/seo\/ -->\n<title>Venezianico - Nereide Bronzo 39 - 3121556 - Tropical Kautschukarmband - WATCHBANDIT<\/title>\n<meta name=\"description\" content=\"Venezianico bei WatchBandit kaufen \u2b50 Automatik Uhrwerk\u2b50 Kostenlose &amp; schnelle Lieferung \u2b50 TrustedShops zertifiziert \u2b50 Seit 2014\u2b50\" \/>\n<meta name=\"robots\" content=\"noindex, follow, max-snippet:-1, max-image-preview:large, max-video-preview:-1\" \/>\n<meta property=\"og:locale\" content=\"de_DE\" \/>\n<meta property=\"og:type\" content=\"article\" \/>\n<meta property=\"og:title\" content=\"Venezianico - Nereide Bronzo 39 - 3121556 - Tropical Kautschukarmband - WATCHBANDIT\" \/>\n<meta property=\"og:description\" content=\"Venezianico bei WatchBandit kaufen \u2b50 Automatik Uhrwerk\u2b50 Kostenlose &amp; schnelle Lieferung \u2b50 TrustedShops zertifiziert \u2b50 Seit 2014\u2b50\" \/>\n<meta property=\"og:url\" content=\"https:\/\/watch-bandit.com\/de\/produkt\/venezianico-nereide-bronzo-39-3121556-tropical-kautschukarmband\/\" \/>\n<meta property=\"og:site_name\" content=\"WATCHBANDIT\" \/>\n<meta property=\"article:modified_time\" content=\"2025-10-31T13:16:27+00:00\" \/>\n<meta property=\"og:image\" content=\"https:\/\/watch-bandit.com\/wp-content\/uploads\/2025\/10\/Nereide-Bronzo-39-3121556-.webp\" \/>\n\t<meta property=\"og:image:width\" content=\"1400\" \/>\n\t<meta property=\"og:image:height\" content=\"1700\" \/>\n\t<meta property=\"og:image:type\" content=\"image\/webp\" \/>\n<meta name=\"twitter:label1\" content=\"Gesch\u00e4tzte Lesezeit\" \/>\n\t<meta name=\"twitter:data1\" content=\"1 Minute\" \/>\n<script type=\"application\/ld+json\" class=\"yoast-schema-graph\">{\"@context\":\"https:\/\/schema.org\",\"@graph\":[{\"@type\":\"WebPage\",\"@id\":\"https:\/\/watch-bandit.com\/de\/produkt\/venezianico-nereide-bronzo-39-3121556-tropical-kautschukarmband\/\",\"url\":\"https:\/\/watch-bandit.com\/de\/produkt\/venezianico-nereide-bronzo-39-3121556-tropical-kautschukarmband\/\",\"name\":\"Venezianico - Nereide Bronzo 39 - 3121556 - Tropical Kautschukarmband - WATCHBANDIT\",\"isPartOf\":{\"@id\":\"https:\/\/watch-bandit.com\/#website\"},\"datePublished\":\"2025-10-31T13:12:43+00:00\",\"dateModified\":\"2025-10-31T13:16:27+00:00\",\"description\":\"Venezianico bei WatchBandit kaufen \u2b50 Automatik Uhrwerk\u2b50 Kostenlose & schnelle Lieferung \u2b50 TrustedShops zertifiziert \u2b50 Seit 2014\u2b50\",\"breadcrumb\":{\"@id\":\"https:\/\/watch-bandit.com\/de\/produkt\/venezianico-nereide-bronzo-39-3121556-tropical-kautschukarmband\/#breadcrumb\"},\"inLanguage\":\"de-DE\",\"potentialAction\":[{\"@type\":\"ReadAction\",\"target\":[\"https:\/\/watch-bandit.com\/de\/produkt\/venezianico-nereide-bronzo-39-3121556-tropical-kautschukarmband\/\"]}]},{\"@type\":\"BreadcrumbList\",\"@id\":\"https:\/\/watch-bandit.com\/de\/produkt\/venezianico-nereide-bronzo-39-3121556-tropical-kautschukarmband\/#breadcrumb\",\"itemListElement\":[{\"@type\":\"ListItem\",\"position\":1,\"name\":\"Home\",\"item\":\"https:\/\/watchbandit.de\/\"},{\"@type\":\"ListItem\",\"position\":2,\"name\":\"Shop\",\"item\":\"https:\/\/watchbandit.de\/shop\/\"},{\"@type\":\"ListItem\",\"position\":3,\"name\":\"Watches\",\"item\":\"https:\/\/watch-bandit.com\/products\/watches\/\"},{\"@type\":\"ListItem\",\"position\":4,\"name\":\"Venezianico &#8211; Nereide Bronzo 39 &#8211; 3121556 &#8211; Tropical Kautschukarmband\"}]},{\"@type\":\"WebSite\",\"@id\":\"https:\/\/watch-bandit.com\/#website\",\"url\":\"https:\/\/watch-bandit.com\/\",\"name\":\"WATCHBANDIT\",\"description\":\"Contemporary Wrist Accessories\",\"publisher\":{\"@id\":\"https:\/\/watch-bandit.com\/#organization\"},\"potentialAction\":[{\"@type\":\"SearchAction\",\"target\":{\"@type\":\"EntryPoint\",\"urlTemplate\":\"https:\/\/watch-bandit.com\/?s={search_term_string}\"},\"query-input\":\"required name=search_term_string\"}],\"inLanguage\":\"de-DE\"},{\"@type\":\"Organization\",\"@id\":\"https:\/\/watch-bandit.com\/#organization\",\"name\":\"WatchBandit\",\"url\":\"https:\/\/watch-bandit.com\/\",\"logo\":{\"@type\":\"ImageObject\",\"inLanguage\":\"de-DE\",\"@id\":\"https:\/\/watch-bandit.com\/#\/schema\/logo\/image\/\",\"url\":\"https:\/\/watchbandit.de\/wp-content\/uploads\/2017\/11\/WB_Logo_557x124.png\",\"contentUrl\":\"https:\/\/watchbandit.de\/wp-content\/uploads\/2017\/11\/WB_Logo_557x124.png\",\"width\":557,\"height\":124,\"caption\":\"WatchBandit\"},\"image\":{\"@id\":\"https:\/\/watch-bandit.com\/#\/schema\/logo\/image\/\"}}]}<\/script>\n<!-- \/ Yoast SEO plugin. -->","yoast_head_json":{"title":"Venezianico - Nereide Bronzo 39 - 3121556 - Tropical Kautschukarmband - WATCHBANDIT","description":"Venezianico bei WatchBandit kaufen \u2b50 Automatik Uhrwerk\u2b50 Kostenlose & schnelle Lieferung \u2b50 TrustedShops zertifiziert \u2b50 Seit 2014\u2b50","robots":{"index":"noindex","follow":"follow","max-snippet":"max-snippet:-1","max-image-preview":"max-image-preview:large","max-video-preview":"max-video-preview:-1"},"og_locale":"de_DE","og_type":"article","og_title":"Venezianico - Nereide Bronzo 39 - 3121556 - Tropical Kautschukarmband - WATCHBANDIT","og_description":"Venezianico bei WatchBandit kaufen \u2b50 Automatik Uhrwerk\u2b50 Kostenlose & schnelle Lieferung \u2b50 TrustedShops zertifiziert \u2b50 Seit 2014\u2b50","og_url":"https:\/\/watch-bandit.com\/de\/produkt\/venezianico-nereide-bronzo-39-3121556-tropical-kautschukarmband\/","og_site_name":"WATCHBANDIT","article_modified_time":"2025-10-31T13:16:27+00:00","og_image":[{"width":1400,"height":1700,"url":"https:\/\/watch-bandit.com\/wp-content\/uploads\/2025\/10\/Nereide-Bronzo-39-3121556-.webp","type":"image\/webp"}],"twitter_misc":{"Gesch\u00e4tzte Lesezeit":"1 Minute"},"schema":{"@context":"https:\/\/schema.org","@graph":[{"@type":"WebPage","@id":"https:\/\/watch-bandit.com\/de\/produkt\/venezianico-nereide-bronzo-39-3121556-tropical-kautschukarmband\/","url":"https:\/\/watch-bandit.com\/de\/produkt\/venezianico-nereide-bronzo-39-3121556-tropical-kautschukarmband\/","name":"Venezianico - Nereide Bronzo 39 - 3121556 - Tropical Kautschukarmband - WATCHBANDIT","isPartOf":{"@id":"https:\/\/watch-bandit.com\/#website"},"datePublished":"2025-10-31T13:12:43+00:00","dateModified":"2025-10-31T13:16:27+00:00","description":"Venezianico bei WatchBandit kaufen \u2b50 Automatik Uhrwerk\u2b50 Kostenlose & schnelle Lieferung \u2b50 TrustedShops zertifiziert \u2b50 Seit 2014\u2b50","breadcrumb":{"@id":"https:\/\/watch-bandit.com\/de\/produkt\/venezianico-nereide-bronzo-39-3121556-tropical-kautschukarmband\/#breadcrumb"},"inLanguage":"de-DE","potentialAction":[{"@type":"ReadAction","target":["https:\/\/watch-bandit.com\/de\/produkt\/venezianico-nereide-bronzo-39-3121556-tropical-kautschukarmband\/"]}]},{"@type":"BreadcrumbList","@id":"https:\/\/watch-bandit.com\/de\/produkt\/venezianico-nereide-bronzo-39-3121556-tropical-kautschukarmband\/#breadcrumb","itemListElement":[{"@type":"ListItem","position":1,"name":"Home","item":"https:\/\/watchbandit.de\/"},{"@type":"ListItem","position":2,"name":"Shop","item":"https:\/\/watchbandit.de\/shop\/"},{"@type":"ListItem","position":3,"name":"Watches","item":"https:\/\/watch-bandit.com\/products\/watches\/"},{"@type":"ListItem","position":4,"name":"Venezianico &#8211; Nereide Bronzo 39 &#8211; 3121556 &#8211; Tropical Kautschukarmband"}]},{"@type":"WebSite","@id":"https:\/\/watch-bandit.com\/#website","url":"https:\/\/watch-bandit.com\/","name":"WATCHBANDIT","description":"Contemporary Wrist Accessories","publisher":{"@id":"https:\/\/watch-bandit.com\/#organization"},"potentialAction":[{"@type":"SearchAction","target":{"@type":"EntryPoint","urlTemplate":"https:\/\/watch-bandit.com\/?s={search_term_string}"},"query-input":"required name=search_term_string"}],"inLanguage":"de-DE"},{"@type":"Organization","@id":"https:\/\/watch-bandit.com\/#organization","name":"WatchBandit","url":"https:\/\/watch-bandit.com\/","logo":{"@type":"ImageObject","inLanguage":"de-DE","@id":"https:\/\/watch-bandit.com\/#\/schema\/logo\/image\/","url":"https:\/\/watchbandit.de\/wp-content\/uploads\/2017\/11\/WB_Logo_557x124.png","contentUrl":"https:\/\/watchbandit.de\/wp-content\/uploads\/2017\/11\/WB_Logo_557x124.png","width":557,"height":124,"caption":"WatchBandit"},"image":{"@id":"https:\/\/watch-bandit.com\/#\/schema\/logo\/image\/"}}]}},"_links":{"self":[{"href":"https:\/\/watch-bandit.com\/de\/wp-json\/wp\/v2\/product\/360260"}],"collection":[{"href":"https:\/\/watch-bandit.com\/de\/wp-json\/wp\/v2\/product"}],"about":[{"href":"https:\/\/watch-bandit.com\/de\/wp-json\/wp\/v2\/types\/product"}],"replies":[{"embeddable":true,"href":"https:\/\/watch-bandit.com\/de\/wp-json\/wp\/v2\/comments?post=360260"}],"wp:featuredmedia":[{"embeddable":true,"href":"https:\/\/watch-bandit.com\/de\/wp-json\/wp\/v2\/media\/360264"}],"wp:attachment":[{"href":"https:\/\/watch-bandit.com\/de\/wp-json\/wp\/v2\/media?parent=360260"}],"wp:term":[{"taxonomy":"product_cat","embeddable":true,"href":"https:\/\/watch-bandit.com\/de\/wp-json\/wp\/v2\/product_cat?post=360260"},{"taxonomy":"product_tag","embeddable":true,"href":"https:\/\/watch-bandit.com\/de\/wp-json\/wp\/v2\/product_tag?post=360260"}],"curies":[{"name":"wp","href":"https:\/\/api.w.org\/{rel}","templated":true}]}}