{"id":360328,"date":"2025-10-31T17:48:06","date_gmt":"2025-10-31T16:48:08","guid":{"rendered":"https:\/\/watchbandit.com\/?post_type=product&#038;p=360328"},"modified":"2025-10-31T17:56:41","modified_gmt":"2025-10-31T16:56:41","slug":"venezianico-nereide-bronzo-42-4521555-kautschukarmband-copy","status":"publish","type":"product","link":"https:\/\/watch-bandit.com\/de\/produkt\/venezianico-nereide-bronzo-42-4521555-kautschukarmband-copy\/","title":{"rendered":"Venezianico &#8211; Nereide 42 Titanio &#8211; 4521558"},"content":{"rendered":"<p><img loading=\"lazy\" decoding=\"async\" class=\"aligncenter size-full wp-image-360342\" src=\"https:\/\/watchbandit.de\/wp-content\/uploads\/2025\/10\/16_9_d6a4e438-8393-43ce-852a-af24f0ed5a74.webp\" alt=\"Venezianico - Nereide 42 Titanio - 4521558 lume\" width=\"2000\" height=\"1125\" srcset=\"https:\/\/watch-bandit.com\/wp-content\/uploads\/2025\/10\/16_9_d6a4e438-8393-43ce-852a-af24f0ed5a74.webp 2000w, https:\/\/watch-bandit.com\/wp-content\/uploads\/2025\/10\/16_9_d6a4e438-8393-43ce-852a-af24f0ed5a74-280x158.webp 280w, https:\/\/watch-bandit.com\/wp-content\/uploads\/2025\/10\/16_9_d6a4e438-8393-43ce-852a-af24f0ed5a74-1400x788.webp 1400w\" sizes=\"(max-width: 2000px) 100vw, 2000px\" \/><\/p>\n","protected":false},"excerpt":{"rendered":"<p>Inspiriert von der Atlas-Statue im Hof \u200b\u200bdes Dogenpalastes, zelebriert die Nereide Titanio die Harmonie von Kraft und Leichtigkeit. Gefertigt aus Titan Grad 2, bietet sie au\u00dfergew\u00f6hnliche St\u00e4rke, Korrosionsbest\u00e4ndigkeit und hypoallergenen Tragekomfort \u2013 und das alles in einem Geh\u00e4use mit einem Gewicht von nur 66 Gramm. Der gravierte Geh\u00e4useboden zeigt Atlas, der den Himmel tr\u00e4gt, eine Hommage an Ausdauer und Widerstandsf\u00e4higkeit, die durch eine Kombination aus sandgestrahlten, satinierten und polierten Oberfl\u00e4chen noch verst\u00e4rkt wird. Mit einer Wasserdichtigkeit bis 300 m und einem Hybridarmband aus wasserfester Textilfaser und FKM-Kautschuk ist diese Uhr vielseitig einsetzbar \u2013 vom Alltag bis zum Tauchabenteuer. Die Nereide Titanio verk\u00f6rpert den venezianischen Innovationsgeist \u2013 sie vereint Mythos, Handwerkskunst und modernste Materialtechnologie zu einem Zeitmesser, der St\u00e4rke und Eleganz ausstrahlt.<\/p>\n<p><strong>Uhrwerk<\/strong>: Schweizer Kaliber. Sellita SW200-1 Automatik<br \/>\n<strong>Geh\u00e4use<\/strong>: Titan, \u00d8 42 mm, Bandansto\u00df zu Bandansto\u00df 49 mm, Saphirglas mit Antireflexbeschichtung, L\u00fcnette: Titan mit Leuchtmasse, 120 Klicks<br \/>\n<strong>Wasserdichtigkeit<\/strong>: 30 ATM \/ 300 Meter<br \/>\n<strong>Armband<\/strong>: Kautschukarmband, hergestellt in Italien<\/p>\n","protected":false},"featured_media":360340,"comment_status":"open","ping_status":"closed","template":"","meta":[],"product_cat":[37,4080,4821],"product_tag":[],"yoast_head":"<!-- This site is optimized with the Yoast SEO plugin v21.9 - https:\/\/yoast.com\/wordpress\/plugins\/seo\/ -->\n<title>Venezianico - Nereide 42 Titanio - 4521558 - WATCHBANDIT<\/title>\n<meta name=\"description\" content=\"Venezianico bei WatchBandit kaufen \u2b50 Automatik Uhrwerk\u2b50 Kostenlose &amp; schnelle Lieferung \u2b50 TrustedShops zertifiziert \u2b50 Seit 2014\u2b50\" \/>\n<meta name=\"robots\" content=\"noindex, follow, max-snippet:-1, max-image-preview:large, max-video-preview:-1\" \/>\n<meta property=\"og:locale\" content=\"de_DE\" \/>\n<meta property=\"og:type\" content=\"article\" \/>\n<meta property=\"og:title\" content=\"Venezianico - Nereide 42 Titanio - 4521558 - WATCHBANDIT\" \/>\n<meta property=\"og:description\" content=\"Venezianico bei WatchBandit kaufen \u2b50 Automatik Uhrwerk\u2b50 Kostenlose &amp; schnelle Lieferung \u2b50 TrustedShops zertifiziert \u2b50 Seit 2014\u2b50\" \/>\n<meta property=\"og:url\" content=\"https:\/\/watch-bandit.com\/de\/produkt\/venezianico-nereide-bronzo-42-4521555-kautschukarmband-copy\/\" \/>\n<meta property=\"og:site_name\" content=\"WATCHBANDIT\" \/>\n<meta property=\"article:modified_time\" content=\"2025-10-31T16:56:41+00:00\" \/>\n<meta property=\"og:image\" content=\"https:\/\/watch-bandit.com\/wp-content\/uploads\/2025\/10\/Nereide-Titanio-4521558-.webp\" \/>\n\t<meta property=\"og:image:width\" content=\"1400\" \/>\n\t<meta property=\"og:image:height\" content=\"1700\" \/>\n\t<meta property=\"og:image:type\" content=\"image\/webp\" \/>\n<meta name=\"twitter:label1\" content=\"Gesch\u00e4tzte Lesezeit\" \/>\n\t<meta name=\"twitter:data1\" content=\"1 Minute\" \/>\n<script type=\"application\/ld+json\" class=\"yoast-schema-graph\">{\"@context\":\"https:\/\/schema.org\",\"@graph\":[{\"@type\":\"WebPage\",\"@id\":\"https:\/\/watch-bandit.com\/de\/produkt\/venezianico-nereide-bronzo-42-4521555-kautschukarmband-copy\/\",\"url\":\"https:\/\/watch-bandit.com\/de\/produkt\/venezianico-nereide-bronzo-42-4521555-kautschukarmband-copy\/\",\"name\":\"Venezianico - Nereide 42 Titanio - 4521558 - WATCHBANDIT\",\"isPartOf\":{\"@id\":\"https:\/\/watch-bandit.com\/#website\"},\"datePublished\":\"2025-10-31T16:48:08+00:00\",\"dateModified\":\"2025-10-31T16:56:41+00:00\",\"description\":\"Venezianico bei WatchBandit kaufen \u2b50 Automatik Uhrwerk\u2b50 Kostenlose & schnelle Lieferung \u2b50 TrustedShops zertifiziert \u2b50 Seit 2014\u2b50\",\"breadcrumb\":{\"@id\":\"https:\/\/watch-bandit.com\/de\/produkt\/venezianico-nereide-bronzo-42-4521555-kautschukarmband-copy\/#breadcrumb\"},\"inLanguage\":\"de-DE\",\"potentialAction\":[{\"@type\":\"ReadAction\",\"target\":[\"https:\/\/watch-bandit.com\/de\/produkt\/venezianico-nereide-bronzo-42-4521555-kautschukarmband-copy\/\"]}]},{\"@type\":\"BreadcrumbList\",\"@id\":\"https:\/\/watch-bandit.com\/de\/produkt\/venezianico-nereide-bronzo-42-4521555-kautschukarmband-copy\/#breadcrumb\",\"itemListElement\":[{\"@type\":\"ListItem\",\"position\":1,\"name\":\"Home\",\"item\":\"https:\/\/watchbandit.de\/\"},{\"@type\":\"ListItem\",\"position\":2,\"name\":\"Shop\",\"item\":\"https:\/\/watchbandit.de\/shop\/\"},{\"@type\":\"ListItem\",\"position\":3,\"name\":\"Watches\",\"item\":\"https:\/\/watch-bandit.com\/products\/watches\/\"},{\"@type\":\"ListItem\",\"position\":4,\"name\":\"Venezianico &#8211; Nereide 42 Titanio &#8211; 4521558\"}]},{\"@type\":\"WebSite\",\"@id\":\"https:\/\/watch-bandit.com\/#website\",\"url\":\"https:\/\/watch-bandit.com\/\",\"name\":\"WATCHBANDIT\",\"description\":\"Contemporary Wrist Accessories\",\"publisher\":{\"@id\":\"https:\/\/watch-bandit.com\/#organization\"},\"potentialAction\":[{\"@type\":\"SearchAction\",\"target\":{\"@type\":\"EntryPoint\",\"urlTemplate\":\"https:\/\/watch-bandit.com\/?s={search_term_string}\"},\"query-input\":\"required name=search_term_string\"}],\"inLanguage\":\"de-DE\"},{\"@type\":\"Organization\",\"@id\":\"https:\/\/watch-bandit.com\/#organization\",\"name\":\"WatchBandit\",\"url\":\"https:\/\/watch-bandit.com\/\",\"logo\":{\"@type\":\"ImageObject\",\"inLanguage\":\"de-DE\",\"@id\":\"https:\/\/watch-bandit.com\/#\/schema\/logo\/image\/\",\"url\":\"https:\/\/watchbandit.de\/wp-content\/uploads\/2017\/11\/WB_Logo_557x124.png\",\"contentUrl\":\"https:\/\/watchbandit.de\/wp-content\/uploads\/2017\/11\/WB_Logo_557x124.png\",\"width\":557,\"height\":124,\"caption\":\"WatchBandit\"},\"image\":{\"@id\":\"https:\/\/watch-bandit.com\/#\/schema\/logo\/image\/\"}}]}<\/script>\n<!-- \/ Yoast SEO plugin. -->","yoast_head_json":{"title":"Venezianico - Nereide 42 Titanio - 4521558 - WATCHBANDIT","description":"Venezianico bei WatchBandit kaufen \u2b50 Automatik Uhrwerk\u2b50 Kostenlose & schnelle Lieferung \u2b50 TrustedShops zertifiziert \u2b50 Seit 2014\u2b50","robots":{"index":"noindex","follow":"follow","max-snippet":"max-snippet:-1","max-image-preview":"max-image-preview:large","max-video-preview":"max-video-preview:-1"},"og_locale":"de_DE","og_type":"article","og_title":"Venezianico - Nereide 42 Titanio - 4521558 - WATCHBANDIT","og_description":"Venezianico bei WatchBandit kaufen \u2b50 Automatik Uhrwerk\u2b50 Kostenlose & schnelle Lieferung \u2b50 TrustedShops zertifiziert \u2b50 Seit 2014\u2b50","og_url":"https:\/\/watch-bandit.com\/de\/produkt\/venezianico-nereide-bronzo-42-4521555-kautschukarmband-copy\/","og_site_name":"WATCHBANDIT","article_modified_time":"2025-10-31T16:56:41+00:00","og_image":[{"width":1400,"height":1700,"url":"https:\/\/watch-bandit.com\/wp-content\/uploads\/2025\/10\/Nereide-Titanio-4521558-.webp","type":"image\/webp"}],"twitter_misc":{"Gesch\u00e4tzte Lesezeit":"1 Minute"},"schema":{"@context":"https:\/\/schema.org","@graph":[{"@type":"WebPage","@id":"https:\/\/watch-bandit.com\/de\/produkt\/venezianico-nereide-bronzo-42-4521555-kautschukarmband-copy\/","url":"https:\/\/watch-bandit.com\/de\/produkt\/venezianico-nereide-bronzo-42-4521555-kautschukarmband-copy\/","name":"Venezianico - Nereide 42 Titanio - 4521558 - WATCHBANDIT","isPartOf":{"@id":"https:\/\/watch-bandit.com\/#website"},"datePublished":"2025-10-31T16:48:08+00:00","dateModified":"2025-10-31T16:56:41+00:00","description":"Venezianico bei WatchBandit kaufen \u2b50 Automatik Uhrwerk\u2b50 Kostenlose & schnelle Lieferung \u2b50 TrustedShops zertifiziert \u2b50 Seit 2014\u2b50","breadcrumb":{"@id":"https:\/\/watch-bandit.com\/de\/produkt\/venezianico-nereide-bronzo-42-4521555-kautschukarmband-copy\/#breadcrumb"},"inLanguage":"de-DE","potentialAction":[{"@type":"ReadAction","target":["https:\/\/watch-bandit.com\/de\/produkt\/venezianico-nereide-bronzo-42-4521555-kautschukarmband-copy\/"]}]},{"@type":"BreadcrumbList","@id":"https:\/\/watch-bandit.com\/de\/produkt\/venezianico-nereide-bronzo-42-4521555-kautschukarmband-copy\/#breadcrumb","itemListElement":[{"@type":"ListItem","position":1,"name":"Home","item":"https:\/\/watchbandit.de\/"},{"@type":"ListItem","position":2,"name":"Shop","item":"https:\/\/watchbandit.de\/shop\/"},{"@type":"ListItem","position":3,"name":"Watches","item":"https:\/\/watch-bandit.com\/products\/watches\/"},{"@type":"ListItem","position":4,"name":"Venezianico &#8211; Nereide 42 Titanio &#8211; 4521558"}]},{"@type":"WebSite","@id":"https:\/\/watch-bandit.com\/#website","url":"https:\/\/watch-bandit.com\/","name":"WATCHBANDIT","description":"Contemporary Wrist Accessories","publisher":{"@id":"https:\/\/watch-bandit.com\/#organization"},"potentialAction":[{"@type":"SearchAction","target":{"@type":"EntryPoint","urlTemplate":"https:\/\/watch-bandit.com\/?s={search_term_string}"},"query-input":"required name=search_term_string"}],"inLanguage":"de-DE"},{"@type":"Organization","@id":"https:\/\/watch-bandit.com\/#organization","name":"WatchBandit","url":"https:\/\/watch-bandit.com\/","logo":{"@type":"ImageObject","inLanguage":"de-DE","@id":"https:\/\/watch-bandit.com\/#\/schema\/logo\/image\/","url":"https:\/\/watchbandit.de\/wp-content\/uploads\/2017\/11\/WB_Logo_557x124.png","contentUrl":"https:\/\/watchbandit.de\/wp-content\/uploads\/2017\/11\/WB_Logo_557x124.png","width":557,"height":124,"caption":"WatchBandit"},"image":{"@id":"https:\/\/watch-bandit.com\/#\/schema\/logo\/image\/"}}]}},"_links":{"self":[{"href":"https:\/\/watch-bandit.com\/de\/wp-json\/wp\/v2\/product\/360328"}],"collection":[{"href":"https:\/\/watch-bandit.com\/de\/wp-json\/wp\/v2\/product"}],"about":[{"href":"https:\/\/watch-bandit.com\/de\/wp-json\/wp\/v2\/types\/product"}],"replies":[{"embeddable":true,"href":"https:\/\/watch-bandit.com\/de\/wp-json\/wp\/v2\/comments?post=360328"}],"wp:featuredmedia":[{"embeddable":true,"href":"https:\/\/watch-bandit.com\/de\/wp-json\/wp\/v2\/media\/360340"}],"wp:attachment":[{"href":"https:\/\/watch-bandit.com\/de\/wp-json\/wp\/v2\/media?parent=360328"}],"wp:term":[{"taxonomy":"product_cat","embeddable":true,"href":"https:\/\/watch-bandit.com\/de\/wp-json\/wp\/v2\/product_cat?post=360328"},{"taxonomy":"product_tag","embeddable":true,"href":"https:\/\/watch-bandit.com\/de\/wp-json\/wp\/v2\/product_tag?post=360328"}],"curies":[{"name":"wp","href":"https:\/\/api.w.org\/{rel}","templated":true}]}}